{"id":1000,"date":"2018-07-01T21:14:04","date_gmt":"2018-07-02T02:14:04","guid":{"rendered":"http:\/\/www.studio303.ca\/studio-rental\/production-independante\/"},"modified":"2026-01-20T11:58:54","modified_gmt":"2026-01-20T15:58:54","slug":"independent-production","status":"publish","type":"page","link":"https:\/\/www.studio303.ca\/en\/studio-rental\/independent-production\/","title":{"rendered":"Independent Productions"},"content":{"rendered":"\n<div class=\"wp-block-buttons section_buttons is-layout-flex wp-block-buttons-is-layout-flex\">\n<div class=\"wp-block-button\"><a class=\"wp-block-button__link wp-element-button\" href=\"https:\/\/www.studio303.ca\/en\/studio-rental\/\">Studio Only<\/a><\/div>\n\n\n\n<div class=\"wp-block-button active_section\"><a class=\"wp-block-button__link wp-element-button\">Independent Productions<\/a><\/div>\n<\/div>\n\n\n\n<p>Studio 303 welcomes at all times independent productions, a format that gives artistes the opportunity to self-produce their own show in our space. Even though we are a studio, Studio 303 can be transformed into a performative venue. We have at our disposal black curtains, risers, benches and cushions, plus a sound system, lighting, and a ceiling-mounted video projector \u2014 all in a DIY vibe.<\/p>\n\n\n\n<p>Independent productions usually happen on weekends, ideally over 2 consecutive nights.<\/p>\n\n\n\n<p>This format, designed for intimate and experimental presentations, is meant to be affordable for artistes who would like to self-produce. Studio 303 is located on the 3rd floor of the Belgo building, which has an elevator, at the corner of the de Bleury and Saint-Catherine (see the Accessibility section for more information)<\/p>\n\n\n\n<div class=\"wp-block-columns is-layout-flex wp-container-core-columns-is-layout-28f84493 wp-block-columns-is-layout-flex\">\n<div class=\"wp-block-column is-layout-flow wp-block-column-is-layout-flow\"><h3 class=\"wp-block-heading has-roboto-font-family\" id=\"description\">Description<\/h3>\n\n\n<p>1800 sq. ft.: 48.2\u2019x 37.4\u2032 \/ Height: 10.2\u2032<\/p>\n\n\n\n<p>\u21fe Fully sprung hardwood floors<br>\u21fe 10 large windows facing south and west<br>\u21fe Sound System (1 mixer, 4 speakers)<br>\u21fe Mini-stereo<br>\u21fe Wifi<br>\u21fe Air conditioning in summer<br>\u21fe 20 folding chairs<br>\u21fe Benches (53 places), pillows (28 places)<br>\u21fe 1 cocktail table (2 &#8216;x 2&#8217;), 2 wooden tables (2.5 &#8216;x 4&#8217;), 1 folding plastic table (2.5\u2019 x 6\u2019)<br>\u21fe Tracking black theatre curtains<br>\u21fe Vintage Bar<br>\u21fe Unisex dressing room with mirrors and no shower<\/p>\n\n\n\n<p><a href=\"https:\/\/studio303.ca\/wp-content\/uploads\/2021\/04\/TechInventory-FR_EN-2021.pdf\">Studio floor plan and technical inventory<\/a><\/p>\n<\/div>\n\n\n\n<div class=\"wp-block-column is-layout-flow wp-block-column-is-layout-flow\"><\/div>\n<\/div>\n\n\n<h3 class=\"wp-block-heading has-roboto-font-family\" id=\"rates\">Rates<\/h3>\n\n\n<p>Rate for reference (exact amount will be confirmed with the Technical Director based on your needs)<\/p>\n\n\n\n<div class=\"wp-block-columns is-not-stacked-on-mobile is-layout-flex wp-container-core-columns-is-layout-28f84493 wp-block-columns-is-layout-flex\">\n<div class=\"wp-block-column is-layout-flow wp-block-column-is-layout-flow\">\n<p>Independent Productions Rental (includes setup, show, and takedown)<\/p>\n<\/div>\n\n\n\n<div class=\"wp-block-column is-layout-flow wp-block-column-is-layout-flow\">\n<p><strong>Under 6h<\/strong><br>$400 \/day<\/p>\n<\/div>\n\n\n\n<div class=\"wp-block-column is-layout-flow wp-block-column-is-layout-flow\">\n<p><strong>6h<\/strong><br>$450 \/day<\/p>\n<\/div>\n\n\n\n<div class=\"wp-block-column is-layout-flow wp-block-column-is-layout-flow\">\n<p><strong>8h<\/strong><br>$500 \/day<\/p>\n<\/div>\n<\/div>\n\n\n\n<hr class=\"wp-block-separator has-alpha-channel-opacity location-separateur\"\/>\n\n\n\n<div class=\"wp-block-columns is-not-stacked-on-mobile is-layout-flex wp-container-core-columns-is-layout-28f84493 wp-block-columns-is-layout-flex\">\n<div class=\"wp-block-column is-layout-flow wp-block-column-is-layout-flow\">\n<p>Technical supervision<\/p>\n<\/div>\n\n\n\n<div class=\"wp-block-column is-layout-flow wp-block-column-is-layout-flow\">\n<p><strong>required for the entire rental period<\/strong><br>$35 \/hr<\/p>\n<\/div>\n\n\n\n<div class=\"wp-block-column is-layout-flow wp-block-column-is-layout-flow\">\n<p><\/p>\n<\/div>\n\n\n\n<div class=\"wp-block-column is-layout-flow wp-block-column-is-layout-flow\">\n<p><\/p>\n<\/div>\n<\/div>\n\n\n\n<hr class=\"wp-block-separator has-alpha-channel-opacity location-separateur\"\/>\n\n\n\n<div class=\"wp-block-columns is-not-stacked-on-mobile is-layout-flex wp-container-core-columns-is-layout-28f84493 wp-block-columns-is-layout-flex\">\n<div class=\"wp-block-column is-layout-flow wp-block-column-is-layout-flow\">\n<p>Extras<\/p>\n<\/div>\n\n\n\n<div class=\"wp-block-column is-layout-flow wp-block-column-is-layout-flow\">\n<p><strong>Lighting Design<\/strong><br>$150<\/p>\n<\/div>\n\n\n\n<div class=\"wp-block-column is-layout-flow wp-block-column-is-layout-flow\">\n<p><strong>or adaptation of existing plans<\/strong><br>$50<\/p>\n<\/div>\n\n\n\n<div class=\"wp-block-column is-layout-flow wp-block-column-is-layout-flow\">\n<p><strong>Operator (lighting, sound, or video)<\/strong><br>$35 \/hr 3h minimum<\/p>\n<\/div>\n<\/div>\n\n\n\n<div class=\"wp-block-columns is-layout-flex wp-container-core-columns-is-layout-28f84493 wp-block-columns-is-layout-flex\">\n<div class=\"wp-block-column is-layout-flow wp-block-column-is-layout-flow\"><h3 class=\"wp-block-heading has-roboto-font-family\" id=\"included\">Included<\/h3>\n\n\n<p>\u21fe Exclusive access to our studio and adjacent changing room and access to a public bathroom<br>\u21fe A technician &amp; production support included.<\/p>\n<\/div>\n\n\n\n<div class=\"wp-block-column is-layout-flow wp-block-column-is-layout-flow\"><h3 class=\"wp-block-heading has-roboto-font-family\" id=\"not-included\">Not Included<\/h3>\n\n\n<p>\u21fe Additional staff (additional technicians, additional staff at the box office, etc.)<br>\u21fe Alcohol permit (40$ for one night, 50$ for 2 nights)<br>\u21fe Security at the door during afterhours (after 8pm on fridays and 6pm on weekends)<\/p>\n<\/div>\n<\/div>\n\n\n<h3 class=\"wp-block-heading has-roboto-font-family\" id=\"equipment-included\">Equipment Included<\/h3>\n\n\n<p>\u21fe Professional sound console<br>\u21fe 2 microphones + stands<br>\u21fe Ceiling mounted video projector Christie 5000 lumens*<br>\u21fe Mobile video projector EPSON<br>\u21fe Professional lighting system (console + lamps)<\/p>\n\n\n\n<p>* To change the projector&#8217;s orientation, technician fees apply. It is possible to bring certain equipments rented from the outside of the studio.<\/p>\n\n\n<h3 class=\"wp-block-heading has-roboto-font-family\" id=\"insurance\">Insurance<\/h3>\n\n\n<p>\u21fe Insurance is mandatory for all independent productions. It is the tenants responsibility to acquire insurance for their production.<\/p>\n\n\n<h3 class=\"wp-block-heading has-roboto-font-family\" id=\"images\">Images<\/h3>\n\n\n<figure class=\"wp-block-gallery has-nested-images columns-2 is-cropped location-gallerie wp-block-gallery-1 is-layout-flex wp-block-gallery-is-layout-flex\">\n<figure class=\"wp-block-image size-large\"><img loading=\"lazy\" decoding=\"async\" width=\"1024\" height=\"683\" data-id=\"30588\" src=\"https:\/\/www.studio303.ca\/wp-content\/uploads\/2025\/10\/49341143192_63680cfa4b_o-1024x683.jpg\" alt=\"\" class=\"wp-image-30588\" srcset=\"https:\/\/www.studio303.ca\/wp-content\/uploads\/2025\/10\/49341143192_63680cfa4b_o-1024x683.jpg 1024w, https:\/\/www.studio303.ca\/wp-content\/uploads\/2025\/10\/49341143192_63680cfa4b_o-300x200.jpg 300w, https:\/\/www.studio303.ca\/wp-content\/uploads\/2025\/10\/49341143192_63680cfa4b_o-768x512.jpg 768w, https:\/\/www.studio303.ca\/wp-content\/uploads\/2025\/10\/49341143192_63680cfa4b_o.jpg 1200w\" sizes=\"auto, (max-width: 1024px) 100vw, 1024px\" \/><\/figure>\n\n\n\n<figure class=\"wp-block-image size-large\"><img loading=\"lazy\" decoding=\"async\" width=\"1024\" height=\"683\" data-id=\"2077\" src=\"https:\/\/www.studio303.ca\/wp-content\/uploads\/2018\/07\/40803807541_7e5e0cf7b4_o-1024x683.jpg\" alt=\"\" class=\"wp-image-2077\" srcset=\"https:\/\/www.studio303.ca\/wp-content\/uploads\/2018\/07\/40803807541_7e5e0cf7b4_o-1024x683.jpg 1024w, https:\/\/www.studio303.ca\/wp-content\/uploads\/2018\/07\/40803807541_7e5e0cf7b4_o-300x200.jpg 300w, https:\/\/www.studio303.ca\/wp-content\/uploads\/2018\/07\/40803807541_7e5e0cf7b4_o-768x512.jpg 768w, https:\/\/www.studio303.ca\/wp-content\/uploads\/2018\/07\/40803807541_7e5e0cf7b4_o-100x67.jpg 100w, https:\/\/www.studio303.ca\/wp-content\/uploads\/2018\/07\/40803807541_7e5e0cf7b4_o-1056x704.jpg 1056w, https:\/\/www.studio303.ca\/wp-content\/uploads\/2018\/07\/40803807541_7e5e0cf7b4_o.jpg 1200w\" sizes=\"auto, (max-width: 1024px) 100vw, 1024px\" \/><\/figure>\n\n\n\n<figure class=\"wp-block-image size-large\"><img loading=\"lazy\" decoding=\"async\" width=\"1024\" height=\"683\" data-id=\"30590\" src=\"https:\/\/www.studio303.ca\/wp-content\/uploads\/2025\/10\/53068408709_a4a9297033_o-scaled-1-1024x683.jpg\" alt=\"\" class=\"wp-image-30590\" srcset=\"https:\/\/www.studio303.ca\/wp-content\/uploads\/2025\/10\/53068408709_a4a9297033_o-scaled-1-1024x683.jpg 1024w, https:\/\/www.studio303.ca\/wp-content\/uploads\/2025\/10\/53068408709_a4a9297033_o-scaled-1-300x200.jpg 300w, https:\/\/www.studio303.ca\/wp-content\/uploads\/2025\/10\/53068408709_a4a9297033_o-scaled-1-768x512.jpg 768w, https:\/\/www.studio303.ca\/wp-content\/uploads\/2025\/10\/53068408709_a4a9297033_o-scaled-1-1536x1024.jpg 1536w, https:\/\/www.studio303.ca\/wp-content\/uploads\/2025\/10\/53068408709_a4a9297033_o-scaled-1-2048x1366.jpg 2048w\" sizes=\"auto, (max-width: 1024px) 100vw, 1024px\" \/><\/figure>\n\n\n\n<figure class=\"wp-block-image size-large\"><img loading=\"lazy\" decoding=\"async\" width=\"1024\" height=\"683\" data-id=\"30592\" src=\"https:\/\/www.studio303.ca\/wp-content\/uploads\/2025\/10\/26685375_1664547336925367_6095170105741873826_o-1024x683.jpg\" alt=\"\" class=\"wp-image-30592\" srcset=\"https:\/\/www.studio303.ca\/wp-content\/uploads\/2025\/10\/26685375_1664547336925367_6095170105741873826_o-1024x683.jpg 1024w, https:\/\/www.studio303.ca\/wp-content\/uploads\/2025\/10\/26685375_1664547336925367_6095170105741873826_o-300x200.jpg 300w, https:\/\/www.studio303.ca\/wp-content\/uploads\/2025\/10\/26685375_1664547336925367_6095170105741873826_o-768x512.jpg 768w, https:\/\/www.studio303.ca\/wp-content\/uploads\/2025\/10\/26685375_1664547336925367_6095170105741873826_o.jpg 1050w\" sizes=\"auto, (max-width: 1024px) 100vw, 1024px\" \/><\/figure>\n<\/figure>\n","protected":false},"excerpt":{"rendered":"<p>Studio 303 welcomes at all times independent productions, a format that gives artistes the opportunity to self-produce their own show in our space. Even though we are a studio, Studio 303 can be transformed into a performative venue. We have at our disposal black curtains, risers, benches and cushions, plus a sound system, lighting, and [&hellip;]<\/p>\n","protected":false},"author":1,"featured_media":0,"parent":318,"menu_order":194,"comment_status":"closed","ping_status":"closed","template":"","meta":{"_acf_changed":false,"inline_featured_image":false,"_exactmetrics_skip_tracking":false,"_exactmetrics_sitenote_active":false,"_exactmetrics_sitenote_note":"","_exactmetrics_sitenote_category":0,"_themeisle_gutenberg_block_has_review":false,"footnotes":""},"class_list":["post-1000","page","type-page","status-publish","hentry"],"acf":[],"yoast_head":"<!-- This site is optimized with the Yoast SEO plugin v27.3 - https:\/\/yoast.com\/product\/yoast-seo-wordpress\/ -->\n<title>Independent Productions - Studio 303<\/title>\n<meta name=\"robots\" content=\"index, follow, max-snippet:-1, max-image-preview:large, max-video-preview:-1\" \/>\n<link rel=\"canonical\" href=\"https:\/\/www.studio303.ca\/en\/studio-rental\/independent-production\/\" \/>\n<meta property=\"og:locale\" content=\"en_US\" \/>\n<meta property=\"og:type\" content=\"article\" \/>\n<meta property=\"og:title\" content=\"Independent Productions - Studio 303\" \/>\n<meta property=\"og:description\" content=\"Studio 303 welcomes at all times independent productions, a format that gives artistes the opportunity to self-produce their own show in our space. Even though we are a studio, Studio 303 can be transformed into a performative venue. We have at our disposal black curtains, risers, benches and cushions, plus a sound system, lighting, and [&hellip;]\" \/>\n<meta property=\"og:url\" content=\"https:\/\/www.studio303.ca\/en\/studio-rental\/independent-production\/\" \/>\n<meta property=\"og:site_name\" content=\"Studio 303\" \/>\n<meta property=\"article:publisher\" content=\"https:\/\/www.facebook.com\/studio303.montreal\" \/>\n<meta property=\"article:modified_time\" content=\"2026-01-20T15:58:54+00:00\" \/>\n<meta property=\"og:image\" content=\"https:\/\/www.studio303.ca\/wp-content\/uploads\/2025\/10\/49341143192_63680cfa4b_o.jpg\" \/>\n\t<meta property=\"og:image:width\" content=\"1200\" \/>\n\t<meta property=\"og:image:height\" content=\"800\" \/>\n\t<meta property=\"og:image:type\" content=\"image\/jpeg\" \/>\n<meta name=\"twitter:card\" content=\"summary_large_image\" \/>\n<meta name=\"twitter:label1\" content=\"Est. reading time\" \/>\n\t<meta name=\"twitter:data1\" content=\"3 minutes\" \/>\n<script type=\"application\/ld+json\" class=\"yoast-schema-graph\">{\"@context\":\"https:\\\/\\\/schema.org\",\"@graph\":[{\"@type\":\"WebPage\",\"@id\":\"https:\\\/\\\/www.studio303.ca\\\/en\\\/studio-rental\\\/independent-production\\\/\",\"url\":\"https:\\\/\\\/www.studio303.ca\\\/en\\\/studio-rental\\\/independent-production\\\/\",\"name\":\"Independent Productions - Studio 303\",\"isPartOf\":{\"@id\":\"https:\\\/\\\/www.studio303.ca\\\/#website\"},\"primaryImageOfPage\":{\"@id\":\"https:\\\/\\\/www.studio303.ca\\\/en\\\/studio-rental\\\/independent-production\\\/#primaryimage\"},\"image\":{\"@id\":\"https:\\\/\\\/www.studio303.ca\\\/en\\\/studio-rental\\\/independent-production\\\/#primaryimage\"},\"thumbnailUrl\":\"https:\\\/\\\/www.studio303.ca\\\/wp-content\\\/uploads\\\/2025\\\/10\\\/49341143192_63680cfa4b_o-1024x683.jpg\",\"datePublished\":\"2018-07-02T02:14:04+00:00\",\"dateModified\":\"2026-01-20T15:58:54+00:00\",\"breadcrumb\":{\"@id\":\"https:\\\/\\\/www.studio303.ca\\\/en\\\/studio-rental\\\/independent-production\\\/#breadcrumb\"},\"inLanguage\":\"en-US\",\"potentialAction\":[{\"@type\":\"ReadAction\",\"target\":[\"https:\\\/\\\/www.studio303.ca\\\/en\\\/studio-rental\\\/independent-production\\\/\"]}]},{\"@type\":\"ImageObject\",\"inLanguage\":\"en-US\",\"@id\":\"https:\\\/\\\/www.studio303.ca\\\/en\\\/studio-rental\\\/independent-production\\\/#primaryimage\",\"url\":\"https:\\\/\\\/www.studio303.ca\\\/wp-content\\\/uploads\\\/2025\\\/10\\\/49341143192_63680cfa4b_o-1024x683.jpg\",\"contentUrl\":\"https:\\\/\\\/www.studio303.ca\\\/wp-content\\\/uploads\\\/2025\\\/10\\\/49341143192_63680cfa4b_o-1024x683.jpg\"},{\"@type\":\"BreadcrumbList\",\"@id\":\"https:\\\/\\\/www.studio303.ca\\\/en\\\/studio-rental\\\/independent-production\\\/#breadcrumb\",\"itemListElement\":[{\"@type\":\"ListItem\",\"position\":1,\"name\":\"Home\",\"item\":\"https:\\\/\\\/www.studio303.ca\\\/en\\\/home\\\/\"},{\"@type\":\"ListItem\",\"position\":2,\"name\":\"Studio Rental\",\"item\":\"https:\\\/\\\/www.studio303.ca\\\/en\\\/studio-rental\\\/\"},{\"@type\":\"ListItem\",\"position\":3,\"name\":\"Independent Productions\"}]},{\"@type\":\"WebSite\",\"@id\":\"https:\\\/\\\/www.studio303.ca\\\/#website\",\"url\":\"https:\\\/\\\/www.studio303.ca\\\/\",\"name\":\"Studio 303\",\"description\":\"Lieu de diffusion et de soutien pour la danse et l&#039;art indisciplin\u00e9 \u00e0 Montr\u00e9al.\",\"publisher\":{\"@id\":\"https:\\\/\\\/www.studio303.ca\\\/#organization\"},\"potentialAction\":[{\"@type\":\"SearchAction\",\"target\":{\"@type\":\"EntryPoint\",\"urlTemplate\":\"https:\\\/\\\/www.studio303.ca\\\/?s={search_term_string}\"},\"query-input\":{\"@type\":\"PropertyValueSpecification\",\"valueRequired\":true,\"valueName\":\"search_term_string\"}}],\"inLanguage\":\"en-US\"},{\"@type\":\"Organization\",\"@id\":\"https:\\\/\\\/www.studio303.ca\\\/#organization\",\"name\":\"Studio 303\",\"url\":\"https:\\\/\\\/www.studio303.ca\\\/\",\"logo\":{\"@type\":\"ImageObject\",\"inLanguage\":\"en-US\",\"@id\":\"https:\\\/\\\/www.studio303.ca\\\/#\\\/schema\\\/logo\\\/image\\\/\",\"url\":\"https:\\\/\\\/www.studio303.ca\\\/wp-content\\\/uploads\\\/2025\\\/08\\\/studio303-logo_black-c2586d.svg\",\"contentUrl\":\"https:\\\/\\\/www.studio303.ca\\\/wp-content\\\/uploads\\\/2025\\\/08\\\/studio303-logo_black-c2586d.svg\",\"caption\":\"Studio 303\"},\"image\":{\"@id\":\"https:\\\/\\\/www.studio303.ca\\\/#\\\/schema\\\/logo\\\/image\\\/\"},\"sameAs\":[\"https:\\\/\\\/www.facebook.com\\\/studio303.montreal\",\"http:\\\/\\\/instagram.com\\\/studio303\"]}]}<\/script>\n<!-- \/ Yoast SEO plugin. -->","yoast_head_json":{"title":"Independent Productions - Studio 303","robots":{"index":"index","follow":"follow","max-snippet":"max-snippet:-1","max-image-preview":"max-image-preview:large","max-video-preview":"max-video-preview:-1"},"canonical":"https:\/\/www.studio303.ca\/en\/studio-rental\/independent-production\/","og_locale":"en_US","og_type":"article","og_title":"Independent Productions - Studio 303","og_description":"Studio 303 welcomes at all times independent productions, a format that gives artistes the opportunity to self-produce their own show in our space. Even though we are a studio, Studio 303 can be transformed into a performative venue. We have at our disposal black curtains, risers, benches and cushions, plus a sound system, lighting, and [&hellip;]","og_url":"https:\/\/www.studio303.ca\/en\/studio-rental\/independent-production\/","og_site_name":"Studio 303","article_publisher":"https:\/\/www.facebook.com\/studio303.montreal","article_modified_time":"2026-01-20T15:58:54+00:00","og_image":[{"width":1200,"height":800,"url":"https:\/\/www.studio303.ca\/wp-content\/uploads\/2025\/10\/49341143192_63680cfa4b_o.jpg","type":"image\/jpeg"}],"twitter_card":"summary_large_image","twitter_misc":{"Est. reading time":"3 minutes"},"schema":{"@context":"https:\/\/schema.org","@graph":[{"@type":"WebPage","@id":"https:\/\/www.studio303.ca\/en\/studio-rental\/independent-production\/","url":"https:\/\/www.studio303.ca\/en\/studio-rental\/independent-production\/","name":"Independent Productions - Studio 303","isPartOf":{"@id":"https:\/\/www.studio303.ca\/#website"},"primaryImageOfPage":{"@id":"https:\/\/www.studio303.ca\/en\/studio-rental\/independent-production\/#primaryimage"},"image":{"@id":"https:\/\/www.studio303.ca\/en\/studio-rental\/independent-production\/#primaryimage"},"thumbnailUrl":"https:\/\/www.studio303.ca\/wp-content\/uploads\/2025\/10\/49341143192_63680cfa4b_o-1024x683.jpg","datePublished":"2018-07-02T02:14:04+00:00","dateModified":"2026-01-20T15:58:54+00:00","breadcrumb":{"@id":"https:\/\/www.studio303.ca\/en\/studio-rental\/independent-production\/#breadcrumb"},"inLanguage":"en-US","potentialAction":[{"@type":"ReadAction","target":["https:\/\/www.studio303.ca\/en\/studio-rental\/independent-production\/"]}]},{"@type":"ImageObject","inLanguage":"en-US","@id":"https:\/\/www.studio303.ca\/en\/studio-rental\/independent-production\/#primaryimage","url":"https:\/\/www.studio303.ca\/wp-content\/uploads\/2025\/10\/49341143192_63680cfa4b_o-1024x683.jpg","contentUrl":"https:\/\/www.studio303.ca\/wp-content\/uploads\/2025\/10\/49341143192_63680cfa4b_o-1024x683.jpg"},{"@type":"BreadcrumbList","@id":"https:\/\/www.studio303.ca\/en\/studio-rental\/independent-production\/#breadcrumb","itemListElement":[{"@type":"ListItem","position":1,"name":"Home","item":"https:\/\/www.studio303.ca\/en\/home\/"},{"@type":"ListItem","position":2,"name":"Studio Rental","item":"https:\/\/www.studio303.ca\/en\/studio-rental\/"},{"@type":"ListItem","position":3,"name":"Independent Productions"}]},{"@type":"WebSite","@id":"https:\/\/www.studio303.ca\/#website","url":"https:\/\/www.studio303.ca\/","name":"Studio 303","description":"Lieu de diffusion et de soutien pour la danse et l&#039;art indisciplin\u00e9 \u00e0 Montr\u00e9al.","publisher":{"@id":"https:\/\/www.studio303.ca\/#organization"},"potentialAction":[{"@type":"SearchAction","target":{"@type":"EntryPoint","urlTemplate":"https:\/\/www.studio303.ca\/?s={search_term_string}"},"query-input":{"@type":"PropertyValueSpecification","valueRequired":true,"valueName":"search_term_string"}}],"inLanguage":"en-US"},{"@type":"Organization","@id":"https:\/\/www.studio303.ca\/#organization","name":"Studio 303","url":"https:\/\/www.studio303.ca\/","logo":{"@type":"ImageObject","inLanguage":"en-US","@id":"https:\/\/www.studio303.ca\/#\/schema\/logo\/image\/","url":"https:\/\/www.studio303.ca\/wp-content\/uploads\/2025\/08\/studio303-logo_black-c2586d.svg","contentUrl":"https:\/\/www.studio303.ca\/wp-content\/uploads\/2025\/08\/studio303-logo_black-c2586d.svg","caption":"Studio 303"},"image":{"@id":"https:\/\/www.studio303.ca\/#\/schema\/logo\/image\/"},"sameAs":["https:\/\/www.facebook.com\/studio303.montreal","http:\/\/instagram.com\/studio303"]}]}},"_links":{"self":[{"href":"https:\/\/www.studio303.ca\/en\/wp-json\/wp\/v2\/pages\/1000","targetHints":{"allow":["GET"]}}],"collection":[{"href":"https:\/\/www.studio303.ca\/en\/wp-json\/wp\/v2\/pages"}],"about":[{"href":"https:\/\/www.studio303.ca\/en\/wp-json\/wp\/v2\/types\/page"}],"author":[{"embeddable":true,"href":"https:\/\/www.studio303.ca\/en\/wp-json\/wp\/v2\/users\/1"}],"replies":[{"embeddable":true,"href":"https:\/\/www.studio303.ca\/en\/wp-json\/wp\/v2\/comments?post=1000"}],"version-history":[{"count":27,"href":"https:\/\/www.studio303.ca\/en\/wp-json\/wp\/v2\/pages\/1000\/revisions"}],"predecessor-version":[{"id":33501,"href":"https:\/\/www.studio303.ca\/en\/wp-json\/wp\/v2\/pages\/1000\/revisions\/33501"}],"up":[{"embeddable":true,"href":"https:\/\/www.studio303.ca\/en\/wp-json\/wp\/v2\/pages\/318"}],"wp:attachment":[{"href":"https:\/\/www.studio303.ca\/en\/wp-json\/wp\/v2\/media?parent=1000"}],"curies":[{"name":"wp","href":"https:\/\/api.w.org\/{rel}","templated":true}]}}