{"id":1008,"date":"2018-07-01T21:32:59","date_gmt":"2018-07-02T02:32:59","guid":{"rendered":"http:\/\/www.studio303.ca\/studio-rental\/audition-classe\/"},"modified":"2023-06-29T14:49:43","modified_gmt":"2023-06-29T19:49:43","slug":"audition-class","status":"publish","type":"page","link":"https:\/\/www.studio303.ca\/en\/studio-rental\/audition-class\/","title":{"rendered":"Audition + Class"},"content":{"rendered":"<p>[cs_content][cs_element_section _id=&#8221;1&#8243; ][cs_element_row _id=&#8221;2&#8243; ][cs_element_column _id=&#8221;3&#8243; ][cs_element_text _id=&#8221;4&#8243; ][cs_content_seo]ATTENTION !<br \/>\nAvant de r\u00e9server le studio,\u00a0veuillez lire notre Protocole li\u00e9 \u00e0 la pand\u00e9mie COVID-19, concernant le port du masque, la capacit\u00e9 r\u00e9duite, l\u2019a\u00e9ration, ainsi que vos responsabilit\u00e9s vis \u00e0 vis le nettoyage et le suivi des contacts. Merci !<\/p>\n<p>\\n\\n[\/cs_content_seo][x_slider animation=&#8221;slide&#8221; slide_time=&#8221;7000&#8243; slide_speed=&#8221;1000&#8243; slideshow=&#8221;false&#8221; random=&#8221;false&#8221; control_nav=&#8221;false&#8221; prev_next_nav=&#8221;true&#8221; no_container=&#8221;false&#8221; ][x_slide ]<\/p>\n<p><img loading=\"lazy\" decoding=\"async\" src=\"https:\/\/www.studio303.ca\/wp-content\/uploads\/2018\/07\/1200X600studio.jpg\" alt=\"\" class=\"alignnone size-full wp-image-2182\" width=\"1200\" height=\"600\" srcset=\"https:\/\/www.studio303.ca\/wp-content\/uploads\/2018\/07\/1200X600studio.jpg 1200w, https:\/\/www.studio303.ca\/wp-content\/uploads\/2018\/07\/1200X600studio-300x150.jpg 300w, https:\/\/www.studio303.ca\/wp-content\/uploads\/2018\/07\/1200X600studio-768x384.jpg 768w, https:\/\/www.studio303.ca\/wp-content\/uploads\/2018\/07\/1200X600studio-1024x512.jpg 1024w, https:\/\/www.studio303.ca\/wp-content\/uploads\/2018\/07\/1200X600studio-100x50.jpg 100w, https:\/\/www.studio303.ca\/wp-content\/uploads\/2018\/07\/1200X600studio-1056x528.jpg 1056w\" sizes=\"auto, (max-width: 1200px) 100vw, 1200px\" \/><\/p>\n<p>[\/x_slide][x_slide ]<\/p>\n<p><img loading=\"lazy\" decoding=\"async\" src=\"https:\/\/www.studio303.ca\/wp-content\/uploads\/2018\/07\/1200X600cours3.jpg\" alt=\"\" class=\"alignnone size-full wp-image-2188\" width=\"1200\" height=\"600\" srcset=\"https:\/\/www.studio303.ca\/wp-content\/uploads\/2018\/07\/1200X600cours3.jpg 1200w, https:\/\/www.studio303.ca\/wp-content\/uploads\/2018\/07\/1200X600cours3-300x150.jpg 300w, https:\/\/www.studio303.ca\/wp-content\/uploads\/2018\/07\/1200X600cours3-768x384.jpg 768w, https:\/\/www.studio303.ca\/wp-content\/uploads\/2018\/07\/1200X600cours3-1024x512.jpg 1024w, https:\/\/www.studio303.ca\/wp-content\/uploads\/2018\/07\/1200X600cours3-100x50.jpg 100w, https:\/\/www.studio303.ca\/wp-content\/uploads\/2018\/07\/1200X600cours3-1056x528.jpg 1056w\" sizes=\"auto, (max-width: 1200px) 100vw, 1200px\" \/><\/p>\n<p>[\/x_slide][x_slide ]<\/p>\n<p><img loading=\"lazy\" decoding=\"async\" src=\"https:\/\/www.studio303.ca\/wp-content\/uploads\/2018\/07\/1200X600cours2.jpg\" alt=\"\" class=\"alignnone size-full wp-image-2190\" width=\"1200\" height=\"600\" srcset=\"https:\/\/www.studio303.ca\/wp-content\/uploads\/2018\/07\/1200X600cours2.jpg 1200w, https:\/\/www.studio303.ca\/wp-content\/uploads\/2018\/07\/1200X600cours2-300x150.jpg 300w, https:\/\/www.studio303.ca\/wp-content\/uploads\/2018\/07\/1200X600cours2-768x384.jpg 768w, https:\/\/www.studio303.ca\/wp-content\/uploads\/2018\/07\/1200X600cours2-1024x512.jpg 1024w, https:\/\/www.studio303.ca\/wp-content\/uploads\/2018\/07\/1200X600cours2-100x50.jpg 100w, https:\/\/www.studio303.ca\/wp-content\/uploads\/2018\/07\/1200X600cours2-1056x528.jpg 1056w\" sizes=\"auto, (max-width: 1200px) 100vw, 1200px\" \/><\/p>\n<p>[\/x_slide][\/x_slider][cs_element_text _id=&#8221;9&#8243; ][cs_content_seo]Situ&eacute; au centre de Montr&eacute;al, notre studio spacieux et lumineux offre une ambiance simple et chaleureuse parfaite pour un travail individuel ou des pi&egrave;ces de groupes. L&rsquo;espace, sans miroirs, est propice &agrave; la cr&eacute;ation, &agrave; l&rsquo;exp&eacute;rimentation et particuli&egrave;rement adapt&eacute; au travail au sol.\\n\\n[\/cs_content_seo][cs_element_text _id=&#8221;10&#8243; ][cs_content_seo]Tarif<\/p>\n<p>\u00c0 l&#8217;heure<\/p>\n<p>40$ \/h<\/p>\n<p>\\n\\n[\/cs_content_seo][cs_element_text _id=&#8221;11&#8243; ][cs_content_seo]* Tarif pr\u00e9f\u00e9rentiel pour une session compl\u00e8te \/ Contactez-nous \u00e0 info@studio303.ca<\/p>\n<p>Pour r\u00e9server le studio :<br \/>\nV\u00e9rifiez d&#8217;abord la disponibilit\u00e9 du studio ci-bas et \u00e9crivez-nous ensuite \u00e0\u00a0info@studio303.ca\u00a0en indiquant la plage horaire souhait\u00e9e, le type de location, nom \/ compagnie, adresse postale et num\u00e9ro de t\u00e9l\u00e9phone.<br \/>\nVeuillez noter que les demandes de location sont trait\u00e9es du\u00a0lundi au vendredi, de 9 h \u00e0 16 h.<br \/>\nModes de paiement accept\u00e9s :<br \/>\nVirement Interac et carte de cr\u00e9dit. Des instructions seront fournies avec le contrat de location.\\n\\n[\/cs_content_seo][\/cs_element_column][cs_element_column _id=&#8221;12&#8243; ][cs_element_text _id=&#8221;13&#8243; ][cs_content_seo]DESCRIPTION<br \/>\n1800 pi carr&eacute;s : 48.2&prime; x 37.4&prime; \/ plafond : 10.2&prime;&ndash; Plancher de bois franc suspendu &ndash; 10 grandes fen&ecirc;tres exposition Sud et Ouest &ndash; Syst&egrave;me de son (1 mixeur, 4 hauts parleurs) &ndash; Mini-cha&icirc;ne st&eacute;r&eacute;o &ndash; Wifi &ndash; Air climatis&eacute; en &eacute;t&eacute; &ndash; 20 chaises pliantes &ndash; Bancs (53 places), coussins (28 places)&ndash; 1 table &agrave; cocktail (2&#8242; x 2&#8242;), 2 tables en bois (2,5&#8242; x 4&#8242;), 1 table pliante en plastique (2,5&#8242; x 5&#8242;) &ndash; Rideaux noirs sur rails &ndash; Vestiaire unisexe avec miroirs et sans douche<br \/>\n&Eacute;QUIPEMENT<br \/>\nPossibilit&eacute; de location (usage dans notre studio) : &ndash; 3 micros : 15$ \/jour \/micro&ndash; Projecteur vid&eacute;o Christie 5000 lumens (fixe et suspendu au plafond)* : 50$ \/jour &ndash; Projecteur vid&eacute;o EPSON (mobile) : 40$ \/jour &ndash; DVD + t&eacute;l&eacute;viseur : 10$\/jour&ndash; Syst&egrave;me d&rsquo;&eacute;clairage (console + lampes): 50$ \/jour + frais technicien obligatoires 20 $ \/ heure pour un minimum de 4h *Pour changer l&rsquo;orientation du projecteur des frais de techniciens s&rsquo;appliquent. Possibilit&eacute; de louer certains &eacute;quipements &agrave; l&rsquo;ext&eacute;rieur du studio.&nbsp; &gt;&gt; Plan du studio et inventaire technique<br \/>\nACC&Egrave;S AU STUDIO<br \/>\nNous vous enverrons un code pour d&eacute;verrouiller la bo&icirc;te &agrave; cl&eacute;s.<br \/>\nPOLITIQUE D&rsquo;ANNULATION<br \/>\nVous pouvez consulter notre politique de remboursement et d&#8217;annulation ici &gt;\\n\\n[\/cs_content_seo][\/cs_element_column][\/cs_element_row][\/cs_element_section][cs_element_section _id=&#8221;14&#8243; ][cs_element_row _id=&#8221;15&#8243; ][cs_element_column _id=&#8221;16&#8243; ][cs_element_content_area _id=&#8221;17&#8243; ][cs_content_seo]\\n\\n[\/cs_content_seo][\/cs_element_column][\/cs_element_row][\/cs_element_section][\/cs_content]<\/p>\n","protected":false},"excerpt":{"rendered":"<p>[cs_content][cs_element_section _id=&#8221;1&#8243; ][cs_element_row _id=&#8221;2&#8243; ][cs_element_column _id=&#8221;3&#8243; ][cs_element_text _id=&#8221;4&#8243; ][cs_content_seo]ATTENTION ! Avant de r\u00e9server le studio,\u00a0veuillez lire notre Protocole li\u00e9 \u00e0 la pand\u00e9mie COVID-19, concernant le port du masque, la capacit\u00e9 r\u00e9duite, l\u2019a\u00e9ration, ainsi que vos responsabilit\u00e9s vis \u00e0 vis le nettoyage et le suivi des contacts. Merci ! \\n\\n[\/cs_content_seo][x_slider animation=&#8221;slide&#8221; slide_time=&#8221;7000&#8243; slide_speed=&#8221;1000&#8243; slideshow=&#8221;false&#8221; random=&#8221;false&#8221; control_nav=&#8221;false&#8221; [&hellip;]<\/p>\n","protected":false},"author":1,"featured_media":0,"parent":318,"menu_order":190,"comment_status":"closed","ping_status":"closed","template":"","meta":{"_acf_changed":false,"inline_featured_image":false,"_exactmetrics_skip_tracking":false,"_exactmetrics_sitenote_active":false,"_exactmetrics_sitenote_note":"","_exactmetrics_sitenote_category":0,"_themeisle_gutenberg_block_has_review":false,"footnotes":""},"class_list":["post-1008","page","type-page","status-publish","hentry"],"acf":[],"yoast_head":"<!-- This site is optimized with the Yoast SEO plugin v27.5 - https:\/\/yoast.com\/product\/yoast-seo-wordpress\/ -->\n<title>Audition + Class - Studio 303<\/title>\n<meta name=\"robots\" content=\"index, follow, max-snippet:-1, max-image-preview:large, max-video-preview:-1\" \/>\n<link rel=\"canonical\" href=\"https:\/\/www.studio303.ca\/en\/studio-rental\/audition-class\/\" \/>\n<meta property=\"og:locale\" content=\"en_US\" \/>\n<meta property=\"og:type\" content=\"article\" \/>\n<meta property=\"og:title\" content=\"Audition + Class - Studio 303\" \/>\n<meta property=\"og:description\" content=\"[cs_content][cs_element_section _id=&#8221;1&#8243; ][cs_element_row _id=&#8221;2&#8243; ][cs_element_column _id=&#8221;3&#8243; ][cs_element_text _id=&#8221;4&#8243; ][cs_content_seo]ATTENTION ! Avant de r\u00e9server le studio,\u00a0veuillez lire notre Protocole li\u00e9 \u00e0 la pand\u00e9mie COVID-19, concernant le port du masque, la capacit\u00e9 r\u00e9duite, l\u2019a\u00e9ration, ainsi que vos responsabilit\u00e9s vis \u00e0 vis le nettoyage et le suivi des contacts. Merci ! nn[\/cs_content_seo][x_slider animation=&#8221;slide&#8221; slide_time=&#8221;7000&#8243; slide_speed=&#8221;1000&#8243; slideshow=&#8221;false&#8221; random=&#8221;false&#8221; control_nav=&#8221;false&#8221; [&hellip;]\" \/>\n<meta property=\"og:url\" content=\"https:\/\/www.studio303.ca\/en\/studio-rental\/audition-class\/\" \/>\n<meta property=\"og:site_name\" content=\"Studio 303\" \/>\n<meta property=\"article:publisher\" content=\"https:\/\/www.facebook.com\/studio303.montreal\" \/>\n<meta property=\"article:modified_time\" content=\"2023-06-29T19:49:43+00:00\" \/>\n<meta property=\"og:image\" content=\"https:\/\/new.studio303.ca\/wp-content\/uploads\/2018\/07\/1200X600studio.jpg\" \/>\n<meta name=\"twitter:card\" content=\"summary_large_image\" \/>\n<meta name=\"twitter:label1\" content=\"Est. reading time\" \/>\n\t<meta name=\"twitter:data1\" content=\"3 minutes\" \/>\n<script type=\"application\/ld+json\" class=\"yoast-schema-graph\">{\"@context\":\"https:\\\/\\\/schema.org\",\"@graph\":[{\"@type\":\"WebPage\",\"@id\":\"https:\\\/\\\/www.studio303.ca\\\/en\\\/studio-rental\\\/audition-class\\\/\",\"url\":\"https:\\\/\\\/www.studio303.ca\\\/en\\\/studio-rental\\\/audition-class\\\/\",\"name\":\"Audition + Class - Studio 303\",\"isPartOf\":{\"@id\":\"https:\\\/\\\/www.studio303.ca\\\/#website\"},\"primaryImageOfPage\":{\"@id\":\"https:\\\/\\\/www.studio303.ca\\\/en\\\/studio-rental\\\/audition-class\\\/#primaryimage\"},\"image\":{\"@id\":\"https:\\\/\\\/www.studio303.ca\\\/en\\\/studio-rental\\\/audition-class\\\/#primaryimage\"},\"thumbnailUrl\":\"https:\\\/\\\/www.studio303.ca\\\/wp-content\\\/uploads\\\/2018\\\/07\\\/1200X600studio.jpg\",\"datePublished\":\"2018-07-02T02:32:59+00:00\",\"dateModified\":\"2023-06-29T19:49:43+00:00\",\"breadcrumb\":{\"@id\":\"https:\\\/\\\/www.studio303.ca\\\/en\\\/studio-rental\\\/audition-class\\\/#breadcrumb\"},\"inLanguage\":\"en-US\",\"potentialAction\":[{\"@type\":\"ReadAction\",\"target\":[\"https:\\\/\\\/www.studio303.ca\\\/en\\\/studio-rental\\\/audition-class\\\/\"]}]},{\"@type\":\"ImageObject\",\"inLanguage\":\"en-US\",\"@id\":\"https:\\\/\\\/www.studio303.ca\\\/en\\\/studio-rental\\\/audition-class\\\/#primaryimage\",\"url\":\"https:\\\/\\\/www.studio303.ca\\\/wp-content\\\/uploads\\\/2018\\\/07\\\/1200X600studio.jpg\",\"contentUrl\":\"https:\\\/\\\/www.studio303.ca\\\/wp-content\\\/uploads\\\/2018\\\/07\\\/1200X600studio.jpg\"},{\"@type\":\"BreadcrumbList\",\"@id\":\"https:\\\/\\\/www.studio303.ca\\\/en\\\/studio-rental\\\/audition-class\\\/#breadcrumb\",\"itemListElement\":[{\"@type\":\"ListItem\",\"position\":1,\"name\":\"Home\",\"item\":\"https:\\\/\\\/www.studio303.ca\\\/en\\\/home\\\/\"},{\"@type\":\"ListItem\",\"position\":2,\"name\":\"Studio Rental\",\"item\":\"https:\\\/\\\/www.studio303.ca\\\/en\\\/studio-rental\\\/\"},{\"@type\":\"ListItem\",\"position\":3,\"name\":\"Audition + Class\"}]},{\"@type\":\"WebSite\",\"@id\":\"https:\\\/\\\/www.studio303.ca\\\/#website\",\"url\":\"https:\\\/\\\/www.studio303.ca\\\/\",\"name\":\"Studio 303\",\"description\":\"Lieu de diffusion et de soutien pour la danse et l&#039;art indisciplin\u00e9 \u00e0 Montr\u00e9al.\",\"publisher\":{\"@id\":\"https:\\\/\\\/www.studio303.ca\\\/#organization\"},\"potentialAction\":[{\"@type\":\"SearchAction\",\"target\":{\"@type\":\"EntryPoint\",\"urlTemplate\":\"https:\\\/\\\/www.studio303.ca\\\/?s={search_term_string}\"},\"query-input\":{\"@type\":\"PropertyValueSpecification\",\"valueRequired\":true,\"valueName\":\"search_term_string\"}}],\"inLanguage\":\"en-US\"},{\"@type\":\"Organization\",\"@id\":\"https:\\\/\\\/www.studio303.ca\\\/#organization\",\"name\":\"Studio 303\",\"url\":\"https:\\\/\\\/www.studio303.ca\\\/\",\"logo\":{\"@type\":\"ImageObject\",\"inLanguage\":\"en-US\",\"@id\":\"https:\\\/\\\/www.studio303.ca\\\/#\\\/schema\\\/logo\\\/image\\\/\",\"url\":\"https:\\\/\\\/www.studio303.ca\\\/wp-content\\\/uploads\\\/2025\\\/08\\\/studio303-logo_black-c2586d.svg\",\"contentUrl\":\"https:\\\/\\\/www.studio303.ca\\\/wp-content\\\/uploads\\\/2025\\\/08\\\/studio303-logo_black-c2586d.svg\",\"caption\":\"Studio 303\"},\"image\":{\"@id\":\"https:\\\/\\\/www.studio303.ca\\\/#\\\/schema\\\/logo\\\/image\\\/\"},\"sameAs\":[\"https:\\\/\\\/www.facebook.com\\\/studio303.montreal\",\"http:\\\/\\\/instagram.com\\\/studio303\"]}]}<\/script>\n<!-- \/ Yoast SEO plugin. -->","yoast_head_json":{"title":"Audition + Class - Studio 303","robots":{"index":"index","follow":"follow","max-snippet":"max-snippet:-1","max-image-preview":"max-image-preview:large","max-video-preview":"max-video-preview:-1"},"canonical":"https:\/\/www.studio303.ca\/en\/studio-rental\/audition-class\/","og_locale":"en_US","og_type":"article","og_title":"Audition + Class - Studio 303","og_description":"[cs_content][cs_element_section _id=&#8221;1&#8243; ][cs_element_row _id=&#8221;2&#8243; ][cs_element_column _id=&#8221;3&#8243; ][cs_element_text _id=&#8221;4&#8243; ][cs_content_seo]ATTENTION ! Avant de r\u00e9server le studio,\u00a0veuillez lire notre Protocole li\u00e9 \u00e0 la pand\u00e9mie COVID-19, concernant le port du masque, la capacit\u00e9 r\u00e9duite, l\u2019a\u00e9ration, ainsi que vos responsabilit\u00e9s vis \u00e0 vis le nettoyage et le suivi des contacts. Merci ! nn[\/cs_content_seo][x_slider animation=&#8221;slide&#8221; slide_time=&#8221;7000&#8243; slide_speed=&#8221;1000&#8243; slideshow=&#8221;false&#8221; random=&#8221;false&#8221; control_nav=&#8221;false&#8221; [&hellip;]","og_url":"https:\/\/www.studio303.ca\/en\/studio-rental\/audition-class\/","og_site_name":"Studio 303","article_publisher":"https:\/\/www.facebook.com\/studio303.montreal","article_modified_time":"2023-06-29T19:49:43+00:00","og_image":[{"url":"https:\/\/new.studio303.ca\/wp-content\/uploads\/2018\/07\/1200X600studio.jpg","type":"","width":"","height":""}],"twitter_card":"summary_large_image","twitter_misc":{"Est. reading time":"3 minutes"},"schema":{"@context":"https:\/\/schema.org","@graph":[{"@type":"WebPage","@id":"https:\/\/www.studio303.ca\/en\/studio-rental\/audition-class\/","url":"https:\/\/www.studio303.ca\/en\/studio-rental\/audition-class\/","name":"Audition + Class - Studio 303","isPartOf":{"@id":"https:\/\/www.studio303.ca\/#website"},"primaryImageOfPage":{"@id":"https:\/\/www.studio303.ca\/en\/studio-rental\/audition-class\/#primaryimage"},"image":{"@id":"https:\/\/www.studio303.ca\/en\/studio-rental\/audition-class\/#primaryimage"},"thumbnailUrl":"https:\/\/www.studio303.ca\/wp-content\/uploads\/2018\/07\/1200X600studio.jpg","datePublished":"2018-07-02T02:32:59+00:00","dateModified":"2023-06-29T19:49:43+00:00","breadcrumb":{"@id":"https:\/\/www.studio303.ca\/en\/studio-rental\/audition-class\/#breadcrumb"},"inLanguage":"en-US","potentialAction":[{"@type":"ReadAction","target":["https:\/\/www.studio303.ca\/en\/studio-rental\/audition-class\/"]}]},{"@type":"ImageObject","inLanguage":"en-US","@id":"https:\/\/www.studio303.ca\/en\/studio-rental\/audition-class\/#primaryimage","url":"https:\/\/www.studio303.ca\/wp-content\/uploads\/2018\/07\/1200X600studio.jpg","contentUrl":"https:\/\/www.studio303.ca\/wp-content\/uploads\/2018\/07\/1200X600studio.jpg"},{"@type":"BreadcrumbList","@id":"https:\/\/www.studio303.ca\/en\/studio-rental\/audition-class\/#breadcrumb","itemListElement":[{"@type":"ListItem","position":1,"name":"Home","item":"https:\/\/www.studio303.ca\/en\/home\/"},{"@type":"ListItem","position":2,"name":"Studio Rental","item":"https:\/\/www.studio303.ca\/en\/studio-rental\/"},{"@type":"ListItem","position":3,"name":"Audition + Class"}]},{"@type":"WebSite","@id":"https:\/\/www.studio303.ca\/#website","url":"https:\/\/www.studio303.ca\/","name":"Studio 303","description":"Lieu de diffusion et de soutien pour la danse et l&#039;art indisciplin\u00e9 \u00e0 Montr\u00e9al.","publisher":{"@id":"https:\/\/www.studio303.ca\/#organization"},"potentialAction":[{"@type":"SearchAction","target":{"@type":"EntryPoint","urlTemplate":"https:\/\/www.studio303.ca\/?s={search_term_string}"},"query-input":{"@type":"PropertyValueSpecification","valueRequired":true,"valueName":"search_term_string"}}],"inLanguage":"en-US"},{"@type":"Organization","@id":"https:\/\/www.studio303.ca\/#organization","name":"Studio 303","url":"https:\/\/www.studio303.ca\/","logo":{"@type":"ImageObject","inLanguage":"en-US","@id":"https:\/\/www.studio303.ca\/#\/schema\/logo\/image\/","url":"https:\/\/www.studio303.ca\/wp-content\/uploads\/2025\/08\/studio303-logo_black-c2586d.svg","contentUrl":"https:\/\/www.studio303.ca\/wp-content\/uploads\/2025\/08\/studio303-logo_black-c2586d.svg","caption":"Studio 303"},"image":{"@id":"https:\/\/www.studio303.ca\/#\/schema\/logo\/image\/"},"sameAs":["https:\/\/www.facebook.com\/studio303.montreal","http:\/\/instagram.com\/studio303"]}]}},"_links":{"self":[{"href":"https:\/\/www.studio303.ca\/en\/wp-json\/wp\/v2\/pages\/1008","targetHints":{"allow":["GET"]}}],"collection":[{"href":"https:\/\/www.studio303.ca\/en\/wp-json\/wp\/v2\/pages"}],"about":[{"href":"https:\/\/www.studio303.ca\/en\/wp-json\/wp\/v2\/types\/page"}],"author":[{"embeddable":true,"href":"https:\/\/www.studio303.ca\/en\/wp-json\/wp\/v2\/users\/1"}],"replies":[{"embeddable":true,"href":"https:\/\/www.studio303.ca\/en\/wp-json\/wp\/v2\/comments?post=1008"}],"version-history":[{"count":15,"href":"https:\/\/www.studio303.ca\/en\/wp-json\/wp\/v2\/pages\/1008\/revisions"}],"predecessor-version":[{"id":20241,"href":"https:\/\/www.studio303.ca\/en\/wp-json\/wp\/v2\/pages\/1008\/revisions\/20241"}],"up":[{"embeddable":true,"href":"https:\/\/www.studio303.ca\/en\/wp-json\/wp\/v2\/pages\/318"}],"wp:attachment":[{"href":"https:\/\/www.studio303.ca\/en\/wp-json\/wp\/v2\/media?parent=1008"}],"curies":[{"name":"wp","href":"https:\/\/api.w.org\/{rel}","templated":true}]}}