{"id":1010,"date":"2018-07-01T21:33:29","date_gmt":"2018-07-02T02:33:29","guid":{"rendered":"http:\/\/www.studio303.ca\/studio-rental\/autres\/"},"modified":"2023-06-29T14:56:57","modified_gmt":"2023-06-29T19:56:57","slug":"others","status":"publish","type":"page","link":"https:\/\/www.studio303.ca\/en\/studio-rental\/others\/","title":{"rendered":"Others"},"content":{"rendered":"<p>[cs_content][cs_element_section _id=&#8221;1&#8243; ][cs_element_row _id=&#8221;2&#8243; ][cs_element_column _id=&#8221;3&#8243; ][cs_element_text _id=&#8221;4&#8243; ][cs_content_seo]ATTENTION !<br \/>\nAvant de r\u00e9server le studio,\u00a0veuillez lire notre Protocole li\u00e9 \u00e0 la pand\u00e9mie COVID-19, concernant le port du masque, la capacit\u00e9 r\u00e9duite, l\u2019a\u00e9ration, ainsi que vos responsabilit\u00e9s vis \u00e0 vis le nettoyage et le suivi des contacts. Merci !<br \/>\n\\n\\n[\/cs_content_seo][x_slider animation=&#8221;slide&#8221; slide_time=&#8221;7000&#8243; slide_speed=&#8221;1000&#8243; slideshow=&#8221;false&#8221; random=&#8221;false&#8221; control_nav=&#8221;false&#8221; prev_next_nav=&#8221;true&#8221; no_container=&#8221;false&#8221; ][x_slide ]<\/p>\n<p><img loading=\"lazy\" decoding=\"async\" src=\"https:\/\/www.studio303.ca\/wp-content\/uploads\/2018\/07\/Photo-projection.jpg\" alt=\"\" class=\"alignnone size-full wp-image-2154\" width=\"1200\" height=\"600\" srcset=\"https:\/\/www.studio303.ca\/wp-content\/uploads\/2018\/07\/Photo-projection.jpg 1200w, https:\/\/www.studio303.ca\/wp-content\/uploads\/2018\/07\/Photo-projection-300x150.jpg 300w, https:\/\/www.studio303.ca\/wp-content\/uploads\/2018\/07\/Photo-projection-768x384.jpg 768w, https:\/\/www.studio303.ca\/wp-content\/uploads\/2018\/07\/Photo-projection-1024x512.jpg 1024w, https:\/\/www.studio303.ca\/wp-content\/uploads\/2018\/07\/Photo-projection-100x50.jpg 100w, https:\/\/www.studio303.ca\/wp-content\/uploads\/2018\/07\/Photo-projection-1056x528.jpg 1056w\" sizes=\"auto, (max-width: 1200px) 100vw, 1200px\" \/><\/p>\n<p>[\/x_slide][x_slide ]<\/p>\n<p><img loading=\"lazy\" decoding=\"async\" src=\"https:\/\/www.studio303.ca\/wp-content\/uploads\/2018\/07\/1200X600gradins-copy.jpg\" alt=\"\" class=\"alignnone size-full wp-image-2166\" width=\"1200\" height=\"600\" srcset=\"https:\/\/www.studio303.ca\/wp-content\/uploads\/2018\/07\/1200X600gradins-copy.jpg 1200w, https:\/\/www.studio303.ca\/wp-content\/uploads\/2018\/07\/1200X600gradins-copy-300x150.jpg 300w, https:\/\/www.studio303.ca\/wp-content\/uploads\/2018\/07\/1200X600gradins-copy-768x384.jpg 768w, https:\/\/www.studio303.ca\/wp-content\/uploads\/2018\/07\/1200X600gradins-copy-1024x512.jpg 1024w, https:\/\/www.studio303.ca\/wp-content\/uploads\/2018\/07\/1200X600gradins-copy-100x50.jpg 100w, https:\/\/www.studio303.ca\/wp-content\/uploads\/2018\/07\/1200X600gradins-copy-1056x528.jpg 1056w\" sizes=\"auto, (max-width: 1200px) 100vw, 1200px\" \/><\/p>\n<p>[\/x_slide][x_slide ]<\/p>\n<p><img loading=\"lazy\" decoding=\"async\" src=\"https:\/\/www.studio303.ca\/wp-content\/uploads\/2018\/07\/photo-studio1200X600.jpg\" alt=\"\" class=\"alignnone size-full wp-image-2160\" width=\"1200\" height=\"600\" srcset=\"https:\/\/www.studio303.ca\/wp-content\/uploads\/2018\/07\/photo-studio1200X600.jpg 1200w, https:\/\/www.studio303.ca\/wp-content\/uploads\/2018\/07\/photo-studio1200X600-300x150.jpg 300w, https:\/\/www.studio303.ca\/wp-content\/uploads\/2018\/07\/photo-studio1200X600-768x384.jpg 768w, https:\/\/www.studio303.ca\/wp-content\/uploads\/2018\/07\/photo-studio1200X600-1024x512.jpg 1024w, https:\/\/www.studio303.ca\/wp-content\/uploads\/2018\/07\/photo-studio1200X600-100x50.jpg 100w, https:\/\/www.studio303.ca\/wp-content\/uploads\/2018\/07\/photo-studio1200X600-1056x528.jpg 1056w\" sizes=\"auto, (max-width: 1200px) 100vw, 1200px\" \/><\/p>\n<p>[\/x_slide][x_slide ]<\/p>\n<p><img loading=\"lazy\" decoding=\"async\" src=\"https:\/\/www.studio303.ca\/wp-content\/uploads\/2018\/07\/Photo-studio-pancarte.jpg\" alt=\"\" class=\"alignnone size-full wp-image-2151\" width=\"1200\" height=\"600\" srcset=\"https:\/\/www.studio303.ca\/wp-content\/uploads\/2018\/07\/Photo-studio-pancarte.jpg 1200w, https:\/\/www.studio303.ca\/wp-content\/uploads\/2018\/07\/Photo-studio-pancarte-300x150.jpg 300w, https:\/\/www.studio303.ca\/wp-content\/uploads\/2018\/07\/Photo-studio-pancarte-768x384.jpg 768w, https:\/\/www.studio303.ca\/wp-content\/uploads\/2018\/07\/Photo-studio-pancarte-1024x512.jpg 1024w, https:\/\/www.studio303.ca\/wp-content\/uploads\/2018\/07\/Photo-studio-pancarte-100x50.jpg 100w, https:\/\/www.studio303.ca\/wp-content\/uploads\/2018\/07\/Photo-studio-pancarte-1056x528.jpg 1056w\" sizes=\"auto, (max-width: 1200px) 100vw, 1200px\" \/><\/p>\n<p>[\/x_slide][\/x_slider][cs_element_text _id=&#8221;10&#8243; ][cs_content_seo]Situ&eacute; au centre de Montr&eacute;al, Le Studio 303 peut accueillir des assembl&eacute;es, des r&eacute;ceptions priv&eacute;es, des 5@7, des mariages, des conf&eacute;rences ou encore des s&eacute;ances de cin&eacute;ma. Nous avons &agrave; votre disposition plusieurs tables, un bar funky, un r&eacute;frig&eacute;rateur dans le bureau, et l&rsquo;eau courante dans le couloir.<br \/>\nPour r&eacute;server le studio :V&eacute;rifiez d&#8217;abord la disponibilit&eacute; du studio ci-bas et &eacute;crivez-nous ensuite &agrave;&nbsp;info@studio303.ca&nbsp;en indiquant la plage horaire souhait&eacute;e, le type de location, nom \/ compagnie, adresse postale et num&eacute;ro de t&eacute;l&eacute;phone.<br \/>\nVeuillez noter que les demandes de location sont trait&eacute;es du&nbsp;lundi au vendredi, de 9 h &agrave; 16 h.<br \/>\nInformations importantes Lorsque vous louez le studio, merci de : &ndash; Noter que la capacit&eacute; du studio est de 100 personnes, incluant le personnel, les artistes, et le public. &ndash; Faire attention au plancher. Assurez vous que vos souliers soient propres et &eacute;vitez les talons et autres bouts pointus (tripods). Nous pouvons vous pr&ecirc;ter des feutres ! &ndash; Rendre l&rsquo;espace dans le m&ecirc;me &eacute;tat qu&rsquo;il vous a &eacute;t&eacute; donn&eacute;. &ndash; Ne pas fixer des &eacute;l&eacute;ments, donner des coups ou ab&icirc;mer les murs. Accrocher de l&rsquo;&eacute;quipement aux tuyaux est possible avec l&rsquo;accord de la Directrice technique. &ndash; Passer prendre les cl&eacute;s &agrave; l&rsquo;avance. Votre location sera confirm&eacute;e d&egrave;s la r&eacute;ception de votre d&eacute;p&ocirc;t. &ndash; Noter que nous exigeons une caution de 100$ en cas de dommages, perte de cl&eacute;s ou d&rsquo;entretien &agrave; r&eacute;aliser. &ndash; Noter que le studio n&rsquo;est pas &agrave; louer pour des f&ecirc;tes. Il est interdit d&rsquo;y fumer et la consommation est autoris&eacute;e avec pr&eacute;sentation d&rsquo;un permis. &ndash; Il est impossible de contr&ocirc;ler les sons environnants de cet &eacute;difice public.\\n\\n[\/cs_content_seo][\/cs_element_column][cs_element_column _id=&#8221;11&#8243; ][cs_element_text _id=&#8221;12&#8243; ][cs_content_seo]DESCRIPTION<br \/>\n1800 pi carr&eacute;s : 48.2&prime; x 37.4&prime; \/ plafond : 10.2&prime;&ndash; Plancher de bois franc suspendu &ndash; 10 grandes fen&ecirc;tres exposition Sud et Ouest &ndash; Syst&egrave;me de son (1 mixeur, 4 hauts parleurs) &ndash; Mini-cha&icirc;ne st&eacute;r&eacute;o &ndash; Wifi &ndash; Air climatis&eacute; en &eacute;t&eacute; &ndash; 20 chaises pliantes &ndash; Bancs (53 places), coussins (28 places)&ndash; 1 table &agrave; cocktail (2&#8242; x 2&#8242;), 2 tables en bois (2,5&#8242; x 4&#8242;), 1 table pliante en plastique (2,5&#8242; x 5&#8242;) &ndash; Rideaux noirs sur rails &ndash; Vestiaire unisexe avec miroirs et sans douche<br \/>\n&Eacute;QUIPEMENT<br \/>\nPossibilit&eacute; de location (usage dans notre studio) : &ndash; 3 micros : 15$ \/jour \/micro&ndash; Projecteur vid&eacute;o Christie 5000 lumens (fixe et suspendu au plafond)* : 50$ \/jour &ndash; Projecteur vid&eacute;o EPSON (mobile) : 40$ \/jour &ndash; DVD + t&eacute;l&eacute;viseur : 10$ \/jour&ndash; Syst&egrave;me d&rsquo;&eacute;clairage (console + lampes): 50$ \/jour + frais technicien obligatoires 20 $ \/heure pour un minimum de 4h *Pour changer l&rsquo;orientation du projecteur des frais de techniciens s&rsquo;appliquent. Possibilit&eacute; de louer certains &eacute;quipements &agrave; l&rsquo;ext&eacute;rieur du studio.&nbsp; &gt;&gt; Plan du studio et inventaire technique<br \/>\nACC&Egrave;S AU STUDIO<br \/>\nNous vous enverrons un code pour d&eacute;verrouiller la bo&icirc;te &agrave; cl&eacute;s.<br \/>\nPOLITIQUE D&rsquo;ANNULATION<br \/>\nVous pouvez consulter notre politique de remboursement et d&#8217;annulation ici &gt;\\n\\n[\/cs_content_seo][\/cs_element_column][\/cs_element_row][\/cs_element_section][cs_element_section _id=&#8221;13&#8243; ][cs_element_row _id=&#8221;14&#8243; ][cs_element_column _id=&#8221;15&#8243; ][cs_element_content_area _id=&#8221;16&#8243; ][cs_content_seo]\\n\\n[\/cs_content_seo][\/cs_element_column][\/cs_element_row][\/cs_element_section][\/cs_content]<\/p>\n","protected":false},"excerpt":{"rendered":"<p>[cs_content][cs_element_section _id=&#8221;1&#8243; ][cs_element_row _id=&#8221;2&#8243; ][cs_element_column _id=&#8221;3&#8243; ][cs_element_text _id=&#8221;4&#8243; ][cs_content_seo]ATTENTION ! Avant de r\u00e9server le studio,\u00a0veuillez lire notre Protocole li\u00e9 \u00e0 la pand\u00e9mie COVID-19, concernant le port du masque, la capacit\u00e9 r\u00e9duite, l\u2019a\u00e9ration, ainsi que vos responsabilit\u00e9s vis \u00e0 vis le nettoyage et le suivi des contacts. Merci ! \\n\\n[\/cs_content_seo][x_slider animation=&#8221;slide&#8221; slide_time=&#8221;7000&#8243; slide_speed=&#8221;1000&#8243; slideshow=&#8221;false&#8221; random=&#8221;false&#8221; control_nav=&#8221;false&#8221; [&hellip;]<\/p>\n","protected":false},"author":1,"featured_media":0,"parent":318,"menu_order":188,"comment_status":"closed","ping_status":"closed","template":"","meta":{"_acf_changed":false,"inline_featured_image":false,"_exactmetrics_skip_tracking":false,"_exactmetrics_sitenote_active":false,"_exactmetrics_sitenote_note":"","_exactmetrics_sitenote_category":0,"_themeisle_gutenberg_block_has_review":false,"footnotes":""},"class_list":["post-1010","page","type-page","status-publish","hentry"],"acf":[],"yoast_head":"<!-- This site is optimized with the Yoast SEO plugin v27.6 - https:\/\/yoast.com\/product\/yoast-seo-wordpress\/ -->\n<title>Others - Studio 303<\/title>\n<meta name=\"robots\" content=\"index, follow, max-snippet:-1, max-image-preview:large, max-video-preview:-1\" \/>\n<link rel=\"canonical\" href=\"https:\/\/www.studio303.ca\/louer-le-studio\/autres\/\" \/>\n<meta property=\"og:locale\" content=\"en_US\" \/>\n<meta property=\"og:type\" content=\"article\" \/>\n<meta property=\"og:title\" content=\"Others - Studio 303\" \/>\n<meta property=\"og:description\" content=\"[cs_content][cs_element_section _id=&#8221;1&#8243; ][cs_element_row _id=&#8221;2&#8243; ][cs_element_column _id=&#8221;3&#8243; ][cs_element_text _id=&#8221;4&#8243; ][cs_content_seo]ATTENTION ! Avant de r\u00e9server le studio,\u00a0veuillez lire notre Protocole li\u00e9 \u00e0 la pand\u00e9mie COVID-19, concernant le port du masque, la capacit\u00e9 r\u00e9duite, l\u2019a\u00e9ration, ainsi que vos responsabilit\u00e9s vis \u00e0 vis le nettoyage et le suivi des contacts. Merci ! nn[\/cs_content_seo][x_slider animation=&#8221;slide&#8221; slide_time=&#8221;7000&#8243; slide_speed=&#8221;1000&#8243; slideshow=&#8221;false&#8221; random=&#8221;false&#8221; control_nav=&#8221;false&#8221; [&hellip;]\" \/>\n<meta property=\"og:url\" content=\"https:\/\/www.studio303.ca\/louer-le-studio\/autres\/\" \/>\n<meta property=\"og:site_name\" content=\"Studio 303\" \/>\n<meta property=\"article:publisher\" content=\"https:\/\/www.facebook.com\/studio303.montreal\" \/>\n<meta property=\"article:modified_time\" content=\"2023-06-29T19:56:57+00:00\" \/>\n<meta property=\"og:image\" content=\"https:\/\/new.studio303.ca\/wp-content\/uploads\/2018\/07\/Photo-projection.jpg\" \/>\n<meta name=\"twitter:card\" content=\"summary_large_image\" \/>\n<meta name=\"twitter:label1\" content=\"Est. reading time\" \/>\n\t<meta name=\"twitter:data1\" content=\"4 minutes\" \/>\n<script type=\"application\/ld+json\" class=\"yoast-schema-graph\">{\"@context\":\"https:\\\/\\\/schema.org\",\"@graph\":[{\"@type\":\"WebPage\",\"@id\":\"https:\\\/\\\/www.studio303.ca\\\/louer-le-studio\\\/autres\\\/\",\"url\":\"https:\\\/\\\/www.studio303.ca\\\/louer-le-studio\\\/autres\\\/\",\"name\":\"Others - Studio 303\",\"isPartOf\":{\"@id\":\"https:\\\/\\\/www.studio303.ca\\\/#website\"},\"primaryImageOfPage\":{\"@id\":\"https:\\\/\\\/www.studio303.ca\\\/louer-le-studio\\\/autres\\\/#primaryimage\"},\"image\":{\"@id\":\"https:\\\/\\\/www.studio303.ca\\\/louer-le-studio\\\/autres\\\/#primaryimage\"},\"thumbnailUrl\":\"https:\\\/\\\/www.studio303.ca\\\/wp-content\\\/uploads\\\/2018\\\/07\\\/Photo-projection.jpg\",\"datePublished\":\"2018-07-02T02:33:29+00:00\",\"dateModified\":\"2023-06-29T19:56:57+00:00\",\"breadcrumb\":{\"@id\":\"https:\\\/\\\/www.studio303.ca\\\/louer-le-studio\\\/autres\\\/#breadcrumb\"},\"inLanguage\":\"en-US\",\"potentialAction\":[{\"@type\":\"ReadAction\",\"target\":[\"https:\\\/\\\/www.studio303.ca\\\/louer-le-studio\\\/autres\\\/\"]}]},{\"@type\":\"ImageObject\",\"inLanguage\":\"en-US\",\"@id\":\"https:\\\/\\\/www.studio303.ca\\\/louer-le-studio\\\/autres\\\/#primaryimage\",\"url\":\"https:\\\/\\\/www.studio303.ca\\\/wp-content\\\/uploads\\\/2018\\\/07\\\/Photo-projection.jpg\",\"contentUrl\":\"https:\\\/\\\/www.studio303.ca\\\/wp-content\\\/uploads\\\/2018\\\/07\\\/Photo-projection.jpg\"},{\"@type\":\"BreadcrumbList\",\"@id\":\"https:\\\/\\\/www.studio303.ca\\\/louer-le-studio\\\/autres\\\/#breadcrumb\",\"itemListElement\":[{\"@type\":\"ListItem\",\"position\":1,\"name\":\"Home\",\"item\":\"https:\\\/\\\/www.studio303.ca\\\/en\\\/home\\\/\"},{\"@type\":\"ListItem\",\"position\":2,\"name\":\"Studio Rental\",\"item\":\"https:\\\/\\\/www.studio303.ca\\\/en\\\/studio-rental\\\/\"},{\"@type\":\"ListItem\",\"position\":3,\"name\":\"Others\"}]},{\"@type\":\"WebSite\",\"@id\":\"https:\\\/\\\/www.studio303.ca\\\/#website\",\"url\":\"https:\\\/\\\/www.studio303.ca\\\/\",\"name\":\"Studio 303\",\"description\":\"Lieu de diffusion et de soutien pour la danse et l&#039;art indisciplin\u00e9 \u00e0 Montr\u00e9al.\",\"publisher\":{\"@id\":\"https:\\\/\\\/www.studio303.ca\\\/#organization\"},\"potentialAction\":[{\"@type\":\"SearchAction\",\"target\":{\"@type\":\"EntryPoint\",\"urlTemplate\":\"https:\\\/\\\/www.studio303.ca\\\/?s={search_term_string}\"},\"query-input\":{\"@type\":\"PropertyValueSpecification\",\"valueRequired\":true,\"valueName\":\"search_term_string\"}}],\"inLanguage\":\"en-US\"},{\"@type\":\"Organization\",\"@id\":\"https:\\\/\\\/www.studio303.ca\\\/#organization\",\"name\":\"Studio 303\",\"url\":\"https:\\\/\\\/www.studio303.ca\\\/\",\"logo\":{\"@type\":\"ImageObject\",\"inLanguage\":\"en-US\",\"@id\":\"https:\\\/\\\/www.studio303.ca\\\/#\\\/schema\\\/logo\\\/image\\\/\",\"url\":\"https:\\\/\\\/www.studio303.ca\\\/wp-content\\\/uploads\\\/2025\\\/08\\\/studio303-logo_black-c2586d.svg\",\"contentUrl\":\"https:\\\/\\\/www.studio303.ca\\\/wp-content\\\/uploads\\\/2025\\\/08\\\/studio303-logo_black-c2586d.svg\",\"caption\":\"Studio 303\"},\"image\":{\"@id\":\"https:\\\/\\\/www.studio303.ca\\\/#\\\/schema\\\/logo\\\/image\\\/\"},\"sameAs\":[\"https:\\\/\\\/www.facebook.com\\\/studio303.montreal\",\"http:\\\/\\\/instagram.com\\\/studio303\"]}]}<\/script>\n<!-- \/ Yoast SEO plugin. -->","yoast_head_json":{"title":"Others - Studio 303","robots":{"index":"index","follow":"follow","max-snippet":"max-snippet:-1","max-image-preview":"max-image-preview:large","max-video-preview":"max-video-preview:-1"},"canonical":"https:\/\/www.studio303.ca\/louer-le-studio\/autres\/","og_locale":"en_US","og_type":"article","og_title":"Others - Studio 303","og_description":"[cs_content][cs_element_section _id=&#8221;1&#8243; ][cs_element_row _id=&#8221;2&#8243; ][cs_element_column _id=&#8221;3&#8243; ][cs_element_text _id=&#8221;4&#8243; ][cs_content_seo]ATTENTION ! Avant de r\u00e9server le studio,\u00a0veuillez lire notre Protocole li\u00e9 \u00e0 la pand\u00e9mie COVID-19, concernant le port du masque, la capacit\u00e9 r\u00e9duite, l\u2019a\u00e9ration, ainsi que vos responsabilit\u00e9s vis \u00e0 vis le nettoyage et le suivi des contacts. Merci ! nn[\/cs_content_seo][x_slider animation=&#8221;slide&#8221; slide_time=&#8221;7000&#8243; slide_speed=&#8221;1000&#8243; slideshow=&#8221;false&#8221; random=&#8221;false&#8221; control_nav=&#8221;false&#8221; [&hellip;]","og_url":"https:\/\/www.studio303.ca\/louer-le-studio\/autres\/","og_site_name":"Studio 303","article_publisher":"https:\/\/www.facebook.com\/studio303.montreal","article_modified_time":"2023-06-29T19:56:57+00:00","og_image":[{"url":"https:\/\/new.studio303.ca\/wp-content\/uploads\/2018\/07\/Photo-projection.jpg","type":"","width":"","height":""}],"twitter_card":"summary_large_image","twitter_misc":{"Est. reading time":"4 minutes"},"schema":{"@context":"https:\/\/schema.org","@graph":[{"@type":"WebPage","@id":"https:\/\/www.studio303.ca\/louer-le-studio\/autres\/","url":"https:\/\/www.studio303.ca\/louer-le-studio\/autres\/","name":"Others - Studio 303","isPartOf":{"@id":"https:\/\/www.studio303.ca\/#website"},"primaryImageOfPage":{"@id":"https:\/\/www.studio303.ca\/louer-le-studio\/autres\/#primaryimage"},"image":{"@id":"https:\/\/www.studio303.ca\/louer-le-studio\/autres\/#primaryimage"},"thumbnailUrl":"https:\/\/www.studio303.ca\/wp-content\/uploads\/2018\/07\/Photo-projection.jpg","datePublished":"2018-07-02T02:33:29+00:00","dateModified":"2023-06-29T19:56:57+00:00","breadcrumb":{"@id":"https:\/\/www.studio303.ca\/louer-le-studio\/autres\/#breadcrumb"},"inLanguage":"en-US","potentialAction":[{"@type":"ReadAction","target":["https:\/\/www.studio303.ca\/louer-le-studio\/autres\/"]}]},{"@type":"ImageObject","inLanguage":"en-US","@id":"https:\/\/www.studio303.ca\/louer-le-studio\/autres\/#primaryimage","url":"https:\/\/www.studio303.ca\/wp-content\/uploads\/2018\/07\/Photo-projection.jpg","contentUrl":"https:\/\/www.studio303.ca\/wp-content\/uploads\/2018\/07\/Photo-projection.jpg"},{"@type":"BreadcrumbList","@id":"https:\/\/www.studio303.ca\/louer-le-studio\/autres\/#breadcrumb","itemListElement":[{"@type":"ListItem","position":1,"name":"Home","item":"https:\/\/www.studio303.ca\/en\/home\/"},{"@type":"ListItem","position":2,"name":"Studio Rental","item":"https:\/\/www.studio303.ca\/en\/studio-rental\/"},{"@type":"ListItem","position":3,"name":"Others"}]},{"@type":"WebSite","@id":"https:\/\/www.studio303.ca\/#website","url":"https:\/\/www.studio303.ca\/","name":"Studio 303","description":"Lieu de diffusion et de soutien pour la danse et l&#039;art indisciplin\u00e9 \u00e0 Montr\u00e9al.","publisher":{"@id":"https:\/\/www.studio303.ca\/#organization"},"potentialAction":[{"@type":"SearchAction","target":{"@type":"EntryPoint","urlTemplate":"https:\/\/www.studio303.ca\/?s={search_term_string}"},"query-input":{"@type":"PropertyValueSpecification","valueRequired":true,"valueName":"search_term_string"}}],"inLanguage":"en-US"},{"@type":"Organization","@id":"https:\/\/www.studio303.ca\/#organization","name":"Studio 303","url":"https:\/\/www.studio303.ca\/","logo":{"@type":"ImageObject","inLanguage":"en-US","@id":"https:\/\/www.studio303.ca\/#\/schema\/logo\/image\/","url":"https:\/\/www.studio303.ca\/wp-content\/uploads\/2025\/08\/studio303-logo_black-c2586d.svg","contentUrl":"https:\/\/www.studio303.ca\/wp-content\/uploads\/2025\/08\/studio303-logo_black-c2586d.svg","caption":"Studio 303"},"image":{"@id":"https:\/\/www.studio303.ca\/#\/schema\/logo\/image\/"},"sameAs":["https:\/\/www.facebook.com\/studio303.montreal","http:\/\/instagram.com\/studio303"]}]}},"_links":{"self":[{"href":"https:\/\/www.studio303.ca\/en\/wp-json\/wp\/v2\/pages\/1010","targetHints":{"allow":["GET"]}}],"collection":[{"href":"https:\/\/www.studio303.ca\/en\/wp-json\/wp\/v2\/pages"}],"about":[{"href":"https:\/\/www.studio303.ca\/en\/wp-json\/wp\/v2\/types\/page"}],"author":[{"embeddable":true,"href":"https:\/\/www.studio303.ca\/en\/wp-json\/wp\/v2\/users\/1"}],"replies":[{"embeddable":true,"href":"https:\/\/www.studio303.ca\/en\/wp-json\/wp\/v2\/comments?post=1010"}],"version-history":[{"count":13,"href":"https:\/\/www.studio303.ca\/en\/wp-json\/wp\/v2\/pages\/1010\/revisions"}],"predecessor-version":[{"id":20247,"href":"https:\/\/www.studio303.ca\/en\/wp-json\/wp\/v2\/pages\/1010\/revisions\/20247"}],"up":[{"embeddable":true,"href":"https:\/\/www.studio303.ca\/en\/wp-json\/wp\/v2\/pages\/318"}],"wp:attachment":[{"href":"https:\/\/www.studio303.ca\/en\/wp-json\/wp\/v2\/media?parent=1010"}],"curies":[{"name":"wp","href":"https:\/\/api.w.org\/{rel}","templated":true}]}}