{"id":1029,"date":"2018-07-02T21:05:22","date_gmt":"2018-07-03T02:05:22","guid":{"rendered":"http:\/\/www.studio303.ca\/home\/"},"modified":"2026-03-31T11:42:19","modified_gmt":"2026-03-31T15:42:19","slug":"home","status":"publish","type":"page","link":"https:\/\/www.studio303.ca\/en\/","title":{"rendered":"Home"},"content":{"rendered":"\n<div class=\"wp-block-group is-layout-constrained wp-block-group-is-layout-constrained\">\n<div id=\"landing\" class=\"wp-block-group landing_layout is-vertical is-nowrap is-layout-flex wp-container-core-group-is-layout-41954159 wp-block-group-is-layout-flex\">\n<div class=\"wp-block-group landing_row is-nowrap is-layout-flex wp-container-core-group-is-layout-6c531013 wp-block-group-is-layout-flex\"><h2 class=\"wp-block-heading home_heading former_item has-roboto-font-family\" style=\"font-size:clamp(2.786rem, 2.786rem + ((1vw - 0.2rem) * 5.061), 5.38rem);font-style:normal;font-weight:700\" id=\"learn\"><a class=\"home_link\" href=\"https:\/\/www.studio303.ca\/en\/workshops\/\">Learn<\/a><\/h2>\n\n\n<div class=\"wp-block-group is-vertical is-layout-flex wp-container-core-group-is-layout-fe9cc265 wp-block-group-is-layout-flex\">\n<div class=\"wp-block-buttons home_buttons is-vertical is-layout-flex wp-container-core-buttons-is-layout-fe9cc265 wp-block-buttons-is-layout-flex\">\n<div class=\"wp-block-button former_item\"><a class=\"wp-block-button__link wp-element-button\" href=\"https:\/\/www.studio303.ca\/en\/workshops\/\">Workshops<\/a><\/div>\n\n\n\n<div class=\"wp-block-button former_item\"><a class=\"wp-block-button__link wp-element-button\" href=\"https:\/\/www.studio303.ca\/en\/evening-classes\/\">Evening Classes<\/a><\/div>\n\n\n\n<div class=\"wp-block-button former_item\"><a class=\"wp-block-button__link wp-element-button\" href=\"https:\/\/www.studio303.ca\/en\/labs\/\">Labs<\/a><\/div>\n<\/div>\n<\/div>\n<\/div>\n\n\n\n<div class=\"wp-block-group landing_row is-nowrap is-layout-flex wp-container-core-group-is-layout-6c531013 wp-block-group-is-layout-flex\"><h2 class=\"wp-block-heading home_heading creer_item has-roboto-font-family\" style=\"font-size:clamp(2.786rem, 2.786rem + ((1vw - 0.2rem) * 5.061), 5.38rem);font-style:normal;font-weight:700\" id=\"create\"><a class=\"home_link\" href=\"https:\/\/www.studio303.ca\/en\/regular-residencies\/\">Create<\/a><\/h2>\n\n\n<div class=\"wp-block-group is-vertical is-layout-flex wp-container-core-group-is-layout-fe9cc265 wp-block-group-is-layout-flex\">\n<div class=\"wp-block-buttons home_buttons is-vertical is-layout-flex wp-container-core-buttons-is-layout-fe9cc265 wp-block-buttons-is-layout-flex\">\n<div class=\"wp-block-button creer_item\"><a class=\"wp-block-button__link wp-element-button\" href=\"https:\/\/www.studio303.ca\/en\/regular-residencies\/\">Regular Residencies<\/a><\/div>\n\n\n\n<div class=\"wp-block-button creer_item\"><a class=\"wp-block-button__link wp-element-button\" href=\"https:\/\/www.studio303.ca\/en\/special-residencies\/\">Special Residencies<\/a><\/div>\n<\/div>\n<\/div>\n<\/div>\n\n\n\n<div class=\"wp-block-group landing_row is-nowrap is-layout-flex wp-container-core-group-is-layout-6c531013 wp-block-group-is-layout-flex\"><h2 class=\"wp-block-heading home_heading rassembler_item has-roboto-font-family\" style=\"font-size:clamp(2.786rem, 2.786rem + ((1vw - 0.2rem) * 5.061), 5.38rem);font-style:normal;font-weight:700\" id=\"get-together\"><a class=\"home_link\" href=\"https:\/\/www.studio303.ca\/en\/spark-series\/\">Get together<\/a><\/h2>\n\n\n<div class=\"wp-block-buttons home_buttons is-vertical is-layout-flex wp-container-core-buttons-is-layout-fe9cc265 wp-block-buttons-is-layout-flex\">\n<div class=\"wp-block-button rassembler_item\"><a class=\"wp-block-button__link wp-element-button\" href=\"https:\/\/www.studio303.ca\/en\/spark-series\/\">SPARK Series<\/a><\/div>\n\n\n\n<div class=\"wp-block-button rassembler_item\"><a class=\"wp-block-button__link wp-element-button\" href=\"https:\/\/www.studio303.ca\/en\/taking-the-leap\/\">Taking the Leap<\/a><\/div>\n\n\n\n<div class=\"wp-block-button rassembler_item\"><a class=\"wp-block-button__link wp-element-button\" href=\"https:\/\/www.studio303.ca\/en\/public-events\/\">Public Events<\/a><\/div>\n\n\n\n<div class=\"wp-block-button rassembler_item\"><a class=\"wp-block-button__link wp-element-button\" href=\"https:\/\/www.studio303.ca\/en\/reading-circles\/\">Reading Circles<\/a><\/div>\n<\/div>\n<\/div>\n\n\n\n<div class=\"wp-block-group landing_row is-nowrap is-layout-flex wp-container-core-group-is-layout-6c531013 wp-block-group-is-layout-flex\"><h2 class=\"wp-block-heading home_heading louer_item has-roboto-font-family\" style=\"font-size:clamp(2.786rem, 2.786rem + ((1vw - 0.2rem) * 5.061), 5.38rem);font-style:normal;font-weight:700\" id=\"rent\"><a class=\"home_link\" href=\"https:\/\/www.studio303.ca\/en\/studio-rental\/\">Rent<\/a><\/h2>\n\n\n<div class=\"wp-block-group is-vertical is-layout-flex wp-container-core-group-is-layout-fe9cc265 wp-block-group-is-layout-flex\">\n<div class=\"wp-block-buttons home_buttons is-vertical is-layout-flex wp-container-core-buttons-is-layout-fe9cc265 wp-block-buttons-is-layout-flex\">\n<div class=\"wp-block-button louer_item\"><a class=\"wp-block-button__link wp-element-button\" href=\"https:\/\/www.studio303.ca\/en\/studio-rental\/\">Studio Only<\/a><\/div>\n\n\n\n<div class=\"wp-block-button louer_item\"><a class=\"wp-block-button__link wp-element-button\" href=\"https:\/\/www.studio303.ca\/en\/studio-rental\/independent-production\/\">Independent Productions<\/a><\/div>\n<\/div>\n<\/div>\n<\/div>\n<\/div>\n\n\n\n<div style=\"height:10rem\" aria-hidden=\"true\" class=\"wp-block-spacer\"><\/div>\n\n\n<h4 class='prog_list_title'>Upcoming Workshops<\/h4><div class='prog_list_grid' ><div class='prog_grid_item'><div class='prog_grid_item_img'><a href='https:\/\/www.studio303.ca\/en\/programmation\/pax-free-form-lab-25-26-en\/'><img loading=\"lazy\" decoding=\"async\" width=\"792\" height=\"272\" src=\"https:\/\/www.studio303.ca\/wp-content\/uploads\/2025\/11\/pax-brittney-power-1-792x272.png\" class=\"grid_item_img wp-post-image\" alt=\"\" \/><\/a><\/div><div class='prog_grid_item_datetime'>Monday, 13 \u21fe Friday, Apr. 17 2026 &middot; 09:30 to 12:30<\/div><h4><a class='programming_link' href='https:\/\/www.studio303.ca\/en\/programmation\/pax-free-form-lab-25-26-en\/'>Pax &#8211; Free Form Lab<\/a><\/h4><\/div><div class='prog_grid_vertical_divider'><\/div><div class='prog_grid_item'><div class='prog_grid_item_img'><a href='https:\/\/www.studio303.ca\/en\/programmation\/ivanie-aubin-malo-yaliyat-cocahq-travelling-spirit-25-26-en\/'><img loading=\"lazy\" decoding=\"async\" width=\"792\" height=\"272\" src=\"https:\/\/www.studio303.ca\/wp-content\/uploads\/2025\/11\/ivanie-aubin-malo-olivier-arsenault-1-792x272.png\" class=\"grid_item_img wp-post-image\" alt=\"\" \/><\/a><\/div><div class='prog_grid_item_datetime'>Monday, 20 \u21fe Friday, Apr. 24 2026 &middot; 09:30 to 12:30<\/div><h4><a class='programming_link' href='https:\/\/www.studio303.ca\/en\/programmation\/ivanie-aubin-malo-yaliyat-cocahq-travelling-spirit-25-26-en\/'>Ivanie Aubin-Malo &#8211; Yaliyat cocahq \/ Travelling Spirit <\/a><\/h4><\/div><div class='prog_grid_vertical_divider'><\/div><div class='prog_grid_item'><div class='prog_grid_item_img'><a href='https:\/\/www.studio303.ca\/en\/programmation\/charles-brecard-fluidify-25-26-en\/'><img loading=\"lazy\" decoding=\"async\" width=\"792\" height=\"272\" src=\"https:\/\/www.studio303.ca\/wp-content\/uploads\/2025\/11\/charles-becard-melika-dez-1-792x272.png\" class=\"grid_item_img wp-post-image\" alt=\"\" \/><\/a><\/div><div class='prog_grid_item_datetime'>Monday, Apr. 27 \u21fe Friday, May 01 2026 &middot; 09:30 to 12:30<\/div><h4><a class='programming_link' href='https:\/\/www.studio303.ca\/en\/programmation\/charles-brecard-fluidify-25-26-en\/'>Charles Brecard &#8211; FLUIDIFY<\/a><\/h4><\/div><div class='prog_grid_vertical_divider'><\/div><div class='prog_grid_item'><div class='prog_grid_item_img'><a href='https:\/\/www.studio303.ca\/en\/programmation\/a-corps-consentants-body-consent-empowerment-25-26-en\/'><img loading=\"lazy\" decoding=\"async\" width=\"792\" height=\"272\" src=\"https:\/\/www.studio303.ca\/wp-content\/uploads\/2025\/11\/a-corps-consentants-david-wong-1-792x272.png\" class=\"grid_item_img wp-post-image\" alt=\"\" \/><\/a><\/div><div class='prog_grid_item_datetime'>Monday, 04 \u21fe Friday, May 08 2026 &middot; 10:00 to 13:00<\/div><h4><a class='programming_link' href='https:\/\/www.studio303.ca\/en\/programmation\/a-corps-consentants-body-consent-empowerment-25-26-en\/'>\u00c0 corps consentants &#8211; Body, Consent &#038; Empowerment<\/a><\/h4><\/div><\/div>\n\n\n<div style=\"height:4rem\" aria-hidden=\"true\" class=\"wp-block-spacer mobile-hide\"><\/div>\n\n\n\n<div class=\"wp-block-columns is-layout-flex wp-container-core-columns-is-layout-28f84493 wp-block-columns-is-layout-flex\">\n<div class=\"wp-block-column is-layout-flow wp-block-column-is-layout-flow\" style=\"flex-basis:50%\"><div class='prog_feat' id=\"home_featured\" ><h4 class='prog_feat_title'>Featured Content<\/h4><div class=\"wp-block-group is-layout-constrained wp-block-group-is-layout-constrained has-background\"><div class='prog_list_item_img'><a href='https:\/\/www.studio303.ca\/en\/programmation\/grant-lab-lunch-talk-apr-25-26-en\/'><img loading=\"lazy\" decoding=\"async\" width=\"367\" height=\"344\" src=\"https:\/\/www.studio303.ca\/wp-content\/uploads\/2025\/10\/Grant-Spa-02-1-367x344.png\" class=\"grid_item_img wp-post-image\" alt=\"\" srcset=\"https:\/\/www.studio303.ca\/wp-content\/uploads\/2025\/10\/Grant-Spa-02-1-367x344.png 367w, https:\/\/www.studio303.ca\/wp-content\/uploads\/2025\/10\/Grant-Spa-02-1-300x281.png 300w, https:\/\/www.studio303.ca\/wp-content\/uploads\/2025\/10\/Grant-Spa-02-1-768x720.png 768w, https:\/\/www.studio303.ca\/wp-content\/uploads\/2025\/10\/Grant-Spa-02-1.png 1024w\" sizes=\"auto, (max-width: 367px) 100vw, 367px\" \/><\/a><\/div><\/div><div class='prog_feat_item_datetime'>Friday, Apr. 10 2026 &middot; 10:00 to 16:00<\/div><h3><a class='programming_link' href='https:\/\/www.studio303.ca\/en\/programmation\/grant-lab-lunch-talk-apr-25-26-en\/'>Grant Lab + lunch talk (Apr.)<\/a><\/h3><div class='prog_feat_item_resume'><p>Ahead of the busy festival period (mainly FTA\/OFFTA), how can one best prepare to make their work visible and meet the right people?<\/p>\n<\/div><div class='more_link'><a class='list_link' href='https:\/\/www.studio303.ca\/en\/programmation\/grant-lab-lunch-talk-apr-25-26-en\/'>More details<\/a><\/div><\/div><\/div>\n\n\n\n<div class=\"wp-block-column is-layout-flow wp-block-column-is-layout-flow\" style=\"flex-basis:10%\"><\/div>\n\n\n\n<div class=\"wp-block-column is-layout-flow wp-block-column-is-layout-flow\" style=\"flex-basis:40%\"><div class='prog_list_container' id=\"home_list\" ><h4 class='prog_list_title'>Upcoming Events<\/h4><div class='prog_list_list'><div class='prog_list_item'><div class='prog_grid_item_datetime'>Thursday, Sep. 04 2025 \u21fe Thursday, Jun. 11 2026 &middot; 13:00 to 14:00<\/div><h4><a class='programming_link' href='https:\/\/www.studio303.ca\/en\/programmation\/hubert-theriault-reading-circle-final-report-on-the-missing-and-murdered-indigenous-women-and-girls-mmiwg-inquiry-25-26-en\/'>Reading circle \u2014 Final Report on the Missing and Murdered Indigenous Women and Girls (MMIWG) Inquiry<\/a><\/h4><div class='more_link'><a class='list_link' href='https:\/\/www.studio303.ca\/en\/programmation\/hubert-theriault-reading-circle-final-report-on-the-missing-and-murdered-indigenous-women-and-girls-mmiwg-inquiry-25-26-en\/'>More details<\/a><\/div><\/div><div class='prog_list_horizontal_divider'><\/div><div class='prog_list_item'><div class='prog_grid_item_datetime'>Tuesday, Sep. 16 2025 \u21fe Tuesday, Jun. 16 2026 &middot; 17:30 to 19:30<\/div><h4><a class='programming_link' href='https:\/\/www.studio303.ca\/en\/programmation\/dramaturgy-reading-circle-25-26-en\/'>Dramaturgy Reading Circle<\/a><\/h4><div class='more_link'><a class='list_link' href='https:\/\/www.studio303.ca\/en\/programmation\/dramaturgy-reading-circle-25-26-en\/'>More details<\/a><\/div><\/div><div class='prog_list_horizontal_divider'><\/div><div class='prog_list_item'><div class='prog_grid_item_datetime'>Saturday, Apr. 25 2026 &middot; 15:00 to 19:00<\/div><h4><a class='programming_link' href='https:\/\/www.studio303.ca\/en\/programmation\/marathon-25-26-en\/'>MARATHON<\/a><\/h4><div class='more_link'><a class='list_link' href='https:\/\/www.studio303.ca\/en\/programmation\/marathon-25-26-en\/'>More details<\/a><\/div><\/div><\/div><\/div><\/div>\n<\/div>\n\n\n\n<div style=\"height:4rem\" aria-hidden=\"true\" class=\"wp-block-spacer mobile-hide\"><\/div>\n<\/div>\n","protected":false},"excerpt":{"rendered":"<p>Learn Create Get together Rent<\/p>\n","protected":false},"author":1,"featured_media":0,"parent":0,"menu_order":208,"comment_status":"closed","ping_status":"closed","template":"","meta":{"_acf_changed":false,"inline_featured_image":false,"_exactmetrics_skip_tracking":false,"_exactmetrics_sitenote_active":false,"_exactmetrics_sitenote_note":"","_exactmetrics_sitenote_category":0,"_themeisle_gutenberg_block_has_review":false,"footnotes":""},"class_list":["post-1029","page","type-page","status-publish","hentry"],"acf":[],"yoast_head":"<!-- This site is optimized with the Yoast SEO plugin v27.3 - https:\/\/yoast.com\/product\/yoast-seo-wordpress\/ -->\n<title>Home - Studio 303<\/title>\n<meta name=\"robots\" content=\"index, follow, max-snippet:-1, max-image-preview:large, max-video-preview:-1\" \/>\n<link rel=\"canonical\" href=\"https:\/\/www.studio303.ca\/en\/home\/\" \/>\n<meta property=\"og:locale\" content=\"en_US\" \/>\n<meta property=\"og:type\" content=\"article\" \/>\n<meta property=\"og:title\" content=\"Home - Studio 303\" \/>\n<meta property=\"og:description\" content=\"Learn Create Get together Rent\" \/>\n<meta property=\"og:url\" content=\"https:\/\/www.studio303.ca\/en\/home\/\" \/>\n<meta property=\"og:site_name\" content=\"Studio 303\" \/>\n<meta property=\"article:publisher\" content=\"https:\/\/www.facebook.com\/studio303.montreal\" \/>\n<meta property=\"article:modified_time\" content=\"2026-03-31T15:42:19+00:00\" \/>\n<meta name=\"twitter:card\" content=\"summary_large_image\" \/>\n<meta name=\"twitter:label1\" content=\"Est. reading time\" \/>\n\t<meta name=\"twitter:data1\" content=\"1 minute\" \/>\n<script type=\"application\/ld+json\" class=\"yoast-schema-graph\">{\"@context\":\"https:\\\/\\\/schema.org\",\"@graph\":[{\"@type\":\"WebPage\",\"@id\":\"https:\\\/\\\/www.studio303.ca\\\/en\\\/home\\\/\",\"url\":\"https:\\\/\\\/www.studio303.ca\\\/en\\\/home\\\/\",\"name\":\"Home - Studio 303\",\"isPartOf\":{\"@id\":\"https:\\\/\\\/www.studio303.ca\\\/#website\"},\"datePublished\":\"2018-07-03T02:05:22+00:00\",\"dateModified\":\"2026-03-31T15:42:19+00:00\",\"breadcrumb\":{\"@id\":\"https:\\\/\\\/www.studio303.ca\\\/en\\\/home\\\/#breadcrumb\"},\"inLanguage\":\"en-US\",\"potentialAction\":[{\"@type\":\"ReadAction\",\"target\":[\"https:\\\/\\\/www.studio303.ca\\\/en\\\/home\\\/\"]}]},{\"@type\":\"BreadcrumbList\",\"@id\":\"https:\\\/\\\/www.studio303.ca\\\/en\\\/home\\\/#breadcrumb\",\"itemListElement\":[{\"@type\":\"ListItem\",\"position\":1,\"name\":\"Home\",\"item\":\"https:\\\/\\\/www.studio303.ca\\\/en\\\/home\\\/\"},{\"@type\":\"ListItem\",\"position\":2,\"name\":\"Home\"}]},{\"@type\":\"WebSite\",\"@id\":\"https:\\\/\\\/www.studio303.ca\\\/#website\",\"url\":\"https:\\\/\\\/www.studio303.ca\\\/\",\"name\":\"Studio 303\",\"description\":\"Lieu de diffusion et de soutien pour la danse et l&#039;art indisciplin\u00e9 \u00e0 Montr\u00e9al.\",\"publisher\":{\"@id\":\"https:\\\/\\\/www.studio303.ca\\\/#organization\"},\"potentialAction\":[{\"@type\":\"SearchAction\",\"target\":{\"@type\":\"EntryPoint\",\"urlTemplate\":\"https:\\\/\\\/www.studio303.ca\\\/?s={search_term_string}\"},\"query-input\":{\"@type\":\"PropertyValueSpecification\",\"valueRequired\":true,\"valueName\":\"search_term_string\"}}],\"inLanguage\":\"en-US\"},{\"@type\":\"Organization\",\"@id\":\"https:\\\/\\\/www.studio303.ca\\\/#organization\",\"name\":\"Studio 303\",\"url\":\"https:\\\/\\\/www.studio303.ca\\\/\",\"logo\":{\"@type\":\"ImageObject\",\"inLanguage\":\"en-US\",\"@id\":\"https:\\\/\\\/www.studio303.ca\\\/#\\\/schema\\\/logo\\\/image\\\/\",\"url\":\"https:\\\/\\\/www.studio303.ca\\\/wp-content\\\/uploads\\\/2025\\\/08\\\/studio303-logo_black-c2586d.svg\",\"contentUrl\":\"https:\\\/\\\/www.studio303.ca\\\/wp-content\\\/uploads\\\/2025\\\/08\\\/studio303-logo_black-c2586d.svg\",\"caption\":\"Studio 303\"},\"image\":{\"@id\":\"https:\\\/\\\/www.studio303.ca\\\/#\\\/schema\\\/logo\\\/image\\\/\"},\"sameAs\":[\"https:\\\/\\\/www.facebook.com\\\/studio303.montreal\",\"http:\\\/\\\/instagram.com\\\/studio303\"]}]}<\/script>\n<!-- \/ Yoast SEO plugin. -->","yoast_head_json":{"title":"Home - Studio 303","robots":{"index":"index","follow":"follow","max-snippet":"max-snippet:-1","max-image-preview":"max-image-preview:large","max-video-preview":"max-video-preview:-1"},"canonical":"https:\/\/www.studio303.ca\/en\/home\/","og_locale":"en_US","og_type":"article","og_title":"Home - Studio 303","og_description":"Learn Create Get together Rent","og_url":"https:\/\/www.studio303.ca\/en\/home\/","og_site_name":"Studio 303","article_publisher":"https:\/\/www.facebook.com\/studio303.montreal","article_modified_time":"2026-03-31T15:42:19+00:00","twitter_card":"summary_large_image","twitter_misc":{"Est. reading time":"1 minute"},"schema":{"@context":"https:\/\/schema.org","@graph":[{"@type":"WebPage","@id":"https:\/\/www.studio303.ca\/en\/home\/","url":"https:\/\/www.studio303.ca\/en\/home\/","name":"Home - Studio 303","isPartOf":{"@id":"https:\/\/www.studio303.ca\/#website"},"datePublished":"2018-07-03T02:05:22+00:00","dateModified":"2026-03-31T15:42:19+00:00","breadcrumb":{"@id":"https:\/\/www.studio303.ca\/en\/home\/#breadcrumb"},"inLanguage":"en-US","potentialAction":[{"@type":"ReadAction","target":["https:\/\/www.studio303.ca\/en\/home\/"]}]},{"@type":"BreadcrumbList","@id":"https:\/\/www.studio303.ca\/en\/home\/#breadcrumb","itemListElement":[{"@type":"ListItem","position":1,"name":"Home","item":"https:\/\/www.studio303.ca\/en\/home\/"},{"@type":"ListItem","position":2,"name":"Home"}]},{"@type":"WebSite","@id":"https:\/\/www.studio303.ca\/#website","url":"https:\/\/www.studio303.ca\/","name":"Studio 303","description":"Lieu de diffusion et de soutien pour la danse et l&#039;art indisciplin\u00e9 \u00e0 Montr\u00e9al.","publisher":{"@id":"https:\/\/www.studio303.ca\/#organization"},"potentialAction":[{"@type":"SearchAction","target":{"@type":"EntryPoint","urlTemplate":"https:\/\/www.studio303.ca\/?s={search_term_string}"},"query-input":{"@type":"PropertyValueSpecification","valueRequired":true,"valueName":"search_term_string"}}],"inLanguage":"en-US"},{"@type":"Organization","@id":"https:\/\/www.studio303.ca\/#organization","name":"Studio 303","url":"https:\/\/www.studio303.ca\/","logo":{"@type":"ImageObject","inLanguage":"en-US","@id":"https:\/\/www.studio303.ca\/#\/schema\/logo\/image\/","url":"https:\/\/www.studio303.ca\/wp-content\/uploads\/2025\/08\/studio303-logo_black-c2586d.svg","contentUrl":"https:\/\/www.studio303.ca\/wp-content\/uploads\/2025\/08\/studio303-logo_black-c2586d.svg","caption":"Studio 303"},"image":{"@id":"https:\/\/www.studio303.ca\/#\/schema\/logo\/image\/"},"sameAs":["https:\/\/www.facebook.com\/studio303.montreal","http:\/\/instagram.com\/studio303"]}]}},"_links":{"self":[{"href":"https:\/\/www.studio303.ca\/en\/wp-json\/wp\/v2\/pages\/1029","targetHints":{"allow":["GET"]}}],"collection":[{"href":"https:\/\/www.studio303.ca\/en\/wp-json\/wp\/v2\/pages"}],"about":[{"href":"https:\/\/www.studio303.ca\/en\/wp-json\/wp\/v2\/types\/page"}],"author":[{"embeddable":true,"href":"https:\/\/www.studio303.ca\/en\/wp-json\/wp\/v2\/users\/1"}],"replies":[{"embeddable":true,"href":"https:\/\/www.studio303.ca\/en\/wp-json\/wp\/v2\/comments?post=1029"}],"version-history":[{"count":698,"href":"https:\/\/www.studio303.ca\/en\/wp-json\/wp\/v2\/pages\/1029\/revisions"}],"predecessor-version":[{"id":34416,"href":"https:\/\/www.studio303.ca\/en\/wp-json\/wp\/v2\/pages\/1029\/revisions\/34416"}],"wp:attachment":[{"href":"https:\/\/www.studio303.ca\/en\/wp-json\/wp\/v2\/media?parent=1029"}],"curies":[{"name":"wp","href":"https:\/\/api.w.org\/{rel}","templated":true}]}}