{"id":12935,"date":"2022-01-13T09:51:33","date_gmt":"2022-01-13T14:51:33","guid":{"rendered":"https:\/\/www.studio303.ca\/?page_id=12935"},"modified":"2023-08-16T20:02:50","modified_gmt":"2023-08-17T01:02:50","slug":"cours-du-soir-le-corps-qui-ressent-avec-aurora-prelevic","status":"publish","type":"page","link":"https:\/\/www.studio303.ca\/en\/cours-du-soir-le-corps-qui-ressent-avec-aurora-prelevic\/","title":{"rendered":"OPEN-LEVEL CLASS \/\/ SENSING BODY WITH AURORA PRELEVI\u0106"},"content":{"rendered":"<h3><b>Thursday <\/b>\u2014 8:00 p.m.<b> to 9:30 p.m.\u00a0<\/b><b><\/b><\/h3>\n<p><span style=\"font-weight: 400;\"><strong>FALL:<\/strong> <b>Sept. 14 to Dec. 14th, 2023<br \/>\n<\/b><\/span><span style=\"font-weight: 400;\"><span style=\"color: #000000;\"><strong>$20 per class<br \/>\n<\/strong><\/span><span style=\"color: #000000;\"><strong>$126 for half the fall session <\/strong>(7 classes)<strong><br \/>\n<\/strong><strong>$210 full fall session <\/strong>(14 classes)<strong><br \/>\n<\/strong><\/span><\/span><span style=\"font-weight: 400;\">No one turned away for a lack of funds, please be in touch if you\u2019re in a precarious financial position and we\u2019ll find a solution for you to join us!<strong><br \/>\nPayment by e-transfer: <a href=\"mailto:auroradiana@gmail.com\">auroradiana@gmail.com<\/a><\/strong><\/span><b><span style=\"font-weight: 400;\"><br \/>\n<\/span><\/b><b>Class in English and French<\/b><\/p>\n<p><b>TO REGISTER &gt; <\/b><a href=\"mailto:auroradiana@gmail.com\"><b><span data-rich-links=\"{&quot;per_n&quot;:&quot;auroradiana@gmail.com&quot;,&quot;per_e&quot;:&quot;auroradiana@gmail.com&quot;,&quot;type&quot;:&quot;person&quot;}\">auroradiana@gmail.com<\/span><\/b><\/a><\/p>\n<p><em><strong>Mask <span style=\"text-decoration: underline;\">mandatory<\/span> \u2013 please consult <a href=\"https:\/\/www.studio303.ca\/en\/covid-19-en\/\" target=\"_blank\" rel=\"noopener\">Studio 303\u2019s COVID-19-Related Accessibility page<\/a>\u00a0for further information.<\/strong><\/em><\/p>\n<hr \/>\n<p><strong>CONTENT<br \/>\n<\/strong>Strongly rooted in the healing arts and magical practices as much as it is informed by contemporary dance and somatic practices, <strong>sensing body<\/strong> is an exploration of the body through improvisational movement. Grounded through warmups informed by yoga, meditation, breathwork, and qi gong, participants are invited to find their own forms through exploratory movement scores that take various creative shapes. Attuning to our senses and sensations through the ever-shifting tides of the inner landscape, we will move together through a co-created space. The body as temperature-taker and weather, poet and language, guide and traveler.<\/p>\n<p>All are welcome, come as you are. No previous dance or movement practice experience necessary, just an attitude of exploration and play.<\/p>\n<p><strong><br \/>\nACCESSIBILITY<br \/>\n<\/strong>Every instruction is an invitation for students to meet their own bodies and experiences, desires and abilities. Movement is improvisational, oriented towards scores and not phrases, focused on the individual\u2019s experience, within group energies. Partner or group exercises are sometimes proposed, but always optional, and choosing to participate otherwise is welcomed at all times. Improvisation and creativity\u00a0are not only thematics of the classes but tools we employ together in order to meet the accessibility needs of everyone in the room, bearing in mind that these needs may change from week to week. Instructions are verbal with some demonstrations where appropriate. Questions and vocal participation from students are welcome throughout the class, though this form of participation is not required if not desired.\u00a0The possibility of touch and the negotiation of physical boundaries are co-communicated in the room among participants,\u00a0with modeling and guidance from the instructor. Responsibility is shared for maintaining an environment that is held with the intention of co-creating as safe a space as possible for all participants.\u00a0Please note that all participants wear masks in order to render the class accessible to chronically ill\/disabled\/immunocompromised people. There will always be masks available in studio if you forget to bring one.\u00a0Feel free to be in contact with me regarding any specific accessibility concerns and queries either before,\u00a0during, or after attendance.<\/p>\n<p><strong><br \/>\nBIOGRAPHY<br \/>\nAurora Prelevi\u0107<\/strong> (she\/elle) is a movement and performance artist, a teacher of somatics, a writer, and a practicing herbalist. Born in Tioti\u00e0:ke \/ Montr\u00e9al, she is the first generation of her family born on this land and carries strong Yugoslav \/ Balkan roots. Her extensive background in yoga, meditation, contemporary improvisational dance, experimental movement practices, and other somatic forms informs her approach to movement as both ritual and performance, therapeutic and artistic. Beloved teachers and important influences include K.J. Holmes, Stephanie Maher, the late Kathleen Hermesdorf, the late Michael Stone, Sara Shelton Mann, Keith Hennessy, Marina Abramovi\u0107, and Kelly Keenan.<\/p>\n<p>Aurora has taught regular somatics classes and special workshops for over ten years in her many homes of Montr\u00e9al, Vancouver, New York, and Belgrade, as well as in Italy and in Germany. She holds an interdisciplinary MA from the New School for Social Research in New York, situated somewhere at the intersection of memory, performance, and gender studies. Aurora lives with chronic pain and illness which informs her teaching style as one seeped in prioritizing accessibility, seeking to be inclusive of all bodies and abilities, encouraging students to find their own forms. Connecting with nature is one of her favourite things about being alive on this planet, and one of the ways she feels most at home here.<\/p>\n<hr \/>\n<p><b>Evening classes are open to all levels, and it is recommended to register in advance for one or multiple classes.<\/b><\/p>\n<p><strong>Registration is done directly with the teachers, please contact them if you need additional information.<\/strong><\/p>\n","protected":false},"excerpt":{"rendered":"<p>Thursday \u2014 8:00 p.m. to 9:30 p.m.\u00a0 FALL: Sept. 14 to Dec. 14th, 2023 $20 per class $126 for half the fall session (7 classes) $210 full fall session (14 classes) No one turned away for a lack of funds, please be in touch if you\u2019re in a precarious financial position and we\u2019ll find a [&hellip;]<\/p>\n","protected":false},"author":2,"featured_media":22249,"parent":0,"menu_order":27,"comment_status":"closed","ping_status":"closed","template":"","meta":{"_acf_changed":false,"inline_featured_image":false,"_exactmetrics_skip_tracking":false,"_exactmetrics_sitenote_active":false,"_exactmetrics_sitenote_note":"","_exactmetrics_sitenote_category":0,"_themeisle_gutenberg_block_has_review":false,"footnotes":""},"class_list":["post-12935","page","type-page","status-publish","has-post-thumbnail","hentry"],"acf":[],"yoast_head":"<!-- This site is optimized with the Yoast SEO plugin v27.3 - https:\/\/yoast.com\/product\/yoast-seo-wordpress\/ -->\n<title>OPEN-LEVEL CLASS \/\/ SENSING BODY WITH AURORA PRELEVI\u0106 - Studio 303<\/title>\n<meta name=\"robots\" content=\"index, follow, max-snippet:-1, max-image-preview:large, max-video-preview:-1\" \/>\n<link rel=\"canonical\" href=\"https:\/\/www.studio303.ca\/en\/cours-du-soir-le-corps-qui-ressent-avec-aurora-prelevic\/\" \/>\n<meta property=\"og:locale\" content=\"en_US\" \/>\n<meta property=\"og:type\" content=\"article\" \/>\n<meta property=\"og:title\" content=\"OPEN-LEVEL CLASS \/\/ SENSING BODY WITH AURORA PRELEVI\u0106 - Studio 303\" \/>\n<meta property=\"og:description\" content=\"Thursday \u2014 8:00 p.m. to 9:30 p.m.\u00a0 FALL: Sept. 14 to Dec. 14th, 2023 $20 per class $126 for half the fall session (7 classes) $210 full fall session (14 classes) No one turned away for a lack of funds, please be in touch if you\u2019re in a precarious financial position and we\u2019ll find a [&hellip;]\" \/>\n<meta property=\"og:url\" content=\"https:\/\/www.studio303.ca\/en\/cours-du-soir-le-corps-qui-ressent-avec-aurora-prelevic\/\" \/>\n<meta property=\"og:site_name\" content=\"Studio 303\" \/>\n<meta property=\"article:publisher\" content=\"https:\/\/www.facebook.com\/studio303.montreal\" \/>\n<meta property=\"article:modified_time\" content=\"2023-08-17T01:02:50+00:00\" \/>\n<meta property=\"og:image\" content=\"https:\/\/www.studio303.ca\/wp-content\/uploads\/2023\/08\/Aurora-Prelevic.png\" \/>\n\t<meta property=\"og:image:width\" content=\"640\" \/>\n\t<meta property=\"og:image:height\" content=\"480\" \/>\n\t<meta property=\"og:image:type\" content=\"image\/png\" \/>\n<meta name=\"twitter:card\" content=\"summary_large_image\" \/>\n<meta name=\"twitter:label1\" content=\"Est. reading time\" \/>\n\t<meta name=\"twitter:data1\" content=\"3 minutes\" \/>\n<script type=\"application\/ld+json\" class=\"yoast-schema-graph\">{\"@context\":\"https:\\\/\\\/schema.org\",\"@graph\":[{\"@type\":\"WebPage\",\"@id\":\"https:\\\/\\\/www.studio303.ca\\\/en\\\/cours-du-soir-le-corps-qui-ressent-avec-aurora-prelevic\\\/\",\"url\":\"https:\\\/\\\/www.studio303.ca\\\/en\\\/cours-du-soir-le-corps-qui-ressent-avec-aurora-prelevic\\\/\",\"name\":\"OPEN-LEVEL CLASS \\\/\\\/ SENSING BODY WITH AURORA PRELEVI\u0106 - Studio 303\",\"isPartOf\":{\"@id\":\"https:\\\/\\\/www.studio303.ca\\\/#website\"},\"primaryImageOfPage\":{\"@id\":\"https:\\\/\\\/www.studio303.ca\\\/en\\\/cours-du-soir-le-corps-qui-ressent-avec-aurora-prelevic\\\/#primaryimage\"},\"image\":{\"@id\":\"https:\\\/\\\/www.studio303.ca\\\/en\\\/cours-du-soir-le-corps-qui-ressent-avec-aurora-prelevic\\\/#primaryimage\"},\"thumbnailUrl\":\"https:\\\/\\\/www.studio303.ca\\\/wp-content\\\/uploads\\\/2023\\\/08\\\/Aurora-Prelevic.png\",\"datePublished\":\"2022-01-13T14:51:33+00:00\",\"dateModified\":\"2023-08-17T01:02:50+00:00\",\"breadcrumb\":{\"@id\":\"https:\\\/\\\/www.studio303.ca\\\/en\\\/cours-du-soir-le-corps-qui-ressent-avec-aurora-prelevic\\\/#breadcrumb\"},\"inLanguage\":\"en-US\",\"potentialAction\":[{\"@type\":\"ReadAction\",\"target\":[\"https:\\\/\\\/www.studio303.ca\\\/en\\\/cours-du-soir-le-corps-qui-ressent-avec-aurora-prelevic\\\/\"]}]},{\"@type\":\"ImageObject\",\"inLanguage\":\"en-US\",\"@id\":\"https:\\\/\\\/www.studio303.ca\\\/en\\\/cours-du-soir-le-corps-qui-ressent-avec-aurora-prelevic\\\/#primaryimage\",\"url\":\"https:\\\/\\\/www.studio303.ca\\\/wp-content\\\/uploads\\\/2023\\\/08\\\/Aurora-Prelevic.png\",\"contentUrl\":\"https:\\\/\\\/www.studio303.ca\\\/wp-content\\\/uploads\\\/2023\\\/08\\\/Aurora-Prelevic.png\",\"width\":640,\"height\":480},{\"@type\":\"BreadcrumbList\",\"@id\":\"https:\\\/\\\/www.studio303.ca\\\/en\\\/cours-du-soir-le-corps-qui-ressent-avec-aurora-prelevic\\\/#breadcrumb\",\"itemListElement\":[{\"@type\":\"ListItem\",\"position\":1,\"name\":\"Home\",\"item\":\"https:\\\/\\\/www.studio303.ca\\\/en\\\/home\\\/\"},{\"@type\":\"ListItem\",\"position\":2,\"name\":\"OPEN-LEVEL CLASS \\\/\\\/ SENSING BODY WITH AURORA PRELEVI\u0106\"}]},{\"@type\":\"WebSite\",\"@id\":\"https:\\\/\\\/www.studio303.ca\\\/#website\",\"url\":\"https:\\\/\\\/www.studio303.ca\\\/\",\"name\":\"Studio 303\",\"description\":\"Lieu de diffusion et de soutien pour la danse et l&#039;art indisciplin\u00e9 \u00e0 Montr\u00e9al.\",\"publisher\":{\"@id\":\"https:\\\/\\\/www.studio303.ca\\\/#organization\"},\"potentialAction\":[{\"@type\":\"SearchAction\",\"target\":{\"@type\":\"EntryPoint\",\"urlTemplate\":\"https:\\\/\\\/www.studio303.ca\\\/?s={search_term_string}\"},\"query-input\":{\"@type\":\"PropertyValueSpecification\",\"valueRequired\":true,\"valueName\":\"search_term_string\"}}],\"inLanguage\":\"en-US\"},{\"@type\":\"Organization\",\"@id\":\"https:\\\/\\\/www.studio303.ca\\\/#organization\",\"name\":\"Studio 303\",\"url\":\"https:\\\/\\\/www.studio303.ca\\\/\",\"logo\":{\"@type\":\"ImageObject\",\"inLanguage\":\"en-US\",\"@id\":\"https:\\\/\\\/www.studio303.ca\\\/#\\\/schema\\\/logo\\\/image\\\/\",\"url\":\"https:\\\/\\\/www.studio303.ca\\\/wp-content\\\/uploads\\\/2025\\\/08\\\/studio303-logo_black-c2586d.svg\",\"contentUrl\":\"https:\\\/\\\/www.studio303.ca\\\/wp-content\\\/uploads\\\/2025\\\/08\\\/studio303-logo_black-c2586d.svg\",\"caption\":\"Studio 303\"},\"image\":{\"@id\":\"https:\\\/\\\/www.studio303.ca\\\/#\\\/schema\\\/logo\\\/image\\\/\"},\"sameAs\":[\"https:\\\/\\\/www.facebook.com\\\/studio303.montreal\",\"http:\\\/\\\/instagram.com\\\/studio303\"]}]}<\/script>\n<!-- \/ Yoast SEO plugin. -->","yoast_head_json":{"title":"OPEN-LEVEL CLASS \/\/ SENSING BODY WITH AURORA PRELEVI\u0106 - Studio 303","robots":{"index":"index","follow":"follow","max-snippet":"max-snippet:-1","max-image-preview":"max-image-preview:large","max-video-preview":"max-video-preview:-1"},"canonical":"https:\/\/www.studio303.ca\/en\/cours-du-soir-le-corps-qui-ressent-avec-aurora-prelevic\/","og_locale":"en_US","og_type":"article","og_title":"OPEN-LEVEL CLASS \/\/ SENSING BODY WITH AURORA PRELEVI\u0106 - Studio 303","og_description":"Thursday \u2014 8:00 p.m. to 9:30 p.m.\u00a0 FALL: Sept. 14 to Dec. 14th, 2023 $20 per class $126 for half the fall session (7 classes) $210 full fall session (14 classes) No one turned away for a lack of funds, please be in touch if you\u2019re in a precarious financial position and we\u2019ll find a [&hellip;]","og_url":"https:\/\/www.studio303.ca\/en\/cours-du-soir-le-corps-qui-ressent-avec-aurora-prelevic\/","og_site_name":"Studio 303","article_publisher":"https:\/\/www.facebook.com\/studio303.montreal","article_modified_time":"2023-08-17T01:02:50+00:00","og_image":[{"width":640,"height":480,"url":"https:\/\/www.studio303.ca\/wp-content\/uploads\/2023\/08\/Aurora-Prelevic.png","type":"image\/png"}],"twitter_card":"summary_large_image","twitter_misc":{"Est. reading time":"3 minutes"},"schema":{"@context":"https:\/\/schema.org","@graph":[{"@type":"WebPage","@id":"https:\/\/www.studio303.ca\/en\/cours-du-soir-le-corps-qui-ressent-avec-aurora-prelevic\/","url":"https:\/\/www.studio303.ca\/en\/cours-du-soir-le-corps-qui-ressent-avec-aurora-prelevic\/","name":"OPEN-LEVEL CLASS \/\/ SENSING BODY WITH AURORA PRELEVI\u0106 - Studio 303","isPartOf":{"@id":"https:\/\/www.studio303.ca\/#website"},"primaryImageOfPage":{"@id":"https:\/\/www.studio303.ca\/en\/cours-du-soir-le-corps-qui-ressent-avec-aurora-prelevic\/#primaryimage"},"image":{"@id":"https:\/\/www.studio303.ca\/en\/cours-du-soir-le-corps-qui-ressent-avec-aurora-prelevic\/#primaryimage"},"thumbnailUrl":"https:\/\/www.studio303.ca\/wp-content\/uploads\/2023\/08\/Aurora-Prelevic.png","datePublished":"2022-01-13T14:51:33+00:00","dateModified":"2023-08-17T01:02:50+00:00","breadcrumb":{"@id":"https:\/\/www.studio303.ca\/en\/cours-du-soir-le-corps-qui-ressent-avec-aurora-prelevic\/#breadcrumb"},"inLanguage":"en-US","potentialAction":[{"@type":"ReadAction","target":["https:\/\/www.studio303.ca\/en\/cours-du-soir-le-corps-qui-ressent-avec-aurora-prelevic\/"]}]},{"@type":"ImageObject","inLanguage":"en-US","@id":"https:\/\/www.studio303.ca\/en\/cours-du-soir-le-corps-qui-ressent-avec-aurora-prelevic\/#primaryimage","url":"https:\/\/www.studio303.ca\/wp-content\/uploads\/2023\/08\/Aurora-Prelevic.png","contentUrl":"https:\/\/www.studio303.ca\/wp-content\/uploads\/2023\/08\/Aurora-Prelevic.png","width":640,"height":480},{"@type":"BreadcrumbList","@id":"https:\/\/www.studio303.ca\/en\/cours-du-soir-le-corps-qui-ressent-avec-aurora-prelevic\/#breadcrumb","itemListElement":[{"@type":"ListItem","position":1,"name":"Home","item":"https:\/\/www.studio303.ca\/en\/home\/"},{"@type":"ListItem","position":2,"name":"OPEN-LEVEL CLASS \/\/ SENSING BODY WITH AURORA PRELEVI\u0106"}]},{"@type":"WebSite","@id":"https:\/\/www.studio303.ca\/#website","url":"https:\/\/www.studio303.ca\/","name":"Studio 303","description":"Lieu de diffusion et de soutien pour la danse et l&#039;art indisciplin\u00e9 \u00e0 Montr\u00e9al.","publisher":{"@id":"https:\/\/www.studio303.ca\/#organization"},"potentialAction":[{"@type":"SearchAction","target":{"@type":"EntryPoint","urlTemplate":"https:\/\/www.studio303.ca\/?s={search_term_string}"},"query-input":{"@type":"PropertyValueSpecification","valueRequired":true,"valueName":"search_term_string"}}],"inLanguage":"en-US"},{"@type":"Organization","@id":"https:\/\/www.studio303.ca\/#organization","name":"Studio 303","url":"https:\/\/www.studio303.ca\/","logo":{"@type":"ImageObject","inLanguage":"en-US","@id":"https:\/\/www.studio303.ca\/#\/schema\/logo\/image\/","url":"https:\/\/www.studio303.ca\/wp-content\/uploads\/2025\/08\/studio303-logo_black-c2586d.svg","contentUrl":"https:\/\/www.studio303.ca\/wp-content\/uploads\/2025\/08\/studio303-logo_black-c2586d.svg","caption":"Studio 303"},"image":{"@id":"https:\/\/www.studio303.ca\/#\/schema\/logo\/image\/"},"sameAs":["https:\/\/www.facebook.com\/studio303.montreal","http:\/\/instagram.com\/studio303"]}]}},"_links":{"self":[{"href":"https:\/\/www.studio303.ca\/en\/wp-json\/wp\/v2\/pages\/12935","targetHints":{"allow":["GET"]}}],"collection":[{"href":"https:\/\/www.studio303.ca\/en\/wp-json\/wp\/v2\/pages"}],"about":[{"href":"https:\/\/www.studio303.ca\/en\/wp-json\/wp\/v2\/types\/page"}],"author":[{"embeddable":true,"href":"https:\/\/www.studio303.ca\/en\/wp-json\/wp\/v2\/users\/2"}],"replies":[{"embeddable":true,"href":"https:\/\/www.studio303.ca\/en\/wp-json\/wp\/v2\/comments?post=12935"}],"version-history":[{"count":31,"href":"https:\/\/www.studio303.ca\/en\/wp-json\/wp\/v2\/pages\/12935\/revisions"}],"predecessor-version":[{"id":22333,"href":"https:\/\/www.studio303.ca\/en\/wp-json\/wp\/v2\/pages\/12935\/revisions\/22333"}],"wp:featuredmedia":[{"embeddable":true,"href":"https:\/\/www.studio303.ca\/en\/wp-json\/wp\/v2\/media\/22249"}],"wp:attachment":[{"href":"https:\/\/www.studio303.ca\/en\/wp-json\/wp\/v2\/media?parent=12935"}],"curies":[{"name":"wp","href":"https:\/\/api.w.org\/{rel}","templated":true}]}}