{"id":14283,"date":"2022-04-22T09:26:13","date_gmt":"2022-04-22T14:26:13","guid":{"rendered":"https:\/\/www.studio303.ca\/evening-class-dance-scapes-with-corinne-skaff\/"},"modified":"2022-10-31T14:15:29","modified_gmt":"2022-10-31T19:15:29","slug":"evening-class-dance-scapes-with-corinne-skaff","status":"publish","type":"page","link":"https:\/\/www.studio303.ca\/en\/evening-class-dance-scapes-with-corinne-skaff\/","title":{"rendered":"EVENING CLASSES \/\/ DANCE-SCAPES WITH CORINNE SKAFF"},"content":{"rendered":"\n<h3 class=\"wp-block-heading\" id=\"thursday-730-pm-to-900-pm\">Thursday \u2014 7:30 p.m. to 9:00 p.m.<\/h3>\n\n\n\n<p><strong>FALL:  September 8 to December 8 <\/strong>(14 classes) <br><strong>Contact Corinne to register\u00a0<em><br><\/em>$15 \/ class<\/strong><br><strong>Payment by e-transfer: <\/strong><a href=\"mailto:laura.e.toma@gmail.com\"><strong>corinneskaff@gmail.com<\/strong><\/a><strong><br>Bilingual teacher<\/strong><\/p>\n\n\n<p><em><strong>Mask recommended \u2013 please consult&nbsp;<a href=\"https:\/\/www.studio303.ca\/en\/studio-303s-covid-19-protocol\/\">Studio 303\u2019s COVID-19 Protocol<\/a>&nbsp;for further information.<\/strong><\/em><\/p>\n<p><strong>CONTENT \/\/<\/strong> <strong>Dance-Scapes<\/strong>&nbsp;are Creative Movement sessions dedicated to exploring the Body as our primary tool to Move, Express, and Learn. At the intersection of somatics, dance and contact improvisation , these sessions are Based on a pedagogy of playfulness, choreographic explorations that stimulate our inner spaces and help redefine the boundaries of our field of action and perception. Participants will be guided to cultivate physical creativity, embodied problem-solving and alternative expression and to engage in creating their own movement scores by referring to a multitude of sensations, concepts, tasks and imageries. Engaging in solos, duets, or group explorations, We will resort to movement to play, meditate, explore, question, connect and co-create. Dance-Scapes is an embodiment practice open to all curious movers from all levels, abilities and backgrounds. It is preferred to join the whole cycle for ensemble build-up but Drop-ins are always welcome(with prior registration).<\/p>\n<p><strong>ACCESSIBILITY \/\/<\/strong> This class is facilitated by demonstrations and verbal instructions in both English and French. It aims at uncovering and cultivating potential rather than expected outcomes and skills.It is there fore accessible to all, including individuals living with physical, mental and visual challenges. It is not accessible to persons living with hearing challenges or autism spectrum disorder unless they haveIf needed, an assisting person whois welcome to join the class for no fee. Questions and feedback are welcome and encouraged throughout the session. If you need to communicate any particular need or queries, please feel free to contact Corinne prior to the session via email.<\/p>\n<p><strong>BIO \/\/<\/strong> <strong>Corinne Skaff<\/strong> is a Lebanese dance artist and pedagogue, newly relocated to Montr\u00e9al to prepare for her Masters in SomaticEducation and Dance at UQAM. She approaches Dance as a vital self-embodiment practice instead of an entertainment proposition. Her practices of movement and teaching are informed by Contact Improvisation, Contemporary Dance, Physical theater, and Somatic practice principles. She draws inspiration from the state of ongoing learning through play, and all things ephemeral. She has an interest in transmission strategies and politics, and in fostering communal connections through movement practices. She is the founder ofContactCampBeirut and the summer School of Movement Arts and has taught in Lebanon, Greece, India, and Malaysia. She recently started teaching a weekly Contact Improvisation class in Montr\u00e9al. Her 16 years of teaching experience include working with amateur and professional movers, as well as teenagers and refugees of all ages. As an immigrant herself, she looks for finding a sense of home in the Moving Body.<\/p>\n<p><\/p>\n\n\n<hr class=\"wp-block-separator has-css-opacity is-style-wide\"\/>\n\n\n<p><b>Evening classes are open to all levels, and it is recommended to register in advance for one or multiple classes.<\/b><\/p>\n<p><strong>Registration is done directly with the teachers, please contact them if you need additional information.<\/strong><\/p>","protected":false},"excerpt":{"rendered":"<p>Thursday \u2014 7:30 p.m. to 9:00 p.m. FALL: September 8 to December 8 (14 classes) Contact Corinne to register\u00a0$15 \/ classPayment by e-transfer: corinneskaff@gmail.comBilingual teacher Mask recommended \u2013 please consult&nbsp;Studio 303\u2019s COVID-19 Protocol&nbsp;for further information. CONTENT \/\/ Dance-Scapes&nbsp;are Creative Movement sessions dedicated to exploring the Body as our primary tool to Move, Express, and Learn. [&hellip;]<\/p>\n","protected":false},"author":2,"featured_media":14264,"parent":0,"menu_order":0,"comment_status":"closed","ping_status":"closed","template":"","meta":{"_acf_changed":false,"inline_featured_image":false,"_exactmetrics_skip_tracking":false,"_exactmetrics_sitenote_active":false,"_exactmetrics_sitenote_note":"","_exactmetrics_sitenote_category":0,"_themeisle_gutenberg_block_has_review":false,"footnotes":""},"class_list":["post-14283","page","type-page","status-publish","has-post-thumbnail","hentry"],"acf":[],"yoast_head":"<!-- This site is optimized with the Yoast SEO plugin v27.6 - https:\/\/yoast.com\/product\/yoast-seo-wordpress\/ -->\n<title>EVENING CLASSES \/\/ DANCE-SCAPES WITH CORINNE SKAFF - Studio 303<\/title>\n<meta name=\"robots\" content=\"index, follow, max-snippet:-1, max-image-preview:large, max-video-preview:-1\" \/>\n<link rel=\"canonical\" href=\"https:\/\/www.studio303.ca\/en\/evening-class-dance-scapes-with-corinne-skaff\/\" \/>\n<meta property=\"og:locale\" content=\"en_US\" \/>\n<meta property=\"og:type\" content=\"article\" \/>\n<meta property=\"og:title\" content=\"EVENING CLASSES \/\/ DANCE-SCAPES WITH CORINNE SKAFF - Studio 303\" \/>\n<meta property=\"og:description\" content=\"Thursday \u2014 7:30 p.m. to 9:00 p.m. FALL: September 8 to December 8 (14 classes) Contact Corinne to register\u00a0$15 \/ classPayment by e-transfer: corinneskaff@gmail.comBilingual teacher Mask recommended \u2013 please consult&nbsp;Studio 303\u2019s COVID-19 Protocol&nbsp;for further information. CONTENT \/\/ Dance-Scapes&nbsp;are Creative Movement sessions dedicated to exploring the Body as our primary tool to Move, Express, and Learn. [&hellip;]\" \/>\n<meta property=\"og:url\" content=\"https:\/\/www.studio303.ca\/en\/evening-class-dance-scapes-with-corinne-skaff\/\" \/>\n<meta property=\"og:site_name\" content=\"Studio 303\" \/>\n<meta property=\"article:publisher\" content=\"https:\/\/www.facebook.com\/studio303.montreal\" \/>\n<meta property=\"article:modified_time\" content=\"2022-10-31T19:15:29+00:00\" \/>\n<meta property=\"og:image\" content=\"https:\/\/www.studio303.ca\/wp-content\/uploads\/2022\/04\/DWhhVIuc.jpeg\" \/>\n\t<meta property=\"og:image:width\" content=\"640\" \/>\n\t<meta property=\"og:image:height\" content=\"480\" \/>\n\t<meta property=\"og:image:type\" content=\"image\/jpeg\" \/>\n<meta name=\"twitter:card\" content=\"summary_large_image\" \/>\n<meta name=\"twitter:label1\" content=\"Est. reading time\" \/>\n\t<meta name=\"twitter:data1\" content=\"3 minutes\" \/>\n<script type=\"application\/ld+json\" class=\"yoast-schema-graph\">{\"@context\":\"https:\\\/\\\/schema.org\",\"@graph\":[{\"@type\":\"WebPage\",\"@id\":\"https:\\\/\\\/www.studio303.ca\\\/en\\\/evening-class-dance-scapes-with-corinne-skaff\\\/\",\"url\":\"https:\\\/\\\/www.studio303.ca\\\/en\\\/evening-class-dance-scapes-with-corinne-skaff\\\/\",\"name\":\"EVENING CLASSES \\\/\\\/ DANCE-SCAPES WITH CORINNE SKAFF - Studio 303\",\"isPartOf\":{\"@id\":\"https:\\\/\\\/www.studio303.ca\\\/#website\"},\"primaryImageOfPage\":{\"@id\":\"https:\\\/\\\/www.studio303.ca\\\/en\\\/evening-class-dance-scapes-with-corinne-skaff\\\/#primaryimage\"},\"image\":{\"@id\":\"https:\\\/\\\/www.studio303.ca\\\/en\\\/evening-class-dance-scapes-with-corinne-skaff\\\/#primaryimage\"},\"thumbnailUrl\":\"https:\\\/\\\/www.studio303.ca\\\/wp-content\\\/uploads\\\/2022\\\/04\\\/DWhhVIuc.jpeg\",\"datePublished\":\"2022-04-22T14:26:13+00:00\",\"dateModified\":\"2022-10-31T19:15:29+00:00\",\"breadcrumb\":{\"@id\":\"https:\\\/\\\/www.studio303.ca\\\/en\\\/evening-class-dance-scapes-with-corinne-skaff\\\/#breadcrumb\"},\"inLanguage\":\"en-US\",\"potentialAction\":[{\"@type\":\"ReadAction\",\"target\":[\"https:\\\/\\\/www.studio303.ca\\\/en\\\/evening-class-dance-scapes-with-corinne-skaff\\\/\"]}]},{\"@type\":\"ImageObject\",\"inLanguage\":\"en-US\",\"@id\":\"https:\\\/\\\/www.studio303.ca\\\/en\\\/evening-class-dance-scapes-with-corinne-skaff\\\/#primaryimage\",\"url\":\"https:\\\/\\\/www.studio303.ca\\\/wp-content\\\/uploads\\\/2022\\\/04\\\/DWhhVIuc.jpeg\",\"contentUrl\":\"https:\\\/\\\/www.studio303.ca\\\/wp-content\\\/uploads\\\/2022\\\/04\\\/DWhhVIuc.jpeg\",\"width\":640,\"height\":480,\"caption\":\"photo: Jean Hatem\"},{\"@type\":\"BreadcrumbList\",\"@id\":\"https:\\\/\\\/www.studio303.ca\\\/en\\\/evening-class-dance-scapes-with-corinne-skaff\\\/#breadcrumb\",\"itemListElement\":[{\"@type\":\"ListItem\",\"position\":1,\"name\":\"Home\",\"item\":\"https:\\\/\\\/www.studio303.ca\\\/en\\\/home\\\/\"},{\"@type\":\"ListItem\",\"position\":2,\"name\":\"EVENING CLASSES \\\/\\\/ DANCE-SCAPES WITH CORINNE SKAFF\"}]},{\"@type\":\"WebSite\",\"@id\":\"https:\\\/\\\/www.studio303.ca\\\/#website\",\"url\":\"https:\\\/\\\/www.studio303.ca\\\/\",\"name\":\"Studio 303\",\"description\":\"Lieu de diffusion et de soutien pour la danse et l&#039;art indisciplin\u00e9 \u00e0 Montr\u00e9al.\",\"publisher\":{\"@id\":\"https:\\\/\\\/www.studio303.ca\\\/#organization\"},\"potentialAction\":[{\"@type\":\"SearchAction\",\"target\":{\"@type\":\"EntryPoint\",\"urlTemplate\":\"https:\\\/\\\/www.studio303.ca\\\/?s={search_term_string}\"},\"query-input\":{\"@type\":\"PropertyValueSpecification\",\"valueRequired\":true,\"valueName\":\"search_term_string\"}}],\"inLanguage\":\"en-US\"},{\"@type\":\"Organization\",\"@id\":\"https:\\\/\\\/www.studio303.ca\\\/#organization\",\"name\":\"Studio 303\",\"url\":\"https:\\\/\\\/www.studio303.ca\\\/\",\"logo\":{\"@type\":\"ImageObject\",\"inLanguage\":\"en-US\",\"@id\":\"https:\\\/\\\/www.studio303.ca\\\/#\\\/schema\\\/logo\\\/image\\\/\",\"url\":\"https:\\\/\\\/www.studio303.ca\\\/wp-content\\\/uploads\\\/2025\\\/08\\\/studio303-logo_black-c2586d.svg\",\"contentUrl\":\"https:\\\/\\\/www.studio303.ca\\\/wp-content\\\/uploads\\\/2025\\\/08\\\/studio303-logo_black-c2586d.svg\",\"caption\":\"Studio 303\"},\"image\":{\"@id\":\"https:\\\/\\\/www.studio303.ca\\\/#\\\/schema\\\/logo\\\/image\\\/\"},\"sameAs\":[\"https:\\\/\\\/www.facebook.com\\\/studio303.montreal\",\"http:\\\/\\\/instagram.com\\\/studio303\"]}]}<\/script>\n<!-- \/ Yoast SEO plugin. -->","yoast_head_json":{"title":"EVENING CLASSES \/\/ DANCE-SCAPES WITH CORINNE SKAFF - Studio 303","robots":{"index":"index","follow":"follow","max-snippet":"max-snippet:-1","max-image-preview":"max-image-preview:large","max-video-preview":"max-video-preview:-1"},"canonical":"https:\/\/www.studio303.ca\/en\/evening-class-dance-scapes-with-corinne-skaff\/","og_locale":"en_US","og_type":"article","og_title":"EVENING CLASSES \/\/ DANCE-SCAPES WITH CORINNE SKAFF - Studio 303","og_description":"Thursday \u2014 7:30 p.m. to 9:00 p.m. FALL: September 8 to December 8 (14 classes) Contact Corinne to register\u00a0$15 \/ classPayment by e-transfer: corinneskaff@gmail.comBilingual teacher Mask recommended \u2013 please consult&nbsp;Studio 303\u2019s COVID-19 Protocol&nbsp;for further information. CONTENT \/\/ Dance-Scapes&nbsp;are Creative Movement sessions dedicated to exploring the Body as our primary tool to Move, Express, and Learn. [&hellip;]","og_url":"https:\/\/www.studio303.ca\/en\/evening-class-dance-scapes-with-corinne-skaff\/","og_site_name":"Studio 303","article_publisher":"https:\/\/www.facebook.com\/studio303.montreal","article_modified_time":"2022-10-31T19:15:29+00:00","og_image":[{"width":640,"height":480,"url":"https:\/\/www.studio303.ca\/wp-content\/uploads\/2022\/04\/DWhhVIuc.jpeg","type":"image\/jpeg"}],"twitter_card":"summary_large_image","twitter_misc":{"Est. reading time":"3 minutes"},"schema":{"@context":"https:\/\/schema.org","@graph":[{"@type":"WebPage","@id":"https:\/\/www.studio303.ca\/en\/evening-class-dance-scapes-with-corinne-skaff\/","url":"https:\/\/www.studio303.ca\/en\/evening-class-dance-scapes-with-corinne-skaff\/","name":"EVENING CLASSES \/\/ DANCE-SCAPES WITH CORINNE SKAFF - Studio 303","isPartOf":{"@id":"https:\/\/www.studio303.ca\/#website"},"primaryImageOfPage":{"@id":"https:\/\/www.studio303.ca\/en\/evening-class-dance-scapes-with-corinne-skaff\/#primaryimage"},"image":{"@id":"https:\/\/www.studio303.ca\/en\/evening-class-dance-scapes-with-corinne-skaff\/#primaryimage"},"thumbnailUrl":"https:\/\/www.studio303.ca\/wp-content\/uploads\/2022\/04\/DWhhVIuc.jpeg","datePublished":"2022-04-22T14:26:13+00:00","dateModified":"2022-10-31T19:15:29+00:00","breadcrumb":{"@id":"https:\/\/www.studio303.ca\/en\/evening-class-dance-scapes-with-corinne-skaff\/#breadcrumb"},"inLanguage":"en-US","potentialAction":[{"@type":"ReadAction","target":["https:\/\/www.studio303.ca\/en\/evening-class-dance-scapes-with-corinne-skaff\/"]}]},{"@type":"ImageObject","inLanguage":"en-US","@id":"https:\/\/www.studio303.ca\/en\/evening-class-dance-scapes-with-corinne-skaff\/#primaryimage","url":"https:\/\/www.studio303.ca\/wp-content\/uploads\/2022\/04\/DWhhVIuc.jpeg","contentUrl":"https:\/\/www.studio303.ca\/wp-content\/uploads\/2022\/04\/DWhhVIuc.jpeg","width":640,"height":480,"caption":"photo: Jean Hatem"},{"@type":"BreadcrumbList","@id":"https:\/\/www.studio303.ca\/en\/evening-class-dance-scapes-with-corinne-skaff\/#breadcrumb","itemListElement":[{"@type":"ListItem","position":1,"name":"Home","item":"https:\/\/www.studio303.ca\/en\/home\/"},{"@type":"ListItem","position":2,"name":"EVENING CLASSES \/\/ DANCE-SCAPES WITH CORINNE SKAFF"}]},{"@type":"WebSite","@id":"https:\/\/www.studio303.ca\/#website","url":"https:\/\/www.studio303.ca\/","name":"Studio 303","description":"Lieu de diffusion et de soutien pour la danse et l&#039;art indisciplin\u00e9 \u00e0 Montr\u00e9al.","publisher":{"@id":"https:\/\/www.studio303.ca\/#organization"},"potentialAction":[{"@type":"SearchAction","target":{"@type":"EntryPoint","urlTemplate":"https:\/\/www.studio303.ca\/?s={search_term_string}"},"query-input":{"@type":"PropertyValueSpecification","valueRequired":true,"valueName":"search_term_string"}}],"inLanguage":"en-US"},{"@type":"Organization","@id":"https:\/\/www.studio303.ca\/#organization","name":"Studio 303","url":"https:\/\/www.studio303.ca\/","logo":{"@type":"ImageObject","inLanguage":"en-US","@id":"https:\/\/www.studio303.ca\/#\/schema\/logo\/image\/","url":"https:\/\/www.studio303.ca\/wp-content\/uploads\/2025\/08\/studio303-logo_black-c2586d.svg","contentUrl":"https:\/\/www.studio303.ca\/wp-content\/uploads\/2025\/08\/studio303-logo_black-c2586d.svg","caption":"Studio 303"},"image":{"@id":"https:\/\/www.studio303.ca\/#\/schema\/logo\/image\/"},"sameAs":["https:\/\/www.facebook.com\/studio303.montreal","http:\/\/instagram.com\/studio303"]}]}},"_links":{"self":[{"href":"https:\/\/www.studio303.ca\/en\/wp-json\/wp\/v2\/pages\/14283","targetHints":{"allow":["GET"]}}],"collection":[{"href":"https:\/\/www.studio303.ca\/en\/wp-json\/wp\/v2\/pages"}],"about":[{"href":"https:\/\/www.studio303.ca\/en\/wp-json\/wp\/v2\/types\/page"}],"author":[{"embeddable":true,"href":"https:\/\/www.studio303.ca\/en\/wp-json\/wp\/v2\/users\/2"}],"replies":[{"embeddable":true,"href":"https:\/\/www.studio303.ca\/en\/wp-json\/wp\/v2\/comments?post=14283"}],"version-history":[{"count":12,"href":"https:\/\/www.studio303.ca\/en\/wp-json\/wp\/v2\/pages\/14283\/revisions"}],"predecessor-version":[{"id":17745,"href":"https:\/\/www.studio303.ca\/en\/wp-json\/wp\/v2\/pages\/14283\/revisions\/17745"}],"wp:featuredmedia":[{"embeddable":true,"href":"https:\/\/www.studio303.ca\/en\/wp-json\/wp\/v2\/media\/14264"}],"wp:attachment":[{"href":"https:\/\/www.studio303.ca\/en\/wp-json\/wp\/v2\/media?parent=14283"}],"curies":[{"name":"wp","href":"https:\/\/api.w.org\/{rel}","templated":true}]}}