{"id":15793,"date":"2022-07-20T12:53:26","date_gmt":"2022-07-20T17:53:26","guid":{"rendered":"https:\/\/www.studio303.ca\/?page_id=15793"},"modified":"2026-02-20T09:20:10","modified_gmt":"2026-02-20T13:20:10","slug":"archives-2","status":"publish","type":"page","link":"https:\/\/www.studio303.ca\/en\/archives-2\/","title":{"rendered":"Archives"},"content":{"rendered":"\n<p>Welcome to Studio 303\u2019s online archives!&nbsp;<\/p>\n\n\n\n<p>Studio 303\u2019s archives map the path taken by an idiosyncratic organization, and reflect shifts in social history, programming practices and aesthetic trends. Our archives document independent dance and interdisciplinary performance, and trace part of Montreal\u2019s feminist and queer performance history\u2013for some years, Edgy Women was one of the only experimental feminist performance festivals in the world (see Other Past Series below).<\/p>\n\n\n\n<div style=\"height:2rem\" aria-hidden=\"true\" class=\"wp-block-spacer mobile-hide\"><\/div>\n\n\n\n<div class=\"wp-block-columns is-layout-flex wp-container-core-columns-is-layout-28f84493 wp-block-columns-is-layout-flex\">\n<div class=\"wp-block-column is-layout-flow wp-block-column-is-layout-flow\"><h3 class=\"wp-block-heading programming_link has-roboto-font-family has-large-font-size\" style=\"font-style:normal;font-weight:500\" id=\"residencies\"><a class=\"programming_link\" href=\"https:\/\/www.studio303.ca\/en\/archives\/archives-residencies\/\">Residencies<\/a><\/h3>\n\n\n<p class=\"has-ti-fg-alt-color has-text-color has-link-color has-roboto-font-family wp-elements-d3c51f31f948c66364738fbed2abe362\" style=\"margin-top:0px;margin-bottom:0px;font-style:normal;font-weight:500\">1999 &#8211; ongoing<\/p>\n\n\n\n<figure class=\"wp-block-image size-full is-resized\"><a href=\"https:\/\/www.studio303.ca\/en\/archives\/archives-residencies\/\"><img loading=\"lazy\" decoding=\"async\" width=\"512\" height=\"480\" src=\"https:\/\/www.studio303.ca\/wp-content\/uploads\/2025\/10\/residence.jpg\" alt=\"\" class=\"wp-image-31934\" style=\"width:auto;height:275px\" srcset=\"https:\/\/www.studio303.ca\/wp-content\/uploads\/2025\/10\/residence.jpg 512w, https:\/\/www.studio303.ca\/wp-content\/uploads\/2025\/10\/residence-300x281.jpg 300w, https:\/\/www.studio303.ca\/wp-content\/uploads\/2025\/10\/residence-367x344.jpg 367w\" sizes=\"auto, (max-width: 512px) 100vw, 512px\" \/><\/a><\/figure>\n<\/div>\n\n\n\n<div class=\"wp-block-column is-layout-flow wp-block-column-is-layout-flow\"><h3 class=\"wp-block-heading programming_link has-roboto-font-family has-large-font-size\" style=\"font-style:normal;font-weight:500\" id=\"workshops\"><a class=\"programming_link\" href=\"https:\/\/www.studio303.ca\/en\/archives\/archives-professional-workshops\/\">Workshops<\/a><\/h3>\n\n\n<p class=\"has-ti-fg-alt-color has-text-color has-link-color has-roboto-font-family wp-elements-59b4a389cf86b93aa63a0a8b5e13dac0\" style=\"margin-top:0px;margin-bottom:0px;font-style:normal;font-weight:500\">2003 &#8211; ongoing<\/p>\n\n\n\n<figure class=\"wp-block-image size-full is-resized\"><a href=\"https:\/\/www.studio303.ca\/en\/archives\/archives-professional-workshops\/\"><img loading=\"lazy\" decoding=\"async\" width=\"512\" height=\"480\" src=\"https:\/\/www.studio303.ca\/wp-content\/uploads\/2025\/10\/ateliers.jpg\" alt=\"\" class=\"wp-image-31938\" style=\"width:auto;height:275px\" srcset=\"https:\/\/www.studio303.ca\/wp-content\/uploads\/2025\/10\/ateliers.jpg 512w, https:\/\/www.studio303.ca\/wp-content\/uploads\/2025\/10\/ateliers-300x281.jpg 300w, https:\/\/www.studio303.ca\/wp-content\/uploads\/2025\/10\/ateliers-367x344.jpg 367w\" sizes=\"auto, (max-width: 512px) 100vw, 512px\" \/><\/a><\/figure>\n<\/div>\n\n\n\n<div class=\"wp-block-column is-layout-flow wp-block-column-is-layout-flow\"><h3 class=\"wp-block-heading programming_link has-roboto-font-family has-large-font-size\" style=\"font-style:normal;font-weight:500\" id=\"public-events\"><a class=\"programming_link\" href=\"https:\/\/www.studio303.ca\/en\/archives\/archives-presenting\/\">Public Events<\/a><\/h3>\n\n\n<p class=\"has-ti-fg-alt-color has-text-color has-link-color has-roboto-font-family wp-elements-453bdba4498ff88d12558d41b4cda5f9\" style=\"margin-top:0px;margin-bottom:0px;font-style:normal;font-weight:500\">1994 &#8211; ongoing<\/p>\n\n\n\n<figure class=\"wp-block-image size-full is-resized\"><a href=\"https:\/\/www.studio303.ca\/en\/archives\/archives-presenting\/\"><img loading=\"lazy\" decoding=\"async\" width=\"512\" height=\"480\" src=\"https:\/\/www.studio303.ca\/wp-content\/uploads\/2025\/10\/event.jpg\" alt=\"\" class=\"wp-image-31940\" style=\"width:auto;height:275px\" srcset=\"https:\/\/www.studio303.ca\/wp-content\/uploads\/2025\/10\/event.jpg 512w, https:\/\/www.studio303.ca\/wp-content\/uploads\/2025\/10\/event-300x281.jpg 300w, https:\/\/www.studio303.ca\/wp-content\/uploads\/2025\/10\/event-367x344.jpg 367w\" sizes=\"auto, (max-width: 512px) 100vw, 512px\" \/><\/a><\/figure>\n<\/div>\n\n\n\n<div class=\"wp-block-column is-layout-flow wp-block-column-is-layout-flow\"><h3 class=\"wp-block-heading programming_link has-roboto-font-family has-large-font-size\" style=\"font-style:normal;font-weight:500\" id=\"projects\"><a class=\"programming_link\" href=\"https:\/\/www.studio303.ca\/en\/archives\/archives-projects\/\">Projects<\/a><\/h3>\n\n\n<p class=\"has-ti-fg-alt-color has-text-color has-link-color has-roboto-font-family wp-elements-78305d37eaf795f740b0cdcc5cf6958c\" style=\"margin-top:0px;margin-bottom:0px;font-style:normal;font-weight:500\">2011 &#8211; ongoing<\/p>\n\n\n\n<figure class=\"wp-block-image size-full is-resized\"><a href=\"https:\/\/www.studio303.ca\/en\/archives\/archives-projects\/\"><img loading=\"lazy\" decoding=\"async\" width=\"512\" height=\"480\" src=\"https:\/\/www.studio303.ca\/wp-content\/uploads\/2025\/10\/archive_extra.jpg\" alt=\"\" class=\"wp-image-32391\" style=\"width:auto;height:275px\" srcset=\"https:\/\/www.studio303.ca\/wp-content\/uploads\/2025\/10\/archive_extra.jpg 512w, https:\/\/www.studio303.ca\/wp-content\/uploads\/2025\/10\/archive_extra-300x281.jpg 300w, https:\/\/www.studio303.ca\/wp-content\/uploads\/2025\/10\/archive_extra-367x344.jpg 367w\" sizes=\"auto, (max-width: 512px) 100vw, 512px\" \/><\/a><\/figure>\n<\/div>\n<\/div>\n\n\n\n<div style=\"height:2rem\" aria-hidden=\"true\" class=\"wp-block-spacer mobile-hide\"><\/div>\n\n\n\n<div class=\"wp-block-columns is-layout-flex wp-container-core-columns-is-layout-28f84493 wp-block-columns-is-layout-flex\">\n<div class=\"wp-block-column is-layout-flow wp-block-column-is-layout-flow\"><h3 class=\"wp-block-heading programming_link has-roboto-font-family has-large-font-size\" style=\"font-style:normal;font-weight:500\" id=\"audio\"><a class=\"programming_link\" href=\"https:\/\/anchor.fm\/studio303\" target=\"_blank\" rel=\"noreferrer noopener\">Audio<\/a><\/h3>\n\n\n<figure class=\"wp-block-image size-full is-resized\"><a href=\"https:\/\/anchor.fm\/studio303\" target=\"_blank\" rel=\" noreferrer noopener\"><img loading=\"lazy\" decoding=\"async\" width=\"512\" height=\"480\" src=\"https:\/\/www.studio303.ca\/wp-content\/uploads\/2025\/10\/audio.jpg\" alt=\"\" class=\"wp-image-31952\" style=\"width:auto;height:275px\" srcset=\"https:\/\/www.studio303.ca\/wp-content\/uploads\/2025\/10\/audio.jpg 512w, https:\/\/www.studio303.ca\/wp-content\/uploads\/2025\/10\/audio-300x281.jpg 300w, https:\/\/www.studio303.ca\/wp-content\/uploads\/2025\/10\/audio-367x344.jpg 367w\" sizes=\"auto, (max-width: 512px) 100vw, 512px\" \/><\/a><\/figure>\n<\/div>\n\n\n\n<div class=\"wp-block-column is-layout-flow wp-block-column-is-layout-flow\"><h3 class=\"wp-block-heading programming_link has-roboto-font-family has-large-font-size\" style=\"font-style:normal;font-weight:500\" id=\"video\"><a class=\"programming_link\" href=\"https:\/\/vimeo.com\/studio303\" target=\"_blank\" rel=\"noreferrer noopener\">Video<\/a><\/h3>\n\n\n<figure class=\"wp-block-image size-full is-resized\"><a href=\"https:\/\/vimeo.com\/studio303\" target=\"_blank\" rel=\" noreferrer noopener\"><img loading=\"lazy\" decoding=\"async\" width=\"512\" height=\"480\" src=\"https:\/\/www.studio303.ca\/wp-content\/uploads\/2025\/10\/video.jpg\" alt=\"\" class=\"wp-image-31954\" style=\"width:auto;height:275px\" srcset=\"https:\/\/www.studio303.ca\/wp-content\/uploads\/2025\/10\/video.jpg 512w, https:\/\/www.studio303.ca\/wp-content\/uploads\/2025\/10\/video-300x281.jpg 300w, https:\/\/www.studio303.ca\/wp-content\/uploads\/2025\/10\/video-367x344.jpg 367w\" sizes=\"auto, (max-width: 512px) 100vw, 512px\" \/><\/a><\/figure>\n<\/div>\n\n\n\n<div class=\"wp-block-column is-layout-flow wp-block-column-is-layout-flow\"><h3 class=\"wp-block-heading programming_link has-roboto-font-family has-large-font-size\" style=\"font-style:normal;font-weight:500\" id=\"photo\"><a class=\"programming_link\" href=\"https:\/\/www.flickr.com\/photos\/studio303\/\" target=\"_blank\" rel=\"noreferrer noopener\">Photo<\/a><\/h3>\n\n\n<figure class=\"wp-block-image size-full is-resized\"><a href=\"https:\/\/www.flickr.com\/photos\/studio303\/\" target=\"_blank\" rel=\" noreferrer noopener\"><img loading=\"lazy\" decoding=\"async\" width=\"512\" height=\"480\" src=\"https:\/\/www.studio303.ca\/wp-content\/uploads\/2025\/10\/photo.jpg\" alt=\"\" class=\"wp-image-31956\" style=\"width:auto;height:275px\" srcset=\"https:\/\/www.studio303.ca\/wp-content\/uploads\/2025\/10\/photo.jpg 512w, https:\/\/www.studio303.ca\/wp-content\/uploads\/2025\/10\/photo-300x281.jpg 300w, https:\/\/www.studio303.ca\/wp-content\/uploads\/2025\/10\/photo-367x344.jpg 367w\" sizes=\"auto, (max-width: 512px) 100vw, 512px\" \/><\/a><\/figure>\n<\/div>\n\n\n\n<div class=\"wp-block-column is-layout-flow wp-block-column-is-layout-flow\"><h3 class=\"wp-block-heading programming_link has-roboto-font-family has-large-font-size\" style=\"font-style:normal;font-weight:500\" id=\"binders\"><a class=\"programming_link\" href=\"https:\/\/www.studio303.ca\/en\/archives\/archives-binders\/\">Binders<\/a><\/h3>\n\n\n<figure class=\"wp-block-image size-full is-resized\"><a href=\"https:\/\/www.studio303.ca\/en\/archives\/archives-binders\/\"><img loading=\"lazy\" decoding=\"async\" width=\"512\" height=\"480\" src=\"https:\/\/www.studio303.ca\/wp-content\/uploads\/2025\/10\/projects.jpg\" alt=\"\" class=\"wp-image-31942\" style=\"width:auto;height:275px\" srcset=\"https:\/\/www.studio303.ca\/wp-content\/uploads\/2025\/10\/projects.jpg 512w, https:\/\/www.studio303.ca\/wp-content\/uploads\/2025\/10\/projects-300x281.jpg 300w, https:\/\/www.studio303.ca\/wp-content\/uploads\/2025\/10\/projects-367x344.jpg 367w\" sizes=\"auto, (max-width: 512px) 100vw, 512px\" \/><\/a><\/figure>\n<\/div>\n<\/div>\n\n\n\n<p><\/p>\n","protected":false},"excerpt":{"rendered":"<p>Welcome to Studio 303\u2019s online archives!&nbsp; Studio 303\u2019s archives map the path taken by an idiosyncratic organization, and reflect shifts in social history, programming practices and aesthetic trends. Our archives document independent dance and interdisciplinary performance, and trace part of Montreal\u2019s feminist and queer performance history\u2013for some years, Edgy Women was one of the only [&hellip;]<\/p>\n","protected":false},"author":2,"featured_media":0,"parent":0,"menu_order":0,"comment_status":"closed","ping_status":"closed","template":"","meta":{"_acf_changed":false,"inline_featured_image":false,"_exactmetrics_skip_tracking":false,"_exactmetrics_sitenote_active":false,"_exactmetrics_sitenote_note":"","_exactmetrics_sitenote_category":0,"_themeisle_gutenberg_block_has_review":false,"footnotes":""},"class_list":["post-15793","page","type-page","status-publish","hentry"],"acf":[],"yoast_head":"<!-- This site is optimized with the Yoast SEO plugin v27.4 - https:\/\/yoast.com\/product\/yoast-seo-wordpress\/ -->\n<title>Archives - Studio 303<\/title>\n<meta name=\"robots\" content=\"index, follow, max-snippet:-1, max-image-preview:large, max-video-preview:-1\" \/>\n<link rel=\"canonical\" href=\"https:\/\/www.studio303.ca\/en\/archives-2\/\" \/>\n<meta property=\"og:locale\" content=\"en_US\" \/>\n<meta property=\"og:type\" content=\"article\" \/>\n<meta property=\"og:title\" content=\"Archives - Studio 303\" \/>\n<meta property=\"og:description\" content=\"Welcome to Studio 303\u2019s online archives!&nbsp; Studio 303\u2019s archives map the path taken by an idiosyncratic organization, and reflect shifts in social history, programming practices and aesthetic trends. Our archives document independent dance and interdisciplinary performance, and trace part of Montreal\u2019s feminist and queer performance history\u2013for some years, Edgy Women was one of the only [&hellip;]\" \/>\n<meta property=\"og:url\" content=\"https:\/\/www.studio303.ca\/en\/archives-2\/\" \/>\n<meta property=\"og:site_name\" content=\"Studio 303\" \/>\n<meta property=\"article:publisher\" content=\"https:\/\/www.facebook.com\/studio303.montreal\" \/>\n<meta property=\"article:modified_time\" content=\"2026-02-20T13:20:10+00:00\" \/>\n<meta property=\"og:image\" content=\"https:\/\/www.studio303.ca\/wp-content\/uploads\/2025\/10\/residence.jpg\" \/>\n\t<meta property=\"og:image:width\" content=\"512\" \/>\n\t<meta property=\"og:image:height\" content=\"480\" \/>\n\t<meta property=\"og:image:type\" content=\"image\/jpeg\" \/>\n<meta name=\"twitter:card\" content=\"summary_large_image\" \/>\n<meta name=\"twitter:label1\" content=\"Est. reading time\" \/>\n\t<meta name=\"twitter:data1\" content=\"3 minutes\" \/>\n<script type=\"application\/ld+json\" class=\"yoast-schema-graph\">{\"@context\":\"https:\\\/\\\/schema.org\",\"@graph\":[{\"@type\":\"WebPage\",\"@id\":\"https:\\\/\\\/www.studio303.ca\\\/en\\\/archives-2\\\/\",\"url\":\"https:\\\/\\\/www.studio303.ca\\\/en\\\/archives-2\\\/\",\"name\":\"Archives - Studio 303\",\"isPartOf\":{\"@id\":\"https:\\\/\\\/www.studio303.ca\\\/#website\"},\"primaryImageOfPage\":{\"@id\":\"https:\\\/\\\/www.studio303.ca\\\/en\\\/archives-2\\\/#primaryimage\"},\"image\":{\"@id\":\"https:\\\/\\\/www.studio303.ca\\\/en\\\/archives-2\\\/#primaryimage\"},\"thumbnailUrl\":\"https:\\\/\\\/www.studio303.ca\\\/wp-content\\\/uploads\\\/2025\\\/10\\\/residence.jpg\",\"datePublished\":\"2022-07-20T17:53:26+00:00\",\"dateModified\":\"2026-02-20T13:20:10+00:00\",\"breadcrumb\":{\"@id\":\"https:\\\/\\\/www.studio303.ca\\\/en\\\/archives-2\\\/#breadcrumb\"},\"inLanguage\":\"en-US\",\"potentialAction\":[{\"@type\":\"ReadAction\",\"target\":[\"https:\\\/\\\/www.studio303.ca\\\/en\\\/archives-2\\\/\"]}]},{\"@type\":\"ImageObject\",\"inLanguage\":\"en-US\",\"@id\":\"https:\\\/\\\/www.studio303.ca\\\/en\\\/archives-2\\\/#primaryimage\",\"url\":\"https:\\\/\\\/www.studio303.ca\\\/wp-content\\\/uploads\\\/2025\\\/10\\\/residence.jpg\",\"contentUrl\":\"https:\\\/\\\/www.studio303.ca\\\/wp-content\\\/uploads\\\/2025\\\/10\\\/residence.jpg\"},{\"@type\":\"BreadcrumbList\",\"@id\":\"https:\\\/\\\/www.studio303.ca\\\/en\\\/archives-2\\\/#breadcrumb\",\"itemListElement\":[{\"@type\":\"ListItem\",\"position\":1,\"name\":\"Home\",\"item\":\"https:\\\/\\\/www.studio303.ca\\\/en\\\/home\\\/\"},{\"@type\":\"ListItem\",\"position\":2,\"name\":\"Archives\"}]},{\"@type\":\"WebSite\",\"@id\":\"https:\\\/\\\/www.studio303.ca\\\/#website\",\"url\":\"https:\\\/\\\/www.studio303.ca\\\/\",\"name\":\"Studio 303\",\"description\":\"Lieu de diffusion et de soutien pour la danse et l&#039;art indisciplin\u00e9 \u00e0 Montr\u00e9al.\",\"publisher\":{\"@id\":\"https:\\\/\\\/www.studio303.ca\\\/#organization\"},\"potentialAction\":[{\"@type\":\"SearchAction\",\"target\":{\"@type\":\"EntryPoint\",\"urlTemplate\":\"https:\\\/\\\/www.studio303.ca\\\/?s={search_term_string}\"},\"query-input\":{\"@type\":\"PropertyValueSpecification\",\"valueRequired\":true,\"valueName\":\"search_term_string\"}}],\"inLanguage\":\"en-US\"},{\"@type\":\"Organization\",\"@id\":\"https:\\\/\\\/www.studio303.ca\\\/#organization\",\"name\":\"Studio 303\",\"url\":\"https:\\\/\\\/www.studio303.ca\\\/\",\"logo\":{\"@type\":\"ImageObject\",\"inLanguage\":\"en-US\",\"@id\":\"https:\\\/\\\/www.studio303.ca\\\/#\\\/schema\\\/logo\\\/image\\\/\",\"url\":\"https:\\\/\\\/www.studio303.ca\\\/wp-content\\\/uploads\\\/2025\\\/08\\\/studio303-logo_black-c2586d.svg\",\"contentUrl\":\"https:\\\/\\\/www.studio303.ca\\\/wp-content\\\/uploads\\\/2025\\\/08\\\/studio303-logo_black-c2586d.svg\",\"caption\":\"Studio 303\"},\"image\":{\"@id\":\"https:\\\/\\\/www.studio303.ca\\\/#\\\/schema\\\/logo\\\/image\\\/\"},\"sameAs\":[\"https:\\\/\\\/www.facebook.com\\\/studio303.montreal\",\"http:\\\/\\\/instagram.com\\\/studio303\"]}]}<\/script>\n<!-- \/ Yoast SEO plugin. -->","yoast_head_json":{"title":"Archives - Studio 303","robots":{"index":"index","follow":"follow","max-snippet":"max-snippet:-1","max-image-preview":"max-image-preview:large","max-video-preview":"max-video-preview:-1"},"canonical":"https:\/\/www.studio303.ca\/en\/archives-2\/","og_locale":"en_US","og_type":"article","og_title":"Archives - Studio 303","og_description":"Welcome to Studio 303\u2019s online archives!&nbsp; Studio 303\u2019s archives map the path taken by an idiosyncratic organization, and reflect shifts in social history, programming practices and aesthetic trends. Our archives document independent dance and interdisciplinary performance, and trace part of Montreal\u2019s feminist and queer performance history\u2013for some years, Edgy Women was one of the only [&hellip;]","og_url":"https:\/\/www.studio303.ca\/en\/archives-2\/","og_site_name":"Studio 303","article_publisher":"https:\/\/www.facebook.com\/studio303.montreal","article_modified_time":"2026-02-20T13:20:10+00:00","og_image":[{"width":512,"height":480,"url":"https:\/\/www.studio303.ca\/wp-content\/uploads\/2025\/10\/residence.jpg","type":"image\/jpeg"}],"twitter_card":"summary_large_image","twitter_misc":{"Est. reading time":"3 minutes"},"schema":{"@context":"https:\/\/schema.org","@graph":[{"@type":"WebPage","@id":"https:\/\/www.studio303.ca\/en\/archives-2\/","url":"https:\/\/www.studio303.ca\/en\/archives-2\/","name":"Archives - Studio 303","isPartOf":{"@id":"https:\/\/www.studio303.ca\/#website"},"primaryImageOfPage":{"@id":"https:\/\/www.studio303.ca\/en\/archives-2\/#primaryimage"},"image":{"@id":"https:\/\/www.studio303.ca\/en\/archives-2\/#primaryimage"},"thumbnailUrl":"https:\/\/www.studio303.ca\/wp-content\/uploads\/2025\/10\/residence.jpg","datePublished":"2022-07-20T17:53:26+00:00","dateModified":"2026-02-20T13:20:10+00:00","breadcrumb":{"@id":"https:\/\/www.studio303.ca\/en\/archives-2\/#breadcrumb"},"inLanguage":"en-US","potentialAction":[{"@type":"ReadAction","target":["https:\/\/www.studio303.ca\/en\/archives-2\/"]}]},{"@type":"ImageObject","inLanguage":"en-US","@id":"https:\/\/www.studio303.ca\/en\/archives-2\/#primaryimage","url":"https:\/\/www.studio303.ca\/wp-content\/uploads\/2025\/10\/residence.jpg","contentUrl":"https:\/\/www.studio303.ca\/wp-content\/uploads\/2025\/10\/residence.jpg"},{"@type":"BreadcrumbList","@id":"https:\/\/www.studio303.ca\/en\/archives-2\/#breadcrumb","itemListElement":[{"@type":"ListItem","position":1,"name":"Home","item":"https:\/\/www.studio303.ca\/en\/home\/"},{"@type":"ListItem","position":2,"name":"Archives"}]},{"@type":"WebSite","@id":"https:\/\/www.studio303.ca\/#website","url":"https:\/\/www.studio303.ca\/","name":"Studio 303","description":"Lieu de diffusion et de soutien pour la danse et l&#039;art indisciplin\u00e9 \u00e0 Montr\u00e9al.","publisher":{"@id":"https:\/\/www.studio303.ca\/#organization"},"potentialAction":[{"@type":"SearchAction","target":{"@type":"EntryPoint","urlTemplate":"https:\/\/www.studio303.ca\/?s={search_term_string}"},"query-input":{"@type":"PropertyValueSpecification","valueRequired":true,"valueName":"search_term_string"}}],"inLanguage":"en-US"},{"@type":"Organization","@id":"https:\/\/www.studio303.ca\/#organization","name":"Studio 303","url":"https:\/\/www.studio303.ca\/","logo":{"@type":"ImageObject","inLanguage":"en-US","@id":"https:\/\/www.studio303.ca\/#\/schema\/logo\/image\/","url":"https:\/\/www.studio303.ca\/wp-content\/uploads\/2025\/08\/studio303-logo_black-c2586d.svg","contentUrl":"https:\/\/www.studio303.ca\/wp-content\/uploads\/2025\/08\/studio303-logo_black-c2586d.svg","caption":"Studio 303"},"image":{"@id":"https:\/\/www.studio303.ca\/#\/schema\/logo\/image\/"},"sameAs":["https:\/\/www.facebook.com\/studio303.montreal","http:\/\/instagram.com\/studio303"]}]}},"_links":{"self":[{"href":"https:\/\/www.studio303.ca\/en\/wp-json\/wp\/v2\/pages\/15793","targetHints":{"allow":["GET"]}}],"collection":[{"href":"https:\/\/www.studio303.ca\/en\/wp-json\/wp\/v2\/pages"}],"about":[{"href":"https:\/\/www.studio303.ca\/en\/wp-json\/wp\/v2\/types\/page"}],"author":[{"embeddable":true,"href":"https:\/\/www.studio303.ca\/en\/wp-json\/wp\/v2\/users\/2"}],"replies":[{"embeddable":true,"href":"https:\/\/www.studio303.ca\/en\/wp-json\/wp\/v2\/comments?post=15793"}],"version-history":[{"count":33,"href":"https:\/\/www.studio303.ca\/en\/wp-json\/wp\/v2\/pages\/15793\/revisions"}],"predecessor-version":[{"id":33922,"href":"https:\/\/www.studio303.ca\/en\/wp-json\/wp\/v2\/pages\/15793\/revisions\/33922"}],"wp:attachment":[{"href":"https:\/\/www.studio303.ca\/en\/wp-json\/wp\/v2\/media?parent=15793"}],"curies":[{"name":"wp","href":"https:\/\/api.w.org\/{rel}","templated":true}]}}