{"id":15802,"date":"2022-07-20T13:06:24","date_gmt":"2022-07-20T18:06:24","guid":{"rendered":"https:\/\/www.studio303.ca\/?page_id=15802"},"modified":"2025-11-05T09:34:42","modified_gmt":"2025-11-05T13:34:42","slug":"archives-re-tours","status":"publish","type":"page","link":"https:\/\/www.studio303.ca\/en\/archives\/archives-re-tours\/","title":{"rendered":"Archives \/ Re-Tours"},"content":{"rendered":"\n<p>Initiated by the 2012 Salon Lab artists, Re-tours aims to demystify touring through personal anecdotes from a selection of performers. Learn about artistic opportunities abroad from your peers and catch a glimpse of their early beginnings!<\/p>\n\n\n\n<div class=\"wp-block-columns is-layout-flex wp-container-core-columns-is-layout-28f84493 wp-block-columns-is-layout-flex\">\n<div class=\"wp-block-column is-layout-flow wp-block-column-is-layout-flow\">\n<figure class=\"wp-block-image size-full\"><a href=\"https:\/\/www.studio303.ca\/en\/re-tours-les-artistes\/re-tours-the-choreographers\/\"><img loading=\"lazy\" decoding=\"async\" width=\"600\" height=\"400\" src=\"https:\/\/www.studio303.ca\/wp-content\/uploads\/2025\/10\/The_Choreographers-1.jpg\" alt=\"\" class=\"wp-image-32071\" srcset=\"https:\/\/www.studio303.ca\/wp-content\/uploads\/2025\/10\/The_Choreographers-1.jpg 600w, https:\/\/www.studio303.ca\/wp-content\/uploads\/2025\/10\/The_Choreographers-1-300x200.jpg 300w, https:\/\/www.studio303.ca\/wp-content\/uploads\/2025\/10\/The_Choreographers-1-468x312.jpg 468w\" sizes=\"auto, (max-width: 600px) 100vw, 600px\" \/><\/a><\/figure>\n\n\n\n<p><a href=\"https:\/\/www.studio303.ca\/en\/re-tours-les-artistes\/re-tours-the-choreographers\/\">The Choreographers<\/a><\/p>\n<\/div>\n\n\n\n<div class=\"wp-block-column is-layout-flow wp-block-column-is-layout-flow\">\n<figure class=\"wp-block-image size-full\"><a href=\"https:\/\/www.studio303.ca\/en\/re-tours-les-artistes\/re-tours-susanna-hood\/\"><img loading=\"lazy\" decoding=\"async\" width=\"600\" height=\"400\" src=\"https:\/\/www.studio303.ca\/wp-content\/uploads\/2025\/10\/Susanna_Hood.jpg\" alt=\"\" class=\"wp-image-32073\" srcset=\"https:\/\/www.studio303.ca\/wp-content\/uploads\/2025\/10\/Susanna_Hood.jpg 600w, https:\/\/www.studio303.ca\/wp-content\/uploads\/2025\/10\/Susanna_Hood-300x200.jpg 300w, https:\/\/www.studio303.ca\/wp-content\/uploads\/2025\/10\/Susanna_Hood-468x312.jpg 468w\" sizes=\"auto, (max-width: 600px) 100vw, 600px\" \/><\/a><\/figure>\n\n\n\n<p><a href=\"https:\/\/www.studio303.ca\/en\/re-tours-les-artistes\/re-tours-susanna-hood\/\">Susanna Hood<\/a><\/p>\n<\/div>\n\n\n\n<div class=\"wp-block-column is-layout-flow wp-block-column-is-layout-flow\">\n<figure class=\"wp-block-image size-full\"><a href=\"https:\/\/www.studio303.ca\/en\/re-tours-les-artistes\/re-tours-melanie-demers\/\"><img loading=\"lazy\" decoding=\"async\" width=\"600\" height=\"400\" src=\"https:\/\/www.studio303.ca\/wp-content\/uploads\/2025\/10\/Melanie_Demers.jpg\" alt=\"\" class=\"wp-image-32075\" srcset=\"https:\/\/www.studio303.ca\/wp-content\/uploads\/2025\/10\/Melanie_Demers.jpg 600w, https:\/\/www.studio303.ca\/wp-content\/uploads\/2025\/10\/Melanie_Demers-300x200.jpg 300w, https:\/\/www.studio303.ca\/wp-content\/uploads\/2025\/10\/Melanie_Demers-468x312.jpg 468w\" sizes=\"auto, (max-width: 600px) 100vw, 600px\" \/><\/a><\/figure>\n\n\n\n<p><a href=\"https:\/\/www.studio303.ca\/en\/re-tours-les-artistes\/re-tours-melanie-demers\/\">M\u00e9lanie Demers<\/a><\/p>\n<\/div>\n\n\n\n<div class=\"wp-block-column is-layout-flow wp-block-column-is-layout-flow\">\n<figure class=\"wp-block-image size-full\"><a href=\"https:\/\/www.studio303.ca\/en\/re-tours-les-artistes\/re-tours-jacob-wren\/\"><img loading=\"lazy\" decoding=\"async\" width=\"600\" height=\"400\" src=\"https:\/\/www.studio303.ca\/wp-content\/uploads\/2025\/10\/Jacob_Wren.jpg\" alt=\"\" class=\"wp-image-32077\" srcset=\"https:\/\/www.studio303.ca\/wp-content\/uploads\/2025\/10\/Jacob_Wren.jpg 600w, https:\/\/www.studio303.ca\/wp-content\/uploads\/2025\/10\/Jacob_Wren-300x200.jpg 300w, https:\/\/www.studio303.ca\/wp-content\/uploads\/2025\/10\/Jacob_Wren-468x312.jpg 468w\" sizes=\"auto, (max-width: 600px) 100vw, 600px\" \/><\/a><\/figure>\n\n\n\n<p><a href=\"https:\/\/www.studio303.ca\/en\/re-tours-les-artistes\/re-tours-jacob-wren\/\">Jacob Wren<\/a><\/p>\n<\/div>\n<\/div>\n\n\n\n<div class=\"wp-block-columns is-layout-flex wp-container-core-columns-is-layout-28f84493 wp-block-columns-is-layout-flex\">\n<div class=\"wp-block-column is-layout-flow wp-block-column-is-layout-flow\">\n<figure class=\"wp-block-image size-full\"><a href=\"https:\/\/www.studio303.ca\/en\/re-tours-les-artistes\/re-tours-george-stamos\/\"><img loading=\"lazy\" decoding=\"async\" width=\"600\" height=\"400\" src=\"https:\/\/www.studio303.ca\/wp-content\/uploads\/2025\/10\/George_Stamos.jpg\" alt=\"\" class=\"wp-image-32079\" srcset=\"https:\/\/www.studio303.ca\/wp-content\/uploads\/2025\/10\/George_Stamos.jpg 600w, https:\/\/www.studio303.ca\/wp-content\/uploads\/2025\/10\/George_Stamos-300x200.jpg 300w, https:\/\/www.studio303.ca\/wp-content\/uploads\/2025\/10\/George_Stamos-468x312.jpg 468w\" sizes=\"auto, (max-width: 600px) 100vw, 600px\" \/><\/a><\/figure>\n\n\n\n<p><a href=\"https:\/\/www.studio303.ca\/en\/re-tours-les-artistes\/re-tours-george-stamos\/\">George Stamos<\/a><\/p>\n<\/div>\n\n\n\n<div class=\"wp-block-column is-layout-flow wp-block-column-is-layout-flow\">\n<figure class=\"wp-block-image size-full\"><a href=\"https:\/\/www.studio303.ca\/en\/re-tours-les-artistes\/re-tours-dana-michel\/\"><img loading=\"lazy\" decoding=\"async\" width=\"600\" height=\"400\" src=\"https:\/\/www.studio303.ca\/wp-content\/uploads\/2025\/10\/Dana_Michel.jpg\" alt=\"\" class=\"wp-image-32081\" srcset=\"https:\/\/www.studio303.ca\/wp-content\/uploads\/2025\/10\/Dana_Michel.jpg 600w, https:\/\/www.studio303.ca\/wp-content\/uploads\/2025\/10\/Dana_Michel-300x200.jpg 300w, https:\/\/www.studio303.ca\/wp-content\/uploads\/2025\/10\/Dana_Michel-468x312.jpg 468w\" sizes=\"auto, (max-width: 600px) 100vw, 600px\" \/><\/a><\/figure>\n\n\n\n<p><a href=\"https:\/\/www.studio303.ca\/en\/re-tours-les-artistes\/re-tours-dana-michel\/\">Dana Michel<\/a><\/p>\n<\/div>\n\n\n\n<div class=\"wp-block-column is-layout-flow wp-block-column-is-layout-flow\">\n<figure class=\"wp-block-image size-full\"><a href=\"https:\/\/www.studio303.ca\/en\/re-tours-les-artistes\/re-tours-deborah-dunn\/\"><img loading=\"lazy\" decoding=\"async\" width=\"600\" height=\"400\" src=\"https:\/\/www.studio303.ca\/wp-content\/uploads\/2025\/10\/Deborah_Dunn.jpg\" alt=\"\" class=\"wp-image-32083\" srcset=\"https:\/\/www.studio303.ca\/wp-content\/uploads\/2025\/10\/Deborah_Dunn.jpg 600w, https:\/\/www.studio303.ca\/wp-content\/uploads\/2025\/10\/Deborah_Dunn-300x200.jpg 300w, https:\/\/www.studio303.ca\/wp-content\/uploads\/2025\/10\/Deborah_Dunn-468x312.jpg 468w\" sizes=\"auto, (max-width: 600px) 100vw, 600px\" \/><\/a><\/figure>\n\n\n\n<p><a href=\"https:\/\/www.studio303.ca\/en\/re-tours-les-artistes\/re-tours-deborah-dunn\/\">Deborah Dunn<\/a><\/p>\n<\/div>\n\n\n\n<div class=\"wp-block-column is-layout-flow wp-block-column-is-layout-flow\">\n<figure class=\"wp-block-image size-full\"><a href=\"https:\/\/www.studio303.ca\/en\/re-tours-les-artistes\/re-tours-caroline-laurin-beaucage\/\"><img loading=\"lazy\" decoding=\"async\" width=\"600\" height=\"400\" src=\"https:\/\/www.studio303.ca\/wp-content\/uploads\/2025\/10\/Caroline_Laurin_Beaucage.jpg\" alt=\"\" class=\"wp-image-32085\" srcset=\"https:\/\/www.studio303.ca\/wp-content\/uploads\/2025\/10\/Caroline_Laurin_Beaucage.jpg 600w, https:\/\/www.studio303.ca\/wp-content\/uploads\/2025\/10\/Caroline_Laurin_Beaucage-300x200.jpg 300w, https:\/\/www.studio303.ca\/wp-content\/uploads\/2025\/10\/Caroline_Laurin_Beaucage-468x312.jpg 468w\" sizes=\"auto, (max-width: 600px) 100vw, 600px\" \/><\/a><\/figure>\n\n\n\n<p><a href=\"https:\/\/www.studio303.ca\/en\/re-tours-les-artistes\/re-tours-caroline-laurin-beaucage\/\">Caroline Laurin-Beaucage<\/a><\/p>\n<\/div>\n<\/div>\n\n\n\n<div class=\"wp-block-columns is-layout-flex wp-container-core-columns-is-layout-28f84493 wp-block-columns-is-layout-flex\">\n<div class=\"wp-block-column is-layout-flow wp-block-column-is-layout-flow\"><\/div>\n\n\n\n<div class=\"wp-block-column is-layout-flow wp-block-column-is-layout-flow\">\n<figure class=\"wp-block-image size-full\"><a href=\"https:\/\/www.studio303.ca\/en\/re-tours-les-artistes\/re-tours-2boys-tv\/\"><img loading=\"lazy\" decoding=\"async\" width=\"600\" height=\"400\" src=\"https:\/\/www.studio303.ca\/wp-content\/uploads\/2025\/10\/2boys-tv.jpg\" alt=\"\" class=\"wp-image-32087\" srcset=\"https:\/\/www.studio303.ca\/wp-content\/uploads\/2025\/10\/2boys-tv.jpg 600w, https:\/\/www.studio303.ca\/wp-content\/uploads\/2025\/10\/2boys-tv-300x200.jpg 300w, https:\/\/www.studio303.ca\/wp-content\/uploads\/2025\/10\/2boys-tv-468x312.jpg 468w\" sizes=\"auto, (max-width: 600px) 100vw, 600px\" \/><\/a><\/figure>\n\n\n\n<p><a href=\"https:\/\/www.studio303.ca\/en\/re-tours-les-artistes\/re-tours-2boys-tv\/\">2Boys.tv<\/a><\/p>\n<\/div>\n\n\n\n<div class=\"wp-block-column is-layout-flow wp-block-column-is-layout-flow\">\n<figure class=\"wp-block-image size-full\"><a href=\"https:\/\/www.studio303.ca\/en\/re-tours-les-artistes\/re-tours-virginie-brunelle\/\"><img loading=\"lazy\" decoding=\"async\" width=\"600\" height=\"400\" src=\"https:\/\/www.studio303.ca\/wp-content\/uploads\/2025\/10\/Virginie_Brunelle.jpg\" alt=\"\" class=\"wp-image-32089\" srcset=\"https:\/\/www.studio303.ca\/wp-content\/uploads\/2025\/10\/Virginie_Brunelle.jpg 600w, https:\/\/www.studio303.ca\/wp-content\/uploads\/2025\/10\/Virginie_Brunelle-300x200.jpg 300w, https:\/\/www.studio303.ca\/wp-content\/uploads\/2025\/10\/Virginie_Brunelle-468x312.jpg 468w\" sizes=\"auto, (max-width: 600px) 100vw, 600px\" \/><\/a><\/figure>\n\n\n\n<p><a href=\"https:\/\/www.studio303.ca\/en\/re-tours-les-artistes\/re-tours-virginie-brunelle\/\">Virginie Brunelle<\/a><\/p>\n<\/div>\n\n\n\n<div class=\"wp-block-column is-layout-flow wp-block-column-is-layout-flow\"><\/div>\n<\/div>\n\n\n\n<p><\/p>\n","protected":false},"excerpt":{"rendered":"<p>Initiated by the 2012 Salon Lab artists, Re-tours aims to demystify touring through personal anecdotes from a selection of performers. Learn about artistic opportunities abroad from your peers and catch a glimpse of their early beginnings! The Choreographers Susanna Hood M\u00e9lanie Demers Jacob Wren George Stamos Dana Michel Deborah Dunn Caroline Laurin-Beaucage 2Boys.tv Virginie Brunelle<\/p>\n","protected":false},"author":2,"featured_media":0,"parent":435,"menu_order":0,"comment_status":"closed","ping_status":"closed","template":"","meta":{"_acf_changed":false,"inline_featured_image":false,"_exactmetrics_skip_tracking":false,"_exactmetrics_sitenote_active":false,"_exactmetrics_sitenote_note":"","_exactmetrics_sitenote_category":0,"_themeisle_gutenberg_block_has_review":false,"footnotes":""},"class_list":["post-15802","page","type-page","status-publish","hentry"],"acf":[],"yoast_head":"<!-- This site is optimized with the Yoast SEO plugin v27.4 - https:\/\/yoast.com\/product\/yoast-seo-wordpress\/ -->\n<title>Archives \/ Re-Tours - Studio 303<\/title>\n<meta name=\"robots\" content=\"index, follow, max-snippet:-1, max-image-preview:large, max-video-preview:-1\" \/>\n<link rel=\"canonical\" href=\"https:\/\/www.studio303.ca\/en\/archives\/archives-re-tours\/\" \/>\n<meta property=\"og:locale\" content=\"en_US\" \/>\n<meta property=\"og:type\" content=\"article\" \/>\n<meta property=\"og:title\" content=\"Archives \/ Re-Tours - Studio 303\" \/>\n<meta property=\"og:description\" content=\"Initiated by the 2012 Salon Lab artists, Re-tours aims to demystify touring through personal anecdotes from a selection of performers. Learn about artistic opportunities abroad from your peers and catch a glimpse of their early beginnings! The Choreographers Susanna Hood M\u00e9lanie Demers Jacob Wren George Stamos Dana Michel Deborah Dunn Caroline Laurin-Beaucage 2Boys.tv Virginie Brunelle\" \/>\n<meta property=\"og:url\" content=\"https:\/\/www.studio303.ca\/en\/archives\/archives-re-tours\/\" \/>\n<meta property=\"og:site_name\" content=\"Studio 303\" \/>\n<meta property=\"article:publisher\" content=\"https:\/\/www.facebook.com\/studio303.montreal\" \/>\n<meta property=\"article:modified_time\" content=\"2025-11-05T13:34:42+00:00\" \/>\n<meta property=\"og:image\" content=\"https:\/\/www.studio303.ca\/wp-content\/uploads\/2025\/10\/The_Choreographers-1.jpg\" \/>\n\t<meta property=\"og:image:width\" content=\"600\" \/>\n\t<meta property=\"og:image:height\" content=\"400\" \/>\n\t<meta property=\"og:image:type\" content=\"image\/jpeg\" \/>\n<meta name=\"twitter:card\" content=\"summary_large_image\" \/>\n<meta name=\"twitter:label1\" content=\"Est. reading time\" \/>\n\t<meta name=\"twitter:data1\" content=\"3 minutes\" \/>\n<script type=\"application\/ld+json\" class=\"yoast-schema-graph\">{\"@context\":\"https:\\\/\\\/schema.org\",\"@graph\":[{\"@type\":\"WebPage\",\"@id\":\"https:\\\/\\\/www.studio303.ca\\\/en\\\/archives\\\/archives-re-tours\\\/\",\"url\":\"https:\\\/\\\/www.studio303.ca\\\/en\\\/archives\\\/archives-re-tours\\\/\",\"name\":\"Archives \\\/ Re-Tours - Studio 303\",\"isPartOf\":{\"@id\":\"https:\\\/\\\/www.studio303.ca\\\/#website\"},\"primaryImageOfPage\":{\"@id\":\"https:\\\/\\\/www.studio303.ca\\\/en\\\/archives\\\/archives-re-tours\\\/#primaryimage\"},\"image\":{\"@id\":\"https:\\\/\\\/www.studio303.ca\\\/en\\\/archives\\\/archives-re-tours\\\/#primaryimage\"},\"thumbnailUrl\":\"https:\\\/\\\/www.studio303.ca\\\/wp-content\\\/uploads\\\/2025\\\/10\\\/The_Choreographers-1.jpg\",\"datePublished\":\"2022-07-20T18:06:24+00:00\",\"dateModified\":\"2025-11-05T13:34:42+00:00\",\"breadcrumb\":{\"@id\":\"https:\\\/\\\/www.studio303.ca\\\/en\\\/archives\\\/archives-re-tours\\\/#breadcrumb\"},\"inLanguage\":\"en-US\",\"potentialAction\":[{\"@type\":\"ReadAction\",\"target\":[\"https:\\\/\\\/www.studio303.ca\\\/en\\\/archives\\\/archives-re-tours\\\/\"]}]},{\"@type\":\"ImageObject\",\"inLanguage\":\"en-US\",\"@id\":\"https:\\\/\\\/www.studio303.ca\\\/en\\\/archives\\\/archives-re-tours\\\/#primaryimage\",\"url\":\"https:\\\/\\\/www.studio303.ca\\\/wp-content\\\/uploads\\\/2025\\\/10\\\/The_Choreographers-1.jpg\",\"contentUrl\":\"https:\\\/\\\/www.studio303.ca\\\/wp-content\\\/uploads\\\/2025\\\/10\\\/The_Choreographers-1.jpg\"},{\"@type\":\"BreadcrumbList\",\"@id\":\"https:\\\/\\\/www.studio303.ca\\\/en\\\/archives\\\/archives-re-tours\\\/#breadcrumb\",\"itemListElement\":[{\"@type\":\"ListItem\",\"position\":1,\"name\":\"Home\",\"item\":\"https:\\\/\\\/www.studio303.ca\\\/en\\\/home\\\/\"},{\"@type\":\"ListItem\",\"position\":2,\"name\":\"Archives\",\"item\":\"https:\\\/\\\/www.studio303.ca\\\/en\\\/archives\\\/\"},{\"@type\":\"ListItem\",\"position\":3,\"name\":\"Archives \\\/ Re-Tours\"}]},{\"@type\":\"WebSite\",\"@id\":\"https:\\\/\\\/www.studio303.ca\\\/#website\",\"url\":\"https:\\\/\\\/www.studio303.ca\\\/\",\"name\":\"Studio 303\",\"description\":\"Lieu de diffusion et de soutien pour la danse et l&#039;art indisciplin\u00e9 \u00e0 Montr\u00e9al.\",\"publisher\":{\"@id\":\"https:\\\/\\\/www.studio303.ca\\\/#organization\"},\"potentialAction\":[{\"@type\":\"SearchAction\",\"target\":{\"@type\":\"EntryPoint\",\"urlTemplate\":\"https:\\\/\\\/www.studio303.ca\\\/?s={search_term_string}\"},\"query-input\":{\"@type\":\"PropertyValueSpecification\",\"valueRequired\":true,\"valueName\":\"search_term_string\"}}],\"inLanguage\":\"en-US\"},{\"@type\":\"Organization\",\"@id\":\"https:\\\/\\\/www.studio303.ca\\\/#organization\",\"name\":\"Studio 303\",\"url\":\"https:\\\/\\\/www.studio303.ca\\\/\",\"logo\":{\"@type\":\"ImageObject\",\"inLanguage\":\"en-US\",\"@id\":\"https:\\\/\\\/www.studio303.ca\\\/#\\\/schema\\\/logo\\\/image\\\/\",\"url\":\"https:\\\/\\\/www.studio303.ca\\\/wp-content\\\/uploads\\\/2025\\\/08\\\/studio303-logo_black-c2586d.svg\",\"contentUrl\":\"https:\\\/\\\/www.studio303.ca\\\/wp-content\\\/uploads\\\/2025\\\/08\\\/studio303-logo_black-c2586d.svg\",\"caption\":\"Studio 303\"},\"image\":{\"@id\":\"https:\\\/\\\/www.studio303.ca\\\/#\\\/schema\\\/logo\\\/image\\\/\"},\"sameAs\":[\"https:\\\/\\\/www.facebook.com\\\/studio303.montreal\",\"http:\\\/\\\/instagram.com\\\/studio303\"]}]}<\/script>\n<!-- \/ Yoast SEO plugin. -->","yoast_head_json":{"title":"Archives \/ Re-Tours - Studio 303","robots":{"index":"index","follow":"follow","max-snippet":"max-snippet:-1","max-image-preview":"max-image-preview:large","max-video-preview":"max-video-preview:-1"},"canonical":"https:\/\/www.studio303.ca\/en\/archives\/archives-re-tours\/","og_locale":"en_US","og_type":"article","og_title":"Archives \/ Re-Tours - Studio 303","og_description":"Initiated by the 2012 Salon Lab artists, Re-tours aims to demystify touring through personal anecdotes from a selection of performers. Learn about artistic opportunities abroad from your peers and catch a glimpse of their early beginnings! The Choreographers Susanna Hood M\u00e9lanie Demers Jacob Wren George Stamos Dana Michel Deborah Dunn Caroline Laurin-Beaucage 2Boys.tv Virginie Brunelle","og_url":"https:\/\/www.studio303.ca\/en\/archives\/archives-re-tours\/","og_site_name":"Studio 303","article_publisher":"https:\/\/www.facebook.com\/studio303.montreal","article_modified_time":"2025-11-05T13:34:42+00:00","og_image":[{"width":600,"height":400,"url":"https:\/\/www.studio303.ca\/wp-content\/uploads\/2025\/10\/The_Choreographers-1.jpg","type":"image\/jpeg"}],"twitter_card":"summary_large_image","twitter_misc":{"Est. reading time":"3 minutes"},"schema":{"@context":"https:\/\/schema.org","@graph":[{"@type":"WebPage","@id":"https:\/\/www.studio303.ca\/en\/archives\/archives-re-tours\/","url":"https:\/\/www.studio303.ca\/en\/archives\/archives-re-tours\/","name":"Archives \/ Re-Tours - Studio 303","isPartOf":{"@id":"https:\/\/www.studio303.ca\/#website"},"primaryImageOfPage":{"@id":"https:\/\/www.studio303.ca\/en\/archives\/archives-re-tours\/#primaryimage"},"image":{"@id":"https:\/\/www.studio303.ca\/en\/archives\/archives-re-tours\/#primaryimage"},"thumbnailUrl":"https:\/\/www.studio303.ca\/wp-content\/uploads\/2025\/10\/The_Choreographers-1.jpg","datePublished":"2022-07-20T18:06:24+00:00","dateModified":"2025-11-05T13:34:42+00:00","breadcrumb":{"@id":"https:\/\/www.studio303.ca\/en\/archives\/archives-re-tours\/#breadcrumb"},"inLanguage":"en-US","potentialAction":[{"@type":"ReadAction","target":["https:\/\/www.studio303.ca\/en\/archives\/archives-re-tours\/"]}]},{"@type":"ImageObject","inLanguage":"en-US","@id":"https:\/\/www.studio303.ca\/en\/archives\/archives-re-tours\/#primaryimage","url":"https:\/\/www.studio303.ca\/wp-content\/uploads\/2025\/10\/The_Choreographers-1.jpg","contentUrl":"https:\/\/www.studio303.ca\/wp-content\/uploads\/2025\/10\/The_Choreographers-1.jpg"},{"@type":"BreadcrumbList","@id":"https:\/\/www.studio303.ca\/en\/archives\/archives-re-tours\/#breadcrumb","itemListElement":[{"@type":"ListItem","position":1,"name":"Home","item":"https:\/\/www.studio303.ca\/en\/home\/"},{"@type":"ListItem","position":2,"name":"Archives","item":"https:\/\/www.studio303.ca\/en\/archives\/"},{"@type":"ListItem","position":3,"name":"Archives \/ Re-Tours"}]},{"@type":"WebSite","@id":"https:\/\/www.studio303.ca\/#website","url":"https:\/\/www.studio303.ca\/","name":"Studio 303","description":"Lieu de diffusion et de soutien pour la danse et l&#039;art indisciplin\u00e9 \u00e0 Montr\u00e9al.","publisher":{"@id":"https:\/\/www.studio303.ca\/#organization"},"potentialAction":[{"@type":"SearchAction","target":{"@type":"EntryPoint","urlTemplate":"https:\/\/www.studio303.ca\/?s={search_term_string}"},"query-input":{"@type":"PropertyValueSpecification","valueRequired":true,"valueName":"search_term_string"}}],"inLanguage":"en-US"},{"@type":"Organization","@id":"https:\/\/www.studio303.ca\/#organization","name":"Studio 303","url":"https:\/\/www.studio303.ca\/","logo":{"@type":"ImageObject","inLanguage":"en-US","@id":"https:\/\/www.studio303.ca\/#\/schema\/logo\/image\/","url":"https:\/\/www.studio303.ca\/wp-content\/uploads\/2025\/08\/studio303-logo_black-c2586d.svg","contentUrl":"https:\/\/www.studio303.ca\/wp-content\/uploads\/2025\/08\/studio303-logo_black-c2586d.svg","caption":"Studio 303"},"image":{"@id":"https:\/\/www.studio303.ca\/#\/schema\/logo\/image\/"},"sameAs":["https:\/\/www.facebook.com\/studio303.montreal","http:\/\/instagram.com\/studio303"]}]}},"_links":{"self":[{"href":"https:\/\/www.studio303.ca\/en\/wp-json\/wp\/v2\/pages\/15802","targetHints":{"allow":["GET"]}}],"collection":[{"href":"https:\/\/www.studio303.ca\/en\/wp-json\/wp\/v2\/pages"}],"about":[{"href":"https:\/\/www.studio303.ca\/en\/wp-json\/wp\/v2\/types\/page"}],"author":[{"embeddable":true,"href":"https:\/\/www.studio303.ca\/en\/wp-json\/wp\/v2\/users\/2"}],"replies":[{"embeddable":true,"href":"https:\/\/www.studio303.ca\/en\/wp-json\/wp\/v2\/comments?post=15802"}],"version-history":[{"count":4,"href":"https:\/\/www.studio303.ca\/en\/wp-json\/wp\/v2\/pages\/15802\/revisions"}],"predecessor-version":[{"id":32420,"href":"https:\/\/www.studio303.ca\/en\/wp-json\/wp\/v2\/pages\/15802\/revisions\/32420"}],"up":[{"embeddable":true,"href":"https:\/\/www.studio303.ca\/en\/wp-json\/wp\/v2\/pages\/435"}],"wp:attachment":[{"href":"https:\/\/www.studio303.ca\/en\/wp-json\/wp\/v2\/media?parent=15802"}],"curies":[{"name":"wp","href":"https:\/\/api.w.org\/{rel}","templated":true}]}}