{"id":19345,"date":"2023-04-14T16:50:18","date_gmt":"2023-04-14T21:50:18","guid":{"rendered":"https:\/\/www.studio303.ca\/?page_id=19345"},"modified":"2024-03-19T14:56:25","modified_gmt":"2024-03-19T19:56:25","slug":"open-level-class-acting-class-for-script-work-and-technique-with-lenore-claire-herrem","status":"publish","type":"page","link":"https:\/\/www.studio303.ca\/en\/open-level-class-acting-class-for-script-work-and-technique-with-lenore-claire-herrem\/","title":{"rendered":"OPEN-LEVEL CLASS \/\/ ACTING CLASS FOR SCRIPT WORK AND TECHNIQUE WITH LENORE CLAIRE HERREM"},"content":{"rendered":"<h3>Thursday \u2014 6 p.m. to 7:30 p.m.<\/h3>\n<p><b>SPRING: April 5th to June 14th, 2024 <\/b>(10 classes)<br \/>\n<b><\/b><b>Fee: <\/b><b>$300<\/b><b><br \/>\n<\/b><b style=\"font-size: revert; color: initial; font-family: -apple-system, BlinkMacSystemFont, 'Segoe UI', Roboto, Oxygen-Sans, Ubuntu, Cantarell, 'Helvetica Neue', sans-serif;\">Payment by e-transfer: <\/b><a style=\"font-size: revert; font-family: -apple-system, BlinkMacSystemFont, 'Segoe UI', Roboto, Oxygen-Sans, Ubuntu, Cantarell, 'Helvetica Neue', sans-serif;\" href=\"mailto:lenoreclaireherrem@gmail.com\"><b>lenoreclaireherrem@gmail.com<\/b><\/a><br \/>\n<b>Class in English<\/b><\/p>\n<p><i><span style=\"font-weight: 400;\">If financial barriers are an issue, participants are encouraged to reach out about sliding scale or partial trade options to: <\/span><\/i><a href=\"mailto:lenoreclaireherrem@gmail.com\"><b>lenoreclaireherrem@gmail.com<\/b> <\/a><\/p>\n<p><i><span style=\"font-weight: 400;\">Any other questions about the course may also be addressed to Lenore at that email.<\/span><\/i><\/p>\n<p><b><br \/>\nTO REGISTER &gt; <em>Form to come<\/em><\/b><\/p>\n<p><strong><i><br \/>\nThe mask could be mandatory for some activities as an accessibility measure for our teachers or participants. <a href=\"https:\/\/www.studio303.ca\/en\/covid-19-en\/\" target=\"_blank\" rel=\"noopener\">For more information, click here.<\/a><\/i><\/strong><\/p>\n<hr>\n<p><b>CONTENT<br \/>\n<\/b><span style=\"font-weight: 400;\">This class is designed for people interested in becoming better acquainted with a theatre acting experience, more comfortable with public speaking and dynamic presentation, or who would like to have an enjoyable extra-curricular once a week. Lenore designed this course to approach technical acting basics developed from the likes of Konstantin Stanislavski, Stella Adler, and Sanford Meisner, in a language she has developed herself and effectively applies. While the intention is to facilitate a learning experience, the priority of leisure is just as high, and it\u2019s important the class is fun for everyone. Lenore has been directing &amp; acting for two decades in theatre settings, has provided this course twice before at Studio 303, and is excited to present it a third time for returning &amp; new participants. Over 10 weeks, the group will take part in a variety of exercises to embody an active understanding of the work, ending in a very casual performance for friends, family, and each other.&nbsp;<\/span><\/p>\n<p><b><br \/>\nACCESSIBILITY<br \/>\n<\/b><span style=\"font-weight: 400;\">The classes will be done in English, and include a little bit of theory lecture, with more group exercises on our feet. Each day will eventually include working on those scenes with each other in class, as well as group activities. Exercises in class may involve light bodily contact, but consent will be a routine priority.&nbsp; We will regularly check-in for emotional\/physical\/energy status, in an effort to&nbsp; work responsibly with each other. If a participant knows of situational triggers they may have, they are encouraged to be relayed to Lenore via email or in person before class.<\/span><\/p>\n<p><b><br \/>\nBIOGRAPHY<br \/>\nLenore Claire Herrem <\/b>is an interdisciplinary artist working primarily in the fields of theatrical performance and digital storytelling. She has been working professionally, independently and experimentally in the Montreal and Saskatoon theatre industry for 15 years as a director, writer, actor and cabaret artist. She is a 32-year-old transgender white woman with a passion for creation and collaboration. This is the second time she&#8217;s offered this course, and after great success, she&#8217;s happy to offer it again!<b><br \/>\n<\/b><\/p>\n<hr>\n<p><b>Evening classes are open to all levels, and it is recommended to register in advance for one or multiple classes.<\/b><\/p>\n<p><strong>Registration is done directly with the teachers, please contact them if you need additional information.<\/strong><\/p>\n","protected":false},"excerpt":{"rendered":"<p>Thursday \u2014 6 p.m. to 7:30 p.m. SPRING: April 5th to June 14th, 2024 (10 classes) Fee: $300 Payment by e-transfer: lenoreclaireherrem@gmail.com Class in English If financial barriers are an issue, participants are encouraged to reach out about sliding scale or partial trade options to: lenoreclaireherrem@gmail.com Any other questions about the course may also be [&hellip;]<\/p>\n","protected":false},"author":2,"featured_media":23516,"parent":0,"menu_order":0,"comment_status":"closed","ping_status":"closed","template":"","meta":{"_acf_changed":false,"inline_featured_image":false,"_exactmetrics_skip_tracking":false,"_exactmetrics_sitenote_active":false,"_exactmetrics_sitenote_note":"","_exactmetrics_sitenote_category":0,"_themeisle_gutenberg_block_has_review":false,"footnotes":""},"class_list":["post-19345","page","type-page","status-publish","has-post-thumbnail","hentry"],"acf":[],"yoast_head":"<!-- This site is optimized with the Yoast SEO plugin v27.3 - https:\/\/yoast.com\/product\/yoast-seo-wordpress\/ -->\n<title>OPEN-LEVEL CLASS \/\/ ACTING CLASS FOR SCRIPT WORK AND TECHNIQUE WITH LENORE CLAIRE HERREM - Studio 303<\/title>\n<meta name=\"robots\" content=\"index, follow, max-snippet:-1, max-image-preview:large, max-video-preview:-1\" \/>\n<link rel=\"canonical\" href=\"https:\/\/www.studio303.ca\/en\/open-level-class-acting-class-for-script-work-and-technique-with-lenore-claire-herrem\/\" \/>\n<meta property=\"og:locale\" content=\"en_US\" \/>\n<meta property=\"og:type\" content=\"article\" \/>\n<meta property=\"og:title\" content=\"OPEN-LEVEL CLASS \/\/ ACTING CLASS FOR SCRIPT WORK AND TECHNIQUE WITH LENORE CLAIRE HERREM - Studio 303\" \/>\n<meta property=\"og:description\" content=\"Thursday \u2014 6 p.m. to 7:30 p.m. SPRING: April 5th to June 14th, 2024 (10 classes) Fee: $300 Payment by e-transfer: lenoreclaireherrem@gmail.com Class in English If financial barriers are an issue, participants are encouraged to reach out about sliding scale or partial trade options to: lenoreclaireherrem@gmail.com Any other questions about the course may also be [&hellip;]\" \/>\n<meta property=\"og:url\" content=\"https:\/\/www.studio303.ca\/en\/open-level-class-acting-class-for-script-work-and-technique-with-lenore-claire-herrem\/\" \/>\n<meta property=\"og:site_name\" content=\"Studio 303\" \/>\n<meta property=\"article:publisher\" content=\"https:\/\/www.facebook.com\/studio303.montreal\" \/>\n<meta property=\"article:modified_time\" content=\"2024-03-19T19:56:25+00:00\" \/>\n<meta property=\"og:image\" content=\"https:\/\/www.studio303.ca\/wp-content\/uploads\/2024\/03\/image_123650291.jpg\" \/>\n\t<meta property=\"og:image:width\" content=\"2400\" \/>\n\t<meta property=\"og:image:height\" content=\"1800\" \/>\n\t<meta property=\"og:image:type\" content=\"image\/jpeg\" \/>\n<meta name=\"twitter:card\" content=\"summary_large_image\" \/>\n<meta name=\"twitter:label1\" content=\"Est. reading time\" \/>\n\t<meta name=\"twitter:data1\" content=\"3 minutes\" \/>\n<script type=\"application\/ld+json\" class=\"yoast-schema-graph\">{\"@context\":\"https:\\\/\\\/schema.org\",\"@graph\":[{\"@type\":\"WebPage\",\"@id\":\"https:\\\/\\\/www.studio303.ca\\\/en\\\/open-level-class-acting-class-for-script-work-and-technique-with-lenore-claire-herrem\\\/\",\"url\":\"https:\\\/\\\/www.studio303.ca\\\/en\\\/open-level-class-acting-class-for-script-work-and-technique-with-lenore-claire-herrem\\\/\",\"name\":\"OPEN-LEVEL CLASS \\\/\\\/ ACTING CLASS FOR SCRIPT WORK AND TECHNIQUE WITH LENORE CLAIRE HERREM - Studio 303\",\"isPartOf\":{\"@id\":\"https:\\\/\\\/www.studio303.ca\\\/#website\"},\"primaryImageOfPage\":{\"@id\":\"https:\\\/\\\/www.studio303.ca\\\/en\\\/open-level-class-acting-class-for-script-work-and-technique-with-lenore-claire-herrem\\\/#primaryimage\"},\"image\":{\"@id\":\"https:\\\/\\\/www.studio303.ca\\\/en\\\/open-level-class-acting-class-for-script-work-and-technique-with-lenore-claire-herrem\\\/#primaryimage\"},\"thumbnailUrl\":\"https:\\\/\\\/www.studio303.ca\\\/wp-content\\\/uploads\\\/2024\\\/03\\\/image_123650291.jpg\",\"datePublished\":\"2023-04-14T21:50:18+00:00\",\"dateModified\":\"2024-03-19T19:56:25+00:00\",\"breadcrumb\":{\"@id\":\"https:\\\/\\\/www.studio303.ca\\\/en\\\/open-level-class-acting-class-for-script-work-and-technique-with-lenore-claire-herrem\\\/#breadcrumb\"},\"inLanguage\":\"en-US\",\"potentialAction\":[{\"@type\":\"ReadAction\",\"target\":[\"https:\\\/\\\/www.studio303.ca\\\/en\\\/open-level-class-acting-class-for-script-work-and-technique-with-lenore-claire-herrem\\\/\"]}]},{\"@type\":\"ImageObject\",\"inLanguage\":\"en-US\",\"@id\":\"https:\\\/\\\/www.studio303.ca\\\/en\\\/open-level-class-acting-class-for-script-work-and-technique-with-lenore-claire-herrem\\\/#primaryimage\",\"url\":\"https:\\\/\\\/www.studio303.ca\\\/wp-content\\\/uploads\\\/2024\\\/03\\\/image_123650291.jpg\",\"contentUrl\":\"https:\\\/\\\/www.studio303.ca\\\/wp-content\\\/uploads\\\/2024\\\/03\\\/image_123650291.jpg\",\"width\":2400,\"height\":1800},{\"@type\":\"BreadcrumbList\",\"@id\":\"https:\\\/\\\/www.studio303.ca\\\/en\\\/open-level-class-acting-class-for-script-work-and-technique-with-lenore-claire-herrem\\\/#breadcrumb\",\"itemListElement\":[{\"@type\":\"ListItem\",\"position\":1,\"name\":\"Home\",\"item\":\"https:\\\/\\\/www.studio303.ca\\\/en\\\/home\\\/\"},{\"@type\":\"ListItem\",\"position\":2,\"name\":\"OPEN-LEVEL CLASS \\\/\\\/ ACTING CLASS FOR SCRIPT WORK AND TECHNIQUE WITH LENORE CLAIRE HERREM\"}]},{\"@type\":\"WebSite\",\"@id\":\"https:\\\/\\\/www.studio303.ca\\\/#website\",\"url\":\"https:\\\/\\\/www.studio303.ca\\\/\",\"name\":\"Studio 303\",\"description\":\"Lieu de diffusion et de soutien pour la danse et l&#039;art indisciplin\u00e9 \u00e0 Montr\u00e9al.\",\"publisher\":{\"@id\":\"https:\\\/\\\/www.studio303.ca\\\/#organization\"},\"potentialAction\":[{\"@type\":\"SearchAction\",\"target\":{\"@type\":\"EntryPoint\",\"urlTemplate\":\"https:\\\/\\\/www.studio303.ca\\\/?s={search_term_string}\"},\"query-input\":{\"@type\":\"PropertyValueSpecification\",\"valueRequired\":true,\"valueName\":\"search_term_string\"}}],\"inLanguage\":\"en-US\"},{\"@type\":\"Organization\",\"@id\":\"https:\\\/\\\/www.studio303.ca\\\/#organization\",\"name\":\"Studio 303\",\"url\":\"https:\\\/\\\/www.studio303.ca\\\/\",\"logo\":{\"@type\":\"ImageObject\",\"inLanguage\":\"en-US\",\"@id\":\"https:\\\/\\\/www.studio303.ca\\\/#\\\/schema\\\/logo\\\/image\\\/\",\"url\":\"https:\\\/\\\/www.studio303.ca\\\/wp-content\\\/uploads\\\/2025\\\/08\\\/studio303-logo_black-c2586d.svg\",\"contentUrl\":\"https:\\\/\\\/www.studio303.ca\\\/wp-content\\\/uploads\\\/2025\\\/08\\\/studio303-logo_black-c2586d.svg\",\"caption\":\"Studio 303\"},\"image\":{\"@id\":\"https:\\\/\\\/www.studio303.ca\\\/#\\\/schema\\\/logo\\\/image\\\/\"},\"sameAs\":[\"https:\\\/\\\/www.facebook.com\\\/studio303.montreal\",\"http:\\\/\\\/instagram.com\\\/studio303\"]}]}<\/script>\n<!-- \/ Yoast SEO plugin. -->","yoast_head_json":{"title":"OPEN-LEVEL CLASS \/\/ ACTING CLASS FOR SCRIPT WORK AND TECHNIQUE WITH LENORE CLAIRE HERREM - Studio 303","robots":{"index":"index","follow":"follow","max-snippet":"max-snippet:-1","max-image-preview":"max-image-preview:large","max-video-preview":"max-video-preview:-1"},"canonical":"https:\/\/www.studio303.ca\/en\/open-level-class-acting-class-for-script-work-and-technique-with-lenore-claire-herrem\/","og_locale":"en_US","og_type":"article","og_title":"OPEN-LEVEL CLASS \/\/ ACTING CLASS FOR SCRIPT WORK AND TECHNIQUE WITH LENORE CLAIRE HERREM - Studio 303","og_description":"Thursday \u2014 6 p.m. to 7:30 p.m. SPRING: April 5th to June 14th, 2024 (10 classes) Fee: $300 Payment by e-transfer: lenoreclaireherrem@gmail.com Class in English If financial barriers are an issue, participants are encouraged to reach out about sliding scale or partial trade options to: lenoreclaireherrem@gmail.com Any other questions about the course may also be [&hellip;]","og_url":"https:\/\/www.studio303.ca\/en\/open-level-class-acting-class-for-script-work-and-technique-with-lenore-claire-herrem\/","og_site_name":"Studio 303","article_publisher":"https:\/\/www.facebook.com\/studio303.montreal","article_modified_time":"2024-03-19T19:56:25+00:00","og_image":[{"width":2400,"height":1800,"url":"https:\/\/www.studio303.ca\/wp-content\/uploads\/2024\/03\/image_123650291.jpg","type":"image\/jpeg"}],"twitter_card":"summary_large_image","twitter_misc":{"Est. reading time":"3 minutes"},"schema":{"@context":"https:\/\/schema.org","@graph":[{"@type":"WebPage","@id":"https:\/\/www.studio303.ca\/en\/open-level-class-acting-class-for-script-work-and-technique-with-lenore-claire-herrem\/","url":"https:\/\/www.studio303.ca\/en\/open-level-class-acting-class-for-script-work-and-technique-with-lenore-claire-herrem\/","name":"OPEN-LEVEL CLASS \/\/ ACTING CLASS FOR SCRIPT WORK AND TECHNIQUE WITH LENORE CLAIRE HERREM - Studio 303","isPartOf":{"@id":"https:\/\/www.studio303.ca\/#website"},"primaryImageOfPage":{"@id":"https:\/\/www.studio303.ca\/en\/open-level-class-acting-class-for-script-work-and-technique-with-lenore-claire-herrem\/#primaryimage"},"image":{"@id":"https:\/\/www.studio303.ca\/en\/open-level-class-acting-class-for-script-work-and-technique-with-lenore-claire-herrem\/#primaryimage"},"thumbnailUrl":"https:\/\/www.studio303.ca\/wp-content\/uploads\/2024\/03\/image_123650291.jpg","datePublished":"2023-04-14T21:50:18+00:00","dateModified":"2024-03-19T19:56:25+00:00","breadcrumb":{"@id":"https:\/\/www.studio303.ca\/en\/open-level-class-acting-class-for-script-work-and-technique-with-lenore-claire-herrem\/#breadcrumb"},"inLanguage":"en-US","potentialAction":[{"@type":"ReadAction","target":["https:\/\/www.studio303.ca\/en\/open-level-class-acting-class-for-script-work-and-technique-with-lenore-claire-herrem\/"]}]},{"@type":"ImageObject","inLanguage":"en-US","@id":"https:\/\/www.studio303.ca\/en\/open-level-class-acting-class-for-script-work-and-technique-with-lenore-claire-herrem\/#primaryimage","url":"https:\/\/www.studio303.ca\/wp-content\/uploads\/2024\/03\/image_123650291.jpg","contentUrl":"https:\/\/www.studio303.ca\/wp-content\/uploads\/2024\/03\/image_123650291.jpg","width":2400,"height":1800},{"@type":"BreadcrumbList","@id":"https:\/\/www.studio303.ca\/en\/open-level-class-acting-class-for-script-work-and-technique-with-lenore-claire-herrem\/#breadcrumb","itemListElement":[{"@type":"ListItem","position":1,"name":"Home","item":"https:\/\/www.studio303.ca\/en\/home\/"},{"@type":"ListItem","position":2,"name":"OPEN-LEVEL CLASS \/\/ ACTING CLASS FOR SCRIPT WORK AND TECHNIQUE WITH LENORE CLAIRE HERREM"}]},{"@type":"WebSite","@id":"https:\/\/www.studio303.ca\/#website","url":"https:\/\/www.studio303.ca\/","name":"Studio 303","description":"Lieu de diffusion et de soutien pour la danse et l&#039;art indisciplin\u00e9 \u00e0 Montr\u00e9al.","publisher":{"@id":"https:\/\/www.studio303.ca\/#organization"},"potentialAction":[{"@type":"SearchAction","target":{"@type":"EntryPoint","urlTemplate":"https:\/\/www.studio303.ca\/?s={search_term_string}"},"query-input":{"@type":"PropertyValueSpecification","valueRequired":true,"valueName":"search_term_string"}}],"inLanguage":"en-US"},{"@type":"Organization","@id":"https:\/\/www.studio303.ca\/#organization","name":"Studio 303","url":"https:\/\/www.studio303.ca\/","logo":{"@type":"ImageObject","inLanguage":"en-US","@id":"https:\/\/www.studio303.ca\/#\/schema\/logo\/image\/","url":"https:\/\/www.studio303.ca\/wp-content\/uploads\/2025\/08\/studio303-logo_black-c2586d.svg","contentUrl":"https:\/\/www.studio303.ca\/wp-content\/uploads\/2025\/08\/studio303-logo_black-c2586d.svg","caption":"Studio 303"},"image":{"@id":"https:\/\/www.studio303.ca\/#\/schema\/logo\/image\/"},"sameAs":["https:\/\/www.facebook.com\/studio303.montreal","http:\/\/instagram.com\/studio303"]}]}},"_links":{"self":[{"href":"https:\/\/www.studio303.ca\/en\/wp-json\/wp\/v2\/pages\/19345","targetHints":{"allow":["GET"]}}],"collection":[{"href":"https:\/\/www.studio303.ca\/en\/wp-json\/wp\/v2\/pages"}],"about":[{"href":"https:\/\/www.studio303.ca\/en\/wp-json\/wp\/v2\/types\/page"}],"author":[{"embeddable":true,"href":"https:\/\/www.studio303.ca\/en\/wp-json\/wp\/v2\/users\/2"}],"replies":[{"embeddable":true,"href":"https:\/\/www.studio303.ca\/en\/wp-json\/wp\/v2\/comments?post=19345"}],"version-history":[{"count":14,"href":"https:\/\/www.studio303.ca\/en\/wp-json\/wp\/v2\/pages\/19345\/revisions"}],"predecessor-version":[{"id":23524,"href":"https:\/\/www.studio303.ca\/en\/wp-json\/wp\/v2\/pages\/19345\/revisions\/23524"}],"wp:featuredmedia":[{"embeddable":true,"href":"https:\/\/www.studio303.ca\/en\/wp-json\/wp\/v2\/media\/23516"}],"wp:attachment":[{"href":"https:\/\/www.studio303.ca\/en\/wp-json\/wp\/v2\/media?parent=19345"}],"curies":[{"name":"wp","href":"https:\/\/api.w.org\/{rel}","templated":true}]}}