{"id":2033,"date":"2018-07-19T11:09:22","date_gmt":"2018-07-19T16:09:22","guid":{"rendered":"https:\/\/www.studio303.ca\/?page_id=2033"},"modified":"2024-04-06T13:37:47","modified_gmt":"2024-04-06T18:37:47","slug":"evening-classes-krump-with-7starr","status":"publish","type":"page","link":"https:\/\/www.studio303.ca\/en\/classes\/evening-classes-krump-with-7starr\/","title":{"rendered":"OPEN-LEVEL CLASS \/\/ KRUMP CLASS WITH 7SKOPEZ"},"content":{"rendered":"<h3>Monday \u2014\u00a0 7:15 p.m. \u2013 9:15 p.m.<\/h3>\n<p><strong>SPRING :<\/strong> <b>April 1st to June 10, 2024 (11 classes)<\/b><em><br \/>\n<\/em><b>$25 per class <\/b>\/\/ Cash or e-transfer<b><br \/>\n$175 for full session <\/b>\/\/ Cash, e-transfer or check<b><br \/>\n<\/b><b>Bilingual teacher<\/b><\/p>\n<p><b><\/b><b>TO REGISTER &gt; <a href=\"https:\/\/docs.google.com\/forms\/d\/e\/1FAIpQLSf5ETSannou-k-7hXFm4-xfdB0f6jLlM-fpdKYcZ-xaCAnOkw\/viewform\">Form here<\/a><\/b><\/p>\n<p><b><em><strong>Mask recommended \u2013 please consult\u00a0<a href=\"https:\/\/www.studio303.ca\/en\/studio-303s-covid-19-protocol\/\">Studio 303\u2019s COVID-19 Protocol<\/a>\u00a0for further information.<\/strong><\/em><\/b><\/p>\n<hr \/>\n<p><strong>CONTENT<br \/>\n<\/strong>The 7Skopez Fam is happy to announce their new Krump class starting this fall! We offer you unique content including online assistance with your session registration. The 7Skopez Krump class is an all level class that takes a deep dive into the essence and complexity of Krump culture. Krump is a constantly evolving &#8221;freestyle&#8221; dance that requires a strong understanding of the basic movements. Through this class, we will explore the foundations of this dance through three important components :<\/p>\n<p><b>\u2022 Krump conditioning<br \/>\n<\/b><b>\u2022 Drills<br \/>\n<\/b><b>\u2022 Session\/Battle philosophy <\/b><\/p>\n<p class=\"p1\">It is a 2 hour class but most importantly, we want to recreate an experience. The 7Skopez Fam will be present to give support to the different participants regardless of their background. We want the people who are interested in this dance to have authentic interactions with members of our community.<\/p>\n<p class=\"p1\"><span class=\"s1\"><b>Class structure<\/b><\/span><\/p>\n<p>\u2022 The class starts with a 15 min cardiovascular warm up<br \/>\n\u2022 Followed by 25 minutes of Krump-related strengthening exercises conditioning organized in a circuit format. Our goal is to strengthen the body and make people understand the importance of conditioning considering that krump is a very physical art form<br \/>\n\u2022 We then move on to the technical basics and drills. We believe that repetition is important and will lead to the learning of small combos and choreographic sequences<br \/>\n\u2022 We always finish the classes with a session to allow the participants to express themselves and interact with one another<\/p>\n<p><span class=\"s1\"><b><i><\/i>Other important information<\/b><\/span><\/p>\n<p>\u2022 Krump classes are loud so if you have hearing sensitivities, please be aware<br \/>\n<span style=\"font-size: revert; color: initial; font-family: -apple-system, BlinkMacSystemFont, 'Segoe UI', Roboto, Oxygen-Sans, Ubuntu, Cantarell, 'Helvetica Neue', sans-serif;\">\u2022 Shoes are required<br \/>\n<\/span>\u2022 Please bring your own bottle of water<br \/>\n<span style=\"font-size: revert; color: initial; font-family: -apple-system, BlinkMacSystemFont, 'Segoe UI', Roboto, Oxygen-Sans, Ubuntu, Cantarell, 'Helvetica Neue', sans-serif;\">\u2022 The registration form signature is mandatory if you want to participate<br \/>\n<\/span>\u2022 The class requires heavy impact on the floor and sudden movements. People with injuries or physical disabilities that prevent them from doing this type of movement should discuss this with the teacher.<\/p>\n<p><strong><br \/>\nBIOGRAPHY<br \/>\nVladimir \u201c7Starr\u201d Laurore<\/strong> is a pioneer of the Canadian Krump scene. In 2005, he co-founded the first Krump crew in Canada, Bzerk Squad and is mentor of the 7Skopez Fam. He has been a guest competitor\/judge on both national and international platforms in major competitions. 7Starr is also recognized for his community involvement, conferences and teaching in elementary &amp; high schools, universities &amp; community centers. Currently, he is president of the Montreal Krump Alliance, a non-profit organization that specializes in promoting Krump and organizes the Gutta Zone Fest. In 2017, he received the Victor Martyn Lynch Staunton award given by the Canada Council for the Arts for outstanding artistic achievement by Canadian artists. In 2018, the Black Theatre Workshop awarded him the Gloria Mitchell-Aleong Award. In 2020, he won &#8221;Prix d\u00e9couverte&#8221; awarded by Les prix de la danse de Montr\u00e9al and he also debuted his Krump music career.<\/p>\n<hr \/>\n<p><b>Evening classes are open to all levels, and it is recommended to register in advance for one or multiple classes.<\/b><\/p>\n<p><strong>Registration is done directly with the teachers, please contact them if you need additional information.<\/strong><\/p>\n","protected":false},"excerpt":{"rendered":"<p>Monday \u2014\u00a0 7:15 p.m. \u2013 9:15 p.m. SPRING : April 1st to June 10, 2024 (11 classes) $25 per class \/\/ Cash or e-transfer $175 for full session \/\/ Cash, e-transfer or check Bilingual teacher TO REGISTER &gt; Form here Mask recommended \u2013 please consult\u00a0Studio 303\u2019s COVID-19 Protocol\u00a0for further information. CONTENT The 7Skopez Fam is [&hellip;]<\/p>\n","protected":false},"author":2,"featured_media":16135,"parent":347,"menu_order":116,"comment_status":"closed","ping_status":"closed","template":"","meta":{"_acf_changed":false,"inline_featured_image":false,"_exactmetrics_skip_tracking":false,"_exactmetrics_sitenote_active":false,"_exactmetrics_sitenote_note":"","_exactmetrics_sitenote_category":0,"_themeisle_gutenberg_block_has_review":false,"footnotes":""},"class_list":["post-2033","page","type-page","status-publish","has-post-thumbnail","hentry"],"acf":[],"yoast_head":"<!-- This site is optimized with the Yoast SEO plugin v27.3 - https:\/\/yoast.com\/product\/yoast-seo-wordpress\/ -->\n<title>OPEN-LEVEL CLASS \/\/ KRUMP CLASS WITH 7SKOPEZ - Studio 303<\/title>\n<meta name=\"robots\" content=\"index, follow, max-snippet:-1, max-image-preview:large, max-video-preview:-1\" \/>\n<link rel=\"canonical\" href=\"https:\/\/www.studio303.ca\/cours\/krump\/\" \/>\n<meta property=\"og:locale\" content=\"en_US\" \/>\n<meta property=\"og:type\" content=\"article\" \/>\n<meta property=\"og:title\" content=\"OPEN-LEVEL CLASS \/\/ KRUMP CLASS WITH 7SKOPEZ - Studio 303\" \/>\n<meta property=\"og:description\" content=\"Monday \u2014\u00a0 7:15 p.m. \u2013 9:15 p.m. SPRING : April 1st to June 10, 2024 (11 classes) $25 per class \/\/ Cash or e-transfer $175 for full session \/\/ Cash, e-transfer or check Bilingual teacher TO REGISTER &gt; Form here Mask recommended \u2013 please consult\u00a0Studio 303\u2019s COVID-19 Protocol\u00a0for further information. CONTENT The 7Skopez Fam is [&hellip;]\" \/>\n<meta property=\"og:url\" content=\"https:\/\/www.studio303.ca\/cours\/krump\/\" \/>\n<meta property=\"og:site_name\" content=\"Studio 303\" \/>\n<meta property=\"article:publisher\" content=\"https:\/\/www.facebook.com\/studio303.montreal\" \/>\n<meta property=\"article:modified_time\" content=\"2024-04-06T18:37:47+00:00\" \/>\n<meta property=\"og:image\" content=\"https:\/\/www.studio303.ca\/wp-content\/uploads\/2022\/08\/Capture-de\u0301cran-le-2022-08-02-a\u0300-10.42.56.png\" \/>\n\t<meta property=\"og:image:width\" content=\"408\" \/>\n\t<meta property=\"og:image:height\" content=\"306\" \/>\n\t<meta property=\"og:image:type\" content=\"image\/png\" \/>\n<meta name=\"twitter:card\" content=\"summary_large_image\" \/>\n<meta name=\"twitter:label1\" content=\"Est. reading time\" \/>\n\t<meta name=\"twitter:data1\" content=\"3 minutes\" \/>\n<script type=\"application\/ld+json\" class=\"yoast-schema-graph\">{\"@context\":\"https:\\\/\\\/schema.org\",\"@graph\":[{\"@type\":\"WebPage\",\"@id\":\"https:\\\/\\\/www.studio303.ca\\\/cours\\\/krump\\\/\",\"url\":\"https:\\\/\\\/www.studio303.ca\\\/cours\\\/krump\\\/\",\"name\":\"OPEN-LEVEL CLASS \\\/\\\/ KRUMP CLASS WITH 7SKOPEZ - Studio 303\",\"isPartOf\":{\"@id\":\"https:\\\/\\\/www.studio303.ca\\\/#website\"},\"primaryImageOfPage\":{\"@id\":\"https:\\\/\\\/www.studio303.ca\\\/cours\\\/krump\\\/#primaryimage\"},\"image\":{\"@id\":\"https:\\\/\\\/www.studio303.ca\\\/cours\\\/krump\\\/#primaryimage\"},\"thumbnailUrl\":\"https:\\\/\\\/www.studio303.ca\\\/wp-content\\\/uploads\\\/2022\\\/08\\\/Capture-de\u0301cran-le-2022-08-02-a\u0300-10.42.56.png\",\"datePublished\":\"2018-07-19T16:09:22+00:00\",\"dateModified\":\"2024-04-06T18:37:47+00:00\",\"breadcrumb\":{\"@id\":\"https:\\\/\\\/www.studio303.ca\\\/cours\\\/krump\\\/#breadcrumb\"},\"inLanguage\":\"en-US\",\"potentialAction\":[{\"@type\":\"ReadAction\",\"target\":[\"https:\\\/\\\/www.studio303.ca\\\/cours\\\/krump\\\/\"]}]},{\"@type\":\"ImageObject\",\"inLanguage\":\"en-US\",\"@id\":\"https:\\\/\\\/www.studio303.ca\\\/cours\\\/krump\\\/#primaryimage\",\"url\":\"https:\\\/\\\/www.studio303.ca\\\/wp-content\\\/uploads\\\/2022\\\/08\\\/Capture-de\u0301cran-le-2022-08-02-a\u0300-10.42.56.png\",\"contentUrl\":\"https:\\\/\\\/www.studio303.ca\\\/wp-content\\\/uploads\\\/2022\\\/08\\\/Capture-de\u0301cran-le-2022-08-02-a\u0300-10.42.56.png\",\"width\":408,\"height\":306,\"caption\":\"Photo credit: Pee Zee\"},{\"@type\":\"BreadcrumbList\",\"@id\":\"https:\\\/\\\/www.studio303.ca\\\/cours\\\/krump\\\/#breadcrumb\",\"itemListElement\":[{\"@type\":\"ListItem\",\"position\":1,\"name\":\"Home\",\"item\":\"https:\\\/\\\/www.studio303.ca\\\/en\\\/home\\\/\"},{\"@type\":\"ListItem\",\"position\":2,\"name\":\"Open-Level Classes\",\"item\":\"https:\\\/\\\/www.studio303.ca\\\/en\\\/classes\\\/\"},{\"@type\":\"ListItem\",\"position\":3,\"name\":\"OPEN-LEVEL CLASS \\\/\\\/ KRUMP CLASS WITH 7SKOPEZ\"}]},{\"@type\":\"WebSite\",\"@id\":\"https:\\\/\\\/www.studio303.ca\\\/#website\",\"url\":\"https:\\\/\\\/www.studio303.ca\\\/\",\"name\":\"Studio 303\",\"description\":\"Lieu de diffusion et de soutien pour la danse et l&#039;art indisciplin\u00e9 \u00e0 Montr\u00e9al.\",\"publisher\":{\"@id\":\"https:\\\/\\\/www.studio303.ca\\\/#organization\"},\"potentialAction\":[{\"@type\":\"SearchAction\",\"target\":{\"@type\":\"EntryPoint\",\"urlTemplate\":\"https:\\\/\\\/www.studio303.ca\\\/?s={search_term_string}\"},\"query-input\":{\"@type\":\"PropertyValueSpecification\",\"valueRequired\":true,\"valueName\":\"search_term_string\"}}],\"inLanguage\":\"en-US\"},{\"@type\":\"Organization\",\"@id\":\"https:\\\/\\\/www.studio303.ca\\\/#organization\",\"name\":\"Studio 303\",\"url\":\"https:\\\/\\\/www.studio303.ca\\\/\",\"logo\":{\"@type\":\"ImageObject\",\"inLanguage\":\"en-US\",\"@id\":\"https:\\\/\\\/www.studio303.ca\\\/#\\\/schema\\\/logo\\\/image\\\/\",\"url\":\"https:\\\/\\\/www.studio303.ca\\\/wp-content\\\/uploads\\\/2025\\\/08\\\/studio303-logo_black-c2586d.svg\",\"contentUrl\":\"https:\\\/\\\/www.studio303.ca\\\/wp-content\\\/uploads\\\/2025\\\/08\\\/studio303-logo_black-c2586d.svg\",\"caption\":\"Studio 303\"},\"image\":{\"@id\":\"https:\\\/\\\/www.studio303.ca\\\/#\\\/schema\\\/logo\\\/image\\\/\"},\"sameAs\":[\"https:\\\/\\\/www.facebook.com\\\/studio303.montreal\",\"http:\\\/\\\/instagram.com\\\/studio303\"]}]}<\/script>\n<!-- \/ Yoast SEO plugin. -->","yoast_head_json":{"title":"OPEN-LEVEL CLASS \/\/ KRUMP CLASS WITH 7SKOPEZ - Studio 303","robots":{"index":"index","follow":"follow","max-snippet":"max-snippet:-1","max-image-preview":"max-image-preview:large","max-video-preview":"max-video-preview:-1"},"canonical":"https:\/\/www.studio303.ca\/cours\/krump\/","og_locale":"en_US","og_type":"article","og_title":"OPEN-LEVEL CLASS \/\/ KRUMP CLASS WITH 7SKOPEZ - Studio 303","og_description":"Monday \u2014\u00a0 7:15 p.m. \u2013 9:15 p.m. SPRING : April 1st to June 10, 2024 (11 classes) $25 per class \/\/ Cash or e-transfer $175 for full session \/\/ Cash, e-transfer or check Bilingual teacher TO REGISTER &gt; Form here Mask recommended \u2013 please consult\u00a0Studio 303\u2019s COVID-19 Protocol\u00a0for further information. CONTENT The 7Skopez Fam is [&hellip;]","og_url":"https:\/\/www.studio303.ca\/cours\/krump\/","og_site_name":"Studio 303","article_publisher":"https:\/\/www.facebook.com\/studio303.montreal","article_modified_time":"2024-04-06T18:37:47+00:00","og_image":[{"width":408,"height":306,"url":"https:\/\/www.studio303.ca\/wp-content\/uploads\/2022\/08\/Capture-de\u0301cran-le-2022-08-02-a\u0300-10.42.56.png","type":"image\/png"}],"twitter_card":"summary_large_image","twitter_misc":{"Est. reading time":"3 minutes"},"schema":{"@context":"https:\/\/schema.org","@graph":[{"@type":"WebPage","@id":"https:\/\/www.studio303.ca\/cours\/krump\/","url":"https:\/\/www.studio303.ca\/cours\/krump\/","name":"OPEN-LEVEL CLASS \/\/ KRUMP CLASS WITH 7SKOPEZ - Studio 303","isPartOf":{"@id":"https:\/\/www.studio303.ca\/#website"},"primaryImageOfPage":{"@id":"https:\/\/www.studio303.ca\/cours\/krump\/#primaryimage"},"image":{"@id":"https:\/\/www.studio303.ca\/cours\/krump\/#primaryimage"},"thumbnailUrl":"https:\/\/www.studio303.ca\/wp-content\/uploads\/2022\/08\/Capture-de\u0301cran-le-2022-08-02-a\u0300-10.42.56.png","datePublished":"2018-07-19T16:09:22+00:00","dateModified":"2024-04-06T18:37:47+00:00","breadcrumb":{"@id":"https:\/\/www.studio303.ca\/cours\/krump\/#breadcrumb"},"inLanguage":"en-US","potentialAction":[{"@type":"ReadAction","target":["https:\/\/www.studio303.ca\/cours\/krump\/"]}]},{"@type":"ImageObject","inLanguage":"en-US","@id":"https:\/\/www.studio303.ca\/cours\/krump\/#primaryimage","url":"https:\/\/www.studio303.ca\/wp-content\/uploads\/2022\/08\/Capture-de\u0301cran-le-2022-08-02-a\u0300-10.42.56.png","contentUrl":"https:\/\/www.studio303.ca\/wp-content\/uploads\/2022\/08\/Capture-de\u0301cran-le-2022-08-02-a\u0300-10.42.56.png","width":408,"height":306,"caption":"Photo credit: Pee Zee"},{"@type":"BreadcrumbList","@id":"https:\/\/www.studio303.ca\/cours\/krump\/#breadcrumb","itemListElement":[{"@type":"ListItem","position":1,"name":"Home","item":"https:\/\/www.studio303.ca\/en\/home\/"},{"@type":"ListItem","position":2,"name":"Open-Level Classes","item":"https:\/\/www.studio303.ca\/en\/classes\/"},{"@type":"ListItem","position":3,"name":"OPEN-LEVEL CLASS \/\/ KRUMP CLASS WITH 7SKOPEZ"}]},{"@type":"WebSite","@id":"https:\/\/www.studio303.ca\/#website","url":"https:\/\/www.studio303.ca\/","name":"Studio 303","description":"Lieu de diffusion et de soutien pour la danse et l&#039;art indisciplin\u00e9 \u00e0 Montr\u00e9al.","publisher":{"@id":"https:\/\/www.studio303.ca\/#organization"},"potentialAction":[{"@type":"SearchAction","target":{"@type":"EntryPoint","urlTemplate":"https:\/\/www.studio303.ca\/?s={search_term_string}"},"query-input":{"@type":"PropertyValueSpecification","valueRequired":true,"valueName":"search_term_string"}}],"inLanguage":"en-US"},{"@type":"Organization","@id":"https:\/\/www.studio303.ca\/#organization","name":"Studio 303","url":"https:\/\/www.studio303.ca\/","logo":{"@type":"ImageObject","inLanguage":"en-US","@id":"https:\/\/www.studio303.ca\/#\/schema\/logo\/image\/","url":"https:\/\/www.studio303.ca\/wp-content\/uploads\/2025\/08\/studio303-logo_black-c2586d.svg","contentUrl":"https:\/\/www.studio303.ca\/wp-content\/uploads\/2025\/08\/studio303-logo_black-c2586d.svg","caption":"Studio 303"},"image":{"@id":"https:\/\/www.studio303.ca\/#\/schema\/logo\/image\/"},"sameAs":["https:\/\/www.facebook.com\/studio303.montreal","http:\/\/instagram.com\/studio303"]}]}},"_links":{"self":[{"href":"https:\/\/www.studio303.ca\/en\/wp-json\/wp\/v2\/pages\/2033","targetHints":{"allow":["GET"]}}],"collection":[{"href":"https:\/\/www.studio303.ca\/en\/wp-json\/wp\/v2\/pages"}],"about":[{"href":"https:\/\/www.studio303.ca\/en\/wp-json\/wp\/v2\/types\/page"}],"author":[{"embeddable":true,"href":"https:\/\/www.studio303.ca\/en\/wp-json\/wp\/v2\/users\/2"}],"replies":[{"embeddable":true,"href":"https:\/\/www.studio303.ca\/en\/wp-json\/wp\/v2\/comments?post=2033"}],"version-history":[{"count":47,"href":"https:\/\/www.studio303.ca\/en\/wp-json\/wp\/v2\/pages\/2033\/revisions"}],"predecessor-version":[{"id":23735,"href":"https:\/\/www.studio303.ca\/en\/wp-json\/wp\/v2\/pages\/2033\/revisions\/23735"}],"up":[{"embeddable":true,"href":"https:\/\/www.studio303.ca\/en\/wp-json\/wp\/v2\/pages\/347"}],"wp:featuredmedia":[{"embeddable":true,"href":"https:\/\/www.studio303.ca\/en\/wp-json\/wp\/v2\/media\/16135"}],"wp:attachment":[{"href":"https:\/\/www.studio303.ca\/en\/wp-json\/wp\/v2\/media?parent=2033"}],"curies":[{"name":"wp","href":"https:\/\/api.w.org\/{rel}","templated":true}]}}