{"id":2038,"date":"2018-07-19T11:15:18","date_gmt":"2018-07-19T16:15:18","guid":{"rendered":"https:\/\/www.studio303.ca\/evening-classes\/evening-classes-making-dance-with-suzanne-miller\/"},"modified":"2019-07-29T10:34:22","modified_gmt":"2019-07-29T15:34:22","slug":"evening-classes-making-dance-with-suzanne-miller","status":"publish","type":"page","link":"https:\/\/www.studio303.ca\/en\/classes\/evening-classes-making-dance-with-suzanne-miller\/","title":{"rendered":"EVENING CLASSES \/ MAKING DANCE WITH SUZANNE MILLER"},"content":{"rendered":"\n<h3>TUESDAY 5:45 P.M. \u2013 7:15 P.M.<\/h3>\n<p><b>Fall: September 10th to December 10th, 2019 (12 classes)<\/b><br>\n<b>$240 for the full session or $20 drop-ins<\/b><br>\n<b>Pre-registration by email: <a href=\"mailto:szumiller@gmail.com\">szumiller@gmail.com<\/a><\/b><br>\n<b>Registration: September 10th at Studio 303<\/b><br>\n<b>With Suzanne Miller (Company Director, Choreographer, Dancer and Teacher) accompanied by Allan Paivio (Musician\/Composer) \/ Bilingual teacher<\/b><br>\n\n<p><strong>CONTENT \/\/ Making<\/strong><b> Dance \u2013 choreographic practices and performance<\/b>; underlines the unique characteristics, abilities and signature of the individual (the student) through various easy to learn and apply choreographic scores. The 14-week course focuses on developing a movement vocabularies and building repertoires through a process-led research in company with others. Each class begins with a group warm-up to live music (repeated weekly) followed by creation; improvisation-exploration, collaboration, and performance. <\/p>\n<p><strong>BIO \/\/ Suzanne Miller<\/strong>\u2019s choreographic work evolves through dialogue with people, place and history using dance as a form of knowledge \u2013 memory and making.  Immediacy and transformation are central to her work. Using the body as a starting place to commemorate forebears\u2019 and invoke ancestral and artistic lineage attempting to create allegories that activate and revive a social consciousness. \n<p>Since 1985 Suzanne Miller\u2019s dance productions, site works and recent explorations in film have toured in North and South America, Europe, The Middle East and recently in South Asia participating at international festivals and residencies. Her wide-ranging practice as a soloist, choreographer, teacher and company director has led to many artistic exchanges and commissions. For nearly 35 years, Miller\u2019s enduring collaboration in life and work with composer Allan Paivio, share the artistic direction of Suzanne Miller &#038; Allan Paivio Productions. Based in Montreal QC, their repertoire includes over fifty original works developed for the theatre and site works.\n<p>Working professionally since the age of 17, my formal background in dance embraces a broad spectrum of artistic enquiry. The best teachers in my life are also practicing artists who have the courage to reach beyond what they know to explore and innovate language to extend the conventions of their respective traditions. A culturally diverse, vibrant body of artistic and pedagogical tradition informs what I do. I lead from a fluid, open perspective, while stressing a dancer\u2019s personal expression; a disciplined knowledge of dance technique, choreography, collaborative processes, and dance history. I underline the special importance of preventative and restorative techniques to impart a deep respect for one\u2019s body and a healthy approach to dance practice. I work hard to establish a generous, inclusive atmosphere while setting the highest standards for intelligent and thoughtful artistic practice.<\/p>\n<p><strong>Image:<\/strong> \u201cSETE: The Water Project\u201d, The National Academy of Dance in Rome Italy (2016). Choreographer and photo credit: Suzanne Miller\n<\/p>\n<hr>\n<p><b>Evening classes are open to all levels, and it\u2019s always possible to drop-in without registering in advance.<\/b><\/p>\n<p>Registration is on site directly with the teachers, please contact them if you need additional information.<\/p>\n<p>Come try the classes! <b>Free classes<\/b> at the beginning of the sessions:<br><strong>Saturday, September 7, 2019 <\/strong>\/ Saturday, January 4, 2020 \/ Saturday, March 28, 2020<\/p>\n<p>&nbsp;<\/p>\n","protected":false},"excerpt":{"rendered":"<p>TUESDAY 5:45 P.M. \u2013 7:15 P.M. Fall: September 10th to December 10th, 2019 (12 classes) $240 for the full session or $20 drop-ins Pre-registration by email: szumiller@gmail.com Registration: September 10th at Studio 303 With Suzanne Miller (Company Director, Choreographer, Dancer and Teacher) accompanied by Allan Paivio (Musician\/Composer) \/ Bilingual teacher CONTENT \/\/ Making Dance \u2013 [&hellip;]<\/p>\n","protected":false},"author":2,"featured_media":5235,"parent":347,"menu_order":113,"comment_status":"closed","ping_status":"closed","template":"","meta":{"_acf_changed":false,"inline_featured_image":false,"_exactmetrics_skip_tracking":false,"_exactmetrics_sitenote_active":false,"_exactmetrics_sitenote_note":"","_exactmetrics_sitenote_category":0,"_themeisle_gutenberg_block_has_review":false,"footnotes":""},"class_list":["post-2038","page","type-page","status-publish","has-post-thumbnail","hentry"],"acf":[],"yoast_head":"<!-- This site is optimized with the Yoast SEO plugin v27.5 - https:\/\/yoast.com\/product\/yoast-seo-wordpress\/ -->\n<title>EVENING CLASSES \/ MAKING DANCE WITH SUZANNE MILLER - Studio 303<\/title>\n<meta name=\"robots\" content=\"index, follow, max-snippet:-1, max-image-preview:large, max-video-preview:-1\" \/>\n<link rel=\"canonical\" href=\"https:\/\/www.studio303.ca\/cours\/creer-la-danse\/\" \/>\n<meta property=\"og:locale\" content=\"en_US\" \/>\n<meta property=\"og:type\" content=\"article\" \/>\n<meta property=\"og:title\" content=\"EVENING CLASSES \/ MAKING DANCE WITH SUZANNE MILLER - Studio 303\" \/>\n<meta property=\"og:description\" content=\"TUESDAY 5:45 P.M. \u2013 7:15 P.M. Fall: September 10th to December 10th, 2019 (12 classes) $240 for the full session or $20 drop-ins Pre-registration by email: szumiller@gmail.com Registration: September 10th at Studio 303 With Suzanne Miller (Company Director, Choreographer, Dancer and Teacher) accompanied by Allan Paivio (Musician\/Composer) \/ Bilingual teacher CONTENT \/\/ Making Dance \u2013 [&hellip;]\" \/>\n<meta property=\"og:url\" content=\"https:\/\/www.studio303.ca\/cours\/creer-la-danse\/\" \/>\n<meta property=\"og:site_name\" content=\"Studio 303\" \/>\n<meta property=\"article:publisher\" content=\"https:\/\/www.facebook.com\/studio303.montreal\" \/>\n<meta property=\"article:modified_time\" content=\"2019-07-29T15:34:22+00:00\" \/>\n<meta property=\"og:image\" content=\"https:\/\/www.studio303.ca\/wp-content\/uploads\/2019\/07\/SuzanneMiller.jpg\" \/>\n\t<meta property=\"og:image:width\" content=\"432\" \/>\n\t<meta property=\"og:image:height\" content=\"324\" \/>\n\t<meta property=\"og:image:type\" content=\"image\/jpeg\" \/>\n<meta name=\"twitter:card\" content=\"summary_large_image\" \/>\n<meta name=\"twitter:label1\" content=\"Est. reading time\" \/>\n\t<meta name=\"twitter:data1\" content=\"2 minutes\" \/>\n<script type=\"application\/ld+json\" class=\"yoast-schema-graph\">{\"@context\":\"https:\\\/\\\/schema.org\",\"@graph\":[{\"@type\":\"WebPage\",\"@id\":\"https:\\\/\\\/www.studio303.ca\\\/cours\\\/creer-la-danse\\\/\",\"url\":\"https:\\\/\\\/www.studio303.ca\\\/cours\\\/creer-la-danse\\\/\",\"name\":\"EVENING CLASSES \\\/ MAKING DANCE WITH SUZANNE MILLER - Studio 303\",\"isPartOf\":{\"@id\":\"https:\\\/\\\/www.studio303.ca\\\/#website\"},\"primaryImageOfPage\":{\"@id\":\"https:\\\/\\\/www.studio303.ca\\\/cours\\\/creer-la-danse\\\/#primaryimage\"},\"image\":{\"@id\":\"https:\\\/\\\/www.studio303.ca\\\/cours\\\/creer-la-danse\\\/#primaryimage\"},\"thumbnailUrl\":\"https:\\\/\\\/www.studio303.ca\\\/wp-content\\\/uploads\\\/2019\\\/07\\\/SuzanneMiller.jpg\",\"datePublished\":\"2018-07-19T16:15:18+00:00\",\"dateModified\":\"2019-07-29T15:34:22+00:00\",\"breadcrumb\":{\"@id\":\"https:\\\/\\\/www.studio303.ca\\\/cours\\\/creer-la-danse\\\/#breadcrumb\"},\"inLanguage\":\"en-US\",\"potentialAction\":[{\"@type\":\"ReadAction\",\"target\":[\"https:\\\/\\\/www.studio303.ca\\\/cours\\\/creer-la-danse\\\/\"]}]},{\"@type\":\"ImageObject\",\"inLanguage\":\"en-US\",\"@id\":\"https:\\\/\\\/www.studio303.ca\\\/cours\\\/creer-la-danse\\\/#primaryimage\",\"url\":\"https:\\\/\\\/www.studio303.ca\\\/wp-content\\\/uploads\\\/2019\\\/07\\\/SuzanneMiller.jpg\",\"contentUrl\":\"https:\\\/\\\/www.studio303.ca\\\/wp-content\\\/uploads\\\/2019\\\/07\\\/SuzanneMiller.jpg\",\"width\":432,\"height\":324,\"caption\":\"Photo credit: Suzanne Miller\"},{\"@type\":\"BreadcrumbList\",\"@id\":\"https:\\\/\\\/www.studio303.ca\\\/cours\\\/creer-la-danse\\\/#breadcrumb\",\"itemListElement\":[{\"@type\":\"ListItem\",\"position\":1,\"name\":\"Home\",\"item\":\"https:\\\/\\\/www.studio303.ca\\\/en\\\/home\\\/\"},{\"@type\":\"ListItem\",\"position\":2,\"name\":\"Open-Level Classes\",\"item\":\"https:\\\/\\\/www.studio303.ca\\\/en\\\/classes\\\/\"},{\"@type\":\"ListItem\",\"position\":3,\"name\":\"EVENING CLASSES \\\/ MAKING DANCE WITH SUZANNE MILLER\"}]},{\"@type\":\"WebSite\",\"@id\":\"https:\\\/\\\/www.studio303.ca\\\/#website\",\"url\":\"https:\\\/\\\/www.studio303.ca\\\/\",\"name\":\"Studio 303\",\"description\":\"Lieu de diffusion et de soutien pour la danse et l&#039;art indisciplin\u00e9 \u00e0 Montr\u00e9al.\",\"publisher\":{\"@id\":\"https:\\\/\\\/www.studio303.ca\\\/#organization\"},\"potentialAction\":[{\"@type\":\"SearchAction\",\"target\":{\"@type\":\"EntryPoint\",\"urlTemplate\":\"https:\\\/\\\/www.studio303.ca\\\/?s={search_term_string}\"},\"query-input\":{\"@type\":\"PropertyValueSpecification\",\"valueRequired\":true,\"valueName\":\"search_term_string\"}}],\"inLanguage\":\"en-US\"},{\"@type\":\"Organization\",\"@id\":\"https:\\\/\\\/www.studio303.ca\\\/#organization\",\"name\":\"Studio 303\",\"url\":\"https:\\\/\\\/www.studio303.ca\\\/\",\"logo\":{\"@type\":\"ImageObject\",\"inLanguage\":\"en-US\",\"@id\":\"https:\\\/\\\/www.studio303.ca\\\/#\\\/schema\\\/logo\\\/image\\\/\",\"url\":\"https:\\\/\\\/www.studio303.ca\\\/wp-content\\\/uploads\\\/2025\\\/08\\\/studio303-logo_black-c2586d.svg\",\"contentUrl\":\"https:\\\/\\\/www.studio303.ca\\\/wp-content\\\/uploads\\\/2025\\\/08\\\/studio303-logo_black-c2586d.svg\",\"caption\":\"Studio 303\"},\"image\":{\"@id\":\"https:\\\/\\\/www.studio303.ca\\\/#\\\/schema\\\/logo\\\/image\\\/\"},\"sameAs\":[\"https:\\\/\\\/www.facebook.com\\\/studio303.montreal\",\"http:\\\/\\\/instagram.com\\\/studio303\"]}]}<\/script>\n<!-- \/ Yoast SEO plugin. -->","yoast_head_json":{"title":"EVENING CLASSES \/ MAKING DANCE WITH SUZANNE MILLER - Studio 303","robots":{"index":"index","follow":"follow","max-snippet":"max-snippet:-1","max-image-preview":"max-image-preview:large","max-video-preview":"max-video-preview:-1"},"canonical":"https:\/\/www.studio303.ca\/cours\/creer-la-danse\/","og_locale":"en_US","og_type":"article","og_title":"EVENING CLASSES \/ MAKING DANCE WITH SUZANNE MILLER - Studio 303","og_description":"TUESDAY 5:45 P.M. \u2013 7:15 P.M. Fall: September 10th to December 10th, 2019 (12 classes) $240 for the full session or $20 drop-ins Pre-registration by email: szumiller@gmail.com Registration: September 10th at Studio 303 With Suzanne Miller (Company Director, Choreographer, Dancer and Teacher) accompanied by Allan Paivio (Musician\/Composer) \/ Bilingual teacher CONTENT \/\/ Making Dance \u2013 [&hellip;]","og_url":"https:\/\/www.studio303.ca\/cours\/creer-la-danse\/","og_site_name":"Studio 303","article_publisher":"https:\/\/www.facebook.com\/studio303.montreal","article_modified_time":"2019-07-29T15:34:22+00:00","og_image":[{"width":432,"height":324,"url":"https:\/\/www.studio303.ca\/wp-content\/uploads\/2019\/07\/SuzanneMiller.jpg","type":"image\/jpeg"}],"twitter_card":"summary_large_image","twitter_misc":{"Est. reading time":"2 minutes"},"schema":{"@context":"https:\/\/schema.org","@graph":[{"@type":"WebPage","@id":"https:\/\/www.studio303.ca\/cours\/creer-la-danse\/","url":"https:\/\/www.studio303.ca\/cours\/creer-la-danse\/","name":"EVENING CLASSES \/ MAKING DANCE WITH SUZANNE MILLER - Studio 303","isPartOf":{"@id":"https:\/\/www.studio303.ca\/#website"},"primaryImageOfPage":{"@id":"https:\/\/www.studio303.ca\/cours\/creer-la-danse\/#primaryimage"},"image":{"@id":"https:\/\/www.studio303.ca\/cours\/creer-la-danse\/#primaryimage"},"thumbnailUrl":"https:\/\/www.studio303.ca\/wp-content\/uploads\/2019\/07\/SuzanneMiller.jpg","datePublished":"2018-07-19T16:15:18+00:00","dateModified":"2019-07-29T15:34:22+00:00","breadcrumb":{"@id":"https:\/\/www.studio303.ca\/cours\/creer-la-danse\/#breadcrumb"},"inLanguage":"en-US","potentialAction":[{"@type":"ReadAction","target":["https:\/\/www.studio303.ca\/cours\/creer-la-danse\/"]}]},{"@type":"ImageObject","inLanguage":"en-US","@id":"https:\/\/www.studio303.ca\/cours\/creer-la-danse\/#primaryimage","url":"https:\/\/www.studio303.ca\/wp-content\/uploads\/2019\/07\/SuzanneMiller.jpg","contentUrl":"https:\/\/www.studio303.ca\/wp-content\/uploads\/2019\/07\/SuzanneMiller.jpg","width":432,"height":324,"caption":"Photo credit: Suzanne Miller"},{"@type":"BreadcrumbList","@id":"https:\/\/www.studio303.ca\/cours\/creer-la-danse\/#breadcrumb","itemListElement":[{"@type":"ListItem","position":1,"name":"Home","item":"https:\/\/www.studio303.ca\/en\/home\/"},{"@type":"ListItem","position":2,"name":"Open-Level Classes","item":"https:\/\/www.studio303.ca\/en\/classes\/"},{"@type":"ListItem","position":3,"name":"EVENING CLASSES \/ MAKING DANCE WITH SUZANNE MILLER"}]},{"@type":"WebSite","@id":"https:\/\/www.studio303.ca\/#website","url":"https:\/\/www.studio303.ca\/","name":"Studio 303","description":"Lieu de diffusion et de soutien pour la danse et l&#039;art indisciplin\u00e9 \u00e0 Montr\u00e9al.","publisher":{"@id":"https:\/\/www.studio303.ca\/#organization"},"potentialAction":[{"@type":"SearchAction","target":{"@type":"EntryPoint","urlTemplate":"https:\/\/www.studio303.ca\/?s={search_term_string}"},"query-input":{"@type":"PropertyValueSpecification","valueRequired":true,"valueName":"search_term_string"}}],"inLanguage":"en-US"},{"@type":"Organization","@id":"https:\/\/www.studio303.ca\/#organization","name":"Studio 303","url":"https:\/\/www.studio303.ca\/","logo":{"@type":"ImageObject","inLanguage":"en-US","@id":"https:\/\/www.studio303.ca\/#\/schema\/logo\/image\/","url":"https:\/\/www.studio303.ca\/wp-content\/uploads\/2025\/08\/studio303-logo_black-c2586d.svg","contentUrl":"https:\/\/www.studio303.ca\/wp-content\/uploads\/2025\/08\/studio303-logo_black-c2586d.svg","caption":"Studio 303"},"image":{"@id":"https:\/\/www.studio303.ca\/#\/schema\/logo\/image\/"},"sameAs":["https:\/\/www.facebook.com\/studio303.montreal","http:\/\/instagram.com\/studio303"]}]}},"_links":{"self":[{"href":"https:\/\/www.studio303.ca\/en\/wp-json\/wp\/v2\/pages\/2038","targetHints":{"allow":["GET"]}}],"collection":[{"href":"https:\/\/www.studio303.ca\/en\/wp-json\/wp\/v2\/pages"}],"about":[{"href":"https:\/\/www.studio303.ca\/en\/wp-json\/wp\/v2\/types\/page"}],"author":[{"embeddable":true,"href":"https:\/\/www.studio303.ca\/en\/wp-json\/wp\/v2\/users\/2"}],"replies":[{"embeddable":true,"href":"https:\/\/www.studio303.ca\/en\/wp-json\/wp\/v2\/comments?post=2038"}],"version-history":[{"count":6,"href":"https:\/\/www.studio303.ca\/en\/wp-json\/wp\/v2\/pages\/2038\/revisions"}],"predecessor-version":[{"id":5236,"href":"https:\/\/www.studio303.ca\/en\/wp-json\/wp\/v2\/pages\/2038\/revisions\/5236"}],"up":[{"embeddable":true,"href":"https:\/\/www.studio303.ca\/en\/wp-json\/wp\/v2\/pages\/347"}],"wp:featuredmedia":[{"embeddable":true,"href":"https:\/\/www.studio303.ca\/en\/wp-json\/wp\/v2\/media\/5235"}],"wp:attachment":[{"href":"https:\/\/www.studio303.ca\/en\/wp-json\/wp\/v2\/media?parent=2038"}],"curies":[{"name":"wp","href":"https:\/\/api.w.org\/{rel}","templated":true}]}}