{"id":2053,"date":"2018-07-19T12:46:21","date_gmt":"2018-07-19T17:46:21","guid":{"rendered":"https:\/\/www.studio303.ca\/evening-classes\/evening-classes-contemporary-dance-with-isabel-mohn\/"},"modified":"2019-07-11T08:57:17","modified_gmt":"2019-07-11T13:57:17","slug":"evening-classes-contemporary-dance","status":"publish","type":"page","link":"https:\/\/www.studio303.ca\/en\/classes\/evening-classes-contemporary-dance\/","title":{"rendered":"EVENING CLASSES \/ CONTEMPORARY DANCE WITH KELLY KEENAN"},"content":{"rendered":"<h3>THURSDAY 5:45 P.M. &#8211; 7:15 P.M.<\/h3>\n<p><b>Fall: September 12 to December 12, 2019 (14 classes)<\/b><br \/>\n<strong>$15 drop-ins<\/strong><br \/>\n<strong>Registration on site or <a href=\"mailto:kelloggio@gmail.com\">kelloggio@gmail.com<\/a> \/ Bilingual teacher<\/strong><\/p>\n<p><strong>CONTENT \/\/ <\/strong>Fascinated by how we can sense movement akin to how we sense touch, this workshop explores ways to transfer the tactile experience we get from the floor, touch and each other into dancing through space with memory and imagination. I will propose different tasks, prompts, metaphors and images to guide, layer and shape our experience of a dance. This is a dance class. You can expect to do some somatic exploration of movement ideas, repeated loops of short coordinations, partner-work, very short choreographed dances accompanied by an eclectic playlist of tunes. Dances aim to invite flow, surprise, flight and a glaze of sweat.<\/p>\n<p><strong>BIO \/\/ <b>Kelly Keenan<\/b><span style=\"font-weight: 400;\"> is a Montreal-based dance artist and teacher. Her fascination of the perceptive capacity of the body is reflected in both her teaching and artistic work. As a teacher her workshops are foremost concerned with the felt experience of dance with strong influences from somatics and manual therapy\u00a0 including the Axis Syllabus, Anatomy Trains, Feldenkrais, Material for the Spine among others. Kelly teaches regularly for pre-professional (Concordia &amp; UQAM) and professional dance institutions offering continued training for professional dancers including Studio 303, le R\u00e9groupement Qu\u00e9b\u00e9coise de la Danse, L\u2019Art\u00e8re (QC), The Toronto Love-In as well as abroad and grass-roots DIY workshops.\u00a0 As a performer Kelly has collaborated most recently in works by kg Guttman, Katie Ward and Adam Kinner. Her choreography addresses the contradiction that dance, as a kinaesthetic practice, is generally performed for the spectator and accessed through the visual sense by creating dances that you \u201cfeel\u201d rather than \u201csee\u201d. Kelly is currently pursuing an MA in Concordia\u2019s Individualized program at the hinge of dance studies, art education and sensory anthropology.<\/span><\/strong><\/p>\n<hr \/>\n<p><b>Evening classes are open to all levels, and it\u2019s always possible to drop-in without registering in advance.<\/b><\/p>\n<p>Registration is on site directly with the teachers, please contact them if you need additional information.<\/p>\n<p>Come try the classes! <b>Free classes<\/b> at the beginning of the sessions:<br \/>\n<strong>Saturday, September 7, 2019<\/strong> \/ Saturday, January 4, 2020 \/ Saturday, March 28, 2020<\/p>\n","protected":false},"excerpt":{"rendered":"<p>THURSDAY 5:45 P.M. &#8211; 7:15 P.M. Fall: September 12 to December 12, 2019 (14 classes) $15 drop-ins Registration on site or kelloggio@gmail.com \/ Bilingual teacher CONTENT \/\/ Fascinated by how we can sense movement akin to how we sense touch, this workshop explores ways to transfer the tactile experience we get from the floor, touch [&hellip;]<\/p>\n","protected":false},"author":2,"featured_media":2773,"parent":347,"menu_order":105,"comment_status":"closed","ping_status":"closed","template":"","meta":{"_acf_changed":false,"inline_featured_image":false,"_exactmetrics_skip_tracking":false,"_exactmetrics_sitenote_active":false,"_exactmetrics_sitenote_note":"","_exactmetrics_sitenote_category":0,"_themeisle_gutenberg_block_has_review":false,"footnotes":""},"class_list":["post-2053","page","type-page","status-publish","has-post-thumbnail","hentry"],"acf":[],"yoast_head":"<!-- This site is optimized with the Yoast SEO plugin v27.3 - https:\/\/yoast.com\/product\/yoast-seo-wordpress\/ -->\n<title>EVENING CLASSES \/ CONTEMPORARY DANCE WITH KELLY KEENAN - Studio 303<\/title>\n<meta name=\"robots\" content=\"index, follow, max-snippet:-1, max-image-preview:large, max-video-preview:-1\" \/>\n<link rel=\"canonical\" href=\"https:\/\/www.studio303.ca\/cours\/danse-contemporaine\/\" \/>\n<meta property=\"og:locale\" content=\"en_US\" \/>\n<meta property=\"og:type\" content=\"article\" \/>\n<meta property=\"og:title\" content=\"EVENING CLASSES \/ CONTEMPORARY DANCE WITH KELLY KEENAN - Studio 303\" \/>\n<meta property=\"og:description\" content=\"THURSDAY 5:45 P.M. &#8211; 7:15 P.M. Fall: September 12 to December 12, 2019 (14 classes) $15 drop-ins Registration on site or kelloggio@gmail.com \/ Bilingual teacher CONTENT \/\/ Fascinated by how we can sense movement akin to how we sense touch, this workshop explores ways to transfer the tactile experience we get from the floor, touch [&hellip;]\" \/>\n<meta property=\"og:url\" content=\"https:\/\/www.studio303.ca\/cours\/danse-contemporaine\/\" \/>\n<meta property=\"og:site_name\" content=\"Studio 303\" \/>\n<meta property=\"article:publisher\" content=\"https:\/\/www.facebook.com\/studio303.montreal\" \/>\n<meta property=\"article:modified_time\" content=\"2019-07-11T13:57:17+00:00\" \/>\n<meta property=\"og:image\" content=\"https:\/\/www.studio303.ca\/wp-content\/uploads\/2019\/01\/640x480-kelly-keenan.jpg\" \/>\n\t<meta property=\"og:image:width\" content=\"640\" \/>\n\t<meta property=\"og:image:height\" content=\"480\" \/>\n\t<meta property=\"og:image:type\" content=\"image\/jpeg\" \/>\n<meta name=\"twitter:card\" content=\"summary_large_image\" \/>\n<meta name=\"twitter:label1\" content=\"Est. reading time\" \/>\n\t<meta name=\"twitter:data1\" content=\"2 minutes\" \/>\n<script type=\"application\/ld+json\" class=\"yoast-schema-graph\">{\"@context\":\"https:\\\/\\\/schema.org\",\"@graph\":[{\"@type\":\"WebPage\",\"@id\":\"https:\\\/\\\/www.studio303.ca\\\/cours\\\/danse-contemporaine\\\/\",\"url\":\"https:\\\/\\\/www.studio303.ca\\\/cours\\\/danse-contemporaine\\\/\",\"name\":\"EVENING CLASSES \\\/ CONTEMPORARY DANCE WITH KELLY KEENAN - Studio 303\",\"isPartOf\":{\"@id\":\"https:\\\/\\\/www.studio303.ca\\\/#website\"},\"primaryImageOfPage\":{\"@id\":\"https:\\\/\\\/www.studio303.ca\\\/cours\\\/danse-contemporaine\\\/#primaryimage\"},\"image\":{\"@id\":\"https:\\\/\\\/www.studio303.ca\\\/cours\\\/danse-contemporaine\\\/#primaryimage\"},\"thumbnailUrl\":\"https:\\\/\\\/www.studio303.ca\\\/wp-content\\\/uploads\\\/2019\\\/01\\\/640x480-kelly-keenan.jpg\",\"datePublished\":\"2018-07-19T17:46:21+00:00\",\"dateModified\":\"2019-07-11T13:57:17+00:00\",\"breadcrumb\":{\"@id\":\"https:\\\/\\\/www.studio303.ca\\\/cours\\\/danse-contemporaine\\\/#breadcrumb\"},\"inLanguage\":\"en-US\",\"potentialAction\":[{\"@type\":\"ReadAction\",\"target\":[\"https:\\\/\\\/www.studio303.ca\\\/cours\\\/danse-contemporaine\\\/\"]}]},{\"@type\":\"ImageObject\",\"inLanguage\":\"en-US\",\"@id\":\"https:\\\/\\\/www.studio303.ca\\\/cours\\\/danse-contemporaine\\\/#primaryimage\",\"url\":\"https:\\\/\\\/www.studio303.ca\\\/wp-content\\\/uploads\\\/2019\\\/01\\\/640x480-kelly-keenan.jpg\",\"contentUrl\":\"https:\\\/\\\/www.studio303.ca\\\/wp-content\\\/uploads\\\/2019\\\/01\\\/640x480-kelly-keenan.jpg\",\"width\":640,\"height\":480,\"caption\":\"Photo credit: Fre\u0301de\u0301ric Chais\"},{\"@type\":\"BreadcrumbList\",\"@id\":\"https:\\\/\\\/www.studio303.ca\\\/cours\\\/danse-contemporaine\\\/#breadcrumb\",\"itemListElement\":[{\"@type\":\"ListItem\",\"position\":1,\"name\":\"Home\",\"item\":\"https:\\\/\\\/www.studio303.ca\\\/en\\\/home\\\/\"},{\"@type\":\"ListItem\",\"position\":2,\"name\":\"Open-Level Classes\",\"item\":\"https:\\\/\\\/www.studio303.ca\\\/en\\\/classes\\\/\"},{\"@type\":\"ListItem\",\"position\":3,\"name\":\"EVENING CLASSES \\\/ CONTEMPORARY DANCE WITH KELLY KEENAN\"}]},{\"@type\":\"WebSite\",\"@id\":\"https:\\\/\\\/www.studio303.ca\\\/#website\",\"url\":\"https:\\\/\\\/www.studio303.ca\\\/\",\"name\":\"Studio 303\",\"description\":\"Lieu de diffusion et de soutien pour la danse et l&#039;art indisciplin\u00e9 \u00e0 Montr\u00e9al.\",\"publisher\":{\"@id\":\"https:\\\/\\\/www.studio303.ca\\\/#organization\"},\"potentialAction\":[{\"@type\":\"SearchAction\",\"target\":{\"@type\":\"EntryPoint\",\"urlTemplate\":\"https:\\\/\\\/www.studio303.ca\\\/?s={search_term_string}\"},\"query-input\":{\"@type\":\"PropertyValueSpecification\",\"valueRequired\":true,\"valueName\":\"search_term_string\"}}],\"inLanguage\":\"en-US\"},{\"@type\":\"Organization\",\"@id\":\"https:\\\/\\\/www.studio303.ca\\\/#organization\",\"name\":\"Studio 303\",\"url\":\"https:\\\/\\\/www.studio303.ca\\\/\",\"logo\":{\"@type\":\"ImageObject\",\"inLanguage\":\"en-US\",\"@id\":\"https:\\\/\\\/www.studio303.ca\\\/#\\\/schema\\\/logo\\\/image\\\/\",\"url\":\"https:\\\/\\\/www.studio303.ca\\\/wp-content\\\/uploads\\\/2025\\\/08\\\/studio303-logo_black-c2586d.svg\",\"contentUrl\":\"https:\\\/\\\/www.studio303.ca\\\/wp-content\\\/uploads\\\/2025\\\/08\\\/studio303-logo_black-c2586d.svg\",\"caption\":\"Studio 303\"},\"image\":{\"@id\":\"https:\\\/\\\/www.studio303.ca\\\/#\\\/schema\\\/logo\\\/image\\\/\"},\"sameAs\":[\"https:\\\/\\\/www.facebook.com\\\/studio303.montreal\",\"http:\\\/\\\/instagram.com\\\/studio303\"]}]}<\/script>\n<!-- \/ Yoast SEO plugin. -->","yoast_head_json":{"title":"EVENING CLASSES \/ CONTEMPORARY DANCE WITH KELLY KEENAN - Studio 303","robots":{"index":"index","follow":"follow","max-snippet":"max-snippet:-1","max-image-preview":"max-image-preview:large","max-video-preview":"max-video-preview:-1"},"canonical":"https:\/\/www.studio303.ca\/cours\/danse-contemporaine\/","og_locale":"en_US","og_type":"article","og_title":"EVENING CLASSES \/ CONTEMPORARY DANCE WITH KELLY KEENAN - Studio 303","og_description":"THURSDAY 5:45 P.M. &#8211; 7:15 P.M. Fall: September 12 to December 12, 2019 (14 classes) $15 drop-ins Registration on site or kelloggio@gmail.com \/ Bilingual teacher CONTENT \/\/ Fascinated by how we can sense movement akin to how we sense touch, this workshop explores ways to transfer the tactile experience we get from the floor, touch [&hellip;]","og_url":"https:\/\/www.studio303.ca\/cours\/danse-contemporaine\/","og_site_name":"Studio 303","article_publisher":"https:\/\/www.facebook.com\/studio303.montreal","article_modified_time":"2019-07-11T13:57:17+00:00","og_image":[{"width":640,"height":480,"url":"https:\/\/www.studio303.ca\/wp-content\/uploads\/2019\/01\/640x480-kelly-keenan.jpg","type":"image\/jpeg"}],"twitter_card":"summary_large_image","twitter_misc":{"Est. reading time":"2 minutes"},"schema":{"@context":"https:\/\/schema.org","@graph":[{"@type":"WebPage","@id":"https:\/\/www.studio303.ca\/cours\/danse-contemporaine\/","url":"https:\/\/www.studio303.ca\/cours\/danse-contemporaine\/","name":"EVENING CLASSES \/ CONTEMPORARY DANCE WITH KELLY KEENAN - Studio 303","isPartOf":{"@id":"https:\/\/www.studio303.ca\/#website"},"primaryImageOfPage":{"@id":"https:\/\/www.studio303.ca\/cours\/danse-contemporaine\/#primaryimage"},"image":{"@id":"https:\/\/www.studio303.ca\/cours\/danse-contemporaine\/#primaryimage"},"thumbnailUrl":"https:\/\/www.studio303.ca\/wp-content\/uploads\/2019\/01\/640x480-kelly-keenan.jpg","datePublished":"2018-07-19T17:46:21+00:00","dateModified":"2019-07-11T13:57:17+00:00","breadcrumb":{"@id":"https:\/\/www.studio303.ca\/cours\/danse-contemporaine\/#breadcrumb"},"inLanguage":"en-US","potentialAction":[{"@type":"ReadAction","target":["https:\/\/www.studio303.ca\/cours\/danse-contemporaine\/"]}]},{"@type":"ImageObject","inLanguage":"en-US","@id":"https:\/\/www.studio303.ca\/cours\/danse-contemporaine\/#primaryimage","url":"https:\/\/www.studio303.ca\/wp-content\/uploads\/2019\/01\/640x480-kelly-keenan.jpg","contentUrl":"https:\/\/www.studio303.ca\/wp-content\/uploads\/2019\/01\/640x480-kelly-keenan.jpg","width":640,"height":480,"caption":"Photo credit: Fre\u0301de\u0301ric Chais"},{"@type":"BreadcrumbList","@id":"https:\/\/www.studio303.ca\/cours\/danse-contemporaine\/#breadcrumb","itemListElement":[{"@type":"ListItem","position":1,"name":"Home","item":"https:\/\/www.studio303.ca\/en\/home\/"},{"@type":"ListItem","position":2,"name":"Open-Level Classes","item":"https:\/\/www.studio303.ca\/en\/classes\/"},{"@type":"ListItem","position":3,"name":"EVENING CLASSES \/ CONTEMPORARY DANCE WITH KELLY KEENAN"}]},{"@type":"WebSite","@id":"https:\/\/www.studio303.ca\/#website","url":"https:\/\/www.studio303.ca\/","name":"Studio 303","description":"Lieu de diffusion et de soutien pour la danse et l&#039;art indisciplin\u00e9 \u00e0 Montr\u00e9al.","publisher":{"@id":"https:\/\/www.studio303.ca\/#organization"},"potentialAction":[{"@type":"SearchAction","target":{"@type":"EntryPoint","urlTemplate":"https:\/\/www.studio303.ca\/?s={search_term_string}"},"query-input":{"@type":"PropertyValueSpecification","valueRequired":true,"valueName":"search_term_string"}}],"inLanguage":"en-US"},{"@type":"Organization","@id":"https:\/\/www.studio303.ca\/#organization","name":"Studio 303","url":"https:\/\/www.studio303.ca\/","logo":{"@type":"ImageObject","inLanguage":"en-US","@id":"https:\/\/www.studio303.ca\/#\/schema\/logo\/image\/","url":"https:\/\/www.studio303.ca\/wp-content\/uploads\/2025\/08\/studio303-logo_black-c2586d.svg","contentUrl":"https:\/\/www.studio303.ca\/wp-content\/uploads\/2025\/08\/studio303-logo_black-c2586d.svg","caption":"Studio 303"},"image":{"@id":"https:\/\/www.studio303.ca\/#\/schema\/logo\/image\/"},"sameAs":["https:\/\/www.facebook.com\/studio303.montreal","http:\/\/instagram.com\/studio303"]}]}},"_links":{"self":[{"href":"https:\/\/www.studio303.ca\/en\/wp-json\/wp\/v2\/pages\/2053","targetHints":{"allow":["GET"]}}],"collection":[{"href":"https:\/\/www.studio303.ca\/en\/wp-json\/wp\/v2\/pages"}],"about":[{"href":"https:\/\/www.studio303.ca\/en\/wp-json\/wp\/v2\/types\/page"}],"author":[{"embeddable":true,"href":"https:\/\/www.studio303.ca\/en\/wp-json\/wp\/v2\/users\/2"}],"replies":[{"embeddable":true,"href":"https:\/\/www.studio303.ca\/en\/wp-json\/wp\/v2\/comments?post=2053"}],"version-history":[{"count":15,"href":"https:\/\/www.studio303.ca\/en\/wp-json\/wp\/v2\/pages\/2053\/revisions"}],"predecessor-version":[{"id":3770,"href":"https:\/\/www.studio303.ca\/en\/wp-json\/wp\/v2\/pages\/2053\/revisions\/3770"}],"up":[{"embeddable":true,"href":"https:\/\/www.studio303.ca\/en\/wp-json\/wp\/v2\/pages\/347"}],"wp:featuredmedia":[{"embeddable":true,"href":"https:\/\/www.studio303.ca\/en\/wp-json\/wp\/v2\/media\/2773"}],"wp:attachment":[{"href":"https:\/\/www.studio303.ca\/en\/wp-json\/wp\/v2\/media?parent=2053"}],"curies":[{"name":"wp","href":"https:\/\/api.w.org\/{rel}","templated":true}]}}