{"id":2056,"date":"2018-07-19T12:51:24","date_gmt":"2018-07-19T17:51:24","guid":{"rendered":"https:\/\/www.studio303.ca\/evening-classes\/evening-classes-physical-theatre-with-pierre-blackburn\/"},"modified":"2020-02-04T15:36:57","modified_gmt":"2020-02-04T20:36:57","slug":"physical-theatre","status":"publish","type":"page","link":"https:\/\/www.studio303.ca\/en\/classes\/physical-theatre\/","title":{"rendered":"EVENING CLASSES \/ PHYSICAL THEATRE WITH PIERRE BLACKBURN"},"content":{"rendered":"<h3>THURSDAY 7:30 P.M. &#8211; 9:30 P.M.<\/h3>\n<p><b>Winter: January 8 to April 8, 2020 (14 classes)<br \/>\n$ 25 drop-ins, see with teacher for session rate<br \/>\nRegistrations: <a href=\"mailto:ruisseaunoir@hotmail.com\">ruisseaunoir@hotmail.com<\/a> or (438) 777-1344 \/ In French<\/b><\/p>\n<p><b>CONTENT \/\/ ACTING, MOVEMENT, VOICE, IMPROVISATION, CREATION.<\/b> The course aims to develop: authentic actors who can use both their bodies and voices to project their intentions and emotions; creative actors who can deliver texts and improvise monologues and dialogues and beings who can freely act through the way of control and letting go.<\/p>\n<p><b>BIO \/\/ <\/b>In addition to his job as a video director, <strong>Pierre Blackburn<\/strong> has been directing and teaching physical theatre since the 1980s. Coming from the experimental theatre, he has created several pieces with choreographers. He developed his own teaching method to develop authentic and creative actors.<\/p>\n<hr \/>\n<p><b>Evening classes are open to all levels, and it\u2019s always possible to drop-in without registering in advance.<\/b><\/p>\n<p>Registration is on site directly with the teachers, please contact them if you need additional information.<\/p>\n<p>Come try the classes! <b>Free classes<\/b> at the beginning of the sessions:<br \/>\nSaturday, September 7, 2019 \/ Saturday, January 4, 2020 \/ <strong>Saturday, April 18, 2020<\/strong><\/p>\n","protected":false},"excerpt":{"rendered":"<p>THURSDAY 7:30 P.M. &#8211; 9:30 P.M. Winter: January 8 to April 8, 2020 (14 classes) $ 25 drop-ins, see with teacher for session rate Registrations: ruisseaunoir@hotmail.com or (438) 777-1344 \/ In French CONTENT \/\/ ACTING, MOVEMENT, VOICE, IMPROVISATION, CREATION. The course aims to develop: authentic actors who can use both their bodies and voices to [&hellip;]<\/p>\n","protected":false},"author":2,"featured_media":1593,"parent":347,"menu_order":103,"comment_status":"closed","ping_status":"closed","template":"","meta":{"_acf_changed":false,"inline_featured_image":false,"_exactmetrics_skip_tracking":false,"_exactmetrics_sitenote_active":false,"_exactmetrics_sitenote_note":"","_exactmetrics_sitenote_category":0,"_themeisle_gutenberg_block_has_review":false,"footnotes":""},"class_list":["post-2056","page","type-page","status-publish","has-post-thumbnail","hentry"],"acf":[],"yoast_head":"<!-- This site is optimized with the Yoast SEO plugin v27.4 - https:\/\/yoast.com\/product\/yoast-seo-wordpress\/ -->\n<title>EVENING CLASSES \/ PHYSICAL THEATRE WITH PIERRE BLACKBURN - Studio 303<\/title>\n<meta name=\"robots\" content=\"index, follow, max-snippet:-1, max-image-preview:large, max-video-preview:-1\" \/>\n<link rel=\"canonical\" href=\"https:\/\/www.studio303.ca\/cours\/theatre-physique\/\" \/>\n<meta property=\"og:locale\" content=\"en_US\" \/>\n<meta property=\"og:type\" content=\"article\" \/>\n<meta property=\"og:title\" content=\"EVENING CLASSES \/ PHYSICAL THEATRE WITH PIERRE BLACKBURN - Studio 303\" \/>\n<meta property=\"og:description\" content=\"THURSDAY 7:30 P.M. &#8211; 9:30 P.M. Winter: January 8 to April 8, 2020 (14 classes) $ 25 drop-ins, see with teacher for session rate Registrations: ruisseaunoir@hotmail.com or (438) 777-1344 \/ In French CONTENT \/\/ ACTING, MOVEMENT, VOICE, IMPROVISATION, CREATION. The course aims to develop: authentic actors who can use both their bodies and voices to [&hellip;]\" \/>\n<meta property=\"og:url\" content=\"https:\/\/www.studio303.ca\/cours\/theatre-physique\/\" \/>\n<meta property=\"og:site_name\" content=\"Studio 303\" \/>\n<meta property=\"article:publisher\" content=\"https:\/\/www.facebook.com\/studio303.montreal\" \/>\n<meta property=\"article:modified_time\" content=\"2020-02-04T20:36:57+00:00\" \/>\n<meta property=\"og:image\" content=\"https:\/\/www.studio303.ca\/wp-content\/uploads\/2018\/07\/COURS-DU-SOIR-640X480.jpg\" \/>\n\t<meta property=\"og:image:width\" content=\"640\" \/>\n\t<meta property=\"og:image:height\" content=\"480\" \/>\n\t<meta property=\"og:image:type\" content=\"image\/jpeg\" \/>\n<meta name=\"twitter:card\" content=\"summary_large_image\" \/>\n<meta name=\"twitter:label1\" content=\"Est. reading time\" \/>\n\t<meta name=\"twitter:data1\" content=\"1 minute\" \/>\n<script type=\"application\/ld+json\" class=\"yoast-schema-graph\">{\"@context\":\"https:\\\/\\\/schema.org\",\"@graph\":[{\"@type\":\"WebPage\",\"@id\":\"https:\\\/\\\/www.studio303.ca\\\/cours\\\/theatre-physique\\\/\",\"url\":\"https:\\\/\\\/www.studio303.ca\\\/cours\\\/theatre-physique\\\/\",\"name\":\"EVENING CLASSES \\\/ PHYSICAL THEATRE WITH PIERRE BLACKBURN - Studio 303\",\"isPartOf\":{\"@id\":\"https:\\\/\\\/www.studio303.ca\\\/#website\"},\"primaryImageOfPage\":{\"@id\":\"https:\\\/\\\/www.studio303.ca\\\/cours\\\/theatre-physique\\\/#primaryimage\"},\"image\":{\"@id\":\"https:\\\/\\\/www.studio303.ca\\\/cours\\\/theatre-physique\\\/#primaryimage\"},\"thumbnailUrl\":\"https:\\\/\\\/www.studio303.ca\\\/wp-content\\\/uploads\\\/2018\\\/07\\\/COURS-DU-SOIR-640X480.jpg\",\"datePublished\":\"2018-07-19T17:51:24+00:00\",\"dateModified\":\"2020-02-04T20:36:57+00:00\",\"breadcrumb\":{\"@id\":\"https:\\\/\\\/www.studio303.ca\\\/cours\\\/theatre-physique\\\/#breadcrumb\"},\"inLanguage\":\"en-US\",\"potentialAction\":[{\"@type\":\"ReadAction\",\"target\":[\"https:\\\/\\\/www.studio303.ca\\\/cours\\\/theatre-physique\\\/\"]}]},{\"@type\":\"ImageObject\",\"inLanguage\":\"en-US\",\"@id\":\"https:\\\/\\\/www.studio303.ca\\\/cours\\\/theatre-physique\\\/#primaryimage\",\"url\":\"https:\\\/\\\/www.studio303.ca\\\/wp-content\\\/uploads\\\/2018\\\/07\\\/COURS-DU-SOIR-640X480.jpg\",\"contentUrl\":\"https:\\\/\\\/www.studio303.ca\\\/wp-content\\\/uploads\\\/2018\\\/07\\\/COURS-DU-SOIR-640X480.jpg\",\"width\":640,\"height\":480},{\"@type\":\"BreadcrumbList\",\"@id\":\"https:\\\/\\\/www.studio303.ca\\\/cours\\\/theatre-physique\\\/#breadcrumb\",\"itemListElement\":[{\"@type\":\"ListItem\",\"position\":1,\"name\":\"Home\",\"item\":\"https:\\\/\\\/www.studio303.ca\\\/en\\\/home\\\/\"},{\"@type\":\"ListItem\",\"position\":2,\"name\":\"Open-Level Classes\",\"item\":\"https:\\\/\\\/www.studio303.ca\\\/en\\\/classes\\\/\"},{\"@type\":\"ListItem\",\"position\":3,\"name\":\"EVENING CLASSES \\\/ PHYSICAL THEATRE WITH PIERRE BLACKBURN\"}]},{\"@type\":\"WebSite\",\"@id\":\"https:\\\/\\\/www.studio303.ca\\\/#website\",\"url\":\"https:\\\/\\\/www.studio303.ca\\\/\",\"name\":\"Studio 303\",\"description\":\"Lieu de diffusion et de soutien pour la danse et l&#039;art indisciplin\u00e9 \u00e0 Montr\u00e9al.\",\"publisher\":{\"@id\":\"https:\\\/\\\/www.studio303.ca\\\/#organization\"},\"potentialAction\":[{\"@type\":\"SearchAction\",\"target\":{\"@type\":\"EntryPoint\",\"urlTemplate\":\"https:\\\/\\\/www.studio303.ca\\\/?s={search_term_string}\"},\"query-input\":{\"@type\":\"PropertyValueSpecification\",\"valueRequired\":true,\"valueName\":\"search_term_string\"}}],\"inLanguage\":\"en-US\"},{\"@type\":\"Organization\",\"@id\":\"https:\\\/\\\/www.studio303.ca\\\/#organization\",\"name\":\"Studio 303\",\"url\":\"https:\\\/\\\/www.studio303.ca\\\/\",\"logo\":{\"@type\":\"ImageObject\",\"inLanguage\":\"en-US\",\"@id\":\"https:\\\/\\\/www.studio303.ca\\\/#\\\/schema\\\/logo\\\/image\\\/\",\"url\":\"https:\\\/\\\/www.studio303.ca\\\/wp-content\\\/uploads\\\/2025\\\/08\\\/studio303-logo_black-c2586d.svg\",\"contentUrl\":\"https:\\\/\\\/www.studio303.ca\\\/wp-content\\\/uploads\\\/2025\\\/08\\\/studio303-logo_black-c2586d.svg\",\"caption\":\"Studio 303\"},\"image\":{\"@id\":\"https:\\\/\\\/www.studio303.ca\\\/#\\\/schema\\\/logo\\\/image\\\/\"},\"sameAs\":[\"https:\\\/\\\/www.facebook.com\\\/studio303.montreal\",\"http:\\\/\\\/instagram.com\\\/studio303\"]}]}<\/script>\n<!-- \/ Yoast SEO plugin. -->","yoast_head_json":{"title":"EVENING CLASSES \/ PHYSICAL THEATRE WITH PIERRE BLACKBURN - Studio 303","robots":{"index":"index","follow":"follow","max-snippet":"max-snippet:-1","max-image-preview":"max-image-preview:large","max-video-preview":"max-video-preview:-1"},"canonical":"https:\/\/www.studio303.ca\/cours\/theatre-physique\/","og_locale":"en_US","og_type":"article","og_title":"EVENING CLASSES \/ PHYSICAL THEATRE WITH PIERRE BLACKBURN - Studio 303","og_description":"THURSDAY 7:30 P.M. &#8211; 9:30 P.M. Winter: January 8 to April 8, 2020 (14 classes) $ 25 drop-ins, see with teacher for session rate Registrations: ruisseaunoir@hotmail.com or (438) 777-1344 \/ In French CONTENT \/\/ ACTING, MOVEMENT, VOICE, IMPROVISATION, CREATION. The course aims to develop: authentic actors who can use both their bodies and voices to [&hellip;]","og_url":"https:\/\/www.studio303.ca\/cours\/theatre-physique\/","og_site_name":"Studio 303","article_publisher":"https:\/\/www.facebook.com\/studio303.montreal","article_modified_time":"2020-02-04T20:36:57+00:00","og_image":[{"width":640,"height":480,"url":"https:\/\/www.studio303.ca\/wp-content\/uploads\/2018\/07\/COURS-DU-SOIR-640X480.jpg","type":"image\/jpeg"}],"twitter_card":"summary_large_image","twitter_misc":{"Est. reading time":"1 minute"},"schema":{"@context":"https:\/\/schema.org","@graph":[{"@type":"WebPage","@id":"https:\/\/www.studio303.ca\/cours\/theatre-physique\/","url":"https:\/\/www.studio303.ca\/cours\/theatre-physique\/","name":"EVENING CLASSES \/ PHYSICAL THEATRE WITH PIERRE BLACKBURN - Studio 303","isPartOf":{"@id":"https:\/\/www.studio303.ca\/#website"},"primaryImageOfPage":{"@id":"https:\/\/www.studio303.ca\/cours\/theatre-physique\/#primaryimage"},"image":{"@id":"https:\/\/www.studio303.ca\/cours\/theatre-physique\/#primaryimage"},"thumbnailUrl":"https:\/\/www.studio303.ca\/wp-content\/uploads\/2018\/07\/COURS-DU-SOIR-640X480.jpg","datePublished":"2018-07-19T17:51:24+00:00","dateModified":"2020-02-04T20:36:57+00:00","breadcrumb":{"@id":"https:\/\/www.studio303.ca\/cours\/theatre-physique\/#breadcrumb"},"inLanguage":"en-US","potentialAction":[{"@type":"ReadAction","target":["https:\/\/www.studio303.ca\/cours\/theatre-physique\/"]}]},{"@type":"ImageObject","inLanguage":"en-US","@id":"https:\/\/www.studio303.ca\/cours\/theatre-physique\/#primaryimage","url":"https:\/\/www.studio303.ca\/wp-content\/uploads\/2018\/07\/COURS-DU-SOIR-640X480.jpg","contentUrl":"https:\/\/www.studio303.ca\/wp-content\/uploads\/2018\/07\/COURS-DU-SOIR-640X480.jpg","width":640,"height":480},{"@type":"BreadcrumbList","@id":"https:\/\/www.studio303.ca\/cours\/theatre-physique\/#breadcrumb","itemListElement":[{"@type":"ListItem","position":1,"name":"Home","item":"https:\/\/www.studio303.ca\/en\/home\/"},{"@type":"ListItem","position":2,"name":"Open-Level Classes","item":"https:\/\/www.studio303.ca\/en\/classes\/"},{"@type":"ListItem","position":3,"name":"EVENING CLASSES \/ PHYSICAL THEATRE WITH PIERRE BLACKBURN"}]},{"@type":"WebSite","@id":"https:\/\/www.studio303.ca\/#website","url":"https:\/\/www.studio303.ca\/","name":"Studio 303","description":"Lieu de diffusion et de soutien pour la danse et l&#039;art indisciplin\u00e9 \u00e0 Montr\u00e9al.","publisher":{"@id":"https:\/\/www.studio303.ca\/#organization"},"potentialAction":[{"@type":"SearchAction","target":{"@type":"EntryPoint","urlTemplate":"https:\/\/www.studio303.ca\/?s={search_term_string}"},"query-input":{"@type":"PropertyValueSpecification","valueRequired":true,"valueName":"search_term_string"}}],"inLanguage":"en-US"},{"@type":"Organization","@id":"https:\/\/www.studio303.ca\/#organization","name":"Studio 303","url":"https:\/\/www.studio303.ca\/","logo":{"@type":"ImageObject","inLanguage":"en-US","@id":"https:\/\/www.studio303.ca\/#\/schema\/logo\/image\/","url":"https:\/\/www.studio303.ca\/wp-content\/uploads\/2025\/08\/studio303-logo_black-c2586d.svg","contentUrl":"https:\/\/www.studio303.ca\/wp-content\/uploads\/2025\/08\/studio303-logo_black-c2586d.svg","caption":"Studio 303"},"image":{"@id":"https:\/\/www.studio303.ca\/#\/schema\/logo\/image\/"},"sameAs":["https:\/\/www.facebook.com\/studio303.montreal","http:\/\/instagram.com\/studio303"]}]}},"_links":{"self":[{"href":"https:\/\/www.studio303.ca\/en\/wp-json\/wp\/v2\/pages\/2056","targetHints":{"allow":["GET"]}}],"collection":[{"href":"https:\/\/www.studio303.ca\/en\/wp-json\/wp\/v2\/pages"}],"about":[{"href":"https:\/\/www.studio303.ca\/en\/wp-json\/wp\/v2\/types\/page"}],"author":[{"embeddable":true,"href":"https:\/\/www.studio303.ca\/en\/wp-json\/wp\/v2\/users\/2"}],"replies":[{"embeddable":true,"href":"https:\/\/www.studio303.ca\/en\/wp-json\/wp\/v2\/comments?post=2056"}],"version-history":[{"count":9,"href":"https:\/\/www.studio303.ca\/en\/wp-json\/wp\/v2\/pages\/2056\/revisions"}],"predecessor-version":[{"id":6634,"href":"https:\/\/www.studio303.ca\/en\/wp-json\/wp\/v2\/pages\/2056\/revisions\/6634"}],"up":[{"embeddable":true,"href":"https:\/\/www.studio303.ca\/en\/wp-json\/wp\/v2\/pages\/347"}],"wp:featuredmedia":[{"embeddable":true,"href":"https:\/\/www.studio303.ca\/en\/wp-json\/wp\/v2\/media\/1593"}],"wp:attachment":[{"href":"https:\/\/www.studio303.ca\/en\/wp-json\/wp\/v2\/media?parent=2056"}],"curies":[{"name":"wp","href":"https:\/\/api.w.org\/{rel}","templated":true}]}}