{"id":2231,"date":"2018-08-03T10:10:36","date_gmt":"2018-08-03T15:10:36","guid":{"rendered":"https:\/\/www.studio303.ca\/evening-classes\/evening-classes-yogadance\/"},"modified":"2018-08-03T10:40:45","modified_gmt":"2018-08-03T15:40:45","slug":"evening-classes-yogadance","status":"publish","type":"page","link":"https:\/\/www.studio303.ca\/en\/classes\/evening-classes-yogadance\/","title":{"rendered":"EVENING CLASSES \/ YOGADANCE"},"content":{"rendered":"<h3>MONDAY 5:10 P.M. \u2013 6:10 P.M.<\/h3>\n<p><b>Fall: September 10 \u2013 December 10, 2018 *no class on October 8 (13 classes)<br \/>\nSee with teacher for session rate<br \/>\n<a href=\"mailto:piloup@videotron.ca\">piloup@videotron.ca<\/a> or (514) 845-5323 \/ Bilingual teacher<br \/>\n<\/b><\/p>\n<p><b>CONTENT \/\/<\/b>\u00a0 YOGADANCE (Poweryoga) This unique class is a continuum flow of poses and postures base on a fusion of yoga-dance-pilates. This approach will give you a better balance, strength, flexibility, placement and alignment and develop the body awareness. This class is support by breathing, music and feedback.<\/p>\n<p><b>BIO \/\/<\/b> <b>Louis Guillemette<\/b> is an always on the go artist of movement. Working as a designer, artistic adviser, choreographer, dancer and improviser for 30 years, his field of activities include cinema, video and the stage arts. Louis presented his work in Canada, in the United States, in Cuba and in Europe. He was a dance and theater teacher at Concordia University during 10 years as well as beeing invited to give training courses at Cirque du Soleil, UQAM and LADMMI in Europe and the USA. Louis danced with LALALA Human Steps during 5 years and collaborated with world known artists. He is now an artistic adviser and professor of movement at l\u2019\u00e9cole Nationale du Cirque and teaches his approach at Studio 303 since 1990.<\/p>\n<hr \/>\n<p><b>Evening classes are open to all levels, and it\u2019s always possible to drop-in without registering in advance.<\/b><\/p>\n<p>Registration is on site directly with the teachers, please contact them if you need additional information.<\/p>\n<p>Come try the classes! <b>Free classes<\/b> at the beginning of the sessions:<br \/>\n<strong>Saturday, September 8, 2018 \/ Saturday, January 5, 2019 \/ Saturday, April 13, 2019<\/strong><\/p>\n","protected":false},"excerpt":{"rendered":"<p>MONDAY 5:10 P.M. \u2013 6:10 P.M. Fall: September 10 \u2013 December 10, 2018 *no class on October 8 (13 classes) See with teacher for session rate piloup@videotron.ca or (514) 845-5323 \/ Bilingual teacher CONTENT \/\/\u00a0 YOGADANCE (Poweryoga) This unique class is a continuum flow of poses and postures base on a fusion of yoga-dance-pilates. This [&hellip;]<\/p>\n","protected":false},"author":2,"featured_media":2220,"parent":347,"menu_order":101,"comment_status":"closed","ping_status":"closed","template":"","meta":{"_acf_changed":false,"inline_featured_image":false,"_exactmetrics_skip_tracking":false,"_exactmetrics_sitenote_active":false,"_exactmetrics_sitenote_note":"","_exactmetrics_sitenote_category":0,"_themeisle_gutenberg_block_has_review":false,"footnotes":""},"class_list":["post-2231","page","type-page","status-publish","has-post-thumbnail","hentry"],"acf":[],"yoast_head":"<!-- This site is optimized with the Yoast SEO plugin v27.5 - https:\/\/yoast.com\/product\/yoast-seo-wordpress\/ -->\n<title>EVENING CLASSES \/ YOGADANCE - Studio 303<\/title>\n<meta name=\"robots\" content=\"index, follow, max-snippet:-1, max-image-preview:large, max-video-preview:-1\" \/>\n<link rel=\"canonical\" href=\"https:\/\/www.studio303.ca\/cours\/yogadanse\/\" \/>\n<meta property=\"og:locale\" content=\"en_US\" \/>\n<meta property=\"og:type\" content=\"article\" \/>\n<meta property=\"og:title\" content=\"EVENING CLASSES \/ YOGADANCE - Studio 303\" \/>\n<meta property=\"og:description\" content=\"MONDAY 5:10 P.M. \u2013 6:10 P.M. Fall: September 10 \u2013 December 10, 2018 *no class on October 8 (13 classes) See with teacher for session rate piloup@videotron.ca or (514) 845-5323 \/ Bilingual teacher CONTENT \/\/\u00a0 YOGADANCE (Poweryoga) This unique class is a continuum flow of poses and postures base on a fusion of yoga-dance-pilates. This [&hellip;]\" \/>\n<meta property=\"og:url\" content=\"https:\/\/www.studio303.ca\/cours\/yogadanse\/\" \/>\n<meta property=\"og:site_name\" content=\"Studio 303\" \/>\n<meta property=\"article:publisher\" content=\"https:\/\/www.facebook.com\/studio303.montreal\" \/>\n<meta property=\"article:modified_time\" content=\"2018-08-03T15:40:45+00:00\" \/>\n<meta property=\"og:image\" content=\"https:\/\/www.studio303.ca\/wp-content\/uploads\/2018\/08\/COURS-DU-SOIR_YOGADANSE_640X480.jpg\" \/>\n\t<meta property=\"og:image:width\" content=\"640\" \/>\n\t<meta property=\"og:image:height\" content=\"480\" \/>\n\t<meta property=\"og:image:type\" content=\"image\/jpeg\" \/>\n<meta name=\"twitter:card\" content=\"summary_large_image\" \/>\n<meta name=\"twitter:label1\" content=\"Est. reading time\" \/>\n\t<meta name=\"twitter:data1\" content=\"1 minute\" \/>\n<script type=\"application\/ld+json\" class=\"yoast-schema-graph\">{\"@context\":\"https:\\\/\\\/schema.org\",\"@graph\":[{\"@type\":\"WebPage\",\"@id\":\"https:\\\/\\\/www.studio303.ca\\\/cours\\\/yogadanse\\\/\",\"url\":\"https:\\\/\\\/www.studio303.ca\\\/cours\\\/yogadanse\\\/\",\"name\":\"EVENING CLASSES \\\/ YOGADANCE - Studio 303\",\"isPartOf\":{\"@id\":\"https:\\\/\\\/www.studio303.ca\\\/#website\"},\"primaryImageOfPage\":{\"@id\":\"https:\\\/\\\/www.studio303.ca\\\/cours\\\/yogadanse\\\/#primaryimage\"},\"image\":{\"@id\":\"https:\\\/\\\/www.studio303.ca\\\/cours\\\/yogadanse\\\/#primaryimage\"},\"thumbnailUrl\":\"https:\\\/\\\/www.studio303.ca\\\/wp-content\\\/uploads\\\/2018\\\/08\\\/COURS-DU-SOIR_YOGADANSE_640X480.jpg\",\"datePublished\":\"2018-08-03T15:10:36+00:00\",\"dateModified\":\"2018-08-03T15:40:45+00:00\",\"breadcrumb\":{\"@id\":\"https:\\\/\\\/www.studio303.ca\\\/cours\\\/yogadanse\\\/#breadcrumb\"},\"inLanguage\":\"en-US\",\"potentialAction\":[{\"@type\":\"ReadAction\",\"target\":[\"https:\\\/\\\/www.studio303.ca\\\/cours\\\/yogadanse\\\/\"]}]},{\"@type\":\"ImageObject\",\"inLanguage\":\"en-US\",\"@id\":\"https:\\\/\\\/www.studio303.ca\\\/cours\\\/yogadanse\\\/#primaryimage\",\"url\":\"https:\\\/\\\/www.studio303.ca\\\/wp-content\\\/uploads\\\/2018\\\/08\\\/COURS-DU-SOIR_YOGADANSE_640X480.jpg\",\"contentUrl\":\"https:\\\/\\\/www.studio303.ca\\\/wp-content\\\/uploads\\\/2018\\\/08\\\/COURS-DU-SOIR_YOGADANSE_640X480.jpg\",\"width\":640,\"height\":480},{\"@type\":\"BreadcrumbList\",\"@id\":\"https:\\\/\\\/www.studio303.ca\\\/cours\\\/yogadanse\\\/#breadcrumb\",\"itemListElement\":[{\"@type\":\"ListItem\",\"position\":1,\"name\":\"Home\",\"item\":\"https:\\\/\\\/www.studio303.ca\\\/en\\\/home\\\/\"},{\"@type\":\"ListItem\",\"position\":2,\"name\":\"Open-Level Classes\",\"item\":\"https:\\\/\\\/www.studio303.ca\\\/en\\\/classes\\\/\"},{\"@type\":\"ListItem\",\"position\":3,\"name\":\"EVENING CLASSES \\\/ YOGADANCE\"}]},{\"@type\":\"WebSite\",\"@id\":\"https:\\\/\\\/www.studio303.ca\\\/#website\",\"url\":\"https:\\\/\\\/www.studio303.ca\\\/\",\"name\":\"Studio 303\",\"description\":\"Lieu de diffusion et de soutien pour la danse et l&#039;art indisciplin\u00e9 \u00e0 Montr\u00e9al.\",\"publisher\":{\"@id\":\"https:\\\/\\\/www.studio303.ca\\\/#organization\"},\"potentialAction\":[{\"@type\":\"SearchAction\",\"target\":{\"@type\":\"EntryPoint\",\"urlTemplate\":\"https:\\\/\\\/www.studio303.ca\\\/?s={search_term_string}\"},\"query-input\":{\"@type\":\"PropertyValueSpecification\",\"valueRequired\":true,\"valueName\":\"search_term_string\"}}],\"inLanguage\":\"en-US\"},{\"@type\":\"Organization\",\"@id\":\"https:\\\/\\\/www.studio303.ca\\\/#organization\",\"name\":\"Studio 303\",\"url\":\"https:\\\/\\\/www.studio303.ca\\\/\",\"logo\":{\"@type\":\"ImageObject\",\"inLanguage\":\"en-US\",\"@id\":\"https:\\\/\\\/www.studio303.ca\\\/#\\\/schema\\\/logo\\\/image\\\/\",\"url\":\"https:\\\/\\\/www.studio303.ca\\\/wp-content\\\/uploads\\\/2025\\\/08\\\/studio303-logo_black-c2586d.svg\",\"contentUrl\":\"https:\\\/\\\/www.studio303.ca\\\/wp-content\\\/uploads\\\/2025\\\/08\\\/studio303-logo_black-c2586d.svg\",\"caption\":\"Studio 303\"},\"image\":{\"@id\":\"https:\\\/\\\/www.studio303.ca\\\/#\\\/schema\\\/logo\\\/image\\\/\"},\"sameAs\":[\"https:\\\/\\\/www.facebook.com\\\/studio303.montreal\",\"http:\\\/\\\/instagram.com\\\/studio303\"]}]}<\/script>\n<!-- \/ Yoast SEO plugin. -->","yoast_head_json":{"title":"EVENING CLASSES \/ YOGADANCE - Studio 303","robots":{"index":"index","follow":"follow","max-snippet":"max-snippet:-1","max-image-preview":"max-image-preview:large","max-video-preview":"max-video-preview:-1"},"canonical":"https:\/\/www.studio303.ca\/cours\/yogadanse\/","og_locale":"en_US","og_type":"article","og_title":"EVENING CLASSES \/ YOGADANCE - Studio 303","og_description":"MONDAY 5:10 P.M. \u2013 6:10 P.M. Fall: September 10 \u2013 December 10, 2018 *no class on October 8 (13 classes) See with teacher for session rate piloup@videotron.ca or (514) 845-5323 \/ Bilingual teacher CONTENT \/\/\u00a0 YOGADANCE (Poweryoga) This unique class is a continuum flow of poses and postures base on a fusion of yoga-dance-pilates. This [&hellip;]","og_url":"https:\/\/www.studio303.ca\/cours\/yogadanse\/","og_site_name":"Studio 303","article_publisher":"https:\/\/www.facebook.com\/studio303.montreal","article_modified_time":"2018-08-03T15:40:45+00:00","og_image":[{"width":640,"height":480,"url":"https:\/\/www.studio303.ca\/wp-content\/uploads\/2018\/08\/COURS-DU-SOIR_YOGADANSE_640X480.jpg","type":"image\/jpeg"}],"twitter_card":"summary_large_image","twitter_misc":{"Est. reading time":"1 minute"},"schema":{"@context":"https:\/\/schema.org","@graph":[{"@type":"WebPage","@id":"https:\/\/www.studio303.ca\/cours\/yogadanse\/","url":"https:\/\/www.studio303.ca\/cours\/yogadanse\/","name":"EVENING CLASSES \/ YOGADANCE - Studio 303","isPartOf":{"@id":"https:\/\/www.studio303.ca\/#website"},"primaryImageOfPage":{"@id":"https:\/\/www.studio303.ca\/cours\/yogadanse\/#primaryimage"},"image":{"@id":"https:\/\/www.studio303.ca\/cours\/yogadanse\/#primaryimage"},"thumbnailUrl":"https:\/\/www.studio303.ca\/wp-content\/uploads\/2018\/08\/COURS-DU-SOIR_YOGADANSE_640X480.jpg","datePublished":"2018-08-03T15:10:36+00:00","dateModified":"2018-08-03T15:40:45+00:00","breadcrumb":{"@id":"https:\/\/www.studio303.ca\/cours\/yogadanse\/#breadcrumb"},"inLanguage":"en-US","potentialAction":[{"@type":"ReadAction","target":["https:\/\/www.studio303.ca\/cours\/yogadanse\/"]}]},{"@type":"ImageObject","inLanguage":"en-US","@id":"https:\/\/www.studio303.ca\/cours\/yogadanse\/#primaryimage","url":"https:\/\/www.studio303.ca\/wp-content\/uploads\/2018\/08\/COURS-DU-SOIR_YOGADANSE_640X480.jpg","contentUrl":"https:\/\/www.studio303.ca\/wp-content\/uploads\/2018\/08\/COURS-DU-SOIR_YOGADANSE_640X480.jpg","width":640,"height":480},{"@type":"BreadcrumbList","@id":"https:\/\/www.studio303.ca\/cours\/yogadanse\/#breadcrumb","itemListElement":[{"@type":"ListItem","position":1,"name":"Home","item":"https:\/\/www.studio303.ca\/en\/home\/"},{"@type":"ListItem","position":2,"name":"Open-Level Classes","item":"https:\/\/www.studio303.ca\/en\/classes\/"},{"@type":"ListItem","position":3,"name":"EVENING CLASSES \/ YOGADANCE"}]},{"@type":"WebSite","@id":"https:\/\/www.studio303.ca\/#website","url":"https:\/\/www.studio303.ca\/","name":"Studio 303","description":"Lieu de diffusion et de soutien pour la danse et l&#039;art indisciplin\u00e9 \u00e0 Montr\u00e9al.","publisher":{"@id":"https:\/\/www.studio303.ca\/#organization"},"potentialAction":[{"@type":"SearchAction","target":{"@type":"EntryPoint","urlTemplate":"https:\/\/www.studio303.ca\/?s={search_term_string}"},"query-input":{"@type":"PropertyValueSpecification","valueRequired":true,"valueName":"search_term_string"}}],"inLanguage":"en-US"},{"@type":"Organization","@id":"https:\/\/www.studio303.ca\/#organization","name":"Studio 303","url":"https:\/\/www.studio303.ca\/","logo":{"@type":"ImageObject","inLanguage":"en-US","@id":"https:\/\/www.studio303.ca\/#\/schema\/logo\/image\/","url":"https:\/\/www.studio303.ca\/wp-content\/uploads\/2025\/08\/studio303-logo_black-c2586d.svg","contentUrl":"https:\/\/www.studio303.ca\/wp-content\/uploads\/2025\/08\/studio303-logo_black-c2586d.svg","caption":"Studio 303"},"image":{"@id":"https:\/\/www.studio303.ca\/#\/schema\/logo\/image\/"},"sameAs":["https:\/\/www.facebook.com\/studio303.montreal","http:\/\/instagram.com\/studio303"]}]}},"_links":{"self":[{"href":"https:\/\/www.studio303.ca\/en\/wp-json\/wp\/v2\/pages\/2231","targetHints":{"allow":["GET"]}}],"collection":[{"href":"https:\/\/www.studio303.ca\/en\/wp-json\/wp\/v2\/pages"}],"about":[{"href":"https:\/\/www.studio303.ca\/en\/wp-json\/wp\/v2\/types\/page"}],"author":[{"embeddable":true,"href":"https:\/\/www.studio303.ca\/en\/wp-json\/wp\/v2\/users\/2"}],"replies":[{"embeddable":true,"href":"https:\/\/www.studio303.ca\/en\/wp-json\/wp\/v2\/comments?post=2231"}],"version-history":[{"count":2,"href":"https:\/\/www.studio303.ca\/en\/wp-json\/wp\/v2\/pages\/2231\/revisions"}],"predecessor-version":[{"id":2235,"href":"https:\/\/www.studio303.ca\/en\/wp-json\/wp\/v2\/pages\/2231\/revisions\/2235"}],"up":[{"embeddable":true,"href":"https:\/\/www.studio303.ca\/en\/wp-json\/wp\/v2\/pages\/347"}],"wp:featuredmedia":[{"embeddable":true,"href":"https:\/\/www.studio303.ca\/en\/wp-json\/wp\/v2\/media\/2220"}],"wp:attachment":[{"href":"https:\/\/www.studio303.ca\/en\/wp-json\/wp\/v2\/media?parent=2231"}],"curies":[{"name":"wp","href":"https:\/\/api.w.org\/{rel}","templated":true}]}}