{"id":23023,"date":"2023-12-10T21:41:25","date_gmt":"2023-12-11T02:41:25","guid":{"rendered":"https:\/\/www.studio303.ca\/open-level-classes-floor-workshop-avec-vicversa\/"},"modified":"2024-01-18T17:00:38","modified_gmt":"2024-01-18T22:00:38","slug":"open-level-classes-floor-workshop-avec-vicversa","status":"publish","type":"page","link":"https:\/\/www.studio303.ca\/en\/open-level-classes-floor-workshop-avec-vicversa\/","title":{"rendered":"OPEN-LEVEL CLASSES \/\/ FLOOR.WORKSHOP AVEC VICVERSA"},"content":{"rendered":"\n<h3 class=\"wp-block-heading\" id=\"thursday-545-pm-to-745-pm\">Thursday \u2014 5:45 p.m.<strong> to 7:45 p.m.<\/strong><\/h3>\n\n\n\n<p><strong>WINTER: January 11 to March 28, 2024<\/strong><br><strong>$25 per class<\/strong><br><strong>$275 for full session<\/strong><br><strong>Payment by e-transfer: <a href=\"mailto:vic.versa.mackenzie@gmail.com\">vic.versa.mackenzie@gmail.com<\/a><\/strong> <br><br>Bilingual class (French and English)<br><br><strong>In addition to the class: Open practice on Sundays<\/strong><br><strong>Dates: January 14 to March 31, 2024&nbsp;<\/strong><br><strong>Hours: 4:30PM \u2013 6:30PM&nbsp;<\/strong><br><strong>Price: $5 drop-in \/ $50 full session<\/strong><\/p>\n\n\n\n<p><strong>TO REGISTER &gt; <\/strong><a href=\"mailto:vic.versa.mackenzie@gmail.com\"><strong>vic.versa.mackenzie@gmail.com<\/strong><\/a><\/p>\n\n\n\n<p><\/p>\n\n\n\n<hr class=\"wp-block-separator has-alpha-channel-opacity\"\/>\n\n\n\n<p><strong>CONTENT <\/strong><\/p>\n\n\n\n<p><strong>&nbsp;Floor.workshop<\/strong> is a class for dancers interested in deepening their vocabulary &amp; expanding their personal approach when including floorwork in their movement. Floorwork does not only signify dancing on the floor, but also how we include floor passages in our dance and how we build transitions between standing and floor.<\/p>\n\n\n\n<p>This workshop includes general techniques and conceptual approaches which makes the class an open playground for dancers coming from diverse backgrounds. We give time to understand our personal entry points into material offered and for building signature movements inspired by concepts offered. Freestyle is an important part of the class that allows us to test how we integrate our generated material.<\/p>\n\n\n\n<p>The class asks for a high level of courage as we are guided through exercises that require risk-taking and necessitate trial and error, often with crashing (falling). Analyzing movement sequences to clarify momentum-generation and power-building moments is a vital component as we work towards more dynamic actions.<\/p>\n\n\n\n<p>Because of Vic\u2019s background in breaking, the class places an emphasis on attack over surrender, rotational direction over linear direction, and developing signatures &amp; personal twists over replication of offered material.<\/p>\n\n\n\n<p><strong>Floor.workshop<\/strong> is a floor-focused dance class that focuses on:<\/p>\n\n\n\n<p>\u2022 Upper body strength training<br>\u2022 Techniques for facilitating efficient execution of movements<br>\u2022 Level changes, transitioning between 3 levels: top, mid, low<br>\u2022 Upside-down training<br>\u2022 Creation &amp; utilization of momentum to produce dynamic and powerful action<br>\u2022 Integrating floor passages into personal movement vocabulary<br>\u2022 Guided explorations to build unique movements<br>\u2022 Exercises in freestyle and synchronicity with music<\/p>\n\n\n\n<p><strong>BIOGRAPHY <a href=\"https:\/\/www.instagram.com\/vicversavic\/\"><strong>Victoria Mackenzie\/VicVersa<\/strong><\/a><strong> <\/strong><\/strong>is a Montr\u00e9al-based independent dance artist. Her main areas of focus are performance, pedagogy, facilitation, and event coordination. Vic has been dancing since early childhood and has since practiced and performed various styles in various arenas. She is an amalgam of classical training, b-girl-ism, and nightclub free form. She has performed, taught, and battled locally and internationally. Her frequent past and present collaborators include: Tentacle Tribe, Helen Simard, WAFD Creations, Ebnfloh, 100lux,Tangente, and FRGMNT. Her connections with the street dance and club scene are an essential part of her life. Her approach considers musical emphasis, expression of self and catharsis above all els<strong>e.<\/strong><\/p>\n\n\n\n<p><\/p>\n\n\n\n<hr class=\"wp-block-separator has-alpha-channel-opacity\"\/>\n\n\n\n<p><strong>Evening classes are open to all levels, and it is recommended to register in advance for one or multiple classes.<\/strong><\/p>\n\n\n\n<p><strong>Registration is done directly with the teachers, please contact them if you need additional information.<\/strong><\/p>\n","protected":false},"excerpt":{"rendered":"<p>Thursday \u2014 5:45 p.m. to 7:45 p.m. WINTER: January 11 to March 28, 2024$25 per class$275 for full sessionPayment by e-transfer: vic.versa.mackenzie@gmail.com Bilingual class (French and English) In addition to the class: Open practice on SundaysDates: January 14 to March 31, 2024&nbsp;Hours: 4:30PM \u2013 6:30PM&nbsp;Price: $5 drop-in \/ $50 full session TO REGISTER &gt; vic.versa.mackenzie@gmail.com [&hellip;]<\/p>\n","protected":false},"author":2,"featured_media":23019,"parent":0,"menu_order":0,"comment_status":"closed","ping_status":"closed","template":"","meta":{"_acf_changed":false,"inline_featured_image":false,"_exactmetrics_skip_tracking":false,"_exactmetrics_sitenote_active":false,"_exactmetrics_sitenote_note":"","_exactmetrics_sitenote_category":0,"_themeisle_gutenberg_block_has_review":false,"footnotes":""},"class_list":["post-23023","page","type-page","status-publish","has-post-thumbnail","hentry"],"acf":[],"yoast_head":"<!-- This site is optimized with the Yoast SEO plugin v27.5 - https:\/\/yoast.com\/product\/yoast-seo-wordpress\/ -->\n<title>OPEN-LEVEL CLASSES \/\/ FLOOR.WORKSHOP AVEC VICVERSA - Studio 303<\/title>\n<meta name=\"robots\" content=\"index, follow, max-snippet:-1, max-image-preview:large, max-video-preview:-1\" \/>\n<link rel=\"canonical\" href=\"https:\/\/www.studio303.ca\/en\/open-level-classes-floor-workshop-avec-vicversa\/\" \/>\n<meta property=\"og:locale\" content=\"en_US\" \/>\n<meta property=\"og:type\" content=\"article\" \/>\n<meta property=\"og:title\" content=\"OPEN-LEVEL CLASSES \/\/ FLOOR.WORKSHOP AVEC VICVERSA - Studio 303\" \/>\n<meta property=\"og:description\" content=\"Thursday \u2014 5:45 p.m. to 7:45 p.m. WINTER: January 11 to March 28, 2024$25 per class$275 for full sessionPayment by e-transfer: vic.versa.mackenzie@gmail.com Bilingual class (French and English) In addition to the class: Open practice on SundaysDates: January 14 to March 31, 2024&nbsp;Hours: 4:30PM \u2013 6:30PM&nbsp;Price: $5 drop-in \/ $50 full session TO REGISTER &gt; vic.versa.mackenzie@gmail.com [&hellip;]\" \/>\n<meta property=\"og:url\" content=\"https:\/\/www.studio303.ca\/en\/open-level-classes-floor-workshop-avec-vicversa\/\" \/>\n<meta property=\"og:site_name\" content=\"Studio 303\" \/>\n<meta property=\"article:publisher\" content=\"https:\/\/www.facebook.com\/studio303.montreal\" \/>\n<meta property=\"article:modified_time\" content=\"2024-01-18T22:00:38+00:00\" \/>\n<meta property=\"og:image\" content=\"https:\/\/www.studio303.ca\/wp-content\/uploads\/2023\/12\/Unknown-Collective_LQ-29-of-114-e1702154045466.jpg\" \/>\n\t<meta property=\"og:image:width\" content=\"2400\" \/>\n\t<meta property=\"og:image:height\" content=\"1600\" \/>\n\t<meta property=\"og:image:type\" content=\"image\/jpeg\" \/>\n<meta name=\"twitter:card\" content=\"summary_large_image\" \/>\n<meta name=\"twitter:label1\" content=\"Est. reading time\" \/>\n\t<meta name=\"twitter:data1\" content=\"3 minutes\" \/>\n<script type=\"application\/ld+json\" class=\"yoast-schema-graph\">{\"@context\":\"https:\\\/\\\/schema.org\",\"@graph\":[{\"@type\":\"WebPage\",\"@id\":\"https:\\\/\\\/www.studio303.ca\\\/en\\\/open-level-classes-floor-workshop-avec-vicversa\\\/\",\"url\":\"https:\\\/\\\/www.studio303.ca\\\/en\\\/open-level-classes-floor-workshop-avec-vicversa\\\/\",\"name\":\"OPEN-LEVEL CLASSES \\\/\\\/ FLOOR.WORKSHOP AVEC VICVERSA - Studio 303\",\"isPartOf\":{\"@id\":\"https:\\\/\\\/www.studio303.ca\\\/#website\"},\"primaryImageOfPage\":{\"@id\":\"https:\\\/\\\/www.studio303.ca\\\/en\\\/open-level-classes-floor-workshop-avec-vicversa\\\/#primaryimage\"},\"image\":{\"@id\":\"https:\\\/\\\/www.studio303.ca\\\/en\\\/open-level-classes-floor-workshop-avec-vicversa\\\/#primaryimage\"},\"thumbnailUrl\":\"https:\\\/\\\/www.studio303.ca\\\/wp-content\\\/uploads\\\/2023\\\/12\\\/Unknown-Collective_LQ-29-of-114-e1702154045466.jpg\",\"datePublished\":\"2023-12-11T02:41:25+00:00\",\"dateModified\":\"2024-01-18T22:00:38+00:00\",\"breadcrumb\":{\"@id\":\"https:\\\/\\\/www.studio303.ca\\\/en\\\/open-level-classes-floor-workshop-avec-vicversa\\\/#breadcrumb\"},\"inLanguage\":\"en-US\",\"potentialAction\":[{\"@type\":\"ReadAction\",\"target\":[\"https:\\\/\\\/www.studio303.ca\\\/en\\\/open-level-classes-floor-workshop-avec-vicversa\\\/\"]}]},{\"@type\":\"ImageObject\",\"inLanguage\":\"en-US\",\"@id\":\"https:\\\/\\\/www.studio303.ca\\\/en\\\/open-level-classes-floor-workshop-avec-vicversa\\\/#primaryimage\",\"url\":\"https:\\\/\\\/www.studio303.ca\\\/wp-content\\\/uploads\\\/2023\\\/12\\\/Unknown-Collective_LQ-29-of-114-e1702154045466.jpg\",\"contentUrl\":\"https:\\\/\\\/www.studio303.ca\\\/wp-content\\\/uploads\\\/2023\\\/12\\\/Unknown-Collective_LQ-29-of-114-e1702154045466.jpg\",\"width\":2400,\"height\":1600,\"caption\":\"Credit Photo : Do Phan Hoi\"},{\"@type\":\"BreadcrumbList\",\"@id\":\"https:\\\/\\\/www.studio303.ca\\\/en\\\/open-level-classes-floor-workshop-avec-vicversa\\\/#breadcrumb\",\"itemListElement\":[{\"@type\":\"ListItem\",\"position\":1,\"name\":\"Home\",\"item\":\"https:\\\/\\\/www.studio303.ca\\\/en\\\/home\\\/\"},{\"@type\":\"ListItem\",\"position\":2,\"name\":\"OPEN-LEVEL CLASSES \\\/\\\/ FLOOR.WORKSHOP AVEC VICVERSA\"}]},{\"@type\":\"WebSite\",\"@id\":\"https:\\\/\\\/www.studio303.ca\\\/#website\",\"url\":\"https:\\\/\\\/www.studio303.ca\\\/\",\"name\":\"Studio 303\",\"description\":\"Lieu de diffusion et de soutien pour la danse et l&#039;art indisciplin\u00e9 \u00e0 Montr\u00e9al.\",\"publisher\":{\"@id\":\"https:\\\/\\\/www.studio303.ca\\\/#organization\"},\"potentialAction\":[{\"@type\":\"SearchAction\",\"target\":{\"@type\":\"EntryPoint\",\"urlTemplate\":\"https:\\\/\\\/www.studio303.ca\\\/?s={search_term_string}\"},\"query-input\":{\"@type\":\"PropertyValueSpecification\",\"valueRequired\":true,\"valueName\":\"search_term_string\"}}],\"inLanguage\":\"en-US\"},{\"@type\":\"Organization\",\"@id\":\"https:\\\/\\\/www.studio303.ca\\\/#organization\",\"name\":\"Studio 303\",\"url\":\"https:\\\/\\\/www.studio303.ca\\\/\",\"logo\":{\"@type\":\"ImageObject\",\"inLanguage\":\"en-US\",\"@id\":\"https:\\\/\\\/www.studio303.ca\\\/#\\\/schema\\\/logo\\\/image\\\/\",\"url\":\"https:\\\/\\\/www.studio303.ca\\\/wp-content\\\/uploads\\\/2025\\\/08\\\/studio303-logo_black-c2586d.svg\",\"contentUrl\":\"https:\\\/\\\/www.studio303.ca\\\/wp-content\\\/uploads\\\/2025\\\/08\\\/studio303-logo_black-c2586d.svg\",\"caption\":\"Studio 303\"},\"image\":{\"@id\":\"https:\\\/\\\/www.studio303.ca\\\/#\\\/schema\\\/logo\\\/image\\\/\"},\"sameAs\":[\"https:\\\/\\\/www.facebook.com\\\/studio303.montreal\",\"http:\\\/\\\/instagram.com\\\/studio303\"]}]}<\/script>\n<!-- \/ Yoast SEO plugin. -->","yoast_head_json":{"title":"OPEN-LEVEL CLASSES \/\/ FLOOR.WORKSHOP AVEC VICVERSA - Studio 303","robots":{"index":"index","follow":"follow","max-snippet":"max-snippet:-1","max-image-preview":"max-image-preview:large","max-video-preview":"max-video-preview:-1"},"canonical":"https:\/\/www.studio303.ca\/en\/open-level-classes-floor-workshop-avec-vicversa\/","og_locale":"en_US","og_type":"article","og_title":"OPEN-LEVEL CLASSES \/\/ FLOOR.WORKSHOP AVEC VICVERSA - Studio 303","og_description":"Thursday \u2014 5:45 p.m. to 7:45 p.m. WINTER: January 11 to March 28, 2024$25 per class$275 for full sessionPayment by e-transfer: vic.versa.mackenzie@gmail.com Bilingual class (French and English) In addition to the class: Open practice on SundaysDates: January 14 to March 31, 2024&nbsp;Hours: 4:30PM \u2013 6:30PM&nbsp;Price: $5 drop-in \/ $50 full session TO REGISTER &gt; vic.versa.mackenzie@gmail.com [&hellip;]","og_url":"https:\/\/www.studio303.ca\/en\/open-level-classes-floor-workshop-avec-vicversa\/","og_site_name":"Studio 303","article_publisher":"https:\/\/www.facebook.com\/studio303.montreal","article_modified_time":"2024-01-18T22:00:38+00:00","og_image":[{"width":2400,"height":1600,"url":"https:\/\/www.studio303.ca\/wp-content\/uploads\/2023\/12\/Unknown-Collective_LQ-29-of-114-e1702154045466.jpg","type":"image\/jpeg"}],"twitter_card":"summary_large_image","twitter_misc":{"Est. reading time":"3 minutes"},"schema":{"@context":"https:\/\/schema.org","@graph":[{"@type":"WebPage","@id":"https:\/\/www.studio303.ca\/en\/open-level-classes-floor-workshop-avec-vicversa\/","url":"https:\/\/www.studio303.ca\/en\/open-level-classes-floor-workshop-avec-vicversa\/","name":"OPEN-LEVEL CLASSES \/\/ FLOOR.WORKSHOP AVEC VICVERSA - Studio 303","isPartOf":{"@id":"https:\/\/www.studio303.ca\/#website"},"primaryImageOfPage":{"@id":"https:\/\/www.studio303.ca\/en\/open-level-classes-floor-workshop-avec-vicversa\/#primaryimage"},"image":{"@id":"https:\/\/www.studio303.ca\/en\/open-level-classes-floor-workshop-avec-vicversa\/#primaryimage"},"thumbnailUrl":"https:\/\/www.studio303.ca\/wp-content\/uploads\/2023\/12\/Unknown-Collective_LQ-29-of-114-e1702154045466.jpg","datePublished":"2023-12-11T02:41:25+00:00","dateModified":"2024-01-18T22:00:38+00:00","breadcrumb":{"@id":"https:\/\/www.studio303.ca\/en\/open-level-classes-floor-workshop-avec-vicversa\/#breadcrumb"},"inLanguage":"en-US","potentialAction":[{"@type":"ReadAction","target":["https:\/\/www.studio303.ca\/en\/open-level-classes-floor-workshop-avec-vicversa\/"]}]},{"@type":"ImageObject","inLanguage":"en-US","@id":"https:\/\/www.studio303.ca\/en\/open-level-classes-floor-workshop-avec-vicversa\/#primaryimage","url":"https:\/\/www.studio303.ca\/wp-content\/uploads\/2023\/12\/Unknown-Collective_LQ-29-of-114-e1702154045466.jpg","contentUrl":"https:\/\/www.studio303.ca\/wp-content\/uploads\/2023\/12\/Unknown-Collective_LQ-29-of-114-e1702154045466.jpg","width":2400,"height":1600,"caption":"Credit Photo : Do Phan Hoi"},{"@type":"BreadcrumbList","@id":"https:\/\/www.studio303.ca\/en\/open-level-classes-floor-workshop-avec-vicversa\/#breadcrumb","itemListElement":[{"@type":"ListItem","position":1,"name":"Home","item":"https:\/\/www.studio303.ca\/en\/home\/"},{"@type":"ListItem","position":2,"name":"OPEN-LEVEL CLASSES \/\/ FLOOR.WORKSHOP AVEC VICVERSA"}]},{"@type":"WebSite","@id":"https:\/\/www.studio303.ca\/#website","url":"https:\/\/www.studio303.ca\/","name":"Studio 303","description":"Lieu de diffusion et de soutien pour la danse et l&#039;art indisciplin\u00e9 \u00e0 Montr\u00e9al.","publisher":{"@id":"https:\/\/www.studio303.ca\/#organization"},"potentialAction":[{"@type":"SearchAction","target":{"@type":"EntryPoint","urlTemplate":"https:\/\/www.studio303.ca\/?s={search_term_string}"},"query-input":{"@type":"PropertyValueSpecification","valueRequired":true,"valueName":"search_term_string"}}],"inLanguage":"en-US"},{"@type":"Organization","@id":"https:\/\/www.studio303.ca\/#organization","name":"Studio 303","url":"https:\/\/www.studio303.ca\/","logo":{"@type":"ImageObject","inLanguage":"en-US","@id":"https:\/\/www.studio303.ca\/#\/schema\/logo\/image\/","url":"https:\/\/www.studio303.ca\/wp-content\/uploads\/2025\/08\/studio303-logo_black-c2586d.svg","contentUrl":"https:\/\/www.studio303.ca\/wp-content\/uploads\/2025\/08\/studio303-logo_black-c2586d.svg","caption":"Studio 303"},"image":{"@id":"https:\/\/www.studio303.ca\/#\/schema\/logo\/image\/"},"sameAs":["https:\/\/www.facebook.com\/studio303.montreal","http:\/\/instagram.com\/studio303"]}]}},"_links":{"self":[{"href":"https:\/\/www.studio303.ca\/en\/wp-json\/wp\/v2\/pages\/23023","targetHints":{"allow":["GET"]}}],"collection":[{"href":"https:\/\/www.studio303.ca\/en\/wp-json\/wp\/v2\/pages"}],"about":[{"href":"https:\/\/www.studio303.ca\/en\/wp-json\/wp\/v2\/types\/page"}],"author":[{"embeddable":true,"href":"https:\/\/www.studio303.ca\/en\/wp-json\/wp\/v2\/users\/2"}],"replies":[{"embeddable":true,"href":"https:\/\/www.studio303.ca\/en\/wp-json\/wp\/v2\/comments?post=23023"}],"version-history":[{"count":3,"href":"https:\/\/www.studio303.ca\/en\/wp-json\/wp\/v2\/pages\/23023\/revisions"}],"predecessor-version":[{"id":23168,"href":"https:\/\/www.studio303.ca\/en\/wp-json\/wp\/v2\/pages\/23023\/revisions\/23168"}],"wp:featuredmedia":[{"embeddable":true,"href":"https:\/\/www.studio303.ca\/en\/wp-json\/wp\/v2\/media\/23019"}],"wp:attachment":[{"href":"https:\/\/www.studio303.ca\/en\/wp-json\/wp\/v2\/media?parent=23023"}],"curies":[{"name":"wp","href":"https:\/\/api.w.org\/{rel}","templated":true}]}}