{"id":26516,"date":"2024-08-08T16:10:15","date_gmt":"2024-08-08T20:10:15","guid":{"rendered":"https:\/\/www.studio303.ca\/?page_id=26516"},"modified":"2024-09-05T19:13:09","modified_gmt":"2024-09-05T23:13:09","slug":"rent-the-studio","status":"publish","type":"page","link":"https:\/\/www.studio303.ca\/en\/rent-the-studio\/","title":{"rendered":"Rent the studio"},"content":{"rendered":"<\/p>\n<p>Located in downtown Montreal, Studio 303 offers affordable renting rates. Its fully sprung hardwood floor and large windows make it a perfect space for creation. Here are the possible options:<\/p>\n<p><strong><a style=\"color: #08329e;\" href=\"https:\/\/www.studio303.ca\/en\/studio-rental\/independent-production\/\" target=\"_blank\" rel=\"noopener noreferrer\">Independent production<\/a><\/strong> For simple and intimate productions.<\/p>\n<p><strong><a style=\"color: #08329e;\" href=\"https:\/\/www.studio303.ca\/en\/studio-rental\/repetitions\/\" target=\"_blank\" rel=\"noopener noreferrer\">Rehearsal<\/a><\/strong> Suitable for floor work, the studio can welcome solo or group rehearsals.<\/p>\n<p><strong><a style=\"color: #08329e;\" href=\"http:\/\/www.studio303.ca\/en\/rentals\/audition-class\/\" target=\"_blank\" rel=\"noopener noreferrer\">Audition + Class<\/a><\/strong> Flexible and well located, the studio is perfect for this type of needs.<\/p>\n<p><strong><a style=\"color: #08329e;\" href=\"https:\/\/www.studio303.ca\/en\/studio-rental\/photoshoot-video\/\" target=\"_blank\" rel=\"noopener noreferrer\">Photoshoot + Video<\/a><\/strong> Take advantage of the beautiful light that this space offers.<\/p>\n<p><strong><a style=\"color: #08329e;\" href=\"https:\/\/www.studio303.ca\/en\/studio-rental\/others\/\" target=\"_blank\" rel=\"noopener noreferrer\">Others<\/a><\/strong> Studio 303 can accommodate meetings, weddings or film screenings.<span style=\"font-weight: 400;\">\u00a0<\/span><\/p>\n<p><iframe loading=\"lazy\" style=\"border: 0;\" src=\"https:\/\/www.google.com\/calendar\/embed?mode=WEEK&amp;height=600&amp;wkst=1&amp;bgcolor=%23FFFFFF&amp;src=818f2i12j2a4a5f118tse3th20%40group.calendar.google.com&amp;ctz=America\/Toronto\" width=\"750\" height=\"600\" frameborder=\"0\" scrolling=\"no\"><\/iframe><\/p>\n\n\n<figure class=\"wp-block-image size-large\"><img loading=\"lazy\" decoding=\"async\" width=\"1024\" height=\"1024\" src=\"https:\/\/www.studio303.ca\/wp-content\/uploads\/2024\/06\/IG-Squareateliers-23-24-et-re\u0301sidence-e\u0301te\u0301-1024x1024.jpg\" alt=\"\" class=\"wp-image-24986\" srcset=\"https:\/\/www.studio303.ca\/wp-content\/uploads\/2024\/06\/IG-Squareateliers-23-24-et-re\u0301sidence-e\u0301te\u0301-1024x1024.jpg 1024w, https:\/\/www.studio303.ca\/wp-content\/uploads\/2024\/06\/IG-Squareateliers-23-24-et-re\u0301sidence-e\u0301te\u0301-300x300.jpg 300w, https:\/\/www.studio303.ca\/wp-content\/uploads\/2024\/06\/IG-Squareateliers-23-24-et-re\u0301sidence-e\u0301te\u0301-150x150.jpg 150w, https:\/\/www.studio303.ca\/wp-content\/uploads\/2024\/06\/IG-Squareateliers-23-24-et-re\u0301sidence-e\u0301te\u0301-768x768.jpg 768w, https:\/\/www.studio303.ca\/wp-content\/uploads\/2024\/06\/IG-Squareateliers-23-24-et-re\u0301sidence-e\u0301te\u0301-100x100.jpg 100w, https:\/\/www.studio303.ca\/wp-content\/uploads\/2024\/06\/IG-Squareateliers-23-24-et-re\u0301sidence-e\u0301te\u0301-1056x1056.jpg 1056w, https:\/\/www.studio303.ca\/wp-content\/uploads\/2024\/06\/IG-Squareateliers-23-24-et-re\u0301sidence-e\u0301te\u0301.jpg 1080w\" sizes=\"auto, (max-width: 1024px) 100vw, 1024px\" \/><\/figure>\n","protected":false},"excerpt":{"rendered":"<p>Located in downtown Montreal, Studio 303 offers affordable renting rates. Its fully sprung hardwood floor and large windows make it a perfect space for creation. Here are the possible options: Independent production For simple and intimate productions. Rehearsal Suitable for floor work, the studio can welcome solo or group rehearsals. Audition + Class Flexible and [&hellip;]<\/p>\n","protected":false},"author":2,"featured_media":0,"parent":0,"menu_order":0,"comment_status":"closed","ping_status":"closed","template":"","meta":{"_acf_changed":false,"inline_featured_image":false,"_exactmetrics_skip_tracking":false,"_exactmetrics_sitenote_active":false,"_exactmetrics_sitenote_note":"","_exactmetrics_sitenote_category":0,"_themeisle_gutenberg_block_has_review":false,"footnotes":""},"class_list":["post-26516","page","type-page","status-publish","hentry"],"acf":[],"yoast_head":"<!-- This site is optimized with the Yoast SEO plugin v27.6 - https:\/\/yoast.com\/product\/yoast-seo-wordpress\/ -->\n<title>Rent the studio - Studio 303<\/title>\n<meta name=\"robots\" content=\"index, follow, max-snippet:-1, max-image-preview:large, max-video-preview:-1\" \/>\n<link rel=\"canonical\" href=\"https:\/\/www.studio303.ca\/en\/rent-the-studio\/\" \/>\n<meta property=\"og:locale\" content=\"en_US\" \/>\n<meta property=\"og:type\" content=\"article\" \/>\n<meta property=\"og:title\" content=\"Rent the studio - Studio 303\" \/>\n<meta property=\"og:description\" content=\"Located in downtown Montreal, Studio 303 offers affordable renting rates. Its fully sprung hardwood floor and large windows make it a perfect space for creation. Here are the possible options: Independent production For simple and intimate productions. Rehearsal Suitable for floor work, the studio can welcome solo or group rehearsals. Audition + Class Flexible and [&hellip;]\" \/>\n<meta property=\"og:url\" content=\"https:\/\/www.studio303.ca\/en\/rent-the-studio\/\" \/>\n<meta property=\"og:site_name\" content=\"Studio 303\" \/>\n<meta property=\"article:publisher\" content=\"https:\/\/www.facebook.com\/studio303.montreal\" \/>\n<meta property=\"article:modified_time\" content=\"2024-09-05T23:13:09+00:00\" \/>\n<meta name=\"twitter:card\" content=\"summary_large_image\" \/>\n<meta name=\"twitter:label1\" content=\"Est. reading time\" \/>\n\t<meta name=\"twitter:data1\" content=\"1 minute\" \/>\n<script type=\"application\/ld+json\" class=\"yoast-schema-graph\">{\"@context\":\"https:\\\/\\\/schema.org\",\"@graph\":[{\"@type\":\"WebPage\",\"@id\":\"https:\\\/\\\/www.studio303.ca\\\/en\\\/rent-the-studio\\\/\",\"url\":\"https:\\\/\\\/www.studio303.ca\\\/en\\\/rent-the-studio\\\/\",\"name\":\"Rent the studio - Studio 303\",\"isPartOf\":{\"@id\":\"https:\\\/\\\/www.studio303.ca\\\/#website\"},\"datePublished\":\"2024-08-08T20:10:15+00:00\",\"dateModified\":\"2024-09-05T23:13:09+00:00\",\"breadcrumb\":{\"@id\":\"https:\\\/\\\/www.studio303.ca\\\/en\\\/rent-the-studio\\\/#breadcrumb\"},\"inLanguage\":\"en-US\",\"potentialAction\":[{\"@type\":\"ReadAction\",\"target\":[\"https:\\\/\\\/www.studio303.ca\\\/en\\\/rent-the-studio\\\/\"]}]},{\"@type\":\"BreadcrumbList\",\"@id\":\"https:\\\/\\\/www.studio303.ca\\\/en\\\/rent-the-studio\\\/#breadcrumb\",\"itemListElement\":[{\"@type\":\"ListItem\",\"position\":1,\"name\":\"Home\",\"item\":\"https:\\\/\\\/www.studio303.ca\\\/en\\\/home\\\/\"},{\"@type\":\"ListItem\",\"position\":2,\"name\":\"Rent the studio\"}]},{\"@type\":\"WebSite\",\"@id\":\"https:\\\/\\\/www.studio303.ca\\\/#website\",\"url\":\"https:\\\/\\\/www.studio303.ca\\\/\",\"name\":\"Studio 303\",\"description\":\"Lieu de diffusion et de soutien pour la danse et l&#039;art indisciplin\u00e9 \u00e0 Montr\u00e9al.\",\"publisher\":{\"@id\":\"https:\\\/\\\/www.studio303.ca\\\/#organization\"},\"potentialAction\":[{\"@type\":\"SearchAction\",\"target\":{\"@type\":\"EntryPoint\",\"urlTemplate\":\"https:\\\/\\\/www.studio303.ca\\\/?s={search_term_string}\"},\"query-input\":{\"@type\":\"PropertyValueSpecification\",\"valueRequired\":true,\"valueName\":\"search_term_string\"}}],\"inLanguage\":\"en-US\"},{\"@type\":\"Organization\",\"@id\":\"https:\\\/\\\/www.studio303.ca\\\/#organization\",\"name\":\"Studio 303\",\"url\":\"https:\\\/\\\/www.studio303.ca\\\/\",\"logo\":{\"@type\":\"ImageObject\",\"inLanguage\":\"en-US\",\"@id\":\"https:\\\/\\\/www.studio303.ca\\\/#\\\/schema\\\/logo\\\/image\\\/\",\"url\":\"https:\\\/\\\/www.studio303.ca\\\/wp-content\\\/uploads\\\/2025\\\/08\\\/studio303-logo_black-c2586d.svg\",\"contentUrl\":\"https:\\\/\\\/www.studio303.ca\\\/wp-content\\\/uploads\\\/2025\\\/08\\\/studio303-logo_black-c2586d.svg\",\"caption\":\"Studio 303\"},\"image\":{\"@id\":\"https:\\\/\\\/www.studio303.ca\\\/#\\\/schema\\\/logo\\\/image\\\/\"},\"sameAs\":[\"https:\\\/\\\/www.facebook.com\\\/studio303.montreal\",\"http:\\\/\\\/instagram.com\\\/studio303\"]}]}<\/script>\n<!-- \/ Yoast SEO plugin. -->","yoast_head_json":{"title":"Rent the studio - Studio 303","robots":{"index":"index","follow":"follow","max-snippet":"max-snippet:-1","max-image-preview":"max-image-preview:large","max-video-preview":"max-video-preview:-1"},"canonical":"https:\/\/www.studio303.ca\/en\/rent-the-studio\/","og_locale":"en_US","og_type":"article","og_title":"Rent the studio - Studio 303","og_description":"Located in downtown Montreal, Studio 303 offers affordable renting rates. Its fully sprung hardwood floor and large windows make it a perfect space for creation. Here are the possible options: Independent production For simple and intimate productions. Rehearsal Suitable for floor work, the studio can welcome solo or group rehearsals. Audition + Class Flexible and [&hellip;]","og_url":"https:\/\/www.studio303.ca\/en\/rent-the-studio\/","og_site_name":"Studio 303","article_publisher":"https:\/\/www.facebook.com\/studio303.montreal","article_modified_time":"2024-09-05T23:13:09+00:00","twitter_card":"summary_large_image","twitter_misc":{"Est. reading time":"1 minute"},"schema":{"@context":"https:\/\/schema.org","@graph":[{"@type":"WebPage","@id":"https:\/\/www.studio303.ca\/en\/rent-the-studio\/","url":"https:\/\/www.studio303.ca\/en\/rent-the-studio\/","name":"Rent the studio - Studio 303","isPartOf":{"@id":"https:\/\/www.studio303.ca\/#website"},"datePublished":"2024-08-08T20:10:15+00:00","dateModified":"2024-09-05T23:13:09+00:00","breadcrumb":{"@id":"https:\/\/www.studio303.ca\/en\/rent-the-studio\/#breadcrumb"},"inLanguage":"en-US","potentialAction":[{"@type":"ReadAction","target":["https:\/\/www.studio303.ca\/en\/rent-the-studio\/"]}]},{"@type":"BreadcrumbList","@id":"https:\/\/www.studio303.ca\/en\/rent-the-studio\/#breadcrumb","itemListElement":[{"@type":"ListItem","position":1,"name":"Home","item":"https:\/\/www.studio303.ca\/en\/home\/"},{"@type":"ListItem","position":2,"name":"Rent the studio"}]},{"@type":"WebSite","@id":"https:\/\/www.studio303.ca\/#website","url":"https:\/\/www.studio303.ca\/","name":"Studio 303","description":"Lieu de diffusion et de soutien pour la danse et l&#039;art indisciplin\u00e9 \u00e0 Montr\u00e9al.","publisher":{"@id":"https:\/\/www.studio303.ca\/#organization"},"potentialAction":[{"@type":"SearchAction","target":{"@type":"EntryPoint","urlTemplate":"https:\/\/www.studio303.ca\/?s={search_term_string}"},"query-input":{"@type":"PropertyValueSpecification","valueRequired":true,"valueName":"search_term_string"}}],"inLanguage":"en-US"},{"@type":"Organization","@id":"https:\/\/www.studio303.ca\/#organization","name":"Studio 303","url":"https:\/\/www.studio303.ca\/","logo":{"@type":"ImageObject","inLanguage":"en-US","@id":"https:\/\/www.studio303.ca\/#\/schema\/logo\/image\/","url":"https:\/\/www.studio303.ca\/wp-content\/uploads\/2025\/08\/studio303-logo_black-c2586d.svg","contentUrl":"https:\/\/www.studio303.ca\/wp-content\/uploads\/2025\/08\/studio303-logo_black-c2586d.svg","caption":"Studio 303"},"image":{"@id":"https:\/\/www.studio303.ca\/#\/schema\/logo\/image\/"},"sameAs":["https:\/\/www.facebook.com\/studio303.montreal","http:\/\/instagram.com\/studio303"]}]}},"_links":{"self":[{"href":"https:\/\/www.studio303.ca\/en\/wp-json\/wp\/v2\/pages\/26516","targetHints":{"allow":["GET"]}}],"collection":[{"href":"https:\/\/www.studio303.ca\/en\/wp-json\/wp\/v2\/pages"}],"about":[{"href":"https:\/\/www.studio303.ca\/en\/wp-json\/wp\/v2\/types\/page"}],"author":[{"embeddable":true,"href":"https:\/\/www.studio303.ca\/en\/wp-json\/wp\/v2\/users\/2"}],"replies":[{"embeddable":true,"href":"https:\/\/www.studio303.ca\/en\/wp-json\/wp\/v2\/comments?post=26516"}],"version-history":[{"count":3,"href":"https:\/\/www.studio303.ca\/en\/wp-json\/wp\/v2\/pages\/26516\/revisions"}],"predecessor-version":[{"id":26531,"href":"https:\/\/www.studio303.ca\/en\/wp-json\/wp\/v2\/pages\/26516\/revisions\/26531"}],"wp:attachment":[{"href":"https:\/\/www.studio303.ca\/en\/wp-json\/wp\/v2\/media?parent=26516"}],"curies":[{"name":"wp","href":"https:\/\/api.w.org\/{rel}","templated":true}]}}