{"id":26599,"date":"2024-08-23T14:00:23","date_gmt":"2024-08-23T18:00:23","guid":{"rendered":"https:\/\/www.studio303.ca\/?page_id=26599"},"modified":"2024-12-13T19:28:00","modified_gmt":"2024-12-13T23:28:00","slug":"7skopez-krump-class","status":"publish","type":"page","link":"https:\/\/www.studio303.ca\/en\/7skopez-krump-class\/","title":{"rendered":"7Skopez \u2014 KRUMP CLASS"},"content":{"rendered":"\n<p><\/p>\n\n\n\n<p><strong>MONDAY: 7:15PM \u2013 9:15PM<\/strong><\/p>\n\n\n\n<!--more-->\n\n\n\n<p style=\"font-size:14px\"><strong>WINTER:<\/strong> <strong>January 6 to March 24<\/strong><br><strong>$25 per class<br>$200<\/strong> <strong>full session<\/strong><br><strong>Payment methods:<\/strong> Cash or E-transfer<br><strong>Registrations: <\/strong><a href=\"https:\/\/www.mtlkrumpalliance.com\/classes-7skopez\" target=\"_blank\" rel=\"noreferrer noopener\"><mark style=\"background-color:rgba(0, 0, 0, 0);color:#0a8316\" class=\"has-inline-color\">HERE<\/mark><\/a><br><strong>Bilingual teacher<\/strong><\/p>\n\n\n\n<p style=\"font-size:clamp(14px, 0.875rem + ((1vw - 3.2px) * 0.122), 15px);\"><\/p>\n\n\n\n<hr class=\"wp-block-separator has-css-opacity is-style-wide\"\/>\n\n\n\n<p class=\"has-text-color\" style=\"color:#0a8316;font-size:clamp(14px, 0.875rem + ((1vw - 3.2px) * 0.244), 16px);\"><strong>CATEGORY<\/strong><\/p>\n\n\n\n<div class=\"wp-block-buttons is-content-justification-left is-layout-flex wp-container-core-buttons-is-layout-bc8e6f51 wp-block-buttons-is-layout-flex\">\n<div class=\"wp-block-button has-custom-font-size is-style-outline has-small-font-size is-style-outline--1\"><a class=\"wp-block-button__link has-text-color wp-element-button\" href=\"\" title=\"Technique : traite d'une forme sp\u00e9cifique de danse ou de technique de performance. Ces cours sont g\u00e9n\u00e9ralement physiquement intenses.\n\" style=\"border-radius:0px;color:#361566\">Dance<\/a><\/div>\n\n\n\n<div class=\"wp-block-button has-custom-font-size is-style-outline has-small-font-size is-style-outline--2\"><a class=\"wp-block-button__link has-text-color wp-element-button\" href=\"\" title=\"Processus de cr\u00e9ation: met l'accent sur le d\u00e9veloppement d'une vision cr\u00e9ative personnelle, mise en pratique\" style=\"border-radius:0px;color:#8f051b\">Krump<\/a><\/div>\n<\/div>\n\n\n\n<p><\/p>\n\n\n\n<p class=\"has-text-color\" style=\"color:#0a8316;font-size:clamp(14px, 0.875rem + ((1vw - 3.2px) * 0.244), 16px);\"><strong>CONTENT<\/strong><\/p>\n\n\n\n<p style=\"font-size:clamp(14px, 0.875rem + ((1vw - 3.2px) * 0.122), 15px);\">The 7Skopez krump class is an all-levels class that dives deep into the essence and complexity of krump culture. Krump is an ever-evolving freestyle dance that requires a good understanding of our mind, body &amp; basic movements related to this dance.<br><br>Throughout this semester, we will explore the foundations of this dance through three important components:<br><br><strong>&#8211; The exercises (&#8220;drills&#8221;)<br>&#8211; The philosophy of the session and the &#8220;battles&#8221;<br>&#8211; Video analysis<\/strong><br><br>This is a 2 hour class where we seek, first and foremost, to give you an authentic Krump experience.<br><br><strong><em>Class structure<br><\/em><\/strong>\u2022 The class starts with a 15 min cardiovascular warm up<br>\u2022 Followed by 25 minutes of Krump-related strengthening exercises conditioning organized in a circuit format. Our goal is to strengthen the body and make people understand the importance of conditioning considering that krump is a very physical artform<br>\u2022 We then move on to the technical basics and drills. We believe that repetition is important and will lead to the learning of small combos and choreographic sequences<br>\u2022 We always finish the classes with a session to allow the participants to express themselves and interact with one another<\/p>\n\n\n\n<p class=\"has-black-color has-text-color has-link-color wp-elements-3657c6d9c5e83a7faafe3d0bcea4e588\" style=\"font-size:clamp(14px, 0.875rem + ((1vw - 3.2px) * 0.122), 15px);\"><strong><em>Other important information<\/em><\/strong><br>\u2022 Krump classes are loud so if you have hearing problems, please be aware<br>\u2022 Shoes are required<br>\u2022 Please bring your own bottle of water<br>\u2022 The registration form signature is mandatory if you want to participate<br>\u2022 The class requires heavy impact on the floor and sudden movements. People with injuries or physical disabilities that prevent them from doing this type of movement should discuss this with the teacher.<br><br><a href=\"https:\/\/www.mtlkrumpalliance.com\/\"><mark style=\"background-color:rgba(0, 0, 0, 0);color:#0a8316\" class=\"has-inline-color\">www.mtlkrumpalliance.com<\/mark><\/a><\/p>\n\n\n\n<p class=\"has-text-color\" style=\"color:#0a8316;font-size:clamp(14px, 0.875rem + ((1vw - 3.2px) * 0.244), 16px);\"><strong>BIOGRAPHY&nbsp;<\/strong><\/p>\n\n\n\n<p style=\"font-size:clamp(14px, 0.875rem + ((1vw - 3.2px) * 0.122), 15px);\"><strong>Vladimir \u201c7Starr\u201d Laurore<\/strong> is a pioneer of the Canadian Krump scene. In 2005, he co-founded the first Krump crew in Canada, Bzerk Squad and is mentor of the 7Skopez Fam. He has been a guest competitor\/judge on both national and international platforms in major competitions. 7Starr is also recognized for his community involvement, conferences and teaching in elementary &amp; high schools, universities &amp; community centers. Currently, he is president of the Montreal Krump Alliance, a non-profit organization that specializes in promoting Krump and organizes the Gutta Zone Fest. In 2017, he received the Victor Martyn Lynch Staunton award given by the Canada Council for the Arts for outstanding artistic achievement by Canadian artists. In 2018, the Black Theatre Workshop awarded him the Gloria Mitchell-Aleong Award. In 2020, he won \u201dPrix d\u00e9couverte\u201d awarded by Les prix de la danse de Montr\u00e9al and he also debuted his Krump music career.<\/p>\n\n\n\n<hr class=\"wp-block-separator has-css-opacity is-style-wide\"\/>\n\n\n\n<div class=\"wp-block-columns is-layout-flex wp-container-core-columns-is-layout-28f84493 wp-block-columns-is-layout-flex\" id=\"zeffy\">\n<div class=\"wp-block-column is-layout-flow wp-block-column-is-layout-flow\">\n<p style=\"font-size:clamp(14px, 0.875rem + ((1vw - 3.2px) * 0.122), 15px);\"><strong>These classes are open to all levels, and advance registration for one or more classes is recommended.<\/strong><\/p>\n\n\n\n<p style=\"font-size:clamp(14px, 0.875rem + ((1vw - 3.2px) * 0.122), 15px);\"><strong>Please contact your teacher for more information.<\/strong><\/p>\n<\/div>\n<\/div>\n","protected":false},"excerpt":{"rendered":"<p>MONDAY: 7:15PM \u2013 9:15PM<\/p>\n","protected":false},"author":2,"featured_media":16348,"parent":0,"menu_order":0,"comment_status":"closed","ping_status":"closed","template":"","meta":{"_acf_changed":false,"inline_featured_image":false,"_exactmetrics_skip_tracking":false,"_exactmetrics_sitenote_active":false,"_exactmetrics_sitenote_note":"","_exactmetrics_sitenote_category":0,"_themeisle_gutenberg_block_has_review":false,"footnotes":""},"class_list":["post-26599","page","type-page","status-publish","has-post-thumbnail","hentry"],"acf":[],"yoast_head":"<!-- This site is optimized with the Yoast SEO plugin v27.4 - https:\/\/yoast.com\/product\/yoast-seo-wordpress\/ -->\n<title>7Skopez \u2014 KRUMP CLASS - Studio 303<\/title>\n<meta name=\"robots\" content=\"index, follow, max-snippet:-1, max-image-preview:large, max-video-preview:-1\" \/>\n<link rel=\"canonical\" href=\"https:\/\/www.studio303.ca\/en\/7skopez-krump-class\/\" \/>\n<meta property=\"og:locale\" content=\"en_US\" \/>\n<meta property=\"og:type\" content=\"article\" \/>\n<meta property=\"og:title\" content=\"7Skopez \u2014 KRUMP CLASS - Studio 303\" \/>\n<meta property=\"og:description\" content=\"MONDAY: 7:15PM \u2013 9:15PM\" \/>\n<meta property=\"og:url\" content=\"https:\/\/www.studio303.ca\/en\/7skopez-krump-class\/\" \/>\n<meta property=\"og:site_name\" content=\"Studio 303\" \/>\n<meta property=\"article:publisher\" content=\"https:\/\/www.facebook.com\/studio303.montreal\" \/>\n<meta property=\"article:modified_time\" content=\"2024-12-13T23:28:00+00:00\" \/>\n<meta property=\"og:image\" content=\"https:\/\/www.studio303.ca\/wp-content\/uploads\/2022\/08\/7SKOPEZ640x480.jpg\" \/>\n\t<meta property=\"og:image:width\" content=\"640\" \/>\n\t<meta property=\"og:image:height\" content=\"480\" \/>\n\t<meta property=\"og:image:type\" content=\"image\/jpeg\" \/>\n<meta name=\"twitter:card\" content=\"summary_large_image\" \/>\n<meta name=\"twitter:label1\" content=\"Est. reading time\" \/>\n\t<meta name=\"twitter:data1\" content=\"3 minutes\" \/>\n<script type=\"application\/ld+json\" class=\"yoast-schema-graph\">{\"@context\":\"https:\\\/\\\/schema.org\",\"@graph\":[{\"@type\":\"WebPage\",\"@id\":\"https:\\\/\\\/www.studio303.ca\\\/en\\\/7skopez-krump-class\\\/\",\"url\":\"https:\\\/\\\/www.studio303.ca\\\/en\\\/7skopez-krump-class\\\/\",\"name\":\"7Skopez \u2014 KRUMP CLASS - Studio 303\",\"isPartOf\":{\"@id\":\"https:\\\/\\\/www.studio303.ca\\\/#website\"},\"primaryImageOfPage\":{\"@id\":\"https:\\\/\\\/www.studio303.ca\\\/en\\\/7skopez-krump-class\\\/#primaryimage\"},\"image\":{\"@id\":\"https:\\\/\\\/www.studio303.ca\\\/en\\\/7skopez-krump-class\\\/#primaryimage\"},\"thumbnailUrl\":\"https:\\\/\\\/www.studio303.ca\\\/wp-content\\\/uploads\\\/2022\\\/08\\\/7SKOPEZ640x480.jpg\",\"datePublished\":\"2024-08-23T18:00:23+00:00\",\"dateModified\":\"2024-12-13T23:28:00+00:00\",\"breadcrumb\":{\"@id\":\"https:\\\/\\\/www.studio303.ca\\\/en\\\/7skopez-krump-class\\\/#breadcrumb\"},\"inLanguage\":\"en-US\",\"potentialAction\":[{\"@type\":\"ReadAction\",\"target\":[\"https:\\\/\\\/www.studio303.ca\\\/en\\\/7skopez-krump-class\\\/\"]}]},{\"@type\":\"ImageObject\",\"inLanguage\":\"en-US\",\"@id\":\"https:\\\/\\\/www.studio303.ca\\\/en\\\/7skopez-krump-class\\\/#primaryimage\",\"url\":\"https:\\\/\\\/www.studio303.ca\\\/wp-content\\\/uploads\\\/2022\\\/08\\\/7SKOPEZ640x480.jpg\",\"contentUrl\":\"https:\\\/\\\/www.studio303.ca\\\/wp-content\\\/uploads\\\/2022\\\/08\\\/7SKOPEZ640x480.jpg\",\"width\":640,\"height\":480},{\"@type\":\"BreadcrumbList\",\"@id\":\"https:\\\/\\\/www.studio303.ca\\\/en\\\/7skopez-krump-class\\\/#breadcrumb\",\"itemListElement\":[{\"@type\":\"ListItem\",\"position\":1,\"name\":\"Home\",\"item\":\"https:\\\/\\\/www.studio303.ca\\\/en\\\/home\\\/\"},{\"@type\":\"ListItem\",\"position\":2,\"name\":\"7Skopez \u2014 KRUMP CLASS\"}]},{\"@type\":\"WebSite\",\"@id\":\"https:\\\/\\\/www.studio303.ca\\\/#website\",\"url\":\"https:\\\/\\\/www.studio303.ca\\\/\",\"name\":\"Studio 303\",\"description\":\"Lieu de diffusion et de soutien pour la danse et l&#039;art indisciplin\u00e9 \u00e0 Montr\u00e9al.\",\"publisher\":{\"@id\":\"https:\\\/\\\/www.studio303.ca\\\/#organization\"},\"potentialAction\":[{\"@type\":\"SearchAction\",\"target\":{\"@type\":\"EntryPoint\",\"urlTemplate\":\"https:\\\/\\\/www.studio303.ca\\\/?s={search_term_string}\"},\"query-input\":{\"@type\":\"PropertyValueSpecification\",\"valueRequired\":true,\"valueName\":\"search_term_string\"}}],\"inLanguage\":\"en-US\"},{\"@type\":\"Organization\",\"@id\":\"https:\\\/\\\/www.studio303.ca\\\/#organization\",\"name\":\"Studio 303\",\"url\":\"https:\\\/\\\/www.studio303.ca\\\/\",\"logo\":{\"@type\":\"ImageObject\",\"inLanguage\":\"en-US\",\"@id\":\"https:\\\/\\\/www.studio303.ca\\\/#\\\/schema\\\/logo\\\/image\\\/\",\"url\":\"https:\\\/\\\/www.studio303.ca\\\/wp-content\\\/uploads\\\/2025\\\/08\\\/studio303-logo_black-c2586d.svg\",\"contentUrl\":\"https:\\\/\\\/www.studio303.ca\\\/wp-content\\\/uploads\\\/2025\\\/08\\\/studio303-logo_black-c2586d.svg\",\"caption\":\"Studio 303\"},\"image\":{\"@id\":\"https:\\\/\\\/www.studio303.ca\\\/#\\\/schema\\\/logo\\\/image\\\/\"},\"sameAs\":[\"https:\\\/\\\/www.facebook.com\\\/studio303.montreal\",\"http:\\\/\\\/instagram.com\\\/studio303\"]}]}<\/script>\n<!-- \/ Yoast SEO plugin. -->","yoast_head_json":{"title":"7Skopez \u2014 KRUMP CLASS - Studio 303","robots":{"index":"index","follow":"follow","max-snippet":"max-snippet:-1","max-image-preview":"max-image-preview:large","max-video-preview":"max-video-preview:-1"},"canonical":"https:\/\/www.studio303.ca\/en\/7skopez-krump-class\/","og_locale":"en_US","og_type":"article","og_title":"7Skopez \u2014 KRUMP CLASS - Studio 303","og_description":"MONDAY: 7:15PM \u2013 9:15PM","og_url":"https:\/\/www.studio303.ca\/en\/7skopez-krump-class\/","og_site_name":"Studio 303","article_publisher":"https:\/\/www.facebook.com\/studio303.montreal","article_modified_time":"2024-12-13T23:28:00+00:00","og_image":[{"width":640,"height":480,"url":"https:\/\/www.studio303.ca\/wp-content\/uploads\/2022\/08\/7SKOPEZ640x480.jpg","type":"image\/jpeg"}],"twitter_card":"summary_large_image","twitter_misc":{"Est. reading time":"3 minutes"},"schema":{"@context":"https:\/\/schema.org","@graph":[{"@type":"WebPage","@id":"https:\/\/www.studio303.ca\/en\/7skopez-krump-class\/","url":"https:\/\/www.studio303.ca\/en\/7skopez-krump-class\/","name":"7Skopez \u2014 KRUMP CLASS - Studio 303","isPartOf":{"@id":"https:\/\/www.studio303.ca\/#website"},"primaryImageOfPage":{"@id":"https:\/\/www.studio303.ca\/en\/7skopez-krump-class\/#primaryimage"},"image":{"@id":"https:\/\/www.studio303.ca\/en\/7skopez-krump-class\/#primaryimage"},"thumbnailUrl":"https:\/\/www.studio303.ca\/wp-content\/uploads\/2022\/08\/7SKOPEZ640x480.jpg","datePublished":"2024-08-23T18:00:23+00:00","dateModified":"2024-12-13T23:28:00+00:00","breadcrumb":{"@id":"https:\/\/www.studio303.ca\/en\/7skopez-krump-class\/#breadcrumb"},"inLanguage":"en-US","potentialAction":[{"@type":"ReadAction","target":["https:\/\/www.studio303.ca\/en\/7skopez-krump-class\/"]}]},{"@type":"ImageObject","inLanguage":"en-US","@id":"https:\/\/www.studio303.ca\/en\/7skopez-krump-class\/#primaryimage","url":"https:\/\/www.studio303.ca\/wp-content\/uploads\/2022\/08\/7SKOPEZ640x480.jpg","contentUrl":"https:\/\/www.studio303.ca\/wp-content\/uploads\/2022\/08\/7SKOPEZ640x480.jpg","width":640,"height":480},{"@type":"BreadcrumbList","@id":"https:\/\/www.studio303.ca\/en\/7skopez-krump-class\/#breadcrumb","itemListElement":[{"@type":"ListItem","position":1,"name":"Home","item":"https:\/\/www.studio303.ca\/en\/home\/"},{"@type":"ListItem","position":2,"name":"7Skopez \u2014 KRUMP CLASS"}]},{"@type":"WebSite","@id":"https:\/\/www.studio303.ca\/#website","url":"https:\/\/www.studio303.ca\/","name":"Studio 303","description":"Lieu de diffusion et de soutien pour la danse et l&#039;art indisciplin\u00e9 \u00e0 Montr\u00e9al.","publisher":{"@id":"https:\/\/www.studio303.ca\/#organization"},"potentialAction":[{"@type":"SearchAction","target":{"@type":"EntryPoint","urlTemplate":"https:\/\/www.studio303.ca\/?s={search_term_string}"},"query-input":{"@type":"PropertyValueSpecification","valueRequired":true,"valueName":"search_term_string"}}],"inLanguage":"en-US"},{"@type":"Organization","@id":"https:\/\/www.studio303.ca\/#organization","name":"Studio 303","url":"https:\/\/www.studio303.ca\/","logo":{"@type":"ImageObject","inLanguage":"en-US","@id":"https:\/\/www.studio303.ca\/#\/schema\/logo\/image\/","url":"https:\/\/www.studio303.ca\/wp-content\/uploads\/2025\/08\/studio303-logo_black-c2586d.svg","contentUrl":"https:\/\/www.studio303.ca\/wp-content\/uploads\/2025\/08\/studio303-logo_black-c2586d.svg","caption":"Studio 303"},"image":{"@id":"https:\/\/www.studio303.ca\/#\/schema\/logo\/image\/"},"sameAs":["https:\/\/www.facebook.com\/studio303.montreal","http:\/\/instagram.com\/studio303"]}]}},"_links":{"self":[{"href":"https:\/\/www.studio303.ca\/en\/wp-json\/wp\/v2\/pages\/26599","targetHints":{"allow":["GET"]}}],"collection":[{"href":"https:\/\/www.studio303.ca\/en\/wp-json\/wp\/v2\/pages"}],"about":[{"href":"https:\/\/www.studio303.ca\/en\/wp-json\/wp\/v2\/types\/page"}],"author":[{"embeddable":true,"href":"https:\/\/www.studio303.ca\/en\/wp-json\/wp\/v2\/users\/2"}],"replies":[{"embeddable":true,"href":"https:\/\/www.studio303.ca\/en\/wp-json\/wp\/v2\/comments?post=26599"}],"version-history":[{"count":6,"href":"https:\/\/www.studio303.ca\/en\/wp-json\/wp\/v2\/pages\/26599\/revisions"}],"predecessor-version":[{"id":27544,"href":"https:\/\/www.studio303.ca\/en\/wp-json\/wp\/v2\/pages\/26599\/revisions\/27544"}],"wp:featuredmedia":[{"embeddable":true,"href":"https:\/\/www.studio303.ca\/en\/wp-json\/wp\/v2\/media\/16348"}],"wp:attachment":[{"href":"https:\/\/www.studio303.ca\/en\/wp-json\/wp\/v2\/media?parent=26599"}],"curies":[{"name":"wp","href":"https:\/\/api.w.org\/{rel}","templated":true}]}}