{"id":26628,"date":"2024-08-23T18:19:33","date_gmt":"2024-08-23T22:19:33","guid":{"rendered":"https:\/\/www.studio303.ca\/?page_id=26628"},"modified":"2024-12-13T19:39:20","modified_gmt":"2024-12-13T23:39:20","slug":"mathilde-richer-intuitive-movement","status":"publish","type":"page","link":"https:\/\/www.studio303.ca\/en\/mathilde-richer-intuitive-movement\/","title":{"rendered":"Mathilde Richer \u2014 Intuitive movement"},"content":{"rendered":"\n<p><\/p>\n\n\n\n<p style=\"font-size:clamp(14px, 0.875rem + ((1vw - 3.2px) * 0.244), 16px);\"><strong>TUESDAY: 6PM \u2013 7PM<\/strong><\/p>\n\n\n\n<!--more-->\n\n\n\n<p style=\"font-size:14px\"><strong>WINTER: January 7 to March 11, 2025<\/strong><br><strong>$25<\/strong> <strong>per class<br>$180 whole semester <\/strong>(10 classes)*<strong><br>$100 for a 5-class card<\/strong>*<br><strong>Payment methods:<\/strong> cash or e-Transfer at mathilde_richer@hotmail.com<br><strong>Registration:<\/strong> By email to mathilde_richer@hotmail.com or phone to 438-886-6795. It&#8217;s also possible to register in person. <br><strong>Class in French<\/strong><\/p>\n\n\n\n<p style=\"font-size:clamp(14px, 0.875rem + ((1vw - 3.2px) * 0.122), 15px);\">*All classes and class cards expire at the end of the session (March 11). They are not transferable to future sessions and payments are non-refundable. <\/p>\n\n\n\n<hr class=\"wp-block-separator has-css-opacity is-style-wide\"\/>\n\n\n\n<p class=\"has-text-color\" style=\"color:#0a8316;font-size:clamp(14px, 0.875rem + ((1vw - 3.2px) * 0.244), 16px);\"><strong>CATEGORY<\/strong><\/p>\n\n\n\n<div class=\"wp-block-buttons is-content-justification-left is-layout-flex wp-container-core-buttons-is-layout-bc8e6f51 wp-block-buttons-is-layout-flex\">\n<div class=\"wp-block-button has-custom-font-size is-style-outline has-small-font-size is-style-outline--1\"><a class=\"wp-block-button__link has-text-color wp-element-button\" href=\"\" title=\"Technique : traite d'une forme sp\u00e9cifique de danse ou de technique de performance. Ces cours sont g\u00e9n\u00e9ralement physiquement intenses.\n\" style=\"border-radius:0px;color:#361566\">Dance<\/a><\/div>\n<\/div>\n\n\n\n<p><\/p>\n\n\n\n<p class=\"has-text-color\" style=\"color:#0a8316;font-size:clamp(14px, 0.875rem + ((1vw - 3.2px) * 0.244), 16px);\"><strong>CONTENT<\/strong><\/p>\n\n\n\n<p style=\"font-size:clamp(14px, 0.875rem + ((1vw - 3.2px) * 0.122), 15px);\">This intuitive movement workshop explores body awareness, fluidity and expressiveness. Participants are invited to develop their own body language through guided exercises. Inspired by Gaga dance and meditation, this workshop aims to create a space where everyone can blossom, explore movement and discover their own artistic language. Together, we&#8217;ll let ourselves be carried away by the music, free our minds and explore the infinite potential of our bodily expression.<\/p>\n\n\n\n<p class=\"has-text-color\" style=\"color:#0a8316;font-size:clamp(14px, 0.875rem + ((1vw - 3.2px) * 0.244), 16px);\"><strong>ACCESSIBILITY<\/strong><\/p>\n\n\n\n<p style=\"font-size:clamp(14px, 0.875rem + ((1vw - 3.2px) * 0.122), 15px);\">No previous dance experience is required for this Intuitive Movement class.<\/p>\n\n\n\n<p style=\"font-size:clamp(14px, 0.875rem + ((1vw - 3.2px) * 0.122), 15px);\">We aim to explore different body\/emotional states through guided exercises, imagination and memory. Playing with intentions, speeds and intensities, we&#8217;ll discover different ways of moving. We&#8217;ll learn a few technical elements as well as short choreographic sequences to provide a framework for everyone to break out and explore their artistic potential. A few exercises will explore touch between partners in a way that&#8217;s comfortable for everyone. In the case of people with physical limitations, the teacher offers alternatives to the proposed exercises so that everyone feels at ease. At times, music will be central to the class, and we may even dance in a dark atmosphere. Finally, this class encourages improvisation, sharing and expression.<\/p>\n\n\n\n<p class=\"has-text-color\" style=\"color:#0a8316;font-size:clamp(14px, 0.875rem + ((1vw - 3.2px) * 0.244), 16px);\"><strong>BIOGRAPHY&nbsp;<\/strong><\/p>\n\n\n\n<p style=\"font-size:clamp(14px, 0.875rem + ((1vw - 3.2px) * 0.122), 15px);\"><strong>Mathilde <\/strong>is a passionate dancer and movement creator who has trained in a variety of dance styles: contemporary, commercial dance, hip hop, jazz, house, popping and more. She has developed a multidisciplinary practice that merges various styles and intensities. Mathilde stands out for her ability to communicate emotion through movement and expressivity. Her professional experience includes music videos, commercials, shows, theater, competitions, performance art and teaching. She also teaches intuitive movement classes in various organizations with different clienteles. Her very human approach aims to democratize the art of dance and to engage fully in artistic expression by connecting with the emotions.&nbsp;<\/p>\n\n\n\n<hr class=\"wp-block-separator has-css-opacity is-style-wide\"\/>\n\n\n\n<div class=\"wp-block-columns is-layout-flex wp-container-core-columns-is-layout-28f84493 wp-block-columns-is-layout-flex\" id=\"zeffy\">\n<div class=\"wp-block-column is-layout-flow wp-block-column-is-layout-flow\">\n<p style=\"font-size:clamp(14px, 0.875rem + ((1vw - 3.2px) * 0.122), 15px);\"><strong>These classes are open to all levels, and advance registration for one or more classes is recommended.<\/strong><\/p>\n\n\n\n<p style=\"font-size:clamp(14px, 0.875rem + ((1vw - 3.2px) * 0.122), 15px);\"><strong>Please contact your teacher for more information.<\/strong><\/p>\n<\/div>\n<\/div>\n","protected":false},"excerpt":{"rendered":"<p>TUESDAY: 6PM \u2013 7PM<\/p>\n","protected":false},"author":2,"featured_media":26629,"parent":0,"menu_order":0,"comment_status":"closed","ping_status":"closed","template":"","meta":{"_acf_changed":false,"inline_featured_image":false,"_exactmetrics_skip_tracking":false,"_exactmetrics_sitenote_active":false,"_exactmetrics_sitenote_note":"","_exactmetrics_sitenote_category":0,"_themeisle_gutenberg_block_has_review":false,"footnotes":""},"class_list":["post-26628","page","type-page","status-publish","has-post-thumbnail","hentry"],"acf":[],"yoast_head":"<!-- This site is optimized with the Yoast SEO plugin v27.4 - https:\/\/yoast.com\/product\/yoast-seo-wordpress\/ -->\n<title>Mathilde Richer \u2014 Intuitive movement - Studio 303<\/title>\n<meta name=\"robots\" content=\"index, follow, max-snippet:-1, max-image-preview:large, max-video-preview:-1\" \/>\n<link rel=\"canonical\" href=\"https:\/\/www.studio303.ca\/en\/mathilde-richer-intuitive-movement\/\" \/>\n<meta property=\"og:locale\" content=\"en_US\" \/>\n<meta property=\"og:type\" content=\"article\" \/>\n<meta property=\"og:title\" content=\"Mathilde Richer \u2014 Intuitive movement - Studio 303\" \/>\n<meta property=\"og:description\" content=\"TUESDAY: 6PM \u2013 7PM\" \/>\n<meta property=\"og:url\" content=\"https:\/\/www.studio303.ca\/en\/mathilde-richer-intuitive-movement\/\" \/>\n<meta property=\"og:site_name\" content=\"Studio 303\" \/>\n<meta property=\"article:publisher\" content=\"https:\/\/www.facebook.com\/studio303.montreal\" \/>\n<meta property=\"article:modified_time\" content=\"2024-12-13T23:39:20+00:00\" \/>\n<meta property=\"og:image\" content=\"https:\/\/www.studio303.ca\/wp-content\/uploads\/2024\/08\/Delfie-Torres-e1724459104428.png\" \/>\n\t<meta property=\"og:image:width\" content=\"1539\" \/>\n\t<meta property=\"og:image:height\" content=\"1150\" \/>\n\t<meta property=\"og:image:type\" content=\"image\/png\" \/>\n<meta name=\"twitter:card\" content=\"summary_large_image\" \/>\n<meta name=\"twitter:label1\" content=\"Est. reading time\" \/>\n\t<meta name=\"twitter:data1\" content=\"2 minutes\" \/>\n<script type=\"application\/ld+json\" class=\"yoast-schema-graph\">{\"@context\":\"https:\\\/\\\/schema.org\",\"@graph\":[{\"@type\":\"WebPage\",\"@id\":\"https:\\\/\\\/www.studio303.ca\\\/en\\\/mathilde-richer-intuitive-movement\\\/\",\"url\":\"https:\\\/\\\/www.studio303.ca\\\/en\\\/mathilde-richer-intuitive-movement\\\/\",\"name\":\"Mathilde Richer \u2014 Intuitive movement - Studio 303\",\"isPartOf\":{\"@id\":\"https:\\\/\\\/www.studio303.ca\\\/#website\"},\"primaryImageOfPage\":{\"@id\":\"https:\\\/\\\/www.studio303.ca\\\/en\\\/mathilde-richer-intuitive-movement\\\/#primaryimage\"},\"image\":{\"@id\":\"https:\\\/\\\/www.studio303.ca\\\/en\\\/mathilde-richer-intuitive-movement\\\/#primaryimage\"},\"thumbnailUrl\":\"https:\\\/\\\/www.studio303.ca\\\/wp-content\\\/uploads\\\/2024\\\/08\\\/Delfie-Torres-e1724459104428.png\",\"datePublished\":\"2024-08-23T22:19:33+00:00\",\"dateModified\":\"2024-12-13T23:39:20+00:00\",\"breadcrumb\":{\"@id\":\"https:\\\/\\\/www.studio303.ca\\\/en\\\/mathilde-richer-intuitive-movement\\\/#breadcrumb\"},\"inLanguage\":\"en-US\",\"potentialAction\":[{\"@type\":\"ReadAction\",\"target\":[\"https:\\\/\\\/www.studio303.ca\\\/en\\\/mathilde-richer-intuitive-movement\\\/\"]}]},{\"@type\":\"ImageObject\",\"inLanguage\":\"en-US\",\"@id\":\"https:\\\/\\\/www.studio303.ca\\\/en\\\/mathilde-richer-intuitive-movement\\\/#primaryimage\",\"url\":\"https:\\\/\\\/www.studio303.ca\\\/wp-content\\\/uploads\\\/2024\\\/08\\\/Delfie-Torres-e1724459104428.png\",\"contentUrl\":\"https:\\\/\\\/www.studio303.ca\\\/wp-content\\\/uploads\\\/2024\\\/08\\\/Delfie-Torres-e1724459104428.png\",\"width\":1539,\"height\":1150,\"caption\":\"\u00a9 Delfi Torres\"},{\"@type\":\"BreadcrumbList\",\"@id\":\"https:\\\/\\\/www.studio303.ca\\\/en\\\/mathilde-richer-intuitive-movement\\\/#breadcrumb\",\"itemListElement\":[{\"@type\":\"ListItem\",\"position\":1,\"name\":\"Home\",\"item\":\"https:\\\/\\\/www.studio303.ca\\\/en\\\/home\\\/\"},{\"@type\":\"ListItem\",\"position\":2,\"name\":\"Mathilde Richer \u2014 Intuitive movement\"}]},{\"@type\":\"WebSite\",\"@id\":\"https:\\\/\\\/www.studio303.ca\\\/#website\",\"url\":\"https:\\\/\\\/www.studio303.ca\\\/\",\"name\":\"Studio 303\",\"description\":\"Lieu de diffusion et de soutien pour la danse et l&#039;art indisciplin\u00e9 \u00e0 Montr\u00e9al.\",\"publisher\":{\"@id\":\"https:\\\/\\\/www.studio303.ca\\\/#organization\"},\"potentialAction\":[{\"@type\":\"SearchAction\",\"target\":{\"@type\":\"EntryPoint\",\"urlTemplate\":\"https:\\\/\\\/www.studio303.ca\\\/?s={search_term_string}\"},\"query-input\":{\"@type\":\"PropertyValueSpecification\",\"valueRequired\":true,\"valueName\":\"search_term_string\"}}],\"inLanguage\":\"en-US\"},{\"@type\":\"Organization\",\"@id\":\"https:\\\/\\\/www.studio303.ca\\\/#organization\",\"name\":\"Studio 303\",\"url\":\"https:\\\/\\\/www.studio303.ca\\\/\",\"logo\":{\"@type\":\"ImageObject\",\"inLanguage\":\"en-US\",\"@id\":\"https:\\\/\\\/www.studio303.ca\\\/#\\\/schema\\\/logo\\\/image\\\/\",\"url\":\"https:\\\/\\\/www.studio303.ca\\\/wp-content\\\/uploads\\\/2025\\\/08\\\/studio303-logo_black-c2586d.svg\",\"contentUrl\":\"https:\\\/\\\/www.studio303.ca\\\/wp-content\\\/uploads\\\/2025\\\/08\\\/studio303-logo_black-c2586d.svg\",\"caption\":\"Studio 303\"},\"image\":{\"@id\":\"https:\\\/\\\/www.studio303.ca\\\/#\\\/schema\\\/logo\\\/image\\\/\"},\"sameAs\":[\"https:\\\/\\\/www.facebook.com\\\/studio303.montreal\",\"http:\\\/\\\/instagram.com\\\/studio303\"]}]}<\/script>\n<!-- \/ Yoast SEO plugin. -->","yoast_head_json":{"title":"Mathilde Richer \u2014 Intuitive movement - Studio 303","robots":{"index":"index","follow":"follow","max-snippet":"max-snippet:-1","max-image-preview":"max-image-preview:large","max-video-preview":"max-video-preview:-1"},"canonical":"https:\/\/www.studio303.ca\/en\/mathilde-richer-intuitive-movement\/","og_locale":"en_US","og_type":"article","og_title":"Mathilde Richer \u2014 Intuitive movement - Studio 303","og_description":"TUESDAY: 6PM \u2013 7PM","og_url":"https:\/\/www.studio303.ca\/en\/mathilde-richer-intuitive-movement\/","og_site_name":"Studio 303","article_publisher":"https:\/\/www.facebook.com\/studio303.montreal","article_modified_time":"2024-12-13T23:39:20+00:00","og_image":[{"width":1539,"height":1150,"url":"https:\/\/www.studio303.ca\/wp-content\/uploads\/2024\/08\/Delfie-Torres-e1724459104428.png","type":"image\/png"}],"twitter_card":"summary_large_image","twitter_misc":{"Est. reading time":"2 minutes"},"schema":{"@context":"https:\/\/schema.org","@graph":[{"@type":"WebPage","@id":"https:\/\/www.studio303.ca\/en\/mathilde-richer-intuitive-movement\/","url":"https:\/\/www.studio303.ca\/en\/mathilde-richer-intuitive-movement\/","name":"Mathilde Richer \u2014 Intuitive movement - Studio 303","isPartOf":{"@id":"https:\/\/www.studio303.ca\/#website"},"primaryImageOfPage":{"@id":"https:\/\/www.studio303.ca\/en\/mathilde-richer-intuitive-movement\/#primaryimage"},"image":{"@id":"https:\/\/www.studio303.ca\/en\/mathilde-richer-intuitive-movement\/#primaryimage"},"thumbnailUrl":"https:\/\/www.studio303.ca\/wp-content\/uploads\/2024\/08\/Delfie-Torres-e1724459104428.png","datePublished":"2024-08-23T22:19:33+00:00","dateModified":"2024-12-13T23:39:20+00:00","breadcrumb":{"@id":"https:\/\/www.studio303.ca\/en\/mathilde-richer-intuitive-movement\/#breadcrumb"},"inLanguage":"en-US","potentialAction":[{"@type":"ReadAction","target":["https:\/\/www.studio303.ca\/en\/mathilde-richer-intuitive-movement\/"]}]},{"@type":"ImageObject","inLanguage":"en-US","@id":"https:\/\/www.studio303.ca\/en\/mathilde-richer-intuitive-movement\/#primaryimage","url":"https:\/\/www.studio303.ca\/wp-content\/uploads\/2024\/08\/Delfie-Torres-e1724459104428.png","contentUrl":"https:\/\/www.studio303.ca\/wp-content\/uploads\/2024\/08\/Delfie-Torres-e1724459104428.png","width":1539,"height":1150,"caption":"\u00a9 Delfi Torres"},{"@type":"BreadcrumbList","@id":"https:\/\/www.studio303.ca\/en\/mathilde-richer-intuitive-movement\/#breadcrumb","itemListElement":[{"@type":"ListItem","position":1,"name":"Home","item":"https:\/\/www.studio303.ca\/en\/home\/"},{"@type":"ListItem","position":2,"name":"Mathilde Richer \u2014 Intuitive movement"}]},{"@type":"WebSite","@id":"https:\/\/www.studio303.ca\/#website","url":"https:\/\/www.studio303.ca\/","name":"Studio 303","description":"Lieu de diffusion et de soutien pour la danse et l&#039;art indisciplin\u00e9 \u00e0 Montr\u00e9al.","publisher":{"@id":"https:\/\/www.studio303.ca\/#organization"},"potentialAction":[{"@type":"SearchAction","target":{"@type":"EntryPoint","urlTemplate":"https:\/\/www.studio303.ca\/?s={search_term_string}"},"query-input":{"@type":"PropertyValueSpecification","valueRequired":true,"valueName":"search_term_string"}}],"inLanguage":"en-US"},{"@type":"Organization","@id":"https:\/\/www.studio303.ca\/#organization","name":"Studio 303","url":"https:\/\/www.studio303.ca\/","logo":{"@type":"ImageObject","inLanguage":"en-US","@id":"https:\/\/www.studio303.ca\/#\/schema\/logo\/image\/","url":"https:\/\/www.studio303.ca\/wp-content\/uploads\/2025\/08\/studio303-logo_black-c2586d.svg","contentUrl":"https:\/\/www.studio303.ca\/wp-content\/uploads\/2025\/08\/studio303-logo_black-c2586d.svg","caption":"Studio 303"},"image":{"@id":"https:\/\/www.studio303.ca\/#\/schema\/logo\/image\/"},"sameAs":["https:\/\/www.facebook.com\/studio303.montreal","http:\/\/instagram.com\/studio303"]}]}},"_links":{"self":[{"href":"https:\/\/www.studio303.ca\/en\/wp-json\/wp\/v2\/pages\/26628","targetHints":{"allow":["GET"]}}],"collection":[{"href":"https:\/\/www.studio303.ca\/en\/wp-json\/wp\/v2\/pages"}],"about":[{"href":"https:\/\/www.studio303.ca\/en\/wp-json\/wp\/v2\/types\/page"}],"author":[{"embeddable":true,"href":"https:\/\/www.studio303.ca\/en\/wp-json\/wp\/v2\/users\/2"}],"replies":[{"embeddable":true,"href":"https:\/\/www.studio303.ca\/en\/wp-json\/wp\/v2\/comments?post=26628"}],"version-history":[{"count":7,"href":"https:\/\/www.studio303.ca\/en\/wp-json\/wp\/v2\/pages\/26628\/revisions"}],"predecessor-version":[{"id":27160,"href":"https:\/\/www.studio303.ca\/en\/wp-json\/wp\/v2\/pages\/26628\/revisions\/27160"}],"wp:featuredmedia":[{"embeddable":true,"href":"https:\/\/www.studio303.ca\/en\/wp-json\/wp\/v2\/media\/26629"}],"wp:attachment":[{"href":"https:\/\/www.studio303.ca\/en\/wp-json\/wp\/v2\/media?parent=26628"}],"curies":[{"name":"wp","href":"https:\/\/api.w.org\/{rel}","templated":true}]}}