{"id":27551,"date":"2025-03-13T16:10:59","date_gmt":"2025-03-13T20:10:59","guid":{"rendered":"https:\/\/www.studio303.ca\/?page_id=27551"},"modified":"2025-03-13T16:11:00","modified_gmt":"2025-03-13T20:11:00","slug":"agent-lynx-break-2","status":"publish","type":"page","link":"https:\/\/www.studio303.ca\/en\/agent-lynx-break-2\/","title":{"rendered":"Agent Lynx \u2014 BREAK"},"content":{"rendered":"\n<p style=\"font-size:clamp(14px, 0.875rem + ((1vw - 3.2px) * 0.244), 16px);\"><strong>TUESDAY: 7:10PM \u2013 8:40PM<\/strong><\/p>\n\n\n\n<!--more-->\n\n\n\n<p style=\"font-size:14px\"><strong>SPRING:<\/strong> <strong>April 1st 7 to June 17<\/strong> <br><strong>$25 per class <\/strong><br><strong>$115 mini session <\/strong>(5 classes, can be non-consecutive) <br><strong>$250 full session<\/strong> (12 classes) <br><strong>Payment by e-transfer: <\/strong><a href=\"mailto:k8alsterlund@gmail.com\"><mark style=\"background-color:rgba(0, 0, 0, 0);color:#0a8316\" class=\"has-inline-color\">k8alsterlund@gmail.com<\/mark><\/a> ou 514-804-8643<br><strong>Class in English (may change depending on group) \/\/ Bilingual teacher<\/strong><br><br><strong>TO REGISTER > <\/strong><a href=\"mailto:k8alsterlund@gmail.com\"><mark style=\"background-color:rgba(0, 0, 0, 0);color:#0a8316\" class=\"has-inline-color\">k8alsterlund@gmail.com<\/mark><\/a> or 514-804-8643<\/p>\n\n\n\n<p style=\"font-size:clamp(14px, 0.875rem + ((1vw - 3.2px) * 0.122), 15px);\"><\/p>\n\n\n\n<hr class=\"wp-block-separator has-css-opacity is-style-wide\"\/>\n\n\n\n<p class=\"has-text-color\" style=\"color:#0a8316;font-size:clamp(14px, 0.875rem + ((1vw - 3.2px) * 0.244), 16px);\"><strong>CATEGORY<\/strong><\/p>\n\n\n\n<div class=\"wp-block-buttons is-content-justification-left is-layout-flex wp-container-core-buttons-is-layout-bc8e6f51 wp-block-buttons-is-layout-flex\">\n<div class=\"wp-block-button has-custom-font-size is-style-outline has-small-font-size is-style-outline--1\"><a class=\"wp-block-button__link has-text-color wp-element-button\" href=\"\" title=\"Technique : traite d'une forme sp\u00e9cifique de danse ou de technique de performance. Ces cours sont g\u00e9n\u00e9ralement physiquement intenses.\n\" style=\"border-radius:0px;color:#361566\">Dance<\/a><\/div>\n\n\n\n<div class=\"wp-block-button has-custom-font-size is-style-outline has-small-font-size is-style-outline--2\"><a class=\"wp-block-button__link has-text-color wp-element-button\" href=\"\" title=\"Processus de cr\u00e9ation: met l'accent sur le d\u00e9veloppement d'une vision cr\u00e9ative personnelle, mise en pratique\" style=\"border-radius:0px;color:#8f051b\">Break<\/a><\/div>\n<\/div>\n\n\n\n<p><\/p>\n\n\n\n<p class=\"has-text-color\" style=\"color:#0a8316;font-size:clamp(14px, 0.875rem + ((1vw - 3.2px) * 0.244), 16px);\"><strong>CONTENT<\/strong><\/p>\n\n\n\n<p style=\"font-size:clamp(14px, 0.875rem + ((1vw - 3.2px) * 0.122), 15px);\">This class will be a mix of the foundational movements of B-boy\/B-girl technique (Breakdance or Breaking) combined with creative concepts. The class will involve movement drills, short movement sequences, personal integration of concepts and improvisation. This is a great class for anyone with a movement background in any style of dance, sports, circus, martial arts, for B-boys and B-girls who want to refine their skills or who have already taken classes with Lynx or for total beginners.&nbsp; This is a multi-level class that will cater to all levels of students, from beginners to advanced. <a href=\"https:\/\/www.youtube.com\/watch?v=Ed3SnbjB6Hw&amp;feature=youtu.be\"><mark style=\"background-color:rgba(0, 0, 0, 0);color:#0a8316\" class=\"has-inline-color\">Break workshop video &gt;<\/mark><\/a><\/p>\n\n\n\n<p class=\"has-text-color\" style=\"color:#0a8316;font-size:clamp(14px, 0.875rem + ((1vw - 3.2px) * 0.244), 16px);\"><strong>ACCESSIBILITY<\/strong><\/p>\n\n\n\n<p style=\"font-size:clamp(14px, 0.875rem + ((1vw - 3.2px) * 0.122), 15px);\">This class involves: rolling, jumping, spinning, squatting, sliding on knees, changing levels from standing to ground, going upside down and balancing on parts of the body like the head, shoulder, hand &amp; forearm.<\/p>\n\n\n\n<p class=\"has-text-color\" style=\"color:#0a8316;font-size:clamp(14px, 0.875rem + ((1vw - 3.2px) * 0.244), 16px);\"><strong>BIOGRAPHY&nbsp;<\/strong><\/p>\n\n\n\n<p style=\"font-size:clamp(14px, 0.875rem + ((1vw - 3.2px) * 0.122), 15px);\"><strong>Lynx<\/strong> is a renowned B-girl who has left her mark on the Canadian Street Dance scene through many aspects of the culture such as, teaching, competing, performing, choreographing, organizing &amp; hosting events, judging competitions, speaking at conferences and working extensively with youth. A dance teacher since 2002, Lynx created a curriculum to teach b-boy\/b-girl technique to university-level dance students within the Dance Department at UQAM and passionately continues to teach hundreds of students of all ages and abilities in the Montreal area and across Canada.<\/p>\n\n\n\n<hr class=\"wp-block-separator has-css-opacity is-style-wide\"\/>\n\n\n\n<div class=\"wp-block-columns is-layout-flex wp-container-core-columns-is-layout-28f84493 wp-block-columns-is-layout-flex\" id=\"zeffy\">\n<div class=\"wp-block-column is-layout-flow wp-block-column-is-layout-flow\">\n<p style=\"font-size:clamp(14px, 0.875rem + ((1vw - 3.2px) * 0.122), 15px);\"><strong>These classes are open to all levels, and advance registration for one or more classes is recommended.<\/strong><\/p>\n\n\n\n<p style=\"font-size:clamp(14px, 0.875rem + ((1vw - 3.2px) * 0.122), 15px);\"><strong>Please contact your teacher for more information.<\/strong><\/p>\n<\/div>\n<\/div>\n","protected":false},"excerpt":{"rendered":"<p>TUESDAY: 7:10PM \u2013 8:40PM<\/p>\n","protected":false},"author":2,"featured_media":27529,"parent":0,"menu_order":0,"comment_status":"closed","ping_status":"closed","template":"","meta":{"_acf_changed":false,"inline_featured_image":false,"_exactmetrics_skip_tracking":false,"_exactmetrics_sitenote_active":false,"_exactmetrics_sitenote_note":"","_exactmetrics_sitenote_category":0,"_themeisle_gutenberg_block_has_review":false,"footnotes":""},"class_list":["post-27551","page","type-page","status-publish","has-post-thumbnail","hentry"],"acf":[],"yoast_head":"<!-- This site is optimized with the Yoast SEO plugin v27.5 - https:\/\/yoast.com\/product\/yoast-seo-wordpress\/ -->\n<title>Agent Lynx \u2014 BREAK - Studio 303<\/title>\n<meta name=\"robots\" content=\"index, follow, max-snippet:-1, max-image-preview:large, max-video-preview:-1\" \/>\n<link rel=\"canonical\" href=\"https:\/\/www.studio303.ca\/en\/agent-lynx-break-2\/\" \/>\n<meta property=\"og:locale\" content=\"en_US\" \/>\n<meta property=\"og:type\" content=\"article\" \/>\n<meta property=\"og:title\" content=\"Agent Lynx \u2014 BREAK - Studio 303\" \/>\n<meta property=\"og:description\" content=\"TUESDAY: 7:10PM \u2013 8:40PM\" \/>\n<meta property=\"og:url\" content=\"https:\/\/www.studio303.ca\/en\/agent-lynx-break-2\/\" \/>\n<meta property=\"og:site_name\" content=\"Studio 303\" \/>\n<meta property=\"article:publisher\" content=\"https:\/\/www.facebook.com\/studio303.montreal\" \/>\n<meta property=\"article:modified_time\" content=\"2025-03-13T20:11:00+00:00\" \/>\n<meta property=\"og:image\" content=\"https:\/\/www.studio303.ca\/wp-content\/uploads\/2025\/03\/NEW-Agent-Lynx.png\" \/>\n\t<meta property=\"og:image:width\" content=\"640\" \/>\n\t<meta property=\"og:image:height\" content=\"480\" \/>\n\t<meta property=\"og:image:type\" content=\"image\/png\" \/>\n<meta name=\"twitter:card\" content=\"summary_large_image\" \/>\n<meta name=\"twitter:label1\" content=\"Est. reading time\" \/>\n\t<meta name=\"twitter:data1\" content=\"2 minutes\" \/>\n<script type=\"application\/ld+json\" class=\"yoast-schema-graph\">{\"@context\":\"https:\\\/\\\/schema.org\",\"@graph\":[{\"@type\":\"WebPage\",\"@id\":\"https:\\\/\\\/www.studio303.ca\\\/en\\\/agent-lynx-break-2\\\/\",\"url\":\"https:\\\/\\\/www.studio303.ca\\\/en\\\/agent-lynx-break-2\\\/\",\"name\":\"Agent Lynx \u2014 BREAK - Studio 303\",\"isPartOf\":{\"@id\":\"https:\\\/\\\/www.studio303.ca\\\/#website\"},\"primaryImageOfPage\":{\"@id\":\"https:\\\/\\\/www.studio303.ca\\\/en\\\/agent-lynx-break-2\\\/#primaryimage\"},\"image\":{\"@id\":\"https:\\\/\\\/www.studio303.ca\\\/en\\\/agent-lynx-break-2\\\/#primaryimage\"},\"thumbnailUrl\":\"https:\\\/\\\/www.studio303.ca\\\/wp-content\\\/uploads\\\/2025\\\/03\\\/NEW-Agent-Lynx.png\",\"datePublished\":\"2025-03-13T20:10:59+00:00\",\"dateModified\":\"2025-03-13T20:11:00+00:00\",\"breadcrumb\":{\"@id\":\"https:\\\/\\\/www.studio303.ca\\\/en\\\/agent-lynx-break-2\\\/#breadcrumb\"},\"inLanguage\":\"en-US\",\"potentialAction\":[{\"@type\":\"ReadAction\",\"target\":[\"https:\\\/\\\/www.studio303.ca\\\/en\\\/agent-lynx-break-2\\\/\"]}]},{\"@type\":\"ImageObject\",\"inLanguage\":\"en-US\",\"@id\":\"https:\\\/\\\/www.studio303.ca\\\/en\\\/agent-lynx-break-2\\\/#primaryimage\",\"url\":\"https:\\\/\\\/www.studio303.ca\\\/wp-content\\\/uploads\\\/2025\\\/03\\\/NEW-Agent-Lynx.png\",\"contentUrl\":\"https:\\\/\\\/www.studio303.ca\\\/wp-content\\\/uploads\\\/2025\\\/03\\\/NEW-Agent-Lynx.png\",\"width\":640,\"height\":480},{\"@type\":\"BreadcrumbList\",\"@id\":\"https:\\\/\\\/www.studio303.ca\\\/en\\\/agent-lynx-break-2\\\/#breadcrumb\",\"itemListElement\":[{\"@type\":\"ListItem\",\"position\":1,\"name\":\"Home\",\"item\":\"https:\\\/\\\/www.studio303.ca\\\/en\\\/home\\\/\"},{\"@type\":\"ListItem\",\"position\":2,\"name\":\"Agent Lynx \u2014 BREAK\"}]},{\"@type\":\"WebSite\",\"@id\":\"https:\\\/\\\/www.studio303.ca\\\/#website\",\"url\":\"https:\\\/\\\/www.studio303.ca\\\/\",\"name\":\"Studio 303\",\"description\":\"Lieu de diffusion et de soutien pour la danse et l&#039;art indisciplin\u00e9 \u00e0 Montr\u00e9al.\",\"publisher\":{\"@id\":\"https:\\\/\\\/www.studio303.ca\\\/#organization\"},\"potentialAction\":[{\"@type\":\"SearchAction\",\"target\":{\"@type\":\"EntryPoint\",\"urlTemplate\":\"https:\\\/\\\/www.studio303.ca\\\/?s={search_term_string}\"},\"query-input\":{\"@type\":\"PropertyValueSpecification\",\"valueRequired\":true,\"valueName\":\"search_term_string\"}}],\"inLanguage\":\"en-US\"},{\"@type\":\"Organization\",\"@id\":\"https:\\\/\\\/www.studio303.ca\\\/#organization\",\"name\":\"Studio 303\",\"url\":\"https:\\\/\\\/www.studio303.ca\\\/\",\"logo\":{\"@type\":\"ImageObject\",\"inLanguage\":\"en-US\",\"@id\":\"https:\\\/\\\/www.studio303.ca\\\/#\\\/schema\\\/logo\\\/image\\\/\",\"url\":\"https:\\\/\\\/www.studio303.ca\\\/wp-content\\\/uploads\\\/2025\\\/08\\\/studio303-logo_black-c2586d.svg\",\"contentUrl\":\"https:\\\/\\\/www.studio303.ca\\\/wp-content\\\/uploads\\\/2025\\\/08\\\/studio303-logo_black-c2586d.svg\",\"caption\":\"Studio 303\"},\"image\":{\"@id\":\"https:\\\/\\\/www.studio303.ca\\\/#\\\/schema\\\/logo\\\/image\\\/\"},\"sameAs\":[\"https:\\\/\\\/www.facebook.com\\\/studio303.montreal\",\"http:\\\/\\\/instagram.com\\\/studio303\"]}]}<\/script>\n<!-- \/ Yoast SEO plugin. -->","yoast_head_json":{"title":"Agent Lynx \u2014 BREAK - Studio 303","robots":{"index":"index","follow":"follow","max-snippet":"max-snippet:-1","max-image-preview":"max-image-preview:large","max-video-preview":"max-video-preview:-1"},"canonical":"https:\/\/www.studio303.ca\/en\/agent-lynx-break-2\/","og_locale":"en_US","og_type":"article","og_title":"Agent Lynx \u2014 BREAK - Studio 303","og_description":"TUESDAY: 7:10PM \u2013 8:40PM","og_url":"https:\/\/www.studio303.ca\/en\/agent-lynx-break-2\/","og_site_name":"Studio 303","article_publisher":"https:\/\/www.facebook.com\/studio303.montreal","article_modified_time":"2025-03-13T20:11:00+00:00","og_image":[{"width":640,"height":480,"url":"https:\/\/www.studio303.ca\/wp-content\/uploads\/2025\/03\/NEW-Agent-Lynx.png","type":"image\/png"}],"twitter_card":"summary_large_image","twitter_misc":{"Est. reading time":"2 minutes"},"schema":{"@context":"https:\/\/schema.org","@graph":[{"@type":"WebPage","@id":"https:\/\/www.studio303.ca\/en\/agent-lynx-break-2\/","url":"https:\/\/www.studio303.ca\/en\/agent-lynx-break-2\/","name":"Agent Lynx \u2014 BREAK - Studio 303","isPartOf":{"@id":"https:\/\/www.studio303.ca\/#website"},"primaryImageOfPage":{"@id":"https:\/\/www.studio303.ca\/en\/agent-lynx-break-2\/#primaryimage"},"image":{"@id":"https:\/\/www.studio303.ca\/en\/agent-lynx-break-2\/#primaryimage"},"thumbnailUrl":"https:\/\/www.studio303.ca\/wp-content\/uploads\/2025\/03\/NEW-Agent-Lynx.png","datePublished":"2025-03-13T20:10:59+00:00","dateModified":"2025-03-13T20:11:00+00:00","breadcrumb":{"@id":"https:\/\/www.studio303.ca\/en\/agent-lynx-break-2\/#breadcrumb"},"inLanguage":"en-US","potentialAction":[{"@type":"ReadAction","target":["https:\/\/www.studio303.ca\/en\/agent-lynx-break-2\/"]}]},{"@type":"ImageObject","inLanguage":"en-US","@id":"https:\/\/www.studio303.ca\/en\/agent-lynx-break-2\/#primaryimage","url":"https:\/\/www.studio303.ca\/wp-content\/uploads\/2025\/03\/NEW-Agent-Lynx.png","contentUrl":"https:\/\/www.studio303.ca\/wp-content\/uploads\/2025\/03\/NEW-Agent-Lynx.png","width":640,"height":480},{"@type":"BreadcrumbList","@id":"https:\/\/www.studio303.ca\/en\/agent-lynx-break-2\/#breadcrumb","itemListElement":[{"@type":"ListItem","position":1,"name":"Home","item":"https:\/\/www.studio303.ca\/en\/home\/"},{"@type":"ListItem","position":2,"name":"Agent Lynx \u2014 BREAK"}]},{"@type":"WebSite","@id":"https:\/\/www.studio303.ca\/#website","url":"https:\/\/www.studio303.ca\/","name":"Studio 303","description":"Lieu de diffusion et de soutien pour la danse et l&#039;art indisciplin\u00e9 \u00e0 Montr\u00e9al.","publisher":{"@id":"https:\/\/www.studio303.ca\/#organization"},"potentialAction":[{"@type":"SearchAction","target":{"@type":"EntryPoint","urlTemplate":"https:\/\/www.studio303.ca\/?s={search_term_string}"},"query-input":{"@type":"PropertyValueSpecification","valueRequired":true,"valueName":"search_term_string"}}],"inLanguage":"en-US"},{"@type":"Organization","@id":"https:\/\/www.studio303.ca\/#organization","name":"Studio 303","url":"https:\/\/www.studio303.ca\/","logo":{"@type":"ImageObject","inLanguage":"en-US","@id":"https:\/\/www.studio303.ca\/#\/schema\/logo\/image\/","url":"https:\/\/www.studio303.ca\/wp-content\/uploads\/2025\/08\/studio303-logo_black-c2586d.svg","contentUrl":"https:\/\/www.studio303.ca\/wp-content\/uploads\/2025\/08\/studio303-logo_black-c2586d.svg","caption":"Studio 303"},"image":{"@id":"https:\/\/www.studio303.ca\/#\/schema\/logo\/image\/"},"sameAs":["https:\/\/www.facebook.com\/studio303.montreal","http:\/\/instagram.com\/studio303"]}]}},"_links":{"self":[{"href":"https:\/\/www.studio303.ca\/en\/wp-json\/wp\/v2\/pages\/27551","targetHints":{"allow":["GET"]}}],"collection":[{"href":"https:\/\/www.studio303.ca\/en\/wp-json\/wp\/v2\/pages"}],"about":[{"href":"https:\/\/www.studio303.ca\/en\/wp-json\/wp\/v2\/types\/page"}],"author":[{"embeddable":true,"href":"https:\/\/www.studio303.ca\/en\/wp-json\/wp\/v2\/users\/2"}],"replies":[{"embeddable":true,"href":"https:\/\/www.studio303.ca\/en\/wp-json\/wp\/v2\/comments?post=27551"}],"version-history":[{"count":2,"href":"https:\/\/www.studio303.ca\/en\/wp-json\/wp\/v2\/pages\/27551\/revisions"}],"predecessor-version":[{"id":27591,"href":"https:\/\/www.studio303.ca\/en\/wp-json\/wp\/v2\/pages\/27551\/revisions\/27591"}],"wp:featuredmedia":[{"embeddable":true,"href":"https:\/\/www.studio303.ca\/en\/wp-json\/wp\/v2\/media\/27529"}],"wp:attachment":[{"href":"https:\/\/www.studio303.ca\/en\/wp-json\/wp\/v2\/media?parent=27551"}],"curies":[{"name":"wp","href":"https:\/\/api.w.org\/{rel}","templated":true}]}}