{"id":29819,"date":"2025-09-16T15:09:08","date_gmt":"2025-09-16T19:09:08","guid":{"rendered":"https:\/\/www.studio303.ca\/?page_id=29819"},"modified":"2025-12-09T09:27:01","modified_gmt":"2025-12-09T13:27:01","slug":"public-events","status":"publish","type":"page","link":"https:\/\/www.studio303.ca\/en\/public-events\/","title":{"rendered":"Public Events"},"content":{"rendered":"\n<div class=\"wp-block-group is-layout-constrained wp-block-group-is-layout-constrained\">\n<div class=\"wp-block-buttons section_buttons is-layout-flex wp-block-buttons-is-layout-flex\">\n<div class=\"wp-block-button\"><a class=\"wp-block-button__link wp-element-button\" href=\"https:\/\/www.studio303.ca\/en\/spark-series\/\">SPARK Series<\/a><\/div>\n\n\n\n<div class=\"wp-block-button\"><a class=\"wp-block-button__link wp-element-button\" href=\"https:\/\/www.studio303.ca\/en\/taking-the-leap\/\">Taking the Leap<\/a><\/div>\n\n\n\n<div class=\"wp-block-button active_section\"><a class=\"wp-block-button__link wp-element-button\">Public Events<\/a><\/div>\n\n\n\n<div class=\"wp-block-button\"><a class=\"wp-block-button__link wp-element-button\" href=\"https:\/\/www.studio303.ca\/en\/reading-circles\/\">Reading Circles<\/a><\/div>\n<\/div>\n\n\n\n<p>Public events include Town Hall \/ Consultations du milieu, independent productions in partnership, and other occasional activities.<\/p>\n\n\n<div id='wp-block-themeisle-blocks-accordion-studio303-filter' class='wp-block-themeisle-blocks-accordion exclusive studio303_filter'><details id='studio303_filter_details' class='wp-block-themeisle-blocks-accordion-item'><summary class='wp-block-themeisle-blocks-accordion-item__title'><div><div class='studio303_filter_interface'><div><span class='filter_link'>Filter<\/span> (<span id='filter_section_count'>0<\/span> applied, <span class='filter_link' id='filter_section_reset'>Reset<\/span>)<\/div><div class='filter_search'><input type='text' class='quicksearch' placeholder='Search...'><\/div><div class=\"filter_element_count\"><span id='element_count'>0<\/span> event(s)<\/div><\/div><\/div><\/summary><div class='wp-block-themeisle-blocks-accordion-item__content'><div class='filter_list'><div class='filter_section'><span class='filter_section_title'>Lab Type<\/span><span class='filter_section_item' data-key='0' data-filter='.public-events'>Public Events<\/span><br\/><\/div><\/div><\/div><\/details><\/div><div class='prog_grid'><div class='prog_grid_item public-events spring-2026'><div class='prog_grid_event_item_img'><a href='https:\/\/www.studio303.ca\/en\/programmation\/marathon-25-26-en\/'><img loading=\"lazy\" decoding=\"async\" width=\"367\" height=\"344\" src=\"https:\/\/www.studio303.ca\/wp-content\/uploads\/2026\/02\/Marathon-Website-1-367x344.png\" class=\"grid_item_img wp-post-image\" alt=\"\" srcset=\"https:\/\/www.studio303.ca\/wp-content\/uploads\/2026\/02\/Marathon-Website-1-367x344.png 367w, https:\/\/www.studio303.ca\/wp-content\/uploads\/2026\/02\/Marathon-Website-1-300x281.png 300w, https:\/\/www.studio303.ca\/wp-content\/uploads\/2026\/02\/Marathon-Website-1-768x720.png 768w, https:\/\/www.studio303.ca\/wp-content\/uploads\/2026\/02\/Marathon-Website-1.png 1024w\" sizes=\"auto, (max-width: 367px) 100vw, 367px\" \/><\/a><\/div><div class='prog_grid_item_datetime'><a class='programming_link' href='https:\/\/www.studio303.ca\/en\/programmation\/marathon-25-26-en\/'>Saturday, Apr. 25 2026 &middot; 15:00 to 19:00<\/a><\/div><h4><a class='programming_link' href='https:\/\/www.studio303.ca\/en\/programmation\/marathon-25-26-en\/'>MARATHON<\/a><\/h4><div class='prog_grid_item_resume'><a class='programming_link' href='https:\/\/www.studio303.ca\/en\/programmation\/marathon-25-26-en\/'><p>Studio 303 will be hosting the 3rd edition of Marathon &#8211; a series of 30 shorts presentations in dance and performance, dedicated to experimentation!<\/p>\n<\/a><\/div><div class='prog_grid_item_meta'><\/div><h5><\/h5><\/div><div class='prog_grid_item archived_prog_grid_item public-events fall-2025-en'><div class='prog_grid_event_item_img'><a href='https:\/\/www.studio303.ca\/en\/programmation\/town-hall-online-25-26-en\/'><img loading=\"lazy\" decoding=\"async\" width=\"367\" height=\"344\" src=\"https:\/\/www.studio303.ca\/wp-content\/uploads\/2025\/10\/Town-Hall-1.png\" class=\"grid_item_img wp-post-image\" alt=\"\" srcset=\"https:\/\/www.studio303.ca\/wp-content\/uploads\/2025\/10\/Town-Hall-1.png 1024w, https:\/\/www.studio303.ca\/wp-content\/uploads\/2025\/10\/Town-Hall-1-300x281.png 300w, https:\/\/www.studio303.ca\/wp-content\/uploads\/2025\/10\/Town-Hall-1-768x720.png 768w\" sizes=\"auto, (max-width: 367px) 100vw, 367px\" \/><\/a><\/div><div class='prog_grid_item_datetime'><a class='programming_link' href='https:\/\/www.studio303.ca\/en\/programmation\/town-hall-online-25-26-en\/'>Tuesday, Oct. 14 2025 &middot; 16:00 to 18:00<\/a><\/div><h4><a class='programming_link' href='https:\/\/www.studio303.ca\/en\/programmation\/town-hall-online-25-26-en\/'>Town hall (Online)<\/a><\/h4><div class='prog_grid_item_resume'><a class='programming_link' href='https:\/\/www.studio303.ca\/en\/programmation\/town-hall-online-25-26-en\/'><p>Studio 303 will be hosting a Town Hall to present our current activities, priorities, and challenges from a mid-term perspective.<\/p>\n<\/a><\/div><div class='prog_grid_item_meta'><\/div><h5>#Public Events <\/h5><\/div><\/div><script type='text\/javascript'>\n\/\/ debounce\nfunction debounce( fn, threshold ) {\n  var timeout;\n  threshold = threshold || 100;\n  return function debounced() {\n    clearTimeout( timeout );\n    var args = arguments;\n    var _this = this;\n    function delayed() {\n      fn.apply( _this, args );\n    }\n    timeout = setTimeout( delayed, threshold );\n  };\n}\n\njQuery(document).ready(function(){\n\n  var qsRegex;\n  var grid = jQuery('.prog_grid');\n\n  var filter_list = \"\";\n  var filter_counter = \"0\";\n  jQuery(\".filter_list .filter_section_item\").each(function(index,item){\n    if(jQuery(item).attr(\"data-key\") == \"1\"){\n      if(filter_list != \"\"){\n   \t    filter_list = filter_list + jQuery(this).attr(\"data-filter\");\n   \t    filter_counter++;\n   \t  }\n   \t  else{\n   \t    filter_list = jQuery(this).attr(\"data-filter\");\n     \tfilter_counter++;\n   \t  }\n    } \/\/ end if\n  }); \/\/ end loop\n\n  grid.imagesLoaded(function(){\n    grid.isotope({\n      itemSelector: '.prog_grid_item',\n      layoutMode: 'fitRows',\n      fitRows: {\n        gutter: 10\n      },\n      filter: function() {\n      var $this = jQuery(this);\n      var searchResult = qsRegex ? $this.text().match( qsRegex ) : true;\n      var filter_list = filter_list ? $this.is(filter_list) : true;\n      return searchResult && filter_list; }\n    });\n    var elements = grid.isotope(\"getFilteredItemElements\");\n    var element_count = elements.length;\n    jQuery(\"#element_count\").text(element_count);\n    jQuery(\"#filter_section_count\").text(filter_counter);\n  });\n\n  \/\/ use value of search field to filter\n  jQuery(\".quicksearch\").keyup( debounce( function() {\n    qsRegex = new RegExp( jQuery(\".quicksearch\").val(), \"gi\" );\n\tvar filter_list = \"\";\n\tvar filter_counter = \"0\";\n\tjQuery(\".filter_list .filter_section_item\").each(function(index,item){\n\t  if(jQuery(item).attr(\"data-key\") == \"1\"){\n\t\tif(filter_list != \"\"){\n\t\t  filter_list = filter_list + jQuery(this).attr(\"data-filter\");\n\t\t  filter_counter++;\n\t\t}\n\t\telse{\n\t\t  filter_list = jQuery(this).attr(\"data-filter\");\n\t\t  filter_counter++;\n\t\t}\n\t  } \/\/ end if\n\t}); \/\/ end loop\n\tif(jQuery(\".quicksearch\").val() != \"\"){\n\t    grid.isotope({\n          filter: function() {\n            var $this = jQuery(this);\n            var searchResult = qsRegex ? $this.text().match( qsRegex ) : true;\n            var filter_listing = filter_list ? $this.is(filter_list) : true;\n            return searchResult && filter_listing;\n          }\n\t    });\n\t}\n\telse{\n\t  grid.isotope({\n        filter: filter_list\n\t  });\n\t}\n    jQuery(\"#filter_section_count\").text(filter_counter);\n    var elements = grid.isotope(\"getFilteredItemElements\");\n    var element_count = elements.length;\n    jQuery(\"#element_count\").text(element_count);\n  }));  \/\/ end of function\n  \n  jQuery(\"#filter_section_reset\").click(function(event) {\n\tevent.preventDefault()\n\tjQuery(\"#studio303_filter_details\").removeAttr(\"open\");\n\tjQuery(\".filter_list .filter_section_item\").each(function(index,item){\n\t\tjQuery(this).attr(\"data-key\",\"0\");\n\t}); \/\/ end loop\n\tjQuery(\"#filter_section_count\").text(\"0\");\n\tjQuery(\".quicksearch\").val(\"\");\n\tgrid.isotope({\n\t filter: \"\"\n\t});\n\tvar elements = grid.isotope(\"getFilteredItemElements\");\n\tvar element_count = elements.length;\n\tjQuery(\"#element_count\").text(element_count);\n  });  \/\/ end of function\n\n  jQuery(\".filter_section_item\").click(function() {\n\tqsRegex = new RegExp( jQuery(\".quicksearch\").val(), \"gi\" );\n\tvar key = jQuery(this).attr(\"data-key\");\n\tif(key == \"0\"){ jQuery(this).attr(\"data-key\",\"1\"); }\n\tif(key == \"1\"){ jQuery(this).attr(\"data-key\",\"0\"); }\n\tvar filter_list = \"\";\n\tvar filter_counter = \"0\";\n\tjQuery(\".filter_list .filter_section_item\").each(function(index,item){\n\t  if(jQuery(item).attr(\"data-key\") == \"1\"){\n\t\tif(filter_list != \"\"){\n\t\t  filter_list = filter_list + jQuery(this).attr(\"data-filter\");\n\t\t  filter_counter++;\n\t\t}\n\t\telse{\n\t\t  filter_list = jQuery(this).attr(\"data-filter\");\n\t\t  filter_counter++;\n\t\t}\n\t  } \/\/ end if\n\t}); \/\/ end loop\n\tif(jQuery(\".quicksearch\").val() != \"\"){\n\t    grid.isotope({\n          filter: function() {\n            var $this = jQuery(this);\n            var searchResult = qsRegex ? $this.text().match( qsRegex ) : true;\n            var filter_listing = filter_list ? $this.is(filter_list) : true;\n            return searchResult && filter_listing;\n          }\n\t    });\n\t}\n\telse{\n\t  grid.isotope({\n        filter: filter_list\n\t  });\n\t}\n\tvar elements = grid.isotope(\"getFilteredItemElements\");\n\tvar element_count = elements.length;\n\tjQuery(\"#element_count\").text(element_count);\n\tjQuery(\"#filter_section_count\").text(filter_counter);\n  });  \/\/ end of function\n\n}); \/\/ end of ready()\n<\/script>\n\n\n<p><\/p>\n<\/div>\n","protected":false},"excerpt":{"rendered":"<p>Public events include Town Hall \/ Consultations du milieu, independent productions in partnership, and other occasional activities.<\/p>\n","protected":false},"author":4,"featured_media":0,"parent":0,"menu_order":0,"comment_status":"closed","ping_status":"closed","template":"wp-custom-template-page-without-title","meta":{"_acf_changed":false,"inline_featured_image":false,"_exactmetrics_skip_tracking":false,"_exactmetrics_sitenote_active":false,"_exactmetrics_sitenote_note":"","_exactmetrics_sitenote_category":0,"_themeisle_gutenberg_block_has_review":false,"footnotes":""},"class_list":["post-29819","page","type-page","status-publish","hentry"],"acf":[],"yoast_head":"<!-- This site is optimized with the Yoast SEO plugin v27.3 - https:\/\/yoast.com\/product\/yoast-seo-wordpress\/ -->\n<title>Public Events - Studio 303<\/title>\n<meta name=\"robots\" content=\"index, follow, max-snippet:-1, max-image-preview:large, max-video-preview:-1\" \/>\n<link rel=\"canonical\" href=\"https:\/\/www.studio303.ca\/representation\/2026-06-17-17h45-cours-du-soir-erin-flynn\/\" \/>\n<meta property=\"og:locale\" content=\"en_US\" \/>\n<meta property=\"og:type\" content=\"article\" \/>\n<meta property=\"og:title\" content=\"Public Events - Studio 303\" \/>\n<meta property=\"og:description\" content=\"Public events include Town Hall \/ Consultations du milieu, independent productions in partnership, and other occasional activities.\" \/>\n<meta property=\"og:url\" content=\"https:\/\/www.studio303.ca\/representation\/2026-06-17-17h45-cours-du-soir-erin-flynn\/\" \/>\n<meta property=\"og:site_name\" content=\"Studio 303\" \/>\n<meta property=\"article:publisher\" content=\"https:\/\/www.facebook.com\/studio303.montreal\" \/>\n<meta property=\"article:modified_time\" content=\"2025-12-09T13:27:01+00:00\" \/>\n<meta name=\"twitter:card\" content=\"summary_large_image\" \/>\n<meta name=\"twitter:label1\" content=\"Est. reading time\" \/>\n\t<meta name=\"twitter:data1\" content=\"1 minute\" \/>\n<script type=\"application\/ld+json\" class=\"yoast-schema-graph\">{\"@context\":\"https:\\\/\\\/schema.org\",\"@graph\":[{\"@type\":\"WebPage\",\"@id\":\"https:\\\/\\\/www.studio303.ca\\\/representation\\\/2026-06-17-17h45-cours-du-soir-erin-flynn\\\/\",\"url\":\"https:\\\/\\\/www.studio303.ca\\\/representation\\\/2026-06-17-17h45-cours-du-soir-erin-flynn\\\/\",\"name\":\"Public Events - Studio 303\",\"isPartOf\":{\"@id\":\"https:\\\/\\\/www.studio303.ca\\\/#website\"},\"datePublished\":\"2025-09-16T19:09:08+00:00\",\"dateModified\":\"2025-12-09T13:27:01+00:00\",\"breadcrumb\":{\"@id\":\"https:\\\/\\\/www.studio303.ca\\\/representation\\\/2026-06-17-17h45-cours-du-soir-erin-flynn\\\/#breadcrumb\"},\"inLanguage\":\"en-US\",\"potentialAction\":[{\"@type\":\"ReadAction\",\"target\":[\"https:\\\/\\\/www.studio303.ca\\\/representation\\\/2026-06-17-17h45-cours-du-soir-erin-flynn\\\/\"]}]},{\"@type\":\"BreadcrumbList\",\"@id\":\"https:\\\/\\\/www.studio303.ca\\\/representation\\\/2026-06-17-17h45-cours-du-soir-erin-flynn\\\/#breadcrumb\",\"itemListElement\":[{\"@type\":\"ListItem\",\"position\":1,\"name\":\"Home\",\"item\":\"https:\\\/\\\/www.studio303.ca\\\/en\\\/home\\\/\"},{\"@type\":\"ListItem\",\"position\":2,\"name\":\"Public Events\"}]},{\"@type\":\"WebSite\",\"@id\":\"https:\\\/\\\/www.studio303.ca\\\/#website\",\"url\":\"https:\\\/\\\/www.studio303.ca\\\/\",\"name\":\"Studio 303\",\"description\":\"Lieu de diffusion et de soutien pour la danse et l&#039;art indisciplin\u00e9 \u00e0 Montr\u00e9al.\",\"publisher\":{\"@id\":\"https:\\\/\\\/www.studio303.ca\\\/#organization\"},\"potentialAction\":[{\"@type\":\"SearchAction\",\"target\":{\"@type\":\"EntryPoint\",\"urlTemplate\":\"https:\\\/\\\/www.studio303.ca\\\/?s={search_term_string}\"},\"query-input\":{\"@type\":\"PropertyValueSpecification\",\"valueRequired\":true,\"valueName\":\"search_term_string\"}}],\"inLanguage\":\"en-US\"},{\"@type\":\"Organization\",\"@id\":\"https:\\\/\\\/www.studio303.ca\\\/#organization\",\"name\":\"Studio 303\",\"url\":\"https:\\\/\\\/www.studio303.ca\\\/\",\"logo\":{\"@type\":\"ImageObject\",\"inLanguage\":\"en-US\",\"@id\":\"https:\\\/\\\/www.studio303.ca\\\/#\\\/schema\\\/logo\\\/image\\\/\",\"url\":\"https:\\\/\\\/www.studio303.ca\\\/wp-content\\\/uploads\\\/2025\\\/08\\\/studio303-logo_black-c2586d.svg\",\"contentUrl\":\"https:\\\/\\\/www.studio303.ca\\\/wp-content\\\/uploads\\\/2025\\\/08\\\/studio303-logo_black-c2586d.svg\",\"caption\":\"Studio 303\"},\"image\":{\"@id\":\"https:\\\/\\\/www.studio303.ca\\\/#\\\/schema\\\/logo\\\/image\\\/\"},\"sameAs\":[\"https:\\\/\\\/www.facebook.com\\\/studio303.montreal\",\"http:\\\/\\\/instagram.com\\\/studio303\"]}]}<\/script>\n<!-- \/ Yoast SEO plugin. -->","yoast_head_json":{"title":"Public Events - Studio 303","robots":{"index":"index","follow":"follow","max-snippet":"max-snippet:-1","max-image-preview":"max-image-preview:large","max-video-preview":"max-video-preview:-1"},"canonical":"https:\/\/www.studio303.ca\/representation\/2026-06-17-17h45-cours-du-soir-erin-flynn\/","og_locale":"en_US","og_type":"article","og_title":"Public Events - Studio 303","og_description":"Public events include Town Hall \/ Consultations du milieu, independent productions in partnership, and other occasional activities.","og_url":"https:\/\/www.studio303.ca\/representation\/2026-06-17-17h45-cours-du-soir-erin-flynn\/","og_site_name":"Studio 303","article_publisher":"https:\/\/www.facebook.com\/studio303.montreal","article_modified_time":"2025-12-09T13:27:01+00:00","twitter_card":"summary_large_image","twitter_misc":{"Est. reading time":"1 minute"},"schema":{"@context":"https:\/\/schema.org","@graph":[{"@type":"WebPage","@id":"https:\/\/www.studio303.ca\/representation\/2026-06-17-17h45-cours-du-soir-erin-flynn\/","url":"https:\/\/www.studio303.ca\/representation\/2026-06-17-17h45-cours-du-soir-erin-flynn\/","name":"Public Events - Studio 303","isPartOf":{"@id":"https:\/\/www.studio303.ca\/#website"},"datePublished":"2025-09-16T19:09:08+00:00","dateModified":"2025-12-09T13:27:01+00:00","breadcrumb":{"@id":"https:\/\/www.studio303.ca\/representation\/2026-06-17-17h45-cours-du-soir-erin-flynn\/#breadcrumb"},"inLanguage":"en-US","potentialAction":[{"@type":"ReadAction","target":["https:\/\/www.studio303.ca\/representation\/2026-06-17-17h45-cours-du-soir-erin-flynn\/"]}]},{"@type":"BreadcrumbList","@id":"https:\/\/www.studio303.ca\/representation\/2026-06-17-17h45-cours-du-soir-erin-flynn\/#breadcrumb","itemListElement":[{"@type":"ListItem","position":1,"name":"Home","item":"https:\/\/www.studio303.ca\/en\/home\/"},{"@type":"ListItem","position":2,"name":"Public Events"}]},{"@type":"WebSite","@id":"https:\/\/www.studio303.ca\/#website","url":"https:\/\/www.studio303.ca\/","name":"Studio 303","description":"Lieu de diffusion et de soutien pour la danse et l&#039;art indisciplin\u00e9 \u00e0 Montr\u00e9al.","publisher":{"@id":"https:\/\/www.studio303.ca\/#organization"},"potentialAction":[{"@type":"SearchAction","target":{"@type":"EntryPoint","urlTemplate":"https:\/\/www.studio303.ca\/?s={search_term_string}"},"query-input":{"@type":"PropertyValueSpecification","valueRequired":true,"valueName":"search_term_string"}}],"inLanguage":"en-US"},{"@type":"Organization","@id":"https:\/\/www.studio303.ca\/#organization","name":"Studio 303","url":"https:\/\/www.studio303.ca\/","logo":{"@type":"ImageObject","inLanguage":"en-US","@id":"https:\/\/www.studio303.ca\/#\/schema\/logo\/image\/","url":"https:\/\/www.studio303.ca\/wp-content\/uploads\/2025\/08\/studio303-logo_black-c2586d.svg","contentUrl":"https:\/\/www.studio303.ca\/wp-content\/uploads\/2025\/08\/studio303-logo_black-c2586d.svg","caption":"Studio 303"},"image":{"@id":"https:\/\/www.studio303.ca\/#\/schema\/logo\/image\/"},"sameAs":["https:\/\/www.facebook.com\/studio303.montreal","http:\/\/instagram.com\/studio303"]}]}},"_links":{"self":[{"href":"https:\/\/www.studio303.ca\/en\/wp-json\/wp\/v2\/pages\/29819","targetHints":{"allow":["GET"]}}],"collection":[{"href":"https:\/\/www.studio303.ca\/en\/wp-json\/wp\/v2\/pages"}],"about":[{"href":"https:\/\/www.studio303.ca\/en\/wp-json\/wp\/v2\/types\/page"}],"author":[{"embeddable":true,"href":"https:\/\/www.studio303.ca\/en\/wp-json\/wp\/v2\/users\/4"}],"replies":[{"embeddable":true,"href":"https:\/\/www.studio303.ca\/en\/wp-json\/wp\/v2\/comments?post=29819"}],"version-history":[{"count":7,"href":"https:\/\/www.studio303.ca\/en\/wp-json\/wp\/v2\/pages\/29819\/revisions"}],"predecessor-version":[{"id":33103,"href":"https:\/\/www.studio303.ca\/en\/wp-json\/wp\/v2\/pages\/29819\/revisions\/33103"}],"wp:attachment":[{"href":"https:\/\/www.studio303.ca\/en\/wp-json\/wp\/v2\/media?parent=29819"}],"curies":[{"name":"wp","href":"https:\/\/api.w.org\/{rel}","templated":true}]}}