{"id":29842,"date":"2025-09-16T15:14:34","date_gmt":"2025-09-16T19:14:34","guid":{"rendered":"https:\/\/www.studio303.ca\/?page_id=29842"},"modified":"2025-10-31T08:22:56","modified_gmt":"2025-10-31T12:22:56","slug":"taking-the-leap","status":"publish","type":"page","link":"https:\/\/www.studio303.ca\/en\/taking-the-leap\/","title":{"rendered":"Taking the Leap"},"content":{"rendered":"\n<div class=\"wp-block-group is-layout-constrained wp-block-group-is-layout-constrained\">\n<div class=\"wp-block-buttons section_buttons is-layout-flex wp-block-buttons-is-layout-flex\">\n<div class=\"wp-block-button\"><a class=\"wp-block-button__link wp-element-button\" href=\"https:\/\/www.studio303.ca\/en\/spark-series\/\">SPARK Series<\/a><\/div>\n\n\n\n<div class=\"wp-block-button active_section\"><a class=\"wp-block-button__link wp-element-button\">Taking the Leap<\/a><\/div>\n\n\n\n<div class=\"wp-block-button\"><a class=\"wp-block-button__link wp-element-button\" href=\"https:\/\/www.studio303.ca\/en\/public-events\/\">Public Events<\/a><\/div>\n\n\n\n<div class=\"wp-block-button\"><a class=\"wp-block-button__link wp-element-button\" href=\"https:\/\/www.studio303.ca\/en\/reading-circles\/\">Reading Circles<\/a><\/div>\n<\/div>\n\n\n\n<p>Welcome to Taking the Leap: an online guidebook to production and presentation for emerging contemporary dance choreographers in Montreal. This guide is geared towards recent graduates, self-taught artists and those new to the city. The sections below offer tools and insight into the logistics of production and presentation, while demystifying some practical aspects of being a professional artist in Montreal. To your right is a link towards our searchable directory of emerging artist-friendly presenters, resources and venues.&nbsp;<\/p>\n\n\n\n<p>The nine chapters of this guide cover a range of different subjects. Because the path of production is not necessarily linear, and every artists\u2019 process is different, they should not be read as a \u2018step-by-step\u2019 approach. Rather, each section discusses a specific practical aspect of producing a dance performance, which may or may not be relevant to your individual situation. While we strive to provide an overview of how productions are often realized, it is important to note that it is not necessarily the only way, the best way, or the way it should be.&nbsp;<\/p>\n\n\n\n<p>There are many different paths towards a professional career in Montreal. We hope this guide can help you to get started!<\/p>\n\n\n\n<hr class=\"wp-block-separator has-alpha-channel-opacity\"\/>\n\n\n\n<div class=\"wp-block-columns is-layout-flex wp-container-core-columns-is-layout-6b276c36 wp-block-columns-is-layout-flex\">\n<div class=\"wp-block-column is-layout-flow wp-block-column-is-layout-flow\" style=\"padding-top:0px;padding-right:0px;padding-bottom:0px;padding-left:0px;flex-basis:30%\"><div class='prog_feat_sidebar' ><h4 class='prog_feat_sidebar_title'>Next Session<\/h4><div class='sidebar_prog_feat'><a href='https:\/\/www.studio303.ca\/en\/programmation\/taking-the-leap-25-26-en\/'><img loading=\"lazy\" decoding=\"async\" width=\"300\" height=\"281\" src=\"https:\/\/www.studio303.ca\/wp-content\/uploads\/2025\/10\/Prendre-son-Elan-01-1-300x281.png\" class=\"grid_item_img wp-post-image\" alt=\"\" srcset=\"https:\/\/www.studio303.ca\/wp-content\/uploads\/2025\/10\/Prendre-son-Elan-01-1-300x281.png 300w, https:\/\/www.studio303.ca\/wp-content\/uploads\/2025\/10\/Prendre-son-Elan-01-1-768x720.png 768w, https:\/\/www.studio303.ca\/wp-content\/uploads\/2025\/10\/Prendre-son-Elan-01-1-367x344.png 367w, https:\/\/www.studio303.ca\/wp-content\/uploads\/2025\/10\/Prendre-son-Elan-01-1.png 1024w\" sizes=\"auto, (max-width: 300px) 100vw, 300px\" \/><\/a><\/div><div class='prog_feat_item_datetime'>Friday, Mar. 20 2026 &middot; 14:00 to 17:00<\/div><h3><a class='programming_link' href='https:\/\/www.studio303.ca\/en\/programmation\/taking-the-leap-25-26-en\/'>Taking the Leap<\/a><\/h3><div class='prog_feat_item_resume'><p>Taking the Leap is a space for exchange and connection that helps participants navigate the professional dance world<\/p>\n<\/div><\/div><\/div>\n\n\n\n<div class=\"wp-block-column is-layout-flow wp-block-column-is-layout-flow\" style=\"flex-basis:70%\"><h2 class=\"wp-block-heading\" id=\"guide\"><strong>Taking the Leap Guide<\/strong><\/h2>\n\n\n<div class=\"wp-block-columns is-layout-flex wp-container-core-columns-is-layout-28f84493 wp-block-columns-is-layout-flex\">\n<div class=\"wp-block-column is-layout-flow wp-block-column-is-layout-flow\"><h4 class=\"wp-block-heading\" id=\"montreal\"><strong>Montreal<\/strong><\/h4>\n\n\n<p>In this section you will find an overview of creators, presenters, and other local resources.<\/p>\n\n\n\n<p style=\"text-transform:uppercase\"><a href=\"https:\/\/www.studio303.ca\/en\/montreal\/\">More Info<\/a><\/p>\n<\/div>\n\n\n\n<div class=\"wp-block-column is-layout-flow wp-block-column-is-layout-flow\"><h4 class=\"wp-block-heading\" id=\"designing-your-project\"><strong>Designing your Project<\/strong><\/h4>\n\n\n<p>In order to produce your performance, you will need to slowly organize the raw materials of your work into a plan of action.<\/p>\n\n\n\n<p style=\"text-transform:uppercase\"><a href=\"https:\/\/www.studio303.ca\/en\/designing-a-project\/\">More Info<\/a><\/p>\n<\/div>\n\n\n\n<div class=\"wp-block-column is-layout-flow wp-block-column-is-layout-flow\"><h4 class=\"wp-block-heading\" id=\"finding-a-presenter\"><strong>Finding a Presenter<\/strong><\/h4>\n\n\n<p>A presenter selects the artists and\/or work they wish to program and pay a fixed fee for performances.<\/p>\n\n\n\n<p style=\"text-transform:uppercase\"><a href=\"https:\/\/www.studio303.ca\/en\/finding-a-presenter\/\">More Info<\/a><\/p>\n<\/div>\n<\/div>\n\n\n\n<div style=\"height:2rem\" aria-hidden=\"true\" class=\"wp-block-spacer\"><\/div>\n\n\n\n<div class=\"wp-block-columns is-layout-flex wp-container-core-columns-is-layout-28f84493 wp-block-columns-is-layout-flex\">\n<div class=\"wp-block-column is-layout-flow wp-block-column-is-layout-flow\">\n<p class=\"navigation_separator\"><\/p>\n\n\n<h4 class=\"wp-block-heading\" id=\"selfpresenting\"><strong>Self-presenting<\/strong><\/h4>\n\n\n<p>Many artists self-present at some point in their careers, assuming the entire financial burden of creation and presentation.<\/p>\n\n\n\n<p style=\"text-transform:uppercase\"><a href=\"https:\/\/www.studio303.ca\/en\/self-presenting\/\">More Info<\/a><\/p>\n<\/div>\n\n\n\n<div class=\"wp-block-column is-layout-flow wp-block-column-is-layout-flow\">\n<p class=\"navigation_separator\"><\/p>\n\n\n<h4 class=\"wp-block-heading\" id=\"financing\"><strong>Financing<\/strong><\/h4>\n\n\n<p>Unless you plan on paying all of your creation and production costs out-of-pocket, it is absolutely essential to raise funds in order to finance your project.<\/p>\n\n\n\n<p style=\"text-transform:uppercase\"><a href=\"https:\/\/www.studio303.ca\/en\/financing\/\">More Info<\/a><\/p>\n<\/div>\n\n\n\n<div class=\"wp-block-column is-layout-flow wp-block-column-is-layout-flow\">\n<p class=\"navigation_separator\"><\/p>\n\n\n<h4 class=\"wp-block-heading\" id=\"administration\"><strong>Administration<\/strong><\/h4>\n\n\n<p>While you may not think of yourself this way, a choreographer is, almost inevitably, an employer.<\/p>\n\n\n\n<p style=\"text-transform:uppercase\"><a href=\"https:\/\/www.studio303.ca\/en\/administration\/\">More Info<\/a><\/p>\n<\/div>\n<\/div>\n\n\n\n<div style=\"height:2rem\" aria-hidden=\"true\" class=\"wp-block-spacer\"><\/div>\n\n\n\n<div class=\"wp-block-columns is-layout-flex wp-container-core-columns-is-layout-28f84493 wp-block-columns-is-layout-flex\">\n<div class=\"wp-block-column is-layout-flow wp-block-column-is-layout-flow\">\n<p class=\"navigation_separator\"><\/p>\n\n\n<h4 class=\"wp-block-heading\" id=\"production\"><strong>Production<\/strong><\/h4>\n\n\n<p>Once you have set your performance dates, take out a calendar and start scheduling immediately.<\/p>\n\n\n\n<p style=\"text-transform:uppercase\"><a href=\"https:\/\/www.studio303.ca\/en\/production\/\">More Info<\/a><\/p>\n<\/div>\n\n\n\n<div class=\"wp-block-column is-layout-flow wp-block-column-is-layout-flow\">\n<p class=\"navigation_separator\"><\/p>\n\n\n<h4 class=\"wp-block-heading\" id=\"promotion\"><strong>Promotion<\/strong><\/h4>\n\n\n<p>In the performing arts, promotion and communications are one of the trickiest parts of presenting work.<\/p>\n\n\n\n<p style=\"text-transform:uppercase\"><a href=\"https:\/\/www.studio303.ca\/en\/promotion\/\">More Info<\/a><\/p>\n<\/div>\n\n\n\n<div class=\"wp-block-column is-layout-flow wp-block-column-is-layout-flow\">\n<p class=\"navigation_separator\"><\/p>\n\n\n<h4 class=\"wp-block-heading\" id=\"the-big-picture\"><strong>The Big Picture<\/strong><\/h4>\n\n\n<p>It is important to remember that each performance you create is part of a bigger picture.<\/p>\n\n\n\n<p style=\"text-transform:uppercase\"><a href=\"https:\/\/www.studio303.ca\/en\/the-big-picture\/\">More Info<\/a><\/p>\n<\/div>\n<\/div>\n\n\n\n<div style=\"height:2rem\" aria-hidden=\"true\" class=\"wp-block-spacer\"><\/div>\n\n\n\n<div class=\"wp-block-columns is-layout-flex wp-container-core-columns-is-layout-28f84493 wp-block-columns-is-layout-flex\">\n<div class=\"wp-block-column is-layout-flow wp-block-column-is-layout-flow\" style=\"flex-basis:33%\">\n<p class=\"navigation_separator\"><\/p>\n\n\n<h4 class=\"wp-block-heading\" id=\"resource-directory\"><strong>Resource Directory<\/strong><\/h4>\n\n\n<p>Support organizations, performance opportunities and venues available for co-presentation and rental for independent dance productions.<\/p>\n\n\n\n<p style=\"text-transform:uppercase\"><a href=\"https:\/\/www.studio303.ca\/en\/directory\/\">More Info<\/a><\/p>\n<\/div>\n<\/div>\n\n\n\n<div style=\"height:2rem\" aria-hidden=\"true\" class=\"wp-block-spacer\"><\/div>\n\n\n\n<hr class=\"wp-block-separator has-alpha-channel-opacity\"\/>\n\n\n\n<div id=\"wp-block-themeisle-blocks-accordion-dc0e5404\" class=\"wp-block-themeisle-blocks-accordion icon-first has-icon has-open-icon\">\n<details class=\"wp-block-themeisle-blocks-accordion-item\"><summary class=\"wp-block-themeisle-blocks-accordion-item__title\"><div>History &#8211; Credits &#8211; Acknowledgements<\/div><\/summary><div class=\"wp-block-themeisle-blocks-accordion-item__content\">\n<p><em>Original concept, research and writing:<\/em>&nbsp;Lys Stevens<\/p>\n\n\n\n<p>Taking the Leap began 20 years ago in 1999, as part of Lys Stevens\u2019s independent study course in the Contemporary Dance program at Concordia. A print edition existed from 2002-2007 and the guide has been online web as of 2009. Taking the Leap is an invaluable resource &#8211; constantly adapting to the current ecology and artist&#8217;s needs. Much thanks to all those who have contributed to it over the years!<\/p>\n\n\n\n<p><strong>v. 2019<\/strong><\/p>\n\n\n\n<p><em>Writing and revision<\/em>: Dorian Nuskind-Oder<\/p>\n\n\n\n<p><em>Artist focus group<\/em>: Helen Simard, Anne-Flore de Rochambeau, Camille Lacelle-Wilsey, and Nien-tzu Weng<\/p>\n\n\n\n<p><em>Additional feedback<\/em>: Kim-Sanh Ch\u00e2u, Miriam Ginestier, Coralie Muroni, Michael Toppings<\/p>\n\n\n\n<p><em>French Translation<\/em>: M\u00e9lissa Guay<\/p>\n\n\n\n<p><em>Website design<\/em>: Samuel Theriault<\/p>\n\n\n\n<p><em>Photo Credit<\/em>: Maxine Segalowitz by Kinga Michalska<\/p>\n\n\n\n<p><em>Financial Support<\/em>: Le Conseil des arts de Montr\u00e9al<\/p>\n\n\n\n<p><strong>v. 2007-2018<\/strong><\/p>\n\n\n\n<p><strong>&nbsp;<\/strong><em>Updates and revisions<\/em>: Kim-Sanh Ch\u00e2u, Erin Hill, Andrew Tay, Jamie Wright<\/p>\n\n\n\n<p><strong>v. 2002 &#8211; 2007<\/strong><\/p>\n\n\n\n<p><em>Research and writing<\/em>: Lys Stevens<\/p>\n\n\n\n<p><em>Updates<\/em>: M\u00e9lissa Guay, Alain Chevarier<\/p>\n\n\n\n<p><em>Editing<\/em>: Jenn Clark, Miriam Ginestier, Paul Caskey<\/p>\n\n\n\n<p><em>Layout design<\/em>: Nathalie Fortune<\/p>\n\n\n\n<p><em>Cover design<\/em>: Gray Fraser<\/p>\n\n\n\n<p><em>Financial Support<\/em>: Emploi Qu\u00e9bec (Jeunes Volontaires), Canada Council for the Arts<\/p>\n\n\n\n<p><em>Acknowledgements<\/em>:<\/p>\n\n\n\n<p>I would like to acknowledge the support of several people with regards to the writing of this guidebook. Whether it was through a workshop, an interview, or the editing of its many versions, their input was invaluable. I am indebted to the following: Esther Robitaille for revision and support; MC Fort\u00e9 for preliminary translation and editing; Studio 303 staff Miriam Ginestier, Paul Caskey, M\u00e9lissa Guay, Alain Chevarier, Lyne Maurier and Shelagh Albert; the Regroupement qu\u00e9b\u00e9cois de la danse staff and their workshop-givers Catherine Caron, Johanne Brunet, Clothilde Cardinal, Pierre Desmarais, Martine Labrie and Caroline Lavoie; the Quebec Drama Federation and Steven Schonn for their workshop on theatre production; Daniel Campeau at \u00c9spaces \u00c9mergents for his input and series of artist encounters; Dena Davida at Tangente for revision and input; Jen Soutter for editing and support; my parents Janet Stevens and David Fielding; the artists Suzanne Miller, Julie Duzyk, H\u00e9lo\u00efse R\u00e9my and Marie-Pascale B\u00e9langer for interviews; Marjolayne Auger for her help with updates, Maxine Heppner for initial encouragement and information and finally, Jorelle Pom\u00e9 for helping me discover my art. (<em>Lys Stevens, 2007)<\/em><\/p>\n<\/div><\/details>\n<\/div>\n<\/div>\n<\/div>\n<\/div>\n","protected":false},"excerpt":{"rendered":"<p>Welcome to Taking the Leap: an online guidebook to production and presentation for emerging contemporary dance choreographers in Montreal. This guide is geared towards recent graduates, self-taught artists and those new to the city. The sections below offer tools and insight into the logistics of production and presentation, while demystifying some practical aspects of being [&hellip;]<\/p>\n","protected":false},"author":4,"featured_media":0,"parent":0,"menu_order":0,"comment_status":"closed","ping_status":"closed","template":"wp-custom-template-page-without-title","meta":{"_acf_changed":false,"inline_featured_image":false,"_exactmetrics_skip_tracking":false,"_exactmetrics_sitenote_active":false,"_exactmetrics_sitenote_note":"","_exactmetrics_sitenote_category":0,"_themeisle_gutenberg_block_has_review":false,"footnotes":""},"class_list":["post-29842","page","type-page","status-publish","hentry"],"acf":[],"yoast_head":"<!-- This site is optimized with the Yoast SEO plugin v27.4 - https:\/\/yoast.com\/product\/yoast-seo-wordpress\/ -->\n<title>Taking the Leap - Studio 303<\/title>\n<meta name=\"robots\" content=\"index, follow, max-snippet:-1, max-image-preview:large, max-video-preview:-1\" \/>\n<link rel=\"canonical\" href=\"https:\/\/www.studio303.ca\/representation\/2026-06-17-17h45-cours-du-soir-erin-flynn\/\" \/>\n<meta property=\"og:locale\" content=\"en_US\" \/>\n<meta property=\"og:type\" content=\"article\" \/>\n<meta property=\"og:title\" content=\"Taking the Leap - Studio 303\" \/>\n<meta property=\"og:description\" content=\"Welcome to Taking the Leap: an online guidebook to production and presentation for emerging contemporary dance choreographers in Montreal. This guide is geared towards recent graduates, self-taught artists and those new to the city. The sections below offer tools and insight into the logistics of production and presentation, while demystifying some practical aspects of being [&hellip;]\" \/>\n<meta property=\"og:url\" content=\"https:\/\/www.studio303.ca\/representation\/2026-06-17-17h45-cours-du-soir-erin-flynn\/\" \/>\n<meta property=\"og:site_name\" content=\"Studio 303\" \/>\n<meta property=\"article:publisher\" content=\"https:\/\/www.facebook.com\/studio303.montreal\" \/>\n<meta property=\"article:modified_time\" content=\"2025-10-31T12:22:56+00:00\" \/>\n<meta name=\"twitter:card\" content=\"summary_large_image\" \/>\n<meta name=\"twitter:label1\" content=\"Est. reading time\" \/>\n\t<meta name=\"twitter:data1\" content=\"5 minutes\" \/>\n<script type=\"application\/ld+json\" class=\"yoast-schema-graph\">{\"@context\":\"https:\\\/\\\/schema.org\",\"@graph\":[{\"@type\":\"WebPage\",\"@id\":\"https:\\\/\\\/www.studio303.ca\\\/representation\\\/2026-06-17-17h45-cours-du-soir-erin-flynn\\\/\",\"url\":\"https:\\\/\\\/www.studio303.ca\\\/representation\\\/2026-06-17-17h45-cours-du-soir-erin-flynn\\\/\",\"name\":\"Taking the Leap - Studio 303\",\"isPartOf\":{\"@id\":\"https:\\\/\\\/www.studio303.ca\\\/#website\"},\"datePublished\":\"2025-09-16T19:14:34+00:00\",\"dateModified\":\"2025-10-31T12:22:56+00:00\",\"breadcrumb\":{\"@id\":\"https:\\\/\\\/www.studio303.ca\\\/representation\\\/2026-06-17-17h45-cours-du-soir-erin-flynn\\\/#breadcrumb\"},\"inLanguage\":\"en-US\",\"potentialAction\":[{\"@type\":\"ReadAction\",\"target\":[\"https:\\\/\\\/www.studio303.ca\\\/representation\\\/2026-06-17-17h45-cours-du-soir-erin-flynn\\\/\"]}]},{\"@type\":\"BreadcrumbList\",\"@id\":\"https:\\\/\\\/www.studio303.ca\\\/representation\\\/2026-06-17-17h45-cours-du-soir-erin-flynn\\\/#breadcrumb\",\"itemListElement\":[{\"@type\":\"ListItem\",\"position\":1,\"name\":\"Home\",\"item\":\"https:\\\/\\\/www.studio303.ca\\\/en\\\/home\\\/\"},{\"@type\":\"ListItem\",\"position\":2,\"name\":\"Taking the Leap\"}]},{\"@type\":\"WebSite\",\"@id\":\"https:\\\/\\\/www.studio303.ca\\\/#website\",\"url\":\"https:\\\/\\\/www.studio303.ca\\\/\",\"name\":\"Studio 303\",\"description\":\"Lieu de diffusion et de soutien pour la danse et l&#039;art indisciplin\u00e9 \u00e0 Montr\u00e9al.\",\"publisher\":{\"@id\":\"https:\\\/\\\/www.studio303.ca\\\/#organization\"},\"potentialAction\":[{\"@type\":\"SearchAction\",\"target\":{\"@type\":\"EntryPoint\",\"urlTemplate\":\"https:\\\/\\\/www.studio303.ca\\\/?s={search_term_string}\"},\"query-input\":{\"@type\":\"PropertyValueSpecification\",\"valueRequired\":true,\"valueName\":\"search_term_string\"}}],\"inLanguage\":\"en-US\"},{\"@type\":\"Organization\",\"@id\":\"https:\\\/\\\/www.studio303.ca\\\/#organization\",\"name\":\"Studio 303\",\"url\":\"https:\\\/\\\/www.studio303.ca\\\/\",\"logo\":{\"@type\":\"ImageObject\",\"inLanguage\":\"en-US\",\"@id\":\"https:\\\/\\\/www.studio303.ca\\\/#\\\/schema\\\/logo\\\/image\\\/\",\"url\":\"https:\\\/\\\/www.studio303.ca\\\/wp-content\\\/uploads\\\/2025\\\/08\\\/studio303-logo_black-c2586d.svg\",\"contentUrl\":\"https:\\\/\\\/www.studio303.ca\\\/wp-content\\\/uploads\\\/2025\\\/08\\\/studio303-logo_black-c2586d.svg\",\"caption\":\"Studio 303\"},\"image\":{\"@id\":\"https:\\\/\\\/www.studio303.ca\\\/#\\\/schema\\\/logo\\\/image\\\/\"},\"sameAs\":[\"https:\\\/\\\/www.facebook.com\\\/studio303.montreal\",\"http:\\\/\\\/instagram.com\\\/studio303\"]}]}<\/script>\n<!-- \/ Yoast SEO plugin. -->","yoast_head_json":{"title":"Taking the Leap - Studio 303","robots":{"index":"index","follow":"follow","max-snippet":"max-snippet:-1","max-image-preview":"max-image-preview:large","max-video-preview":"max-video-preview:-1"},"canonical":"https:\/\/www.studio303.ca\/representation\/2026-06-17-17h45-cours-du-soir-erin-flynn\/","og_locale":"en_US","og_type":"article","og_title":"Taking the Leap - Studio 303","og_description":"Welcome to Taking the Leap: an online guidebook to production and presentation for emerging contemporary dance choreographers in Montreal. This guide is geared towards recent graduates, self-taught artists and those new to the city. The sections below offer tools and insight into the logistics of production and presentation, while demystifying some practical aspects of being [&hellip;]","og_url":"https:\/\/www.studio303.ca\/representation\/2026-06-17-17h45-cours-du-soir-erin-flynn\/","og_site_name":"Studio 303","article_publisher":"https:\/\/www.facebook.com\/studio303.montreal","article_modified_time":"2025-10-31T12:22:56+00:00","twitter_card":"summary_large_image","twitter_misc":{"Est. reading time":"5 minutes"},"schema":{"@context":"https:\/\/schema.org","@graph":[{"@type":"WebPage","@id":"https:\/\/www.studio303.ca\/representation\/2026-06-17-17h45-cours-du-soir-erin-flynn\/","url":"https:\/\/www.studio303.ca\/representation\/2026-06-17-17h45-cours-du-soir-erin-flynn\/","name":"Taking the Leap - Studio 303","isPartOf":{"@id":"https:\/\/www.studio303.ca\/#website"},"datePublished":"2025-09-16T19:14:34+00:00","dateModified":"2025-10-31T12:22:56+00:00","breadcrumb":{"@id":"https:\/\/www.studio303.ca\/representation\/2026-06-17-17h45-cours-du-soir-erin-flynn\/#breadcrumb"},"inLanguage":"en-US","potentialAction":[{"@type":"ReadAction","target":["https:\/\/www.studio303.ca\/representation\/2026-06-17-17h45-cours-du-soir-erin-flynn\/"]}]},{"@type":"BreadcrumbList","@id":"https:\/\/www.studio303.ca\/representation\/2026-06-17-17h45-cours-du-soir-erin-flynn\/#breadcrumb","itemListElement":[{"@type":"ListItem","position":1,"name":"Home","item":"https:\/\/www.studio303.ca\/en\/home\/"},{"@type":"ListItem","position":2,"name":"Taking the Leap"}]},{"@type":"WebSite","@id":"https:\/\/www.studio303.ca\/#website","url":"https:\/\/www.studio303.ca\/","name":"Studio 303","description":"Lieu de diffusion et de soutien pour la danse et l&#039;art indisciplin\u00e9 \u00e0 Montr\u00e9al.","publisher":{"@id":"https:\/\/www.studio303.ca\/#organization"},"potentialAction":[{"@type":"SearchAction","target":{"@type":"EntryPoint","urlTemplate":"https:\/\/www.studio303.ca\/?s={search_term_string}"},"query-input":{"@type":"PropertyValueSpecification","valueRequired":true,"valueName":"search_term_string"}}],"inLanguage":"en-US"},{"@type":"Organization","@id":"https:\/\/www.studio303.ca\/#organization","name":"Studio 303","url":"https:\/\/www.studio303.ca\/","logo":{"@type":"ImageObject","inLanguage":"en-US","@id":"https:\/\/www.studio303.ca\/#\/schema\/logo\/image\/","url":"https:\/\/www.studio303.ca\/wp-content\/uploads\/2025\/08\/studio303-logo_black-c2586d.svg","contentUrl":"https:\/\/www.studio303.ca\/wp-content\/uploads\/2025\/08\/studio303-logo_black-c2586d.svg","caption":"Studio 303"},"image":{"@id":"https:\/\/www.studio303.ca\/#\/schema\/logo\/image\/"},"sameAs":["https:\/\/www.facebook.com\/studio303.montreal","http:\/\/instagram.com\/studio303"]}]}},"_links":{"self":[{"href":"https:\/\/www.studio303.ca\/en\/wp-json\/wp\/v2\/pages\/29842","targetHints":{"allow":["GET"]}}],"collection":[{"href":"https:\/\/www.studio303.ca\/en\/wp-json\/wp\/v2\/pages"}],"about":[{"href":"https:\/\/www.studio303.ca\/en\/wp-json\/wp\/v2\/types\/page"}],"author":[{"embeddable":true,"href":"https:\/\/www.studio303.ca\/en\/wp-json\/wp\/v2\/users\/4"}],"replies":[{"embeddable":true,"href":"https:\/\/www.studio303.ca\/en\/wp-json\/wp\/v2\/comments?post=29842"}],"version-history":[{"count":19,"href":"https:\/\/www.studio303.ca\/en\/wp-json\/wp\/v2\/pages\/29842\/revisions"}],"predecessor-version":[{"id":32101,"href":"https:\/\/www.studio303.ca\/en\/wp-json\/wp\/v2\/pages\/29842\/revisions\/32101"}],"wp:attachment":[{"href":"https:\/\/www.studio303.ca\/en\/wp-json\/wp\/v2\/media?parent=29842"}],"curies":[{"name":"wp","href":"https:\/\/api.w.org\/{rel}","templated":true}]}}