{"id":317,"date":"2018-06-25T08:52:20","date_gmt":"2018-06-25T13:52:20","guid":{"rendered":"http:\/\/www.studio303.ca\/classes\/"},"modified":"2023-08-16T19:31:12","modified_gmt":"2023-08-17T00:31:12","slug":"classes-menu","status":"publish","type":"page","link":"https:\/\/www.studio303.ca\/en\/classes-menu\/","title":{"rendered":"Classes"},"content":{"rendered":"<p>Studio 303 offers 2 types of classes:<\/p>\n<p><strong><a href=\"https:\/\/www.studio303.ca\/en\/category\/classes\/professionnal-level\/\">Professional Workshops &gt; <\/a><\/strong>Studio 303 offers a wide range of professional-level workshops to the dance and other performing arts communities related to movement. These workshops focus more on creative process and alternative techniques than on a daily regime.<\/p>\n<p><strong><a href=\"https:\/\/www.studio303.ca\/en\/classes\/\">Open-Level Classes &gt;<\/a> <\/strong>In addition to its events and workshops, Studio 303 hosts a wide range of beginner and intermediate level dance and movement classes open to the general public. These classes generally run 10-14 weeks for three sessions (Fall, Winter &amp; Spring) per year. Please contact the teachers directly for registration.<\/p>\n","protected":false},"excerpt":{"rendered":"<p>Studio 303 offers 2 types of classes: Professional Workshops &gt; Studio 303 offers a wide range of professional-level workshops to the dance and other performing arts communities related to movement. These workshops focus more on creative process and alternative techniques than on a daily regime. Open-Level Classes &gt; In addition to its events and workshops, [&hellip;]<\/p>\n","protected":false},"author":1,"featured_media":1826,"parent":0,"menu_order":206,"comment_status":"closed","ping_status":"closed","template":"","meta":{"_acf_changed":false,"inline_featured_image":false,"_exactmetrics_skip_tracking":false,"_exactmetrics_sitenote_active":false,"_exactmetrics_sitenote_note":"","_exactmetrics_sitenote_category":0,"_themeisle_gutenberg_block_has_review":false,"footnotes":""},"class_list":["post-317","page","type-page","status-publish","has-post-thumbnail","hentry"],"acf":[],"yoast_head":"<!-- This site is optimized with the Yoast SEO plugin v27.3 - https:\/\/yoast.com\/product\/yoast-seo-wordpress\/ -->\n<title>Classes - Studio 303<\/title>\n<meta name=\"robots\" content=\"index, follow, max-snippet:-1, max-image-preview:large, max-video-preview:-1\" \/>\n<link rel=\"canonical\" href=\"https:\/\/www.studio303.ca\/en\/classes-menu\/\" \/>\n<meta property=\"og:locale\" content=\"en_US\" \/>\n<meta property=\"og:type\" content=\"article\" \/>\n<meta property=\"og:title\" content=\"Classes - Studio 303\" \/>\n<meta property=\"og:description\" content=\"Studio 303 offers 2 types of classes: Professional Workshops &gt; Studio 303 offers a wide range of professional-level workshops to the dance and other performing arts communities related to movement. These workshops focus more on creative process and alternative techniques than on a daily regime. Open-Level Classes &gt; In addition to its events and workshops, [&hellip;]\" \/>\n<meta property=\"og:url\" content=\"https:\/\/www.studio303.ca\/en\/classes-menu\/\" \/>\n<meta property=\"og:site_name\" content=\"Studio 303\" \/>\n<meta property=\"article:publisher\" content=\"https:\/\/www.facebook.com\/studio303.montreal\" \/>\n<meta property=\"article:modified_time\" content=\"2023-08-17T00:31:12+00:00\" \/>\n<meta property=\"og:image\" content=\"https:\/\/www.studio303.ca\/wp-content\/uploads\/2018\/07\/CoursDeDanse-30.jpg\" \/>\n\t<meta property=\"og:image:width\" content=\"900\" \/>\n\t<meta property=\"og:image:height\" content=\"600\" \/>\n\t<meta property=\"og:image:type\" content=\"image\/jpeg\" \/>\n<meta name=\"twitter:card\" content=\"summary_large_image\" \/>\n<meta name=\"twitter:label1\" content=\"Est. reading time\" \/>\n\t<meta name=\"twitter:data1\" content=\"1 minute\" \/>\n<script type=\"application\/ld+json\" class=\"yoast-schema-graph\">{\"@context\":\"https:\\\/\\\/schema.org\",\"@graph\":[{\"@type\":\"WebPage\",\"@id\":\"https:\\\/\\\/www.studio303.ca\\\/en\\\/classes-menu\\\/\",\"url\":\"https:\\\/\\\/www.studio303.ca\\\/en\\\/classes-menu\\\/\",\"name\":\"Classes - Studio 303\",\"isPartOf\":{\"@id\":\"https:\\\/\\\/www.studio303.ca\\\/#website\"},\"primaryImageOfPage\":{\"@id\":\"https:\\\/\\\/www.studio303.ca\\\/en\\\/classes-menu\\\/#primaryimage\"},\"image\":{\"@id\":\"https:\\\/\\\/www.studio303.ca\\\/en\\\/classes-menu\\\/#primaryimage\"},\"thumbnailUrl\":\"https:\\\/\\\/www.studio303.ca\\\/wp-content\\\/uploads\\\/2018\\\/07\\\/CoursDeDanse-30.jpg\",\"datePublished\":\"2018-06-25T13:52:20+00:00\",\"dateModified\":\"2023-08-17T00:31:12+00:00\",\"breadcrumb\":{\"@id\":\"https:\\\/\\\/www.studio303.ca\\\/en\\\/classes-menu\\\/#breadcrumb\"},\"inLanguage\":\"en-US\",\"potentialAction\":[{\"@type\":\"ReadAction\",\"target\":[\"https:\\\/\\\/www.studio303.ca\\\/en\\\/classes-menu\\\/\"]}]},{\"@type\":\"ImageObject\",\"inLanguage\":\"en-US\",\"@id\":\"https:\\\/\\\/www.studio303.ca\\\/en\\\/classes-menu\\\/#primaryimage\",\"url\":\"https:\\\/\\\/www.studio303.ca\\\/wp-content\\\/uploads\\\/2018\\\/07\\\/CoursDeDanse-30.jpg\",\"contentUrl\":\"https:\\\/\\\/www.studio303.ca\\\/wp-content\\\/uploads\\\/2018\\\/07\\\/CoursDeDanse-30.jpg\",\"width\":900,\"height\":600,\"caption\":\"Photo: Val\u00e9rie Sangin\"},{\"@type\":\"BreadcrumbList\",\"@id\":\"https:\\\/\\\/www.studio303.ca\\\/en\\\/classes-menu\\\/#breadcrumb\",\"itemListElement\":[{\"@type\":\"ListItem\",\"position\":1,\"name\":\"Home\",\"item\":\"https:\\\/\\\/www.studio303.ca\\\/en\\\/home\\\/\"},{\"@type\":\"ListItem\",\"position\":2,\"name\":\"Classes\"}]},{\"@type\":\"WebSite\",\"@id\":\"https:\\\/\\\/www.studio303.ca\\\/#website\",\"url\":\"https:\\\/\\\/www.studio303.ca\\\/\",\"name\":\"Studio 303\",\"description\":\"Lieu de diffusion et de soutien pour la danse et l&#039;art indisciplin\u00e9 \u00e0 Montr\u00e9al.\",\"publisher\":{\"@id\":\"https:\\\/\\\/www.studio303.ca\\\/#organization\"},\"potentialAction\":[{\"@type\":\"SearchAction\",\"target\":{\"@type\":\"EntryPoint\",\"urlTemplate\":\"https:\\\/\\\/www.studio303.ca\\\/?s={search_term_string}\"},\"query-input\":{\"@type\":\"PropertyValueSpecification\",\"valueRequired\":true,\"valueName\":\"search_term_string\"}}],\"inLanguage\":\"en-US\"},{\"@type\":\"Organization\",\"@id\":\"https:\\\/\\\/www.studio303.ca\\\/#organization\",\"name\":\"Studio 303\",\"url\":\"https:\\\/\\\/www.studio303.ca\\\/\",\"logo\":{\"@type\":\"ImageObject\",\"inLanguage\":\"en-US\",\"@id\":\"https:\\\/\\\/www.studio303.ca\\\/#\\\/schema\\\/logo\\\/image\\\/\",\"url\":\"https:\\\/\\\/www.studio303.ca\\\/wp-content\\\/uploads\\\/2025\\\/08\\\/studio303-logo_black-c2586d.svg\",\"contentUrl\":\"https:\\\/\\\/www.studio303.ca\\\/wp-content\\\/uploads\\\/2025\\\/08\\\/studio303-logo_black-c2586d.svg\",\"caption\":\"Studio 303\"},\"image\":{\"@id\":\"https:\\\/\\\/www.studio303.ca\\\/#\\\/schema\\\/logo\\\/image\\\/\"},\"sameAs\":[\"https:\\\/\\\/www.facebook.com\\\/studio303.montreal\",\"http:\\\/\\\/instagram.com\\\/studio303\"]}]}<\/script>\n<!-- \/ Yoast SEO plugin. -->","yoast_head_json":{"title":"Classes - Studio 303","robots":{"index":"index","follow":"follow","max-snippet":"max-snippet:-1","max-image-preview":"max-image-preview:large","max-video-preview":"max-video-preview:-1"},"canonical":"https:\/\/www.studio303.ca\/en\/classes-menu\/","og_locale":"en_US","og_type":"article","og_title":"Classes - Studio 303","og_description":"Studio 303 offers 2 types of classes: Professional Workshops &gt; Studio 303 offers a wide range of professional-level workshops to the dance and other performing arts communities related to movement. These workshops focus more on creative process and alternative techniques than on a daily regime. Open-Level Classes &gt; In addition to its events and workshops, [&hellip;]","og_url":"https:\/\/www.studio303.ca\/en\/classes-menu\/","og_site_name":"Studio 303","article_publisher":"https:\/\/www.facebook.com\/studio303.montreal","article_modified_time":"2023-08-17T00:31:12+00:00","og_image":[{"width":900,"height":600,"url":"https:\/\/www.studio303.ca\/wp-content\/uploads\/2018\/07\/CoursDeDanse-30.jpg","type":"image\/jpeg"}],"twitter_card":"summary_large_image","twitter_misc":{"Est. reading time":"1 minute"},"schema":{"@context":"https:\/\/schema.org","@graph":[{"@type":"WebPage","@id":"https:\/\/www.studio303.ca\/en\/classes-menu\/","url":"https:\/\/www.studio303.ca\/en\/classes-menu\/","name":"Classes - Studio 303","isPartOf":{"@id":"https:\/\/www.studio303.ca\/#website"},"primaryImageOfPage":{"@id":"https:\/\/www.studio303.ca\/en\/classes-menu\/#primaryimage"},"image":{"@id":"https:\/\/www.studio303.ca\/en\/classes-menu\/#primaryimage"},"thumbnailUrl":"https:\/\/www.studio303.ca\/wp-content\/uploads\/2018\/07\/CoursDeDanse-30.jpg","datePublished":"2018-06-25T13:52:20+00:00","dateModified":"2023-08-17T00:31:12+00:00","breadcrumb":{"@id":"https:\/\/www.studio303.ca\/en\/classes-menu\/#breadcrumb"},"inLanguage":"en-US","potentialAction":[{"@type":"ReadAction","target":["https:\/\/www.studio303.ca\/en\/classes-menu\/"]}]},{"@type":"ImageObject","inLanguage":"en-US","@id":"https:\/\/www.studio303.ca\/en\/classes-menu\/#primaryimage","url":"https:\/\/www.studio303.ca\/wp-content\/uploads\/2018\/07\/CoursDeDanse-30.jpg","contentUrl":"https:\/\/www.studio303.ca\/wp-content\/uploads\/2018\/07\/CoursDeDanse-30.jpg","width":900,"height":600,"caption":"Photo: Val\u00e9rie Sangin"},{"@type":"BreadcrumbList","@id":"https:\/\/www.studio303.ca\/en\/classes-menu\/#breadcrumb","itemListElement":[{"@type":"ListItem","position":1,"name":"Home","item":"https:\/\/www.studio303.ca\/en\/home\/"},{"@type":"ListItem","position":2,"name":"Classes"}]},{"@type":"WebSite","@id":"https:\/\/www.studio303.ca\/#website","url":"https:\/\/www.studio303.ca\/","name":"Studio 303","description":"Lieu de diffusion et de soutien pour la danse et l&#039;art indisciplin\u00e9 \u00e0 Montr\u00e9al.","publisher":{"@id":"https:\/\/www.studio303.ca\/#organization"},"potentialAction":[{"@type":"SearchAction","target":{"@type":"EntryPoint","urlTemplate":"https:\/\/www.studio303.ca\/?s={search_term_string}"},"query-input":{"@type":"PropertyValueSpecification","valueRequired":true,"valueName":"search_term_string"}}],"inLanguage":"en-US"},{"@type":"Organization","@id":"https:\/\/www.studio303.ca\/#organization","name":"Studio 303","url":"https:\/\/www.studio303.ca\/","logo":{"@type":"ImageObject","inLanguage":"en-US","@id":"https:\/\/www.studio303.ca\/#\/schema\/logo\/image\/","url":"https:\/\/www.studio303.ca\/wp-content\/uploads\/2025\/08\/studio303-logo_black-c2586d.svg","contentUrl":"https:\/\/www.studio303.ca\/wp-content\/uploads\/2025\/08\/studio303-logo_black-c2586d.svg","caption":"Studio 303"},"image":{"@id":"https:\/\/www.studio303.ca\/#\/schema\/logo\/image\/"},"sameAs":["https:\/\/www.facebook.com\/studio303.montreal","http:\/\/instagram.com\/studio303"]}]}},"_links":{"self":[{"href":"https:\/\/www.studio303.ca\/en\/wp-json\/wp\/v2\/pages\/317","targetHints":{"allow":["GET"]}}],"collection":[{"href":"https:\/\/www.studio303.ca\/en\/wp-json\/wp\/v2\/pages"}],"about":[{"href":"https:\/\/www.studio303.ca\/en\/wp-json\/wp\/v2\/types\/page"}],"author":[{"embeddable":true,"href":"https:\/\/www.studio303.ca\/en\/wp-json\/wp\/v2\/users\/1"}],"replies":[{"embeddable":true,"href":"https:\/\/www.studio303.ca\/en\/wp-json\/wp\/v2\/comments?post=317"}],"version-history":[{"count":9,"href":"https:\/\/www.studio303.ca\/en\/wp-json\/wp\/v2\/pages\/317\/revisions"}],"predecessor-version":[{"id":22312,"href":"https:\/\/www.studio303.ca\/en\/wp-json\/wp\/v2\/pages\/317\/revisions\/22312"}],"wp:featuredmedia":[{"embeddable":true,"href":"https:\/\/www.studio303.ca\/en\/wp-json\/wp\/v2\/media\/1826"}],"wp:attachment":[{"href":"https:\/\/www.studio303.ca\/en\/wp-json\/wp\/v2\/media?parent=317"}],"curies":[{"name":"wp","href":"https:\/\/api.w.org\/{rel}","templated":true}]}}