{"id":318,"date":"2018-06-25T08:53:53","date_gmt":"2018-06-25T13:53:53","guid":{"rendered":"http:\/\/www.studio303.ca\/studio-rental\/"},"modified":"2026-02-24T16:51:09","modified_gmt":"2026-02-24T20:51:09","slug":"studio-rental","status":"publish","type":"page","link":"https:\/\/www.studio303.ca\/en\/studio-rental\/","title":{"rendered":"Studio Rental"},"content":{"rendered":"\n<div class=\"wp-block-buttons section_buttons is-layout-flex wp-block-buttons-is-layout-flex\">\n<div class=\"wp-block-button active_section\"><a class=\"wp-block-button__link wp-element-button\">Studio Only<\/a><\/div>\n\n\n\n<div class=\"wp-block-button\"><a class=\"wp-block-button__link wp-element-button\" href=\"https:\/\/www.studio303.ca\/en\/studio-rental\/independent-production\/\">Independent Productions<\/a><\/div>\n<\/div>\n\n\n\n<p>Based in Tiohti\u00e0:ke \/ Mooniyang \/ Montreal, Studio 303 is a spacious, bright, mirrorless studio that offers a simple and friendly atmosphere, ideal for creation, experimentation, and especially suited for floor work. It can accommodate solo or group rehearsals, auditions, and classes. It is also available for photo and video shoots, meetings, weddings, and even film screenings.<\/p>\n\n\n\n<hr class=\"wp-block-separator has-alpha-channel-opacity\"\/>\n\n\n<h2 class=\"wp-block-heading has-roboto-font-family\" id=\"rent-the-studio\">Rent the studio<\/h2>\n\n\n<div class=\"wp-block-columns is-layout-flex wp-container-core-columns-is-layout-28f84493 wp-block-columns-is-layout-flex\">\n<div class=\"wp-block-column is-layout-flow wp-block-column-is-layout-flow\" style=\"flex-basis:35%\"><h3 class=\"wp-block-heading has-roboto-font-family\" id=\"rates\">Rates<\/h3>\n\n\n<div class=\"wp-block-group is-layout-constrained wp-container-core-group-is-layout-ff778368 wp-block-group-is-layout-constrained\" style=\"border-width:2px;padding-right:var(--wp--preset--spacing--30);padding-left:var(--wp--preset--spacing--30)\"><h3 class=\"wp-block-heading has-text-align-center\" style=\"margin-top:1rem;margin-bottom:0px\" id=\"weekday\"><strong>WEEKDAY<\/strong><\/h3>\n\n\n<figure class=\"wp-block-table is-style-regular\" style=\"margin-top:0.5rem;margin-bottom:0.5rem;font-size:0.85rem\"><table class=\"has-fixed-layout\" style=\"border-style:none;border-width:0px\"><tbody><tr><td>Early Bird (7-9 am)<\/td><td class=\"has-text-align-right\" data-align=\"right\">$12 \/h<\/td><\/tr><tr><td>Day (9 am &#8211; 6 pm)<\/td><td class=\"has-text-align-right\" data-align=\"right\">$20 \/h<\/td><\/tr><tr><td>Evening (from 6 pm)<\/td><td class=\"has-text-align-right\" data-align=\"right\">$45 \/h<\/td><\/tr><\/tbody><\/table><\/figure>\n<\/div>\n\n\n\n<div class=\"wp-block-group is-layout-constrained wp-container-core-group-is-layout-ff778368 wp-block-group-is-layout-constrained\" style=\"border-width:2px;padding-right:var(--wp--preset--spacing--30);padding-left:var(--wp--preset--spacing--30)\"><h3 class=\"wp-block-heading has-text-align-center\" style=\"margin-top:1rem;margin-bottom:0px\" id=\"weekend\"><strong>WEEKEND<\/strong><\/h3>\n\n\n<figure class=\"wp-block-table is-style-regular\" style=\"margin-top:0.5rem;margin-bottom:0.5rem;font-size:0.85rem\"><table class=\"has-fixed-layout\" style=\"border-style:none;border-width:0px\"><tbody><tr><td>Early Bird (8-10 am)<\/td><td class=\"has-text-align-right\" data-align=\"right\">$20 \/h<\/td><\/tr><tr><td>Day &amp; Night (from 10 am)<\/td><td class=\"has-text-align-right\" data-align=\"right\">$45 \/h<\/td><\/tr><\/tbody><\/table><\/figure>\n<\/div>\n\n\n\n<div class=\"wp-block-group is-layout-constrained wp-container-core-group-is-layout-ff778368 wp-block-group-is-layout-constrained\" style=\"border-width:2px;padding-right:var(--wp--preset--spacing--30);padding-left:var(--wp--preset--spacing--30)\"><h3 class=\"wp-block-heading has-text-align-center\" style=\"margin-top:1rem;margin-bottom:0px\" id=\"4-consecutive-days\"><strong>4 CONSECUTIVE DAYS *<\/strong><\/h3>\n\n\n<figure class=\"wp-block-table is-style-regular\" style=\"margin-top:0.5rem;margin-bottom:0.5rem;font-size:0.85rem\"><table class=\"has-fixed-layout\" style=\"border-style:none;border-width:0px\"><tbody><tr><td>Weekdays<\/td><td class=\"has-text-align-right\" data-align=\"right\">$16 \/h<\/td><\/tr><tr><td>Weekends<\/td><td class=\"has-text-align-right\" data-align=\"right\">$20 \/h<\/td><\/tr><\/tbody><\/table><\/figure>\n\n\n\n<p class=\"has-ti-fg-alt-color has-text-color has-link-color wp-elements-d504b9c0b245925bc21f7705173b4a22\" style=\"margin-top:0px;margin-bottom:0.5rem;font-size:0.85rem\"><em>* THE DAYS MUST FOLLOW EACH OTHER<\/em><\/p>\n<\/div>\n<\/div>\n\n\n\n<div class=\"wp-block-column is-layout-flow wp-block-column-is-layout-flow\"><h3 class=\"wp-block-heading has-roboto-font-family\" id=\"images\">Images<\/h3>\n\n\n<div id=\"wp-block-themeisle-blocks-slider-a385aae1\" class=\"wp-block-themeisle-blocks-slider glide location-gallerie\" data-per-view=\"1\" data-gap=\"0\" data-peek=\"0\" data-autoplay=\"4000\" data-height=\"100%\" data-hide-arrows=\"false\" data-transition=\"ease-in-out\"><div class=\"glide__track\" data-glide-el=\"track\"><div class=\"glide__slides\"><div class=\"wp-block-themeisle-blocks-slider-item-wrapper glide__slide\" tabindex=\"0\"><figure><img decoding=\"async\" class=\"wp-block-themeisle-blocks-slider-item\" src=\"https:\/\/www.studio303.ca\/wp-content\/uploads\/2024\/08\/Studio-1.jpg\" alt=\"Studio 303\" title=\"Studio 303\" data-id=\"26735\"\/><\/figure><\/div><div class=\"wp-block-themeisle-blocks-slider-item-wrapper glide__slide\" tabindex=\"0\"><figure><img decoding=\"async\" class=\"wp-block-themeisle-blocks-slider-item\" src=\"https:\/\/www.studio303.ca\/wp-content\/uploads\/2024\/08\/Studio-3.jpg\" alt=\"\" title=\"\" data-id=\"26731\"\/><\/figure><\/div><div class=\"wp-block-themeisle-blocks-slider-item-wrapper glide__slide\" tabindex=\"0\"><figure><img decoding=\"async\" class=\"wp-block-themeisle-blocks-slider-item\" src=\"https:\/\/www.studio303.ca\/wp-content\/uploads\/2024\/08\/Studio-2.jpg\" alt=\"Studio 303\" title=\"Studio 303\" data-id=\"26733\"\/><\/figure><\/div><div class=\"wp-block-themeisle-blocks-slider-item-wrapper glide__slide\" tabindex=\"0\"><figure><img decoding=\"async\" class=\"wp-block-themeisle-blocks-slider-item\" src=\"https:\/\/www.studio303.ca\/wp-content\/uploads\/2024\/08\/Studio-4.jpg\" alt=\"\" title=\"\" data-id=\"26729\"\/><\/figure><\/div><\/div><div class=\"glide__bullets\" data-glide-el=\"controls[nav]\"><button class=\"glide__bullet\" data-glide-dir=\"=0\"><\/button><button class=\"glide__bullet\" data-glide-dir=\"=1\"><\/button><button class=\"glide__bullet\" data-glide-dir=\"=2\"><\/button><button class=\"glide__bullet\" data-glide-dir=\"=3\"><\/button><\/div><\/div><\/div>\n<\/div>\n<\/div>\n\n\n\n<div id=\"wp-block-themeisle-blocks-accordion-d7a71fe2\" class=\"wp-block-themeisle-blocks-accordion icon-first has-icon has-open-icon\">\n<details class=\"wp-block-themeisle-blocks-accordion-item\"><summary class=\"wp-block-themeisle-blocks-accordion-item__title\"><h3>Display description and equipment details<\/h3><\/summary><div class=\"wp-block-themeisle-blocks-accordion-item__content\">\n<div style=\"height:1rem\" aria-hidden=\"true\" class=\"wp-block-spacer\"><\/div>\n\n\n\n<div class=\"wp-block-columns is-layout-flex wp-container-core-columns-is-layout-28f84493 wp-block-columns-is-layout-flex\">\n<div class=\"wp-block-column is-layout-flow wp-block-column-is-layout-flow\"><h3 class=\"wp-block-heading\" id=\"description\">Description<\/h3>\n\n\n<p>1800 sq ft: 48.2\u2019 x 37.4\u2019 \/ Height: 10.2<\/p>\n\n\n\n<p>\u21fe Fully sprung hardwood floor<br>\u21fe 10 large south- and west-facing windows<br>\u21fe Sound system (1 mixing board, 4 speakers)<br>\u21fe Wifi<br>\u21fe Air conditioning in summer<br>\u21fe 18 folding chairs, cushions (18 seats)<br>\u21fe 1 cocktail table (2\u2019x2\u2019), 2 wooden tables (2.5\u2019x4\u2019), 1 folding plastic table (2.5\u2019x5\u2019)<br>\u21fe Black theatre curtains on rails<br>\u21fe Mixed-gender changing room with mirrors, no shower<\/p>\n<\/div>\n\n\n\n<div class=\"wp-block-column is-layout-flow wp-block-column-is-layout-flow\"><h3 class=\"wp-block-heading has-roboto-font-family\" id=\"equipment\">Equipment<\/h3>\n\n\n<p>Studio 303 offers the following equipment for rent (to be used only in our studio):<\/p>\n\n\n\n<p>\u21fe 2 microphones: $15\/day\/microphone<br>\u21fe Ceiling-mounted Christie 5000 lumens projector: $50\/day*<br>\u21fe EPSON (mobile) projector: $40\/day<br>\u21fe On request: Benches (53 seats)<br>\u21fe Mandatory technician fee: $34\/hr, minimum of 4 hours<\/p>\n\n\n\n<p>* Changing the projector\u2019s orientation requires technician fees.<br>Some equipment may be used outside the studio.<\/p>\n<\/div>\n<\/div>\n<\/div><\/details>\n<\/div>\n\n\n\n\n\n\n\n\n\n\n\n\n\n\n\n<div class=\"wp-block-buttons section_buttons is-content-justification-center is-layout-flex wp-container-core-buttons-is-layout-a89b3969 wp-block-buttons-is-layout-flex\">\n<div class=\"wp-block-button has-custom-width wp-block-button__width-100 is-style-outline active_section is-style-outline--1\"><a class=\"wp-block-button__link wp-element-button\" href=\"#rent\">Book Here<\/a><\/div>\n<\/div>\n\n\n\n<iframe loading=\"lazy\" class=\"airtable-embed\" src=\"https:\/\/airtable.com\/embed\/appP9qrsHTImmncSq\/shrPcYqxOGzx4l16e\" frameborder=\"0\" onmousewheel=\"\" width=\"100%\" height=\"533\" style=\"background: transparent; border: 1px solid #ccc;\"><\/iframe>\n\n\n\n<div style=\"height:2rem\" aria-hidden=\"true\" class=\"wp-block-spacer\"><\/div>\n\n\n<h3 class=\"wp-block-heading has-roboto-font-family\" id=\"rent\">Rent the Studio<\/h3>\n\n\n<ol class=\"wp-block-list\">\n<li><strong>Check availability<\/strong><strong><br><\/strong> Review our studio calendar to find available rental times.<br><\/li>\n\n\n\n<li><strong>Review policies<br><\/strong> Please read our <a href=\"https:\/\/www.studio303.ca\/en\/cancellation-and-refund-policy\/\">refund and cancellation policy<\/a> before making a booking.<br><\/li>\n\n\n\n<li><strong>Submit a booking request<br><\/strong> Send an email to <a href=\"mailto:info@studio303.ca\"><strong>info@studio303.ca<\/strong><\/a><strong> <\/strong>with the following details:<br>\n<ul class=\"wp-block-list\">\n<li>Desired rental time (Include the date, start time, and end time)<\/li>\n\n\n\n<li>Reservation and invoicing information:\n<ul class=\"wp-block-list\">\n<li>Full name (first and last)<\/li>\n\n\n\n<li>Email address<\/li>\n\n\n\n<li>Phone number<\/li>\n\n\n\n<li>Postal address<br><\/li>\n<\/ul>\n<\/li>\n<\/ul>\n<\/li>\n\n\n\n<li><strong>Please also consider that:<\/strong>\n<ul class=\"wp-block-list\">\n<li>Rental requests and payments are only processed Monday\u2013Friday, 9 a.m.\u20134 p.m.<\/li>\n\n\n\n<li>Payments are accepted by Interac e-Transfer or credit card (payment instructions will be provided in the invoice along with your rental contract).<\/li>\n<\/ul>\n<\/li>\n<\/ol>\n","protected":false},"excerpt":{"rendered":"<p>Based in Tiohti\u00e0:ke \/ Mooniyang \/ Montreal, Studio 303 is a spacious, bright, mirrorless studio that offers a simple and friendly atmosphere, ideal for creation, experimentation, and especially suited for floor work. It can accommodate solo or group rehearsals, auditions, and classes. It is also available for photo and video shoots, meetings, weddings, and even [&hellip;]<\/p>\n","protected":false},"author":1,"featured_media":0,"parent":0,"menu_order":205,"comment_status":"closed","ping_status":"closed","template":"wp-custom-template-page-without-title","meta":{"_acf_changed":false,"inline_featured_image":false,"_exactmetrics_skip_tracking":false,"_exactmetrics_sitenote_active":false,"_exactmetrics_sitenote_note":"","_exactmetrics_sitenote_category":0,"_themeisle_gutenberg_block_has_review":false,"footnotes":""},"class_list":["post-318","page","type-page","status-publish","hentry"],"acf":[],"yoast_head":"<!-- This site is optimized with the Yoast SEO plugin v27.3 - https:\/\/yoast.com\/product\/yoast-seo-wordpress\/ -->\n<title>Studio Rental - Studio 303<\/title>\n<meta name=\"robots\" content=\"index, follow, max-snippet:-1, max-image-preview:large, max-video-preview:-1\" \/>\n<link rel=\"canonical\" href=\"https:\/\/www.studio303.ca\/en\/studio-rental\/\" \/>\n<meta property=\"og:locale\" content=\"en_US\" \/>\n<meta property=\"og:type\" content=\"article\" \/>\n<meta property=\"og:title\" content=\"Studio Rental - Studio 303\" \/>\n<meta property=\"og:description\" content=\"Based in Tiohti\u00e0:ke \/ Mooniyang \/ Montreal, Studio 303 is a spacious, bright, mirrorless studio that offers a simple and friendly atmosphere, ideal for creation, experimentation, and especially suited for floor work. It can accommodate solo or group rehearsals, auditions, and classes. It is also available for photo and video shoots, meetings, weddings, and even [&hellip;]\" \/>\n<meta property=\"og:url\" content=\"https:\/\/www.studio303.ca\/en\/studio-rental\/\" \/>\n<meta property=\"og:site_name\" content=\"Studio 303\" \/>\n<meta property=\"article:publisher\" content=\"https:\/\/www.facebook.com\/studio303.montreal\" \/>\n<meta property=\"article:modified_time\" content=\"2026-02-24T20:51:09+00:00\" \/>\n<meta property=\"og:image\" content=\"https:\/\/www.studio303.ca\/wp-content\/uploads\/2024\/08\/Studio-1.jpg\" \/>\n<meta name=\"twitter:card\" content=\"summary_large_image\" \/>\n<meta name=\"twitter:label1\" content=\"Est. reading time\" \/>\n\t<meta name=\"twitter:data1\" content=\"3 minutes\" \/>\n<script type=\"application\/ld+json\" class=\"yoast-schema-graph\">{\"@context\":\"https:\\\/\\\/schema.org\",\"@graph\":[{\"@type\":\"WebPage\",\"@id\":\"https:\\\/\\\/www.studio303.ca\\\/en\\\/studio-rental\\\/\",\"url\":\"https:\\\/\\\/www.studio303.ca\\\/en\\\/studio-rental\\\/\",\"name\":\"Studio Rental - Studio 303\",\"isPartOf\":{\"@id\":\"https:\\\/\\\/www.studio303.ca\\\/#website\"},\"primaryImageOfPage\":{\"@id\":\"https:\\\/\\\/www.studio303.ca\\\/en\\\/studio-rental\\\/#primaryimage\"},\"image\":{\"@id\":\"https:\\\/\\\/www.studio303.ca\\\/en\\\/studio-rental\\\/#primaryimage\"},\"thumbnailUrl\":\"https:\\\/\\\/www.studio303.ca\\\/wp-content\\\/uploads\\\/2024\\\/08\\\/Studio-1.jpg\",\"datePublished\":\"2018-06-25T13:53:53+00:00\",\"dateModified\":\"2026-02-24T20:51:09+00:00\",\"breadcrumb\":{\"@id\":\"https:\\\/\\\/www.studio303.ca\\\/en\\\/studio-rental\\\/#breadcrumb\"},\"inLanguage\":\"en-US\",\"potentialAction\":[{\"@type\":\"ReadAction\",\"target\":[\"https:\\\/\\\/www.studio303.ca\\\/en\\\/studio-rental\\\/\"]}]},{\"@type\":\"ImageObject\",\"inLanguage\":\"en-US\",\"@id\":\"https:\\\/\\\/www.studio303.ca\\\/en\\\/studio-rental\\\/#primaryimage\",\"url\":\"https:\\\/\\\/www.studio303.ca\\\/wp-content\\\/uploads\\\/2024\\\/08\\\/Studio-1.jpg\",\"contentUrl\":\"https:\\\/\\\/www.studio303.ca\\\/wp-content\\\/uploads\\\/2024\\\/08\\\/Studio-1.jpg\"},{\"@type\":\"BreadcrumbList\",\"@id\":\"https:\\\/\\\/www.studio303.ca\\\/en\\\/studio-rental\\\/#breadcrumb\",\"itemListElement\":[{\"@type\":\"ListItem\",\"position\":1,\"name\":\"Home\",\"item\":\"https:\\\/\\\/www.studio303.ca\\\/en\\\/home\\\/\"},{\"@type\":\"ListItem\",\"position\":2,\"name\":\"Studio Rental\"}]},{\"@type\":\"WebSite\",\"@id\":\"https:\\\/\\\/www.studio303.ca\\\/#website\",\"url\":\"https:\\\/\\\/www.studio303.ca\\\/\",\"name\":\"Studio 303\",\"description\":\"Lieu de diffusion et de soutien pour la danse et l&#039;art indisciplin\u00e9 \u00e0 Montr\u00e9al.\",\"publisher\":{\"@id\":\"https:\\\/\\\/www.studio303.ca\\\/#organization\"},\"potentialAction\":[{\"@type\":\"SearchAction\",\"target\":{\"@type\":\"EntryPoint\",\"urlTemplate\":\"https:\\\/\\\/www.studio303.ca\\\/?s={search_term_string}\"},\"query-input\":{\"@type\":\"PropertyValueSpecification\",\"valueRequired\":true,\"valueName\":\"search_term_string\"}}],\"inLanguage\":\"en-US\"},{\"@type\":\"Organization\",\"@id\":\"https:\\\/\\\/www.studio303.ca\\\/#organization\",\"name\":\"Studio 303\",\"url\":\"https:\\\/\\\/www.studio303.ca\\\/\",\"logo\":{\"@type\":\"ImageObject\",\"inLanguage\":\"en-US\",\"@id\":\"https:\\\/\\\/www.studio303.ca\\\/#\\\/schema\\\/logo\\\/image\\\/\",\"url\":\"https:\\\/\\\/www.studio303.ca\\\/wp-content\\\/uploads\\\/2025\\\/08\\\/studio303-logo_black-c2586d.svg\",\"contentUrl\":\"https:\\\/\\\/www.studio303.ca\\\/wp-content\\\/uploads\\\/2025\\\/08\\\/studio303-logo_black-c2586d.svg\",\"caption\":\"Studio 303\"},\"image\":{\"@id\":\"https:\\\/\\\/www.studio303.ca\\\/#\\\/schema\\\/logo\\\/image\\\/\"},\"sameAs\":[\"https:\\\/\\\/www.facebook.com\\\/studio303.montreal\",\"http:\\\/\\\/instagram.com\\\/studio303\"]}]}<\/script>\n<!-- \/ Yoast SEO plugin. -->","yoast_head_json":{"title":"Studio Rental - Studio 303","robots":{"index":"index","follow":"follow","max-snippet":"max-snippet:-1","max-image-preview":"max-image-preview:large","max-video-preview":"max-video-preview:-1"},"canonical":"https:\/\/www.studio303.ca\/en\/studio-rental\/","og_locale":"en_US","og_type":"article","og_title":"Studio Rental - Studio 303","og_description":"Based in Tiohti\u00e0:ke \/ Mooniyang \/ Montreal, Studio 303 is a spacious, bright, mirrorless studio that offers a simple and friendly atmosphere, ideal for creation, experimentation, and especially suited for floor work. It can accommodate solo or group rehearsals, auditions, and classes. It is also available for photo and video shoots, meetings, weddings, and even [&hellip;]","og_url":"https:\/\/www.studio303.ca\/en\/studio-rental\/","og_site_name":"Studio 303","article_publisher":"https:\/\/www.facebook.com\/studio303.montreal","article_modified_time":"2026-02-24T20:51:09+00:00","og_image":[{"url":"https:\/\/www.studio303.ca\/wp-content\/uploads\/2024\/08\/Studio-1.jpg","type":"","width":"","height":""}],"twitter_card":"summary_large_image","twitter_misc":{"Est. reading time":"3 minutes"},"schema":{"@context":"https:\/\/schema.org","@graph":[{"@type":"WebPage","@id":"https:\/\/www.studio303.ca\/en\/studio-rental\/","url":"https:\/\/www.studio303.ca\/en\/studio-rental\/","name":"Studio Rental - Studio 303","isPartOf":{"@id":"https:\/\/www.studio303.ca\/#website"},"primaryImageOfPage":{"@id":"https:\/\/www.studio303.ca\/en\/studio-rental\/#primaryimage"},"image":{"@id":"https:\/\/www.studio303.ca\/en\/studio-rental\/#primaryimage"},"thumbnailUrl":"https:\/\/www.studio303.ca\/wp-content\/uploads\/2024\/08\/Studio-1.jpg","datePublished":"2018-06-25T13:53:53+00:00","dateModified":"2026-02-24T20:51:09+00:00","breadcrumb":{"@id":"https:\/\/www.studio303.ca\/en\/studio-rental\/#breadcrumb"},"inLanguage":"en-US","potentialAction":[{"@type":"ReadAction","target":["https:\/\/www.studio303.ca\/en\/studio-rental\/"]}]},{"@type":"ImageObject","inLanguage":"en-US","@id":"https:\/\/www.studio303.ca\/en\/studio-rental\/#primaryimage","url":"https:\/\/www.studio303.ca\/wp-content\/uploads\/2024\/08\/Studio-1.jpg","contentUrl":"https:\/\/www.studio303.ca\/wp-content\/uploads\/2024\/08\/Studio-1.jpg"},{"@type":"BreadcrumbList","@id":"https:\/\/www.studio303.ca\/en\/studio-rental\/#breadcrumb","itemListElement":[{"@type":"ListItem","position":1,"name":"Home","item":"https:\/\/www.studio303.ca\/en\/home\/"},{"@type":"ListItem","position":2,"name":"Studio Rental"}]},{"@type":"WebSite","@id":"https:\/\/www.studio303.ca\/#website","url":"https:\/\/www.studio303.ca\/","name":"Studio 303","description":"Lieu de diffusion et de soutien pour la danse et l&#039;art indisciplin\u00e9 \u00e0 Montr\u00e9al.","publisher":{"@id":"https:\/\/www.studio303.ca\/#organization"},"potentialAction":[{"@type":"SearchAction","target":{"@type":"EntryPoint","urlTemplate":"https:\/\/www.studio303.ca\/?s={search_term_string}"},"query-input":{"@type":"PropertyValueSpecification","valueRequired":true,"valueName":"search_term_string"}}],"inLanguage":"en-US"},{"@type":"Organization","@id":"https:\/\/www.studio303.ca\/#organization","name":"Studio 303","url":"https:\/\/www.studio303.ca\/","logo":{"@type":"ImageObject","inLanguage":"en-US","@id":"https:\/\/www.studio303.ca\/#\/schema\/logo\/image\/","url":"https:\/\/www.studio303.ca\/wp-content\/uploads\/2025\/08\/studio303-logo_black-c2586d.svg","contentUrl":"https:\/\/www.studio303.ca\/wp-content\/uploads\/2025\/08\/studio303-logo_black-c2586d.svg","caption":"Studio 303"},"image":{"@id":"https:\/\/www.studio303.ca\/#\/schema\/logo\/image\/"},"sameAs":["https:\/\/www.facebook.com\/studio303.montreal","http:\/\/instagram.com\/studio303"]}]}},"_links":{"self":[{"href":"https:\/\/www.studio303.ca\/en\/wp-json\/wp\/v2\/pages\/318","targetHints":{"allow":["GET"]}}],"collection":[{"href":"https:\/\/www.studio303.ca\/en\/wp-json\/wp\/v2\/pages"}],"about":[{"href":"https:\/\/www.studio303.ca\/en\/wp-json\/wp\/v2\/types\/page"}],"author":[{"embeddable":true,"href":"https:\/\/www.studio303.ca\/en\/wp-json\/wp\/v2\/users\/1"}],"replies":[{"embeddable":true,"href":"https:\/\/www.studio303.ca\/en\/wp-json\/wp\/v2\/comments?post=318"}],"version-history":[{"count":30,"href":"https:\/\/www.studio303.ca\/en\/wp-json\/wp\/v2\/pages\/318\/revisions"}],"predecessor-version":[{"id":33984,"href":"https:\/\/www.studio303.ca\/en\/wp-json\/wp\/v2\/pages\/318\/revisions\/33984"}],"wp:attachment":[{"href":"https:\/\/www.studio303.ca\/en\/wp-json\/wp\/v2\/media?parent=318"}],"curies":[{"name":"wp","href":"https:\/\/api.w.org\/{rel}","templated":true}]}}