{"id":32419,"date":"2025-11-05T09:38:52","date_gmt":"2025-11-05T13:38:52","guid":{"rendered":"https:\/\/www.studio303.ca\/?page_id=32419"},"modified":"2025-11-05T09:40:20","modified_gmt":"2025-11-05T13:40:20","slug":"archives-other-series","status":"publish","type":"page","link":"https:\/\/www.studio303.ca\/en\/archives\/archives-other-series\/","title":{"rendered":"Archives"},"content":{"rendered":"<h1 class=\"wp-block-heading\" id=\"public-events-other-series\">Public Events &#8211; Other Series<\/h1>\n\n<h2 class=\"wp-block-heading\" id=\"queer-performance-camp-2016-2023\">Queer Performance Camp (2016 \u2013 2023)<\/h2>\n\n\n<div class=\"wp-block-columns is-layout-flex wp-container-core-columns-is-layout-28f84493 wp-block-columns-is-layout-flex\">\n<div class=\"wp-block-column is-layout-flow wp-block-column-is-layout-flow\" style=\"flex-basis:66.66%\">\n<p>Born in 2016, the Queer Performance Camp series offers a rare opportunity to explore, create, perform and network in a safe space where \u201cqueer\u201d is the dominant culture. These events aim to create new ways to connect, grow and build community, while supporting the development of queer artists through shows, workshops and gatherings.\u00a0Organised in collaboration with\u00a0<a href=\"http:\/\/m-a-i.qc.ca\/\" target=\"_blank\" rel=\"noreferrer noopener\">MAI (Montr\u00e9al, arts interculturels)<\/a>\u00a0and\u00a0<a href=\"http:\/\/lachapelle.org\/en\" target=\"_blank\" rel=\"noreferrer noopener\">La Chapelle Sc\u00e8nes Contemporaines<\/a>, Queer Performance Camp is open to ALL artists (whatever their gender and sexuality).<\/p>\n\n\n\n<p><strong><a href=\"https:\/\/www.studio303.ca\/en\/archives\/archives-queer-performance-camp\/\" target=\"_blank\" rel=\"noreferrer noopener\"><strong>More info<\/strong><\/a><\/strong><\/p>\n<\/div>\n\n\n\n<div class=\"wp-block-column is-layout-flow wp-block-column-is-layout-flow\" style=\"flex-basis:33.33%\">\n<figure class=\"wp-block-image size-large corners\"><img loading=\"lazy\" decoding=\"async\" width=\"1024\" height=\"574\" src=\"https:\/\/www.studio303.ca\/wp-content\/uploads\/2025\/10\/Screen-Shot-2022-07-20-at-3.27.52-PM-1024x574.png\" alt=\"\" class=\"wp-image-32039\" srcset=\"https:\/\/www.studio303.ca\/wp-content\/uploads\/2025\/10\/Screen-Shot-2022-07-20-at-3.27.52-PM-1024x574.png 1024w, https:\/\/www.studio303.ca\/wp-content\/uploads\/2025\/10\/Screen-Shot-2022-07-20-at-3.27.52-PM-300x168.png 300w, https:\/\/www.studio303.ca\/wp-content\/uploads\/2025\/10\/Screen-Shot-2022-07-20-at-3.27.52-PM-768x430.png 768w, https:\/\/www.studio303.ca\/wp-content\/uploads\/2025\/10\/Screen-Shot-2022-07-20-at-3.27.52-PM-1536x861.png 1536w, https:\/\/www.studio303.ca\/wp-content\/uploads\/2025\/10\/Screen-Shot-2022-07-20-at-3.27.52-PM-468x262.png 468w, https:\/\/www.studio303.ca\/wp-content\/uploads\/2025\/10\/Screen-Shot-2022-07-20-at-3.27.52-PM.png 1727w\" sizes=\"auto, (max-width: 1024px) 100vw, 1024px\" \/><figcaption class=\"wp-element-caption\">Maxine Segalowitz \u2013 Queer Performance Camp (2018)<br>Photo by Kinga Michalska<\/figcaption><\/figure>\n<\/div>\n<\/div>\n\n\n<h2 class=\"wp-block-heading\" id=\"edgy-women-1994-2016\">Edgy Women (1994 \u2013 2016)<\/h2>\n\n\n<div class=\"wp-block-columns is-layout-flex wp-container-core-columns-is-layout-28f84493 wp-block-columns-is-layout-flex\">\n<div class=\"wp-block-column is-layout-flow wp-block-column-is-layout-flow\" style=\"flex-basis:66.66%\">\n<p>This longstanding feminist experimental art event series ran for 23 years from 1994 to 2016. Commemorating International Women\u2019s Day, Edgy\u2019s mission was to explore the complexity of contemporary feminisms through fun, experimental, and community-building artistic events. Here you can view a list of contributing artists, a project history, and some event documentation.<\/p>\n\n\n\n<p><a href=\"https:\/\/www.studio303.ca\/en\/archives\/archives-edgy-women\/\">More info<\/a><\/p>\n<\/div>\n\n\n\n<div class=\"wp-block-column is-layout-flow wp-block-column-is-layout-flow\" style=\"flex-basis:33.33%\">\n<figure class=\"wp-block-image size-large corners\"><img loading=\"lazy\" decoding=\"async\" width=\"1024\" height=\"683\" src=\"https:\/\/www.studio303.ca\/wp-content\/uploads\/2025\/10\/4352028484_9a5f5776eb_o-2048x1365-1-1024x683.jpg\" alt=\"\" class=\"wp-image-32041\" srcset=\"https:\/\/www.studio303.ca\/wp-content\/uploads\/2025\/10\/4352028484_9a5f5776eb_o-2048x1365-1-1024x683.jpg 1024w, https:\/\/www.studio303.ca\/wp-content\/uploads\/2025\/10\/4352028484_9a5f5776eb_o-2048x1365-1-300x200.jpg 300w, https:\/\/www.studio303.ca\/wp-content\/uploads\/2025\/10\/4352028484_9a5f5776eb_o-2048x1365-1-768x512.jpg 768w, https:\/\/www.studio303.ca\/wp-content\/uploads\/2025\/10\/4352028484_9a5f5776eb_o-2048x1365-1-1536x1024.jpg 1536w, https:\/\/www.studio303.ca\/wp-content\/uploads\/2025\/10\/4352028484_9a5f5776eb_o-2048x1365-1-468x312.jpg 468w, https:\/\/www.studio303.ca\/wp-content\/uploads\/2025\/10\/4352028484_9a5f5776eb_o-2048x1365-1.jpg 2048w\" sizes=\"auto, (max-width: 1024px) 100vw, 1024px\" \/><figcaption class=\"wp-element-caption\">Performance de Coral Short \u2013 Party Edgy (2009)<br>Photo by Lisa Graves<\/figcaption><\/figure>\n<\/div>\n<\/div>\n\n\n<h2 class=\"wp-block-heading\" id=\"vernissagedanse-19892009\">Vernissage-Danse (1989-2009)<\/h2>\n\n\n<div class=\"wp-block-columns is-layout-flex wp-container-core-columns-is-layout-28f84493 wp-block-columns-is-layout-flex\">\n<div class=\"wp-block-column is-layout-flow wp-block-column-is-layout-flow\" style=\"flex-basis:66.66%\">\n<p>Studio 303\u2019s most prolific series, the Vernissage-Danse ran approximately 6 times per year for 20 years for a total of 145 editions! As we weren\u2019t technically supposed to present \u201cshows\u201d in the studio, we emulated our neighbouring art galleries and held monthly \u201cvernissages\u201d instead. A typical Vernissage-Danse event presented 5 short works on a shared programme featuring emerging and\/or established artists from Montreal and abroad. At first the series was programmed on a first-come first-served basis, eventually evolving into a curated thematic series. For many years, we integrated an annual artist exchange with New York\u2019s New Dance Alliance (NDA) \/ Performance Mix.<\/p>\n\n\n\n<p><strong><strong><a href=\"https:\/\/www.studio303.ca\/en\/archives\/archives-vernissage-danse\/\" target=\"_blank\" rel=\"noreferrer noopener\">More info<\/a><\/strong><\/strong><\/p>\n<\/div>\n\n\n\n<div class=\"wp-block-column is-layout-flow wp-block-column-is-layout-flow\" style=\"flex-basis:33.33%\">\n<figure class=\"wp-block-image size-full corners\"><img loading=\"lazy\" decoding=\"async\" width=\"600\" height=\"400\" src=\"https:\/\/www.studio303.ca\/wp-content\/uploads\/2025\/10\/Sigal_Bergman2001.gif\" alt=\"\" class=\"wp-image-32043\"\/><figcaption class=\"wp-element-caption\">Sigal Bergman (2001)<\/figcaption><\/figure>\n<\/div>\n<\/div>\n\n\n<h2 class=\"wp-block-heading\" id=\"other-past-series-1993-2009\">Other Past Series (1993 \u2013 2009)<\/h2>\n\n\n<div class=\"wp-block-columns is-layout-flex wp-container-core-columns-is-layout-28f84493 wp-block-columns-is-layout-flex\">\n<div class=\"wp-block-column is-layout-flow wp-block-column-is-layout-flow\" style=\"flex-basis:66.66%\">\n<p>At Studio 303, we are constantly dreaming up new projects, in reponse to current desires, needs and opportunities. We often explore these for several years, before laying them to rest in order to make space for new ideas. Here you will find a list of past series and the artists who participated, including the iconic Noises from the Dark, projet\/projo and The Home Show. Since 2009, our series (such as REMIX and M\u00e9tamorphose) are integrated into the Presenting by Season section.<\/p>\n\n\n\n<p><strong><a href=\"https:\/\/www.studio303.ca\/en\/archives\/archives-other-past-series\/\" target=\"_blank\" rel=\"noreferrer noopener\">More info<\/a><\/strong><\/p>\n<\/div>\n\n\n\n<div class=\"wp-block-column is-layout-flow wp-block-column-is-layout-flow\" style=\"flex-basis:33.33%\">\n<figure class=\"wp-block-image size-large corners\"><img loading=\"lazy\" decoding=\"async\" width=\"1024\" height=\"773\" src=\"https:\/\/www.studio303.ca\/wp-content\/uploads\/2025\/10\/Susanna-Hood-by-Jillian-Willcott-square-1056x797-1-1024x773.jpeg\" alt=\"\" class=\"wp-image-32045\" srcset=\"https:\/\/www.studio303.ca\/wp-content\/uploads\/2025\/10\/Susanna-Hood-by-Jillian-Willcott-square-1056x797-1-1024x773.jpeg 1024w, https:\/\/www.studio303.ca\/wp-content\/uploads\/2025\/10\/Susanna-Hood-by-Jillian-Willcott-square-1056x797-1-300x226.jpeg 300w, https:\/\/www.studio303.ca\/wp-content\/uploads\/2025\/10\/Susanna-Hood-by-Jillian-Willcott-square-1056x797-1-768x580.jpeg 768w, https:\/\/www.studio303.ca\/wp-content\/uploads\/2025\/10\/Susanna-Hood-by-Jillian-Willcott-square-1056x797-1-456x344.jpeg 456w, https:\/\/www.studio303.ca\/wp-content\/uploads\/2025\/10\/Susanna-Hood-by-Jillian-Willcott-square-1056x797-1.jpeg 1056w\" sizes=\"auto, (max-width: 1024px) 100vw, 1024px\" \/><figcaption class=\"wp-element-caption\">Susanna Hood<br>Photo by Jillian Willcott<\/figcaption><\/figure>\n<\/div>\n<\/div>\n","protected":false},"excerpt":{"rendered":"<p>Public Events &#8211; Other Series Queer Performance Camp (2016 \u2013 2023) Born in 2016, the Queer Performance Camp series offers a rare opportunity to explore, create, perform and network in a safe space where \u201cqueer\u201d is the dominant culture. These events aim to create new ways to connect, grow and build community, while supporting the [&hellip;]<\/p>\n","protected":false},"author":4,"featured_media":0,"parent":435,"menu_order":0,"comment_status":"closed","ping_status":"closed","template":"wp-custom-template-page-with-navigation","meta":{"_acf_changed":false,"inline_featured_image":false,"_exactmetrics_skip_tracking":false,"_exactmetrics_sitenote_active":false,"_exactmetrics_sitenote_note":"","_exactmetrics_sitenote_category":0,"_themeisle_gutenberg_block_has_review":false,"footnotes":""},"class_list":["post-32419","page","type-page","status-publish","hentry"],"acf":[],"yoast_head":"<!-- This site is optimized with the Yoast SEO plugin v27.4 - https:\/\/yoast.com\/product\/yoast-seo-wordpress\/ -->\n<title>Archives \/ Public Events - Other Series - Studio 303<\/title>\n<meta name=\"robots\" content=\"index, follow, max-snippet:-1, max-image-preview:large, max-video-preview:-1\" \/>\n<link rel=\"canonical\" href=\"https:\/\/www.studio303.ca\/representation\/2026-06-26-10h00-atelier-professionnel-nicole-jacobs\/\" \/>\n<meta property=\"og:locale\" content=\"en_US\" \/>\n<meta property=\"og:type\" content=\"article\" \/>\n<meta property=\"og:title\" content=\"Archives \/ Public Events - Other Series - Studio 303\" \/>\n<meta property=\"og:description\" content=\"Public Events &#8211; Other Series Queer Performance Camp (2016 \u2013 2023) Born in 2016, the Queer Performance Camp series offers a rare opportunity to explore, create, perform and network in a safe space where \u201cqueer\u201d is the dominant culture. These events aim to create new ways to connect, grow and build community, while supporting the [&hellip;]\" \/>\n<meta property=\"og:url\" content=\"https:\/\/www.studio303.ca\/representation\/2026-06-26-10h00-atelier-professionnel-nicole-jacobs\/\" \/>\n<meta property=\"og:site_name\" content=\"Studio 303\" \/>\n<meta property=\"article:publisher\" content=\"https:\/\/www.facebook.com\/studio303.montreal\" \/>\n<meta property=\"article:modified_time\" content=\"2025-11-05T13:40:20+00:00\" \/>\n<meta property=\"og:image\" content=\"https:\/\/www.studio303.ca\/wp-content\/uploads\/2025\/10\/Screen-Shot-2022-07-20-at-3.27.52-PM-1024x574.png\" \/>\n<meta name=\"twitter:card\" content=\"summary_large_image\" \/>\n<meta name=\"twitter:label1\" content=\"Est. reading time\" \/>\n\t<meta name=\"twitter:data1\" content=\"3 minutes\" \/>\n<script type=\"application\/ld+json\" class=\"yoast-schema-graph\">{\"@context\":\"https:\\\/\\\/schema.org\",\"@graph\":[{\"@type\":\"WebPage\",\"@id\":\"https:\\\/\\\/www.studio303.ca\\\/representation\\\/2026-06-26-10h00-atelier-professionnel-nicole-jacobs\\\/\",\"url\":\"https:\\\/\\\/www.studio303.ca\\\/representation\\\/2026-06-26-10h00-atelier-professionnel-nicole-jacobs\\\/\",\"name\":\"Archives \\\/ Public Events - Other Series - Studio 303\",\"isPartOf\":{\"@id\":\"https:\\\/\\\/www.studio303.ca\\\/#website\"},\"primaryImageOfPage\":{\"@id\":\"https:\\\/\\\/www.studio303.ca\\\/representation\\\/2026-06-26-10h00-atelier-professionnel-nicole-jacobs\\\/#primaryimage\"},\"image\":{\"@id\":\"https:\\\/\\\/www.studio303.ca\\\/representation\\\/2026-06-26-10h00-atelier-professionnel-nicole-jacobs\\\/#primaryimage\"},\"thumbnailUrl\":\"https:\\\/\\\/www.studio303.ca\\\/wp-content\\\/uploads\\\/2025\\\/10\\\/Screen-Shot-2022-07-20-at-3.27.52-PM-1024x574.png\",\"datePublished\":\"2025-11-05T13:38:52+00:00\",\"dateModified\":\"2025-11-05T13:40:20+00:00\",\"breadcrumb\":{\"@id\":\"https:\\\/\\\/www.studio303.ca\\\/representation\\\/2026-06-26-10h00-atelier-professionnel-nicole-jacobs\\\/#breadcrumb\"},\"inLanguage\":\"en-US\",\"potentialAction\":[{\"@type\":\"ReadAction\",\"target\":[\"https:\\\/\\\/www.studio303.ca\\\/representation\\\/2026-06-26-10h00-atelier-professionnel-nicole-jacobs\\\/\"]}]},{\"@type\":\"ImageObject\",\"inLanguage\":\"en-US\",\"@id\":\"https:\\\/\\\/www.studio303.ca\\\/representation\\\/2026-06-26-10h00-atelier-professionnel-nicole-jacobs\\\/#primaryimage\",\"url\":\"https:\\\/\\\/www.studio303.ca\\\/wp-content\\\/uploads\\\/2025\\\/10\\\/Screen-Shot-2022-07-20-at-3.27.52-PM-1024x574.png\",\"contentUrl\":\"https:\\\/\\\/www.studio303.ca\\\/wp-content\\\/uploads\\\/2025\\\/10\\\/Screen-Shot-2022-07-20-at-3.27.52-PM-1024x574.png\"},{\"@type\":\"BreadcrumbList\",\"@id\":\"https:\\\/\\\/www.studio303.ca\\\/representation\\\/2026-06-26-10h00-atelier-professionnel-nicole-jacobs\\\/#breadcrumb\",\"itemListElement\":[{\"@type\":\"ListItem\",\"position\":1,\"name\":\"Home\",\"item\":\"https:\\\/\\\/www.studio303.ca\\\/en\\\/\"},{\"@type\":\"ListItem\",\"position\":2,\"name\":\"Archives\",\"item\":\"https:\\\/\\\/www.studio303.ca\\\/en\\\/archives\\\/\"},{\"@type\":\"ListItem\",\"position\":3,\"name\":\"Archives\"}]},{\"@type\":\"WebSite\",\"@id\":\"https:\\\/\\\/www.studio303.ca\\\/#website\",\"url\":\"https:\\\/\\\/www.studio303.ca\\\/\",\"name\":\"Studio 303\",\"description\":\"Lieu de diffusion et de soutien pour la danse et l&#039;art indisciplin\u00e9 \u00e0 Montr\u00e9al.\",\"publisher\":{\"@id\":\"https:\\\/\\\/www.studio303.ca\\\/#organization\"},\"potentialAction\":[{\"@type\":\"SearchAction\",\"target\":{\"@type\":\"EntryPoint\",\"urlTemplate\":\"https:\\\/\\\/www.studio303.ca\\\/?s={search_term_string}\"},\"query-input\":{\"@type\":\"PropertyValueSpecification\",\"valueRequired\":true,\"valueName\":\"search_term_string\"}}],\"inLanguage\":\"en-US\"},{\"@type\":\"Organization\",\"@id\":\"https:\\\/\\\/www.studio303.ca\\\/#organization\",\"name\":\"Studio 303\",\"url\":\"https:\\\/\\\/www.studio303.ca\\\/\",\"logo\":{\"@type\":\"ImageObject\",\"inLanguage\":\"en-US\",\"@id\":\"https:\\\/\\\/www.studio303.ca\\\/#\\\/schema\\\/logo\\\/image\\\/\",\"url\":\"https:\\\/\\\/www.studio303.ca\\\/wp-content\\\/uploads\\\/2025\\\/08\\\/studio303-logo_black-c2586d.svg\",\"contentUrl\":\"https:\\\/\\\/www.studio303.ca\\\/wp-content\\\/uploads\\\/2025\\\/08\\\/studio303-logo_black-c2586d.svg\",\"caption\":\"Studio 303\"},\"image\":{\"@id\":\"https:\\\/\\\/www.studio303.ca\\\/#\\\/schema\\\/logo\\\/image\\\/\"},\"sameAs\":[\"https:\\\/\\\/www.facebook.com\\\/studio303.montreal\",\"http:\\\/\\\/instagram.com\\\/studio303\"]}]}<\/script>\n<!-- \/ Yoast SEO plugin. -->","yoast_head_json":{"title":"Archives \/ Public Events - Other Series - Studio 303","robots":{"index":"index","follow":"follow","max-snippet":"max-snippet:-1","max-image-preview":"max-image-preview:large","max-video-preview":"max-video-preview:-1"},"canonical":"https:\/\/www.studio303.ca\/representation\/2026-06-26-10h00-atelier-professionnel-nicole-jacobs\/","og_locale":"en_US","og_type":"article","og_title":"Archives \/ Public Events - Other Series - Studio 303","og_description":"Public Events &#8211; Other Series Queer Performance Camp (2016 \u2013 2023) Born in 2016, the Queer Performance Camp series offers a rare opportunity to explore, create, perform and network in a safe space where \u201cqueer\u201d is the dominant culture. These events aim to create new ways to connect, grow and build community, while supporting the [&hellip;]","og_url":"https:\/\/www.studio303.ca\/representation\/2026-06-26-10h00-atelier-professionnel-nicole-jacobs\/","og_site_name":"Studio 303","article_publisher":"https:\/\/www.facebook.com\/studio303.montreal","article_modified_time":"2025-11-05T13:40:20+00:00","og_image":[{"url":"https:\/\/www.studio303.ca\/wp-content\/uploads\/2025\/10\/Screen-Shot-2022-07-20-at-3.27.52-PM-1024x574.png","type":"","width":"","height":""}],"twitter_card":"summary_large_image","twitter_misc":{"Est. reading time":"3 minutes"},"schema":{"@context":"https:\/\/schema.org","@graph":[{"@type":"WebPage","@id":"https:\/\/www.studio303.ca\/representation\/2026-06-26-10h00-atelier-professionnel-nicole-jacobs\/","url":"https:\/\/www.studio303.ca\/representation\/2026-06-26-10h00-atelier-professionnel-nicole-jacobs\/","name":"Archives \/ Public Events - Other Series - Studio 303","isPartOf":{"@id":"https:\/\/www.studio303.ca\/#website"},"primaryImageOfPage":{"@id":"https:\/\/www.studio303.ca\/representation\/2026-06-26-10h00-atelier-professionnel-nicole-jacobs\/#primaryimage"},"image":{"@id":"https:\/\/www.studio303.ca\/representation\/2026-06-26-10h00-atelier-professionnel-nicole-jacobs\/#primaryimage"},"thumbnailUrl":"https:\/\/www.studio303.ca\/wp-content\/uploads\/2025\/10\/Screen-Shot-2022-07-20-at-3.27.52-PM-1024x574.png","datePublished":"2025-11-05T13:38:52+00:00","dateModified":"2025-11-05T13:40:20+00:00","breadcrumb":{"@id":"https:\/\/www.studio303.ca\/representation\/2026-06-26-10h00-atelier-professionnel-nicole-jacobs\/#breadcrumb"},"inLanguage":"en-US","potentialAction":[{"@type":"ReadAction","target":["https:\/\/www.studio303.ca\/representation\/2026-06-26-10h00-atelier-professionnel-nicole-jacobs\/"]}]},{"@type":"ImageObject","inLanguage":"en-US","@id":"https:\/\/www.studio303.ca\/representation\/2026-06-26-10h00-atelier-professionnel-nicole-jacobs\/#primaryimage","url":"https:\/\/www.studio303.ca\/wp-content\/uploads\/2025\/10\/Screen-Shot-2022-07-20-at-3.27.52-PM-1024x574.png","contentUrl":"https:\/\/www.studio303.ca\/wp-content\/uploads\/2025\/10\/Screen-Shot-2022-07-20-at-3.27.52-PM-1024x574.png"},{"@type":"BreadcrumbList","@id":"https:\/\/www.studio303.ca\/representation\/2026-06-26-10h00-atelier-professionnel-nicole-jacobs\/#breadcrumb","itemListElement":[{"@type":"ListItem","position":1,"name":"Home","item":"https:\/\/www.studio303.ca\/en\/"},{"@type":"ListItem","position":2,"name":"Archives","item":"https:\/\/www.studio303.ca\/en\/archives\/"},{"@type":"ListItem","position":3,"name":"Archives"}]},{"@type":"WebSite","@id":"https:\/\/www.studio303.ca\/#website","url":"https:\/\/www.studio303.ca\/","name":"Studio 303","description":"Lieu de diffusion et de soutien pour la danse et l&#039;art indisciplin\u00e9 \u00e0 Montr\u00e9al.","publisher":{"@id":"https:\/\/www.studio303.ca\/#organization"},"potentialAction":[{"@type":"SearchAction","target":{"@type":"EntryPoint","urlTemplate":"https:\/\/www.studio303.ca\/?s={search_term_string}"},"query-input":{"@type":"PropertyValueSpecification","valueRequired":true,"valueName":"search_term_string"}}],"inLanguage":"en-US"},{"@type":"Organization","@id":"https:\/\/www.studio303.ca\/#organization","name":"Studio 303","url":"https:\/\/www.studio303.ca\/","logo":{"@type":"ImageObject","inLanguage":"en-US","@id":"https:\/\/www.studio303.ca\/#\/schema\/logo\/image\/","url":"https:\/\/www.studio303.ca\/wp-content\/uploads\/2025\/08\/studio303-logo_black-c2586d.svg","contentUrl":"https:\/\/www.studio303.ca\/wp-content\/uploads\/2025\/08\/studio303-logo_black-c2586d.svg","caption":"Studio 303"},"image":{"@id":"https:\/\/www.studio303.ca\/#\/schema\/logo\/image\/"},"sameAs":["https:\/\/www.facebook.com\/studio303.montreal","http:\/\/instagram.com\/studio303"]}]}},"_links":{"self":[{"href":"https:\/\/www.studio303.ca\/en\/wp-json\/wp\/v2\/pages\/32419","targetHints":{"allow":["GET"]}}],"collection":[{"href":"https:\/\/www.studio303.ca\/en\/wp-json\/wp\/v2\/pages"}],"about":[{"href":"https:\/\/www.studio303.ca\/en\/wp-json\/wp\/v2\/types\/page"}],"author":[{"embeddable":true,"href":"https:\/\/www.studio303.ca\/en\/wp-json\/wp\/v2\/users\/4"}],"replies":[{"embeddable":true,"href":"https:\/\/www.studio303.ca\/en\/wp-json\/wp\/v2\/comments?post=32419"}],"version-history":[{"count":2,"href":"https:\/\/www.studio303.ca\/en\/wp-json\/wp\/v2\/pages\/32419\/revisions"}],"predecessor-version":[{"id":32422,"href":"https:\/\/www.studio303.ca\/en\/wp-json\/wp\/v2\/pages\/32419\/revisions\/32422"}],"up":[{"embeddable":true,"href":"https:\/\/www.studio303.ca\/en\/wp-json\/wp\/v2\/pages\/435"}],"wp:attachment":[{"href":"https:\/\/www.studio303.ca\/en\/wp-json\/wp\/v2\/media?parent=32419"}],"curies":[{"name":"wp","href":"https:\/\/api.w.org\/{rel}","templated":true}]}}