{"id":34448,"date":"2026-04-08T07:49:29","date_gmt":"2026-04-08T11:49:29","guid":{"rendered":"https:\/\/www.studio303.ca\/?page_id=34448"},"modified":"2026-04-08T09:51:38","modified_gmt":"2026-04-08T13:51:38","slug":"faq","status":"publish","type":"page","link":"https:\/\/www.studio303.ca\/en\/faq\/","title":{"rendered":"Moving FAQ"},"content":{"rendered":"\n<p><strong>Studio 303 is moving!<\/strong><strong><br><\/strong>Starting July 1, 2026, all of our activities will take place at 4001 Berri, local 103.<\/p>\n\n\n\n<p>This move is the result of a long process, driven by the desire and need to ensure the sustainability of our activities, better control our costs, and offer our community a fully accessible, comfortable, and well-adapted environment. Tenants at the Belgo since our founding in 1989, we are now entering an exciting new chapter. We are joining P\u00f4le 4001 Berri, a collective of arts organizations working toward co-ownership of the building they have occupied since 1991 through a shared infrastructure project.<\/p>\n\n\n<h3 class=\"wp-block-heading\" id=\"1-where-and-when\"><strong>1. Where and when?<\/strong><\/h3>\n\n\n<p>We are moving to <a href=\"https:\/\/share.google\/tZSg9btTgm80ooY8p\" type=\"link\" id=\"https:\/\/share.google\/tZSg9btTgm80ooY8p\">4001 Berri (corner of Duluth)<\/a>, unit 103. Activities will begin on July 1, 2026.<\/p>\n\n\n<h3 class=\"wp-block-heading\" id=\"2-what-will-the-new-space-look-like\"><strong>2. What will the new space look like?<\/strong><\/h3>\n\n\n<p>Thanks to funding from PME Montr\u00e9al, we are currently renovating our new space to make it as welcoming and functional as possible. Located on the ground floor, the new studio will include:<\/p>\n\n\n\n<ul class=\"wp-block-list\">\n<li>a 1,800 sq. ft. studio with a sprung wood floor,<\/li>\n\n\n\n<li>a dressing room,<\/li>\n\n\n\n<li>a bathroom (with shower and toilet) adjacent to the studio,<\/li>\n\n\n\n<li>an open kitchen,<\/li>\n\n\n\n<li>an administrative office.<\/li>\n<\/ul>\n\n\n\n<p>All spaces will be accessible.<\/p>\n\n\n<h3 class=\"wp-block-heading\" id=\"3-will-the-programming-change\"><strong>3. Will the programming change?<\/strong><\/h3>\n\n\n<p>No. Programming will remain unchanged for the first season. New activities might emerge later. We are not planning for any cuts in the programming.<\/p>\n\n\n<h3 class=\"wp-block-heading\" id=\"4-will-prices-change\"><strong>4. Will prices change?<\/strong><\/h3>\n\n\n<p>No. Prices will remain the same for both activities and studio rentals.<\/p>\n\n\n<h3 class=\"wp-block-heading\" id=\"5-when-is-studio-303-leaving-the-belgo\"><strong>5. When is Studio 303 leaving the Belgo?<\/strong><\/h3>\n\n\n<p>We will leave the Belgo at the end of our season, on June 30, 2026.<\/p>\n\n\n\n<ul class=\"wp-block-list\">\n<li>Our final event at the Belgo will be <a href=\"https:\/\/www.studio303.ca\/en\/programmation\/marathon-25-26-en\/\">MARATHON<\/a> on April 25, 2026.<\/li>\n\n\n\n<li>The last <a href=\"https:\/\/www.studio303.ca\/en\/workshops\/\">workshop<\/a> will take place during the week of June 15\u201319, 2026.<\/li>\n<\/ul>\n\n\n\n<p>Come celebrate and say goodbye to this space that has been our home for 37 years!<\/p>\n\n\n<h3 class=\"wp-block-heading\" id=\"6-what-is-the-pole-4001-berri-project\"><strong>6. What is the P\u00f4le 4001 Berri project?<\/strong><\/h3>\n\n\n<p><a href=\"https:\/\/www.4001berri.art\/#Pr%C3%A9sentationProjet\">P\u00f4le 4001 Berri<\/a> is a collective of cultural organizations whose goal is to co-own the building at 4001 Berri. The collective includes OBORO, Ada X, GIV, Turbine, and SBC Galerie &#8211; organizations with which Studio 303 shares artistic, historical, and political affinities.<\/p>\n\n\n\n<p>P\u00f4le 4001 Berri is an innovative response to real estate pressures, operating as a social economy enterprise to:<\/p>\n\n\n\n<ul class=\"wp-block-list\">\n<li>provide stable, affordable creative spaces over the long term,<\/li>\n\n\n\n<li>ensure the sustainability of arts organizations,<\/li>\n\n\n\n<li>pool resources and expertise,<\/li>\n\n\n\n<li>develop a major artistic hub in Montr\u00e9al.<\/li>\n<\/ul>\n\n\n<h3 class=\"wp-block-heading\" id=\"7-how-can-i-support-studio-303-during-this-transition\"><strong>7. How can I support Studio 303 during this transition?<\/strong><\/h3>\n\n\n<p>If you would like to support us in this new chapter, we gratefully welcome donations of all sizes. Our <a href=\"https:\/\/www.zeffy.com\/en-CA\/donation-form\/campagne-de-financement-2025--26\">fundraising campaign<\/a> will run until June 30, 2026. Thank you in advance!<\/p>\n\n\n<h3 class=\"wp-block-heading\" id=\"8-what-will-happen-to-the-former-studio-at-the-belgo\"><strong>8. What will happen to the former studio at the Belgo?<\/strong><\/h3>\n\n\n<p>Our hope is that the\u00a0 studio at the Belgo will be taken over by a dance organization. If you are interested, please contact us as soon as possible at<a href=\"info@studio303.ca\" type=\"link\" id=\"info@studio303.ca\"> info@studio303.ca<\/a>.<\/p>\n","protected":false},"excerpt":{"rendered":"<p>Studio 303 is moving!Starting July 1, 2026, all of our activities will take place at 4001 Berri, local 103. This move is the result of a long process, driven by the desire and need to ensure the sustainability of our activities, better control our costs, and offer our community a fully accessible, comfortable, and well-adapted [&hellip;]<\/p>\n","protected":false},"author":4,"featured_media":0,"parent":0,"menu_order":0,"comment_status":"closed","ping_status":"closed","template":"","meta":{"_acf_changed":false,"inline_featured_image":false,"_exactmetrics_skip_tracking":false,"_exactmetrics_sitenote_active":false,"_exactmetrics_sitenote_note":"","_exactmetrics_sitenote_category":0,"_themeisle_gutenberg_block_has_review":false,"footnotes":""},"class_list":["post-34448","page","type-page","status-publish","hentry"],"acf":[],"yoast_head":"<!-- This site is optimized with the Yoast SEO plugin v27.3 - https:\/\/yoast.com\/product\/yoast-seo-wordpress\/ -->\n<title>Moving FAQ - Studio 303<\/title>\n<meta name=\"robots\" content=\"index, follow, max-snippet:-1, max-image-preview:large, max-video-preview:-1\" \/>\n<link rel=\"canonical\" href=\"https:\/\/www.studio303.ca\/representation\/2025-11-10-19h15-cours-du-soir-7starr\/\" \/>\n<meta property=\"og:locale\" content=\"en_US\" \/>\n<meta property=\"og:type\" content=\"article\" \/>\n<meta property=\"og:title\" content=\"Moving FAQ - Studio 303\" \/>\n<meta property=\"og:description\" content=\"Studio 303 is moving!Starting July 1, 2026, all of our activities will take place at 4001 Berri, local 103. This move is the result of a long process, driven by the desire and need to ensure the sustainability of our activities, better control our costs, and offer our community a fully accessible, comfortable, and well-adapted [&hellip;]\" \/>\n<meta property=\"og:url\" content=\"https:\/\/www.studio303.ca\/representation\/2025-11-10-19h15-cours-du-soir-7starr\/\" \/>\n<meta property=\"og:site_name\" content=\"Studio 303\" \/>\n<meta property=\"article:publisher\" content=\"https:\/\/www.facebook.com\/studio303.montreal\" \/>\n<meta property=\"article:modified_time\" content=\"2026-04-08T13:51:38+00:00\" \/>\n<meta name=\"twitter:card\" content=\"summary_large_image\" \/>\n<meta name=\"twitter:label1\" content=\"Est. reading time\" \/>\n\t<meta name=\"twitter:data1\" content=\"3 minutes\" \/>\n<script type=\"application\/ld+json\" class=\"yoast-schema-graph\">{\"@context\":\"https:\\\/\\\/schema.org\",\"@graph\":[{\"@type\":\"WebPage\",\"@id\":\"https:\\\/\\\/www.studio303.ca\\\/representation\\\/2025-11-10-19h15-cours-du-soir-7starr\\\/\",\"url\":\"https:\\\/\\\/www.studio303.ca\\\/representation\\\/2025-11-10-19h15-cours-du-soir-7starr\\\/\",\"name\":\"Moving FAQ - Studio 303\",\"isPartOf\":{\"@id\":\"https:\\\/\\\/www.studio303.ca\\\/#website\"},\"datePublished\":\"2026-04-08T11:49:29+00:00\",\"dateModified\":\"2026-04-08T13:51:38+00:00\",\"breadcrumb\":{\"@id\":\"https:\\\/\\\/www.studio303.ca\\\/representation\\\/2025-11-10-19h15-cours-du-soir-7starr\\\/#breadcrumb\"},\"inLanguage\":\"en-US\",\"potentialAction\":[{\"@type\":\"ReadAction\",\"target\":[\"https:\\\/\\\/www.studio303.ca\\\/representation\\\/2025-11-10-19h15-cours-du-soir-7starr\\\/\"]}]},{\"@type\":\"BreadcrumbList\",\"@id\":\"https:\\\/\\\/www.studio303.ca\\\/representation\\\/2025-11-10-19h15-cours-du-soir-7starr\\\/#breadcrumb\",\"itemListElement\":[{\"@type\":\"ListItem\",\"position\":1,\"name\":\"Home\",\"item\":\"https:\\\/\\\/www.studio303.ca\\\/en\\\/home\\\/\"},{\"@type\":\"ListItem\",\"position\":2,\"name\":\"Moving FAQ\"}]},{\"@type\":\"WebSite\",\"@id\":\"https:\\\/\\\/www.studio303.ca\\\/#website\",\"url\":\"https:\\\/\\\/www.studio303.ca\\\/\",\"name\":\"Studio 303\",\"description\":\"Lieu de diffusion et de soutien pour la danse et l&#039;art indisciplin\u00e9 \u00e0 Montr\u00e9al.\",\"publisher\":{\"@id\":\"https:\\\/\\\/www.studio303.ca\\\/#organization\"},\"potentialAction\":[{\"@type\":\"SearchAction\",\"target\":{\"@type\":\"EntryPoint\",\"urlTemplate\":\"https:\\\/\\\/www.studio303.ca\\\/?s={search_term_string}\"},\"query-input\":{\"@type\":\"PropertyValueSpecification\",\"valueRequired\":true,\"valueName\":\"search_term_string\"}}],\"inLanguage\":\"en-US\"},{\"@type\":\"Organization\",\"@id\":\"https:\\\/\\\/www.studio303.ca\\\/#organization\",\"name\":\"Studio 303\",\"url\":\"https:\\\/\\\/www.studio303.ca\\\/\",\"logo\":{\"@type\":\"ImageObject\",\"inLanguage\":\"en-US\",\"@id\":\"https:\\\/\\\/www.studio303.ca\\\/#\\\/schema\\\/logo\\\/image\\\/\",\"url\":\"https:\\\/\\\/www.studio303.ca\\\/wp-content\\\/uploads\\\/2025\\\/08\\\/studio303-logo_black-c2586d.svg\",\"contentUrl\":\"https:\\\/\\\/www.studio303.ca\\\/wp-content\\\/uploads\\\/2025\\\/08\\\/studio303-logo_black-c2586d.svg\",\"caption\":\"Studio 303\"},\"image\":{\"@id\":\"https:\\\/\\\/www.studio303.ca\\\/#\\\/schema\\\/logo\\\/image\\\/\"},\"sameAs\":[\"https:\\\/\\\/www.facebook.com\\\/studio303.montreal\",\"http:\\\/\\\/instagram.com\\\/studio303\"]}]}<\/script>\n<!-- \/ Yoast SEO plugin. -->","yoast_head_json":{"title":"Moving FAQ - Studio 303","robots":{"index":"index","follow":"follow","max-snippet":"max-snippet:-1","max-image-preview":"max-image-preview:large","max-video-preview":"max-video-preview:-1"},"canonical":"https:\/\/www.studio303.ca\/representation\/2025-11-10-19h15-cours-du-soir-7starr\/","og_locale":"en_US","og_type":"article","og_title":"Moving FAQ - Studio 303","og_description":"Studio 303 is moving!Starting July 1, 2026, all of our activities will take place at 4001 Berri, local 103. This move is the result of a long process, driven by the desire and need to ensure the sustainability of our activities, better control our costs, and offer our community a fully accessible, comfortable, and well-adapted [&hellip;]","og_url":"https:\/\/www.studio303.ca\/representation\/2025-11-10-19h15-cours-du-soir-7starr\/","og_site_name":"Studio 303","article_publisher":"https:\/\/www.facebook.com\/studio303.montreal","article_modified_time":"2026-04-08T13:51:38+00:00","twitter_card":"summary_large_image","twitter_misc":{"Est. reading time":"3 minutes"},"schema":{"@context":"https:\/\/schema.org","@graph":[{"@type":"WebPage","@id":"https:\/\/www.studio303.ca\/representation\/2025-11-10-19h15-cours-du-soir-7starr\/","url":"https:\/\/www.studio303.ca\/representation\/2025-11-10-19h15-cours-du-soir-7starr\/","name":"Moving FAQ - Studio 303","isPartOf":{"@id":"https:\/\/www.studio303.ca\/#website"},"datePublished":"2026-04-08T11:49:29+00:00","dateModified":"2026-04-08T13:51:38+00:00","breadcrumb":{"@id":"https:\/\/www.studio303.ca\/representation\/2025-11-10-19h15-cours-du-soir-7starr\/#breadcrumb"},"inLanguage":"en-US","potentialAction":[{"@type":"ReadAction","target":["https:\/\/www.studio303.ca\/representation\/2025-11-10-19h15-cours-du-soir-7starr\/"]}]},{"@type":"BreadcrumbList","@id":"https:\/\/www.studio303.ca\/representation\/2025-11-10-19h15-cours-du-soir-7starr\/#breadcrumb","itemListElement":[{"@type":"ListItem","position":1,"name":"Home","item":"https:\/\/www.studio303.ca\/en\/home\/"},{"@type":"ListItem","position":2,"name":"Moving FAQ"}]},{"@type":"WebSite","@id":"https:\/\/www.studio303.ca\/#website","url":"https:\/\/www.studio303.ca\/","name":"Studio 303","description":"Lieu de diffusion et de soutien pour la danse et l&#039;art indisciplin\u00e9 \u00e0 Montr\u00e9al.","publisher":{"@id":"https:\/\/www.studio303.ca\/#organization"},"potentialAction":[{"@type":"SearchAction","target":{"@type":"EntryPoint","urlTemplate":"https:\/\/www.studio303.ca\/?s={search_term_string}"},"query-input":{"@type":"PropertyValueSpecification","valueRequired":true,"valueName":"search_term_string"}}],"inLanguage":"en-US"},{"@type":"Organization","@id":"https:\/\/www.studio303.ca\/#organization","name":"Studio 303","url":"https:\/\/www.studio303.ca\/","logo":{"@type":"ImageObject","inLanguage":"en-US","@id":"https:\/\/www.studio303.ca\/#\/schema\/logo\/image\/","url":"https:\/\/www.studio303.ca\/wp-content\/uploads\/2025\/08\/studio303-logo_black-c2586d.svg","contentUrl":"https:\/\/www.studio303.ca\/wp-content\/uploads\/2025\/08\/studio303-logo_black-c2586d.svg","caption":"Studio 303"},"image":{"@id":"https:\/\/www.studio303.ca\/#\/schema\/logo\/image\/"},"sameAs":["https:\/\/www.facebook.com\/studio303.montreal","http:\/\/instagram.com\/studio303"]}]}},"_links":{"self":[{"href":"https:\/\/www.studio303.ca\/en\/wp-json\/wp\/v2\/pages\/34448","targetHints":{"allow":["GET"]}}],"collection":[{"href":"https:\/\/www.studio303.ca\/en\/wp-json\/wp\/v2\/pages"}],"about":[{"href":"https:\/\/www.studio303.ca\/en\/wp-json\/wp\/v2\/types\/page"}],"author":[{"embeddable":true,"href":"https:\/\/www.studio303.ca\/en\/wp-json\/wp\/v2\/users\/4"}],"replies":[{"embeddable":true,"href":"https:\/\/www.studio303.ca\/en\/wp-json\/wp\/v2\/comments?post=34448"}],"version-history":[{"count":2,"href":"https:\/\/www.studio303.ca\/en\/wp-json\/wp\/v2\/pages\/34448\/revisions"}],"predecessor-version":[{"id":34455,"href":"https:\/\/www.studio303.ca\/en\/wp-json\/wp\/v2\/pages\/34448\/revisions\/34455"}],"wp:attachment":[{"href":"https:\/\/www.studio303.ca\/en\/wp-json\/wp\/v2\/media?parent=34448"}],"curies":[{"name":"wp","href":"https:\/\/api.w.org\/{rel}","templated":true}]}}