{"id":3642,"date":"2019-07-09T15:05:51","date_gmt":"2019-07-09T20:05:51","guid":{"rendered":"https:\/\/www.studio303.ca\/?page_id=3642"},"modified":"2019-11-29T09:55:58","modified_gmt":"2019-11-29T14:55:58","slug":"evening-classes-improvise-with-alanna-kraaijeveld","status":"publish","type":"page","link":"https:\/\/www.studio303.ca\/en\/classes\/evening-classes-improvise-with-alanna-kraaijeveld\/","title":{"rendered":"EVENING CLASSES \/ IMPROVISE WITH ALANNA KRAAIJEVELD"},"content":{"rendered":"<h3 class=\"wp-block-heading\" id=\"wednesday-530-pm-7-pm\">WEDNESDAY 5:30 P.M. \u2013 7 P.M.<\/h3>\n\n\n<p><b>Fall: September 11 to December 4, 2019 (13 classes)<\/b><br><strong>$15 drop-ins<\/strong><br> <b>Some classes will be taught by other teachers: <a href=\"https:\/\/www.sebastiencm.com\">S\u00e9bastien Cosette-Masse<\/a> on Sept. 11 and Oct. 30 and Charles Brecard on Oct. 9.<\/b><br> <strong>All levels and experiences are welcome. Drop-ins accepted.<\/strong><br><strong>Registration on site or <a href=\"mailto:sustainablerisktaking@gmail.com\">sustainablerisktaking@gmail.com<\/a> \/ Bilingual teacher<\/strong><\/p>\n\n\n\n<p><b>CONTENT \/\/ <\/b><span style=\"font-weight: 400;\">Improvised tasks and forms will be employed to determine and stimulate those areas where mobility, coordination, and perception are limited or less integrated.&nbsp; Here the aim is to develop breadth of movement, creativity, and individual expression that can be applied across many contexts and disciplines.&nbsp;<\/span><br>\n<span style=\"font-weight: 400;\">Alanna Kraaijeveld&#8217;s pedagogy is informed by 15-years as an interpreter in the contemporary dance milieu. She is a close student of Linda Kapetanea and Jozef Frucek, co-developers of Fighting Monkey (FM). <\/span><span style=\"font-weight: 400;\">FM is an evolving movement practice centered on context driven, collaborative practices that prioritize communication, intuition and whole-body coordination through play to accelerate skill development.&nbsp; <\/span><span style=\"font-weight: 400;\">Alanna holds a Master of Arts (Dance Pedagogy).<\/span><\/p>\n\n\n\n<p><b>BIO \/\/ Alanna Kraaijeveld<\/b><span style=\"font-weight: 400;\"> is a contemporary dance artist who has been active in the milieu for 15 years. She toured internationally with Dave St-Pierre, one of Canada&#8217;s most sought-after choreographers, in productions <\/span><i><span style=\"font-weight: 400;\">Un peu de tendresse bordel de merde, <\/span><\/i><span style=\"font-weight: 400;\">and <\/span><i><span style=\"font-weight: 400;\">Foudres.&nbsp; <\/span><\/i><span style=\"font-weight: 400;\">From 2004-2008 she was a company dancer of Le Groupe Dance Lab, an international centre for choreographic research, under the direction of Order of Canada recipient Peter Boneham.&nbsp; Alanna is a close student of Linda Kapetanea and Jozef Frucek, developers of Fighting Monkey Practice.&nbsp;\n<span style=\"font-weight: 400;\">&nbsp;As performer, teacher and improvisor, her collaborations have been diverse and numerous.&nbsp; Artists and organizations include Marie Claire Fort\u00e9, Modus Operandi, \u00c9cole sup\u00e9rieure d\u2019art dramatique (Paris), Justine Chambers, Yves Charuest, Company 605, Studio 303, Stella Adler Studio of Acting (NYC), Op\u00e9ra de Qu\u00e9bec, William Parker, Louise B\u00e9dard, Fr\u00e9d\u00e9rick Gravel, among others.<\/span><br>\n<span style=\"font-weight: 400;\">Alanna shares her knowledge of movement across various communities including dance, theatre, sports, and at-risk youth.&nbsp; She holds a Master of Arts degree in Professional Practice (Dance Technique Pedagogy).<\/span><\/span><\/p>\n\n\n\n<hr class=\"wp-block-separator\"\/>\n\n\n\n<p><b>Evening classes are open to all levels, and it\u2019s always possible to drop-in without registering in advance.<\/b><\/p>\n\n\n\n<p>Registration is on site directly with the teachers, please contact them if you need additional information.<\/p>\n\n\n\n<p>Come try the classes! <b>Free classes<\/b> at the beginning of the sessions:<br><strong>Saturday, September 7, 2019<\/strong> \/ Saturday, January 4, 2020 \/ Saturday, March 28, 2020<\/p>\n","protected":false},"excerpt":{"rendered":"<p>WEDNESDAY 5:30 P.M. \u2013 7 P.M. Fall: September 11 to December 4, 2019 (13 classes)$15 drop-ins Some classes will be taught by other teachers: S\u00e9bastien Cosette-Masse on Sept. 11 and Oct. 30 and Charles Brecard on Oct. 9. All levels and experiences are welcome. Drop-ins accepted.Registration on site or sustainablerisktaking@gmail.com \/ Bilingual teacher CONTENT \/\/ [&hellip;]<\/p>\n","protected":false},"author":2,"featured_media":3620,"parent":347,"menu_order":84,"comment_status":"closed","ping_status":"closed","template":"","meta":{"_acf_changed":false,"inline_featured_image":false,"_exactmetrics_skip_tracking":false,"_exactmetrics_sitenote_active":false,"_exactmetrics_sitenote_note":"","_exactmetrics_sitenote_category":0,"_themeisle_gutenberg_block_has_review":false,"footnotes":""},"class_list":["post-3642","page","type-page","status-publish","has-post-thumbnail","hentry"],"acf":[],"yoast_head":"<!-- This site is optimized with the Yoast SEO plugin v27.3 - https:\/\/yoast.com\/product\/yoast-seo-wordpress\/ -->\n<title>EVENING CLASSES \/ IMPROVISE WITH ALANNA KRAAIJEVELD - Studio 303<\/title>\n<meta name=\"robots\" content=\"index, follow, max-snippet:-1, max-image-preview:large, max-video-preview:-1\" \/>\n<link rel=\"canonical\" href=\"https:\/\/www.studio303.ca\/cours\/cours-du-soir-improvise-avec-alanna-kraaijeveld\/\" \/>\n<meta property=\"og:locale\" content=\"en_US\" \/>\n<meta property=\"og:type\" content=\"article\" \/>\n<meta property=\"og:title\" content=\"EVENING CLASSES \/ IMPROVISE WITH ALANNA KRAAIJEVELD - Studio 303\" \/>\n<meta property=\"og:description\" content=\"WEDNESDAY 5:30 P.M. \u2013 7 P.M. Fall: September 11 to December 4, 2019 (13 classes)$15 drop-ins Some classes will be taught by other teachers: S\u00e9bastien Cosette-Masse on Sept. 11 and Oct. 30 and Charles Brecard on Oct. 9. All levels and experiences are welcome. Drop-ins accepted.Registration on site or sustainablerisktaking@gmail.com \/ Bilingual teacher CONTENT \/\/ [&hellip;]\" \/>\n<meta property=\"og:url\" content=\"https:\/\/www.studio303.ca\/cours\/cours-du-soir-improvise-avec-alanna-kraaijeveld\/\" \/>\n<meta property=\"og:site_name\" content=\"Studio 303\" \/>\n<meta property=\"article:publisher\" content=\"https:\/\/www.facebook.com\/studio303.montreal\" \/>\n<meta property=\"article:modified_time\" content=\"2019-11-29T14:55:58+00:00\" \/>\n<meta property=\"og:image\" content=\"https:\/\/www.studio303.ca\/wp-content\/uploads\/2019\/07\/Alanna_EveningClassFall19_by_AlexHuot_320x240.jpg\" \/>\n\t<meta property=\"og:image:width\" content=\"320\" \/>\n\t<meta property=\"og:image:height\" content=\"240\" \/>\n\t<meta property=\"og:image:type\" content=\"image\/jpeg\" \/>\n<meta name=\"twitter:card\" content=\"summary_large_image\" \/>\n<meta name=\"twitter:label1\" content=\"Est. reading time\" \/>\n\t<meta name=\"twitter:data1\" content=\"2 minutes\" \/>\n<script type=\"application\/ld+json\" class=\"yoast-schema-graph\">{\"@context\":\"https:\\\/\\\/schema.org\",\"@graph\":[{\"@type\":\"WebPage\",\"@id\":\"https:\\\/\\\/www.studio303.ca\\\/cours\\\/cours-du-soir-improvise-avec-alanna-kraaijeveld\\\/\",\"url\":\"https:\\\/\\\/www.studio303.ca\\\/cours\\\/cours-du-soir-improvise-avec-alanna-kraaijeveld\\\/\",\"name\":\"EVENING CLASSES \\\/ IMPROVISE WITH ALANNA KRAAIJEVELD - Studio 303\",\"isPartOf\":{\"@id\":\"https:\\\/\\\/www.studio303.ca\\\/#website\"},\"primaryImageOfPage\":{\"@id\":\"https:\\\/\\\/www.studio303.ca\\\/cours\\\/cours-du-soir-improvise-avec-alanna-kraaijeveld\\\/#primaryimage\"},\"image\":{\"@id\":\"https:\\\/\\\/www.studio303.ca\\\/cours\\\/cours-du-soir-improvise-avec-alanna-kraaijeveld\\\/#primaryimage\"},\"thumbnailUrl\":\"https:\\\/\\\/www.studio303.ca\\\/wp-content\\\/uploads\\\/2019\\\/07\\\/Alanna_EveningClassFall19_by_AlexHuot_320x240.jpg\",\"datePublished\":\"2019-07-09T20:05:51+00:00\",\"dateModified\":\"2019-11-29T14:55:58+00:00\",\"breadcrumb\":{\"@id\":\"https:\\\/\\\/www.studio303.ca\\\/cours\\\/cours-du-soir-improvise-avec-alanna-kraaijeveld\\\/#breadcrumb\"},\"inLanguage\":\"en-US\",\"potentialAction\":[{\"@type\":\"ReadAction\",\"target\":[\"https:\\\/\\\/www.studio303.ca\\\/cours\\\/cours-du-soir-improvise-avec-alanna-kraaijeveld\\\/\"]}]},{\"@type\":\"ImageObject\",\"inLanguage\":\"en-US\",\"@id\":\"https:\\\/\\\/www.studio303.ca\\\/cours\\\/cours-du-soir-improvise-avec-alanna-kraaijeveld\\\/#primaryimage\",\"url\":\"https:\\\/\\\/www.studio303.ca\\\/wp-content\\\/uploads\\\/2019\\\/07\\\/Alanna_EveningClassFall19_by_AlexHuot_320x240.jpg\",\"contentUrl\":\"https:\\\/\\\/www.studio303.ca\\\/wp-content\\\/uploads\\\/2019\\\/07\\\/Alanna_EveningClassFall19_by_AlexHuot_320x240.jpg\",\"width\":320,\"height\":240,\"caption\":\"Photo credit: Alex Huot\"},{\"@type\":\"BreadcrumbList\",\"@id\":\"https:\\\/\\\/www.studio303.ca\\\/cours\\\/cours-du-soir-improvise-avec-alanna-kraaijeveld\\\/#breadcrumb\",\"itemListElement\":[{\"@type\":\"ListItem\",\"position\":1,\"name\":\"Home\",\"item\":\"https:\\\/\\\/www.studio303.ca\\\/en\\\/home\\\/\"},{\"@type\":\"ListItem\",\"position\":2,\"name\":\"Open-Level Classes\",\"item\":\"https:\\\/\\\/www.studio303.ca\\\/en\\\/classes\\\/\"},{\"@type\":\"ListItem\",\"position\":3,\"name\":\"EVENING CLASSES \\\/ IMPROVISE WITH ALANNA KRAAIJEVELD\"}]},{\"@type\":\"WebSite\",\"@id\":\"https:\\\/\\\/www.studio303.ca\\\/#website\",\"url\":\"https:\\\/\\\/www.studio303.ca\\\/\",\"name\":\"Studio 303\",\"description\":\"Lieu de diffusion et de soutien pour la danse et l&#039;art indisciplin\u00e9 \u00e0 Montr\u00e9al.\",\"publisher\":{\"@id\":\"https:\\\/\\\/www.studio303.ca\\\/#organization\"},\"potentialAction\":[{\"@type\":\"SearchAction\",\"target\":{\"@type\":\"EntryPoint\",\"urlTemplate\":\"https:\\\/\\\/www.studio303.ca\\\/?s={search_term_string}\"},\"query-input\":{\"@type\":\"PropertyValueSpecification\",\"valueRequired\":true,\"valueName\":\"search_term_string\"}}],\"inLanguage\":\"en-US\"},{\"@type\":\"Organization\",\"@id\":\"https:\\\/\\\/www.studio303.ca\\\/#organization\",\"name\":\"Studio 303\",\"url\":\"https:\\\/\\\/www.studio303.ca\\\/\",\"logo\":{\"@type\":\"ImageObject\",\"inLanguage\":\"en-US\",\"@id\":\"https:\\\/\\\/www.studio303.ca\\\/#\\\/schema\\\/logo\\\/image\\\/\",\"url\":\"https:\\\/\\\/www.studio303.ca\\\/wp-content\\\/uploads\\\/2025\\\/08\\\/studio303-logo_black-c2586d.svg\",\"contentUrl\":\"https:\\\/\\\/www.studio303.ca\\\/wp-content\\\/uploads\\\/2025\\\/08\\\/studio303-logo_black-c2586d.svg\",\"caption\":\"Studio 303\"},\"image\":{\"@id\":\"https:\\\/\\\/www.studio303.ca\\\/#\\\/schema\\\/logo\\\/image\\\/\"},\"sameAs\":[\"https:\\\/\\\/www.facebook.com\\\/studio303.montreal\",\"http:\\\/\\\/instagram.com\\\/studio303\"]}]}<\/script>\n<!-- \/ Yoast SEO plugin. -->","yoast_head_json":{"title":"EVENING CLASSES \/ IMPROVISE WITH ALANNA KRAAIJEVELD - Studio 303","robots":{"index":"index","follow":"follow","max-snippet":"max-snippet:-1","max-image-preview":"max-image-preview:large","max-video-preview":"max-video-preview:-1"},"canonical":"https:\/\/www.studio303.ca\/cours\/cours-du-soir-improvise-avec-alanna-kraaijeveld\/","og_locale":"en_US","og_type":"article","og_title":"EVENING CLASSES \/ IMPROVISE WITH ALANNA KRAAIJEVELD - Studio 303","og_description":"WEDNESDAY 5:30 P.M. \u2013 7 P.M. Fall: September 11 to December 4, 2019 (13 classes)$15 drop-ins Some classes will be taught by other teachers: S\u00e9bastien Cosette-Masse on Sept. 11 and Oct. 30 and Charles Brecard on Oct. 9. All levels and experiences are welcome. Drop-ins accepted.Registration on site or sustainablerisktaking@gmail.com \/ Bilingual teacher CONTENT \/\/ [&hellip;]","og_url":"https:\/\/www.studio303.ca\/cours\/cours-du-soir-improvise-avec-alanna-kraaijeveld\/","og_site_name":"Studio 303","article_publisher":"https:\/\/www.facebook.com\/studio303.montreal","article_modified_time":"2019-11-29T14:55:58+00:00","og_image":[{"width":320,"height":240,"url":"https:\/\/www.studio303.ca\/wp-content\/uploads\/2019\/07\/Alanna_EveningClassFall19_by_AlexHuot_320x240.jpg","type":"image\/jpeg"}],"twitter_card":"summary_large_image","twitter_misc":{"Est. reading time":"2 minutes"},"schema":{"@context":"https:\/\/schema.org","@graph":[{"@type":"WebPage","@id":"https:\/\/www.studio303.ca\/cours\/cours-du-soir-improvise-avec-alanna-kraaijeveld\/","url":"https:\/\/www.studio303.ca\/cours\/cours-du-soir-improvise-avec-alanna-kraaijeveld\/","name":"EVENING CLASSES \/ IMPROVISE WITH ALANNA KRAAIJEVELD - Studio 303","isPartOf":{"@id":"https:\/\/www.studio303.ca\/#website"},"primaryImageOfPage":{"@id":"https:\/\/www.studio303.ca\/cours\/cours-du-soir-improvise-avec-alanna-kraaijeveld\/#primaryimage"},"image":{"@id":"https:\/\/www.studio303.ca\/cours\/cours-du-soir-improvise-avec-alanna-kraaijeveld\/#primaryimage"},"thumbnailUrl":"https:\/\/www.studio303.ca\/wp-content\/uploads\/2019\/07\/Alanna_EveningClassFall19_by_AlexHuot_320x240.jpg","datePublished":"2019-07-09T20:05:51+00:00","dateModified":"2019-11-29T14:55:58+00:00","breadcrumb":{"@id":"https:\/\/www.studio303.ca\/cours\/cours-du-soir-improvise-avec-alanna-kraaijeveld\/#breadcrumb"},"inLanguage":"en-US","potentialAction":[{"@type":"ReadAction","target":["https:\/\/www.studio303.ca\/cours\/cours-du-soir-improvise-avec-alanna-kraaijeveld\/"]}]},{"@type":"ImageObject","inLanguage":"en-US","@id":"https:\/\/www.studio303.ca\/cours\/cours-du-soir-improvise-avec-alanna-kraaijeveld\/#primaryimage","url":"https:\/\/www.studio303.ca\/wp-content\/uploads\/2019\/07\/Alanna_EveningClassFall19_by_AlexHuot_320x240.jpg","contentUrl":"https:\/\/www.studio303.ca\/wp-content\/uploads\/2019\/07\/Alanna_EveningClassFall19_by_AlexHuot_320x240.jpg","width":320,"height":240,"caption":"Photo credit: Alex Huot"},{"@type":"BreadcrumbList","@id":"https:\/\/www.studio303.ca\/cours\/cours-du-soir-improvise-avec-alanna-kraaijeveld\/#breadcrumb","itemListElement":[{"@type":"ListItem","position":1,"name":"Home","item":"https:\/\/www.studio303.ca\/en\/home\/"},{"@type":"ListItem","position":2,"name":"Open-Level Classes","item":"https:\/\/www.studio303.ca\/en\/classes\/"},{"@type":"ListItem","position":3,"name":"EVENING CLASSES \/ IMPROVISE WITH ALANNA KRAAIJEVELD"}]},{"@type":"WebSite","@id":"https:\/\/www.studio303.ca\/#website","url":"https:\/\/www.studio303.ca\/","name":"Studio 303","description":"Lieu de diffusion et de soutien pour la danse et l&#039;art indisciplin\u00e9 \u00e0 Montr\u00e9al.","publisher":{"@id":"https:\/\/www.studio303.ca\/#organization"},"potentialAction":[{"@type":"SearchAction","target":{"@type":"EntryPoint","urlTemplate":"https:\/\/www.studio303.ca\/?s={search_term_string}"},"query-input":{"@type":"PropertyValueSpecification","valueRequired":true,"valueName":"search_term_string"}}],"inLanguage":"en-US"},{"@type":"Organization","@id":"https:\/\/www.studio303.ca\/#organization","name":"Studio 303","url":"https:\/\/www.studio303.ca\/","logo":{"@type":"ImageObject","inLanguage":"en-US","@id":"https:\/\/www.studio303.ca\/#\/schema\/logo\/image\/","url":"https:\/\/www.studio303.ca\/wp-content\/uploads\/2025\/08\/studio303-logo_black-c2586d.svg","contentUrl":"https:\/\/www.studio303.ca\/wp-content\/uploads\/2025\/08\/studio303-logo_black-c2586d.svg","caption":"Studio 303"},"image":{"@id":"https:\/\/www.studio303.ca\/#\/schema\/logo\/image\/"},"sameAs":["https:\/\/www.facebook.com\/studio303.montreal","http:\/\/instagram.com\/studio303"]}]}},"_links":{"self":[{"href":"https:\/\/www.studio303.ca\/en\/wp-json\/wp\/v2\/pages\/3642","targetHints":{"allow":["GET"]}}],"collection":[{"href":"https:\/\/www.studio303.ca\/en\/wp-json\/wp\/v2\/pages"}],"about":[{"href":"https:\/\/www.studio303.ca\/en\/wp-json\/wp\/v2\/types\/page"}],"author":[{"embeddable":true,"href":"https:\/\/www.studio303.ca\/en\/wp-json\/wp\/v2\/users\/2"}],"replies":[{"embeddable":true,"href":"https:\/\/www.studio303.ca\/en\/wp-json\/wp\/v2\/comments?post=3642"}],"version-history":[{"count":9,"href":"https:\/\/www.studio303.ca\/en\/wp-json\/wp\/v2\/pages\/3642\/revisions"}],"predecessor-version":[{"id":6277,"href":"https:\/\/www.studio303.ca\/en\/wp-json\/wp\/v2\/pages\/3642\/revisions\/6277"}],"up":[{"embeddable":true,"href":"https:\/\/www.studio303.ca\/en\/wp-json\/wp\/v2\/pages\/347"}],"wp:featuredmedia":[{"embeddable":true,"href":"https:\/\/www.studio303.ca\/en\/wp-json\/wp\/v2\/media\/3620"}],"wp:attachment":[{"href":"https:\/\/www.studio303.ca\/en\/wp-json\/wp\/v2\/media?parent=3642"}],"curies":[{"name":"wp","href":"https:\/\/api.w.org\/{rel}","templated":true}]}}