{"id":371,"date":"2018-06-25T10:06:52","date_gmt":"2018-06-25T15:06:52","guid":{"rendered":"http:\/\/www.studio303.ca\/get-involved\/"},"modified":"2025-10-10T06:44:23","modified_gmt":"2025-10-10T10:44:23","slug":"get-involved","status":"publish","type":"page","link":"https:\/\/www.studio303.ca\/en\/get-involved\/","title":{"rendered":"Get Involved"},"content":{"rendered":"\n<p style=\"font-size:clamp(14px, 0.875rem + ((1vw - 3.2px) * 0.244), 16px);\">Studio 303 works in many ways to support the Montreal and Canadian artistic community. We also rely on community involvement to continue offering quality services and remain attuned to your needs!<\/p>\n\n\n\n<p style=\"font-size:clamp(14px, 0.875rem + ((1vw - 3.2px) * 0.244), 16px);\">You can support Studio 303 by making a <a href=\"https:\/\/bit.ly\/Campaign303\" target=\"_blank\" rel=\"noreferrer noopener\" style=\"color:#656665;\">monetary donation<\/a> or volunteering at our events. If you wish to live the Studio 303 experience from the inside, you can apply for an administrative or technical internship.<\/p>\n\n\n\n<hr class=\"wp-block-separator has-alpha-channel-opacity\"\/>\n\n\n<h3 class=\"wp-block-heading\" style=\"text-transform:uppercase\" id=\"internships\"><strong>Internships<\/strong><\/h3>\n\n\n<p style=\"font-size:clamp(14px, 0.875rem + ((1vw - 3.2px) * 0.244), 16px);\"><strong>Communications<\/strong> \u2013 looking for spring 2025, open application. <a href=\"https:\/\/www.studio303.ca\/wp-content\/uploads\/2018\/08\/Stagiaire-comms-18-19.pdf\" style=\"color:#656665;\">Download offer.<\/a><\/p>\n\n\n\n<p><\/p>\n\n\n<h3 class=\"wp-block-heading\" style=\"text-transform:uppercase\" id=\"volunteering\"><strong>Volunteering<\/strong><\/h3>\n\n\n<p style=\"font-size:clamp(14px, 0.875rem + ((1vw - 3.2px) * 0.244), 16px);\">Studio 303 needs volunteers for ushering, box office, and striking during its shows. In exchange, you get to participate in the event for free! Please write to <a href=\"mailto:info@studio303.ca\" style=\"color:#656665;\">info@studio303.ca<\/a>.<\/p>\n\n\n\n<p><\/p>\n\n\n<h3 class=\"wp-block-heading\" style=\"text-transform:uppercase\" id=\"service-exchange\"><strong>Service Exchange<\/strong><\/h3>\n\n\n<p style=\"font-size:clamp(14px, 0.875rem + ((1vw - 3.2px) * 0.244), 16px);\"><strong>Workshop assistant and studio cleaning&nbsp;<\/strong>\u2013 deadline: August 1st, 2024 &#8211; <a href=\"https:\/\/www.studio303.ca\/wp-content\/uploads\/2024\/06\/Appel_ResponsableAtelier_24-25-2.pdf\" target=\"_blank\" rel=\"noreferrer noopener\" style=\"color:#656665;\">Download offer<\/a>. We are looking for a dedicated and energetic individual to host professional workshops and maintain the cleanliness of Studio 303. Preference will be given to those available in the mornings (from 8:00 AM to 1:00 PM) who are eager to explore eclectic dance practices and interdisciplinary performances. In return, you will have the opportunity to participate in the workshop you manage for free, receive a fee, and get a 50% discount on any workshop you are not responsible for.<\/p>\n\n\n\n<p style=\"font-size:clamp(14px, 0.875rem + ((1vw - 3.2px) * 0.244), 16px);\"><strong>Administrative tasks \/ communications : <\/strong>Most of the time, we need helpers for data entry, translating, copywriting etc. It can be a service exchanged for studio rentals, it would be a 2h help for 1h studio ratio.<\/p>\n\n\n\n<p><\/p>\n\n\n<h3 class=\"wp-block-heading\" style=\"text-transform:uppercase\" id=\"teaching\"><strong>Teaching<\/strong><\/h3>\n\n\n<p style=\"font-size:clamp(14px, 0.875rem + ((1vw - 3.2px) * 0.244), 16px);\"><strong>Professional workshops<\/strong> during mornings (Mon-Fri) \u2013 no deadline but we program more than one year in advance and our decisions are made around November 15th every year. <a href=\"http:\/\/chrome-extension:\/\/efaidnbmnnnibpcajpcglclefindmkaj\/https:\/\/www.studio303.ca\/wp-content\/uploads\/2023\/09\/Ateliers_Appel-24-25.pdf\" target=\"_blank\" rel=\"noreferrer noopener\" style=\"color:#656665;\">Fill the form.<\/a><\/p>\n\n\n\n<p style=\"font-size:clamp(14px, 0.875rem + ((1vw - 3.2px) * 0.244), 16px);\"><strong>Open-level classes<\/strong> during evenings (Mon-Thurs) \u2013 contact us for more info: <a href=\"mailto:info@studio303.ca\" target=\"_blank\" rel=\"noreferrer noopener\" style=\"color:#656665;\">info@studio303.ca<\/a>.<\/p>\n","protected":false},"excerpt":{"rendered":"<p>Studio 303 works in many ways to support the Montreal and Canadian artistic community. We also rely on community involvement to continue offering quality services and remain attuned to your needs! You can support Studio 303 by making a monetary donation or volunteering at our events. If you wish to live the Studio 303 experience [&hellip;]<\/p>\n","protected":false},"author":1,"featured_media":0,"parent":0,"menu_order":202,"comment_status":"closed","ping_status":"closed","template":"","meta":{"_acf_changed":false,"inline_featured_image":false,"_exactmetrics_skip_tracking":false,"_exactmetrics_sitenote_active":false,"_exactmetrics_sitenote_note":"","_exactmetrics_sitenote_category":0,"_themeisle_gutenberg_block_has_review":false,"footnotes":""},"class_list":["post-371","page","type-page","status-publish","hentry"],"acf":[],"yoast_head":"<!-- This site is optimized with the Yoast SEO plugin v27.4 - https:\/\/yoast.com\/product\/yoast-seo-wordpress\/ -->\n<title>Get Involved - Studio 303<\/title>\n<meta name=\"robots\" content=\"index, follow, max-snippet:-1, max-image-preview:large, max-video-preview:-1\" \/>\n<link rel=\"canonical\" href=\"https:\/\/www.studio303.ca\/en\/get-involved\/\" \/>\n<meta property=\"og:locale\" content=\"en_US\" \/>\n<meta property=\"og:type\" content=\"article\" \/>\n<meta property=\"og:title\" content=\"Get Involved - Studio 303\" \/>\n<meta property=\"og:description\" content=\"Studio 303 works in many ways to support the Montreal and Canadian artistic community. We also rely on community involvement to continue offering quality services and remain attuned to your needs! You can support Studio 303 by making a monetary donation or volunteering at our events. If you wish to live the Studio 303 experience [&hellip;]\" \/>\n<meta property=\"og:url\" content=\"https:\/\/www.studio303.ca\/en\/get-involved\/\" \/>\n<meta property=\"og:site_name\" content=\"Studio 303\" \/>\n<meta property=\"article:publisher\" content=\"https:\/\/www.facebook.com\/studio303.montreal\" \/>\n<meta property=\"article:modified_time\" content=\"2025-10-10T10:44:23+00:00\" \/>\n<meta name=\"twitter:card\" content=\"summary_large_image\" \/>\n<meta name=\"twitter:label1\" content=\"Est. reading time\" \/>\n\t<meta name=\"twitter:data1\" content=\"2 minutes\" \/>\n<script type=\"application\/ld+json\" class=\"yoast-schema-graph\">{\"@context\":\"https:\\\/\\\/schema.org\",\"@graph\":[{\"@type\":\"WebPage\",\"@id\":\"https:\\\/\\\/www.studio303.ca\\\/en\\\/get-involved\\\/\",\"url\":\"https:\\\/\\\/www.studio303.ca\\\/en\\\/get-involved\\\/\",\"name\":\"Get Involved - Studio 303\",\"isPartOf\":{\"@id\":\"https:\\\/\\\/www.studio303.ca\\\/#website\"},\"datePublished\":\"2018-06-25T15:06:52+00:00\",\"dateModified\":\"2025-10-10T10:44:23+00:00\",\"breadcrumb\":{\"@id\":\"https:\\\/\\\/www.studio303.ca\\\/en\\\/get-involved\\\/#breadcrumb\"},\"inLanguage\":\"en-US\",\"potentialAction\":[{\"@type\":\"ReadAction\",\"target\":[\"https:\\\/\\\/www.studio303.ca\\\/en\\\/get-involved\\\/\"]}]},{\"@type\":\"BreadcrumbList\",\"@id\":\"https:\\\/\\\/www.studio303.ca\\\/en\\\/get-involved\\\/#breadcrumb\",\"itemListElement\":[{\"@type\":\"ListItem\",\"position\":1,\"name\":\"Home\",\"item\":\"https:\\\/\\\/www.studio303.ca\\\/en\\\/home\\\/\"},{\"@type\":\"ListItem\",\"position\":2,\"name\":\"Get Involved\"}]},{\"@type\":\"WebSite\",\"@id\":\"https:\\\/\\\/www.studio303.ca\\\/#website\",\"url\":\"https:\\\/\\\/www.studio303.ca\\\/\",\"name\":\"Studio 303\",\"description\":\"Lieu de diffusion et de soutien pour la danse et l&#039;art indisciplin\u00e9 \u00e0 Montr\u00e9al.\",\"publisher\":{\"@id\":\"https:\\\/\\\/www.studio303.ca\\\/#organization\"},\"potentialAction\":[{\"@type\":\"SearchAction\",\"target\":{\"@type\":\"EntryPoint\",\"urlTemplate\":\"https:\\\/\\\/www.studio303.ca\\\/?s={search_term_string}\"},\"query-input\":{\"@type\":\"PropertyValueSpecification\",\"valueRequired\":true,\"valueName\":\"search_term_string\"}}],\"inLanguage\":\"en-US\"},{\"@type\":\"Organization\",\"@id\":\"https:\\\/\\\/www.studio303.ca\\\/#organization\",\"name\":\"Studio 303\",\"url\":\"https:\\\/\\\/www.studio303.ca\\\/\",\"logo\":{\"@type\":\"ImageObject\",\"inLanguage\":\"en-US\",\"@id\":\"https:\\\/\\\/www.studio303.ca\\\/#\\\/schema\\\/logo\\\/image\\\/\",\"url\":\"https:\\\/\\\/www.studio303.ca\\\/wp-content\\\/uploads\\\/2025\\\/08\\\/studio303-logo_black-c2586d.svg\",\"contentUrl\":\"https:\\\/\\\/www.studio303.ca\\\/wp-content\\\/uploads\\\/2025\\\/08\\\/studio303-logo_black-c2586d.svg\",\"caption\":\"Studio 303\"},\"image\":{\"@id\":\"https:\\\/\\\/www.studio303.ca\\\/#\\\/schema\\\/logo\\\/image\\\/\"},\"sameAs\":[\"https:\\\/\\\/www.facebook.com\\\/studio303.montreal\",\"http:\\\/\\\/instagram.com\\\/studio303\"]}]}<\/script>\n<!-- \/ Yoast SEO plugin. -->","yoast_head_json":{"title":"Get Involved - Studio 303","robots":{"index":"index","follow":"follow","max-snippet":"max-snippet:-1","max-image-preview":"max-image-preview:large","max-video-preview":"max-video-preview:-1"},"canonical":"https:\/\/www.studio303.ca\/en\/get-involved\/","og_locale":"en_US","og_type":"article","og_title":"Get Involved - Studio 303","og_description":"Studio 303 works in many ways to support the Montreal and Canadian artistic community. We also rely on community involvement to continue offering quality services and remain attuned to your needs! You can support Studio 303 by making a monetary donation or volunteering at our events. If you wish to live the Studio 303 experience [&hellip;]","og_url":"https:\/\/www.studio303.ca\/en\/get-involved\/","og_site_name":"Studio 303","article_publisher":"https:\/\/www.facebook.com\/studio303.montreal","article_modified_time":"2025-10-10T10:44:23+00:00","twitter_card":"summary_large_image","twitter_misc":{"Est. reading time":"2 minutes"},"schema":{"@context":"https:\/\/schema.org","@graph":[{"@type":"WebPage","@id":"https:\/\/www.studio303.ca\/en\/get-involved\/","url":"https:\/\/www.studio303.ca\/en\/get-involved\/","name":"Get Involved - Studio 303","isPartOf":{"@id":"https:\/\/www.studio303.ca\/#website"},"datePublished":"2018-06-25T15:06:52+00:00","dateModified":"2025-10-10T10:44:23+00:00","breadcrumb":{"@id":"https:\/\/www.studio303.ca\/en\/get-involved\/#breadcrumb"},"inLanguage":"en-US","potentialAction":[{"@type":"ReadAction","target":["https:\/\/www.studio303.ca\/en\/get-involved\/"]}]},{"@type":"BreadcrumbList","@id":"https:\/\/www.studio303.ca\/en\/get-involved\/#breadcrumb","itemListElement":[{"@type":"ListItem","position":1,"name":"Home","item":"https:\/\/www.studio303.ca\/en\/home\/"},{"@type":"ListItem","position":2,"name":"Get Involved"}]},{"@type":"WebSite","@id":"https:\/\/www.studio303.ca\/#website","url":"https:\/\/www.studio303.ca\/","name":"Studio 303","description":"Lieu de diffusion et de soutien pour la danse et l&#039;art indisciplin\u00e9 \u00e0 Montr\u00e9al.","publisher":{"@id":"https:\/\/www.studio303.ca\/#organization"},"potentialAction":[{"@type":"SearchAction","target":{"@type":"EntryPoint","urlTemplate":"https:\/\/www.studio303.ca\/?s={search_term_string}"},"query-input":{"@type":"PropertyValueSpecification","valueRequired":true,"valueName":"search_term_string"}}],"inLanguage":"en-US"},{"@type":"Organization","@id":"https:\/\/www.studio303.ca\/#organization","name":"Studio 303","url":"https:\/\/www.studio303.ca\/","logo":{"@type":"ImageObject","inLanguage":"en-US","@id":"https:\/\/www.studio303.ca\/#\/schema\/logo\/image\/","url":"https:\/\/www.studio303.ca\/wp-content\/uploads\/2025\/08\/studio303-logo_black-c2586d.svg","contentUrl":"https:\/\/www.studio303.ca\/wp-content\/uploads\/2025\/08\/studio303-logo_black-c2586d.svg","caption":"Studio 303"},"image":{"@id":"https:\/\/www.studio303.ca\/#\/schema\/logo\/image\/"},"sameAs":["https:\/\/www.facebook.com\/studio303.montreal","http:\/\/instagram.com\/studio303"]}]}},"_links":{"self":[{"href":"https:\/\/www.studio303.ca\/en\/wp-json\/wp\/v2\/pages\/371","targetHints":{"allow":["GET"]}}],"collection":[{"href":"https:\/\/www.studio303.ca\/en\/wp-json\/wp\/v2\/pages"}],"about":[{"href":"https:\/\/www.studio303.ca\/en\/wp-json\/wp\/v2\/types\/page"}],"author":[{"embeddable":true,"href":"https:\/\/www.studio303.ca\/en\/wp-json\/wp\/v2\/users\/1"}],"replies":[{"embeddable":true,"href":"https:\/\/www.studio303.ca\/en\/wp-json\/wp\/v2\/comments?post=371"}],"version-history":[{"count":54,"href":"https:\/\/www.studio303.ca\/en\/wp-json\/wp\/v2\/pages\/371\/revisions"}],"predecessor-version":[{"id":30729,"href":"https:\/\/www.studio303.ca\/en\/wp-json\/wp\/v2\/pages\/371\/revisions\/30729"}],"wp:attachment":[{"href":"https:\/\/www.studio303.ca\/en\/wp-json\/wp\/v2\/media?parent=371"}],"curies":[{"name":"wp","href":"https:\/\/api.w.org\/{rel}","templated":true}]}}