{"id":372,"date":"2018-06-25T10:08:16","date_gmt":"2018-06-25T15:08:16","guid":{"rendered":"http:\/\/www.studio303.ca\/accessibility\/"},"modified":"2020-09-09T08:53:04","modified_gmt":"2020-09-09T13:53:04","slug":"accessibility","status":"publish","type":"page","link":"https:\/\/www.studio303.ca\/en\/accessibility\/","title":{"rendered":"Accessibility"},"content":{"rendered":"<h5 class=\"wp-block-heading\" id=\"physical-accessibility\"><strong>PHYSICAL ACCESSIBILITY <\/strong><\/h5>\n\n\n<p>&gt; <strong>Studio 303&#8217;s evaluation by K\u00e9roul accessible <a href=\"http:\/\/www.keroul.qc.ca\/en\/establishment\/montreal\/attrait\/10498-studio-303.html?fbclid=IwAR3QU9gZrn3r2MYB99kFHxFHmgpKwe04752ZvV-2zcJEiAarkw7UNFTFG2o\">here<\/a>.<\/strong><br>Our building entrance is 35\u201d, accessed by ramp with button operated automatic door. This locks automatically at 9pm on week nights and 6pm on weekends so if you need access after those times, please call in advance for assistance (514) 393-3771.<br>Our studio entrances are both ramped; one entrance is 35.5\u201d wide and the other is 59\u2033 wide. Both the performance area and the audience are at floor level. If you have any seating requirements, please inform our box office staff in advance.<\/p>\n\n\n\n<p>&gt; <strong>Parking<\/strong><br>Parking garage in basement is open 24\/7 (entrance on De Bleury, 15$ daily rate, no hourly rate option). Elevator from the garage is only accessible with a special key &#8211; please coordinate with us to ensure we are available to unlock the elevator, or expect 1 flight of stairs onto main floor where the elevator is unlocked. <\/p>\n\n\n\n<p>&gt; <strong>Elevators<\/strong><br>Studio 303 is on the 3rd floor and the building has two public elevators on either side of the hallway that are both 52\u201d x 80\u201d with 42\u201d doors.<\/p>\n\n\n\n<p>&gt; <strong>Washrooms<\/strong><br>Our closest washrooms are located on the same floor as our studio, about 150\u2019 down the hall. These shared washroom facilities offer gendered multi-stall rooms and a non-gendered single-use room that is accessible to mobility devices. The single-use room is 85\u201d by 75\u201d, has a 32.5\u201d door (non-automatic) with a sink at 31\u201d and a support bar on the wall beside the toilet at 36\u201d.<\/p>\n\n\n\n<p>&gt; <strong>Service animals<\/strong><br>Service animals are always welcome on our premises. If you are planning on bringing a service animal to a performance, please advise our box office staff in advance so that an appropriate seat can saved for you.<br>If you are a bringing a service animal, we recommend that you review any audience advisories about special effects that may affect your service animal during the production (i.e. loud noise, lighting effects, other animals, etc.). This information may not be known at the time of booking, but can be confirmed by our Box Office staff a few days prior to the first performance.<\/p>\n\n\n\n<p>&gt; <strong>Support persons<\/strong><br>We welcome support persons to accompany patrons with special needs and provide them with free entrance if requested.<\/p>\n\n\n<h5 class=\"wp-block-heading\" id=\"financial-accessibility\">FINANCIAL ACCESSIBILITY<\/h5>\n\n\n<p>&gt; <strong>Ticketed events<\/strong><br>Studio 303 is committed to providing access to our programming for all people who want it, regardless of their financial means. Our shows are either free or sliding scale $ 10 to 20. However, no one will be turned away for lack of funds. Finally, we also offer work-for-tickets (or studio hours) trades.<\/p>\n\n\n\n<p>&gt; <strong><strong>BIPOC Workshop Bursary and Artists Survival Fund<\/strong><br><\/strong>These two ongoing programs offer some financial support to artists in our community. Thanks to 2 anonymous donors we offer 10+ workshop bursaries to artists who need financial assistance and who identify as Indigenous, Black, and\/or as a person of colour. Meanwhile Studio 303\u2019s Artists\u2019 Survival Fund provides emergency funds to current or recent artists in residence. Established in 2018, the fund is financed by our annual donors. <a href=\"https:\/\/www.studio303.ca\/en\/artists-survival-fund\/\">More information available here.<\/a><\/p>\n\n\n\n<p><strong>We recognize that these programs do not support all of the artists in our community. If you experience barriers to accessing any of our events, workshops, or services please contact <\/strong><a href=\"mailto:info@studio303.ca\"><strong>info@studio303.ca<\/strong><\/a><strong>.<\/strong><\/p>\n\n\n\n<p>&gt; <strong>Free child minding services<\/strong><br>During specified events, child minding services will be offered in Studio 303 office, beside the main studio space. <strong>Ruby Kato Attwood<\/strong> is a child care provider living in Montreal. She practices a gentle, inclusive approach and uses non-violent communication and play-based co-operation strategies. She enjoys working with all ages of children and welcomes parents or guardians to contact her directly at <a href=\"mailto:ruby.attwood@gmail.com\">ruby.attwood@gmail.com<\/a> regarding any accommodations needed. Ruby has an up to date Red Cross certification and over 20 years of experience caring for children in private and public settings. Space is limited! Please book at <a href=\"mailto:info@studio303.ca\">info@studio303.ca<\/a><\/p>\n\n\n<h5 class=\"wp-block-heading\" id=\"communication-and-feedback\"><strong>COMMUNICATION AND FEEDBACK<\/strong><\/h5>\n\n\n<p>If you have comments or suggestions for us, please let us know. We welcome your feedback and your ideas. You may reach us in any of the following ways:<br> \u2013 Send an e-mail to <a href=\"mailto:info@studio303.ca\">info@studio303.ca<\/a><br>\u2013 Call us at (514) 393-3771<br>\u2013 Speak to our staff in person while you are here<\/p>\n","protected":false},"excerpt":{"rendered":"<p>PHYSICAL ACCESSIBILITY &gt; Studio 303&#8217;s evaluation by K\u00e9roul accessible here.Our building entrance is 35\u201d, accessed by ramp with button operated automatic door. This locks automatically at 9pm on week nights and 6pm on weekends so if you need access after those times, please call in advance for assistance (514) 393-3771.Our studio entrances are both ramped; [&hellip;]<\/p>\n","protected":false},"author":1,"featured_media":0,"parent":0,"menu_order":151,"comment_status":"closed","ping_status":"closed","template":"","meta":{"_acf_changed":false,"inline_featured_image":false,"_exactmetrics_skip_tracking":false,"_exactmetrics_sitenote_active":false,"_exactmetrics_sitenote_note":"","_exactmetrics_sitenote_category":0,"_themeisle_gutenberg_block_has_review":false,"footnotes":""},"class_list":["post-372","page","type-page","status-publish","hentry"],"acf":[],"yoast_head":"<!-- This site is optimized with the Yoast SEO plugin v27.4 - https:\/\/yoast.com\/product\/yoast-seo-wordpress\/ -->\n<title>Accessibility - Studio 303<\/title>\n<meta name=\"robots\" content=\"index, follow, max-snippet:-1, max-image-preview:large, max-video-preview:-1\" \/>\n<link rel=\"canonical\" href=\"https:\/\/www.studio303.ca\/en\/accessibility\/\" \/>\n<meta property=\"og:locale\" content=\"en_US\" \/>\n<meta property=\"og:type\" content=\"article\" \/>\n<meta property=\"og:title\" content=\"Accessibility - Studio 303\" \/>\n<meta property=\"og:description\" content=\"PHYSICAL ACCESSIBILITY &gt; Studio 303&#8217;s evaluation by K\u00e9roul accessible here.Our building entrance is 35\u201d, accessed by ramp with button operated automatic door. This locks automatically at 9pm on week nights and 6pm on weekends so if you need access after those times, please call in advance for assistance (514) 393-3771.Our studio entrances are both ramped; [&hellip;]\" \/>\n<meta property=\"og:url\" content=\"https:\/\/www.studio303.ca\/en\/accessibility\/\" \/>\n<meta property=\"og:site_name\" content=\"Studio 303\" \/>\n<meta property=\"article:publisher\" content=\"https:\/\/www.facebook.com\/studio303.montreal\" \/>\n<meta property=\"article:modified_time\" content=\"2020-09-09T13:53:04+00:00\" \/>\n<meta name=\"twitter:card\" content=\"summary_large_image\" \/>\n<meta name=\"twitter:label1\" content=\"Est. reading time\" \/>\n\t<meta name=\"twitter:data1\" content=\"3 minutes\" \/>\n<script type=\"application\/ld+json\" class=\"yoast-schema-graph\">{\"@context\":\"https:\\\/\\\/schema.org\",\"@graph\":[{\"@type\":\"WebPage\",\"@id\":\"https:\\\/\\\/www.studio303.ca\\\/en\\\/accessibility\\\/\",\"url\":\"https:\\\/\\\/www.studio303.ca\\\/en\\\/accessibility\\\/\",\"name\":\"Accessibility - Studio 303\",\"isPartOf\":{\"@id\":\"https:\\\/\\\/www.studio303.ca\\\/#website\"},\"datePublished\":\"2018-06-25T15:08:16+00:00\",\"dateModified\":\"2020-09-09T13:53:04+00:00\",\"breadcrumb\":{\"@id\":\"https:\\\/\\\/www.studio303.ca\\\/en\\\/accessibility\\\/#breadcrumb\"},\"inLanguage\":\"en-US\",\"potentialAction\":[{\"@type\":\"ReadAction\",\"target\":[\"https:\\\/\\\/www.studio303.ca\\\/en\\\/accessibility\\\/\"]}]},{\"@type\":\"BreadcrumbList\",\"@id\":\"https:\\\/\\\/www.studio303.ca\\\/en\\\/accessibility\\\/#breadcrumb\",\"itemListElement\":[{\"@type\":\"ListItem\",\"position\":1,\"name\":\"Home\",\"item\":\"https:\\\/\\\/www.studio303.ca\\\/en\\\/home\\\/\"},{\"@type\":\"ListItem\",\"position\":2,\"name\":\"Accessibility\"}]},{\"@type\":\"WebSite\",\"@id\":\"https:\\\/\\\/www.studio303.ca\\\/#website\",\"url\":\"https:\\\/\\\/www.studio303.ca\\\/\",\"name\":\"Studio 303\",\"description\":\"Lieu de diffusion et de soutien pour la danse et l&#039;art indisciplin\u00e9 \u00e0 Montr\u00e9al.\",\"publisher\":{\"@id\":\"https:\\\/\\\/www.studio303.ca\\\/#organization\"},\"potentialAction\":[{\"@type\":\"SearchAction\",\"target\":{\"@type\":\"EntryPoint\",\"urlTemplate\":\"https:\\\/\\\/www.studio303.ca\\\/?s={search_term_string}\"},\"query-input\":{\"@type\":\"PropertyValueSpecification\",\"valueRequired\":true,\"valueName\":\"search_term_string\"}}],\"inLanguage\":\"en-US\"},{\"@type\":\"Organization\",\"@id\":\"https:\\\/\\\/www.studio303.ca\\\/#organization\",\"name\":\"Studio 303\",\"url\":\"https:\\\/\\\/www.studio303.ca\\\/\",\"logo\":{\"@type\":\"ImageObject\",\"inLanguage\":\"en-US\",\"@id\":\"https:\\\/\\\/www.studio303.ca\\\/#\\\/schema\\\/logo\\\/image\\\/\",\"url\":\"https:\\\/\\\/www.studio303.ca\\\/wp-content\\\/uploads\\\/2025\\\/08\\\/studio303-logo_black-c2586d.svg\",\"contentUrl\":\"https:\\\/\\\/www.studio303.ca\\\/wp-content\\\/uploads\\\/2025\\\/08\\\/studio303-logo_black-c2586d.svg\",\"caption\":\"Studio 303\"},\"image\":{\"@id\":\"https:\\\/\\\/www.studio303.ca\\\/#\\\/schema\\\/logo\\\/image\\\/\"},\"sameAs\":[\"https:\\\/\\\/www.facebook.com\\\/studio303.montreal\",\"http:\\\/\\\/instagram.com\\\/studio303\"]}]}<\/script>\n<!-- \/ Yoast SEO plugin. -->","yoast_head_json":{"title":"Accessibility - Studio 303","robots":{"index":"index","follow":"follow","max-snippet":"max-snippet:-1","max-image-preview":"max-image-preview:large","max-video-preview":"max-video-preview:-1"},"canonical":"https:\/\/www.studio303.ca\/en\/accessibility\/","og_locale":"en_US","og_type":"article","og_title":"Accessibility - Studio 303","og_description":"PHYSICAL ACCESSIBILITY &gt; Studio 303&#8217;s evaluation by K\u00e9roul accessible here.Our building entrance is 35\u201d, accessed by ramp with button operated automatic door. This locks automatically at 9pm on week nights and 6pm on weekends so if you need access after those times, please call in advance for assistance (514) 393-3771.Our studio entrances are both ramped; [&hellip;]","og_url":"https:\/\/www.studio303.ca\/en\/accessibility\/","og_site_name":"Studio 303","article_publisher":"https:\/\/www.facebook.com\/studio303.montreal","article_modified_time":"2020-09-09T13:53:04+00:00","twitter_card":"summary_large_image","twitter_misc":{"Est. reading time":"3 minutes"},"schema":{"@context":"https:\/\/schema.org","@graph":[{"@type":"WebPage","@id":"https:\/\/www.studio303.ca\/en\/accessibility\/","url":"https:\/\/www.studio303.ca\/en\/accessibility\/","name":"Accessibility - Studio 303","isPartOf":{"@id":"https:\/\/www.studio303.ca\/#website"},"datePublished":"2018-06-25T15:08:16+00:00","dateModified":"2020-09-09T13:53:04+00:00","breadcrumb":{"@id":"https:\/\/www.studio303.ca\/en\/accessibility\/#breadcrumb"},"inLanguage":"en-US","potentialAction":[{"@type":"ReadAction","target":["https:\/\/www.studio303.ca\/en\/accessibility\/"]}]},{"@type":"BreadcrumbList","@id":"https:\/\/www.studio303.ca\/en\/accessibility\/#breadcrumb","itemListElement":[{"@type":"ListItem","position":1,"name":"Home","item":"https:\/\/www.studio303.ca\/en\/home\/"},{"@type":"ListItem","position":2,"name":"Accessibility"}]},{"@type":"WebSite","@id":"https:\/\/www.studio303.ca\/#website","url":"https:\/\/www.studio303.ca\/","name":"Studio 303","description":"Lieu de diffusion et de soutien pour la danse et l&#039;art indisciplin\u00e9 \u00e0 Montr\u00e9al.","publisher":{"@id":"https:\/\/www.studio303.ca\/#organization"},"potentialAction":[{"@type":"SearchAction","target":{"@type":"EntryPoint","urlTemplate":"https:\/\/www.studio303.ca\/?s={search_term_string}"},"query-input":{"@type":"PropertyValueSpecification","valueRequired":true,"valueName":"search_term_string"}}],"inLanguage":"en-US"},{"@type":"Organization","@id":"https:\/\/www.studio303.ca\/#organization","name":"Studio 303","url":"https:\/\/www.studio303.ca\/","logo":{"@type":"ImageObject","inLanguage":"en-US","@id":"https:\/\/www.studio303.ca\/#\/schema\/logo\/image\/","url":"https:\/\/www.studio303.ca\/wp-content\/uploads\/2025\/08\/studio303-logo_black-c2586d.svg","contentUrl":"https:\/\/www.studio303.ca\/wp-content\/uploads\/2025\/08\/studio303-logo_black-c2586d.svg","caption":"Studio 303"},"image":{"@id":"https:\/\/www.studio303.ca\/#\/schema\/logo\/image\/"},"sameAs":["https:\/\/www.facebook.com\/studio303.montreal","http:\/\/instagram.com\/studio303"]}]}},"_links":{"self":[{"href":"https:\/\/www.studio303.ca\/en\/wp-json\/wp\/v2\/pages\/372","targetHints":{"allow":["GET"]}}],"collection":[{"href":"https:\/\/www.studio303.ca\/en\/wp-json\/wp\/v2\/pages"}],"about":[{"href":"https:\/\/www.studio303.ca\/en\/wp-json\/wp\/v2\/types\/page"}],"author":[{"embeddable":true,"href":"https:\/\/www.studio303.ca\/en\/wp-json\/wp\/v2\/users\/1"}],"replies":[{"embeddable":true,"href":"https:\/\/www.studio303.ca\/en\/wp-json\/wp\/v2\/comments?post=372"}],"version-history":[{"count":14,"href":"https:\/\/www.studio303.ca\/en\/wp-json\/wp\/v2\/pages\/372\/revisions"}],"predecessor-version":[{"id":8776,"href":"https:\/\/www.studio303.ca\/en\/wp-json\/wp\/v2\/pages\/372\/revisions\/8776"}],"wp:attachment":[{"href":"https:\/\/www.studio303.ca\/en\/wp-json\/wp\/v2\/media?parent=372"}],"curies":[{"name":"wp","href":"https:\/\/api.w.org\/{rel}","templated":true}]}}