{"id":377,"date":"2018-06-25T19:25:34","date_gmt":"2018-06-26T00:25:34","guid":{"rendered":"http:\/\/www.studio303.ca\/mission\/"},"modified":"2024-09-26T14:05:50","modified_gmt":"2024-09-26T18:05:50","slug":"mission","status":"publish","type":"page","link":"https:\/\/www.studio303.ca\/en\/mission\/","title":{"rendered":"MISSION"},"content":{"rendered":"\n<p style=\"font-size:clamp(14px, 0.875rem + ((1vw - 3.2px) * 0.366), 17px);\">Studio 303 supports artists engaged in critical and experimental processes, in dance and interdisciplinary performance \u2013 with a particular attention to minority artists and practices, specifically Queer and racialized.<\/p>\n\n\n\n<p><\/p>\n\n\n<h3 class=\"wp-block-heading has-text-color has-medium-font-size\" style=\"color:#ea2618;font-style:normal;font-weight:800;text-transform:uppercase\" id=\"vision\">Vision<\/h3>\n\n\n<p><\/p>\n\n\n\n<p style=\"font-size:clamp(14px, 0.875rem + ((1vw - 3.2px) * 0.366), 17px);\">A flourishing performance ecosystem that stimulates and sustains artists whose experimental practices enrich society in improbable and visionary ways.<\/p>\n\n\n\n<p><\/p>\n\n\n<h3 class=\"wp-block-heading has-text-color has-medium-font-size\" style=\"color:#ea2618;font-style:normal;font-weight:800;text-transform:uppercase\" id=\"values\">Values<\/h3>\n\n\n<p><\/p>\n\n\n\n<p class=\"has-black-color has-text-color\" style=\"font-size:clamp(14px, 0.875rem + ((1vw - 3.2px) * 0.366), 17px);\">\u2014 <b>Centering artists. <\/b><span style=\"font-weight: 400;\">Centering the needs of off-center creators, we are joyfully responsive to the artists we serve, who are not only our clientele but our collaborators in creation of an inclusive and welcoming performance ecology. <\/span> <br>\u2014 <b>Seeking the strange.<\/b><span style=\"font-weight: 400;\"> We are in cahoots with artists who may seem unconventional or unexpected for their transgression or challenge of boundaries\u2014boundaries of discipline, identity, methodology, and more. <\/span> <br>\u2014 <b>Interrogating ourselves.<\/b><span style=\"font-weight: 400;\"> We embrace questioning our own motives and institutional power, striving to be self-reflective and transparent, rather than self-serving. <\/span> <br>\u2014 <b>Thriving with care.<\/b><span style=\"font-weight: 400;\"> We value our relationships over transactions, and seek to spread this ethos within the systems we are a part of.<\/span><\/p>\n\n\n\n<p><\/p>\n\n\n<h3 class=\"wp-block-heading has-text-color has-medium-font-size\" style=\"color:#ea2618;font-style:normal;font-weight:800;text-transform:uppercase\" id=\"activities\">Activities<\/h3>\n\n\n<p><\/p>\n\n\n\n<p style=\"font-size:clamp(14px, 0.875rem + ((1vw - 3.2px) * 0.366), 17px);\"><span style=\"font-weight: 400;\">We support and activate:<\/span> <\/p>\n\n\n\n<p style=\"font-size:clamp(14px, 0.875rem + ((1vw - 3.2px) * 0.366), 17px);\">\u2014 <b>Artistic practice<\/b><span style=\"font-weight: 400;\"> \u2013 Professional workshops and residencies<\/span> <br>\u2014 <b>Career development<\/b><span style=\"font-weight: 400;\"> \u2013 In-house services, online resources, equity initiatives, and by connecting artists and presenters.<\/span> <br>\u2014 <b>A creative community<\/b><span style=\"font-weight: 400;\"> \u2013 Gatherings, shows, and open-level classes.<\/span><\/p>\n\n\n\n<p><\/p>\n\n\n<h3 class=\"wp-block-heading has-text-color has-medium-font-size\" style=\"color:#ea2618;font-style:normal;font-weight:800;text-transform:uppercase\" id=\"how-we-work\">How we work<\/h3>\n\n\n<p><\/p>\n\n\n\n<p style=\"font-size:clamp(14px, 0.875rem + ((1vw - 3.2px) * 0.366), 17px);\">Our structure follows a holistic vision, where each activity feeds another. Artists often move through various roles: teaching one year, being a resident the next, taking workshops etc. This fosters continuity for returning artists with whom we nurture a long-term relationship, while also providing various entry points for those who wish to join the 303 community.\n<\/p>\n\n\n\n<p style=\"font-size:clamp(14px, 0.875rem + ((1vw - 3.2px) * 0.366), 17px);\"><b>Programming <\/b><span style=\"font-weight: 400;\">\u2013 As a space dedicated to experimental performance, we embrace working with artists who escape definition and seek alternative models of artistic creation. Each season\u2019s artists (residency, presenting and teaching) are programmed by invitation or by open call (with selection committees composed of associate artists and members of the 303 team). The majority of international artists come to Studio 303 through partnerships with other organisations.<\/span><\/p>\n\n\n\n<p style=\"font-size:clamp(14px, 0.875rem + ((1vw - 3.2px) * 0.366), 17px);\"><b>Engagement <\/b><span style=\"font-weight: 400;\">\u2013 Our role within the performing arts community has evolved over the years, in parallel with the changes in the milieu. Today we are more than ever committed to feminist, queer, anti-oppressive and anti-racist philosophies. We work behind the scenes, through dialogue and partnership, to contribute to a healthier professional environment that promotes equity and transparency. We continuously reimagine creation and networking processes, in order to help artists find their place within the performance ecosystem while respecting their identity and vision.<\/span><\/p>\n\n\n\n<p style=\"font-size:clamp(14px, 0.875rem + ((1vw - 3.2px) * 0.366), 17px);\"><b>Team <\/b><span style=\"font-weight: 400;\">\u2013 Studio 303 has 5 to 6 permanent staff, working an average of 26 hours per week, including two director positions. We operate with a gentle hierarchy, tending towards horizontality. The Board of Directors is composed of 8 to 10 members, at least half of whom are independent artists. Our Board acts as an outside eye (with multiple perspectives), which supports and challenges the codirection while ensuring that Studio 303 adheres to legal and ethical standards.&nbsp;<\/span><\/p>\n\n\n\n<p style=\"font-size:clamp(14px, 0.875rem + ((1vw - 3.2px) * 0.366), 17px);\"><strong>Land Acknowledgement<\/strong>&nbsp;\u2014 <span style=\"font-weight: 400;\">Studio 303 is situated on land that has been a site of meeting, exchange, and creativity for many Indigenous peoples, including the Kanien\u2019keh\u00e1 and Anishinaabeg Nations, for millennia. We recognize and respect the enduring relationship that exists between Indigenous peoples and their traditional territories. This land was never ceded to the European settlers who colonized it. As guests on this land, we acknowledge the past and present contributions of Indigenous peoples. We honor their continued presence and contributions to this land and commit to working in solidarity with Indigenous communities. We invite you to join us in recognizing the importance of this land to the Indigenous peoples who live here today, as well as to their ancestors.<\/span><\/p>\n","protected":false},"excerpt":{"rendered":"<p>Studio 303 supports artists engaged in critical and experimental processes, in dance and interdisciplinary performance \u2013 with a particular attention to minority artists and practices, specifically Queer and racialized. Vision A flourishing performance ecosystem that stimulates and sustains artists whose experimental practices enrich society in improbable and visionary ways. Values \u2014 Centering artists. Centering the [&hellip;]<\/p>\n","protected":false},"author":1,"featured_media":0,"parent":0,"menu_order":200,"comment_status":"closed","ping_status":"closed","template":"","meta":{"_acf_changed":false,"inline_featured_image":false,"_exactmetrics_skip_tracking":false,"_exactmetrics_sitenote_active":false,"_exactmetrics_sitenote_note":"","_exactmetrics_sitenote_category":0,"_themeisle_gutenberg_block_has_review":false,"footnotes":""},"class_list":["post-377","page","type-page","status-publish","hentry"],"acf":[],"yoast_head":"<!-- This site is optimized with the Yoast SEO plugin v27.4 - https:\/\/yoast.com\/product\/yoast-seo-wordpress\/ -->\n<title>MISSION - Studio 303<\/title>\n<meta name=\"robots\" content=\"index, follow, max-snippet:-1, max-image-preview:large, max-video-preview:-1\" \/>\n<link rel=\"canonical\" href=\"https:\/\/www.studio303.ca\/en\/mission\/\" \/>\n<meta property=\"og:locale\" content=\"en_US\" \/>\n<meta property=\"og:type\" content=\"article\" \/>\n<meta property=\"og:title\" content=\"MISSION - Studio 303\" \/>\n<meta property=\"og:description\" content=\"Studio 303 supports artists engaged in critical and experimental processes, in dance and interdisciplinary performance \u2013 with a particular attention to minority artists and practices, specifically Queer and racialized. Vision A flourishing performance ecosystem that stimulates and sustains artists whose experimental practices enrich society in improbable and visionary ways. Values \u2014 Centering artists. Centering the [&hellip;]\" \/>\n<meta property=\"og:url\" content=\"https:\/\/www.studio303.ca\/en\/mission\/\" \/>\n<meta property=\"og:site_name\" content=\"Studio 303\" \/>\n<meta property=\"article:publisher\" content=\"https:\/\/www.facebook.com\/studio303.montreal\" \/>\n<meta property=\"article:modified_time\" content=\"2024-09-26T18:05:50+00:00\" \/>\n<meta name=\"twitter:card\" content=\"summary_large_image\" \/>\n<meta name=\"twitter:label1\" content=\"Est. reading time\" \/>\n\t<meta name=\"twitter:data1\" content=\"3 minutes\" \/>\n<script type=\"application\/ld+json\" class=\"yoast-schema-graph\">{\"@context\":\"https:\\\/\\\/schema.org\",\"@graph\":[{\"@type\":\"WebPage\",\"@id\":\"https:\\\/\\\/www.studio303.ca\\\/en\\\/mission\\\/\",\"url\":\"https:\\\/\\\/www.studio303.ca\\\/en\\\/mission\\\/\",\"name\":\"MISSION - Studio 303\",\"isPartOf\":{\"@id\":\"https:\\\/\\\/www.studio303.ca\\\/#website\"},\"datePublished\":\"2018-06-26T00:25:34+00:00\",\"dateModified\":\"2024-09-26T18:05:50+00:00\",\"breadcrumb\":{\"@id\":\"https:\\\/\\\/www.studio303.ca\\\/en\\\/mission\\\/#breadcrumb\"},\"inLanguage\":\"en-US\",\"potentialAction\":[{\"@type\":\"ReadAction\",\"target\":[\"https:\\\/\\\/www.studio303.ca\\\/en\\\/mission\\\/\"]}]},{\"@type\":\"BreadcrumbList\",\"@id\":\"https:\\\/\\\/www.studio303.ca\\\/en\\\/mission\\\/#breadcrumb\",\"itemListElement\":[{\"@type\":\"ListItem\",\"position\":1,\"name\":\"Home\",\"item\":\"https:\\\/\\\/www.studio303.ca\\\/en\\\/home\\\/\"},{\"@type\":\"ListItem\",\"position\":2,\"name\":\"MISSION\"}]},{\"@type\":\"WebSite\",\"@id\":\"https:\\\/\\\/www.studio303.ca\\\/#website\",\"url\":\"https:\\\/\\\/www.studio303.ca\\\/\",\"name\":\"Studio 303\",\"description\":\"Lieu de diffusion et de soutien pour la danse et l&#039;art indisciplin\u00e9 \u00e0 Montr\u00e9al.\",\"publisher\":{\"@id\":\"https:\\\/\\\/www.studio303.ca\\\/#organization\"},\"potentialAction\":[{\"@type\":\"SearchAction\",\"target\":{\"@type\":\"EntryPoint\",\"urlTemplate\":\"https:\\\/\\\/www.studio303.ca\\\/?s={search_term_string}\"},\"query-input\":{\"@type\":\"PropertyValueSpecification\",\"valueRequired\":true,\"valueName\":\"search_term_string\"}}],\"inLanguage\":\"en-US\"},{\"@type\":\"Organization\",\"@id\":\"https:\\\/\\\/www.studio303.ca\\\/#organization\",\"name\":\"Studio 303\",\"url\":\"https:\\\/\\\/www.studio303.ca\\\/\",\"logo\":{\"@type\":\"ImageObject\",\"inLanguage\":\"en-US\",\"@id\":\"https:\\\/\\\/www.studio303.ca\\\/#\\\/schema\\\/logo\\\/image\\\/\",\"url\":\"https:\\\/\\\/www.studio303.ca\\\/wp-content\\\/uploads\\\/2025\\\/08\\\/studio303-logo_black-c2586d.svg\",\"contentUrl\":\"https:\\\/\\\/www.studio303.ca\\\/wp-content\\\/uploads\\\/2025\\\/08\\\/studio303-logo_black-c2586d.svg\",\"caption\":\"Studio 303\"},\"image\":{\"@id\":\"https:\\\/\\\/www.studio303.ca\\\/#\\\/schema\\\/logo\\\/image\\\/\"},\"sameAs\":[\"https:\\\/\\\/www.facebook.com\\\/studio303.montreal\",\"http:\\\/\\\/instagram.com\\\/studio303\"]}]}<\/script>\n<!-- \/ Yoast SEO plugin. -->","yoast_head_json":{"title":"MISSION - Studio 303","robots":{"index":"index","follow":"follow","max-snippet":"max-snippet:-1","max-image-preview":"max-image-preview:large","max-video-preview":"max-video-preview:-1"},"canonical":"https:\/\/www.studio303.ca\/en\/mission\/","og_locale":"en_US","og_type":"article","og_title":"MISSION - Studio 303","og_description":"Studio 303 supports artists engaged in critical and experimental processes, in dance and interdisciplinary performance \u2013 with a particular attention to minority artists and practices, specifically Queer and racialized. Vision A flourishing performance ecosystem that stimulates and sustains artists whose experimental practices enrich society in improbable and visionary ways. Values \u2014 Centering artists. Centering the [&hellip;]","og_url":"https:\/\/www.studio303.ca\/en\/mission\/","og_site_name":"Studio 303","article_publisher":"https:\/\/www.facebook.com\/studio303.montreal","article_modified_time":"2024-09-26T18:05:50+00:00","twitter_card":"summary_large_image","twitter_misc":{"Est. reading time":"3 minutes"},"schema":{"@context":"https:\/\/schema.org","@graph":[{"@type":"WebPage","@id":"https:\/\/www.studio303.ca\/en\/mission\/","url":"https:\/\/www.studio303.ca\/en\/mission\/","name":"MISSION - Studio 303","isPartOf":{"@id":"https:\/\/www.studio303.ca\/#website"},"datePublished":"2018-06-26T00:25:34+00:00","dateModified":"2024-09-26T18:05:50+00:00","breadcrumb":{"@id":"https:\/\/www.studio303.ca\/en\/mission\/#breadcrumb"},"inLanguage":"en-US","potentialAction":[{"@type":"ReadAction","target":["https:\/\/www.studio303.ca\/en\/mission\/"]}]},{"@type":"BreadcrumbList","@id":"https:\/\/www.studio303.ca\/en\/mission\/#breadcrumb","itemListElement":[{"@type":"ListItem","position":1,"name":"Home","item":"https:\/\/www.studio303.ca\/en\/home\/"},{"@type":"ListItem","position":2,"name":"MISSION"}]},{"@type":"WebSite","@id":"https:\/\/www.studio303.ca\/#website","url":"https:\/\/www.studio303.ca\/","name":"Studio 303","description":"Lieu de diffusion et de soutien pour la danse et l&#039;art indisciplin\u00e9 \u00e0 Montr\u00e9al.","publisher":{"@id":"https:\/\/www.studio303.ca\/#organization"},"potentialAction":[{"@type":"SearchAction","target":{"@type":"EntryPoint","urlTemplate":"https:\/\/www.studio303.ca\/?s={search_term_string}"},"query-input":{"@type":"PropertyValueSpecification","valueRequired":true,"valueName":"search_term_string"}}],"inLanguage":"en-US"},{"@type":"Organization","@id":"https:\/\/www.studio303.ca\/#organization","name":"Studio 303","url":"https:\/\/www.studio303.ca\/","logo":{"@type":"ImageObject","inLanguage":"en-US","@id":"https:\/\/www.studio303.ca\/#\/schema\/logo\/image\/","url":"https:\/\/www.studio303.ca\/wp-content\/uploads\/2025\/08\/studio303-logo_black-c2586d.svg","contentUrl":"https:\/\/www.studio303.ca\/wp-content\/uploads\/2025\/08\/studio303-logo_black-c2586d.svg","caption":"Studio 303"},"image":{"@id":"https:\/\/www.studio303.ca\/#\/schema\/logo\/image\/"},"sameAs":["https:\/\/www.facebook.com\/studio303.montreal","http:\/\/instagram.com\/studio303"]}]}},"_links":{"self":[{"href":"https:\/\/www.studio303.ca\/en\/wp-json\/wp\/v2\/pages\/377","targetHints":{"allow":["GET"]}}],"collection":[{"href":"https:\/\/www.studio303.ca\/en\/wp-json\/wp\/v2\/pages"}],"about":[{"href":"https:\/\/www.studio303.ca\/en\/wp-json\/wp\/v2\/types\/page"}],"author":[{"embeddable":true,"href":"https:\/\/www.studio303.ca\/en\/wp-json\/wp\/v2\/users\/1"}],"replies":[{"embeddable":true,"href":"https:\/\/www.studio303.ca\/en\/wp-json\/wp\/v2\/comments?post=377"}],"version-history":[{"count":15,"href":"https:\/\/www.studio303.ca\/en\/wp-json\/wp\/v2\/pages\/377\/revisions"}],"predecessor-version":[{"id":26945,"href":"https:\/\/www.studio303.ca\/en\/wp-json\/wp\/v2\/pages\/377\/revisions\/26945"}],"wp:attachment":[{"href":"https:\/\/www.studio303.ca\/en\/wp-json\/wp\/v2\/media?parent=377"}],"curies":[{"name":"wp","href":"https:\/\/api.w.org\/{rel}","templated":true}]}}