{"id":398,"date":"2018-06-26T08:44:14","date_gmt":"2018-06-26T13:44:14","guid":{"rendered":"http:\/\/www.studio303.ca\/re-tours-susanna-hood\/"},"modified":"2018-06-27T11:09:30","modified_gmt":"2018-06-27T16:09:30","slug":"re-tours-susanna-hood","status":"publish","type":"page","link":"https:\/\/www.studio303.ca\/en\/re-tours-the-artists\/re-tours-susanna-hood\/","title":{"rendered":"RE-TOURS: Susanna Hood"},"content":{"rendered":"<p>Artistic Director of her interdisciplinary performance company, hum dansoundart, <strong>Susanna Hood<\/strong> has worked as a dance artist and musician since 1991, and has been presenting her own work since 1997. Since 2005, Susanna has been focussing on the creation of works for small groups and some commissioned solos. Susanna\u2019s works take, as their base vocabulary, the immersive and co-dependent integration of movement, sound, text, theatre, and other media in the search for clear and provocative means through which to communicate and express vital (if elusively ineffable) human experiences. <a href=\"http:\/\/humdansoundart.ca\/\">humdansoundart.ca<\/a><\/p>\n<p>&nbsp;<\/p>\n<h3>TOURING EXPERIENCE (IN A NUTSHELL)<\/h3>\n<p>&nbsp;<\/p>\n<ul>\n<li>In the last year I was engaged in various aspects of my practice away from home for a total of 18 weeks. I continue to work in both Toronto and Montreal, as well as in other places.<\/li>\n<li>I find and book most of my performances and tours. I have worked on and off with various administrators\/agents, but nothing stable, and I still do a great deal of the work myself.<\/li>\n<li>Early on, I made a lot of unsolicited contact, but it was probably responding to a call for submissions at Studio 303 that got the ball rolling. From there, presenters saw the work and much of the rest grew out of that, supported by my continual follow-up.<\/li>\n<\/ul>\n<p>&nbsp;<\/p>\n<p>&nbsp;<\/p>\n<h3>SELECT PERFORMANCES AND RESIDENCY EXPERIENCES<\/h3>\n<p>&nbsp;<\/p>\n<ul>\n<li>Neighbourhood Dance Works, St. John\u2019s<\/li>\n<li>SummerWorks Theatre Festival, Toronto<\/li>\n<li>Dancing on the Edge, Vancouver<\/li>\n<li>Crimson Coast Dance Society (teaching residency and performance), Nanaimo<\/li>\n<li>Buddies in Bad Times Theatre (co-production), Toronto<\/li>\n<li>Studio 303 &amp; Th\u00e9\u00e0tre La Chapelle (combined residency and presentation), Montreal<\/li>\n<li>Le Groupe Dance Lab (residency), Ottawa<\/li>\n<li>CorresponDanse (residency and performance), Qu\u00e9bec City<\/li>\n<li>Peterborough New Dance (residency and performance), Peterborough<\/li>\n<li>Bancs d\u2019Essai\/Dance Roads (performance and residency), Montreal, Ljubljana, Cardiff, Luxembourg, Berlin<\/li>\n<li>The Theatre Centre (various residencies, presentations and co-productions), Toronto<\/li>\n<\/ul>\n<p>&nbsp;<\/p>\n<p>&nbsp;<\/p>\n<h3>THE ANECDOTES<\/h3>\n<p><strong>1) Dancing on the Edge Festival<\/strong><br \/>\n<strong>What:<\/strong> Dance Festival, in co-presentation with Presentation House Theatre (Brenda Leadley, Artistic Director) and ScotiaBank Dance Centre (Mirna Zagar, Executive Director)<br \/>\n<strong>Who:<\/strong> Donna Spencer, Festival Producer<br \/>\n<strong>Where:<\/strong> Vancouver, Canada<br \/>\n<strong>When:<\/strong> Five days in July 2011<\/p>\n<p>This is one of those circumstances that came out of planting many seeds, in various ways, over a long time. A friend of Brenda Leadley saw <em>She\u2019s gone away<\/em> in Toronto in 2006, and recommended that Brenda look at the video. She contacted me. I sent her the video and followed up. I then went out to do a pitch of the piece at the PuSh festival in 2009. Brenda saw the pitch and while in Vancouver I also had meetings with various other presenters, including Mirna Zagar, regarding my work in general. Brenda and I kept in touch and saw each other several times at various showcase events. Though her theatre was not the appropriate venue, she was determined to find partners to bring the work to Vancouver. She initially partnered with Mirna to bring the work to the Dance Centre in September 2010, but I got injured and we had to cancel. She didn\u2019t give up and eventually got Donna Spencer to partner with her and Mirna to bring the piece to Dancing on the Edge in July 2012. Brenda really championed my work because of its embodied theatrical and experimental nature, which, strangely enough was not at all the programming mandate of the theatre she was running. She has since left that position and is running the Magnetic North Theatre Festival. Financially, I was given a performance fee, travel, per diem and accommodation for three people. I was given a huge amount of moral support, especially through the fall injury and then an injury I suffered in the July performance. I\u2019m not sure I can yet say what doors this has since opened. What stands out, are the doors that were opened along the way in order to make it happen.<br \/>\nIt\u2019s also maybe worth noting that Donna knew my work already because I had applied by application to Dancing on the Edge for their 2004 festival and got in. The festival is notorious for giving VERY late notice regarding every aspect of the presentation \u2013 including whether or not you\u2019ve been accepted.<\/p>\n<p><strong>2) Th\u00e9\u00e2tre La Chapelle &amp; Studio 303<\/strong><br \/>\n<strong>What:<\/strong> Creation residency and presentation<br \/>\n<strong>Who:<\/strong> Jack Udashkin, Director (Th\u00e9\u00e2tre La Chapelle), Miriam Ginestier, Director (Studio 303)<br \/>\n<strong>Where:<\/strong> Montreal, Canada<br \/>\n<strong>When:<\/strong> June 2009 (two weeks at Studio 303 &amp; one week at la Chapelle) &amp; April 2010 (one week of technical residency and one week of performance at La Chapelle). One year and nine months elapsed between the initial contact with the organization and the performance.<\/p>\n<p>In 2007, having recently seen <em>She\u2019s gone away<\/em> at Tangente and speaking with me after, Jack Udashkin, in first taking over La Chapelle, called me to see \u201cwhat I had for him.\u201d This was the first time that someone wanted to book something of mine that didn\u2019t yet exist. I told him that I had something in progress that wouldn\u2019t be ready to present till 2010. In the meantime he presented <em>She\u2019s gone away<\/em> in 2008, and partnered with Studio 303 to give me both residency and production support for Shudder. I had a long-standing relationship with Studio 303, stemming from an initial application to the Edgy Women series in 2003 and building from there. I received a combination of support from both organizations including: residency space, tech, and travel support; performance fees, accommodation, travel and per diem (for 6 people), and full presentation support. I also received a great deal of administrative, networking, and moral support all around. Both organizations are extremely supportive of experimental work. Jack\u2019s vision for La Chapelle is particularly interdisciplinary, with an emphasis on works that tend towards very strong statements and even shock, and often by younger artists. I have continued a strong relationship with both organizations. I have been invited to be one of 16 Associate Artists at La Chapelle.<\/p>\n<p><strong>3) Bancs d\u2019Essai \/ Dance Roads<\/strong><br \/>\n<strong>What:<\/strong> Tour and workshop residency<br \/>\n<strong>Who:<\/strong> Tangente (Dena Davida, Co-director)<br \/>\n<strong>Where:<\/strong> Montreal, QC; Ljubljana, Slovenia; Cardiff, Wales; Luxembourg; Berlin, Germany<br \/>\n<strong>When:<\/strong> Five-week tour in January-February 2006 and two-week workshop residency for co-creation of site-specific performance in August 2006.<\/p>\n<p>This bi-annual tour is organized and produced by a fluctuating network of international presenters of which Tangente is one. Each presenter proposes an artist from their country and the agreed upon artists, then tour a mixed program of short works to each of the network\u2019s venues. Though I was still living in Toronto at the time, Dena Davida, having presented my work once, proposed me as the Canadian choreographer. The programming seems to be dependent on a couple of different criteria \u2013 the interests of the sponsoring presenter and the interests of the rest of the network (which keeps changing). All the choreographers chosen were considered \u201cemerging\u201d to a certain extent and seemed to have very distinct signatures of work. Our travel, accommodation, and per diems for my musical collaborator (who was sharing the stage with me) and I were completely covered, and we received some kind of fee (can\u2019t remember how much \u2013 reasonable, but not a ton). We had to pay some additional baggage costs for gear. We had a production\/stage manager who travelled with us, and each presenter hosted us with receptions. This opportunity intended to give support in networking. Unfortunately, I can\u2019t say that this really happened, and so if, as an individual artist, you made the effort to connect with people while on the road, it was under your own initiative. I can\u2019t say that the experience really led to any more presenting or residency opportunities, even though I tried to make connections, but it was an incredible bonding experience with the other artists. This was especially so because in Berlin, we did not perform (which initially felt like a drag \u2013 and might have potentially been the most advantageous networking opportunity) but instead we participated in a collaborative creation workshop for which we returned to Berlin during Tanz im August to complete. This was a fantastic opportunity to see lots of things at the festival as well as to meet with and create amongst other artists, some being Berlin-based.<\/p>\n<p>Note : This story was written in 2012.<\/p>\n","protected":false},"excerpt":{"rendered":"<p>Artistic Director of her interdisciplinary performance company, hum dansoundart, Susanna Hood has worked as a dance artist and musician since 1991, and has been presenting her own work since 1997. Since 2005, Susanna has been focussing on the creation of works for small groups and some commissioned solos. Susanna\u2019s works take, as their base vocabulary, [&hellip;]<\/p>\n","protected":false},"author":1,"featured_media":1331,"parent":414,"menu_order":148,"comment_status":"closed","ping_status":"closed","template":"","meta":{"_acf_changed":false,"inline_featured_image":false,"_exactmetrics_skip_tracking":false,"_exactmetrics_sitenote_active":false,"_exactmetrics_sitenote_note":"","_exactmetrics_sitenote_category":0,"_themeisle_gutenberg_block_has_review":false,"footnotes":""},"class_list":["post-398","page","type-page","status-publish","has-post-thumbnail","hentry"],"acf":[],"yoast_head":"<!-- This site is optimized with the Yoast SEO plugin v27.4 - https:\/\/yoast.com\/product\/yoast-seo-wordpress\/ -->\n<title>RE-TOURS: Susanna Hood - Studio 303<\/title>\n<meta name=\"robots\" content=\"index, follow, max-snippet:-1, max-image-preview:large, max-video-preview:-1\" \/>\n<link rel=\"canonical\" href=\"https:\/\/www.studio303.ca\/re-tours-les-artistes\/re-tours-susanna-hood\/\" \/>\n<meta property=\"og:locale\" content=\"en_US\" \/>\n<meta property=\"og:type\" content=\"article\" \/>\n<meta property=\"og:title\" content=\"RE-TOURS: Susanna Hood - Studio 303\" \/>\n<meta property=\"og:description\" content=\"Artistic Director of her interdisciplinary performance company, hum dansoundart, Susanna Hood has worked as a dance artist and musician since 1991, and has been presenting her own work since 1997. Since 2005, Susanna has been focussing on the creation of works for small groups and some commissioned solos. Susanna\u2019s works take, as their base vocabulary, [&hellip;]\" \/>\n<meta property=\"og:url\" content=\"https:\/\/www.studio303.ca\/re-tours-les-artistes\/re-tours-susanna-hood\/\" \/>\n<meta property=\"og:site_name\" content=\"Studio 303\" \/>\n<meta property=\"article:publisher\" content=\"https:\/\/www.facebook.com\/studio303.montreal\" \/>\n<meta property=\"article:modified_time\" content=\"2018-06-27T16:09:30+00:00\" \/>\n<meta property=\"og:image\" content=\"https:\/\/www.studio303.ca\/wp-content\/uploads\/2018\/06\/Susanna_Hood.jpg\" \/>\n\t<meta property=\"og:image:width\" content=\"600\" \/>\n\t<meta property=\"og:image:height\" content=\"400\" \/>\n\t<meta property=\"og:image:type\" content=\"image\/jpeg\" \/>\n<meta name=\"twitter:card\" content=\"summary_large_image\" \/>\n<meta name=\"twitter:label1\" content=\"Est. reading time\" \/>\n\t<meta name=\"twitter:data1\" content=\"7 minutes\" \/>\n<script type=\"application\/ld+json\" class=\"yoast-schema-graph\">{\"@context\":\"https:\\\/\\\/schema.org\",\"@graph\":[{\"@type\":\"WebPage\",\"@id\":\"https:\\\/\\\/www.studio303.ca\\\/re-tours-les-artistes\\\/re-tours-susanna-hood\\\/\",\"url\":\"https:\\\/\\\/www.studio303.ca\\\/re-tours-les-artistes\\\/re-tours-susanna-hood\\\/\",\"name\":\"RE-TOURS: Susanna Hood - Studio 303\",\"isPartOf\":{\"@id\":\"https:\\\/\\\/www.studio303.ca\\\/#website\"},\"primaryImageOfPage\":{\"@id\":\"https:\\\/\\\/www.studio303.ca\\\/re-tours-les-artistes\\\/re-tours-susanna-hood\\\/#primaryimage\"},\"image\":{\"@id\":\"https:\\\/\\\/www.studio303.ca\\\/re-tours-les-artistes\\\/re-tours-susanna-hood\\\/#primaryimage\"},\"thumbnailUrl\":\"https:\\\/\\\/www.studio303.ca\\\/wp-content\\\/uploads\\\/2018\\\/06\\\/Susanna_Hood.jpg\",\"datePublished\":\"2018-06-26T13:44:14+00:00\",\"dateModified\":\"2018-06-27T16:09:30+00:00\",\"breadcrumb\":{\"@id\":\"https:\\\/\\\/www.studio303.ca\\\/re-tours-les-artistes\\\/re-tours-susanna-hood\\\/#breadcrumb\"},\"inLanguage\":\"en-US\",\"potentialAction\":[{\"@type\":\"ReadAction\",\"target\":[\"https:\\\/\\\/www.studio303.ca\\\/re-tours-les-artistes\\\/re-tours-susanna-hood\\\/\"]}]},{\"@type\":\"ImageObject\",\"inLanguage\":\"en-US\",\"@id\":\"https:\\\/\\\/www.studio303.ca\\\/re-tours-les-artistes\\\/re-tours-susanna-hood\\\/#primaryimage\",\"url\":\"https:\\\/\\\/www.studio303.ca\\\/wp-content\\\/uploads\\\/2018\\\/06\\\/Susanna_Hood.jpg\",\"contentUrl\":\"https:\\\/\\\/www.studio303.ca\\\/wp-content\\\/uploads\\\/2018\\\/06\\\/Susanna_Hood.jpg\",\"width\":600,\"height\":400},{\"@type\":\"BreadcrumbList\",\"@id\":\"https:\\\/\\\/www.studio303.ca\\\/re-tours-les-artistes\\\/re-tours-susanna-hood\\\/#breadcrumb\",\"itemListElement\":[{\"@type\":\"ListItem\",\"position\":1,\"name\":\"Home\",\"item\":\"https:\\\/\\\/www.studio303.ca\\\/en\\\/home\\\/\"},{\"@type\":\"ListItem\",\"position\":2,\"name\":\"RE-TOURS : The artists\",\"item\":\"https:\\\/\\\/www.studio303.ca\\\/en\\\/re-tours-the-artists\\\/\"},{\"@type\":\"ListItem\",\"position\":3,\"name\":\"RE-TOURS: Susanna Hood\"}]},{\"@type\":\"WebSite\",\"@id\":\"https:\\\/\\\/www.studio303.ca\\\/#website\",\"url\":\"https:\\\/\\\/www.studio303.ca\\\/\",\"name\":\"Studio 303\",\"description\":\"Lieu de diffusion et de soutien pour la danse et l&#039;art indisciplin\u00e9 \u00e0 Montr\u00e9al.\",\"publisher\":{\"@id\":\"https:\\\/\\\/www.studio303.ca\\\/#organization\"},\"potentialAction\":[{\"@type\":\"SearchAction\",\"target\":{\"@type\":\"EntryPoint\",\"urlTemplate\":\"https:\\\/\\\/www.studio303.ca\\\/?s={search_term_string}\"},\"query-input\":{\"@type\":\"PropertyValueSpecification\",\"valueRequired\":true,\"valueName\":\"search_term_string\"}}],\"inLanguage\":\"en-US\"},{\"@type\":\"Organization\",\"@id\":\"https:\\\/\\\/www.studio303.ca\\\/#organization\",\"name\":\"Studio 303\",\"url\":\"https:\\\/\\\/www.studio303.ca\\\/\",\"logo\":{\"@type\":\"ImageObject\",\"inLanguage\":\"en-US\",\"@id\":\"https:\\\/\\\/www.studio303.ca\\\/#\\\/schema\\\/logo\\\/image\\\/\",\"url\":\"https:\\\/\\\/www.studio303.ca\\\/wp-content\\\/uploads\\\/2025\\\/08\\\/studio303-logo_black-c2586d.svg\",\"contentUrl\":\"https:\\\/\\\/www.studio303.ca\\\/wp-content\\\/uploads\\\/2025\\\/08\\\/studio303-logo_black-c2586d.svg\",\"caption\":\"Studio 303\"},\"image\":{\"@id\":\"https:\\\/\\\/www.studio303.ca\\\/#\\\/schema\\\/logo\\\/image\\\/\"},\"sameAs\":[\"https:\\\/\\\/www.facebook.com\\\/studio303.montreal\",\"http:\\\/\\\/instagram.com\\\/studio303\"]}]}<\/script>\n<!-- \/ Yoast SEO plugin. -->","yoast_head_json":{"title":"RE-TOURS: Susanna Hood - Studio 303","robots":{"index":"index","follow":"follow","max-snippet":"max-snippet:-1","max-image-preview":"max-image-preview:large","max-video-preview":"max-video-preview:-1"},"canonical":"https:\/\/www.studio303.ca\/re-tours-les-artistes\/re-tours-susanna-hood\/","og_locale":"en_US","og_type":"article","og_title":"RE-TOURS: Susanna Hood - Studio 303","og_description":"Artistic Director of her interdisciplinary performance company, hum dansoundart, Susanna Hood has worked as a dance artist and musician since 1991, and has been presenting her own work since 1997. Since 2005, Susanna has been focussing on the creation of works for small groups and some commissioned solos. Susanna\u2019s works take, as their base vocabulary, [&hellip;]","og_url":"https:\/\/www.studio303.ca\/re-tours-les-artistes\/re-tours-susanna-hood\/","og_site_name":"Studio 303","article_publisher":"https:\/\/www.facebook.com\/studio303.montreal","article_modified_time":"2018-06-27T16:09:30+00:00","og_image":[{"width":600,"height":400,"url":"https:\/\/www.studio303.ca\/wp-content\/uploads\/2018\/06\/Susanna_Hood.jpg","type":"image\/jpeg"}],"twitter_card":"summary_large_image","twitter_misc":{"Est. reading time":"7 minutes"},"schema":{"@context":"https:\/\/schema.org","@graph":[{"@type":"WebPage","@id":"https:\/\/www.studio303.ca\/re-tours-les-artistes\/re-tours-susanna-hood\/","url":"https:\/\/www.studio303.ca\/re-tours-les-artistes\/re-tours-susanna-hood\/","name":"RE-TOURS: Susanna Hood - Studio 303","isPartOf":{"@id":"https:\/\/www.studio303.ca\/#website"},"primaryImageOfPage":{"@id":"https:\/\/www.studio303.ca\/re-tours-les-artistes\/re-tours-susanna-hood\/#primaryimage"},"image":{"@id":"https:\/\/www.studio303.ca\/re-tours-les-artistes\/re-tours-susanna-hood\/#primaryimage"},"thumbnailUrl":"https:\/\/www.studio303.ca\/wp-content\/uploads\/2018\/06\/Susanna_Hood.jpg","datePublished":"2018-06-26T13:44:14+00:00","dateModified":"2018-06-27T16:09:30+00:00","breadcrumb":{"@id":"https:\/\/www.studio303.ca\/re-tours-les-artistes\/re-tours-susanna-hood\/#breadcrumb"},"inLanguage":"en-US","potentialAction":[{"@type":"ReadAction","target":["https:\/\/www.studio303.ca\/re-tours-les-artistes\/re-tours-susanna-hood\/"]}]},{"@type":"ImageObject","inLanguage":"en-US","@id":"https:\/\/www.studio303.ca\/re-tours-les-artistes\/re-tours-susanna-hood\/#primaryimage","url":"https:\/\/www.studio303.ca\/wp-content\/uploads\/2018\/06\/Susanna_Hood.jpg","contentUrl":"https:\/\/www.studio303.ca\/wp-content\/uploads\/2018\/06\/Susanna_Hood.jpg","width":600,"height":400},{"@type":"BreadcrumbList","@id":"https:\/\/www.studio303.ca\/re-tours-les-artistes\/re-tours-susanna-hood\/#breadcrumb","itemListElement":[{"@type":"ListItem","position":1,"name":"Home","item":"https:\/\/www.studio303.ca\/en\/home\/"},{"@type":"ListItem","position":2,"name":"RE-TOURS : The artists","item":"https:\/\/www.studio303.ca\/en\/re-tours-the-artists\/"},{"@type":"ListItem","position":3,"name":"RE-TOURS: Susanna Hood"}]},{"@type":"WebSite","@id":"https:\/\/www.studio303.ca\/#website","url":"https:\/\/www.studio303.ca\/","name":"Studio 303","description":"Lieu de diffusion et de soutien pour la danse et l&#039;art indisciplin\u00e9 \u00e0 Montr\u00e9al.","publisher":{"@id":"https:\/\/www.studio303.ca\/#organization"},"potentialAction":[{"@type":"SearchAction","target":{"@type":"EntryPoint","urlTemplate":"https:\/\/www.studio303.ca\/?s={search_term_string}"},"query-input":{"@type":"PropertyValueSpecification","valueRequired":true,"valueName":"search_term_string"}}],"inLanguage":"en-US"},{"@type":"Organization","@id":"https:\/\/www.studio303.ca\/#organization","name":"Studio 303","url":"https:\/\/www.studio303.ca\/","logo":{"@type":"ImageObject","inLanguage":"en-US","@id":"https:\/\/www.studio303.ca\/#\/schema\/logo\/image\/","url":"https:\/\/www.studio303.ca\/wp-content\/uploads\/2025\/08\/studio303-logo_black-c2586d.svg","contentUrl":"https:\/\/www.studio303.ca\/wp-content\/uploads\/2025\/08\/studio303-logo_black-c2586d.svg","caption":"Studio 303"},"image":{"@id":"https:\/\/www.studio303.ca\/#\/schema\/logo\/image\/"},"sameAs":["https:\/\/www.facebook.com\/studio303.montreal","http:\/\/instagram.com\/studio303"]}]}},"_links":{"self":[{"href":"https:\/\/www.studio303.ca\/en\/wp-json\/wp\/v2\/pages\/398","targetHints":{"allow":["GET"]}}],"collection":[{"href":"https:\/\/www.studio303.ca\/en\/wp-json\/wp\/v2\/pages"}],"about":[{"href":"https:\/\/www.studio303.ca\/en\/wp-json\/wp\/v2\/types\/page"}],"author":[{"embeddable":true,"href":"https:\/\/www.studio303.ca\/en\/wp-json\/wp\/v2\/users\/1"}],"replies":[{"embeddable":true,"href":"https:\/\/www.studio303.ca\/en\/wp-json\/wp\/v2\/comments?post=398"}],"version-history":[{"count":1,"href":"https:\/\/www.studio303.ca\/en\/wp-json\/wp\/v2\/pages\/398\/revisions"}],"predecessor-version":[{"id":638,"href":"https:\/\/www.studio303.ca\/en\/wp-json\/wp\/v2\/pages\/398\/revisions\/638"}],"up":[{"embeddable":true,"href":"https:\/\/www.studio303.ca\/en\/wp-json\/wp\/v2\/pages\/414"}],"wp:featuredmedia":[{"embeddable":true,"href":"https:\/\/www.studio303.ca\/en\/wp-json\/wp\/v2\/media\/1331"}],"wp:attachment":[{"href":"https:\/\/www.studio303.ca\/en\/wp-json\/wp\/v2\/media?parent=398"}],"curies":[{"name":"wp","href":"https:\/\/api.w.org\/{rel}","templated":true}]}}