{"id":400,"date":"2018-06-26T08:45:28","date_gmt":"2018-06-26T13:45:28","guid":{"rendered":"http:\/\/www.studio303.ca\/re-tours-melanie-demers\/"},"modified":"2018-07-08T09:42:15","modified_gmt":"2018-07-08T14:42:15","slug":"re-tours-melanie-demers","status":"publish","type":"page","link":"https:\/\/www.studio303.ca\/en\/re-tours-the-artists\/re-tours-melanie-demers\/","title":{"rendered":"RE-TOURS: M\u00e9lanie Demers"},"content":{"rendered":"<p>Graduating from LADMMI, \u00c9cole de danse contemporaine de Montr\u00e9al in 1996, <strong>M\u00e9lanie Demers<\/strong> joined the ranks of the O Vertigo dance company in 1998, with whom she danced for close to 10 years. Parallel to her vocation as a dancer, she continued to develop an identity as a choreographer, initiated as of her entry into the professional milieu. Founded in 2011, Mayday exists as a platform for exchanges and reflection. In this optic she created <em>Angles morts<\/em> (2006), <em>Sauver sa peau<\/em> (2008), <em>Junkyard\/Paradis<\/em> (2010) and <em>Goodbye<\/em>(2012). Mayday multiplies its international collaborations and is proud to consider itself one of the rare Canadian companies that has been presented in the Americas, in Europe, in Asia, as well as in Africa. <a href=\"http:\/\/www.maydaydanse.ca\/\">www.maydaydanse.ca<\/a><\/p>\n<h3>TOURING EXPERIENCE ( IN A NUTSHELL )<\/h3>\n<p>&nbsp;<\/p>\n<ul>\n<li>My first touring experiences were marked by an intense desire to travel and discover, and as a result I jumped into the adventure, not always understanding the consequences! As time went on and expectations increased, opportunities to tour diminished. Over the 2007-08-09 seasons Mayday was probably on tour four months a year; over the 2010-11-12 seasons Mayday spent two months a year away from home.<\/li>\n<li>Ironically, it was when I began to work with an agent that the touring opportunities diminished. Perhaps because a booker seeks more prestigious gigs. Having said that, the involvement of a knowledgeable person who knows the market and its networks can really help the artist key into the public he or she is looking for.<\/li>\n<li>My first work experiences away were attained by answering calls for residency projects, and then, over time, by invitation by presenters that had seen my work develop through these residency programs. After that, Tangente played a key role in my development by inviting me to participate in the festival Danse \u00e0 Lille in March 2008, which allowed me to meet many European presenters interested in developing emerging artists.<\/li>\n<\/ul>\n<p>&nbsp;<\/p>\n<h3>SELECT PERFORMANCES AND RESIDENCY EXPERIENCES<\/h3>\n<p>&nbsp;<\/p>\n<ul>\n<li>Tanzmesse, Dusseldorf, Germany<\/li>\n<li>Canada Dance Festival, Ottawa, Canada<\/li>\n<li>OperaEstate Veneto (residency), Bassano, Italy<\/li>\n<li>Les Rep\u00e9rages (residency), Ipswich, Great Britain<\/li>\n<li>La Rotonde, Quebec City<\/li>\n<li>Th\u00e9\u00e2tre Centennial, Lennoxville<\/li>\n<li>OperaEstate Veneto (residency), Bassano, Italy<\/li>\n<li>Prismatic Festival, Halifax<\/li>\n<li>Festival Body\/Mind, Warsaw, Poland<\/li>\n<li>CCNC \/ BN (residency), Caen, France<\/li>\n<li>vRencontres chor\u00e9graphiques internationales de Seine-Saint-Denis, France<\/li>\n<li>Charleroi\/Danses, Charleroi, Belgium<\/li>\n<li>Teatroi, Milan, Italy<\/li>\n<\/ul>\n<p>&nbsp;<\/p>\n<h3>THE ANECDOTES<\/h3>\n<p><strong>1) <a href=\"http:\/\/www.gymnase-cdc.com\/articles\/les-reperages\">Les Rep\u00e9rages<\/a><\/strong><br \/>\n<strong>What:<\/strong> Performance at a festival<br \/>\n<strong>Who:<\/strong> Danse \u00e0 Lille, Centre de D\u00e9veloppement Chor\u00e9graphique (Catherine Dunoyer de Segonzac, former Director)<br \/>\n<strong>Where:<\/strong> Lille, France<br \/>\n<strong>When:<\/strong> One week in March 2008. Tangente told me I was selected around 9 to 10 months before the event took place.<\/p>\n<p>Les Rep\u00e9rages is a network of primarily European presenters who each bring one artist a year to Lille for the festival and commit to program one or more artists that are part of the selection. Tangente participates in this network and actively participates in its dynamism. It\u2019s a very varied program of contemporary dance works without a real anchor besides that of presenting a panorama of new artistic propositions from over a dozen countries. Dena Davida\u2019s presence at the festival facilitates encounters with certain presenters who could potentially have an interest in the work. It\u2019s necessary to request travel funding from the CALQ in order to finance the trip and related expenses. Several of my 2009 and 2010 tours came out of this opportunity in Lille (Turin, Milan, Ipswich, Charleroi, etc.\u2026)<\/p>\n<p><strong>2) <a href=\"http:\/\/www.cnd.fr\/\">Centre National de la Danse<\/a><\/strong><br \/>\n<strong>What:<\/strong> Residency and performance in the regular season<br \/>\n<strong>Who:<\/strong> Sylvie Dhuyvetter, Associate Director<br \/>\n<strong>Where:<\/strong> Paris, France<br \/>\n<strong>When:<\/strong> Three weeks in January 2009. Almost a year went by between the initial contact and the performance.<\/p>\n<p>I was invited to participate in a co-creation with La\u00efla Diallo, a Quebecoise choreographer based in England. Almost all the contacts for this project resulted from this collaboration and from her relationships with European presenters and producers. Collaborations of this kind can greatly facilitate an infiltration of networks and exchanges on both sides of the Atlantic.<br \/>\nThe CND is a French institution and the opportunity to take part in a two-week residency there before performing the piece was a privilege that allowed us to connect with artists and better understand the Paris and French dance milieu. Equally excellent working conditions are provided to artists at the beginning, middle and peak of their careers. The CND is an imminently efficient structure and all of the services that might be needed by the artists are available to them. Apartments for artists in residence, office space, completely equipped studios, medical resources. The CND offered us a very adequate fee and a coproduction.<br \/>\nNothing concrete in terms of new opportunities came out of our time at the CND, but our relationship with the people there is still strong. They continue to follow my career and the door is always open.<\/p>\n<p><strong>3) <a href=\"http:\/\/www.operaestate.it\/index.php?option=com_frontpage&amp;Itemid=1\">B-Motion<\/a><\/strong><br \/>\n<strong>What:<\/strong> Two festival performances and two residencies<br \/>\n<strong>Who:<\/strong> Roberto Casarotto<br \/>\n<strong>Where:<\/strong> Bassano, Italy<br \/>\n<strong>When:<\/strong> Several visits since 2008<\/p>\n<p>Roberto first encountered my work during our visit to the Spring Loaded festival in London in 2008. He saw the piece <em>Sauver sa Peau<\/em> and since then he has supported all of my company\u2019s productions, either by presenting the work or by offering residencies to develop a work in progress. Our collaboration, complicity and friendship have developed over the years. It\u2019s probably the most significant collaboration that I have been able to develop with a presenter, and I feel in him a mutual respect and desire to pursue the relationship over the long-term.<br \/>\nRoberto Casarotto presents artists rather than presenting works. He\u2019s interested in artists\u2019 career development and the support they need to develop and mature. His programming reflects this philosophy. He\u2019s mainly connected to the emerging European scene and its proliferation. The programming at B-Motion is very \u2018up and coming\u2019, but it is also very aesthetically and politically diverse. With very little means, Roberto Casarotto is able to support an effervescent contemporary scene in Italy, in Europe and in the rest of the world as well.<br \/>\nIn order to be able to participate in the festival, Mayday has always received the support from the \u2018Diffusion hors Qu\u00e9bec\u2019 program at the CALQ. For our residencies, the host organization coordinated workshops in the local community in order to support the travel expenses.<br \/>\nEach new visit to Bassano has contributed to solidifying a working relationship that also allowed a friendship. By spending time together, it has become easier and easier to obtain an honest and generous perspective on the company\u2019s work and precious advice on how to move forwards.<\/p>\n<p>Note : This story was written in 2012.<\/p>\n","protected":false},"excerpt":{"rendered":"<p>Graduating from LADMMI, \u00c9cole de danse contemporaine de Montr\u00e9al in 1996, M\u00e9lanie Demers joined the ranks of the O Vertigo dance company in 1998, with whom she danced for close to 10 years. Parallel to her vocation as a dancer, she continued to develop an identity as a choreographer, initiated as of her entry into [&hellip;]<\/p>\n","protected":false},"author":1,"featured_media":1332,"parent":414,"menu_order":147,"comment_status":"closed","ping_status":"closed","template":"","meta":{"_acf_changed":false,"inline_featured_image":false,"_exactmetrics_skip_tracking":false,"_exactmetrics_sitenote_active":false,"_exactmetrics_sitenote_note":"","_exactmetrics_sitenote_category":0,"_themeisle_gutenberg_block_has_review":false,"footnotes":""},"class_list":["post-400","page","type-page","status-publish","has-post-thumbnail","hentry"],"acf":[],"yoast_head":"<!-- This site is optimized with the Yoast SEO plugin v27.4 - https:\/\/yoast.com\/product\/yoast-seo-wordpress\/ -->\n<title>RE-TOURS: M\u00e9lanie Demers - Studio 303<\/title>\n<meta name=\"robots\" content=\"index, follow, max-snippet:-1, max-image-preview:large, max-video-preview:-1\" \/>\n<link rel=\"canonical\" href=\"https:\/\/www.studio303.ca\/re-tours-les-artistes\/re-tours-melanie-demers\/\" \/>\n<meta property=\"og:locale\" content=\"en_US\" \/>\n<meta property=\"og:type\" content=\"article\" \/>\n<meta property=\"og:title\" content=\"RE-TOURS: M\u00e9lanie Demers - Studio 303\" \/>\n<meta property=\"og:description\" content=\"Graduating from LADMMI, \u00c9cole de danse contemporaine de Montr\u00e9al in 1996, M\u00e9lanie Demers joined the ranks of the O Vertigo dance company in 1998, with whom she danced for close to 10 years. Parallel to her vocation as a dancer, she continued to develop an identity as a choreographer, initiated as of her entry into [&hellip;]\" \/>\n<meta property=\"og:url\" content=\"https:\/\/www.studio303.ca\/re-tours-les-artistes\/re-tours-melanie-demers\/\" \/>\n<meta property=\"og:site_name\" content=\"Studio 303\" \/>\n<meta property=\"article:publisher\" content=\"https:\/\/www.facebook.com\/studio303.montreal\" \/>\n<meta property=\"article:modified_time\" content=\"2018-07-08T14:42:15+00:00\" \/>\n<meta property=\"og:image\" content=\"https:\/\/www.studio303.ca\/wp-content\/uploads\/2018\/06\/Melanie_Demers.jpg\" \/>\n\t<meta property=\"og:image:width\" content=\"600\" \/>\n\t<meta property=\"og:image:height\" content=\"400\" \/>\n\t<meta property=\"og:image:type\" content=\"image\/jpeg\" \/>\n<meta name=\"twitter:card\" content=\"summary_large_image\" \/>\n<meta name=\"twitter:label1\" content=\"Est. reading time\" \/>\n\t<meta name=\"twitter:data1\" content=\"5 minutes\" \/>\n<script type=\"application\/ld+json\" class=\"yoast-schema-graph\">{\"@context\":\"https:\\\/\\\/schema.org\",\"@graph\":[{\"@type\":\"WebPage\",\"@id\":\"https:\\\/\\\/www.studio303.ca\\\/re-tours-les-artistes\\\/re-tours-melanie-demers\\\/\",\"url\":\"https:\\\/\\\/www.studio303.ca\\\/re-tours-les-artistes\\\/re-tours-melanie-demers\\\/\",\"name\":\"RE-TOURS: M\u00e9lanie Demers - Studio 303\",\"isPartOf\":{\"@id\":\"https:\\\/\\\/www.studio303.ca\\\/#website\"},\"primaryImageOfPage\":{\"@id\":\"https:\\\/\\\/www.studio303.ca\\\/re-tours-les-artistes\\\/re-tours-melanie-demers\\\/#primaryimage\"},\"image\":{\"@id\":\"https:\\\/\\\/www.studio303.ca\\\/re-tours-les-artistes\\\/re-tours-melanie-demers\\\/#primaryimage\"},\"thumbnailUrl\":\"https:\\\/\\\/www.studio303.ca\\\/wp-content\\\/uploads\\\/2018\\\/06\\\/Melanie_Demers.jpg\",\"datePublished\":\"2018-06-26T13:45:28+00:00\",\"dateModified\":\"2018-07-08T14:42:15+00:00\",\"breadcrumb\":{\"@id\":\"https:\\\/\\\/www.studio303.ca\\\/re-tours-les-artistes\\\/re-tours-melanie-demers\\\/#breadcrumb\"},\"inLanguage\":\"en-US\",\"potentialAction\":[{\"@type\":\"ReadAction\",\"target\":[\"https:\\\/\\\/www.studio303.ca\\\/re-tours-les-artistes\\\/re-tours-melanie-demers\\\/\"]}]},{\"@type\":\"ImageObject\",\"inLanguage\":\"en-US\",\"@id\":\"https:\\\/\\\/www.studio303.ca\\\/re-tours-les-artistes\\\/re-tours-melanie-demers\\\/#primaryimage\",\"url\":\"https:\\\/\\\/www.studio303.ca\\\/wp-content\\\/uploads\\\/2018\\\/06\\\/Melanie_Demers.jpg\",\"contentUrl\":\"https:\\\/\\\/www.studio303.ca\\\/wp-content\\\/uploads\\\/2018\\\/06\\\/Melanie_Demers.jpg\",\"width\":600,\"height\":400},{\"@type\":\"BreadcrumbList\",\"@id\":\"https:\\\/\\\/www.studio303.ca\\\/re-tours-les-artistes\\\/re-tours-melanie-demers\\\/#breadcrumb\",\"itemListElement\":[{\"@type\":\"ListItem\",\"position\":1,\"name\":\"Home\",\"item\":\"https:\\\/\\\/www.studio303.ca\\\/en\\\/home\\\/\"},{\"@type\":\"ListItem\",\"position\":2,\"name\":\"RE-TOURS : The artists\",\"item\":\"https:\\\/\\\/www.studio303.ca\\\/en\\\/re-tours-the-artists\\\/\"},{\"@type\":\"ListItem\",\"position\":3,\"name\":\"RE-TOURS: M\u00e9lanie Demers\"}]},{\"@type\":\"WebSite\",\"@id\":\"https:\\\/\\\/www.studio303.ca\\\/#website\",\"url\":\"https:\\\/\\\/www.studio303.ca\\\/\",\"name\":\"Studio 303\",\"description\":\"Lieu de diffusion et de soutien pour la danse et l&#039;art indisciplin\u00e9 \u00e0 Montr\u00e9al.\",\"publisher\":{\"@id\":\"https:\\\/\\\/www.studio303.ca\\\/#organization\"},\"potentialAction\":[{\"@type\":\"SearchAction\",\"target\":{\"@type\":\"EntryPoint\",\"urlTemplate\":\"https:\\\/\\\/www.studio303.ca\\\/?s={search_term_string}\"},\"query-input\":{\"@type\":\"PropertyValueSpecification\",\"valueRequired\":true,\"valueName\":\"search_term_string\"}}],\"inLanguage\":\"en-US\"},{\"@type\":\"Organization\",\"@id\":\"https:\\\/\\\/www.studio303.ca\\\/#organization\",\"name\":\"Studio 303\",\"url\":\"https:\\\/\\\/www.studio303.ca\\\/\",\"logo\":{\"@type\":\"ImageObject\",\"inLanguage\":\"en-US\",\"@id\":\"https:\\\/\\\/www.studio303.ca\\\/#\\\/schema\\\/logo\\\/image\\\/\",\"url\":\"https:\\\/\\\/www.studio303.ca\\\/wp-content\\\/uploads\\\/2025\\\/08\\\/studio303-logo_black-c2586d.svg\",\"contentUrl\":\"https:\\\/\\\/www.studio303.ca\\\/wp-content\\\/uploads\\\/2025\\\/08\\\/studio303-logo_black-c2586d.svg\",\"caption\":\"Studio 303\"},\"image\":{\"@id\":\"https:\\\/\\\/www.studio303.ca\\\/#\\\/schema\\\/logo\\\/image\\\/\"},\"sameAs\":[\"https:\\\/\\\/www.facebook.com\\\/studio303.montreal\",\"http:\\\/\\\/instagram.com\\\/studio303\"]}]}<\/script>\n<!-- \/ Yoast SEO plugin. -->","yoast_head_json":{"title":"RE-TOURS: M\u00e9lanie Demers - Studio 303","robots":{"index":"index","follow":"follow","max-snippet":"max-snippet:-1","max-image-preview":"max-image-preview:large","max-video-preview":"max-video-preview:-1"},"canonical":"https:\/\/www.studio303.ca\/re-tours-les-artistes\/re-tours-melanie-demers\/","og_locale":"en_US","og_type":"article","og_title":"RE-TOURS: M\u00e9lanie Demers - Studio 303","og_description":"Graduating from LADMMI, \u00c9cole de danse contemporaine de Montr\u00e9al in 1996, M\u00e9lanie Demers joined the ranks of the O Vertigo dance company in 1998, with whom she danced for close to 10 years. Parallel to her vocation as a dancer, she continued to develop an identity as a choreographer, initiated as of her entry into [&hellip;]","og_url":"https:\/\/www.studio303.ca\/re-tours-les-artistes\/re-tours-melanie-demers\/","og_site_name":"Studio 303","article_publisher":"https:\/\/www.facebook.com\/studio303.montreal","article_modified_time":"2018-07-08T14:42:15+00:00","og_image":[{"width":600,"height":400,"url":"https:\/\/www.studio303.ca\/wp-content\/uploads\/2018\/06\/Melanie_Demers.jpg","type":"image\/jpeg"}],"twitter_card":"summary_large_image","twitter_misc":{"Est. reading time":"5 minutes"},"schema":{"@context":"https:\/\/schema.org","@graph":[{"@type":"WebPage","@id":"https:\/\/www.studio303.ca\/re-tours-les-artistes\/re-tours-melanie-demers\/","url":"https:\/\/www.studio303.ca\/re-tours-les-artistes\/re-tours-melanie-demers\/","name":"RE-TOURS: M\u00e9lanie Demers - Studio 303","isPartOf":{"@id":"https:\/\/www.studio303.ca\/#website"},"primaryImageOfPage":{"@id":"https:\/\/www.studio303.ca\/re-tours-les-artistes\/re-tours-melanie-demers\/#primaryimage"},"image":{"@id":"https:\/\/www.studio303.ca\/re-tours-les-artistes\/re-tours-melanie-demers\/#primaryimage"},"thumbnailUrl":"https:\/\/www.studio303.ca\/wp-content\/uploads\/2018\/06\/Melanie_Demers.jpg","datePublished":"2018-06-26T13:45:28+00:00","dateModified":"2018-07-08T14:42:15+00:00","breadcrumb":{"@id":"https:\/\/www.studio303.ca\/re-tours-les-artistes\/re-tours-melanie-demers\/#breadcrumb"},"inLanguage":"en-US","potentialAction":[{"@type":"ReadAction","target":["https:\/\/www.studio303.ca\/re-tours-les-artistes\/re-tours-melanie-demers\/"]}]},{"@type":"ImageObject","inLanguage":"en-US","@id":"https:\/\/www.studio303.ca\/re-tours-les-artistes\/re-tours-melanie-demers\/#primaryimage","url":"https:\/\/www.studio303.ca\/wp-content\/uploads\/2018\/06\/Melanie_Demers.jpg","contentUrl":"https:\/\/www.studio303.ca\/wp-content\/uploads\/2018\/06\/Melanie_Demers.jpg","width":600,"height":400},{"@type":"BreadcrumbList","@id":"https:\/\/www.studio303.ca\/re-tours-les-artistes\/re-tours-melanie-demers\/#breadcrumb","itemListElement":[{"@type":"ListItem","position":1,"name":"Home","item":"https:\/\/www.studio303.ca\/en\/home\/"},{"@type":"ListItem","position":2,"name":"RE-TOURS : The artists","item":"https:\/\/www.studio303.ca\/en\/re-tours-the-artists\/"},{"@type":"ListItem","position":3,"name":"RE-TOURS: M\u00e9lanie Demers"}]},{"@type":"WebSite","@id":"https:\/\/www.studio303.ca\/#website","url":"https:\/\/www.studio303.ca\/","name":"Studio 303","description":"Lieu de diffusion et de soutien pour la danse et l&#039;art indisciplin\u00e9 \u00e0 Montr\u00e9al.","publisher":{"@id":"https:\/\/www.studio303.ca\/#organization"},"potentialAction":[{"@type":"SearchAction","target":{"@type":"EntryPoint","urlTemplate":"https:\/\/www.studio303.ca\/?s={search_term_string}"},"query-input":{"@type":"PropertyValueSpecification","valueRequired":true,"valueName":"search_term_string"}}],"inLanguage":"en-US"},{"@type":"Organization","@id":"https:\/\/www.studio303.ca\/#organization","name":"Studio 303","url":"https:\/\/www.studio303.ca\/","logo":{"@type":"ImageObject","inLanguage":"en-US","@id":"https:\/\/www.studio303.ca\/#\/schema\/logo\/image\/","url":"https:\/\/www.studio303.ca\/wp-content\/uploads\/2025\/08\/studio303-logo_black-c2586d.svg","contentUrl":"https:\/\/www.studio303.ca\/wp-content\/uploads\/2025\/08\/studio303-logo_black-c2586d.svg","caption":"Studio 303"},"image":{"@id":"https:\/\/www.studio303.ca\/#\/schema\/logo\/image\/"},"sameAs":["https:\/\/www.facebook.com\/studio303.montreal","http:\/\/instagram.com\/studio303"]}]}},"_links":{"self":[{"href":"https:\/\/www.studio303.ca\/en\/wp-json\/wp\/v2\/pages\/400","targetHints":{"allow":["GET"]}}],"collection":[{"href":"https:\/\/www.studio303.ca\/en\/wp-json\/wp\/v2\/pages"}],"about":[{"href":"https:\/\/www.studio303.ca\/en\/wp-json\/wp\/v2\/types\/page"}],"author":[{"embeddable":true,"href":"https:\/\/www.studio303.ca\/en\/wp-json\/wp\/v2\/users\/1"}],"replies":[{"embeddable":true,"href":"https:\/\/www.studio303.ca\/en\/wp-json\/wp\/v2\/comments?post=400"}],"version-history":[{"count":2,"href":"https:\/\/www.studio303.ca\/en\/wp-json\/wp\/v2\/pages\/400\/revisions"}],"predecessor-version":[{"id":1885,"href":"https:\/\/www.studio303.ca\/en\/wp-json\/wp\/v2\/pages\/400\/revisions\/1885"}],"up":[{"embeddable":true,"href":"https:\/\/www.studio303.ca\/en\/wp-json\/wp\/v2\/pages\/414"}],"wp:featuredmedia":[{"embeddable":true,"href":"https:\/\/www.studio303.ca\/en\/wp-json\/wp\/v2\/media\/1332"}],"wp:attachment":[{"href":"https:\/\/www.studio303.ca\/en\/wp-json\/wp\/v2\/media?parent=400"}],"curies":[{"name":"wp","href":"https:\/\/api.w.org\/{rel}","templated":true}]}}