{"id":404,"date":"2018-06-26T08:47:40","date_gmt":"2018-06-26T13:47:40","guid":{"rendered":"http:\/\/www.studio303.ca\/re-tours-george-stamos\/"},"modified":"2018-06-27T11:07:11","modified_gmt":"2018-06-27T16:07:11","slug":"re-tours-george-stamos","status":"publish","type":"page","link":"https:\/\/www.studio303.ca\/en\/re-tours-the-artists\/re-tours-george-stamos\/","title":{"rendered":"RE-TOURS: George Stamos"},"content":{"rendered":"<p>Contemporary choreographer\/dancer\/artistic director, <strong>Georges Stamos<\/strong> left his home province of Nova Scotia as a teenager to pursue professional training and a nomadic lifestyle outside of Canada for 10 years until settling in Montreal where he has maintained a home base since 1997. His choreographic work has been presented by L\u2019Agora de la danse, The Baryshnikov Center For The Arts, PS 122, The Joyce Soho, Studio 303, Live Art Productions,\u00a0The Canada Dance Festival, The Fluid Festival, Tangente, The LSPU Hall, Dancemakers Center For Creation, Dancing on the Edge Festival, Vancouver International Dance Festival, Harbourfront Centre, Amsterdam\u2019s International Ness Festival and numerous other arts organizations. <a href=\"http:\/\/www.georgestamos.org\/\">www.georgestamos.org<\/a><\/p>\n<h3>TOURING EXPERIENCE ( IN A NUTSHELL )<\/h3>\n<p>&nbsp;<\/p>\n<ul>\n<li>About one third to half of my time is spent working out of Montreal. This is a good amount for me.<br \/>\nI recently began to work with a new agent\/manager on communications after bookings are confirmed. Working with an agent can be a slow process of getting to know each other and figuring how and when to approach presenters, and where your work might fit well with the agent\u2019s contacts. I travelled to London, Amsterdam and NYC on my own when I was a teenager, lived in many places and did a lot of knocking on doors for many years. My first gigs were in squats, nightclubs and galleries in London, Amsterdam and NYC then I started getting gigs in theatres in showcases that were featuring young artists.<\/li>\n<\/ul>\n<p>&nbsp;<\/p>\n<h3>SELECT PERFORMANCES AND RESIDENCY EXPERIENCES<\/h3>\n<p>&nbsp;<\/p>\n<ul>\n<li>Abok I Ngoma (dancer for Zab Maboungou), Cameroon<\/li>\n<li>Tokyo Roundhouse Theatre (dancer for Erin Flynn),Tokyo, Japan<\/li>\n<li>LIG (dancer for Erin Flynn), Seoul, Korea<\/li>\n<li>Baryshnikov Arts Centre (creation residency), New York City<\/li>\n<li>Brian Webb Dance Company (residency and performance), Edmonton, Alberta<\/li>\n<li>Jacob\u2019s Pillow (creative residency\/scholarship), Becket, MA, USA<\/li>\n<li>Tanzfest Im August (research residency), Berlin<\/li>\n<li>Interarium (research residency), Banff, Alberta<\/li>\n<li>San Francisco International Arts Festival (dancer for Sara Shelton Mann), San Francisco<\/li>\n<li>Neighbourhood Dance Works (group piece with local artists), St. John\u2019s, Newfoundland<\/li>\n<li>Live Art Productions (dancer for Sara Shelton Mann), Halifax, Nova Scotia<\/li>\n<\/ul>\n<p>&nbsp;<\/p>\n<h3>THE ANECDOTES<\/h3>\n<p><strong>1) <a href=\"http:\/\/www.bacnyc.org\/\">The Baryshnikov Arts Center<\/a><\/strong><br \/>\n<strong>What:<\/strong> Creation residency<br \/>\n<strong>Who:<\/strong> Stanford Makishi, former Executive Director<br \/>\n<strong>Where:<\/strong> Two weeks in NYC, USA<br \/>\n<strong>When:<\/strong> March 2009<\/p>\n<p>I met Mr. Makishi at CINARS about six months before the residency happened. We were both in the audience of another artist\u2019s presentation and started to talk casually afterwards. It wasn\u2019t until towards the end of the 45-minute conversation that he mentioned he worked at BAC. I gave him a DVD of my work that I had in my bag in case I met anyone and kept up contact with him by email after that. I did not have any expectations and did not push any proposals on him until he emailed me and asked for a proposal. Baryshnikov liked my work on the DVD and my proposal was clear so I was invited to do a creative residency as a way to get to know each other better. The residency went very well so after the residency, BAC presented my work in their following season.<br \/>\nThey were really great to work with throughout. I was given a good fee for being at the residency, a truly amazing studio to work in daily, had a travel grant from CALQ and the BAC staff was calm and supportive at all times. It was great! During the residency Makishi came into the studio regularly to see a run of the work in progress and offer feedback. His feedback was intelligent and helpful. Baryshnikov saw a showing at the end of the residency and gave suggestions on aspects of the work I could consider more. His feedback was really sophisticated, specific and helpful. To be able to rehearse and perform in front of Baryshnikov in such an intimate setting in BAC\u2019s magnificent studio in Manhattan with a close up view of the Chrysler and Empire State buildings was amazing. Baryshnikov toasted me with wine after the showing and the experience was kind of euphoric.<br \/>\nBAC programs contemporary dance, video works and \u201cperformance\u201d with a strong movement element.<\/p>\n<p><strong>2) <a href=\"http:\/\/www.bwdc.ca\/\">Brian Webb Dance Company<\/a><\/strong><br \/>\n<strong>What:<\/strong> Production residency to prepare for a Canadian tour of two group works that I created<br \/>\n<strong>Who:<\/strong> Brian Webb, Director<br \/>\n<strong>Where:<\/strong> Edmonton, Alberta, Canada<br \/>\n<strong>When:<\/strong> One week in 2006<\/p>\n<p>At the time we started to discuss this residency I had an ongoing professional relationship with Brian Webb of about 10 years. He had always been supportive in our conversations as my career developed. His company was not originally supposed to host this production residency, but because the presenter that had signed on to host the residency broke contract and pulled out of the project a month before the tour would have begun, Brian Webb stepped in, ensuring the piece was well prepared for the performances. The presentation in Edmonton that directly followed this residency was part of the company\u2019s regular season and the booking was part of the CanDance Network\u2019s Creation Fund.<\/p>\n<p>With help from Brian Webb, Diagramme and the Canada Council, the tour ended up being a success. Staying calm, following Webb\u2019s advice and working quickly with him to find solutions saved this tour. The tour helped solidify my national profile and increased interest in my work across Canada. After Edmonton we performed in Halifax, Calgary, Ottawa, and Vancouver. In Edmonton Brian Webb was an amazing host, we were treated to several elaborate meals, stayed in a great hotel, had lots of time to prepare in a large fully equipped theatre and the communications with his company were easy. The experience in the theatre was pleasant and the local tech team was also great. The fee was generous and the moral support was immense.<br \/>\nDuring this experience Web was hugely helpful in terms of familiarizing me with the politics and practice of negotiating details around touring. The major learning curve was to realize that touring has much less to do with the work and more to do with maintaining personal friendships and keeping administrators calm. They are often overworked and can become very sensitive. Be careful in all your communications and keep it friendly. If the personal relationship is solid with the presenter it will help when challenges arise.<br \/>\nThe Brian Web Dance Company programs Canadian Contemporary Dance that is usually well into the \u201cemerging\u201d or \u201cestablished\u201d category.<\/p>\n<p><strong>3) TWOBYFOUR Festival<\/strong><br \/>\n<strong>What:<\/strong> Performance at a festival<br \/>\n<strong>Who:<\/strong> <a href=\"http:\/\/www.dancemakers.org\/\">Dancemakers<\/a> (Michael Trent, Artistic Director)<br \/>\n<strong>Where:<\/strong> Toronto, Ontario, Canada<br \/>\n<strong>When:<\/strong> One week in January 2012<\/p>\n<p>This was the second time my work was presented by Dancemakers. The conversation about this presentation started about nine months before the presentation date. Before the first presentation of my work at Dancemakers, three years earlier, I had stayed in contact with Michael Trent for about five years, with no real expectation of anything happening but always letting him know what was going on with my artistic activities and staying familiar with what was happening with Dancemakers. He eventually booked a group piece I had choreographed and then after three years we began to talk about this presentation of a duo in the TWOBYFOUR festival.<br \/>\nDuring our stay in Toronto and beforehand there was a great level of moral support and the organization was really easy to deal with. Trent was very understanding of the artistic complications I was going through and in our conversation he allowed me to evolve the piece into a new direction that was quite different from what was originally proposed to him. Often this is not an easy shift to make with a presenter, but because Dancemakers has an interest in process and research Trent was supportive of my new direction for the duo. This was very freeing for me artistically and helped me come out of a period of a mini artistic crisis. Overall communications were smooth and not overly complicated. The fee was great and we had enough time in the space to prepare for the show. The entire Dancemakers team was a really great team to work with. I also worked closely with then Producing Director Jeanne Holmes on communications for the show. Now Artistic Director of The Canada Dance Festival, Holmes eventually booked the piece for the Ottawa festival.<br \/>\nDancemakers is primarily a company of dancers under the direction of artistic director\/choreographer Michael Trent but it also presents contemporary dance that has an \u201cexplorative\u201d aspect. They are interested in work with a \u201cperformance\u201d element and have a focus on research. They have a festival of duets every two years.<\/p>\n<p><strong>4) <a href=\"http:\/\/www.canadadance.ca\/\">Festival Danse Canada<\/a><\/strong><br \/>\n<strong>What:<\/strong> Performance at a festival<br \/>\n<strong>Who:<\/strong> Jeanne Holmes, Artistic Director<br \/>\n<strong>Where:<\/strong> Ottawa, Ontario, Canada<br \/>\n<strong>When:<\/strong> Three days in June 2012<\/p>\n<p>I met Jeanne Holmes and started the conversation about possibly being presented at CDF six months before the presentation happened. She saw the piece when it was presented at Dancemakers in January 2012 and I negotiated the contract and other details concerning the Dancemakers gig with her, so we really got to know each other that way.<br \/>\nJeanne was very honest and clear about the challenges she was facing as the new artistic director of CDF. We kept the conversation open for several months and then it eventually worked out that she was able to invite me. While in Ottawa the CDF team was easy to deal with and I felt good about being part of this new energy that Jeanne was bringing to the festival. I wish I could have stayed longer, but I had to return to Montreal for rehearsals for another project. The technical team at the theatre was particularly great to deal with (the duo is a bit tech-heavy) and I completely appreciated this (in the three previous times I was at CDF the technical team had been problematic). Having a supportive tech team is essential to having a good experience in a theatre. It remains to be seen if the presentations at CDF will lead to other bookings, but many presenters from across Canada saw the work, the piece was well received and I am now in conversation with three presenters who were at CDF about possible presentations of the duo in 2013. It can take some time and several conversations to secure bookings for a work, even when there is genuine interest.<br \/>\nCDF presents dance from across Canada. Regional representation is essential for the festival so the programming varies as greatly as the work that is being made across the nation does. Jeanne Holmes is the new artistic director and I feel like she is bringing an exciting new energy to the festival.<\/p>\n<p><strong>5) <a href=\"http:\/\/www.youtube.com\/watch?v=OL1gBcj7-WY\">Festival de danse Abok I Ngoma<\/a><\/strong><br \/>\n<strong>What:<\/strong> Festival performance (as a dancer in Zab Maboungou\u2019s work)<br \/>\n<strong>Who:<\/strong> Association Meka (Elise Mballa Meka, Director)<br \/>\n<strong>Where:<\/strong> Yaound\u00e9, Cameroon<br \/>\n<strong>When:<\/strong> Two weeks in July 2012<\/p>\n<p>In 2011 when I saw that Nyata Nyata was looking for a male dancer I had never studied African dance but was looking to learn something new and wanted to look outside of what the current European dominated trends in contemporary dance are. I was also interested in Zab Maboungou as an artist, so I auditioned to be a dancer in <em>Montreal by Night<\/em>. Maboungou hired me and this led to me taking classes at Nyata Ntata\u2019s school and rigorous rehearsing and performing in <em>Montreal by Night<\/em> throughout the 11\/12 season. The technique taught at Nyata Nyata has brought a new strength and sophistication to my dancing that I really appreciate. I can also feel the influence this has had on my dancing in other contexts. Previous injuries that were lingering in my 43-year old body from dancing over the years have been completely healed by the new technique I learned at Nyata Nyata.<br \/>\nThis tour to Cameroon was confirmed about a month before we left. My experience in Cameroon at the Abok I Ngoma festival was profound. Besides being paid the standard professional dancer rate and having reasonable accommodations, etc., the exposure to the African culture that I received was priceless. I found the contemporary dance featured at the festival from Africa really inspiring and refreshing to watch. The traditional dancing and drumming I saw every night at the outside stage at the festival\u2019s meeting place was simply amazing, and witnessing the way Africans live in their body in their daily activities was a real education. There are centuries of knowledge in the common everyday postures and movements you see in Cameroon. It\u2019s a very inspiring place, especially for a choreographer or a dancer. Even though my role in this project was as a dancer, I have included the experience in this list because it also speaks to having a wider view when thinking about touring and when thinking about professional opportunities that are diverse. Learning vital techniques, expanding your world-view and meeting interesting artists from other cultures all have real value.<\/p>\n<p>Note : This story was written in 2012.<\/p>\n","protected":false},"excerpt":{"rendered":"<p>Contemporary choreographer\/dancer\/artistic director, Georges Stamos left his home province of Nova Scotia as a teenager to pursue professional training and a nomadic lifestyle outside of Canada for 10 years until settling in Montreal where he has maintained a home base since 1997. His choreographic work has been presented by L\u2019Agora de la danse, The Baryshnikov [&hellip;]<\/p>\n","protected":false},"author":1,"featured_media":1334,"parent":414,"menu_order":145,"comment_status":"closed","ping_status":"closed","template":"","meta":{"_acf_changed":false,"inline_featured_image":false,"_exactmetrics_skip_tracking":false,"_exactmetrics_sitenote_active":false,"_exactmetrics_sitenote_note":"","_exactmetrics_sitenote_category":0,"_themeisle_gutenberg_block_has_review":false,"footnotes":""},"class_list":["post-404","page","type-page","status-publish","has-post-thumbnail","hentry"],"acf":[],"yoast_head":"<!-- This site is optimized with the Yoast SEO plugin v27.4 - https:\/\/yoast.com\/product\/yoast-seo-wordpress\/ -->\n<title>RE-TOURS: George Stamos - Studio 303<\/title>\n<meta name=\"robots\" content=\"index, follow, max-snippet:-1, max-image-preview:large, max-video-preview:-1\" \/>\n<link rel=\"canonical\" href=\"https:\/\/www.studio303.ca\/re-tours-les-artistes\/re-tours-george-stamos\/\" \/>\n<meta property=\"og:locale\" content=\"en_US\" \/>\n<meta property=\"og:type\" content=\"article\" \/>\n<meta property=\"og:title\" content=\"RE-TOURS: George Stamos - Studio 303\" \/>\n<meta property=\"og:description\" content=\"Contemporary choreographer\/dancer\/artistic director, Georges Stamos left his home province of Nova Scotia as a teenager to pursue professional training and a nomadic lifestyle outside of Canada for 10 years until settling in Montreal where he has maintained a home base since 1997. His choreographic work has been presented by L\u2019Agora de la danse, The Baryshnikov [&hellip;]\" \/>\n<meta property=\"og:url\" content=\"https:\/\/www.studio303.ca\/re-tours-les-artistes\/re-tours-george-stamos\/\" \/>\n<meta property=\"og:site_name\" content=\"Studio 303\" \/>\n<meta property=\"article:publisher\" content=\"https:\/\/www.facebook.com\/studio303.montreal\" \/>\n<meta property=\"article:modified_time\" content=\"2018-06-27T16:07:11+00:00\" \/>\n<meta property=\"og:image\" content=\"https:\/\/www.studio303.ca\/wp-content\/uploads\/2018\/06\/George_Stamos.jpg\" \/>\n\t<meta property=\"og:image:width\" content=\"600\" \/>\n\t<meta property=\"og:image:height\" content=\"400\" \/>\n\t<meta property=\"og:image:type\" content=\"image\/jpeg\" \/>\n<meta name=\"twitter:card\" content=\"summary_large_image\" \/>\n<meta name=\"twitter:label1\" content=\"Est. reading time\" \/>\n\t<meta name=\"twitter:data1\" content=\"11 minutes\" \/>\n<script type=\"application\/ld+json\" class=\"yoast-schema-graph\">{\"@context\":\"https:\\\/\\\/schema.org\",\"@graph\":[{\"@type\":\"WebPage\",\"@id\":\"https:\\\/\\\/www.studio303.ca\\\/re-tours-les-artistes\\\/re-tours-george-stamos\\\/\",\"url\":\"https:\\\/\\\/www.studio303.ca\\\/re-tours-les-artistes\\\/re-tours-george-stamos\\\/\",\"name\":\"RE-TOURS: George Stamos - Studio 303\",\"isPartOf\":{\"@id\":\"https:\\\/\\\/www.studio303.ca\\\/#website\"},\"primaryImageOfPage\":{\"@id\":\"https:\\\/\\\/www.studio303.ca\\\/re-tours-les-artistes\\\/re-tours-george-stamos\\\/#primaryimage\"},\"image\":{\"@id\":\"https:\\\/\\\/www.studio303.ca\\\/re-tours-les-artistes\\\/re-tours-george-stamos\\\/#primaryimage\"},\"thumbnailUrl\":\"https:\\\/\\\/www.studio303.ca\\\/wp-content\\\/uploads\\\/2018\\\/06\\\/George_Stamos.jpg\",\"datePublished\":\"2018-06-26T13:47:40+00:00\",\"dateModified\":\"2018-06-27T16:07:11+00:00\",\"breadcrumb\":{\"@id\":\"https:\\\/\\\/www.studio303.ca\\\/re-tours-les-artistes\\\/re-tours-george-stamos\\\/#breadcrumb\"},\"inLanguage\":\"en-US\",\"potentialAction\":[{\"@type\":\"ReadAction\",\"target\":[\"https:\\\/\\\/www.studio303.ca\\\/re-tours-les-artistes\\\/re-tours-george-stamos\\\/\"]}]},{\"@type\":\"ImageObject\",\"inLanguage\":\"en-US\",\"@id\":\"https:\\\/\\\/www.studio303.ca\\\/re-tours-les-artistes\\\/re-tours-george-stamos\\\/#primaryimage\",\"url\":\"https:\\\/\\\/www.studio303.ca\\\/wp-content\\\/uploads\\\/2018\\\/06\\\/George_Stamos.jpg\",\"contentUrl\":\"https:\\\/\\\/www.studio303.ca\\\/wp-content\\\/uploads\\\/2018\\\/06\\\/George_Stamos.jpg\",\"width\":600,\"height\":400},{\"@type\":\"BreadcrumbList\",\"@id\":\"https:\\\/\\\/www.studio303.ca\\\/re-tours-les-artistes\\\/re-tours-george-stamos\\\/#breadcrumb\",\"itemListElement\":[{\"@type\":\"ListItem\",\"position\":1,\"name\":\"Home\",\"item\":\"https:\\\/\\\/www.studio303.ca\\\/en\\\/home\\\/\"},{\"@type\":\"ListItem\",\"position\":2,\"name\":\"RE-TOURS : The artists\",\"item\":\"https:\\\/\\\/www.studio303.ca\\\/en\\\/re-tours-the-artists\\\/\"},{\"@type\":\"ListItem\",\"position\":3,\"name\":\"RE-TOURS: George Stamos\"}]},{\"@type\":\"WebSite\",\"@id\":\"https:\\\/\\\/www.studio303.ca\\\/#website\",\"url\":\"https:\\\/\\\/www.studio303.ca\\\/\",\"name\":\"Studio 303\",\"description\":\"Lieu de diffusion et de soutien pour la danse et l&#039;art indisciplin\u00e9 \u00e0 Montr\u00e9al.\",\"publisher\":{\"@id\":\"https:\\\/\\\/www.studio303.ca\\\/#organization\"},\"potentialAction\":[{\"@type\":\"SearchAction\",\"target\":{\"@type\":\"EntryPoint\",\"urlTemplate\":\"https:\\\/\\\/www.studio303.ca\\\/?s={search_term_string}\"},\"query-input\":{\"@type\":\"PropertyValueSpecification\",\"valueRequired\":true,\"valueName\":\"search_term_string\"}}],\"inLanguage\":\"en-US\"},{\"@type\":\"Organization\",\"@id\":\"https:\\\/\\\/www.studio303.ca\\\/#organization\",\"name\":\"Studio 303\",\"url\":\"https:\\\/\\\/www.studio303.ca\\\/\",\"logo\":{\"@type\":\"ImageObject\",\"inLanguage\":\"en-US\",\"@id\":\"https:\\\/\\\/www.studio303.ca\\\/#\\\/schema\\\/logo\\\/image\\\/\",\"url\":\"https:\\\/\\\/www.studio303.ca\\\/wp-content\\\/uploads\\\/2025\\\/08\\\/studio303-logo_black-c2586d.svg\",\"contentUrl\":\"https:\\\/\\\/www.studio303.ca\\\/wp-content\\\/uploads\\\/2025\\\/08\\\/studio303-logo_black-c2586d.svg\",\"caption\":\"Studio 303\"},\"image\":{\"@id\":\"https:\\\/\\\/www.studio303.ca\\\/#\\\/schema\\\/logo\\\/image\\\/\"},\"sameAs\":[\"https:\\\/\\\/www.facebook.com\\\/studio303.montreal\",\"http:\\\/\\\/instagram.com\\\/studio303\"]}]}<\/script>\n<!-- \/ Yoast SEO plugin. -->","yoast_head_json":{"title":"RE-TOURS: George Stamos - Studio 303","robots":{"index":"index","follow":"follow","max-snippet":"max-snippet:-1","max-image-preview":"max-image-preview:large","max-video-preview":"max-video-preview:-1"},"canonical":"https:\/\/www.studio303.ca\/re-tours-les-artistes\/re-tours-george-stamos\/","og_locale":"en_US","og_type":"article","og_title":"RE-TOURS: George Stamos - Studio 303","og_description":"Contemporary choreographer\/dancer\/artistic director, Georges Stamos left his home province of Nova Scotia as a teenager to pursue professional training and a nomadic lifestyle outside of Canada for 10 years until settling in Montreal where he has maintained a home base since 1997. His choreographic work has been presented by L\u2019Agora de la danse, The Baryshnikov [&hellip;]","og_url":"https:\/\/www.studio303.ca\/re-tours-les-artistes\/re-tours-george-stamos\/","og_site_name":"Studio 303","article_publisher":"https:\/\/www.facebook.com\/studio303.montreal","article_modified_time":"2018-06-27T16:07:11+00:00","og_image":[{"width":600,"height":400,"url":"https:\/\/www.studio303.ca\/wp-content\/uploads\/2018\/06\/George_Stamos.jpg","type":"image\/jpeg"}],"twitter_card":"summary_large_image","twitter_misc":{"Est. reading time":"11 minutes"},"schema":{"@context":"https:\/\/schema.org","@graph":[{"@type":"WebPage","@id":"https:\/\/www.studio303.ca\/re-tours-les-artistes\/re-tours-george-stamos\/","url":"https:\/\/www.studio303.ca\/re-tours-les-artistes\/re-tours-george-stamos\/","name":"RE-TOURS: George Stamos - Studio 303","isPartOf":{"@id":"https:\/\/www.studio303.ca\/#website"},"primaryImageOfPage":{"@id":"https:\/\/www.studio303.ca\/re-tours-les-artistes\/re-tours-george-stamos\/#primaryimage"},"image":{"@id":"https:\/\/www.studio303.ca\/re-tours-les-artistes\/re-tours-george-stamos\/#primaryimage"},"thumbnailUrl":"https:\/\/www.studio303.ca\/wp-content\/uploads\/2018\/06\/George_Stamos.jpg","datePublished":"2018-06-26T13:47:40+00:00","dateModified":"2018-06-27T16:07:11+00:00","breadcrumb":{"@id":"https:\/\/www.studio303.ca\/re-tours-les-artistes\/re-tours-george-stamos\/#breadcrumb"},"inLanguage":"en-US","potentialAction":[{"@type":"ReadAction","target":["https:\/\/www.studio303.ca\/re-tours-les-artistes\/re-tours-george-stamos\/"]}]},{"@type":"ImageObject","inLanguage":"en-US","@id":"https:\/\/www.studio303.ca\/re-tours-les-artistes\/re-tours-george-stamos\/#primaryimage","url":"https:\/\/www.studio303.ca\/wp-content\/uploads\/2018\/06\/George_Stamos.jpg","contentUrl":"https:\/\/www.studio303.ca\/wp-content\/uploads\/2018\/06\/George_Stamos.jpg","width":600,"height":400},{"@type":"BreadcrumbList","@id":"https:\/\/www.studio303.ca\/re-tours-les-artistes\/re-tours-george-stamos\/#breadcrumb","itemListElement":[{"@type":"ListItem","position":1,"name":"Home","item":"https:\/\/www.studio303.ca\/en\/home\/"},{"@type":"ListItem","position":2,"name":"RE-TOURS : The artists","item":"https:\/\/www.studio303.ca\/en\/re-tours-the-artists\/"},{"@type":"ListItem","position":3,"name":"RE-TOURS: George Stamos"}]},{"@type":"WebSite","@id":"https:\/\/www.studio303.ca\/#website","url":"https:\/\/www.studio303.ca\/","name":"Studio 303","description":"Lieu de diffusion et de soutien pour la danse et l&#039;art indisciplin\u00e9 \u00e0 Montr\u00e9al.","publisher":{"@id":"https:\/\/www.studio303.ca\/#organization"},"potentialAction":[{"@type":"SearchAction","target":{"@type":"EntryPoint","urlTemplate":"https:\/\/www.studio303.ca\/?s={search_term_string}"},"query-input":{"@type":"PropertyValueSpecification","valueRequired":true,"valueName":"search_term_string"}}],"inLanguage":"en-US"},{"@type":"Organization","@id":"https:\/\/www.studio303.ca\/#organization","name":"Studio 303","url":"https:\/\/www.studio303.ca\/","logo":{"@type":"ImageObject","inLanguage":"en-US","@id":"https:\/\/www.studio303.ca\/#\/schema\/logo\/image\/","url":"https:\/\/www.studio303.ca\/wp-content\/uploads\/2025\/08\/studio303-logo_black-c2586d.svg","contentUrl":"https:\/\/www.studio303.ca\/wp-content\/uploads\/2025\/08\/studio303-logo_black-c2586d.svg","caption":"Studio 303"},"image":{"@id":"https:\/\/www.studio303.ca\/#\/schema\/logo\/image\/"},"sameAs":["https:\/\/www.facebook.com\/studio303.montreal","http:\/\/instagram.com\/studio303"]}]}},"_links":{"self":[{"href":"https:\/\/www.studio303.ca\/en\/wp-json\/wp\/v2\/pages\/404","targetHints":{"allow":["GET"]}}],"collection":[{"href":"https:\/\/www.studio303.ca\/en\/wp-json\/wp\/v2\/pages"}],"about":[{"href":"https:\/\/www.studio303.ca\/en\/wp-json\/wp\/v2\/types\/page"}],"author":[{"embeddable":true,"href":"https:\/\/www.studio303.ca\/en\/wp-json\/wp\/v2\/users\/1"}],"replies":[{"embeddable":true,"href":"https:\/\/www.studio303.ca\/en\/wp-json\/wp\/v2\/comments?post=404"}],"version-history":[{"count":1,"href":"https:\/\/www.studio303.ca\/en\/wp-json\/wp\/v2\/pages\/404\/revisions"}],"predecessor-version":[{"id":629,"href":"https:\/\/www.studio303.ca\/en\/wp-json\/wp\/v2\/pages\/404\/revisions\/629"}],"up":[{"embeddable":true,"href":"https:\/\/www.studio303.ca\/en\/wp-json\/wp\/v2\/pages\/414"}],"wp:featuredmedia":[{"embeddable":true,"href":"https:\/\/www.studio303.ca\/en\/wp-json\/wp\/v2\/media\/1334"}],"wp:attachment":[{"href":"https:\/\/www.studio303.ca\/en\/wp-json\/wp\/v2\/media?parent=404"}],"curies":[{"name":"wp","href":"https:\/\/api.w.org\/{rel}","templated":true}]}}