{"id":408,"date":"2018-06-26T08:49:28","date_gmt":"2018-06-26T13:49:28","guid":{"rendered":"http:\/\/www.studio303.ca\/re-tours-deborah-dunn\/"},"modified":"2018-06-27T11:05:29","modified_gmt":"2018-06-27T16:05:29","slug":"re-tours-deborah-dunn","status":"publish","type":"page","link":"https:\/\/www.studio303.ca\/en\/re-tours-the-artists\/re-tours-deborah-dunn\/","title":{"rendered":"RE-TOURS: Deborah Dunn"},"content":{"rendered":"<p>The multitalented <strong>Deborah Dunn<\/strong> was first introduced to dance at university where she was studying visual arts. The art form immediately began to influence her drawing and painting; the body finally leaping off the canvas and leading her to dance class. She founded her company Trial &amp; Eros in Vancouver in the early 90s and is now based in Montreal. Trial &amp; Eros is now in its nineteenth season, operating as a not-for-profit company devoted to the research, creation and production of new dance theatre. <a href=\"http:\/\/www.trialanderos.com\/\">www.trialanderos.com<\/a><\/p>\n<h3>TOURING EXPERIENCE ( IN A NUTSHELL )<\/h3>\n<p>&nbsp;<\/p>\n<ul>\n<li>I would say I\u2019m on tour between four and twelve weeks a year.<\/li>\n<li>I book my shows myself. I have an administrator but she does not book tours.<\/li>\n<li>At the beginning of my career, I responded to calls for submissions, sent unsolicited DVD\/press kits and followed up, etc., but being seen by a foreign producer in my base city was the most effective in securing gigs.<\/li>\n<\/ul>\n<p>&nbsp;<\/p>\n<p>&nbsp;<\/p>\n<h3>SELECT PERFORMANCES AND RESIDENCY EXPERIENCES<\/h3>\n<p>&nbsp;<\/p>\n<ul>\n<li>4 at the Winch Quebec, Toronto Dance Theatre Commission, Toronto<\/li>\n<li>Dance on the Crimson Coast, Nanaimo, B.C.<\/li>\n<li>UNO Festival, Victoria, B.C.<\/li>\n<li>Live Art, Halifax, Nova Scotia<\/li>\n<li>The Vancouver International Dance Festival, Vancouver<\/li>\n<li>Lennoxville, Quebec<\/li>\n<li>Dancing on the Edge, Vancouver<\/li>\n<li>Festival of New Dance St. John\u2019s, Newfoundland<\/li>\n<li>High Performance Rodeo, Calgary<\/li>\n<li>The Dance Centre, Vancouver<\/li>\n<\/ul>\n<p>&nbsp;<\/p>\n<h3>THE ANECDOTES<\/h3>\n<p><strong>1) <a href=\"http:\/\/www.crimsoncoastdance.org\/\">Crimson Coast Dance Society<\/a><\/strong><br \/>\n<strong>What:<\/strong> Performance in regular season<br \/>\n<strong>Who:<\/strong> Holly Bright, Artistic Director<br \/>\n<strong>Where:<\/strong> Vancouver Island University Nanaimo, Canada<br \/>\n<strong>When:<\/strong> Three days in 2012. Ten years at least elapsed between the initial contact with the organization and the performance.<\/p>\n<p>I knew the presenter from way back. I was on her very first program. I had great support from my rehearsal director\/sound operator and James Proudfoot my lighting designer\/tech director. We were also fortunate to get a Canada Council touring grant as we had three cities. I believe I will return there again. Holly did an excellent job in introducing the content of the work (T.S. Eliot\u2019s poetry) to the audience through workshops and readings that took place before the show. This made for an alert audience, a great talkback and a wonderful workshop the next day.<\/p>\n<p><strong>2) UNO Festival<\/strong><br \/>\n<strong>What:<\/strong> Performance at a festival<br \/>\n<strong>Who:<\/strong> Intrepid Theatre (Janet Munsil, Artistic Director)<br \/>\n<strong>Where:<\/strong> Victoria, Canada<br \/>\n<strong>When:<\/strong> Four days in 2012. Three years elapsed between the initial contact with the organization and the performance.<\/p>\n<p>UNO has a submissions deadline. Janet already knew my work and had presented Elegant Heathens. We had very little tech time but the show looked great. I was popping pills for my knee and the houses were not huge but the show retained its beauty and I enjoyed performing it. The festival was very helpful pre-collecting our props. You get to stay at Paul\u2019s Motor Inn that is a throwback from the 60\u2019s. It is noisy, as the Victorians like to go vroom! Vroom! with their cars down the strip and hoot and holler a bit.<\/p>\n<p><strong>3) <a href=\"http:\/\/http\/\/www.liveartproductions.ca\">Live Art Dance Productions<\/a><\/strong><br \/>\n<strong>What:<\/strong> Regular season performance<br \/>\n<strong>Who:<\/strong> Paul Caskey, Executive Producer<br \/>\n<strong>Where:<\/strong> Halifax, Canada<br \/>\n<strong>When:<\/strong> Five days in 2011. Three years elapsed between the initial contact with the organization and the performance.<\/p>\n<p>I knew Paul from Studio 303 in Montreal. This was the fourth show I have done with Live Art. After a baby-making break, I started back with this show. I was well taken care of by my team (same as above) and the Live Art gang (basically Paul). I had to teach a class the morning after the premiere. These are always strange as you are exhausted and it is always a very mixed group that shows up. I like to teach some rep from the show. What stands out for me was the particular reaction of this place to the content of the work. That is what is always interesting about touring, feeling out the place and the culture by how the performance goes. Halifax is a rather conservative place. Someone like myself seems a little risqu\u00e9 there. A group of teenagers were toured through the post-show back stage malaise and seemed appropriately weary of the world they were witnessing.<\/p>\n<p>Note : This Story was written in 2012.<\/p>\n","protected":false},"excerpt":{"rendered":"<p>The multitalented Deborah Dunn was first introduced to dance at university where she was studying visual arts. The art form immediately began to influence her drawing and painting; the body finally leaping off the canvas and leading her to dance class. She founded her company Trial &amp; Eros in Vancouver in the early 90s and [&hellip;]<\/p>\n","protected":false},"author":1,"featured_media":1336,"parent":414,"menu_order":143,"comment_status":"closed","ping_status":"closed","template":"","meta":{"_acf_changed":false,"inline_featured_image":false,"_exactmetrics_skip_tracking":false,"_exactmetrics_sitenote_active":false,"_exactmetrics_sitenote_note":"","_exactmetrics_sitenote_category":0,"_themeisle_gutenberg_block_has_review":false,"footnotes":""},"class_list":["post-408","page","type-page","status-publish","has-post-thumbnail","hentry"],"acf":[],"yoast_head":"<!-- This site is optimized with the Yoast SEO plugin v27.4 - https:\/\/yoast.com\/product\/yoast-seo-wordpress\/ -->\n<title>RE-TOURS: Deborah Dunn - Studio 303<\/title>\n<meta name=\"robots\" content=\"index, follow, max-snippet:-1, max-image-preview:large, max-video-preview:-1\" \/>\n<link rel=\"canonical\" href=\"https:\/\/www.studio303.ca\/re-tours-les-artistes\/re-tours-deborah-dunn\/\" \/>\n<meta property=\"og:locale\" content=\"en_US\" \/>\n<meta property=\"og:type\" content=\"article\" \/>\n<meta property=\"og:title\" content=\"RE-TOURS: Deborah Dunn - Studio 303\" \/>\n<meta property=\"og:description\" content=\"The multitalented Deborah Dunn was first introduced to dance at university where she was studying visual arts. The art form immediately began to influence her drawing and painting; the body finally leaping off the canvas and leading her to dance class. She founded her company Trial &amp; Eros in Vancouver in the early 90s and [&hellip;]\" \/>\n<meta property=\"og:url\" content=\"https:\/\/www.studio303.ca\/re-tours-les-artistes\/re-tours-deborah-dunn\/\" \/>\n<meta property=\"og:site_name\" content=\"Studio 303\" \/>\n<meta property=\"article:publisher\" content=\"https:\/\/www.facebook.com\/studio303.montreal\" \/>\n<meta property=\"article:modified_time\" content=\"2018-06-27T16:05:29+00:00\" \/>\n<meta property=\"og:image\" content=\"https:\/\/www.studio303.ca\/wp-content\/uploads\/2018\/06\/Deborah_Dunn.jpg\" \/>\n\t<meta property=\"og:image:width\" content=\"600\" \/>\n\t<meta property=\"og:image:height\" content=\"400\" \/>\n\t<meta property=\"og:image:type\" content=\"image\/jpeg\" \/>\n<meta name=\"twitter:card\" content=\"summary_large_image\" \/>\n<meta name=\"twitter:label1\" content=\"Est. reading time\" \/>\n\t<meta name=\"twitter:data1\" content=\"3 minutes\" \/>\n<script type=\"application\/ld+json\" class=\"yoast-schema-graph\">{\"@context\":\"https:\\\/\\\/schema.org\",\"@graph\":[{\"@type\":\"WebPage\",\"@id\":\"https:\\\/\\\/www.studio303.ca\\\/re-tours-les-artistes\\\/re-tours-deborah-dunn\\\/\",\"url\":\"https:\\\/\\\/www.studio303.ca\\\/re-tours-les-artistes\\\/re-tours-deborah-dunn\\\/\",\"name\":\"RE-TOURS: Deborah Dunn - Studio 303\",\"isPartOf\":{\"@id\":\"https:\\\/\\\/www.studio303.ca\\\/#website\"},\"primaryImageOfPage\":{\"@id\":\"https:\\\/\\\/www.studio303.ca\\\/re-tours-les-artistes\\\/re-tours-deborah-dunn\\\/#primaryimage\"},\"image\":{\"@id\":\"https:\\\/\\\/www.studio303.ca\\\/re-tours-les-artistes\\\/re-tours-deborah-dunn\\\/#primaryimage\"},\"thumbnailUrl\":\"https:\\\/\\\/www.studio303.ca\\\/wp-content\\\/uploads\\\/2018\\\/06\\\/Deborah_Dunn.jpg\",\"datePublished\":\"2018-06-26T13:49:28+00:00\",\"dateModified\":\"2018-06-27T16:05:29+00:00\",\"breadcrumb\":{\"@id\":\"https:\\\/\\\/www.studio303.ca\\\/re-tours-les-artistes\\\/re-tours-deborah-dunn\\\/#breadcrumb\"},\"inLanguage\":\"en-US\",\"potentialAction\":[{\"@type\":\"ReadAction\",\"target\":[\"https:\\\/\\\/www.studio303.ca\\\/re-tours-les-artistes\\\/re-tours-deborah-dunn\\\/\"]}]},{\"@type\":\"ImageObject\",\"inLanguage\":\"en-US\",\"@id\":\"https:\\\/\\\/www.studio303.ca\\\/re-tours-les-artistes\\\/re-tours-deborah-dunn\\\/#primaryimage\",\"url\":\"https:\\\/\\\/www.studio303.ca\\\/wp-content\\\/uploads\\\/2018\\\/06\\\/Deborah_Dunn.jpg\",\"contentUrl\":\"https:\\\/\\\/www.studio303.ca\\\/wp-content\\\/uploads\\\/2018\\\/06\\\/Deborah_Dunn.jpg\",\"width\":600,\"height\":400},{\"@type\":\"BreadcrumbList\",\"@id\":\"https:\\\/\\\/www.studio303.ca\\\/re-tours-les-artistes\\\/re-tours-deborah-dunn\\\/#breadcrumb\",\"itemListElement\":[{\"@type\":\"ListItem\",\"position\":1,\"name\":\"Home\",\"item\":\"https:\\\/\\\/www.studio303.ca\\\/en\\\/home\\\/\"},{\"@type\":\"ListItem\",\"position\":2,\"name\":\"RE-TOURS : The artists\",\"item\":\"https:\\\/\\\/www.studio303.ca\\\/en\\\/re-tours-the-artists\\\/\"},{\"@type\":\"ListItem\",\"position\":3,\"name\":\"RE-TOURS: Deborah Dunn\"}]},{\"@type\":\"WebSite\",\"@id\":\"https:\\\/\\\/www.studio303.ca\\\/#website\",\"url\":\"https:\\\/\\\/www.studio303.ca\\\/\",\"name\":\"Studio 303\",\"description\":\"Lieu de diffusion et de soutien pour la danse et l&#039;art indisciplin\u00e9 \u00e0 Montr\u00e9al.\",\"publisher\":{\"@id\":\"https:\\\/\\\/www.studio303.ca\\\/#organization\"},\"potentialAction\":[{\"@type\":\"SearchAction\",\"target\":{\"@type\":\"EntryPoint\",\"urlTemplate\":\"https:\\\/\\\/www.studio303.ca\\\/?s={search_term_string}\"},\"query-input\":{\"@type\":\"PropertyValueSpecification\",\"valueRequired\":true,\"valueName\":\"search_term_string\"}}],\"inLanguage\":\"en-US\"},{\"@type\":\"Organization\",\"@id\":\"https:\\\/\\\/www.studio303.ca\\\/#organization\",\"name\":\"Studio 303\",\"url\":\"https:\\\/\\\/www.studio303.ca\\\/\",\"logo\":{\"@type\":\"ImageObject\",\"inLanguage\":\"en-US\",\"@id\":\"https:\\\/\\\/www.studio303.ca\\\/#\\\/schema\\\/logo\\\/image\\\/\",\"url\":\"https:\\\/\\\/www.studio303.ca\\\/wp-content\\\/uploads\\\/2025\\\/08\\\/studio303-logo_black-c2586d.svg\",\"contentUrl\":\"https:\\\/\\\/www.studio303.ca\\\/wp-content\\\/uploads\\\/2025\\\/08\\\/studio303-logo_black-c2586d.svg\",\"caption\":\"Studio 303\"},\"image\":{\"@id\":\"https:\\\/\\\/www.studio303.ca\\\/#\\\/schema\\\/logo\\\/image\\\/\"},\"sameAs\":[\"https:\\\/\\\/www.facebook.com\\\/studio303.montreal\",\"http:\\\/\\\/instagram.com\\\/studio303\"]}]}<\/script>\n<!-- \/ Yoast SEO plugin. -->","yoast_head_json":{"title":"RE-TOURS: Deborah Dunn - Studio 303","robots":{"index":"index","follow":"follow","max-snippet":"max-snippet:-1","max-image-preview":"max-image-preview:large","max-video-preview":"max-video-preview:-1"},"canonical":"https:\/\/www.studio303.ca\/re-tours-les-artistes\/re-tours-deborah-dunn\/","og_locale":"en_US","og_type":"article","og_title":"RE-TOURS: Deborah Dunn - Studio 303","og_description":"The multitalented Deborah Dunn was first introduced to dance at university where she was studying visual arts. The art form immediately began to influence her drawing and painting; the body finally leaping off the canvas and leading her to dance class. She founded her company Trial &amp; Eros in Vancouver in the early 90s and [&hellip;]","og_url":"https:\/\/www.studio303.ca\/re-tours-les-artistes\/re-tours-deborah-dunn\/","og_site_name":"Studio 303","article_publisher":"https:\/\/www.facebook.com\/studio303.montreal","article_modified_time":"2018-06-27T16:05:29+00:00","og_image":[{"width":600,"height":400,"url":"https:\/\/www.studio303.ca\/wp-content\/uploads\/2018\/06\/Deborah_Dunn.jpg","type":"image\/jpeg"}],"twitter_card":"summary_large_image","twitter_misc":{"Est. reading time":"3 minutes"},"schema":{"@context":"https:\/\/schema.org","@graph":[{"@type":"WebPage","@id":"https:\/\/www.studio303.ca\/re-tours-les-artistes\/re-tours-deborah-dunn\/","url":"https:\/\/www.studio303.ca\/re-tours-les-artistes\/re-tours-deborah-dunn\/","name":"RE-TOURS: Deborah Dunn - Studio 303","isPartOf":{"@id":"https:\/\/www.studio303.ca\/#website"},"primaryImageOfPage":{"@id":"https:\/\/www.studio303.ca\/re-tours-les-artistes\/re-tours-deborah-dunn\/#primaryimage"},"image":{"@id":"https:\/\/www.studio303.ca\/re-tours-les-artistes\/re-tours-deborah-dunn\/#primaryimage"},"thumbnailUrl":"https:\/\/www.studio303.ca\/wp-content\/uploads\/2018\/06\/Deborah_Dunn.jpg","datePublished":"2018-06-26T13:49:28+00:00","dateModified":"2018-06-27T16:05:29+00:00","breadcrumb":{"@id":"https:\/\/www.studio303.ca\/re-tours-les-artistes\/re-tours-deborah-dunn\/#breadcrumb"},"inLanguage":"en-US","potentialAction":[{"@type":"ReadAction","target":["https:\/\/www.studio303.ca\/re-tours-les-artistes\/re-tours-deborah-dunn\/"]}]},{"@type":"ImageObject","inLanguage":"en-US","@id":"https:\/\/www.studio303.ca\/re-tours-les-artistes\/re-tours-deborah-dunn\/#primaryimage","url":"https:\/\/www.studio303.ca\/wp-content\/uploads\/2018\/06\/Deborah_Dunn.jpg","contentUrl":"https:\/\/www.studio303.ca\/wp-content\/uploads\/2018\/06\/Deborah_Dunn.jpg","width":600,"height":400},{"@type":"BreadcrumbList","@id":"https:\/\/www.studio303.ca\/re-tours-les-artistes\/re-tours-deborah-dunn\/#breadcrumb","itemListElement":[{"@type":"ListItem","position":1,"name":"Home","item":"https:\/\/www.studio303.ca\/en\/home\/"},{"@type":"ListItem","position":2,"name":"RE-TOURS : The artists","item":"https:\/\/www.studio303.ca\/en\/re-tours-the-artists\/"},{"@type":"ListItem","position":3,"name":"RE-TOURS: Deborah Dunn"}]},{"@type":"WebSite","@id":"https:\/\/www.studio303.ca\/#website","url":"https:\/\/www.studio303.ca\/","name":"Studio 303","description":"Lieu de diffusion et de soutien pour la danse et l&#039;art indisciplin\u00e9 \u00e0 Montr\u00e9al.","publisher":{"@id":"https:\/\/www.studio303.ca\/#organization"},"potentialAction":[{"@type":"SearchAction","target":{"@type":"EntryPoint","urlTemplate":"https:\/\/www.studio303.ca\/?s={search_term_string}"},"query-input":{"@type":"PropertyValueSpecification","valueRequired":true,"valueName":"search_term_string"}}],"inLanguage":"en-US"},{"@type":"Organization","@id":"https:\/\/www.studio303.ca\/#organization","name":"Studio 303","url":"https:\/\/www.studio303.ca\/","logo":{"@type":"ImageObject","inLanguage":"en-US","@id":"https:\/\/www.studio303.ca\/#\/schema\/logo\/image\/","url":"https:\/\/www.studio303.ca\/wp-content\/uploads\/2025\/08\/studio303-logo_black-c2586d.svg","contentUrl":"https:\/\/www.studio303.ca\/wp-content\/uploads\/2025\/08\/studio303-logo_black-c2586d.svg","caption":"Studio 303"},"image":{"@id":"https:\/\/www.studio303.ca\/#\/schema\/logo\/image\/"},"sameAs":["https:\/\/www.facebook.com\/studio303.montreal","http:\/\/instagram.com\/studio303"]}]}},"_links":{"self":[{"href":"https:\/\/www.studio303.ca\/en\/wp-json\/wp\/v2\/pages\/408","targetHints":{"allow":["GET"]}}],"collection":[{"href":"https:\/\/www.studio303.ca\/en\/wp-json\/wp\/v2\/pages"}],"about":[{"href":"https:\/\/www.studio303.ca\/en\/wp-json\/wp\/v2\/types\/page"}],"author":[{"embeddable":true,"href":"https:\/\/www.studio303.ca\/en\/wp-json\/wp\/v2\/users\/1"}],"replies":[{"embeddable":true,"href":"https:\/\/www.studio303.ca\/en\/wp-json\/wp\/v2\/comments?post=408"}],"version-history":[{"count":1,"href":"https:\/\/www.studio303.ca\/en\/wp-json\/wp\/v2\/pages\/408\/revisions"}],"predecessor-version":[{"id":623,"href":"https:\/\/www.studio303.ca\/en\/wp-json\/wp\/v2\/pages\/408\/revisions\/623"}],"up":[{"embeddable":true,"href":"https:\/\/www.studio303.ca\/en\/wp-json\/wp\/v2\/pages\/414"}],"wp:featuredmedia":[{"embeddable":true,"href":"https:\/\/www.studio303.ca\/en\/wp-json\/wp\/v2\/media\/1336"}],"wp:attachment":[{"href":"https:\/\/www.studio303.ca\/en\/wp-json\/wp\/v2\/media?parent=408"}],"curies":[{"name":"wp","href":"https:\/\/api.w.org\/{rel}","templated":true}]}}