{"id":411,"date":"2018-06-26T08:51:19","date_gmt":"2018-06-26T13:51:19","guid":{"rendered":"http:\/\/www.studio303.ca\/re-tours-2boys-tv\/"},"modified":"2018-06-27T11:03:50","modified_gmt":"2018-06-27T16:03:50","slug":"re-tours-2boys-tv","status":"publish","type":"page","link":"https:\/\/www.studio303.ca\/en\/re-tours-the-artists\/re-tours-2boys-tv\/","title":{"rendered":"RE-TOURS: 2BOYS.TV"},"content":{"rendered":"<p>For the past ten years, as the artistic duo <strong>2boys.tv<\/strong>, we have created collaborative, trans-disciplinary performances, videos and installations exploring the intersection of illusion, imitation and authenticity within metaphorical, metaphysical and technological environments. Political expression rolled into subversive and amusing forms is key to our practice as we search for ways to infuse our compositions with passion and the shameless desire for the emancipation of the powerless and displaced within and among us. <a href=\"http:\/\/www.2boys.tv\/\">www.2boys.tv<\/a><\/p>\n<h3>TOURING EXPERIENCE ( IN A NUTSHELL )<\/h3>\n<p>&nbsp;<\/p>\n<ul>\n<li>Our activities vary widely from year to year. This year we will spend well over four months away on international residency programs, though most years our residency opportunities are limited to two \u2013 four weeks.<\/li>\n<li>We administrate our own work. We have worked with an associate and agent, Kris Nelson since 2009.<\/li>\n<li>Most often our touring activities result from invitations from individuals and host organisations. Early in our collaboration we submitted often to open calls for submissions with mixed results. More often, we have toured as the result of someone having seen our work in Montreal or elsewhere.<\/li>\n<\/ul>\n<p>&nbsp;<\/p>\n<h3>SELECT PERFORMANCES AND RESIDENCY EXPERIENCES<\/h3>\n<p>&nbsp;<\/p>\n<ul>\n<li>Spill Festival (residency and performance), London, UK<\/li>\n<li>8th Encuentro of the Americas\/ Hemispheric Institute (residency and performance), Sao Paolo, Brazil<\/li>\n<li>Hemispheric Institute (residency), New York City<\/li>\n<li>Laboratorio Arte Alemeda, Mexico City<\/li>\n<li>L\u00f3kal International Theatre Festival, Rekjavik and Hoffsos, Iceland<\/li>\n<li>Buddies in Bad Times Theatre, Toronto<\/li>\n<li>Under the Radar Festival, New York City<\/li>\n<li>International Cabaret Festival, Mexico City<\/li>\n<li>FOMMA\/ Hemispheric Institute (residency, workshop and cabaret presentation), San Cristobal de las Casas, Chiapas<\/li>\n<li>7th Encuentro of the Americas\/ Hemispheric Institute, Bogot\u00e1, Columbia<\/li>\n<\/ul>\n<p>&nbsp;<\/p>\n<h3>THE ANECDOTES<\/h3>\n<p><strong>1) CALQ Residencies, Laboratorio Arte Alameda, a href=\u201dhttp:\/\/fonca.conaculta.gob.mx\/\u201d&gt;Fondo Nacional para la Cultura y las Artes (FONCA), Las Reinas Chulas<\/strong><br \/>\n<strong>What:<\/strong> Residency and performances<br \/>\n<strong>Where:<\/strong> Mexico City, Mexico<br \/>\n<strong>When:<\/strong> Four months in winter\/spring 2012<\/p>\n<p>Our residency and performance resulted from years of planning in preparation for the 8th Encuentro of the Americas, to be held in Mexico, March 2012. Unfortunately, the event was cancelled in December of 2011, after we had secured the <a href=\"http:\/\/www.calq.gouv.qc.ca\/artistes\/studios\/mexico_en.htm\">r\u00e9sidence<\/a> and touring funds from the Canada Council. Therefore we arrived in Mexico with no specific plans to present work and only a mandate to undertake research and creation activities. Our stay coincided with the 10th annual International Cabaret Festival, hosted by <a href=\"http:\/\/www.elvicio.com.mx\/cabaret\/\">Las Reinas Chulas<\/a>.<br \/>\nOur initial contact with Las Reinas Chulas was in August of 2009. We had performed at their festival in July of 2010. We contacted them again shortly after our arrival in Mexico in February 2012, at which point they immediately invited us to perform at their festival. Likewise, the invitation from the main presenting partner, the <a href=\"http:\/\/www.artealameda.bellasartes.gob.mx\/\">Laboratorio Arte Almeda<\/a> happened spontaneously over a meeting in early March. This kind of quick turnover is typical of Mexican cultural institutions as we witnessed several other artists in residence with no particular exhibition plans arrive and present work within the space of a few months.<br \/>\nThis opportunity resulted from previous touring activities, that is, our attendance at two Encuentros held by the Hemispheric Institute, in Buenos Aires in June of 2007 and in Bogot\u00e1 in August of 2009.<\/p>\n<p><strong>2) &lt;ahref=&#8221;http: www.lokal.is=&#8221;&#8221; &#8220;=&#8221;&#8221;&gt;L\u00f3kal, International Theatre Festival Reykjav\u00edk&lt;\/ahref=&#8221;http:&gt;<\/strong><br \/>\n<strong>What:<\/strong> Festival performance and tour<br \/>\n<strong>Who:<\/strong> Ragnhei\u00f0ur Sk\u00falad\u00f3ttir, Festival Director<br \/>\n<strong>Where:<\/strong> Rekjav\u00edk, Iceland and Hoffs\u00f3s, Iceland<br \/>\n<strong>When:<\/strong> Two weeks in September 2011. Due to several postponements with the original presenter, the process took several years, although the elapsed time between our introduction to Ragnhei\u00f0ur Sk\u00falad\u00f3ttir and the date of the presentation was less than a year.<\/p>\n<p>The final securing of this tour resulted from the work of our agent and associate Kris Nelson, who had been in contact with the Festival Director, Ragnhei\u00f0ur Sk\u00falad\u00f3ttir for over a year. We had initially been invited by the n\u00fana (now) festival from Winnipeg to present <em>Phobophilia<\/em> in Iceland the year prior. This event was postponed twice and eventually rolled into the L\u00f3kal festival. In the meantime, Ragnhei\u00f0ur Sk\u00falad\u00f3ttir had become familiar with our work and decided to invite us to perform at her festival, somewhat independently of the activities of n\u00fana (now).<\/p>\n<p><strong>3) <a href=\"http:\/\/www.buddiesinbadtimes.com\/\">Buddies in Bad Times Theatre<\/a><\/strong><br \/>\n<strong>What:<\/strong> Performance in regular season<br \/>\n<strong>Who:<\/strong> Erika Hennebury, Producer and Brendan Healy, Artistic Director<br \/>\n<strong>Where:<\/strong> Toronto, Canada<br \/>\n<strong>When:<\/strong> Two weeks in Spring 2011<\/p>\n<p>We have a long-standing relationship with this company and especially with its producer, Erika Hennebury. We first presented work at Buddies in Bad Times for their Rhubarb Festival in February 2003. Subsequently they have invited us to present work there on several occasions as part of their season. Talks for the presentation of <em>Tightrope<\/em> began in January 2009, during the run of <em>zona pellucida<\/em>, with then Artistic Director, David Oiye and General Manager, Jim LeFran\u00e7ois. When the artistic direction of the company turned over to Brendan Healy it took some time to determine whether the performance would be presented at Buddies in Bad Times. It was confirmed in January of 2010.<br \/>\nThe opportunity came out of years of working with this company. Our first presentation there in 2003 was through an open call. Subsequently they have invited us to perform at Tallulah\u2019s Cabaret and on their main stage on four occasions.<\/p>\n<p>Note : This story was written in 2012.<\/p>\n","protected":false},"excerpt":{"rendered":"<p>For the past ten years, as the artistic duo 2boys.tv, we have created collaborative, trans-disciplinary performances, videos and installations exploring the intersection of illusion, imitation and authenticity within metaphorical, metaphysical and technological environments. Political expression rolled into subversive and amusing forms is key to our practice as we search for ways to infuse our compositions [&hellip;]<\/p>\n","protected":false},"author":1,"featured_media":1338,"parent":414,"menu_order":141,"comment_status":"closed","ping_status":"closed","template":"","meta":{"_acf_changed":false,"inline_featured_image":false,"_exactmetrics_skip_tracking":false,"_exactmetrics_sitenote_active":false,"_exactmetrics_sitenote_note":"","_exactmetrics_sitenote_category":0,"_themeisle_gutenberg_block_has_review":false,"footnotes":""},"class_list":["post-411","page","type-page","status-publish","has-post-thumbnail","hentry"],"acf":[],"yoast_head":"<!-- This site is optimized with the Yoast SEO plugin v27.4 - https:\/\/yoast.com\/product\/yoast-seo-wordpress\/ -->\n<title>RE-TOURS: 2BOYS.TV - Studio 303<\/title>\n<meta name=\"robots\" content=\"index, follow, max-snippet:-1, max-image-preview:large, max-video-preview:-1\" \/>\n<link rel=\"canonical\" href=\"https:\/\/www.studio303.ca\/en\/re-tours-the-artists\/re-tours-2boys-tv\/\" \/>\n<meta property=\"og:locale\" content=\"en_US\" \/>\n<meta property=\"og:type\" content=\"article\" \/>\n<meta property=\"og:title\" content=\"RE-TOURS: 2BOYS.TV - Studio 303\" \/>\n<meta property=\"og:description\" content=\"For the past ten years, as the artistic duo 2boys.tv, we have created collaborative, trans-disciplinary performances, videos and installations exploring the intersection of illusion, imitation and authenticity within metaphorical, metaphysical and technological environments. Political expression rolled into subversive and amusing forms is key to our practice as we search for ways to infuse our compositions [&hellip;]\" \/>\n<meta property=\"og:url\" content=\"https:\/\/www.studio303.ca\/en\/re-tours-the-artists\/re-tours-2boys-tv\/\" \/>\n<meta property=\"og:site_name\" content=\"Studio 303\" \/>\n<meta property=\"article:publisher\" content=\"https:\/\/www.facebook.com\/studio303.montreal\" \/>\n<meta property=\"article:modified_time\" content=\"2018-06-27T16:03:50+00:00\" \/>\n<meta property=\"og:image\" content=\"https:\/\/www.studio303.ca\/wp-content\/uploads\/2018\/06\/2boys-tv.jpg\" \/>\n\t<meta property=\"og:image:width\" content=\"600\" \/>\n\t<meta property=\"og:image:height\" content=\"400\" \/>\n\t<meta property=\"og:image:type\" content=\"image\/jpeg\" \/>\n<meta name=\"twitter:card\" content=\"summary_large_image\" \/>\n<meta name=\"twitter:label1\" content=\"Est. reading time\" \/>\n\t<meta name=\"twitter:data1\" content=\"4 minutes\" \/>\n<script type=\"application\/ld+json\" class=\"yoast-schema-graph\">{\"@context\":\"https:\\\/\\\/schema.org\",\"@graph\":[{\"@type\":\"WebPage\",\"@id\":\"https:\\\/\\\/www.studio303.ca\\\/en\\\/re-tours-the-artists\\\/re-tours-2boys-tv\\\/\",\"url\":\"https:\\\/\\\/www.studio303.ca\\\/en\\\/re-tours-the-artists\\\/re-tours-2boys-tv\\\/\",\"name\":\"RE-TOURS: 2BOYS.TV - Studio 303\",\"isPartOf\":{\"@id\":\"https:\\\/\\\/www.studio303.ca\\\/#website\"},\"primaryImageOfPage\":{\"@id\":\"https:\\\/\\\/www.studio303.ca\\\/en\\\/re-tours-the-artists\\\/re-tours-2boys-tv\\\/#primaryimage\"},\"image\":{\"@id\":\"https:\\\/\\\/www.studio303.ca\\\/en\\\/re-tours-the-artists\\\/re-tours-2boys-tv\\\/#primaryimage\"},\"thumbnailUrl\":\"https:\\\/\\\/www.studio303.ca\\\/wp-content\\\/uploads\\\/2018\\\/06\\\/2boys-tv.jpg\",\"datePublished\":\"2018-06-26T13:51:19+00:00\",\"dateModified\":\"2018-06-27T16:03:50+00:00\",\"breadcrumb\":{\"@id\":\"https:\\\/\\\/www.studio303.ca\\\/en\\\/re-tours-the-artists\\\/re-tours-2boys-tv\\\/#breadcrumb\"},\"inLanguage\":\"en-US\",\"potentialAction\":[{\"@type\":\"ReadAction\",\"target\":[\"https:\\\/\\\/www.studio303.ca\\\/en\\\/re-tours-the-artists\\\/re-tours-2boys-tv\\\/\"]}]},{\"@type\":\"ImageObject\",\"inLanguage\":\"en-US\",\"@id\":\"https:\\\/\\\/www.studio303.ca\\\/en\\\/re-tours-the-artists\\\/re-tours-2boys-tv\\\/#primaryimage\",\"url\":\"https:\\\/\\\/www.studio303.ca\\\/wp-content\\\/uploads\\\/2018\\\/06\\\/2boys-tv.jpg\",\"contentUrl\":\"https:\\\/\\\/www.studio303.ca\\\/wp-content\\\/uploads\\\/2018\\\/06\\\/2boys-tv.jpg\",\"width\":600,\"height\":400},{\"@type\":\"BreadcrumbList\",\"@id\":\"https:\\\/\\\/www.studio303.ca\\\/en\\\/re-tours-the-artists\\\/re-tours-2boys-tv\\\/#breadcrumb\",\"itemListElement\":[{\"@type\":\"ListItem\",\"position\":1,\"name\":\"Home\",\"item\":\"https:\\\/\\\/www.studio303.ca\\\/en\\\/home\\\/\"},{\"@type\":\"ListItem\",\"position\":2,\"name\":\"RE-TOURS : The artists\",\"item\":\"https:\\\/\\\/www.studio303.ca\\\/en\\\/re-tours-the-artists\\\/\"},{\"@type\":\"ListItem\",\"position\":3,\"name\":\"RE-TOURS: 2BOYS.TV\"}]},{\"@type\":\"WebSite\",\"@id\":\"https:\\\/\\\/www.studio303.ca\\\/#website\",\"url\":\"https:\\\/\\\/www.studio303.ca\\\/\",\"name\":\"Studio 303\",\"description\":\"Lieu de diffusion et de soutien pour la danse et l&#039;art indisciplin\u00e9 \u00e0 Montr\u00e9al.\",\"publisher\":{\"@id\":\"https:\\\/\\\/www.studio303.ca\\\/#organization\"},\"potentialAction\":[{\"@type\":\"SearchAction\",\"target\":{\"@type\":\"EntryPoint\",\"urlTemplate\":\"https:\\\/\\\/www.studio303.ca\\\/?s={search_term_string}\"},\"query-input\":{\"@type\":\"PropertyValueSpecification\",\"valueRequired\":true,\"valueName\":\"search_term_string\"}}],\"inLanguage\":\"en-US\"},{\"@type\":\"Organization\",\"@id\":\"https:\\\/\\\/www.studio303.ca\\\/#organization\",\"name\":\"Studio 303\",\"url\":\"https:\\\/\\\/www.studio303.ca\\\/\",\"logo\":{\"@type\":\"ImageObject\",\"inLanguage\":\"en-US\",\"@id\":\"https:\\\/\\\/www.studio303.ca\\\/#\\\/schema\\\/logo\\\/image\\\/\",\"url\":\"https:\\\/\\\/www.studio303.ca\\\/wp-content\\\/uploads\\\/2025\\\/08\\\/studio303-logo_black-c2586d.svg\",\"contentUrl\":\"https:\\\/\\\/www.studio303.ca\\\/wp-content\\\/uploads\\\/2025\\\/08\\\/studio303-logo_black-c2586d.svg\",\"caption\":\"Studio 303\"},\"image\":{\"@id\":\"https:\\\/\\\/www.studio303.ca\\\/#\\\/schema\\\/logo\\\/image\\\/\"},\"sameAs\":[\"https:\\\/\\\/www.facebook.com\\\/studio303.montreal\",\"http:\\\/\\\/instagram.com\\\/studio303\"]}]}<\/script>\n<!-- \/ Yoast SEO plugin. -->","yoast_head_json":{"title":"RE-TOURS: 2BOYS.TV - Studio 303","robots":{"index":"index","follow":"follow","max-snippet":"max-snippet:-1","max-image-preview":"max-image-preview:large","max-video-preview":"max-video-preview:-1"},"canonical":"https:\/\/www.studio303.ca\/en\/re-tours-the-artists\/re-tours-2boys-tv\/","og_locale":"en_US","og_type":"article","og_title":"RE-TOURS: 2BOYS.TV - Studio 303","og_description":"For the past ten years, as the artistic duo 2boys.tv, we have created collaborative, trans-disciplinary performances, videos and installations exploring the intersection of illusion, imitation and authenticity within metaphorical, metaphysical and technological environments. Political expression rolled into subversive and amusing forms is key to our practice as we search for ways to infuse our compositions [&hellip;]","og_url":"https:\/\/www.studio303.ca\/en\/re-tours-the-artists\/re-tours-2boys-tv\/","og_site_name":"Studio 303","article_publisher":"https:\/\/www.facebook.com\/studio303.montreal","article_modified_time":"2018-06-27T16:03:50+00:00","og_image":[{"width":600,"height":400,"url":"https:\/\/www.studio303.ca\/wp-content\/uploads\/2018\/06\/2boys-tv.jpg","type":"image\/jpeg"}],"twitter_card":"summary_large_image","twitter_misc":{"Est. reading time":"4 minutes"},"schema":{"@context":"https:\/\/schema.org","@graph":[{"@type":"WebPage","@id":"https:\/\/www.studio303.ca\/en\/re-tours-the-artists\/re-tours-2boys-tv\/","url":"https:\/\/www.studio303.ca\/en\/re-tours-the-artists\/re-tours-2boys-tv\/","name":"RE-TOURS: 2BOYS.TV - Studio 303","isPartOf":{"@id":"https:\/\/www.studio303.ca\/#website"},"primaryImageOfPage":{"@id":"https:\/\/www.studio303.ca\/en\/re-tours-the-artists\/re-tours-2boys-tv\/#primaryimage"},"image":{"@id":"https:\/\/www.studio303.ca\/en\/re-tours-the-artists\/re-tours-2boys-tv\/#primaryimage"},"thumbnailUrl":"https:\/\/www.studio303.ca\/wp-content\/uploads\/2018\/06\/2boys-tv.jpg","datePublished":"2018-06-26T13:51:19+00:00","dateModified":"2018-06-27T16:03:50+00:00","breadcrumb":{"@id":"https:\/\/www.studio303.ca\/en\/re-tours-the-artists\/re-tours-2boys-tv\/#breadcrumb"},"inLanguage":"en-US","potentialAction":[{"@type":"ReadAction","target":["https:\/\/www.studio303.ca\/en\/re-tours-the-artists\/re-tours-2boys-tv\/"]}]},{"@type":"ImageObject","inLanguage":"en-US","@id":"https:\/\/www.studio303.ca\/en\/re-tours-the-artists\/re-tours-2boys-tv\/#primaryimage","url":"https:\/\/www.studio303.ca\/wp-content\/uploads\/2018\/06\/2boys-tv.jpg","contentUrl":"https:\/\/www.studio303.ca\/wp-content\/uploads\/2018\/06\/2boys-tv.jpg","width":600,"height":400},{"@type":"BreadcrumbList","@id":"https:\/\/www.studio303.ca\/en\/re-tours-the-artists\/re-tours-2boys-tv\/#breadcrumb","itemListElement":[{"@type":"ListItem","position":1,"name":"Home","item":"https:\/\/www.studio303.ca\/en\/home\/"},{"@type":"ListItem","position":2,"name":"RE-TOURS : The artists","item":"https:\/\/www.studio303.ca\/en\/re-tours-the-artists\/"},{"@type":"ListItem","position":3,"name":"RE-TOURS: 2BOYS.TV"}]},{"@type":"WebSite","@id":"https:\/\/www.studio303.ca\/#website","url":"https:\/\/www.studio303.ca\/","name":"Studio 303","description":"Lieu de diffusion et de soutien pour la danse et l&#039;art indisciplin\u00e9 \u00e0 Montr\u00e9al.","publisher":{"@id":"https:\/\/www.studio303.ca\/#organization"},"potentialAction":[{"@type":"SearchAction","target":{"@type":"EntryPoint","urlTemplate":"https:\/\/www.studio303.ca\/?s={search_term_string}"},"query-input":{"@type":"PropertyValueSpecification","valueRequired":true,"valueName":"search_term_string"}}],"inLanguage":"en-US"},{"@type":"Organization","@id":"https:\/\/www.studio303.ca\/#organization","name":"Studio 303","url":"https:\/\/www.studio303.ca\/","logo":{"@type":"ImageObject","inLanguage":"en-US","@id":"https:\/\/www.studio303.ca\/#\/schema\/logo\/image\/","url":"https:\/\/www.studio303.ca\/wp-content\/uploads\/2025\/08\/studio303-logo_black-c2586d.svg","contentUrl":"https:\/\/www.studio303.ca\/wp-content\/uploads\/2025\/08\/studio303-logo_black-c2586d.svg","caption":"Studio 303"},"image":{"@id":"https:\/\/www.studio303.ca\/#\/schema\/logo\/image\/"},"sameAs":["https:\/\/www.facebook.com\/studio303.montreal","http:\/\/instagram.com\/studio303"]}]}},"_links":{"self":[{"href":"https:\/\/www.studio303.ca\/en\/wp-json\/wp\/v2\/pages\/411","targetHints":{"allow":["GET"]}}],"collection":[{"href":"https:\/\/www.studio303.ca\/en\/wp-json\/wp\/v2\/pages"}],"about":[{"href":"https:\/\/www.studio303.ca\/en\/wp-json\/wp\/v2\/types\/page"}],"author":[{"embeddable":true,"href":"https:\/\/www.studio303.ca\/en\/wp-json\/wp\/v2\/users\/1"}],"replies":[{"embeddable":true,"href":"https:\/\/www.studio303.ca\/en\/wp-json\/wp\/v2\/comments?post=411"}],"version-history":[{"count":1,"href":"https:\/\/www.studio303.ca\/en\/wp-json\/wp\/v2\/pages\/411\/revisions"}],"predecessor-version":[{"id":618,"href":"https:\/\/www.studio303.ca\/en\/wp-json\/wp\/v2\/pages\/411\/revisions\/618"}],"up":[{"embeddable":true,"href":"https:\/\/www.studio303.ca\/en\/wp-json\/wp\/v2\/pages\/414"}],"wp:featuredmedia":[{"embeddable":true,"href":"https:\/\/www.studio303.ca\/en\/wp-json\/wp\/v2\/media\/1338"}],"wp:attachment":[{"href":"https:\/\/www.studio303.ca\/en\/wp-json\/wp\/v2\/media?parent=411"}],"curies":[{"name":"wp","href":"https:\/\/api.w.org\/{rel}","templated":true}]}}