{"id":414,"date":"2018-06-26T08:52:45","date_gmt":"2018-06-26T13:52:45","guid":{"rendered":"http:\/\/www.studio303.ca\/re-tours-les-artistes\/"},"modified":"2018-07-22T11:24:58","modified_gmt":"2018-07-22T16:24:58","slug":"re-tours-the-artists","status":"publish","type":"page","link":"https:\/\/www.studio303.ca\/en\/re-tours-the-artists\/","title":{"rendered":"RE-TOURS : The artists"},"content":{"rendered":"<p>[cs_content][cs_element_section _id=&#8221;1&#8243; ][cs_element_row _id=&#8221;2&#8243; ][cs_element_column _id=&#8221;3&#8243; ][cs_element_headline _id=&#8221;4&#8243; ][\/cs_element_column][\/cs_element_row][cs_element_row _id=&#8221;10&#8243; ][cs_element_column _id=&#8221;11&#8243; ][cs_element_text _id=&#8221;12&#8243; ][cs_element_image _id=&#8221;13&#8243; ][\/cs_element_column][cs_element_column _id=&#8221;14&#8243; ][cs_element_text _id=&#8221;15&#8243; ][cs_element_image _id=&#8221;16&#8243; ][\/cs_element_column][cs_element_column _id=&#8221;17&#8243; ][cs_element_text _id=&#8221;18&#8243; ][cs_element_image _id=&#8221;19&#8243; ][\/cs_element_column][cs_element_column _id=&#8221;20&#8243; ][cs_element_text _id=&#8221;21&#8243; ][cs_element_image _id=&#8221;22&#8243; ][\/cs_element_column][\/cs_element_row][cs_element_row _id=&#8221;25&#8243; ][cs_element_column _id=&#8221;26&#8243; ][cs_element_text _id=&#8221;27&#8243; ][cs_element_image _id=&#8221;28&#8243; ][\/cs_element_column][cs_element_column _id=&#8221;29&#8243; ][cs_element_text _id=&#8221;30&#8243; ][cs_element_image _id=&#8221;31&#8243; ][\/cs_element_column][cs_element_column _id=&#8221;32&#8243; ][cs_element_text _id=&#8221;33&#8243; ][cs_element_image _id=&#8221;34&#8243; ][\/cs_element_column][cs_element_column _id=&#8221;35&#8243; ][cs_element_text _id=&#8221;36&#8243; ][cs_element_image _id=&#8221;37&#8243; ][\/cs_element_column][\/cs_element_row][cs_element_row _id=&#8221;40&#8243; ][cs_element_column _id=&#8221;41&#8243; ]&nbsp;[\/cs_element_column][cs_element_column _id=&#8221;42&#8243; ][cs_element_text _id=&#8221;43&#8243; ][cs_element_image _id=&#8221;44&#8243; ][\/cs_element_column][cs_element_column _id=&#8221;45&#8243; ][cs_element_text _id=&#8221;46&#8243; ][cs_element_image _id=&#8221;47&#8243; ][\/cs_element_column][cs_element_column _id=&#8221;48&#8243; ]&nbsp;[\/cs_element_column][\/cs_element_row][\/cs_element_section][\/cs_content]<\/p>\n","protected":false},"excerpt":{"rendered":"<p>[cs_content][cs_element_section _id=&#8221;1&#8243; ][cs_element_row _id=&#8221;2&#8243; ][cs_element_column _id=&#8221;3&#8243; ][cs_element_headline _id=&#8221;4&#8243; ][\/cs_element_column][\/cs_element_row][cs_element_row _id=&#8221;10&#8243; ][cs_element_column _id=&#8221;11&#8243; ][cs_element_text _id=&#8221;12&#8243; ][cs_element_image _id=&#8221;13&#8243; ][\/cs_element_column][cs_element_column _id=&#8221;14&#8243; ][cs_element_text _id=&#8221;15&#8243; ][cs_element_image _id=&#8221;16&#8243; ][\/cs_element_column][cs_element_column _id=&#8221;17&#8243; ][cs_element_text _id=&#8221;18&#8243; ][cs_element_image _id=&#8221;19&#8243; ][\/cs_element_column][cs_element_column _id=&#8221;20&#8243; ][cs_element_text _id=&#8221;21&#8243; ][cs_element_image _id=&#8221;22&#8243; ][\/cs_element_column][\/cs_element_row][cs_element_row _id=&#8221;25&#8243; ][cs_element_column _id=&#8221;26&#8243; ][cs_element_text _id=&#8221;27&#8243; ][cs_element_image _id=&#8221;28&#8243; ][\/cs_element_column][cs_element_column _id=&#8221;29&#8243; ][cs_element_text _id=&#8221;30&#8243; ][cs_element_image _id=&#8221;31&#8243; ][\/cs_element_column][cs_element_column _id=&#8221;32&#8243; ][cs_element_text _id=&#8221;33&#8243; ][cs_element_image _id=&#8221;34&#8243; ][\/cs_element_column][cs_element_column [&hellip;]<\/p>\n","protected":false},"author":1,"featured_media":0,"parent":0,"menu_order":139,"comment_status":"closed","ping_status":"closed","template":"","meta":{"_acf_changed":false,"inline_featured_image":false,"_exactmetrics_skip_tracking":false,"_exactmetrics_sitenote_active":false,"_exactmetrics_sitenote_note":"","_exactmetrics_sitenote_category":0,"_themeisle_gutenberg_block_has_review":false,"footnotes":""},"class_list":["post-414","page","type-page","status-publish","hentry"],"acf":[],"yoast_head":"<!-- This site is optimized with the Yoast SEO plugin v27.4 - https:\/\/yoast.com\/product\/yoast-seo-wordpress\/ -->\n<title>RE-TOURS : The artists - Studio 303<\/title>\n<meta name=\"robots\" content=\"index, follow, max-snippet:-1, max-image-preview:large, max-video-preview:-1\" \/>\n<link rel=\"canonical\" href=\"https:\/\/www.studio303.ca\/en\/re-tours-the-artists\/\" \/>\n<meta property=\"og:locale\" content=\"en_US\" \/>\n<meta property=\"og:type\" content=\"article\" \/>\n<meta property=\"og:title\" content=\"RE-TOURS : The artists - Studio 303\" \/>\n<meta property=\"og:description\" content=\"[cs_content][cs_element_section _id=&#8221;1&#8243; ][cs_element_row _id=&#8221;2&#8243; ][cs_element_column _id=&#8221;3&#8243; ][cs_element_headline _id=&#8221;4&#8243; ][\/cs_element_column][\/cs_element_row][cs_element_row _id=&#8221;10&#8243; ][cs_element_column _id=&#8221;11&#8243; ][cs_element_text _id=&#8221;12&#8243; ][cs_element_image _id=&#8221;13&#8243; ][\/cs_element_column][cs_element_column _id=&#8221;14&#8243; ][cs_element_text _id=&#8221;15&#8243; ][cs_element_image _id=&#8221;16&#8243; ][\/cs_element_column][cs_element_column _id=&#8221;17&#8243; ][cs_element_text _id=&#8221;18&#8243; ][cs_element_image _id=&#8221;19&#8243; ][\/cs_element_column][cs_element_column _id=&#8221;20&#8243; ][cs_element_text _id=&#8221;21&#8243; ][cs_element_image _id=&#8221;22&#8243; ][\/cs_element_column][\/cs_element_row][cs_element_row _id=&#8221;25&#8243; ][cs_element_column _id=&#8221;26&#8243; ][cs_element_text _id=&#8221;27&#8243; ][cs_element_image _id=&#8221;28&#8243; ][\/cs_element_column][cs_element_column _id=&#8221;29&#8243; ][cs_element_text _id=&#8221;30&#8243; ][cs_element_image _id=&#8221;31&#8243; ][\/cs_element_column][cs_element_column _id=&#8221;32&#8243; ][cs_element_text _id=&#8221;33&#8243; ][cs_element_image _id=&#8221;34&#8243; ][\/cs_element_column][cs_element_column [&hellip;]\" \/>\n<meta property=\"og:url\" content=\"https:\/\/www.studio303.ca\/en\/re-tours-the-artists\/\" \/>\n<meta property=\"og:site_name\" content=\"Studio 303\" \/>\n<meta property=\"article:publisher\" content=\"https:\/\/www.facebook.com\/studio303.montreal\" \/>\n<meta property=\"article:modified_time\" content=\"2018-07-22T16:24:58+00:00\" \/>\n<meta name=\"twitter:card\" content=\"summary_large_image\" \/>\n<meta name=\"twitter:label1\" content=\"Est. reading time\" \/>\n\t<meta name=\"twitter:data1\" content=\"1 minute\" \/>\n<script type=\"application\/ld+json\" class=\"yoast-schema-graph\">{\"@context\":\"https:\\\/\\\/schema.org\",\"@graph\":[{\"@type\":\"WebPage\",\"@id\":\"https:\\\/\\\/www.studio303.ca\\\/en\\\/re-tours-the-artists\\\/\",\"url\":\"https:\\\/\\\/www.studio303.ca\\\/en\\\/re-tours-the-artists\\\/\",\"name\":\"RE-TOURS : The artists - Studio 303\",\"isPartOf\":{\"@id\":\"https:\\\/\\\/www.studio303.ca\\\/#website\"},\"datePublished\":\"2018-06-26T13:52:45+00:00\",\"dateModified\":\"2018-07-22T16:24:58+00:00\",\"breadcrumb\":{\"@id\":\"https:\\\/\\\/www.studio303.ca\\\/en\\\/re-tours-the-artists\\\/#breadcrumb\"},\"inLanguage\":\"en-US\",\"potentialAction\":[{\"@type\":\"ReadAction\",\"target\":[\"https:\\\/\\\/www.studio303.ca\\\/en\\\/re-tours-the-artists\\\/\"]}]},{\"@type\":\"BreadcrumbList\",\"@id\":\"https:\\\/\\\/www.studio303.ca\\\/en\\\/re-tours-the-artists\\\/#breadcrumb\",\"itemListElement\":[{\"@type\":\"ListItem\",\"position\":1,\"name\":\"Home\",\"item\":\"https:\\\/\\\/www.studio303.ca\\\/en\\\/home\\\/\"},{\"@type\":\"ListItem\",\"position\":2,\"name\":\"RE-TOURS : The artists\"}]},{\"@type\":\"WebSite\",\"@id\":\"https:\\\/\\\/www.studio303.ca\\\/#website\",\"url\":\"https:\\\/\\\/www.studio303.ca\\\/\",\"name\":\"Studio 303\",\"description\":\"Lieu de diffusion et de soutien pour la danse et l&#039;art indisciplin\u00e9 \u00e0 Montr\u00e9al.\",\"publisher\":{\"@id\":\"https:\\\/\\\/www.studio303.ca\\\/#organization\"},\"potentialAction\":[{\"@type\":\"SearchAction\",\"target\":{\"@type\":\"EntryPoint\",\"urlTemplate\":\"https:\\\/\\\/www.studio303.ca\\\/?s={search_term_string}\"},\"query-input\":{\"@type\":\"PropertyValueSpecification\",\"valueRequired\":true,\"valueName\":\"search_term_string\"}}],\"inLanguage\":\"en-US\"},{\"@type\":\"Organization\",\"@id\":\"https:\\\/\\\/www.studio303.ca\\\/#organization\",\"name\":\"Studio 303\",\"url\":\"https:\\\/\\\/www.studio303.ca\\\/\",\"logo\":{\"@type\":\"ImageObject\",\"inLanguage\":\"en-US\",\"@id\":\"https:\\\/\\\/www.studio303.ca\\\/#\\\/schema\\\/logo\\\/image\\\/\",\"url\":\"https:\\\/\\\/www.studio303.ca\\\/wp-content\\\/uploads\\\/2025\\\/08\\\/studio303-logo_black-c2586d.svg\",\"contentUrl\":\"https:\\\/\\\/www.studio303.ca\\\/wp-content\\\/uploads\\\/2025\\\/08\\\/studio303-logo_black-c2586d.svg\",\"caption\":\"Studio 303\"},\"image\":{\"@id\":\"https:\\\/\\\/www.studio303.ca\\\/#\\\/schema\\\/logo\\\/image\\\/\"},\"sameAs\":[\"https:\\\/\\\/www.facebook.com\\\/studio303.montreal\",\"http:\\\/\\\/instagram.com\\\/studio303\"]}]}<\/script>\n<!-- \/ Yoast SEO plugin. -->","yoast_head_json":{"title":"RE-TOURS : The artists - Studio 303","robots":{"index":"index","follow":"follow","max-snippet":"max-snippet:-1","max-image-preview":"max-image-preview:large","max-video-preview":"max-video-preview:-1"},"canonical":"https:\/\/www.studio303.ca\/en\/re-tours-the-artists\/","og_locale":"en_US","og_type":"article","og_title":"RE-TOURS : The artists - Studio 303","og_description":"[cs_content][cs_element_section _id=&#8221;1&#8243; ][cs_element_row _id=&#8221;2&#8243; ][cs_element_column _id=&#8221;3&#8243; ][cs_element_headline _id=&#8221;4&#8243; ][\/cs_element_column][\/cs_element_row][cs_element_row _id=&#8221;10&#8243; ][cs_element_column _id=&#8221;11&#8243; ][cs_element_text _id=&#8221;12&#8243; ][cs_element_image _id=&#8221;13&#8243; ][\/cs_element_column][cs_element_column _id=&#8221;14&#8243; ][cs_element_text _id=&#8221;15&#8243; ][cs_element_image _id=&#8221;16&#8243; ][\/cs_element_column][cs_element_column _id=&#8221;17&#8243; ][cs_element_text _id=&#8221;18&#8243; ][cs_element_image _id=&#8221;19&#8243; ][\/cs_element_column][cs_element_column _id=&#8221;20&#8243; ][cs_element_text _id=&#8221;21&#8243; ][cs_element_image _id=&#8221;22&#8243; ][\/cs_element_column][\/cs_element_row][cs_element_row _id=&#8221;25&#8243; ][cs_element_column _id=&#8221;26&#8243; ][cs_element_text _id=&#8221;27&#8243; ][cs_element_image _id=&#8221;28&#8243; ][\/cs_element_column][cs_element_column _id=&#8221;29&#8243; ][cs_element_text _id=&#8221;30&#8243; ][cs_element_image _id=&#8221;31&#8243; ][\/cs_element_column][cs_element_column _id=&#8221;32&#8243; ][cs_element_text _id=&#8221;33&#8243; ][cs_element_image _id=&#8221;34&#8243; ][\/cs_element_column][cs_element_column [&hellip;]","og_url":"https:\/\/www.studio303.ca\/en\/re-tours-the-artists\/","og_site_name":"Studio 303","article_publisher":"https:\/\/www.facebook.com\/studio303.montreal","article_modified_time":"2018-07-22T16:24:58+00:00","twitter_card":"summary_large_image","twitter_misc":{"Est. reading time":"1 minute"},"schema":{"@context":"https:\/\/schema.org","@graph":[{"@type":"WebPage","@id":"https:\/\/www.studio303.ca\/en\/re-tours-the-artists\/","url":"https:\/\/www.studio303.ca\/en\/re-tours-the-artists\/","name":"RE-TOURS : The artists - Studio 303","isPartOf":{"@id":"https:\/\/www.studio303.ca\/#website"},"datePublished":"2018-06-26T13:52:45+00:00","dateModified":"2018-07-22T16:24:58+00:00","breadcrumb":{"@id":"https:\/\/www.studio303.ca\/en\/re-tours-the-artists\/#breadcrumb"},"inLanguage":"en-US","potentialAction":[{"@type":"ReadAction","target":["https:\/\/www.studio303.ca\/en\/re-tours-the-artists\/"]}]},{"@type":"BreadcrumbList","@id":"https:\/\/www.studio303.ca\/en\/re-tours-the-artists\/#breadcrumb","itemListElement":[{"@type":"ListItem","position":1,"name":"Home","item":"https:\/\/www.studio303.ca\/en\/home\/"},{"@type":"ListItem","position":2,"name":"RE-TOURS : The artists"}]},{"@type":"WebSite","@id":"https:\/\/www.studio303.ca\/#website","url":"https:\/\/www.studio303.ca\/","name":"Studio 303","description":"Lieu de diffusion et de soutien pour la danse et l&#039;art indisciplin\u00e9 \u00e0 Montr\u00e9al.","publisher":{"@id":"https:\/\/www.studio303.ca\/#organization"},"potentialAction":[{"@type":"SearchAction","target":{"@type":"EntryPoint","urlTemplate":"https:\/\/www.studio303.ca\/?s={search_term_string}"},"query-input":{"@type":"PropertyValueSpecification","valueRequired":true,"valueName":"search_term_string"}}],"inLanguage":"en-US"},{"@type":"Organization","@id":"https:\/\/www.studio303.ca\/#organization","name":"Studio 303","url":"https:\/\/www.studio303.ca\/","logo":{"@type":"ImageObject","inLanguage":"en-US","@id":"https:\/\/www.studio303.ca\/#\/schema\/logo\/image\/","url":"https:\/\/www.studio303.ca\/wp-content\/uploads\/2025\/08\/studio303-logo_black-c2586d.svg","contentUrl":"https:\/\/www.studio303.ca\/wp-content\/uploads\/2025\/08\/studio303-logo_black-c2586d.svg","caption":"Studio 303"},"image":{"@id":"https:\/\/www.studio303.ca\/#\/schema\/logo\/image\/"},"sameAs":["https:\/\/www.facebook.com\/studio303.montreal","http:\/\/instagram.com\/studio303"]}]}},"_links":{"self":[{"href":"https:\/\/www.studio303.ca\/en\/wp-json\/wp\/v2\/pages\/414","targetHints":{"allow":["GET"]}}],"collection":[{"href":"https:\/\/www.studio303.ca\/en\/wp-json\/wp\/v2\/pages"}],"about":[{"href":"https:\/\/www.studio303.ca\/en\/wp-json\/wp\/v2\/types\/page"}],"author":[{"embeddable":true,"href":"https:\/\/www.studio303.ca\/en\/wp-json\/wp\/v2\/users\/1"}],"replies":[{"embeddable":true,"href":"https:\/\/www.studio303.ca\/en\/wp-json\/wp\/v2\/comments?post=414"}],"version-history":[{"count":2,"href":"https:\/\/www.studio303.ca\/en\/wp-json\/wp\/v2\/pages\/414\/revisions"}],"predecessor-version":[{"id":417,"href":"https:\/\/www.studio303.ca\/en\/wp-json\/wp\/v2\/pages\/414\/revisions\/417"}],"wp:attachment":[{"href":"https:\/\/www.studio303.ca\/en\/wp-json\/wp\/v2\/media?parent=414"}],"curies":[{"name":"wp","href":"https:\/\/api.w.org\/{rel}","templated":true}]}}