{"id":5858,"date":"2019-08-11T05:26:58","date_gmt":"2019-08-11T10:26:58","guid":{"rendered":"https:\/\/www.studio303.ca\/taking-the-leap\/"},"modified":"2025-10-12T12:16:33","modified_gmt":"2025-10-12T16:16:33","slug":"taking-the-leap_archives","status":"publish","type":"page","link":"https:\/\/www.studio303.ca\/en\/taking-the-leap_archives\/","title":{"rendered":"Taking the leap"},"content":{"rendered":"<p>[cs_content][cs_element_section _id=&#8221;1&#8243; ][cs_element_row _id=&#8221;2&#8243; ][cs_element_column _id=&#8221;3&#8243; ][cs_element_text _id=&#8221;4&#8243; ][\/cs_element_column][\/cs_element_row][\/cs_element_section][cs_element_section _id=&#8221;5&#8243; ][cs_element_layout_row _id=&#8221;6&#8243; ][cs_element_layout_column _id=&#8221;7&#8243; ][cs_element_layout_grid _id=&#8221;8&#8243; ][cs_element_layout_cell _id=&#8221;9&#8243; ][cs_element_image _id=&#8221;10&#8243; ][\/cs_element_layout_cell][cs_element_layout_cell _id=&#8221;11&#8243; ][cs_element_image _id=&#8221;12&#8243; ][\/cs_element_layout_cell][cs_element_layout_cell _id=&#8221;13&#8243; ][cs_element_image _id=&#8221;14&#8243; ][\/cs_element_layout_cell][cs_element_layout_cell _id=&#8221;15&#8243; ][cs_element_image _id=&#8221;16&#8243; ][\/cs_element_layout_cell][cs_element_layout_cell _id=&#8221;17&#8243; ][cs_element_image _id=&#8221;18&#8243; ][\/cs_element_layout_cell][cs_element_layout_cell _id=&#8221;19&#8243; ][cs_element_image _id=&#8221;20&#8243; ][\/cs_element_layout_cell][cs_element_layout_cell _id=&#8221;21&#8243; ][cs_element_image _id=&#8221;22&#8243; ][\/cs_element_layout_cell][cs_element_layout_cell _id=&#8221;23&#8243; ][cs_element_image _id=&#8221;24&#8243; ][\/cs_element_layout_cell][cs_element_layout_cell _id=&#8221;25&#8243; ][cs_element_image _id=&#8221;26&#8243; ][\/cs_element_layout_cell][cs_element_layout_cell _id=&#8221;27&#8243; ][cs_element_image _id=&#8221;28&#8243; ][\/cs_element_layout_cell][cs_element_layout_cell _id=&#8221;29&#8243; ][cs_element_image _id=&#8221;30&#8243; ][\/cs_element_layout_cell][cs_element_layout_cell _id=&#8221;31&#8243; ][cs_element_image _id=&#8221;32&#8243; ][\/cs_element_layout_cell][\/cs_element_layout_grid][\/cs_element_layout_column][\/cs_element_layout_row][\/cs_element_section][\/cs_content][cs_content_seo]Welcome to Taking the Leap: an online guidebook to production and presentation for emerging contemporary dance choreographers in Montreal. This guide is geared towards recent graduates, self-taught artists and those new to the city. The sections below offer tools and insight into the logistics of production and presentation, while demystifying some practical aspects of being a professional artist in Montreal. To your right is a link towards our searchable directory of emerging artist-friendly presenters, resources and venues.&nbsp;<br \/>\nThe nine chapters of this guide cover a range of different subjects. Because the path of production is not necessarily linear, and every artists&rsquo; process is different, they should not be read as a &lsquo;step-by-step&rsquo; approach. Rather, each section discusses a specific practical aspect of producing a dance performance, which may or may not be relevant to your individual situation. While we strive to provide an overview of how productions are often realized, it is important to note that it is not necessarily the only way, the best way, or the way it should be.&nbsp;<br \/>\nThere are many different paths towards a professional career in Montreal. We hope this guide can help you to get started!<img loading=\"lazy\" decoding=\"async\" alt=\"Montr\u00e9al\" src=\"https:\/\/www.studio303.ca\/wp-content\/uploads\/2019\/09\/Article-1-eng.jpg\" width=\"200\" height=\"151\" ><img loading=\"lazy\" decoding=\"async\" alt=\"Image\" src=\"https:\/\/www.studio303.ca\/wp-content\/uploads\/2019\/09\/Article-2-eng.jpg\" width=\"200\" height=\"151\" ><img loading=\"lazy\" decoding=\"async\" alt=\"Image\" src=\"https:\/\/www.studio303.ca\/wp-content\/uploads\/2019\/09\/Article-3-eng.jpg\" width=\"200\" height=\"151\" ><img loading=\"lazy\" decoding=\"async\" alt=\"Ressouce directory\" src=\"https:\/\/www.studio303.ca\/wp-content\/uploads\/2019\/09\/sidebar-eng.jpg\" width=\"214\" height=\"931\" ><img loading=\"lazy\" decoding=\"async\" alt=\"Setl-presenting\" src=\"https:\/\/www.studio303.ca\/wp-content\/uploads\/2019\/09\/Article-4-eng.jpg\" width=\"200\" height=\"151\" ><img loading=\"lazy\" decoding=\"async\" alt=\"Financing\" src=\"https:\/\/www.studio303.ca\/wp-content\/uploads\/2019\/09\/Article-5-eng.jpg\" width=\"200\" height=\"151\" ><img loading=\"lazy\" decoding=\"async\" alt=\"Administration\" src=\"https:\/\/www.studio303.ca\/wp-content\/uploads\/2019\/09\/Article-6-eng.jpg\" width=\"200\" height=\"151\" ><img loading=\"lazy\" decoding=\"async\" alt=\"Production\" src=\"https:\/\/www.studio303.ca\/wp-content\/uploads\/2019\/09\/Article-7-eng.jpg\" width=\"200\" height=\"151\" ><img loading=\"lazy\" decoding=\"async\" alt=\"Promotion\" src=\"https:\/\/www.studio303.ca\/wp-content\/uploads\/2019\/09\/Article-8-eng.jpg\" width=\"200\" height=\"151\" ><img loading=\"lazy\" decoding=\"async\" alt=\"The Big Picture\" src=\"https:\/\/www.studio303.ca\/wp-content\/uploads\/2019\/09\/Article-9-eng.jpg\" width=\"200\" height=\"151\" ><img loading=\"lazy\" decoding=\"async\" alt=\"History - Credit - Acknowledgements\" src=\"https:\/\/www.studio303.ca\/wp-content\/uploads\/2019\/09\/Article-10-eng.jpg\" width=\"691\" height=\"103\" ><img loading=\"lazy\" decoding=\"async\" alt=\"Image\" src=\"https:\/\/www.studio303.ca\/wp-content\/uploads\/2020\/08\/sidebar-bottom-eng.jpg\" width=\"931\" height=\"214\" >[\/cs_content_seo]<\/p>\n","protected":false},"excerpt":{"rendered":"<p>[cs_content][cs_element_section _id=&#8221;1&#8243; ][cs_element_row _id=&#8221;2&#8243; ][cs_element_column _id=&#8221;3&#8243; ][cs_element_text _id=&#8221;4&#8243; ][\/cs_element_column][\/cs_element_row][\/cs_element_section][cs_element_section _id=&#8221;5&#8243; ][cs_element_layout_row _id=&#8221;6&#8243; ][cs_element_layout_column _id=&#8221;7&#8243; ][cs_element_layout_grid _id=&#8221;8&#8243; ][cs_element_layout_cell _id=&#8221;9&#8243; ][cs_element_image _id=&#8221;10&#8243; ][\/cs_element_layout_cell][cs_element_layout_cell _id=&#8221;11&#8243; ][cs_element_image _id=&#8221;12&#8243; ][\/cs_element_layout_cell][cs_element_layout_cell _id=&#8221;13&#8243; ][cs_element_image _id=&#8221;14&#8243; ][\/cs_element_layout_cell][cs_element_layout_cell _id=&#8221;15&#8243; ][cs_element_image _id=&#8221;16&#8243; ][\/cs_element_layout_cell][cs_element_layout_cell _id=&#8221;17&#8243; ][cs_element_image _id=&#8221;18&#8243; ][\/cs_element_layout_cell][cs_element_layout_cell _id=&#8221;19&#8243; ][cs_element_image _id=&#8221;20&#8243; ][\/cs_element_layout_cell][cs_element_layout_cell _id=&#8221;21&#8243; ][cs_element_image _id=&#8221;22&#8243; ][\/cs_element_layout_cell][cs_element_layout_cell _id=&#8221;23&#8243; ][cs_element_image _id=&#8221;24&#8243; ][\/cs_element_layout_cell][cs_element_layout_cell _id=&#8221;25&#8243; ][cs_element_image _id=&#8221;26&#8243; ][\/cs_element_layout_cell][cs_element_layout_cell _id=&#8221;27&#8243; ][cs_element_image [&hellip;]<\/p>\n","protected":false},"author":1,"featured_media":0,"parent":0,"menu_order":79,"comment_status":"closed","ping_status":"closed","template":"","meta":{"_acf_changed":false,"inline_featured_image":false,"_exactmetrics_skip_tracking":false,"_exactmetrics_sitenote_active":false,"_exactmetrics_sitenote_note":"","_exactmetrics_sitenote_category":0,"_themeisle_gutenberg_block_has_review":false,"footnotes":""},"class_list":["post-5858","page","type-page","status-publish","hentry"],"acf":[],"yoast_head":"<!-- This site is optimized with the Yoast SEO plugin v27.6 - https:\/\/yoast.com\/product\/yoast-seo-wordpress\/ -->\n<title>Taking the leap - Studio 303<\/title>\n<meta name=\"robots\" content=\"index, follow, max-snippet:-1, max-image-preview:large, max-video-preview:-1\" \/>\n<link rel=\"canonical\" href=\"https:\/\/www.studio303.ca\/en\/taking-the-leap_archives\/\" \/>\n<meta property=\"og:locale\" content=\"en_US\" \/>\n<meta property=\"og:type\" content=\"article\" \/>\n<meta property=\"og:title\" content=\"Taking the leap - Studio 303\" \/>\n<meta property=\"og:description\" content=\"[cs_content][cs_element_section _id=&#8221;1&#8243; ][cs_element_row _id=&#8221;2&#8243; ][cs_element_column _id=&#8221;3&#8243; ][cs_element_text _id=&#8221;4&#8243; ][\/cs_element_column][\/cs_element_row][\/cs_element_section][cs_element_section _id=&#8221;5&#8243; ][cs_element_layout_row _id=&#8221;6&#8243; ][cs_element_layout_column _id=&#8221;7&#8243; ][cs_element_layout_grid _id=&#8221;8&#8243; ][cs_element_layout_cell _id=&#8221;9&#8243; ][cs_element_image _id=&#8221;10&#8243; ][\/cs_element_layout_cell][cs_element_layout_cell _id=&#8221;11&#8243; ][cs_element_image _id=&#8221;12&#8243; ][\/cs_element_layout_cell][cs_element_layout_cell _id=&#8221;13&#8243; ][cs_element_image _id=&#8221;14&#8243; ][\/cs_element_layout_cell][cs_element_layout_cell _id=&#8221;15&#8243; ][cs_element_image _id=&#8221;16&#8243; ][\/cs_element_layout_cell][cs_element_layout_cell _id=&#8221;17&#8243; ][cs_element_image _id=&#8221;18&#8243; ][\/cs_element_layout_cell][cs_element_layout_cell _id=&#8221;19&#8243; ][cs_element_image _id=&#8221;20&#8243; ][\/cs_element_layout_cell][cs_element_layout_cell _id=&#8221;21&#8243; ][cs_element_image _id=&#8221;22&#8243; ][\/cs_element_layout_cell][cs_element_layout_cell _id=&#8221;23&#8243; ][cs_element_image _id=&#8221;24&#8243; ][\/cs_element_layout_cell][cs_element_layout_cell _id=&#8221;25&#8243; ][cs_element_image _id=&#8221;26&#8243; ][\/cs_element_layout_cell][cs_element_layout_cell _id=&#8221;27&#8243; ][cs_element_image [&hellip;]\" \/>\n<meta property=\"og:url\" content=\"https:\/\/www.studio303.ca\/en\/taking-the-leap_archives\/\" \/>\n<meta property=\"og:site_name\" content=\"Studio 303\" \/>\n<meta property=\"article:publisher\" content=\"https:\/\/www.facebook.com\/studio303.montreal\" \/>\n<meta property=\"article:modified_time\" content=\"2025-10-12T16:16:33+00:00\" \/>\n<meta property=\"og:image\" content=\"https:\/\/new.studio303.ca\/wp-content\/uploads\/2019\/09\/Article-1-eng.jpg\" \/>\n<meta name=\"twitter:card\" content=\"summary_large_image\" \/>\n<meta name=\"twitter:label1\" content=\"Est. reading time\" \/>\n\t<meta name=\"twitter:data1\" content=\"4 minutes\" \/>\n<script type=\"application\/ld+json\" class=\"yoast-schema-graph\">{\"@context\":\"https:\\\/\\\/schema.org\",\"@graph\":[{\"@type\":\"WebPage\",\"@id\":\"https:\\\/\\\/www.studio303.ca\\\/en\\\/taking-the-leap_archives\\\/\",\"url\":\"https:\\\/\\\/www.studio303.ca\\\/en\\\/taking-the-leap_archives\\\/\",\"name\":\"Taking the leap - Studio 303\",\"isPartOf\":{\"@id\":\"https:\\\/\\\/www.studio303.ca\\\/#website\"},\"primaryImageOfPage\":{\"@id\":\"https:\\\/\\\/www.studio303.ca\\\/en\\\/taking-the-leap_archives\\\/#primaryimage\"},\"image\":{\"@id\":\"https:\\\/\\\/www.studio303.ca\\\/en\\\/taking-the-leap_archives\\\/#primaryimage\"},\"thumbnailUrl\":\"https:\\\/\\\/www.studio303.ca\\\/wp-content\\\/uploads\\\/2019\\\/09\\\/Article-1-eng.jpg\",\"datePublished\":\"2019-08-11T10:26:58+00:00\",\"dateModified\":\"2025-10-12T16:16:33+00:00\",\"breadcrumb\":{\"@id\":\"https:\\\/\\\/www.studio303.ca\\\/en\\\/taking-the-leap_archives\\\/#breadcrumb\"},\"inLanguage\":\"en-US\",\"potentialAction\":[{\"@type\":\"ReadAction\",\"target\":[\"https:\\\/\\\/www.studio303.ca\\\/en\\\/taking-the-leap_archives\\\/\"]}]},{\"@type\":\"ImageObject\",\"inLanguage\":\"en-US\",\"@id\":\"https:\\\/\\\/www.studio303.ca\\\/en\\\/taking-the-leap_archives\\\/#primaryimage\",\"url\":\"https:\\\/\\\/www.studio303.ca\\\/wp-content\\\/uploads\\\/2019\\\/09\\\/Article-1-eng.jpg\",\"contentUrl\":\"https:\\\/\\\/www.studio303.ca\\\/wp-content\\\/uploads\\\/2019\\\/09\\\/Article-1-eng.jpg\"},{\"@type\":\"BreadcrumbList\",\"@id\":\"https:\\\/\\\/www.studio303.ca\\\/en\\\/taking-the-leap_archives\\\/#breadcrumb\",\"itemListElement\":[{\"@type\":\"ListItem\",\"position\":1,\"name\":\"Home\",\"item\":\"https:\\\/\\\/www.studio303.ca\\\/en\\\/home\\\/\"},{\"@type\":\"ListItem\",\"position\":2,\"name\":\"Taking the leap\"}]},{\"@type\":\"WebSite\",\"@id\":\"https:\\\/\\\/www.studio303.ca\\\/#website\",\"url\":\"https:\\\/\\\/www.studio303.ca\\\/\",\"name\":\"Studio 303\",\"description\":\"Lieu de diffusion et de soutien pour la danse et l&#039;art indisciplin\u00e9 \u00e0 Montr\u00e9al.\",\"publisher\":{\"@id\":\"https:\\\/\\\/www.studio303.ca\\\/#organization\"},\"potentialAction\":[{\"@type\":\"SearchAction\",\"target\":{\"@type\":\"EntryPoint\",\"urlTemplate\":\"https:\\\/\\\/www.studio303.ca\\\/?s={search_term_string}\"},\"query-input\":{\"@type\":\"PropertyValueSpecification\",\"valueRequired\":true,\"valueName\":\"search_term_string\"}}],\"inLanguage\":\"en-US\"},{\"@type\":\"Organization\",\"@id\":\"https:\\\/\\\/www.studio303.ca\\\/#organization\",\"name\":\"Studio 303\",\"url\":\"https:\\\/\\\/www.studio303.ca\\\/\",\"logo\":{\"@type\":\"ImageObject\",\"inLanguage\":\"en-US\",\"@id\":\"https:\\\/\\\/www.studio303.ca\\\/#\\\/schema\\\/logo\\\/image\\\/\",\"url\":\"https:\\\/\\\/www.studio303.ca\\\/wp-content\\\/uploads\\\/2025\\\/08\\\/studio303-logo_black-c2586d.svg\",\"contentUrl\":\"https:\\\/\\\/www.studio303.ca\\\/wp-content\\\/uploads\\\/2025\\\/08\\\/studio303-logo_black-c2586d.svg\",\"caption\":\"Studio 303\"},\"image\":{\"@id\":\"https:\\\/\\\/www.studio303.ca\\\/#\\\/schema\\\/logo\\\/image\\\/\"},\"sameAs\":[\"https:\\\/\\\/www.facebook.com\\\/studio303.montreal\",\"http:\\\/\\\/instagram.com\\\/studio303\"]}]}<\/script>\n<!-- \/ Yoast SEO plugin. -->","yoast_head_json":{"title":"Taking the leap - Studio 303","robots":{"index":"index","follow":"follow","max-snippet":"max-snippet:-1","max-image-preview":"max-image-preview:large","max-video-preview":"max-video-preview:-1"},"canonical":"https:\/\/www.studio303.ca\/en\/taking-the-leap_archives\/","og_locale":"en_US","og_type":"article","og_title":"Taking the leap - Studio 303","og_description":"[cs_content][cs_element_section _id=&#8221;1&#8243; ][cs_element_row _id=&#8221;2&#8243; ][cs_element_column _id=&#8221;3&#8243; ][cs_element_text _id=&#8221;4&#8243; ][\/cs_element_column][\/cs_element_row][\/cs_element_section][cs_element_section _id=&#8221;5&#8243; ][cs_element_layout_row _id=&#8221;6&#8243; ][cs_element_layout_column _id=&#8221;7&#8243; ][cs_element_layout_grid _id=&#8221;8&#8243; ][cs_element_layout_cell _id=&#8221;9&#8243; ][cs_element_image _id=&#8221;10&#8243; ][\/cs_element_layout_cell][cs_element_layout_cell _id=&#8221;11&#8243; ][cs_element_image _id=&#8221;12&#8243; ][\/cs_element_layout_cell][cs_element_layout_cell _id=&#8221;13&#8243; ][cs_element_image _id=&#8221;14&#8243; ][\/cs_element_layout_cell][cs_element_layout_cell _id=&#8221;15&#8243; ][cs_element_image _id=&#8221;16&#8243; ][\/cs_element_layout_cell][cs_element_layout_cell _id=&#8221;17&#8243; ][cs_element_image _id=&#8221;18&#8243; ][\/cs_element_layout_cell][cs_element_layout_cell _id=&#8221;19&#8243; ][cs_element_image _id=&#8221;20&#8243; ][\/cs_element_layout_cell][cs_element_layout_cell _id=&#8221;21&#8243; ][cs_element_image _id=&#8221;22&#8243; ][\/cs_element_layout_cell][cs_element_layout_cell _id=&#8221;23&#8243; ][cs_element_image _id=&#8221;24&#8243; ][\/cs_element_layout_cell][cs_element_layout_cell _id=&#8221;25&#8243; ][cs_element_image _id=&#8221;26&#8243; ][\/cs_element_layout_cell][cs_element_layout_cell _id=&#8221;27&#8243; ][cs_element_image [&hellip;]","og_url":"https:\/\/www.studio303.ca\/en\/taking-the-leap_archives\/","og_site_name":"Studio 303","article_publisher":"https:\/\/www.facebook.com\/studio303.montreal","article_modified_time":"2025-10-12T16:16:33+00:00","og_image":[{"url":"https:\/\/new.studio303.ca\/wp-content\/uploads\/2019\/09\/Article-1-eng.jpg","type":"","width":"","height":""}],"twitter_card":"summary_large_image","twitter_misc":{"Est. reading time":"4 minutes"},"schema":{"@context":"https:\/\/schema.org","@graph":[{"@type":"WebPage","@id":"https:\/\/www.studio303.ca\/en\/taking-the-leap_archives\/","url":"https:\/\/www.studio303.ca\/en\/taking-the-leap_archives\/","name":"Taking the leap - Studio 303","isPartOf":{"@id":"https:\/\/www.studio303.ca\/#website"},"primaryImageOfPage":{"@id":"https:\/\/www.studio303.ca\/en\/taking-the-leap_archives\/#primaryimage"},"image":{"@id":"https:\/\/www.studio303.ca\/en\/taking-the-leap_archives\/#primaryimage"},"thumbnailUrl":"https:\/\/www.studio303.ca\/wp-content\/uploads\/2019\/09\/Article-1-eng.jpg","datePublished":"2019-08-11T10:26:58+00:00","dateModified":"2025-10-12T16:16:33+00:00","breadcrumb":{"@id":"https:\/\/www.studio303.ca\/en\/taking-the-leap_archives\/#breadcrumb"},"inLanguage":"en-US","potentialAction":[{"@type":"ReadAction","target":["https:\/\/www.studio303.ca\/en\/taking-the-leap_archives\/"]}]},{"@type":"ImageObject","inLanguage":"en-US","@id":"https:\/\/www.studio303.ca\/en\/taking-the-leap_archives\/#primaryimage","url":"https:\/\/www.studio303.ca\/wp-content\/uploads\/2019\/09\/Article-1-eng.jpg","contentUrl":"https:\/\/www.studio303.ca\/wp-content\/uploads\/2019\/09\/Article-1-eng.jpg"},{"@type":"BreadcrumbList","@id":"https:\/\/www.studio303.ca\/en\/taking-the-leap_archives\/#breadcrumb","itemListElement":[{"@type":"ListItem","position":1,"name":"Home","item":"https:\/\/www.studio303.ca\/en\/home\/"},{"@type":"ListItem","position":2,"name":"Taking the leap"}]},{"@type":"WebSite","@id":"https:\/\/www.studio303.ca\/#website","url":"https:\/\/www.studio303.ca\/","name":"Studio 303","description":"Lieu de diffusion et de soutien pour la danse et l&#039;art indisciplin\u00e9 \u00e0 Montr\u00e9al.","publisher":{"@id":"https:\/\/www.studio303.ca\/#organization"},"potentialAction":[{"@type":"SearchAction","target":{"@type":"EntryPoint","urlTemplate":"https:\/\/www.studio303.ca\/?s={search_term_string}"},"query-input":{"@type":"PropertyValueSpecification","valueRequired":true,"valueName":"search_term_string"}}],"inLanguage":"en-US"},{"@type":"Organization","@id":"https:\/\/www.studio303.ca\/#organization","name":"Studio 303","url":"https:\/\/www.studio303.ca\/","logo":{"@type":"ImageObject","inLanguage":"en-US","@id":"https:\/\/www.studio303.ca\/#\/schema\/logo\/image\/","url":"https:\/\/www.studio303.ca\/wp-content\/uploads\/2025\/08\/studio303-logo_black-c2586d.svg","contentUrl":"https:\/\/www.studio303.ca\/wp-content\/uploads\/2025\/08\/studio303-logo_black-c2586d.svg","caption":"Studio 303"},"image":{"@id":"https:\/\/www.studio303.ca\/#\/schema\/logo\/image\/"},"sameAs":["https:\/\/www.facebook.com\/studio303.montreal","http:\/\/instagram.com\/studio303"]}]}},"_links":{"self":[{"href":"https:\/\/www.studio303.ca\/en\/wp-json\/wp\/v2\/pages\/5858","targetHints":{"allow":["GET"]}}],"collection":[{"href":"https:\/\/www.studio303.ca\/en\/wp-json\/wp\/v2\/pages"}],"about":[{"href":"https:\/\/www.studio303.ca\/en\/wp-json\/wp\/v2\/types\/page"}],"author":[{"embeddable":true,"href":"https:\/\/www.studio303.ca\/en\/wp-json\/wp\/v2\/users\/1"}],"replies":[{"embeddable":true,"href":"https:\/\/www.studio303.ca\/en\/wp-json\/wp\/v2\/comments?post=5858"}],"version-history":[{"count":2,"href":"https:\/\/www.studio303.ca\/en\/wp-json\/wp\/v2\/pages\/5858\/revisions"}],"predecessor-version":[{"id":7847,"href":"https:\/\/www.studio303.ca\/en\/wp-json\/wp\/v2\/pages\/5858\/revisions\/7847"}],"wp:attachment":[{"href":"https:\/\/www.studio303.ca\/en\/wp-json\/wp\/v2\/media?parent=5858"}],"curies":[{"name":"wp","href":"https:\/\/api.w.org\/{rel}","templated":true}]}}