{"id":8235,"date":"2020-08-20T08:49:22","date_gmt":"2020-08-20T13:49:22","guid":{"rendered":"https:\/\/www.studio303.ca\/evening-classes\/evening-classes-bollywood-with-rameez-karim\/"},"modified":"2021-01-06T14:30:15","modified_gmt":"2021-01-06T19:30:15","slug":"evening-classes-bollywood-with-rameez-karim","status":"publish","type":"page","link":"https:\/\/www.studio303.ca\/en\/classes\/evening-classes-bollywood-with-rameez-karim\/","title":{"rendered":"EVENING CLASSES \/ BOLLYWOOD WITH RAMEEZ KARIM"},"content":{"rendered":"<h3><strong><b>WEDNESDAY 7<\/b><\/strong><b>:30 p.m. \u2013 8:45 p.m.<\/b><\/h3>\n<p><strong>Winter: <b>January 21st to April 2nd, 2021<\/b><\/strong> (11 classes)<br \/>\n<span style=\"color: #ff0000;\"><strong><b>Online due to current restrictions<\/b> &#8211; contact Rameez for more details<\/strong><\/span><br \/>\n<b class=\"\"><b>Drop-ins $17 or $165 full session ($143 for students)<br \/>\n<\/b><\/b><b>Payment by e-transfer recommended<br \/>\n<\/b><a href=\"mailto:rameezkarimdance@gmail.com\"><b>rameezkarimdance@gmail.com<\/b><\/a><b>\u00a0 \/ 514-979-1786 \/ in English<\/b><\/p>\n<p><span style=\"color: #9b51e0;\"><strong>By registering for an evening class, you agree to cancel your participation if you have symptoms or suspect you may have COVID-19. Please read the <a href=\"https:\/\/www.studio303.ca\/en\/class-participant-engagement\/\" target=\"_blank\" rel=\"noopener noreferrer\">Participant Engagement<\/a> before showing up, and if possible, register and pay in advance to minimize the risk of contamination and in case we need to trace contacts. Thank you!<\/strong><\/span><\/p>\n<p><b><b>CONTENT \/\/ <\/b><span style=\"font-weight: 400;\">Dive into the magical world of Bollywood! This mystical dance form exercises coordination, expression, stamina and fun. From its roots stemming from Indian classical dances (bharatanatyam and kathak) to different provincial, folk dances from around India, Bollywood is one of the few dance forms that is constantly evolving &amp; drawing new inspirations from movement influencers within the industry. This class will allow you explore the basic elements of Bollywood dance including body isolations, hand gestures (mudras), flow, footwork and theatrics. With over 20 years of experience from different influential industry and non-industry choreographers, Rameez Karim has developed his own interpretation of Bollywood dance that ranges from more traditional filmi to spectacular fusion numbers. His compositions constantly challenge different movements, their qualities and execution. Let\u2019s go to the colourful land of Bollywood!<\/span><\/b><\/p>\n<p><b>BIO \/\/ <\/b><span style=\"font-weight: 400;\">Rameez Karim is a queer, Montreal-based multi-dance genre choreographer, instructor and performer. He is the former Assistant Director of Bollywood Blast. He has learned from renowned Bollywood choreographers Saroj Khan, Shampa Gopikrishna and Baba Yadav. He has also learned from celebrity choreographers in Western styles of dance including Pavan Thimmaiah, Mark Samuels &amp; Paul Becker. Rameez has worked for\/ with artists such as Marc Dupr\u00e9, Mia Martina, The Bilz &amp; Kashif, Priyanka Chopra, Diljit Dosanj and Jassi Sidhu. On screen, Rameez has appeared in numerous music videos and films including \u201cHo Gayi Talli\u201d from the Bollywood film Super Singh (2017) which has over 29 million views on YouTube. Rameez has choreographed and performed for some of Montreal\u2019s largest festivals including Acces Asie, Taste of the Caribbean and Canada Pride. His work has been presented locally and internationally in Lisbon, Dubai, Mexico and New York City and across Canada.<\/span><\/p>\n<p><span style=\"font-weight: 400;\">On June 9, 2019 Rameez launched his new troupe, Veils of Bollywood, at the 15th Annual Choreographer\u2019s Ball in Toronto, Canada. Rameez\u2019s extensive exposure to different styles of movement has allowed him to create using a vast palette rich in many forms of cultural expression. Being part of the Ismaili Muslim community, he incorporates elements of spirituality and enlightenment into his work. His most recent training in contemporary dance with St\u00e9phanie Decourteille has allowed him to further explore another realm of movement. Rameez continues to develop his own style using his diverse life experience and everyday inspirations. He is pursuing a Bachelor of Fine Arts at Concordia University in Montreal with a major in Contemporary Dance specializing in Creation &amp; Choreography.<\/span><\/p>\n<p><a href=\"https:\/\/www.youtube.com\/channel\/UCK1NU2wSphgm6w7EqiP0T3g\">Youtube \/\/\u00a0<\/a><a href=\"https:\/\/www.instagram.com\/rameezkarimofficial\/\">Instagram \/\/\u00a0<\/a><a href=\"https:\/\/www.facebook.com\/rameezkarimofficial\/\">Facebook<\/a><\/p>\n<hr \/>\n<p><b>Evening classes are open to all levels, and it is recommended to register in advance for one or multiple classes.<\/b><\/p>\n<p>Registration is done directly with the teachers, please contact them if you need additional information.<\/p>\n<p>Come try the classes!\u00a0<b>Free trial classes<\/b>\u00a0at the beginning of the sessions:<br \/>\nSaturday, September 12, 2020 \/ Saturday, January 16, 2021 \/ Saturday, April 4, 2021<\/p>\n","protected":false},"excerpt":{"rendered":"<p>WEDNESDAY 7:30 p.m. \u2013 8:45 p.m. Winter: January 21st to April 2nd, 2021 (11 classes) Online due to current restrictions &#8211; contact Rameez for more details Drop-ins $17 or $165 full session ($143 for students) Payment by e-transfer recommended rameezkarimdance@gmail.com\u00a0 \/ 514-979-1786 \/ in English By registering for an evening class, you agree to cancel [&hellip;]<\/p>\n","protected":false},"author":2,"featured_media":7097,"parent":347,"menu_order":45,"comment_status":"closed","ping_status":"closed","template":"","meta":{"_acf_changed":false,"inline_featured_image":false,"_exactmetrics_skip_tracking":false,"_exactmetrics_sitenote_active":false,"_exactmetrics_sitenote_note":"","_exactmetrics_sitenote_category":0,"_themeisle_gutenberg_block_has_review":false,"footnotes":""},"class_list":["post-8235","page","type-page","status-publish","has-post-thumbnail","hentry"],"acf":[],"yoast_head":"<!-- This site is optimized with the Yoast SEO plugin v27.4 - https:\/\/yoast.com\/product\/yoast-seo-wordpress\/ -->\n<title>EVENING CLASSES \/ BOLLYWOOD WITH RAMEEZ KARIM - Studio 303<\/title>\n<meta name=\"robots\" content=\"index, follow, max-snippet:-1, max-image-preview:large, max-video-preview:-1\" \/>\n<link rel=\"canonical\" href=\"https:\/\/www.studio303.ca\/en\/classes\/evening-classes-bollywood-with-rameez-karim\/\" \/>\n<meta property=\"og:locale\" content=\"en_US\" \/>\n<meta property=\"og:type\" content=\"article\" \/>\n<meta property=\"og:title\" content=\"EVENING CLASSES \/ BOLLYWOOD WITH RAMEEZ KARIM - Studio 303\" \/>\n<meta property=\"og:description\" content=\"WEDNESDAY 7:30 p.m. \u2013 8:45 p.m. Winter: January 21st to April 2nd, 2021 (11 classes) Online due to current restrictions &#8211; contact Rameez for more details Drop-ins $17 or $165 full session ($143 for students) Payment by e-transfer recommended rameezkarimdance@gmail.com\u00a0 \/ 514-979-1786 \/ in English By registering for an evening class, you agree to cancel [&hellip;]\" \/>\n<meta property=\"og:url\" content=\"https:\/\/www.studio303.ca\/en\/classes\/evening-classes-bollywood-with-rameez-karim\/\" \/>\n<meta property=\"og:site_name\" content=\"Studio 303\" \/>\n<meta property=\"article:publisher\" content=\"https:\/\/www.facebook.com\/studio303.montreal\" \/>\n<meta property=\"article:modified_time\" content=\"2021-01-06T19:30:15+00:00\" \/>\n<meta property=\"og:image\" content=\"https:\/\/www.studio303.ca\/wp-content\/uploads\/2020\/04\/Rameez_320x240.jpg\" \/>\n\t<meta property=\"og:image:width\" content=\"320\" \/>\n\t<meta property=\"og:image:height\" content=\"240\" \/>\n\t<meta property=\"og:image:type\" content=\"image\/jpeg\" \/>\n<meta name=\"twitter:card\" content=\"summary_large_image\" \/>\n<meta name=\"twitter:label1\" content=\"Est. reading time\" \/>\n\t<meta name=\"twitter:data1\" content=\"3 minutes\" \/>\n<script type=\"application\/ld+json\" class=\"yoast-schema-graph\">{\"@context\":\"https:\\\/\\\/schema.org\",\"@graph\":[{\"@type\":\"WebPage\",\"@id\":\"https:\\\/\\\/www.studio303.ca\\\/en\\\/classes\\\/evening-classes-bollywood-with-rameez-karim\\\/\",\"url\":\"https:\\\/\\\/www.studio303.ca\\\/en\\\/classes\\\/evening-classes-bollywood-with-rameez-karim\\\/\",\"name\":\"EVENING CLASSES \\\/ BOLLYWOOD WITH RAMEEZ KARIM - Studio 303\",\"isPartOf\":{\"@id\":\"https:\\\/\\\/www.studio303.ca\\\/#website\"},\"primaryImageOfPage\":{\"@id\":\"https:\\\/\\\/www.studio303.ca\\\/en\\\/classes\\\/evening-classes-bollywood-with-rameez-karim\\\/#primaryimage\"},\"image\":{\"@id\":\"https:\\\/\\\/www.studio303.ca\\\/en\\\/classes\\\/evening-classes-bollywood-with-rameez-karim\\\/#primaryimage\"},\"thumbnailUrl\":\"https:\\\/\\\/www.studio303.ca\\\/wp-content\\\/uploads\\\/2020\\\/04\\\/Rameez_320x240.jpg\",\"datePublished\":\"2020-08-20T13:49:22+00:00\",\"dateModified\":\"2021-01-06T19:30:15+00:00\",\"breadcrumb\":{\"@id\":\"https:\\\/\\\/www.studio303.ca\\\/en\\\/classes\\\/evening-classes-bollywood-with-rameez-karim\\\/#breadcrumb\"},\"inLanguage\":\"en-US\",\"potentialAction\":[{\"@type\":\"ReadAction\",\"target\":[\"https:\\\/\\\/www.studio303.ca\\\/en\\\/classes\\\/evening-classes-bollywood-with-rameez-karim\\\/\"]}]},{\"@type\":\"ImageObject\",\"inLanguage\":\"en-US\",\"@id\":\"https:\\\/\\\/www.studio303.ca\\\/en\\\/classes\\\/evening-classes-bollywood-with-rameez-karim\\\/#primaryimage\",\"url\":\"https:\\\/\\\/www.studio303.ca\\\/wp-content\\\/uploads\\\/2020\\\/04\\\/Rameez_320x240.jpg\",\"contentUrl\":\"https:\\\/\\\/www.studio303.ca\\\/wp-content\\\/uploads\\\/2020\\\/04\\\/Rameez_320x240.jpg\",\"width\":320,\"height\":240,\"caption\":\"Photo credit: Alex Choquette\"},{\"@type\":\"BreadcrumbList\",\"@id\":\"https:\\\/\\\/www.studio303.ca\\\/en\\\/classes\\\/evening-classes-bollywood-with-rameez-karim\\\/#breadcrumb\",\"itemListElement\":[{\"@type\":\"ListItem\",\"position\":1,\"name\":\"Home\",\"item\":\"https:\\\/\\\/www.studio303.ca\\\/en\\\/home\\\/\"},{\"@type\":\"ListItem\",\"position\":2,\"name\":\"Open-Level Classes\",\"item\":\"https:\\\/\\\/www.studio303.ca\\\/en\\\/classes\\\/\"},{\"@type\":\"ListItem\",\"position\":3,\"name\":\"EVENING CLASSES \\\/ BOLLYWOOD WITH RAMEEZ KARIM\"}]},{\"@type\":\"WebSite\",\"@id\":\"https:\\\/\\\/www.studio303.ca\\\/#website\",\"url\":\"https:\\\/\\\/www.studio303.ca\\\/\",\"name\":\"Studio 303\",\"description\":\"Lieu de diffusion et de soutien pour la danse et l&#039;art indisciplin\u00e9 \u00e0 Montr\u00e9al.\",\"publisher\":{\"@id\":\"https:\\\/\\\/www.studio303.ca\\\/#organization\"},\"potentialAction\":[{\"@type\":\"SearchAction\",\"target\":{\"@type\":\"EntryPoint\",\"urlTemplate\":\"https:\\\/\\\/www.studio303.ca\\\/?s={search_term_string}\"},\"query-input\":{\"@type\":\"PropertyValueSpecification\",\"valueRequired\":true,\"valueName\":\"search_term_string\"}}],\"inLanguage\":\"en-US\"},{\"@type\":\"Organization\",\"@id\":\"https:\\\/\\\/www.studio303.ca\\\/#organization\",\"name\":\"Studio 303\",\"url\":\"https:\\\/\\\/www.studio303.ca\\\/\",\"logo\":{\"@type\":\"ImageObject\",\"inLanguage\":\"en-US\",\"@id\":\"https:\\\/\\\/www.studio303.ca\\\/#\\\/schema\\\/logo\\\/image\\\/\",\"url\":\"https:\\\/\\\/www.studio303.ca\\\/wp-content\\\/uploads\\\/2025\\\/08\\\/studio303-logo_black-c2586d.svg\",\"contentUrl\":\"https:\\\/\\\/www.studio303.ca\\\/wp-content\\\/uploads\\\/2025\\\/08\\\/studio303-logo_black-c2586d.svg\",\"caption\":\"Studio 303\"},\"image\":{\"@id\":\"https:\\\/\\\/www.studio303.ca\\\/#\\\/schema\\\/logo\\\/image\\\/\"},\"sameAs\":[\"https:\\\/\\\/www.facebook.com\\\/studio303.montreal\",\"http:\\\/\\\/instagram.com\\\/studio303\"]}]}<\/script>\n<!-- \/ Yoast SEO plugin. -->","yoast_head_json":{"title":"EVENING CLASSES \/ BOLLYWOOD WITH RAMEEZ KARIM - Studio 303","robots":{"index":"index","follow":"follow","max-snippet":"max-snippet:-1","max-image-preview":"max-image-preview:large","max-video-preview":"max-video-preview:-1"},"canonical":"https:\/\/www.studio303.ca\/en\/classes\/evening-classes-bollywood-with-rameez-karim\/","og_locale":"en_US","og_type":"article","og_title":"EVENING CLASSES \/ BOLLYWOOD WITH RAMEEZ KARIM - Studio 303","og_description":"WEDNESDAY 7:30 p.m. \u2013 8:45 p.m. Winter: January 21st to April 2nd, 2021 (11 classes) Online due to current restrictions &#8211; contact Rameez for more details Drop-ins $17 or $165 full session ($143 for students) Payment by e-transfer recommended rameezkarimdance@gmail.com\u00a0 \/ 514-979-1786 \/ in English By registering for an evening class, you agree to cancel [&hellip;]","og_url":"https:\/\/www.studio303.ca\/en\/classes\/evening-classes-bollywood-with-rameez-karim\/","og_site_name":"Studio 303","article_publisher":"https:\/\/www.facebook.com\/studio303.montreal","article_modified_time":"2021-01-06T19:30:15+00:00","og_image":[{"width":320,"height":240,"url":"https:\/\/www.studio303.ca\/wp-content\/uploads\/2020\/04\/Rameez_320x240.jpg","type":"image\/jpeg"}],"twitter_card":"summary_large_image","twitter_misc":{"Est. reading time":"3 minutes"},"schema":{"@context":"https:\/\/schema.org","@graph":[{"@type":"WebPage","@id":"https:\/\/www.studio303.ca\/en\/classes\/evening-classes-bollywood-with-rameez-karim\/","url":"https:\/\/www.studio303.ca\/en\/classes\/evening-classes-bollywood-with-rameez-karim\/","name":"EVENING CLASSES \/ BOLLYWOOD WITH RAMEEZ KARIM - Studio 303","isPartOf":{"@id":"https:\/\/www.studio303.ca\/#website"},"primaryImageOfPage":{"@id":"https:\/\/www.studio303.ca\/en\/classes\/evening-classes-bollywood-with-rameez-karim\/#primaryimage"},"image":{"@id":"https:\/\/www.studio303.ca\/en\/classes\/evening-classes-bollywood-with-rameez-karim\/#primaryimage"},"thumbnailUrl":"https:\/\/www.studio303.ca\/wp-content\/uploads\/2020\/04\/Rameez_320x240.jpg","datePublished":"2020-08-20T13:49:22+00:00","dateModified":"2021-01-06T19:30:15+00:00","breadcrumb":{"@id":"https:\/\/www.studio303.ca\/en\/classes\/evening-classes-bollywood-with-rameez-karim\/#breadcrumb"},"inLanguage":"en-US","potentialAction":[{"@type":"ReadAction","target":["https:\/\/www.studio303.ca\/en\/classes\/evening-classes-bollywood-with-rameez-karim\/"]}]},{"@type":"ImageObject","inLanguage":"en-US","@id":"https:\/\/www.studio303.ca\/en\/classes\/evening-classes-bollywood-with-rameez-karim\/#primaryimage","url":"https:\/\/www.studio303.ca\/wp-content\/uploads\/2020\/04\/Rameez_320x240.jpg","contentUrl":"https:\/\/www.studio303.ca\/wp-content\/uploads\/2020\/04\/Rameez_320x240.jpg","width":320,"height":240,"caption":"Photo credit: Alex Choquette"},{"@type":"BreadcrumbList","@id":"https:\/\/www.studio303.ca\/en\/classes\/evening-classes-bollywood-with-rameez-karim\/#breadcrumb","itemListElement":[{"@type":"ListItem","position":1,"name":"Home","item":"https:\/\/www.studio303.ca\/en\/home\/"},{"@type":"ListItem","position":2,"name":"Open-Level Classes","item":"https:\/\/www.studio303.ca\/en\/classes\/"},{"@type":"ListItem","position":3,"name":"EVENING CLASSES \/ BOLLYWOOD WITH RAMEEZ KARIM"}]},{"@type":"WebSite","@id":"https:\/\/www.studio303.ca\/#website","url":"https:\/\/www.studio303.ca\/","name":"Studio 303","description":"Lieu de diffusion et de soutien pour la danse et l&#039;art indisciplin\u00e9 \u00e0 Montr\u00e9al.","publisher":{"@id":"https:\/\/www.studio303.ca\/#organization"},"potentialAction":[{"@type":"SearchAction","target":{"@type":"EntryPoint","urlTemplate":"https:\/\/www.studio303.ca\/?s={search_term_string}"},"query-input":{"@type":"PropertyValueSpecification","valueRequired":true,"valueName":"search_term_string"}}],"inLanguage":"en-US"},{"@type":"Organization","@id":"https:\/\/www.studio303.ca\/#organization","name":"Studio 303","url":"https:\/\/www.studio303.ca\/","logo":{"@type":"ImageObject","inLanguage":"en-US","@id":"https:\/\/www.studio303.ca\/#\/schema\/logo\/image\/","url":"https:\/\/www.studio303.ca\/wp-content\/uploads\/2025\/08\/studio303-logo_black-c2586d.svg","contentUrl":"https:\/\/www.studio303.ca\/wp-content\/uploads\/2025\/08\/studio303-logo_black-c2586d.svg","caption":"Studio 303"},"image":{"@id":"https:\/\/www.studio303.ca\/#\/schema\/logo\/image\/"},"sameAs":["https:\/\/www.facebook.com\/studio303.montreal","http:\/\/instagram.com\/studio303"]}]}},"_links":{"self":[{"href":"https:\/\/www.studio303.ca\/en\/wp-json\/wp\/v2\/pages\/8235","targetHints":{"allow":["GET"]}}],"collection":[{"href":"https:\/\/www.studio303.ca\/en\/wp-json\/wp\/v2\/pages"}],"about":[{"href":"https:\/\/www.studio303.ca\/en\/wp-json\/wp\/v2\/types\/page"}],"author":[{"embeddable":true,"href":"https:\/\/www.studio303.ca\/en\/wp-json\/wp\/v2\/users\/2"}],"replies":[{"embeddable":true,"href":"https:\/\/www.studio303.ca\/en\/wp-json\/wp\/v2\/comments?post=8235"}],"version-history":[{"count":18,"href":"https:\/\/www.studio303.ca\/en\/wp-json\/wp\/v2\/pages\/8235\/revisions"}],"predecessor-version":[{"id":9693,"href":"https:\/\/www.studio303.ca\/en\/wp-json\/wp\/v2\/pages\/8235\/revisions\/9693"}],"up":[{"embeddable":true,"href":"https:\/\/www.studio303.ca\/en\/wp-json\/wp\/v2\/pages\/347"}],"wp:featuredmedia":[{"embeddable":true,"href":"https:\/\/www.studio303.ca\/en\/wp-json\/wp\/v2\/media\/7097"}],"wp:attachment":[{"href":"https:\/\/www.studio303.ca\/en\/wp-json\/wp\/v2\/media?parent=8235"}],"curies":[{"name":"wp","href":"https:\/\/api.w.org\/{rel}","templated":true}]}}