{"id":8656,"date":"2020-08-28T08:12:29","date_gmt":"2020-08-28T13:12:29","guid":{"rendered":"https:\/\/www.studio303.ca\/?page_id=8656"},"modified":"2021-01-19T13:15:34","modified_gmt":"2021-01-19T18:15:34","slug":"evening-classes-creative-movement-and-improvisation-with-ariana-pirela-sanchez","status":"publish","type":"page","link":"https:\/\/www.studio303.ca\/en\/evening-classes-creative-movement-and-improvisation-with-ariana-pirela-sanchez\/","title":{"rendered":"EVENING CLASSES \/ CREATIVE MOVEMENT AND IMPROVISATION WITH ARIANA PIRELA S\u00c1NCHEZ"},"content":{"rendered":"\n<h3 class=\"wp-block-heading\" id=\"wednesday-530-pm-645-pm\"><b data-stringify-type=\"bold\"><strong><strong>WEDNESDAY 5:30 p.m. \u2013 6:45 p.m.<\/strong><\/strong><\/b><\/h3>\n\n\n<p><span data-stringify-type=\"bold\" data-rich-text-format-boundary=\"true\"><b>Winter: January 20th to March 31st, 2021 <\/b><\/span>(11 classes) <br><span style=\"color: #ff0000;\"><strong><b>Online due to current restrictions<\/b>&nbsp; &#8211; contact Ariana for more details<\/strong><\/span><br data-rich-text-line-break=\"true\"><b data-stringify-type=\"bold\">$15 per class<\/b><br data-rich-text-line-break=\"true\"><b data-stringify-type=\"bold\">Payment by e-transfer recommended&nbsp;<\/b>(or cash)<br data-rich-text-line-break=\"true\"><b data-stringify-type=\"bold\"><a class=\"c-link\" href=\"mailto:ariana.psanchez@gmail.com\" target=\"_blank\" rel=\"noopener noreferrer\" data-stringify-link=\"mailto:ariana.psanchez@gmail.com\" data-sk=\"tooltip_parent\">ariana.psanchez@gmail.com<\/a> \/ Bilingual teacher<\/b><\/p>\n\n\n<p><b data-stringify-type=\"bold\"><span style=\"color: #9b51e0;\"><strong>By registering for an evening class, you agree to cancel your participation if you have symptoms or suspect you may have COVID-19. Please read the <a rel=\"noopener noreferrer\" href=\"https:\/\/www.studio303.ca\/en\/class-participant-engagement\/\" target=\"_blank\">Participant Engagement<\/a> before showing up, and if possible, register and pay in advance to minimize the risk of contamination and in case we need to trace contacts. Thank you!<\/strong><\/span><\/b><br><br><strong>CONTENT \/\/<\/strong> In this class, we will use an approach combining dance, improvisation and yoga. Through simple exercises on the ground we will activate the body and the senses by relating them to space, time and other dancers. We will awaken the body to lead it to an effective and sensitive coordination.<\/p>\n\n\n\n<p>This course will allow dancers to improve their skills by using their curiosity and creativity in the dance movement.<\/p>\n\n\n\n<p>With guided improvisations or choreographed sequences, dancers will be encouraged to work in different isolations from the body to explore their own way of moving. By trusting their intuition, participants will explore different states: physical, mental and emotional to find the balance between control and letting go.<strong><br><\/strong><\/p>\n\n\n\n<p><strong>BIO \/\/ <\/strong>Ariana Pirela S\u00e1nchez is a choreographer, dancer and researcher living in Montreal. She graduated from L\u2019\u00e9cole de danse de Qu\u00e9bec and have a complementary practice in yoga and physical training. She presented her solo, \u201cManos de Mujer,\u201d at the Phenomena festival, Cuisine Ta Ville and the Festival Vue Sur la Rel\u00e8ve. She is a 2020 artist in residence of the Montreal Arts Intercultural Support Program with the Conseil des Arts de Montr\u00e9al. She has an intimate approach and her work is inspired by a quest for identity, cultural and political issues as well as human relations.<\/p>\n\n\n<p>\u00a0<\/p>\n<ul>\n<li>Video : <a href=\"https:\/\/youtu.be\/U_n0kXckrG4\">https:\/\/youtu.be\/U_n0kXckrG4<\/a> \/\/ <a href=\"https:\/\/youtu.be\/JJDa_RLCSUU\">https:\/\/youtu.be\/JJDa_RLCSUU<\/a><\/li>\n<\/ul>\n<hr \/>\n<p><b>Evening classes are open to all levels, and it is recommended to register in advance for one or multiple classes.<\/b><\/p>\n<p>Registration is done directly with the teachers, please contact them if you need additional information.<\/p>\n<p>Come try the classes! <b>Free trial classes<\/b> at the beginning of the sessions:<br \/>Saturday, September 12, 2020 \/ Saturday, January 16, 2021 \/ Saturday, April 3, 2021<\/p>","protected":false},"excerpt":{"rendered":"<p>WEDNESDAY 5:30 p.m. \u2013 6:45 p.m. Winter: January 20th to March 31st, 2021 (11 classes) Online due to current restrictions&nbsp; &#8211; contact Ariana for more details$15 per classPayment by e-transfer recommended&nbsp;(or cash)ariana.psanchez@gmail.com \/ Bilingual teacher By registering for an evening class, you agree to cancel your participation if you have symptoms or suspect you may [&hellip;]<\/p>\n","protected":false},"author":2,"featured_media":6915,"parent":0,"menu_order":42,"comment_status":"closed","ping_status":"closed","template":"","meta":{"_acf_changed":false,"inline_featured_image":false,"_exactmetrics_skip_tracking":false,"_exactmetrics_sitenote_active":false,"_exactmetrics_sitenote_note":"","_exactmetrics_sitenote_category":0,"_themeisle_gutenberg_block_has_review":false,"footnotes":""},"class_list":["post-8656","page","type-page","status-publish","has-post-thumbnail","hentry"],"acf":[],"yoast_head":"<!-- This site is optimized with the Yoast SEO plugin v27.5 - https:\/\/yoast.com\/product\/yoast-seo-wordpress\/ -->\n<title>EVENING CLASSES \/ CREATIVE MOVEMENT AND IMPROVISATION WITH ARIANA PIRELA S\u00c1NCHEZ - Studio 303<\/title>\n<meta name=\"robots\" content=\"index, follow, max-snippet:-1, max-image-preview:large, max-video-preview:-1\" \/>\n<link rel=\"canonical\" href=\"https:\/\/www.studio303.ca\/en\/evening-classes-creative-movement-and-improvisation-with-ariana-pirela-sanchez\/\" \/>\n<meta property=\"og:locale\" content=\"en_US\" \/>\n<meta property=\"og:type\" content=\"article\" \/>\n<meta property=\"og:title\" content=\"EVENING CLASSES \/ CREATIVE MOVEMENT AND IMPROVISATION WITH ARIANA PIRELA S\u00c1NCHEZ - Studio 303\" \/>\n<meta property=\"og:description\" content=\"WEDNESDAY 5:30 p.m. \u2013 6:45 p.m. Winter: January 20th to March 31st, 2021 (11 classes) Online due to current restrictions&nbsp; &#8211; contact Ariana for more details$15 per classPayment by e-transfer recommended&nbsp;(or cash)ariana.psanchez@gmail.com \/ Bilingual teacher By registering for an evening class, you agree to cancel your participation if you have symptoms or suspect you may [&hellip;]\" \/>\n<meta property=\"og:url\" content=\"https:\/\/www.studio303.ca\/en\/evening-classes-creative-movement-and-improvisation-with-ariana-pirela-sanchez\/\" \/>\n<meta property=\"og:site_name\" content=\"Studio 303\" \/>\n<meta property=\"article:publisher\" content=\"https:\/\/www.facebook.com\/studio303.montreal\" \/>\n<meta property=\"article:modified_time\" content=\"2021-01-19T18:15:34+00:00\" \/>\n<meta property=\"og:image\" content=\"https:\/\/www.studio303.ca\/wp-content\/uploads\/2020\/04\/Ariana_Pirela_Sanchez_320x240.jpg\" \/>\n\t<meta property=\"og:image:width\" content=\"320\" \/>\n\t<meta property=\"og:image:height\" content=\"240\" \/>\n\t<meta property=\"og:image:type\" content=\"image\/jpeg\" \/>\n<meta name=\"twitter:card\" content=\"summary_large_image\" \/>\n<meta name=\"twitter:label1\" content=\"Est. reading time\" \/>\n\t<meta name=\"twitter:data1\" content=\"2 minutes\" \/>\n<script type=\"application\/ld+json\" class=\"yoast-schema-graph\">{\"@context\":\"https:\\\/\\\/schema.org\",\"@graph\":[{\"@type\":\"WebPage\",\"@id\":\"https:\\\/\\\/www.studio303.ca\\\/en\\\/evening-classes-creative-movement-and-improvisation-with-ariana-pirela-sanchez\\\/\",\"url\":\"https:\\\/\\\/www.studio303.ca\\\/en\\\/evening-classes-creative-movement-and-improvisation-with-ariana-pirela-sanchez\\\/\",\"name\":\"EVENING CLASSES \\\/ CREATIVE MOVEMENT AND IMPROVISATION WITH ARIANA PIRELA S\u00c1NCHEZ - Studio 303\",\"isPartOf\":{\"@id\":\"https:\\\/\\\/www.studio303.ca\\\/#website\"},\"primaryImageOfPage\":{\"@id\":\"https:\\\/\\\/www.studio303.ca\\\/en\\\/evening-classes-creative-movement-and-improvisation-with-ariana-pirela-sanchez\\\/#primaryimage\"},\"image\":{\"@id\":\"https:\\\/\\\/www.studio303.ca\\\/en\\\/evening-classes-creative-movement-and-improvisation-with-ariana-pirela-sanchez\\\/#primaryimage\"},\"thumbnailUrl\":\"https:\\\/\\\/www.studio303.ca\\\/wp-content\\\/uploads\\\/2020\\\/04\\\/Ariana_Pirela_Sanchez_320x240.jpg\",\"datePublished\":\"2020-08-28T13:12:29+00:00\",\"dateModified\":\"2021-01-19T18:15:34+00:00\",\"breadcrumb\":{\"@id\":\"https:\\\/\\\/www.studio303.ca\\\/en\\\/evening-classes-creative-movement-and-improvisation-with-ariana-pirela-sanchez\\\/#breadcrumb\"},\"inLanguage\":\"en-US\",\"potentialAction\":[{\"@type\":\"ReadAction\",\"target\":[\"https:\\\/\\\/www.studio303.ca\\\/en\\\/evening-classes-creative-movement-and-improvisation-with-ariana-pirela-sanchez\\\/\"]}]},{\"@type\":\"ImageObject\",\"inLanguage\":\"en-US\",\"@id\":\"https:\\\/\\\/www.studio303.ca\\\/en\\\/evening-classes-creative-movement-and-improvisation-with-ariana-pirela-sanchez\\\/#primaryimage\",\"url\":\"https:\\\/\\\/www.studio303.ca\\\/wp-content\\\/uploads\\\/2020\\\/04\\\/Ariana_Pirela_Sanchez_320x240.jpg\",\"contentUrl\":\"https:\\\/\\\/www.studio303.ca\\\/wp-content\\\/uploads\\\/2020\\\/04\\\/Ariana_Pirela_Sanchez_320x240.jpg\",\"width\":320,\"height\":240},{\"@type\":\"BreadcrumbList\",\"@id\":\"https:\\\/\\\/www.studio303.ca\\\/en\\\/evening-classes-creative-movement-and-improvisation-with-ariana-pirela-sanchez\\\/#breadcrumb\",\"itemListElement\":[{\"@type\":\"ListItem\",\"position\":1,\"name\":\"Home\",\"item\":\"https:\\\/\\\/www.studio303.ca\\\/en\\\/home\\\/\"},{\"@type\":\"ListItem\",\"position\":2,\"name\":\"EVENING CLASSES \\\/ CREATIVE MOVEMENT AND IMPROVISATION WITH ARIANA PIRELA S\u00c1NCHEZ\"}]},{\"@type\":\"WebSite\",\"@id\":\"https:\\\/\\\/www.studio303.ca\\\/#website\",\"url\":\"https:\\\/\\\/www.studio303.ca\\\/\",\"name\":\"Studio 303\",\"description\":\"Lieu de diffusion et de soutien pour la danse et l&#039;art indisciplin\u00e9 \u00e0 Montr\u00e9al.\",\"publisher\":{\"@id\":\"https:\\\/\\\/www.studio303.ca\\\/#organization\"},\"potentialAction\":[{\"@type\":\"SearchAction\",\"target\":{\"@type\":\"EntryPoint\",\"urlTemplate\":\"https:\\\/\\\/www.studio303.ca\\\/?s={search_term_string}\"},\"query-input\":{\"@type\":\"PropertyValueSpecification\",\"valueRequired\":true,\"valueName\":\"search_term_string\"}}],\"inLanguage\":\"en-US\"},{\"@type\":\"Organization\",\"@id\":\"https:\\\/\\\/www.studio303.ca\\\/#organization\",\"name\":\"Studio 303\",\"url\":\"https:\\\/\\\/www.studio303.ca\\\/\",\"logo\":{\"@type\":\"ImageObject\",\"inLanguage\":\"en-US\",\"@id\":\"https:\\\/\\\/www.studio303.ca\\\/#\\\/schema\\\/logo\\\/image\\\/\",\"url\":\"https:\\\/\\\/www.studio303.ca\\\/wp-content\\\/uploads\\\/2025\\\/08\\\/studio303-logo_black-c2586d.svg\",\"contentUrl\":\"https:\\\/\\\/www.studio303.ca\\\/wp-content\\\/uploads\\\/2025\\\/08\\\/studio303-logo_black-c2586d.svg\",\"caption\":\"Studio 303\"},\"image\":{\"@id\":\"https:\\\/\\\/www.studio303.ca\\\/#\\\/schema\\\/logo\\\/image\\\/\"},\"sameAs\":[\"https:\\\/\\\/www.facebook.com\\\/studio303.montreal\",\"http:\\\/\\\/instagram.com\\\/studio303\"]}]}<\/script>\n<!-- \/ Yoast SEO plugin. -->","yoast_head_json":{"title":"EVENING CLASSES \/ CREATIVE MOVEMENT AND IMPROVISATION WITH ARIANA PIRELA S\u00c1NCHEZ - Studio 303","robots":{"index":"index","follow":"follow","max-snippet":"max-snippet:-1","max-image-preview":"max-image-preview:large","max-video-preview":"max-video-preview:-1"},"canonical":"https:\/\/www.studio303.ca\/en\/evening-classes-creative-movement-and-improvisation-with-ariana-pirela-sanchez\/","og_locale":"en_US","og_type":"article","og_title":"EVENING CLASSES \/ CREATIVE MOVEMENT AND IMPROVISATION WITH ARIANA PIRELA S\u00c1NCHEZ - Studio 303","og_description":"WEDNESDAY 5:30 p.m. \u2013 6:45 p.m. Winter: January 20th to March 31st, 2021 (11 classes) Online due to current restrictions&nbsp; &#8211; contact Ariana for more details$15 per classPayment by e-transfer recommended&nbsp;(or cash)ariana.psanchez@gmail.com \/ Bilingual teacher By registering for an evening class, you agree to cancel your participation if you have symptoms or suspect you may [&hellip;]","og_url":"https:\/\/www.studio303.ca\/en\/evening-classes-creative-movement-and-improvisation-with-ariana-pirela-sanchez\/","og_site_name":"Studio 303","article_publisher":"https:\/\/www.facebook.com\/studio303.montreal","article_modified_time":"2021-01-19T18:15:34+00:00","og_image":[{"width":320,"height":240,"url":"https:\/\/www.studio303.ca\/wp-content\/uploads\/2020\/04\/Ariana_Pirela_Sanchez_320x240.jpg","type":"image\/jpeg"}],"twitter_card":"summary_large_image","twitter_misc":{"Est. reading time":"2 minutes"},"schema":{"@context":"https:\/\/schema.org","@graph":[{"@type":"WebPage","@id":"https:\/\/www.studio303.ca\/en\/evening-classes-creative-movement-and-improvisation-with-ariana-pirela-sanchez\/","url":"https:\/\/www.studio303.ca\/en\/evening-classes-creative-movement-and-improvisation-with-ariana-pirela-sanchez\/","name":"EVENING CLASSES \/ CREATIVE MOVEMENT AND IMPROVISATION WITH ARIANA PIRELA S\u00c1NCHEZ - Studio 303","isPartOf":{"@id":"https:\/\/www.studio303.ca\/#website"},"primaryImageOfPage":{"@id":"https:\/\/www.studio303.ca\/en\/evening-classes-creative-movement-and-improvisation-with-ariana-pirela-sanchez\/#primaryimage"},"image":{"@id":"https:\/\/www.studio303.ca\/en\/evening-classes-creative-movement-and-improvisation-with-ariana-pirela-sanchez\/#primaryimage"},"thumbnailUrl":"https:\/\/www.studio303.ca\/wp-content\/uploads\/2020\/04\/Ariana_Pirela_Sanchez_320x240.jpg","datePublished":"2020-08-28T13:12:29+00:00","dateModified":"2021-01-19T18:15:34+00:00","breadcrumb":{"@id":"https:\/\/www.studio303.ca\/en\/evening-classes-creative-movement-and-improvisation-with-ariana-pirela-sanchez\/#breadcrumb"},"inLanguage":"en-US","potentialAction":[{"@type":"ReadAction","target":["https:\/\/www.studio303.ca\/en\/evening-classes-creative-movement-and-improvisation-with-ariana-pirela-sanchez\/"]}]},{"@type":"ImageObject","inLanguage":"en-US","@id":"https:\/\/www.studio303.ca\/en\/evening-classes-creative-movement-and-improvisation-with-ariana-pirela-sanchez\/#primaryimage","url":"https:\/\/www.studio303.ca\/wp-content\/uploads\/2020\/04\/Ariana_Pirela_Sanchez_320x240.jpg","contentUrl":"https:\/\/www.studio303.ca\/wp-content\/uploads\/2020\/04\/Ariana_Pirela_Sanchez_320x240.jpg","width":320,"height":240},{"@type":"BreadcrumbList","@id":"https:\/\/www.studio303.ca\/en\/evening-classes-creative-movement-and-improvisation-with-ariana-pirela-sanchez\/#breadcrumb","itemListElement":[{"@type":"ListItem","position":1,"name":"Home","item":"https:\/\/www.studio303.ca\/en\/home\/"},{"@type":"ListItem","position":2,"name":"EVENING CLASSES \/ CREATIVE MOVEMENT AND IMPROVISATION WITH ARIANA PIRELA S\u00c1NCHEZ"}]},{"@type":"WebSite","@id":"https:\/\/www.studio303.ca\/#website","url":"https:\/\/www.studio303.ca\/","name":"Studio 303","description":"Lieu de diffusion et de soutien pour la danse et l&#039;art indisciplin\u00e9 \u00e0 Montr\u00e9al.","publisher":{"@id":"https:\/\/www.studio303.ca\/#organization"},"potentialAction":[{"@type":"SearchAction","target":{"@type":"EntryPoint","urlTemplate":"https:\/\/www.studio303.ca\/?s={search_term_string}"},"query-input":{"@type":"PropertyValueSpecification","valueRequired":true,"valueName":"search_term_string"}}],"inLanguage":"en-US"},{"@type":"Organization","@id":"https:\/\/www.studio303.ca\/#organization","name":"Studio 303","url":"https:\/\/www.studio303.ca\/","logo":{"@type":"ImageObject","inLanguage":"en-US","@id":"https:\/\/www.studio303.ca\/#\/schema\/logo\/image\/","url":"https:\/\/www.studio303.ca\/wp-content\/uploads\/2025\/08\/studio303-logo_black-c2586d.svg","contentUrl":"https:\/\/www.studio303.ca\/wp-content\/uploads\/2025\/08\/studio303-logo_black-c2586d.svg","caption":"Studio 303"},"image":{"@id":"https:\/\/www.studio303.ca\/#\/schema\/logo\/image\/"},"sameAs":["https:\/\/www.facebook.com\/studio303.montreal","http:\/\/instagram.com\/studio303"]}]}},"_links":{"self":[{"href":"https:\/\/www.studio303.ca\/en\/wp-json\/wp\/v2\/pages\/8656","targetHints":{"allow":["GET"]}}],"collection":[{"href":"https:\/\/www.studio303.ca\/en\/wp-json\/wp\/v2\/pages"}],"about":[{"href":"https:\/\/www.studio303.ca\/en\/wp-json\/wp\/v2\/types\/page"}],"author":[{"embeddable":true,"href":"https:\/\/www.studio303.ca\/en\/wp-json\/wp\/v2\/users\/2"}],"replies":[{"embeddable":true,"href":"https:\/\/www.studio303.ca\/en\/wp-json\/wp\/v2\/comments?post=8656"}],"version-history":[{"count":21,"href":"https:\/\/www.studio303.ca\/en\/wp-json\/wp\/v2\/pages\/8656\/revisions"}],"predecessor-version":[{"id":9857,"href":"https:\/\/www.studio303.ca\/en\/wp-json\/wp\/v2\/pages\/8656\/revisions\/9857"}],"wp:featuredmedia":[{"embeddable":true,"href":"https:\/\/www.studio303.ca\/en\/wp-json\/wp\/v2\/media\/6915"}],"wp:attachment":[{"href":"https:\/\/www.studio303.ca\/en\/wp-json\/wp\/v2\/media?parent=8656"}],"curies":[{"name":"wp","href":"https:\/\/api.w.org\/{rel}","templated":true}]}}